{"id":398626,"date":"2024-05-27T12:25:38","date_gmt":"2024-05-27T11:25:38","guid":{"rendered":"https:\/\/www.purejewels.com\/?post_type=product&#038;p=398626"},"modified":"2026-02-09T13:07:30","modified_gmt":"2026-02-09T13:07:30","slug":"kadinlar-icin-rodyum-kaplamali-22-ayar-altin-cift-sira-cz-halka-kupe-2","status":"publish","type":"product","link":"https:\/\/www.purejewels.com\/tr\/product\/22ct-gold-twin-row-cz-hoop-earrings-with-rhodium-finish-for-women\/","title":{"rendered":"22ct Hoop \u00c7ift S\u0131ral\u0131 CZ K\u00fcpe"},"content":{"rendered":"<p data-start=\"702\" data-end=\"953\"><strong data-start=\"702\" data-end=\"721\">Tasar\u0131m Konsepti<\/strong><\/p>\n<p data-start=\"702\" data-end=\"953\">Zamans\u0131z kasna\u011f\u0131n \u00e7a\u011fda\u015f bir yorumu olan bu tasar\u0131m, \u00e7ift s\u0131ra parlakl\u0131\u011f\u0131yla ihti\u015fam\u0131 ikiye katl\u0131yor. \u015e\u0131k profil \u00e7ok y\u00f6nl\u00fcl\u00fck sa\u011flarken, CZ ta\u015flar\u0131n simetrik d\u00fczeni sofistike ve dengeli bir g\u00f6r\u00fcn\u00fcm sunar.<\/p>\n<p data-start=\"960\" data-end=\"1250\"><strong data-start=\"960\" data-end=\"978\">Zanaatkarl\u0131k<\/strong><\/p>\n<p data-start=\"960\" data-end=\"1250\">22 ayar sar\u0131 alt\u0131ndan hassasiyetle \u00fcretilen her bir k\u00fcbik zirkon ta\u015f, dayan\u0131kl\u0131l\u0131k ve kusursuz parlakl\u0131k i\u00e7in parlat\u0131lm\u0131\u015f bir kanala g\u00fcvenli bir \u015fekilde yerle\u015ftirilmi\u015ftir. Hafif ama \u0131\u015f\u0131lt\u0131l\u0131 olan bu halkalar, safl\u0131k ve \u00f6zg\u00fcnl\u00fc\u011f\u00fc garanti etmek \u00fczere Londra Assay Office taraf\u0131ndan tam damgalanm\u0131\u015ft\u0131r.<\/p>\n<p data-start=\"1257\" data-end=\"1277\"><strong data-start=\"1257\" data-end=\"1275\">Stil Fikirleri<\/strong><\/p>\n<ul>\n<li data-start=\"1280\" data-end=\"1323\">I\u015f\u0131lt\u0131l\u0131 bir g\u00fcnl\u00fck z\u0131mba olarak tek ba\u015f\u0131na giyin.<\/li>\n<li data-start=\"1326\" data-end=\"1391\">\u015e\u0131k ve uyumlu bir g\u00f6r\u00fcn\u00fcm i\u00e7in narin bir alt\u0131n kolye ile e\u015fle\u015ftirin.<\/li>\n<li data-start=\"1394\" data-end=\"1466\">CZ bileklik veya kokteyl y\u00fcz\u00fc\u011f\u00fc ile kombinleyerek gece k\u0131yafetlerini y\u00fckseltin.<\/li>\n<\/ul>","protected":false},"excerpt":{"rendered":"<p>\u00c7ift s\u0131ra \u0131\u015f\u0131lt\u0131l\u0131 k\u00fcbik zirkonya i\u00e7eren bu 22 Ayar Alt\u0131n Halka K\u00fcpelerle g\u00fcnl\u00fck g\u00f6r\u00fcn\u00fcm\u00fcn\u00fcze parlakl\u0131k kat\u0131n. \u015e\u0131k, zarif ve \u0131\u015f\u0131lt\u0131 dolu bu k\u00fcpeler, klasik halka stilini modern cazibeyle birle\u015ftirerek g\u00fcnd\u00fczden geceye kullan\u0131m i\u00e7in m\u00fckemmeldir.<\/p>\n<ul>\n<li><strong>Malzeme:<\/strong> 22 Ayar Alt\u0131n<\/li>\n<li><strong>Hallmark: <\/strong>\u0130ngiliz Damgas\u0131<\/li>\n<li><strong>Br\u00fct A\u011f\u0131rl\u0131k: <\/strong>2.27 Gms<\/li>\n<li><strong>SKU: <\/strong>51218, 52016<\/li>\n<\/ul>\n<p><strong><br \/>\nFiyat ve Teslimat: <\/strong>KDV ve teslimat \u00fccretleri dahil<\/p>\n<p><strong><a href=\"https:\/\/www.purejewels.com\/tr\/i%cc%87ade-poli%cc%87ti%cc%87kasi\/\">\u0130ade Politikas\u0131<\/a><\/strong><\/p>","protected":false},"featured_media":398630,"comment_status":"closed","ping_status":"closed","template":"","meta":{"_eb_attr":"","_crsspst_to_jayantr4sg-hostcom":false},"product_brand":[],"product_cat":[1793,1792,1790,1254,1229,1579,5343,5338,1573,1574,5349],"product_tag":[5933,5922,66],"class_list":{"0":"post-398626","1":"product","2":"type-product","3":"status-publish","4":"has-post-thumbnail","6":"product_cat-diwali-gifts","7":"product_cat-festival-gifts","8":"product_cat-for-whom-when","9":"product_cat-gold-earrings","10":"product_cat-22ct-gold-jewellery","11":"product_cat-hoop-earrings","12":"product_cat-jewellery-under-550","13":"product_cat-shop-by-price","14":"product_cat-wedding-gifts","15":"product_cat-womens-jewellery","16":"product_cat-yellow-gold-jewellery","17":"product_tag-22ct-gold","18":"product_tag-22ct-gold-earrings","19":"product_tag-earrings","21":"first","22":"instock","23":"taxable","24":"shipping-taxable","25":"purchasable","26":"product-type-simple","27":"add-to-wishlist-before_image"},"yoast_head":"<!-- This site is optimized with the Yoast SEO plugin v27.3 - https:\/\/yoast.com\/product\/yoast-seo-wordpress\/ -->\n<title>22ct Gold CZ Hoop Earrings | Sparkling Elegance | Online UK<\/title>\n<meta name=\"description\" content=\"Enhance your style with 22ct Gold Hoop Earrings, adorned with twin rows of CZ stones\u2014radiant design and timeless beauty from PureJewels UK.\" \/>\n<meta name=\"robots\" content=\"index, follow, max-snippet:-1, max-image-preview:large, max-video-preview:-1\" \/>\n<link rel=\"canonical\" href=\"https:\/\/www.purejewels.com\/tr\/urun\/kadinlar-icin-rodyum-kaplamali-22-ayar-altin-cift-sira-cz-halka-kupe-2\/\" \/>\n<meta property=\"og:locale\" content=\"tr_TR\" \/>\n<meta property=\"og:type\" content=\"article\" \/>\n<meta property=\"og:title\" content=\"22ct Gold CZ Hoop Earrings | Sparkling Elegance | Online UK\" \/>\n<meta property=\"og:description\" content=\"Enhance your style with 22ct Gold Hoop Earrings, adorned with twin rows of CZ stones\u2014radiant design and timeless beauty from PureJewels UK.\" \/>\n<meta property=\"og:url\" content=\"https:\/\/www.purejewels.com\/tr\/urun\/kadinlar-icin-rodyum-kaplamali-22-ayar-altin-cift-sira-cz-halka-kupe-2\/\" \/>\n<meta property=\"og:site_name\" content=\"PureJewels UK\" \/>\n<meta property=\"article:modified_time\" content=\"2026-02-09T13:07:30+00:00\" \/>\n<meta property=\"og:image\" content=\"https:\/\/static.purejewels.com\/wp-content\/uploads\/2025\/05\/SST381-01I2.png\" \/>\n\t<meta property=\"og:image:width\" content=\"1000\" \/>\n\t<meta property=\"og:image:height\" content=\"1000\" \/>\n\t<meta property=\"og:image:type\" content=\"image\/png\" \/>\n<meta name=\"twitter:card\" content=\"summary_large_image\" \/>\n<meta name=\"twitter:label1\" content=\"Tahmini okuma s\u00fcresi\" \/>\n\t<meta name=\"twitter:data1\" content=\"1 dakika\" \/>\n<script type=\"application\/ld+json\" class=\"yoast-schema-graph\">{\"@context\":\"https:\\\/\\\/schema.org\",\"@graph\":[{\"@type\":[\"WebPage\",\"ItemPage\"],\"@id\":\"https:\\\/\\\/www.purejewels.com\\\/product\\\/22ct-gold-twin-row-cz-hoop-earrings-with-rhodium-finish-for-women\\\/\",\"url\":\"https:\\\/\\\/www.purejewels.com\\\/product\\\/22ct-gold-twin-row-cz-hoop-earrings-with-rhodium-finish-for-women\\\/\",\"name\":\"22ct Gold CZ Hoop Earrings | Sparkling Elegance | Online UK\",\"isPartOf\":{\"@id\":\"https:\\\/\\\/www.purejewels.com\\\/#website\"},\"primaryImageOfPage\":{\"@id\":\"https:\\\/\\\/www.purejewels.com\\\/product\\\/22ct-gold-twin-row-cz-hoop-earrings-with-rhodium-finish-for-women\\\/#primaryimage\"},\"image\":{\"@id\":\"https:\\\/\\\/www.purejewels.com\\\/product\\\/22ct-gold-twin-row-cz-hoop-earrings-with-rhodium-finish-for-women\\\/#primaryimage\"},\"thumbnailUrl\":\"https:\\\/\\\/static.purejewels.com\\\/wp-content\\\/uploads\\\/2025\\\/05\\\/SST381-01I2.png\",\"datePublished\":\"2024-05-27T11:25:38+00:00\",\"dateModified\":\"2026-02-09T13:07:30+00:00\",\"description\":\"Enhance your style with 22ct Gold Hoop Earrings, adorned with twin rows of CZ stones\u2014radiant design and timeless beauty from PureJewels UK.\",\"breadcrumb\":{\"@id\":\"https:\\\/\\\/www.purejewels.com\\\/product\\\/22ct-gold-twin-row-cz-hoop-earrings-with-rhodium-finish-for-women\\\/#breadcrumb\"},\"inLanguage\":\"tr\",\"potentialAction\":[{\"@type\":\"ReadAction\",\"target\":[\"https:\\\/\\\/www.purejewels.com\\\/product\\\/22ct-gold-twin-row-cz-hoop-earrings-with-rhodium-finish-for-women\\\/\"]}]},{\"@type\":\"ImageObject\",\"inLanguage\":\"tr\",\"@id\":\"https:\\\/\\\/www.purejewels.com\\\/product\\\/22ct-gold-twin-row-cz-hoop-earrings-with-rhodium-finish-for-women\\\/#primaryimage\",\"url\":\"https:\\\/\\\/static.purejewels.com\\\/wp-content\\\/uploads\\\/2025\\\/05\\\/SST381-01I2.png\",\"contentUrl\":\"https:\\\/\\\/static.purejewels.com\\\/wp-content\\\/uploads\\\/2025\\\/05\\\/SST381-01I2.png\",\"width\":1000,\"height\":1000},{\"@type\":\"BreadcrumbList\",\"@id\":\"https:\\\/\\\/www.purejewels.com\\\/product\\\/22ct-gold-twin-row-cz-hoop-earrings-with-rhodium-finish-for-women\\\/#breadcrumb\",\"itemListElement\":[{\"@type\":\"ListItem\",\"position\":1,\"name\":\"Home\",\"item\":\"https:\\\/\\\/www.purejewels.com\\\/\"},{\"@type\":\"ListItem\",\"position\":2,\"name\":\"Shop\",\"item\":\"https:\\\/\\\/www.purejewels.com\\\/shop\\\/\"},{\"@type\":\"ListItem\",\"position\":3,\"name\":\"22ct Hoop Twin Row CZ Earrings\"}]},{\"@type\":\"WebSite\",\"@id\":\"https:\\\/\\\/www.purejewels.com\\\/#website\",\"url\":\"https:\\\/\\\/www.purejewels.com\\\/\",\"name\":\"PureJewels UK\",\"description\":\"Share the Love\",\"publisher\":{\"@id\":\"https:\\\/\\\/www.purejewels.com\\\/#organization\"},\"potentialAction\":[{\"@type\":\"SearchAction\",\"target\":{\"@type\":\"EntryPoint\",\"urlTemplate\":\"https:\\\/\\\/www.purejewels.com\\\/?s={search_term_string}\"},\"query-input\":{\"@type\":\"PropertyValueSpecification\",\"valueRequired\":true,\"valueName\":\"search_term_string\"}}],\"inLanguage\":\"tr\"},{\"@type\":\"Organization\",\"@id\":\"https:\\\/\\\/www.purejewels.com\\\/#organization\",\"name\":\"PureJewels UK\",\"url\":\"https:\\\/\\\/www.purejewels.com\\\/\",\"logo\":{\"@type\":\"ImageObject\",\"inLanguage\":\"tr\",\"@id\":\"https:\\\/\\\/www.purejewels.com\\\/#\\\/schema\\\/logo\\\/image\\\/\",\"url\":\"https:\\\/\\\/static.purejewels.com\\\/wp-content\\\/uploads\\\/2020\\\/11\\\/Logo-PJ-New-1.png\",\"contentUrl\":\"https:\\\/\\\/static.purejewels.com\\\/wp-content\\\/uploads\\\/2020\\\/11\\\/Logo-PJ-New-1.png\",\"width\":150,\"height\":80,\"caption\":\"PureJewels UK\"},\"image\":{\"@id\":\"https:\\\/\\\/www.purejewels.com\\\/#\\\/schema\\\/logo\\\/image\\\/\"}}]}<\/script>\n<!-- \/ Yoast SEO plugin. -->","yoast_head_json":{"title":"22 Ayar Alt\u0131n CZ Halka K\u00fcpe | Sparkling Elegance | Online UK","description":"PureJewels UK'nin \u0131\u015f\u0131lt\u0131l\u0131 tasar\u0131m\u0131 ve zamans\u0131z g\u00fczelli\u011fi ile \u00e7ift s\u0131ra CZ ta\u015flarla s\u00fcslenmi\u015f 22 Ayar Alt\u0131n Halka K\u00fcpeler ile tarz\u0131n\u0131z\u0131 geli\u015ftirin.","robots":{"index":"index","follow":"follow","max-snippet":"max-snippet:-1","max-image-preview":"max-image-preview:large","max-video-preview":"max-video-preview:-1"},"canonical":"https:\/\/www.purejewels.com\/tr\/urun\/kadinlar-icin-rodyum-kaplamali-22-ayar-altin-cift-sira-cz-halka-kupe-2\/","og_locale":"tr_TR","og_type":"article","og_title":"22ct Gold CZ Hoop Earrings | Sparkling Elegance | Online UK","og_description":"Enhance your style with 22ct Gold Hoop Earrings, adorned with twin rows of CZ stones\u2014radiant design and timeless beauty from PureJewels UK.","og_url":"https:\/\/www.purejewels.com\/tr\/urun\/kadinlar-icin-rodyum-kaplamali-22-ayar-altin-cift-sira-cz-halka-kupe-2\/","og_site_name":"PureJewels UK","article_modified_time":"2026-02-09T13:07:30+00:00","og_image":[{"width":1000,"height":1000,"url":"https:\/\/static.purejewels.com\/wp-content\/uploads\/2025\/05\/SST381-01I2.png","type":"image\/png"}],"twitter_card":"summary_large_image","twitter_misc":{"Tahmini okuma s\u00fcresi":"1 dakika"},"schema":{"@context":"https:\/\/schema.org","@graph":[{"@type":["WebPage","ItemPage"],"@id":"https:\/\/www.purejewels.com\/product\/22ct-gold-twin-row-cz-hoop-earrings-with-rhodium-finish-for-women\/","url":"https:\/\/www.purejewels.com\/product\/22ct-gold-twin-row-cz-hoop-earrings-with-rhodium-finish-for-women\/","name":"22 Ayar Alt\u0131n CZ Halka K\u00fcpe | Sparkling Elegance | Online UK","isPartOf":{"@id":"https:\/\/www.purejewels.com\/#website"},"primaryImageOfPage":{"@id":"https:\/\/www.purejewels.com\/product\/22ct-gold-twin-row-cz-hoop-earrings-with-rhodium-finish-for-women\/#primaryimage"},"image":{"@id":"https:\/\/www.purejewels.com\/product\/22ct-gold-twin-row-cz-hoop-earrings-with-rhodium-finish-for-women\/#primaryimage"},"thumbnailUrl":"https:\/\/static.purejewels.com\/wp-content\/uploads\/2025\/05\/SST381-01I2.png","datePublished":"2024-05-27T11:25:38+00:00","dateModified":"2026-02-09T13:07:30+00:00","description":"PureJewels UK'nin \u0131\u015f\u0131lt\u0131l\u0131 tasar\u0131m\u0131 ve zamans\u0131z g\u00fczelli\u011fi ile \u00e7ift s\u0131ra CZ ta\u015flarla s\u00fcslenmi\u015f 22 Ayar Alt\u0131n Halka K\u00fcpeler ile tarz\u0131n\u0131z\u0131 geli\u015ftirin.","breadcrumb":{"@id":"https:\/\/www.purejewels.com\/product\/22ct-gold-twin-row-cz-hoop-earrings-with-rhodium-finish-for-women\/#breadcrumb"},"inLanguage":"tr","potentialAction":[{"@type":"ReadAction","target":["https:\/\/www.purejewels.com\/product\/22ct-gold-twin-row-cz-hoop-earrings-with-rhodium-finish-for-women\/"]}]},{"@type":"ImageObject","inLanguage":"tr","@id":"https:\/\/www.purejewels.com\/product\/22ct-gold-twin-row-cz-hoop-earrings-with-rhodium-finish-for-women\/#primaryimage","url":"https:\/\/static.purejewels.com\/wp-content\/uploads\/2025\/05\/SST381-01I2.png","contentUrl":"https:\/\/static.purejewels.com\/wp-content\/uploads\/2025\/05\/SST381-01I2.png","width":1000,"height":1000},{"@type":"BreadcrumbList","@id":"https:\/\/www.purejewels.com\/product\/22ct-gold-twin-row-cz-hoop-earrings-with-rhodium-finish-for-women\/#breadcrumb","itemListElement":[{"@type":"ListItem","position":1,"name":"Home","item":"https:\/\/www.purejewels.com\/"},{"@type":"ListItem","position":2,"name":"Shop","item":"https:\/\/www.purejewels.com\/shop\/"},{"@type":"ListItem","position":3,"name":"22ct Hoop Twin Row CZ Earrings"}]},{"@type":"WebSite","@id":"https:\/\/www.purejewels.com\/#website","url":"https:\/\/www.purejewels.com\/","name":"PureJewels \u0130ngiltere","description":"Sevgiyi Payla\u015f\u0131n","publisher":{"@id":"https:\/\/www.purejewels.com\/#organization"},"potentialAction":[{"@type":"SearchAction","target":{"@type":"EntryPoint","urlTemplate":"https:\/\/www.purejewels.com\/?s={search_term_string}"},"query-input":{"@type":"PropertyValueSpecification","valueRequired":true,"valueName":"search_term_string"}}],"inLanguage":"tr"},{"@type":"Organization","@id":"https:\/\/www.purejewels.com\/#organization","name":"PureJewels \u0130ngiltere","url":"https:\/\/www.purejewels.com\/","logo":{"@type":"ImageObject","inLanguage":"tr","@id":"https:\/\/www.purejewels.com\/#\/schema\/logo\/image\/","url":"https:\/\/static.purejewels.com\/wp-content\/uploads\/2020\/11\/Logo-PJ-New-1.png","contentUrl":"https:\/\/static.purejewels.com\/wp-content\/uploads\/2020\/11\/Logo-PJ-New-1.png","width":150,"height":80,"caption":"PureJewels UK"},"image":{"@id":"https:\/\/www.purejewels.com\/#\/schema\/logo\/image\/"}}]}},"_links":{"self":[{"href":"https:\/\/www.purejewels.com\/tr\/wp-json\/wp\/v2\/product\/398626","targetHints":{"allow":["GET"]}}],"collection":[{"href":"https:\/\/www.purejewels.com\/tr\/wp-json\/wp\/v2\/product"}],"about":[{"href":"https:\/\/www.purejewels.com\/tr\/wp-json\/wp\/v2\/types\/product"}],"replies":[{"embeddable":true,"href":"https:\/\/www.purejewels.com\/tr\/wp-json\/wp\/v2\/comments?post=398626"}],"version-history":[{"count":5,"href":"https:\/\/www.purejewels.com\/tr\/wp-json\/wp\/v2\/product\/398626\/revisions"}],"predecessor-version":[{"id":419056,"href":"https:\/\/www.purejewels.com\/tr\/wp-json\/wp\/v2\/product\/398626\/revisions\/419056"}],"wp:featuredmedia":[{"embeddable":true,"href":"https:\/\/www.purejewels.com\/tr\/wp-json\/wp\/v2\/media\/398630"}],"wp:attachment":[{"href":"https:\/\/www.purejewels.com\/tr\/wp-json\/wp\/v2\/media?parent=398626"}],"wp:term":[{"taxonomy":"product_brand","embeddable":true,"href":"https:\/\/www.purejewels.com\/tr\/wp-json\/wp\/v2\/product_brand?post=398626"},{"taxonomy":"product_cat","embeddable":true,"href":"https:\/\/www.purejewels.com\/tr\/wp-json\/wp\/v2\/product_cat?post=398626"},{"taxonomy":"product_tag","embeddable":true,"href":"https:\/\/www.purejewels.com\/tr\/wp-json\/wp\/v2\/product_tag?post=398626"}],"curies":[{"name":"wp","href":"https:\/\/api.w.org\/{rel}","templated":true}]}}