{"id":398655,"date":"2024-05-27T13:46:09","date_gmt":"2024-05-27T12:46:09","guid":{"rendered":"https:\/\/www.purejewels.com\/?post_type=product&#038;p=398655"},"modified":"2026-01-06T05:08:56","modified_gmt":"2026-01-06T05:08:56","slug":"kadinlar-icin-rodyum-kaplamali-22-ayar-altin-cz-cift-sira-halka-kupe","status":"publish","type":"product","link":"https:\/\/www.purejewels.com\/tr\/product\/22ct-gold-cz-twin-row-hoop-earrings-with-rhodium-finish-for-women\/","title":{"rendered":"22 Ayar Alt\u0131n CZ \u00c7ift S\u0131ral\u0131 Halka K\u00fcpe"},"content":{"rendered":"<p data-start=\"580\" data-end=\"995\"><strong data-start=\"580\" data-end=\"598\">Tasar\u0131m Konsepti<\/strong><\/p>\n<p data-start=\"580\" data-end=\"995\">Klasik halka k\u00fcpelerin kal\u0131c\u0131 zarafetinden ilham alan bu tasar\u0131m, \u0131\u015f\u0131\u011f\u0131 yakalayan parlakl\u0131\u011fa sahip ikiz bantlarla gelene\u011fi yeniden tasarl\u0131yor. \u00c7ift s\u0131ra k\u00fcbik zirkon, serpme elmaslar\u0131n g\u00f6r\u00fcn\u00fcm\u00fcn\u00fc taklit ederek zenginlik ve \u00f6l\u00e7\u00fcl\u00fcl\u00fc\u011f\u00fcn zarif bir dengesini sunuyor. Zengin 22 ayar alt\u0131ndan \u015fekillendirilen tasar\u0131m, ak\u0131\u015fkanl\u0131\u011f\u0131 ve \u0131\u015f\u0131\u011f\u0131 \u00e7a\u011fr\u0131\u015ft\u0131r\u0131r; miras formlara sevgi duyan modern zevkler i\u00e7in m\u00fckemmel bir se\u00e7imdir.<\/p>\n<p data-start=\"1002\" data-end=\"1431\"><strong data-start=\"1002\" data-end=\"1019\">Zanaatkarl\u0131k<\/strong><\/p>\n<p data-start=\"1002\" data-end=\"1431\">22 ayar sar\u0131 alt\u0131ndan ustal\u0131kla \u00fcretilen her bir halka, derinlik ve boyutu art\u0131ran iki s\u0131ral\u0131 bir formasyonda hassas ayarl\u0131 k\u00fcbik zirkonya i\u00e7erir. Ta\u015flar p\u0131rlanta benzeri berrakl\u0131klar\u0131 ve parlakl\u0131klar\u0131 i\u00e7in \u00f6zenle se\u00e7ilmi\u015ftir ve s\u00fcrekli bir \u0131\u015f\u0131lt\u0131 yaratmak i\u00e7in kusursuz bir \u015fekilde yerle\u015ftirilmi\u015ftir. Hafif ve dengeli olan halkalar, zahmetsiz kullan\u0131m ve g\u00fcvenli uyum i\u00e7in p\u00fcr\u00fczs\u00fcz mente\u015feli bir toka ile tamamlanm\u0131\u015ft\u0131r; g\u00fcnl\u00fck l\u00fcks i\u00e7in idealdir.<\/p>\n<p data-start=\"1438\" data-end=\"1872\"><strong data-start=\"1438\" data-end=\"1455\">Stil Fikirleri<\/strong><\/p>\n<p data-start=\"1438\" data-end=\"1872\">Bu halkalar hem g\u00fcnd\u00fcz hem de ak\u015fam g\u00f6r\u00fcn\u00fcmlerine zarif bir \u0131\u015f\u0131lt\u0131 katar. G\u00f6steri\u015fli bir ifade i\u00e7in \u00f6zel dikim i\u015f k\u0131yafetleriyle veya abart\u0131s\u0131z bir bayram \u015f\u0131kl\u0131\u011f\u0131 i\u00e7in yumu\u015fak ipek bir kurti veya sari ile e\u015fle\u015ftirin. Orta boy profilleri ayn\u0131 zamanda p\u0131rlanta bir burun k\u00fcpesi veya alt\u0131n bir kolye ucu ile g\u00fczel bir uyum sa\u011flayarak modern gard\u0131roplar i\u00e7in \u00e7ok y\u00f6nl\u00fc bir stil sunar. \u0130ster hediye edilsin ister ki\u015finin kendisi i\u00e7in se\u00e7ilsin, her duruma zamans\u0131z bir \u00e7ekicilik katar.<\/p>","protected":false},"excerpt":{"rendered":"<p>Sade bir parlakl\u0131k yans\u0131tan bu 22 ayar alt\u0131n halka k\u00fcpeler, zamans\u0131z tasar\u0131m\u0131 \u00e7a\u011fda\u015f bir bak\u0131\u015f a\u00e7\u0131s\u0131yla yakalayan \u00e7ift s\u0131ra \u0131\u015f\u0131lt\u0131l\u0131 k\u00fcbik zirkonya ile s\u00fcslenmi\u015ftir. Hafif ama \u0131\u015f\u0131lt\u0131l\u0131 olan bu k\u00fcpeler, g\u00fcnl\u00fck zarafet veya kutlama \u0131\u015f\u0131lt\u0131s\u0131 i\u00e7in zarif bir yol arkada\u015f\u0131d\u0131r.<\/p>\n<ul>\n<li><strong>Malzeme:<\/strong> 22 Ayar Alt\u0131n<\/li>\n<li><strong>Hallmark: <\/strong>\u0130ngiliz Damgas\u0131<\/li>\n<li><strong>Br\u00fct A\u011f\u0131rl\u0131k: <\/strong>1,5 Gms<\/li>\n<li><strong>SKU: <\/strong>51219<\/li>\n<\/ul>\n<p><strong><br \/>\nFiyat ve Teslimat: <\/strong>KDV ve teslimat \u00fccretleri dahil<\/p>\n<p><strong><a href=\"https:\/\/www.purejewels.com\/tr\/i%cc%87ade-poli%cc%87ti%cc%87kasi\/\">\u0130ade Politikas\u0131<\/a><\/strong><\/p>","protected":false},"featured_media":398658,"comment_status":"closed","ping_status":"closed","template":"","meta":{"_eb_attr":"","_crsspst_to_jayantr4sg-hostcom":true},"product_brand":[],"product_cat":[1793,1792,1790,1254,1229,1579,5342,1573,1574,5349],"product_tag":[5933,5922,66],"class_list":{"0":"post-398655","1":"product","2":"type-product","3":"status-publish","4":"has-post-thumbnail","6":"product_cat-diwali-gifts","7":"product_cat-festival-gifts","8":"product_cat-for-whom-when","9":"product_cat-gold-earrings","10":"product_cat-22ct-gold-jewellery","11":"product_cat-hoop-earrings","12":"product_cat-jewellery-under-250","13":"product_cat-wedding-gifts","14":"product_cat-womens-jewellery","15":"product_cat-yellow-gold-jewellery","16":"product_tag-22ct-gold","17":"product_tag-22ct-gold-earrings","18":"product_tag-earrings","20":"first","21":"outofstock","22":"taxable","23":"shipping-taxable","24":"product-type-simple","25":"add-to-wishlist-before_image"},"yoast_head":"<!-- This site is optimized with the Yoast SEO plugin v27.5 - https:\/\/yoast.com\/product\/yoast-seo-wordpress\/ -->\n<title>Shop Twin Row CZ Hoop Earrings in 22ct Gold | PureJewels UK<\/title>\n<meta name=\"description\" content=\"Add sparkle to your look with 22ct Gold Twin Row CZ Hoop Earrings\u2014crafted for brilliance, comfort, and timeless charm at PureJewels UK.\" \/>\n<meta name=\"robots\" content=\"index, follow, max-snippet:-1, max-image-preview:large, max-video-preview:-1\" \/>\n<link rel=\"canonical\" href=\"https:\/\/www.purejewels.com\/tr\/urun\/kadinlar-icin-rodyum-kaplamali-22-ayar-altin-cz-cift-sira-halka-kupe\/\" \/>\n<meta property=\"og:locale\" content=\"tr_TR\" \/>\n<meta property=\"og:type\" content=\"article\" \/>\n<meta property=\"og:title\" content=\"Shop Twin Row CZ Hoop Earrings in 22ct Gold | PureJewels UK\" \/>\n<meta property=\"og:description\" content=\"Add sparkle to your look with 22ct Gold Twin Row CZ Hoop Earrings\u2014crafted for brilliance, comfort, and timeless charm at PureJewels UK.\" \/>\n<meta property=\"og:url\" content=\"https:\/\/www.purejewels.com\/tr\/urun\/kadinlar-icin-rodyum-kaplamali-22-ayar-altin-cz-cift-sira-halka-kupe\/\" \/>\n<meta property=\"og:site_name\" content=\"PureJewels UK\" \/>\n<meta property=\"article:modified_time\" content=\"2026-01-06T05:08:56+00:00\" \/>\n<meta property=\"og:image\" content=\"https:\/\/www.purejewels.com\/wp-content\/uploads\/2025\/05\/SST381-01I3.png\" \/>\n\t<meta property=\"og:image:width\" content=\"1000\" \/>\n\t<meta property=\"og:image:height\" content=\"1000\" \/>\n\t<meta property=\"og:image:type\" content=\"image\/png\" \/>\n<meta name=\"twitter:card\" content=\"summary_large_image\" \/>\n<meta name=\"twitter:label1\" content=\"Tahmini okuma s\u00fcresi\" \/>\n\t<meta name=\"twitter:data1\" content=\"1 dakika\" \/>\n<script type=\"application\/ld+json\" class=\"yoast-schema-graph\">{\"@context\":\"https:\\\/\\\/schema.org\",\"@graph\":[{\"@type\":[\"WebPage\",\"ItemPage\"],\"@id\":\"https:\\\/\\\/www.purejewels.com\\\/product\\\/22ct-gold-cz-twin-row-hoop-earrings-with-rhodium-finish-for-women\\\/\",\"url\":\"https:\\\/\\\/www.purejewels.com\\\/product\\\/22ct-gold-cz-twin-row-hoop-earrings-with-rhodium-finish-for-women\\\/\",\"name\":\"Shop Twin Row CZ Hoop Earrings in 22ct Gold | PureJewels UK\",\"isPartOf\":{\"@id\":\"https:\\\/\\\/www.purejewels.com\\\/#website\"},\"primaryImageOfPage\":{\"@id\":\"https:\\\/\\\/www.purejewels.com\\\/product\\\/22ct-gold-cz-twin-row-hoop-earrings-with-rhodium-finish-for-women\\\/#primaryimage\"},\"image\":{\"@id\":\"https:\\\/\\\/www.purejewels.com\\\/product\\\/22ct-gold-cz-twin-row-hoop-earrings-with-rhodium-finish-for-women\\\/#primaryimage\"},\"thumbnailUrl\":\"https:\\\/\\\/static.purejewels.com\\\/wp-content\\\/uploads\\\/2025\\\/05\\\/SST381-01I3.png\",\"datePublished\":\"2024-05-27T12:46:09+00:00\",\"dateModified\":\"2026-01-06T05:08:56+00:00\",\"description\":\"Add sparkle to your look with 22ct Gold Twin Row CZ Hoop Earrings\u2014crafted for brilliance, comfort, and timeless charm at PureJewels UK.\",\"breadcrumb\":{\"@id\":\"https:\\\/\\\/www.purejewels.com\\\/product\\\/22ct-gold-cz-twin-row-hoop-earrings-with-rhodium-finish-for-women\\\/#breadcrumb\"},\"inLanguage\":\"tr\",\"potentialAction\":[{\"@type\":\"ReadAction\",\"target\":[\"https:\\\/\\\/www.purejewels.com\\\/product\\\/22ct-gold-cz-twin-row-hoop-earrings-with-rhodium-finish-for-women\\\/\"]}]},{\"@type\":\"ImageObject\",\"inLanguage\":\"tr\",\"@id\":\"https:\\\/\\\/www.purejewels.com\\\/product\\\/22ct-gold-cz-twin-row-hoop-earrings-with-rhodium-finish-for-women\\\/#primaryimage\",\"url\":\"https:\\\/\\\/static.purejewels.com\\\/wp-content\\\/uploads\\\/2025\\\/05\\\/SST381-01I3.png\",\"contentUrl\":\"https:\\\/\\\/static.purejewels.com\\\/wp-content\\\/uploads\\\/2025\\\/05\\\/SST381-01I3.png\",\"width\":1000,\"height\":1000},{\"@type\":\"BreadcrumbList\",\"@id\":\"https:\\\/\\\/www.purejewels.com\\\/product\\\/22ct-gold-cz-twin-row-hoop-earrings-with-rhodium-finish-for-women\\\/#breadcrumb\",\"itemListElement\":[{\"@type\":\"ListItem\",\"position\":1,\"name\":\"Home\",\"item\":\"https:\\\/\\\/www.purejewels.com\\\/\"},{\"@type\":\"ListItem\",\"position\":2,\"name\":\"Shop\",\"item\":\"https:\\\/\\\/www.purejewels.com\\\/shop\\\/\"},{\"@type\":\"ListItem\",\"position\":3,\"name\":\"22ct Gold CZ Twin Row Hoop Earrings\"}]},{\"@type\":\"WebSite\",\"@id\":\"https:\\\/\\\/www.purejewels.com\\\/#website\",\"url\":\"https:\\\/\\\/www.purejewels.com\\\/\",\"name\":\"PureJewels UK\",\"description\":\"Share the Love\",\"publisher\":{\"@id\":\"https:\\\/\\\/www.purejewels.com\\\/#organization\"},\"potentialAction\":[{\"@type\":\"SearchAction\",\"target\":{\"@type\":\"EntryPoint\",\"urlTemplate\":\"https:\\\/\\\/www.purejewels.com\\\/?s={search_term_string}\"},\"query-input\":{\"@type\":\"PropertyValueSpecification\",\"valueRequired\":true,\"valueName\":\"search_term_string\"}}],\"inLanguage\":\"tr\"},{\"@type\":\"Organization\",\"@id\":\"https:\\\/\\\/www.purejewels.com\\\/#organization\",\"name\":\"PureJewels UK\",\"url\":\"https:\\\/\\\/www.purejewels.com\\\/\",\"logo\":{\"@type\":\"ImageObject\",\"inLanguage\":\"tr\",\"@id\":\"https:\\\/\\\/www.purejewels.com\\\/#\\\/schema\\\/logo\\\/image\\\/\",\"url\":\"https:\\\/\\\/static.purejewels.com\\\/wp-content\\\/uploads\\\/2020\\\/11\\\/Logo-PJ-New-1.png\",\"contentUrl\":\"https:\\\/\\\/static.purejewels.com\\\/wp-content\\\/uploads\\\/2020\\\/11\\\/Logo-PJ-New-1.png\",\"width\":150,\"height\":80,\"caption\":\"PureJewels UK\"},\"image\":{\"@id\":\"https:\\\/\\\/www.purejewels.com\\\/#\\\/schema\\\/logo\\\/image\\\/\"}}]}<\/script>\n<!-- \/ Yoast SEO plugin. -->","yoast_head_json":{"title":"22ct Alt\u0131n \u00c7ift S\u0131ral\u0131 CZ Halka K\u00fcpe | PureJewels UK","description":"PureJewels UK'de parlakl\u0131k, rahatl\u0131k ve zamans\u0131z cazibe i\u00e7in \u00fcretilen 22 Ayar Alt\u0131n \u00c7ift S\u0131ral\u0131 CZ Halka K\u00fcpeler ile g\u00f6r\u00fcn\u00fcm\u00fcn\u00fcze \u0131\u015f\u0131lt\u0131 kat\u0131n.","robots":{"index":"index","follow":"follow","max-snippet":"max-snippet:-1","max-image-preview":"max-image-preview:large","max-video-preview":"max-video-preview:-1"},"canonical":"https:\/\/www.purejewels.com\/tr\/urun\/kadinlar-icin-rodyum-kaplamali-22-ayar-altin-cz-cift-sira-halka-kupe\/","og_locale":"tr_TR","og_type":"article","og_title":"Shop Twin Row CZ Hoop Earrings in 22ct Gold | PureJewels UK","og_description":"Add sparkle to your look with 22ct Gold Twin Row CZ Hoop Earrings\u2014crafted for brilliance, comfort, and timeless charm at PureJewels UK.","og_url":"https:\/\/www.purejewels.com\/tr\/urun\/kadinlar-icin-rodyum-kaplamali-22-ayar-altin-cz-cift-sira-halka-kupe\/","og_site_name":"PureJewels UK","article_modified_time":"2026-01-06T05:08:56+00:00","og_image":[{"width":1000,"height":1000,"url":"https:\/\/www.purejewels.com\/wp-content\/uploads\/2025\/05\/SST381-01I3.png","type":"image\/png"}],"twitter_card":"summary_large_image","twitter_misc":{"Tahmini okuma s\u00fcresi":"1 dakika"},"schema":{"@context":"https:\/\/schema.org","@graph":[{"@type":["WebPage","ItemPage"],"@id":"https:\/\/www.purejewels.com\/product\/22ct-gold-cz-twin-row-hoop-earrings-with-rhodium-finish-for-women\/","url":"https:\/\/www.purejewels.com\/product\/22ct-gold-cz-twin-row-hoop-earrings-with-rhodium-finish-for-women\/","name":"22ct Alt\u0131n \u00c7ift S\u0131ral\u0131 CZ Halka K\u00fcpe | PureJewels UK","isPartOf":{"@id":"https:\/\/www.purejewels.com\/#website"},"primaryImageOfPage":{"@id":"https:\/\/www.purejewels.com\/product\/22ct-gold-cz-twin-row-hoop-earrings-with-rhodium-finish-for-women\/#primaryimage"},"image":{"@id":"https:\/\/www.purejewels.com\/product\/22ct-gold-cz-twin-row-hoop-earrings-with-rhodium-finish-for-women\/#primaryimage"},"thumbnailUrl":"https:\/\/static.purejewels.com\/wp-content\/uploads\/2025\/05\/SST381-01I3.png","datePublished":"2024-05-27T12:46:09+00:00","dateModified":"2026-01-06T05:08:56+00:00","description":"PureJewels UK'de parlakl\u0131k, rahatl\u0131k ve zamans\u0131z cazibe i\u00e7in \u00fcretilen 22 Ayar Alt\u0131n \u00c7ift S\u0131ral\u0131 CZ Halka K\u00fcpeler ile g\u00f6r\u00fcn\u00fcm\u00fcn\u00fcze \u0131\u015f\u0131lt\u0131 kat\u0131n.","breadcrumb":{"@id":"https:\/\/www.purejewels.com\/product\/22ct-gold-cz-twin-row-hoop-earrings-with-rhodium-finish-for-women\/#breadcrumb"},"inLanguage":"tr","potentialAction":[{"@type":"ReadAction","target":["https:\/\/www.purejewels.com\/product\/22ct-gold-cz-twin-row-hoop-earrings-with-rhodium-finish-for-women\/"]}]},{"@type":"ImageObject","inLanguage":"tr","@id":"https:\/\/www.purejewels.com\/product\/22ct-gold-cz-twin-row-hoop-earrings-with-rhodium-finish-for-women\/#primaryimage","url":"https:\/\/static.purejewels.com\/wp-content\/uploads\/2025\/05\/SST381-01I3.png","contentUrl":"https:\/\/static.purejewels.com\/wp-content\/uploads\/2025\/05\/SST381-01I3.png","width":1000,"height":1000},{"@type":"BreadcrumbList","@id":"https:\/\/www.purejewels.com\/product\/22ct-gold-cz-twin-row-hoop-earrings-with-rhodium-finish-for-women\/#breadcrumb","itemListElement":[{"@type":"ListItem","position":1,"name":"Home","item":"https:\/\/www.purejewels.com\/"},{"@type":"ListItem","position":2,"name":"Shop","item":"https:\/\/www.purejewels.com\/shop\/"},{"@type":"ListItem","position":3,"name":"22ct Gold CZ Twin Row Hoop Earrings"}]},{"@type":"WebSite","@id":"https:\/\/www.purejewels.com\/#website","url":"https:\/\/www.purejewels.com\/","name":"PureJewels \u0130ngiltere","description":"Sevgiyi Payla\u015f\u0131n","publisher":{"@id":"https:\/\/www.purejewels.com\/#organization"},"potentialAction":[{"@type":"SearchAction","target":{"@type":"EntryPoint","urlTemplate":"https:\/\/www.purejewels.com\/?s={search_term_string}"},"query-input":{"@type":"PropertyValueSpecification","valueRequired":true,"valueName":"search_term_string"}}],"inLanguage":"tr"},{"@type":"Organization","@id":"https:\/\/www.purejewels.com\/#organization","name":"PureJewels \u0130ngiltere","url":"https:\/\/www.purejewels.com\/","logo":{"@type":"ImageObject","inLanguage":"tr","@id":"https:\/\/www.purejewels.com\/#\/schema\/logo\/image\/","url":"https:\/\/static.purejewels.com\/wp-content\/uploads\/2020\/11\/Logo-PJ-New-1.png","contentUrl":"https:\/\/static.purejewels.com\/wp-content\/uploads\/2020\/11\/Logo-PJ-New-1.png","width":150,"height":80,"caption":"PureJewels UK"},"image":{"@id":"https:\/\/www.purejewels.com\/#\/schema\/logo\/image\/"}}]}},"_links":{"self":[{"href":"https:\/\/www.purejewels.com\/tr\/wp-json\/wp\/v2\/product\/398655","targetHints":{"allow":["GET"]}}],"collection":[{"href":"https:\/\/www.purejewels.com\/tr\/wp-json\/wp\/v2\/product"}],"about":[{"href":"https:\/\/www.purejewels.com\/tr\/wp-json\/wp\/v2\/types\/product"}],"replies":[{"embeddable":true,"href":"https:\/\/www.purejewels.com\/tr\/wp-json\/wp\/v2\/comments?post=398655"}],"version-history":[{"count":3,"href":"https:\/\/www.purejewels.com\/tr\/wp-json\/wp\/v2\/product\/398655\/revisions"}],"predecessor-version":[{"id":418229,"href":"https:\/\/www.purejewels.com\/tr\/wp-json\/wp\/v2\/product\/398655\/revisions\/418229"}],"wp:featuredmedia":[{"embeddable":true,"href":"https:\/\/www.purejewels.com\/tr\/wp-json\/wp\/v2\/media\/398658"}],"wp:attachment":[{"href":"https:\/\/www.purejewels.com\/tr\/wp-json\/wp\/v2\/media?parent=398655"}],"wp:term":[{"taxonomy":"product_brand","embeddable":true,"href":"https:\/\/www.purejewels.com\/tr\/wp-json\/wp\/v2\/product_brand?post=398655"},{"taxonomy":"product_cat","embeddable":true,"href":"https:\/\/www.purejewels.com\/tr\/wp-json\/wp\/v2\/product_cat?post=398655"},{"taxonomy":"product_tag","embeddable":true,"href":"https:\/\/www.purejewels.com\/tr\/wp-json\/wp\/v2\/product_tag?post=398655"}],"curies":[{"name":"wp","href":"https:\/\/api.w.org\/{rel}","templated":true}]}}