{"id":398660,"date":"2024-05-27T13:56:17","date_gmt":"2024-05-27T12:56:17","guid":{"rendered":"https:\/\/www.purejewels.com\/?post_type=product&#038;p=398660"},"modified":"2026-04-29T06:24:42","modified_gmt":"2026-04-29T05:24:42","slug":"uc-sira-cz-ve-rodyum-kaplamali-22-ayar-altin-halka-kupeler-uk","status":"publish","type":"product","link":"https:\/\/www.purejewels.com\/tr\/product\/22ct-gold-hoop-earrings-with-triple-row-cz-and-rhodium-finish-uk\/","title":{"rendered":"22 Ayar Alt\u0131n K\u00fcbik Zirkon Halka K\u00fcpe"},"content":{"rendered":"<p data-start=\"163\" data-end=\"451\"><strong data-start=\"163\" data-end=\"173\">Tasar\u0131m<\/strong><br data-start=\"173\" data-end=\"176\" \/>Klasik \u00e7emberlerin zarif bir yorumu olan bu k\u00fcpeler, abart\u0131s\u0131z bir zarafetle \u0131\u015f\u0131ldamak \u00fczere tasarlanm\u0131\u015ft\u0131r. Temiz ve ak\u0131c\u0131 siluet, y\u00fcksek kaliteli k\u00fcbik zirkonun parlakl\u0131\u011f\u0131yla vurgulanarak geleneksel alt\u0131n sanat\u0131n\u0131 tamamlayan \u00e7a\u011fda\u015f bir \u0131\u015f\u0131lt\u0131 sunar.<\/p>\n<p data-start=\"453\" data-end=\"726\"><strong data-start=\"453\" data-end=\"462\">Zanaat<\/strong><br data-start=\"462\" data-end=\"465\" \/>Saf 22 ayar alt\u0131ndan titizlikle el i\u015f\u00e7ili\u011fiyle \u00fcretilen her bir k\u00fcbik zirkon, hem g\u00fczelli\u011fi hem de dayan\u0131kl\u0131l\u0131\u011f\u0131 sa\u011flamak i\u00e7in yetenekli zanaatkarlar taraf\u0131ndan g\u00fcvenli bir \u015fekilde yerle\u015ftirilmi\u015ftir. K\u00fcpeler hafif ancak sa\u011flamd\u0131r, parlak bir cila i\u00e7in hassasiyetle tamamlanm\u0131\u015ft\u0131r ve orijinallik i\u00e7in damgalanm\u0131\u015ft\u0131r.<\/p>\n<p data-start=\"728\" data-end=\"739\"><strong data-start=\"728\" data-end=\"737\">Stil<\/strong><\/p>\n<ul data-start=\"740\" data-end=\"973\">\n<li data-start=\"740\" data-end=\"816\">\n<p data-start=\"742\" data-end=\"816\">G\u00fcnl\u00fck kullan\u0131m i\u00e7in zahmetsiz, ancak festival g\u00fcnleri i\u00e7in yeterince \u00e7arp\u0131c\u0131.<\/p>\n<\/li>\n<li data-start=\"817\" data-end=\"886\">\n<p data-start=\"819\" data-end=\"886\">Zarif bir dokunu\u015fa sahip s\u00fcsl\u00fc alt\u0131n halkalar arayanlar i\u00e7in m\u00fckemmeldir.<\/p>\n<\/li>\n<li data-start=\"887\" data-end=\"973\">\n<p data-start=\"889\" data-end=\"973\">Modern hassasiyetlere sahip Hint alt\u0131n tak\u0131lar\u0131n\u0131 sevenler i\u00e7in \u00e7a\u011fda\u015f bir se\u00e7im.<\/p>\n<\/li>\n<\/ul>","protected":false},"excerpt":{"rendered":"<p>Parlak k\u00fcbik zirkon \u0131\u015f\u0131lt\u0131l\u0131 22 ayar alt\u0131n s\u00fcsl\u00fc CZ halkalar.<br data-start=\"737\" data-end=\"740\" \/>Geleneksel alt\u0131n ve \u00e7a\u011fda\u015f zarafetin m\u00fckemmel bir kar\u0131\u015f\u0131m\u0131.<\/p>\n<ul>\n<li><strong>Malzeme:<\/strong> 22 Ayar Alt\u0131n<\/li>\n<li><strong>Hallmark: <\/strong>\u0130ngiliz Damgas\u0131<\/li>\n<li><strong>Br\u00fct A\u011f\u0131rl\u0131k: <\/strong>2.4 Gms<\/li>\n<li><strong>SKU: <\/strong>51220, 53012<\/li>\n<\/ul>\n<p><strong><br \/>\nFiyat ve Teslimat: <\/strong>KDV ve teslimat \u00fccretleri dahil<br \/>\n<strong><a href=\"https:\/\/www.purejewels.com\/tr\/i%cc%87ade-poli%cc%87ti%cc%87kasi\/\">\u0130ade Politikas\u0131<\/a><\/strong><\/p>","protected":false},"featured_media":398662,"comment_status":"closed","ping_status":"closed","template":"","meta":{"_eb_attr":"","_crsspst_to_jayantr4sg-hostcom":true},"product_brand":[],"product_cat":[1793,1792,1790,1254,1229,1579,5343,1573,1574,5349],"product_tag":[5933,5922,66],"class_list":{"0":"post-398660","1":"product","2":"type-product","3":"status-publish","4":"has-post-thumbnail","6":"product_cat-diwali-gifts","7":"product_cat-festival-gifts","8":"product_cat-for-whom-when","9":"product_cat-gold-earrings","10":"product_cat-22ct-gold-jewellery","11":"product_cat-hoop-earrings","12":"product_cat-jewellery-under-550","13":"product_cat-wedding-gifts","14":"product_cat-womens-jewellery","15":"product_cat-yellow-gold-jewellery","16":"product_tag-22ct-gold","17":"product_tag-22ct-gold-earrings","18":"product_tag-earrings","20":"first","21":"outofstock","22":"taxable","23":"shipping-taxable","24":"product-type-simple","25":"add-to-wishlist-before_image"},"yoast_head":"<!-- This site is optimized with the Yoast SEO plugin v27.5 - https:\/\/yoast.com\/product\/yoast-seo-wordpress\/ -->\n<title>22ct Gold Cubic Zirconia Hoop Earrings at PureJewels UK<\/title>\n<meta name=\"description\" content=\"Make a statement with 22ct Gold Hoop Earrings adorned with a double row of cubic zirconia stones, luxurious sparkle and refined craftsmanship by PureJewels.\" \/>\n<meta name=\"robots\" content=\"index, follow, max-snippet:-1, max-image-preview:large, max-video-preview:-1\" \/>\n<link rel=\"canonical\" href=\"https:\/\/www.purejewels.com\/tr\/urun\/uc-sira-cz-ve-rodyum-kaplamali-22-ayar-altin-halka-kupeler-uk\/\" \/>\n<meta property=\"og:locale\" content=\"tr_TR\" \/>\n<meta property=\"og:type\" content=\"article\" \/>\n<meta property=\"og:title\" content=\"22ct Gold Cubic Zirconia Hoop Earrings at PureJewels UK\" \/>\n<meta property=\"og:description\" content=\"Make a statement with 22ct Gold Hoop Earrings adorned with a double row of cubic zirconia stones, luxurious sparkle and refined craftsmanship by PureJewels.\" \/>\n<meta property=\"og:url\" content=\"https:\/\/www.purejewels.com\/tr\/urun\/uc-sira-cz-ve-rodyum-kaplamali-22-ayar-altin-halka-kupeler-uk\/\" \/>\n<meta property=\"og:site_name\" content=\"PureJewels UK\" \/>\n<meta property=\"article:modified_time\" content=\"2026-04-29T05:24:42+00:00\" \/>\n<meta property=\"og:image\" content=\"https:\/\/static.purejewels.com\/wp-content\/uploads\/2025\/05\/SST381-05I2.png\" \/>\n\t<meta property=\"og:image:width\" content=\"1000\" \/>\n\t<meta property=\"og:image:height\" content=\"1000\" \/>\n\t<meta property=\"og:image:type\" content=\"image\/png\" \/>\n<meta name=\"twitter:card\" content=\"summary_large_image\" \/>\n<meta name=\"twitter:label1\" content=\"Tahmini okuma s\u00fcresi\" \/>\n\t<meta name=\"twitter:data1\" content=\"1 dakika\" \/>\n<script type=\"application\/ld+json\" class=\"yoast-schema-graph\">{\"@context\":\"https:\\\/\\\/schema.org\",\"@graph\":[{\"@type\":[\"WebPage\",\"ItemPage\"],\"@id\":\"https:\\\/\\\/www.purejewels.com\\\/product\\\/22ct-gold-hoop-earrings-with-triple-row-cz-and-rhodium-finish-uk\\\/\",\"url\":\"https:\\\/\\\/www.purejewels.com\\\/product\\\/22ct-gold-hoop-earrings-with-triple-row-cz-and-rhodium-finish-uk\\\/\",\"name\":\"22ct Gold Cubic Zirconia Hoop Earrings at PureJewels UK\",\"isPartOf\":{\"@id\":\"https:\\\/\\\/www.purejewels.com\\\/#website\"},\"primaryImageOfPage\":{\"@id\":\"https:\\\/\\\/www.purejewels.com\\\/product\\\/22ct-gold-hoop-earrings-with-triple-row-cz-and-rhodium-finish-uk\\\/#primaryimage\"},\"image\":{\"@id\":\"https:\\\/\\\/www.purejewels.com\\\/product\\\/22ct-gold-hoop-earrings-with-triple-row-cz-and-rhodium-finish-uk\\\/#primaryimage\"},\"thumbnailUrl\":\"https:\\\/\\\/static.purejewels.com\\\/wp-content\\\/uploads\\\/2025\\\/05\\\/SST381-05I2.png\",\"datePublished\":\"2024-05-27T12:56:17+00:00\",\"dateModified\":\"2026-04-29T05:24:42+00:00\",\"description\":\"Make a statement with 22ct Gold Hoop Earrings adorned with a double row of cubic zirconia stones, luxurious sparkle and refined craftsmanship by PureJewels.\",\"breadcrumb\":{\"@id\":\"https:\\\/\\\/www.purejewels.com\\\/product\\\/22ct-gold-hoop-earrings-with-triple-row-cz-and-rhodium-finish-uk\\\/#breadcrumb\"},\"inLanguage\":\"tr\",\"potentialAction\":[{\"@type\":\"ReadAction\",\"target\":[\"https:\\\/\\\/www.purejewels.com\\\/product\\\/22ct-gold-hoop-earrings-with-triple-row-cz-and-rhodium-finish-uk\\\/\"]}]},{\"@type\":\"ImageObject\",\"inLanguage\":\"tr\",\"@id\":\"https:\\\/\\\/www.purejewels.com\\\/product\\\/22ct-gold-hoop-earrings-with-triple-row-cz-and-rhodium-finish-uk\\\/#primaryimage\",\"url\":\"https:\\\/\\\/static.purejewels.com\\\/wp-content\\\/uploads\\\/2025\\\/05\\\/SST381-05I2.png\",\"contentUrl\":\"https:\\\/\\\/static.purejewels.com\\\/wp-content\\\/uploads\\\/2025\\\/05\\\/SST381-05I2.png\",\"width\":1000,\"height\":1000},{\"@type\":\"BreadcrumbList\",\"@id\":\"https:\\\/\\\/www.purejewels.com\\\/product\\\/22ct-gold-hoop-earrings-with-triple-row-cz-and-rhodium-finish-uk\\\/#breadcrumb\",\"itemListElement\":[{\"@type\":\"ListItem\",\"position\":1,\"name\":\"Home\",\"item\":\"https:\\\/\\\/www.purejewels.com\\\/\"},{\"@type\":\"ListItem\",\"position\":2,\"name\":\"Shop\",\"item\":\"https:\\\/\\\/www.purejewels.com\\\/shop\\\/\"},{\"@type\":\"ListItem\",\"position\":3,\"name\":\"22ct Gold Cubic Zirconia Hoop Earring\"}]},{\"@type\":\"WebSite\",\"@id\":\"https:\\\/\\\/www.purejewels.com\\\/#website\",\"url\":\"https:\\\/\\\/www.purejewels.com\\\/\",\"name\":\"PureJewels UK\",\"description\":\"Share the Love\",\"publisher\":{\"@id\":\"https:\\\/\\\/www.purejewels.com\\\/#organization\"},\"potentialAction\":[{\"@type\":\"SearchAction\",\"target\":{\"@type\":\"EntryPoint\",\"urlTemplate\":\"https:\\\/\\\/www.purejewels.com\\\/?s={search_term_string}\"},\"query-input\":{\"@type\":\"PropertyValueSpecification\",\"valueRequired\":true,\"valueName\":\"search_term_string\"}}],\"inLanguage\":\"tr\"},{\"@type\":\"Organization\",\"@id\":\"https:\\\/\\\/www.purejewels.com\\\/#organization\",\"name\":\"PureJewels UK\",\"url\":\"https:\\\/\\\/www.purejewels.com\\\/\",\"logo\":{\"@type\":\"ImageObject\",\"inLanguage\":\"tr\",\"@id\":\"https:\\\/\\\/www.purejewels.com\\\/#\\\/schema\\\/logo\\\/image\\\/\",\"url\":\"https:\\\/\\\/static.purejewels.com\\\/wp-content\\\/uploads\\\/2020\\\/11\\\/Logo-PJ-New-1.png\",\"contentUrl\":\"https:\\\/\\\/static.purejewels.com\\\/wp-content\\\/uploads\\\/2020\\\/11\\\/Logo-PJ-New-1.png\",\"width\":150,\"height\":80,\"caption\":\"PureJewels UK\"},\"image\":{\"@id\":\"https:\\\/\\\/www.purejewels.com\\\/#\\\/schema\\\/logo\\\/image\\\/\"}}]}<\/script>\n<!-- \/ Yoast SEO plugin. -->","yoast_head_json":{"title":"PureJewels UK'de 22 Ayar Alt\u0131n K\u00fcbik Zirkon Halka K\u00fcpe","description":"PureJewels'in \u00e7ift s\u0131ra k\u00fcbik zirkon ta\u015flar\u0131, l\u00fcks \u0131\u015f\u0131lt\u0131s\u0131 ve zarif i\u015f\u00e7ili\u011fiyle bezenmi\u015f 22 Ayar Alt\u0131n Halka K\u00fcpeleri ile fark\u0131n\u0131z\u0131 ortaya koyun.","robots":{"index":"index","follow":"follow","max-snippet":"max-snippet:-1","max-image-preview":"max-image-preview:large","max-video-preview":"max-video-preview:-1"},"canonical":"https:\/\/www.purejewels.com\/tr\/urun\/uc-sira-cz-ve-rodyum-kaplamali-22-ayar-altin-halka-kupeler-uk\/","og_locale":"tr_TR","og_type":"article","og_title":"22ct Gold Cubic Zirconia Hoop Earrings at PureJewels UK","og_description":"Make a statement with 22ct Gold Hoop Earrings adorned with a double row of cubic zirconia stones, luxurious sparkle and refined craftsmanship by PureJewels.","og_url":"https:\/\/www.purejewels.com\/tr\/urun\/uc-sira-cz-ve-rodyum-kaplamali-22-ayar-altin-halka-kupeler-uk\/","og_site_name":"PureJewels UK","article_modified_time":"2026-04-29T05:24:42+00:00","og_image":[{"width":1000,"height":1000,"url":"https:\/\/static.purejewels.com\/wp-content\/uploads\/2025\/05\/SST381-05I2.png","type":"image\/png"}],"twitter_card":"summary_large_image","twitter_misc":{"Tahmini okuma s\u00fcresi":"1 dakika"},"schema":{"@context":"https:\/\/schema.org","@graph":[{"@type":["WebPage","ItemPage"],"@id":"https:\/\/www.purejewels.com\/product\/22ct-gold-hoop-earrings-with-triple-row-cz-and-rhodium-finish-uk\/","url":"https:\/\/www.purejewels.com\/product\/22ct-gold-hoop-earrings-with-triple-row-cz-and-rhodium-finish-uk\/","name":"PureJewels UK'de 22 Ayar Alt\u0131n K\u00fcbik Zirkon Halka K\u00fcpe","isPartOf":{"@id":"https:\/\/www.purejewels.com\/#website"},"primaryImageOfPage":{"@id":"https:\/\/www.purejewels.com\/product\/22ct-gold-hoop-earrings-with-triple-row-cz-and-rhodium-finish-uk\/#primaryimage"},"image":{"@id":"https:\/\/www.purejewels.com\/product\/22ct-gold-hoop-earrings-with-triple-row-cz-and-rhodium-finish-uk\/#primaryimage"},"thumbnailUrl":"https:\/\/static.purejewels.com\/wp-content\/uploads\/2025\/05\/SST381-05I2.png","datePublished":"2024-05-27T12:56:17+00:00","dateModified":"2026-04-29T05:24:42+00:00","description":"PureJewels'in \u00e7ift s\u0131ra k\u00fcbik zirkon ta\u015flar\u0131, l\u00fcks \u0131\u015f\u0131lt\u0131s\u0131 ve zarif i\u015f\u00e7ili\u011fiyle bezenmi\u015f 22 Ayar Alt\u0131n Halka K\u00fcpeleri ile fark\u0131n\u0131z\u0131 ortaya koyun.","breadcrumb":{"@id":"https:\/\/www.purejewels.com\/product\/22ct-gold-hoop-earrings-with-triple-row-cz-and-rhodium-finish-uk\/#breadcrumb"},"inLanguage":"tr","potentialAction":[{"@type":"ReadAction","target":["https:\/\/www.purejewels.com\/product\/22ct-gold-hoop-earrings-with-triple-row-cz-and-rhodium-finish-uk\/"]}]},{"@type":"ImageObject","inLanguage":"tr","@id":"https:\/\/www.purejewels.com\/product\/22ct-gold-hoop-earrings-with-triple-row-cz-and-rhodium-finish-uk\/#primaryimage","url":"https:\/\/static.purejewels.com\/wp-content\/uploads\/2025\/05\/SST381-05I2.png","contentUrl":"https:\/\/static.purejewels.com\/wp-content\/uploads\/2025\/05\/SST381-05I2.png","width":1000,"height":1000},{"@type":"BreadcrumbList","@id":"https:\/\/www.purejewels.com\/product\/22ct-gold-hoop-earrings-with-triple-row-cz-and-rhodium-finish-uk\/#breadcrumb","itemListElement":[{"@type":"ListItem","position":1,"name":"Home","item":"https:\/\/www.purejewels.com\/"},{"@type":"ListItem","position":2,"name":"Shop","item":"https:\/\/www.purejewels.com\/shop\/"},{"@type":"ListItem","position":3,"name":"22ct Gold Cubic Zirconia Hoop Earring"}]},{"@type":"WebSite","@id":"https:\/\/www.purejewels.com\/#website","url":"https:\/\/www.purejewels.com\/","name":"PureJewels \u0130ngiltere","description":"Sevgiyi Payla\u015f\u0131n","publisher":{"@id":"https:\/\/www.purejewels.com\/#organization"},"potentialAction":[{"@type":"SearchAction","target":{"@type":"EntryPoint","urlTemplate":"https:\/\/www.purejewels.com\/?s={search_term_string}"},"query-input":{"@type":"PropertyValueSpecification","valueRequired":true,"valueName":"search_term_string"}}],"inLanguage":"tr"},{"@type":"Organization","@id":"https:\/\/www.purejewels.com\/#organization","name":"PureJewels \u0130ngiltere","url":"https:\/\/www.purejewels.com\/","logo":{"@type":"ImageObject","inLanguage":"tr","@id":"https:\/\/www.purejewels.com\/#\/schema\/logo\/image\/","url":"https:\/\/static.purejewels.com\/wp-content\/uploads\/2020\/11\/Logo-PJ-New-1.png","contentUrl":"https:\/\/static.purejewels.com\/wp-content\/uploads\/2020\/11\/Logo-PJ-New-1.png","width":150,"height":80,"caption":"PureJewels UK"},"image":{"@id":"https:\/\/www.purejewels.com\/#\/schema\/logo\/image\/"}}]}},"_links":{"self":[{"href":"https:\/\/www.purejewels.com\/tr\/wp-json\/wp\/v2\/product\/398660","targetHints":{"allow":["GET"]}}],"collection":[{"href":"https:\/\/www.purejewels.com\/tr\/wp-json\/wp\/v2\/product"}],"about":[{"href":"https:\/\/www.purejewels.com\/tr\/wp-json\/wp\/v2\/types\/product"}],"replies":[{"embeddable":true,"href":"https:\/\/www.purejewels.com\/tr\/wp-json\/wp\/v2\/comments?post=398660"}],"version-history":[{"count":6,"href":"https:\/\/www.purejewels.com\/tr\/wp-json\/wp\/v2\/product\/398660\/revisions"}],"predecessor-version":[{"id":418214,"href":"https:\/\/www.purejewels.com\/tr\/wp-json\/wp\/v2\/product\/398660\/revisions\/418214"}],"wp:featuredmedia":[{"embeddable":true,"href":"https:\/\/www.purejewels.com\/tr\/wp-json\/wp\/v2\/media\/398662"}],"wp:attachment":[{"href":"https:\/\/www.purejewels.com\/tr\/wp-json\/wp\/v2\/media?parent=398660"}],"wp:term":[{"taxonomy":"product_brand","embeddable":true,"href":"https:\/\/www.purejewels.com\/tr\/wp-json\/wp\/v2\/product_brand?post=398660"},{"taxonomy":"product_cat","embeddable":true,"href":"https:\/\/www.purejewels.com\/tr\/wp-json\/wp\/v2\/product_cat?post=398660"},{"taxonomy":"product_tag","embeddable":true,"href":"https:\/\/www.purejewels.com\/tr\/wp-json\/wp\/v2\/product_tag?post=398660"}],"curies":[{"name":"wp","href":"https:\/\/api.w.org\/{rel}","templated":true}]}}