{"id":398665,"date":"2024-05-27T14:03:34","date_gmt":"2024-05-27T13:03:34","guid":{"rendered":"https:\/\/www.purejewels.com\/?post_type=product&#038;p=398665"},"modified":"2026-01-06T05:08:56","modified_gmt":"2026-01-06T05:08:56","slug":"kadinlar-icin-rodyum-kaplamali-22-ayar-altin-cift-sira-cz-halka-kupe","status":"publish","type":"product","link":"https:\/\/www.purejewels.com\/tr\/product\/22ct-gold-double-row-cz-hoop-earrings-with-rhodium-finish-for-women\/","title":{"rendered":"\u00c7ift S\u0131ral\u0131 CZ I\u015f\u0131lt\u0131l\u0131 22 Ayar Alt\u0131n Halka K\u00fcpe"},"content":{"rendered":"<p>I\u015f\u0131lt\u0131l\u0131 CZ ta\u015flardan olu\u015fan \u00e7arp\u0131c\u0131 bir \u00e7ift s\u0131raya sahip 22 Ayar Alt\u0131n Halka K\u00fcpelerimizle m\u00fccevher koleksiyonunuza \u0131\u015f\u0131lt\u0131l\u0131 bir \u00e7ekicilik kat\u0131n. Saf 22 ayar alt\u0131ndan \u00fcretilen ve orijinallik damgas\u0131 ta\u015f\u0131yan bu halka k\u00fcpeler, p\u0131rlantan\u0131n parlakl\u0131\u011f\u0131n\u0131 g\u00fcnl\u00fck kullan\u0131m i\u00e7in sunuyor. D\u00fc\u011f\u00fcnler, hediye vermek veya g\u00fcnl\u00fck stilinizi y\u00fckseltmek i\u00e7in ideal olan bu k\u00fcpeler, 22 ayar alt\u0131n CZ halka k\u00fcpeler, Hint alt\u0131n tak\u0131lar\u0131 veya kad\u0131nlar i\u00e7in \u0131\u015f\u0131lt\u0131l\u0131 alt\u0131n k\u00fcpeler arayanlar i\u00e7in m\u00fckemmeldir.<\/p>","protected":false},"excerpt":{"rendered":"<p>G\u00f6z kama\u015ft\u0131r\u0131c\u0131 \u00e7ift s\u0131ra CZ detayl\u0131 22 ayar alt\u0131n halka k\u00fcpe.<br data-start=\"755\" data-end=\"758\" \/>G\u00fcnl\u00fck l\u00fcks ve \u0131\u015f\u0131lt\u0131n\u0131n m\u00fckemmel bir birle\u015fimi.<\/p>\n<ul>\n<li><strong>Malzeme:<\/strong> 22 Ayar Alt\u0131n<\/li>\n<li><strong>Hallmark: <\/strong>\u0130ngiliz Damgas\u0131<\/li>\n<li><strong>Br\u00fct A\u011f\u0131rl\u0131k: <\/strong>2 Gms<\/li>\n<li><strong>SKU: <\/strong>51221<\/li>\n<\/ul>\n<p><strong><br \/>\nFiyat ve Teslimat: <\/strong>KDV ve teslimat \u00fccretleri dahil<\/p>\n<p><strong><a href=\"https:\/\/www.purejewels.com\/tr\/i%cc%87ade-poli%cc%87ti%cc%87kasi\/\">\u0130ade Politikas\u0131<\/a><\/strong><\/p>","protected":false},"featured_media":398668,"comment_status":"closed","ping_status":"closed","template":"","meta":{"_eb_attr":"","_crsspst_to_jayantr4sg-hostcom":true},"product_brand":[],"product_cat":[1793,1792,1790,1254,1229,1579,5343,1573,1574,5349],"product_tag":[5933,5922,66],"class_list":{"0":"post-398665","1":"product","2":"type-product","3":"status-publish","4":"has-post-thumbnail","6":"product_cat-diwali-gifts","7":"product_cat-festival-gifts","8":"product_cat-for-whom-when","9":"product_cat-gold-earrings","10":"product_cat-22ct-gold-jewellery","11":"product_cat-hoop-earrings","12":"product_cat-jewellery-under-550","13":"product_cat-wedding-gifts","14":"product_cat-womens-jewellery","15":"product_cat-yellow-gold-jewellery","16":"product_tag-22ct-gold","17":"product_tag-22ct-gold-earrings","18":"product_tag-earrings","20":"first","21":"outofstock","22":"taxable","23":"shipping-taxable","24":"product-type-simple","25":"add-to-wishlist-before_image"},"yoast_head":"<!-- This site is optimized with the Yoast SEO plugin v27.5 - https:\/\/yoast.com\/product\/yoast-seo-wordpress\/ -->\n<title>22ct Gold Hoop Earrings with CZ | Twin Row Sparkle<\/title>\n<meta name=\"description\" content=\"Elegant and radiant\u2014these 22ct Gold Hoop Earrings feature a double row of CZ stones for added brilliance. Perfect for timeless style at PureJewels.\" \/>\n<meta name=\"robots\" content=\"index, follow, max-snippet:-1, max-image-preview:large, max-video-preview:-1\" \/>\n<link rel=\"canonical\" href=\"https:\/\/www.purejewels.com\/tr\/urun\/kadinlar-icin-rodyum-kaplamali-22-ayar-altin-cift-sira-cz-halka-kupe\/\" \/>\n<meta property=\"og:locale\" content=\"tr_TR\" \/>\n<meta property=\"og:type\" content=\"article\" \/>\n<meta property=\"og:title\" content=\"22ct Gold Hoop Earrings with CZ | Twin Row Sparkle\" \/>\n<meta property=\"og:description\" content=\"Elegant and radiant\u2014these 22ct Gold Hoop Earrings feature a double row of CZ stones for added brilliance. Perfect for timeless style at PureJewels.\" \/>\n<meta property=\"og:url\" content=\"https:\/\/www.purejewels.com\/tr\/urun\/kadinlar-icin-rodyum-kaplamali-22-ayar-altin-cift-sira-cz-halka-kupe\/\" \/>\n<meta property=\"og:site_name\" content=\"PureJewels UK\" \/>\n<meta property=\"article:modified_time\" content=\"2026-01-06T05:08:56+00:00\" \/>\n<meta property=\"og:image\" content=\"https:\/\/static.purejewels.com\/wp-content\/uploads\/2025\/05\/SST381-05I3.png\" \/>\n\t<meta property=\"og:image:width\" content=\"1000\" \/>\n\t<meta property=\"og:image:height\" content=\"1000\" \/>\n\t<meta property=\"og:image:type\" content=\"image\/png\" \/>\n<meta name=\"twitter:card\" content=\"summary_large_image\" \/>\n<meta name=\"twitter:label1\" content=\"Tahmini okuma s\u00fcresi\" \/>\n\t<meta name=\"twitter:data1\" content=\"1 dakika\" \/>\n<script type=\"application\/ld+json\" class=\"yoast-schema-graph\">{\"@context\":\"https:\\\/\\\/schema.org\",\"@graph\":[{\"@type\":[\"WebPage\",\"ItemPage\"],\"@id\":\"https:\\\/\\\/www.purejewels.com\\\/product\\\/22ct-gold-double-row-cz-hoop-earrings-with-rhodium-finish-for-women\\\/\",\"url\":\"https:\\\/\\\/www.purejewels.com\\\/product\\\/22ct-gold-double-row-cz-hoop-earrings-with-rhodium-finish-for-women\\\/\",\"name\":\"22ct Gold Hoop Earrings with CZ | Twin Row Sparkle\",\"isPartOf\":{\"@id\":\"https:\\\/\\\/www.purejewels.com\\\/#website\"},\"primaryImageOfPage\":{\"@id\":\"https:\\\/\\\/www.purejewels.com\\\/product\\\/22ct-gold-double-row-cz-hoop-earrings-with-rhodium-finish-for-women\\\/#primaryimage\"},\"image\":{\"@id\":\"https:\\\/\\\/www.purejewels.com\\\/product\\\/22ct-gold-double-row-cz-hoop-earrings-with-rhodium-finish-for-women\\\/#primaryimage\"},\"thumbnailUrl\":\"https:\\\/\\\/static.purejewels.com\\\/wp-content\\\/uploads\\\/2025\\\/05\\\/SST381-05I3.png\",\"datePublished\":\"2024-05-27T13:03:34+00:00\",\"dateModified\":\"2026-01-06T05:08:56+00:00\",\"description\":\"Elegant and radiant\u2014these 22ct Gold Hoop Earrings feature a double row of CZ stones for added brilliance. Perfect for timeless style at PureJewels.\",\"breadcrumb\":{\"@id\":\"https:\\\/\\\/www.purejewels.com\\\/product\\\/22ct-gold-double-row-cz-hoop-earrings-with-rhodium-finish-for-women\\\/#breadcrumb\"},\"inLanguage\":\"tr\",\"potentialAction\":[{\"@type\":\"ReadAction\",\"target\":[\"https:\\\/\\\/www.purejewels.com\\\/product\\\/22ct-gold-double-row-cz-hoop-earrings-with-rhodium-finish-for-women\\\/\"]}]},{\"@type\":\"ImageObject\",\"inLanguage\":\"tr\",\"@id\":\"https:\\\/\\\/www.purejewels.com\\\/product\\\/22ct-gold-double-row-cz-hoop-earrings-with-rhodium-finish-for-women\\\/#primaryimage\",\"url\":\"https:\\\/\\\/static.purejewels.com\\\/wp-content\\\/uploads\\\/2025\\\/05\\\/SST381-05I3.png\",\"contentUrl\":\"https:\\\/\\\/static.purejewels.com\\\/wp-content\\\/uploads\\\/2025\\\/05\\\/SST381-05I3.png\",\"width\":1000,\"height\":1000},{\"@type\":\"BreadcrumbList\",\"@id\":\"https:\\\/\\\/www.purejewels.com\\\/product\\\/22ct-gold-double-row-cz-hoop-earrings-with-rhodium-finish-for-women\\\/#breadcrumb\",\"itemListElement\":[{\"@type\":\"ListItem\",\"position\":1,\"name\":\"Home\",\"item\":\"https:\\\/\\\/www.purejewels.com\\\/\"},{\"@type\":\"ListItem\",\"position\":2,\"name\":\"Shop\",\"item\":\"https:\\\/\\\/www.purejewels.com\\\/shop\\\/\"},{\"@type\":\"ListItem\",\"position\":3,\"name\":\"22ct Gold Hoop Earrings with Double Row CZ Sparkle\"}]},{\"@type\":\"WebSite\",\"@id\":\"https:\\\/\\\/www.purejewels.com\\\/#website\",\"url\":\"https:\\\/\\\/www.purejewels.com\\\/\",\"name\":\"PureJewels UK\",\"description\":\"Share the Love\",\"publisher\":{\"@id\":\"https:\\\/\\\/www.purejewels.com\\\/#organization\"},\"potentialAction\":[{\"@type\":\"SearchAction\",\"target\":{\"@type\":\"EntryPoint\",\"urlTemplate\":\"https:\\\/\\\/www.purejewels.com\\\/?s={search_term_string}\"},\"query-input\":{\"@type\":\"PropertyValueSpecification\",\"valueRequired\":true,\"valueName\":\"search_term_string\"}}],\"inLanguage\":\"tr\"},{\"@type\":\"Organization\",\"@id\":\"https:\\\/\\\/www.purejewels.com\\\/#organization\",\"name\":\"PureJewels UK\",\"url\":\"https:\\\/\\\/www.purejewels.com\\\/\",\"logo\":{\"@type\":\"ImageObject\",\"inLanguage\":\"tr\",\"@id\":\"https:\\\/\\\/www.purejewels.com\\\/#\\\/schema\\\/logo\\\/image\\\/\",\"url\":\"https:\\\/\\\/static.purejewels.com\\\/wp-content\\\/uploads\\\/2020\\\/11\\\/Logo-PJ-New-1.png\",\"contentUrl\":\"https:\\\/\\\/static.purejewels.com\\\/wp-content\\\/uploads\\\/2020\\\/11\\\/Logo-PJ-New-1.png\",\"width\":150,\"height\":80,\"caption\":\"PureJewels UK\"},\"image\":{\"@id\":\"https:\\\/\\\/www.purejewels.com\\\/#\\\/schema\\\/logo\\\/image\\\/\"}}]}<\/script>\n<!-- \/ Yoast SEO plugin. -->","yoast_head_json":{"title":"CZ | \u00c7ift S\u0131ral\u0131 I\u015f\u0131lt\u0131l\u0131 22 Ayar Alt\u0131n Halka K\u00fcpe","description":"Zarif ve \u0131\u015f\u0131lt\u0131l\u0131 bu 22 Ayar Alt\u0131n Halka K\u00fcpeler, daha fazla parlakl\u0131k i\u00e7in \u00e7ift s\u0131ra CZ ta\u015flara sahiptir. PureJewels'te zamans\u0131z bir stil i\u00e7in m\u00fckemmel.","robots":{"index":"index","follow":"follow","max-snippet":"max-snippet:-1","max-image-preview":"max-image-preview:large","max-video-preview":"max-video-preview:-1"},"canonical":"https:\/\/www.purejewels.com\/tr\/urun\/kadinlar-icin-rodyum-kaplamali-22-ayar-altin-cift-sira-cz-halka-kupe\/","og_locale":"tr_TR","og_type":"article","og_title":"22ct Gold Hoop Earrings with CZ | Twin Row Sparkle","og_description":"Elegant and radiant\u2014these 22ct Gold Hoop Earrings feature a double row of CZ stones for added brilliance. Perfect for timeless style at PureJewels.","og_url":"https:\/\/www.purejewels.com\/tr\/urun\/kadinlar-icin-rodyum-kaplamali-22-ayar-altin-cift-sira-cz-halka-kupe\/","og_site_name":"PureJewels UK","article_modified_time":"2026-01-06T05:08:56+00:00","og_image":[{"width":1000,"height":1000,"url":"https:\/\/static.purejewels.com\/wp-content\/uploads\/2025\/05\/SST381-05I3.png","type":"image\/png"}],"twitter_card":"summary_large_image","twitter_misc":{"Tahmini okuma s\u00fcresi":"1 dakika"},"schema":{"@context":"https:\/\/schema.org","@graph":[{"@type":["WebPage","ItemPage"],"@id":"https:\/\/www.purejewels.com\/product\/22ct-gold-double-row-cz-hoop-earrings-with-rhodium-finish-for-women\/","url":"https:\/\/www.purejewels.com\/product\/22ct-gold-double-row-cz-hoop-earrings-with-rhodium-finish-for-women\/","name":"CZ | \u00c7ift S\u0131ral\u0131 I\u015f\u0131lt\u0131l\u0131 22 Ayar Alt\u0131n Halka K\u00fcpe","isPartOf":{"@id":"https:\/\/www.purejewels.com\/#website"},"primaryImageOfPage":{"@id":"https:\/\/www.purejewels.com\/product\/22ct-gold-double-row-cz-hoop-earrings-with-rhodium-finish-for-women\/#primaryimage"},"image":{"@id":"https:\/\/www.purejewels.com\/product\/22ct-gold-double-row-cz-hoop-earrings-with-rhodium-finish-for-women\/#primaryimage"},"thumbnailUrl":"https:\/\/static.purejewels.com\/wp-content\/uploads\/2025\/05\/SST381-05I3.png","datePublished":"2024-05-27T13:03:34+00:00","dateModified":"2026-01-06T05:08:56+00:00","description":"Zarif ve \u0131\u015f\u0131lt\u0131l\u0131 bu 22 Ayar Alt\u0131n Halka K\u00fcpeler, daha fazla parlakl\u0131k i\u00e7in \u00e7ift s\u0131ra CZ ta\u015flara sahiptir. PureJewels'te zamans\u0131z bir stil i\u00e7in m\u00fckemmel.","breadcrumb":{"@id":"https:\/\/www.purejewels.com\/product\/22ct-gold-double-row-cz-hoop-earrings-with-rhodium-finish-for-women\/#breadcrumb"},"inLanguage":"tr","potentialAction":[{"@type":"ReadAction","target":["https:\/\/www.purejewels.com\/product\/22ct-gold-double-row-cz-hoop-earrings-with-rhodium-finish-for-women\/"]}]},{"@type":"ImageObject","inLanguage":"tr","@id":"https:\/\/www.purejewels.com\/product\/22ct-gold-double-row-cz-hoop-earrings-with-rhodium-finish-for-women\/#primaryimage","url":"https:\/\/static.purejewels.com\/wp-content\/uploads\/2025\/05\/SST381-05I3.png","contentUrl":"https:\/\/static.purejewels.com\/wp-content\/uploads\/2025\/05\/SST381-05I3.png","width":1000,"height":1000},{"@type":"BreadcrumbList","@id":"https:\/\/www.purejewels.com\/product\/22ct-gold-double-row-cz-hoop-earrings-with-rhodium-finish-for-women\/#breadcrumb","itemListElement":[{"@type":"ListItem","position":1,"name":"Home","item":"https:\/\/www.purejewels.com\/"},{"@type":"ListItem","position":2,"name":"Shop","item":"https:\/\/www.purejewels.com\/shop\/"},{"@type":"ListItem","position":3,"name":"22ct Gold Hoop Earrings with Double Row CZ Sparkle"}]},{"@type":"WebSite","@id":"https:\/\/www.purejewels.com\/#website","url":"https:\/\/www.purejewels.com\/","name":"PureJewels \u0130ngiltere","description":"Sevgiyi Payla\u015f\u0131n","publisher":{"@id":"https:\/\/www.purejewels.com\/#organization"},"potentialAction":[{"@type":"SearchAction","target":{"@type":"EntryPoint","urlTemplate":"https:\/\/www.purejewels.com\/?s={search_term_string}"},"query-input":{"@type":"PropertyValueSpecification","valueRequired":true,"valueName":"search_term_string"}}],"inLanguage":"tr"},{"@type":"Organization","@id":"https:\/\/www.purejewels.com\/#organization","name":"PureJewels \u0130ngiltere","url":"https:\/\/www.purejewels.com\/","logo":{"@type":"ImageObject","inLanguage":"tr","@id":"https:\/\/www.purejewels.com\/#\/schema\/logo\/image\/","url":"https:\/\/static.purejewels.com\/wp-content\/uploads\/2020\/11\/Logo-PJ-New-1.png","contentUrl":"https:\/\/static.purejewels.com\/wp-content\/uploads\/2020\/11\/Logo-PJ-New-1.png","width":150,"height":80,"caption":"PureJewels UK"},"image":{"@id":"https:\/\/www.purejewels.com\/#\/schema\/logo\/image\/"}}]}},"_links":{"self":[{"href":"https:\/\/www.purejewels.com\/tr\/wp-json\/wp\/v2\/product\/398665","targetHints":{"allow":["GET"]}}],"collection":[{"href":"https:\/\/www.purejewels.com\/tr\/wp-json\/wp\/v2\/product"}],"about":[{"href":"https:\/\/www.purejewels.com\/tr\/wp-json\/wp\/v2\/types\/product"}],"replies":[{"embeddable":true,"href":"https:\/\/www.purejewels.com\/tr\/wp-json\/wp\/v2\/comments?post=398665"}],"version-history":[{"count":4,"href":"https:\/\/www.purejewels.com\/tr\/wp-json\/wp\/v2\/product\/398665\/revisions"}],"predecessor-version":[{"id":403187,"href":"https:\/\/www.purejewels.com\/tr\/wp-json\/wp\/v2\/product\/398665\/revisions\/403187"}],"wp:featuredmedia":[{"embeddable":true,"href":"https:\/\/www.purejewels.com\/tr\/wp-json\/wp\/v2\/media\/398668"}],"wp:attachment":[{"href":"https:\/\/www.purejewels.com\/tr\/wp-json\/wp\/v2\/media?parent=398665"}],"wp:term":[{"taxonomy":"product_brand","embeddable":true,"href":"https:\/\/www.purejewels.com\/tr\/wp-json\/wp\/v2\/product_brand?post=398665"},{"taxonomy":"product_cat","embeddable":true,"href":"https:\/\/www.purejewels.com\/tr\/wp-json\/wp\/v2\/product_cat?post=398665"},{"taxonomy":"product_tag","embeddable":true,"href":"https:\/\/www.purejewels.com\/tr\/wp-json\/wp\/v2\/product_tag?post=398665"}],"curies":[{"name":"wp","href":"https:\/\/api.w.org\/{rel}","templated":true}]}}