{"id":398718,"date":"2024-05-27T14:54:48","date_gmt":"2024-05-27T13:54:48","guid":{"rendered":"https:\/\/www.purejewels.com\/?post_type=product&#038;p=398718"},"modified":"2026-04-28T13:15:33","modified_gmt":"2026-04-28T12:15:33","slug":"guvenli-geri-itmeli-22-ayar-altin-kure-saplama-kupe","status":"publish","type":"product","link":"https:\/\/www.purejewels.com\/tr\/product\/22ct-gold-ball-stud-earring-with-secure-push-back\/","title":{"rendered":"22 Ayar Alt\u0131n Yuvarlak Saplama K\u00fcpe - Push Back"},"content":{"rendered":"<p>Zamans\u0131z 22 Ayar Alt\u0131n Top K\u00fcpelerimizle m\u00fccevher koleksiyonunuzu y\u00fckseltin. L\u00fcks, y\u00fcksek cilal\u0131 alt\u0131ndan \u00fcretilen her bir k\u00fcpe, sadeli\u011fi ve sofistikeli\u011fi temsil eden p\u00fcr\u00fczs\u00fcz, m\u00fckemmel k\u00fcresel bir boncu\u011fa sahiptir. Rahatl\u0131k ve g\u00fcvenlik i\u00e7in tasarlanan bu k\u00fcpeler, g\u00fcnl\u00fck kullan\u0131m veya \u00f6zel g\u00fcnler i\u00e7in rahat ve endi\u015fesiz bir uyum sa\u011flayan g\u00fcvenilir bir vidal\u0131 arka kapama ile birlikte gelir. Yetenekli zanaatk\u00e2rlar taraf\u0131ndan titizlikle el i\u015f\u00e7ili\u011fiyle \u00fcretilen bu k\u00fcpeler, zanaatk\u00e2rl\u0131k miras\u0131n\u0131 kutlarken zarafeti de yans\u0131t\u0131yor. Hediye vermek veya kendini \u015f\u0131martmak i\u00e7in ideal olan bu \u00e7ok y\u00f6nl\u00fc k\u00fcpeler, hem \u00e7a\u011fda\u015f hem de geleneksel stilleri kusursuz bir \u015fekilde tamamlayan modern bir vazge\u00e7ilmezdir.<\/p>","protected":false},"excerpt":{"rendered":"<p>22 ayar alt\u0131n top k\u00fcpe, g\u00fcvenli vidal\u0131, el yap\u0131m\u0131 alt\u0131n k\u00fcpeler, l\u00fcks alt\u0131n tak\u0131lar, sade alt\u0131n k\u00fcpeler, klasik alt\u0131n k\u00fcpeler, geleneksel i\u015f\u00e7ilik.<\/p>\n<ul>\n<li><strong>Malzeme:<\/strong> 22 Ayar Alt\u0131n (91,6% Saf Alt\u0131n)<\/li>\n<li><strong>Hallmark: <\/strong>\u0130ngiliz Damgas\u0131<\/li>\n<li><strong>Br\u00fct A\u011f\u0131rl\u0131k: <\/strong>1.6 Gms<\/li>\n<li><strong>SKU: <\/strong>51950<\/li>\n<li><strong>\u00c7ap:<\/strong> 5 mm<\/li>\n<\/ul>\n<p><strong><br \/>\nFiyat ve Teslimat: <\/strong>KDV ve teslimat \u00fccretleri dahil<br \/>\n<strong><a href=\"https:\/\/www.purejewels.com\/tr\/i%cc%87ade-poli%cc%87ti%cc%87kasi\/\">\u0130ade Politikas\u0131<\/a><\/strong><\/p>","protected":false},"featured_media":404364,"comment_status":"closed","ping_status":"closed","template":"","meta":{"_eb_attr":"","_crsspst_to_jayantr4sg-hostcom":true},"product_brand":[],"product_cat":[1559,1793,1792,1790,1254,1229,5343,1577,1575,1574,5349],"product_tag":[5933,5922,66],"class_list":{"0":"post-398718","1":"product","2":"type-product","3":"status-publish","4":"has-post-thumbnail","6":"product_cat-birthday-gifts","7":"product_cat-diwali-gifts","8":"product_cat-festival-gifts","9":"product_cat-for-whom-when","10":"product_cat-gold-earrings","11":"product_cat-22ct-gold-jewellery","12":"product_cat-jewellery-under-550","13":"product_cat-stud-earrings","14":"product_cat-teenage-jewellery","15":"product_cat-womens-jewellery","16":"product_cat-yellow-gold-jewellery","17":"product_tag-22ct-gold","18":"product_tag-22ct-gold-earrings","19":"product_tag-earrings","21":"first","22":"instock","23":"taxable","24":"shipping-taxable","25":"purchasable","26":"product-type-simple","27":"add-to-wishlist-before_image"},"yoast_head":"<!-- This site is optimized with the Yoast SEO plugin v27.5 - https:\/\/yoast.com\/product\/yoast-seo-wordpress\/ -->\n<title>22ct Gold Ball Stud Earrings | Secure Screw Back | PureJewels UK<\/title>\n<meta name=\"description\" content=\"Classic and secure\u2014our 22ct Gold Ball Stud Earrings feature a screw back for everyday comfort and elegance. A timeless essential from PureJewels.\" \/>\n<meta name=\"robots\" content=\"index, follow, max-snippet:-1, max-image-preview:large, max-video-preview:-1\" \/>\n<link rel=\"canonical\" href=\"https:\/\/www.purejewels.com\/tr\/urun\/guvenli-geri-itmeli-22-ayar-altin-kure-saplama-kupe\/\" \/>\n<meta property=\"og:locale\" content=\"tr_TR\" \/>\n<meta property=\"og:type\" content=\"article\" \/>\n<meta property=\"og:title\" content=\"22ct Gold Ball Stud Earrings | Secure Screw Back | PureJewels UK\" \/>\n<meta property=\"og:description\" content=\"Classic and secure\u2014our 22ct Gold Ball Stud Earrings feature a screw back for everyday comfort and elegance. A timeless essential from PureJewels.\" \/>\n<meta property=\"og:url\" content=\"https:\/\/www.purejewels.com\/tr\/urun\/guvenli-geri-itmeli-22-ayar-altin-kure-saplama-kupe\/\" \/>\n<meta property=\"og:site_name\" content=\"PureJewels UK\" \/>\n<meta property=\"article:modified_time\" content=\"2026-04-28T12:15:33+00:00\" \/>\n<meta property=\"og:image\" content=\"https:\/\/static.purejewels.com\/wp-content\/uploads\/2024\/05\/SKU-51266.jpg\" \/>\n\t<meta property=\"og:image:width\" content=\"1000\" \/>\n\t<meta property=\"og:image:height\" content=\"1000\" \/>\n\t<meta property=\"og:image:type\" content=\"image\/jpeg\" \/>\n<meta name=\"twitter:card\" content=\"summary_large_image\" \/>\n<meta name=\"twitter:label1\" content=\"Tahmini okuma s\u00fcresi\" \/>\n\t<meta name=\"twitter:data1\" content=\"1 dakika\" \/>\n<script type=\"application\/ld+json\" class=\"yoast-schema-graph\">{\"@context\":\"https:\\\/\\\/schema.org\",\"@graph\":[{\"@type\":[\"WebPage\",\"ItemPage\"],\"@id\":\"https:\\\/\\\/www.purejewels.com\\\/product\\\/22ct-gold-ball-stud-earring-with-secure-push-back\\\/\",\"url\":\"https:\\\/\\\/www.purejewels.com\\\/product\\\/22ct-gold-ball-stud-earring-with-secure-push-back\\\/\",\"name\":\"22ct Gold Ball Stud Earrings | Secure Screw Back | PureJewels UK\",\"isPartOf\":{\"@id\":\"https:\\\/\\\/www.purejewels.com\\\/#website\"},\"primaryImageOfPage\":{\"@id\":\"https:\\\/\\\/www.purejewels.com\\\/product\\\/22ct-gold-ball-stud-earring-with-secure-push-back\\\/#primaryimage\"},\"image\":{\"@id\":\"https:\\\/\\\/www.purejewels.com\\\/product\\\/22ct-gold-ball-stud-earring-with-secure-push-back\\\/#primaryimage\"},\"thumbnailUrl\":\"https:\\\/\\\/static.purejewels.com\\\/wp-content\\\/uploads\\\/2024\\\/05\\\/SKU-51266.jpg\",\"datePublished\":\"2024-05-27T13:54:48+00:00\",\"dateModified\":\"2026-04-28T12:15:33+00:00\",\"description\":\"Classic and secure\u2014our 22ct Gold Ball Stud Earrings feature a screw back for everyday comfort and elegance. A timeless essential from PureJewels.\",\"breadcrumb\":{\"@id\":\"https:\\\/\\\/www.purejewels.com\\\/product\\\/22ct-gold-ball-stud-earring-with-secure-push-back\\\/#breadcrumb\"},\"inLanguage\":\"tr\",\"potentialAction\":[{\"@type\":\"ReadAction\",\"target\":[\"https:\\\/\\\/www.purejewels.com\\\/product\\\/22ct-gold-ball-stud-earring-with-secure-push-back\\\/\"]}]},{\"@type\":\"ImageObject\",\"inLanguage\":\"tr\",\"@id\":\"https:\\\/\\\/www.purejewels.com\\\/product\\\/22ct-gold-ball-stud-earring-with-secure-push-back\\\/#primaryimage\",\"url\":\"https:\\\/\\\/static.purejewels.com\\\/wp-content\\\/uploads\\\/2024\\\/05\\\/SKU-51266.jpg\",\"contentUrl\":\"https:\\\/\\\/static.purejewels.com\\\/wp-content\\\/uploads\\\/2024\\\/05\\\/SKU-51266.jpg\",\"width\":1000,\"height\":1000,\"caption\":\"51812\"},{\"@type\":\"BreadcrumbList\",\"@id\":\"https:\\\/\\\/www.purejewels.com\\\/product\\\/22ct-gold-ball-stud-earring-with-secure-push-back\\\/#breadcrumb\",\"itemListElement\":[{\"@type\":\"ListItem\",\"position\":1,\"name\":\"Home\",\"item\":\"https:\\\/\\\/www.purejewels.com\\\/\"},{\"@type\":\"ListItem\",\"position\":2,\"name\":\"Shop\",\"item\":\"https:\\\/\\\/www.purejewels.com\\\/shop\\\/\"},{\"@type\":\"ListItem\",\"position\":3,\"name\":\"22ct Gold Round Stud Earrings \u2013 Push Back\"}]},{\"@type\":\"WebSite\",\"@id\":\"https:\\\/\\\/www.purejewels.com\\\/#website\",\"url\":\"https:\\\/\\\/www.purejewels.com\\\/\",\"name\":\"PureJewels UK\",\"description\":\"Share the Love\",\"publisher\":{\"@id\":\"https:\\\/\\\/www.purejewels.com\\\/#organization\"},\"potentialAction\":[{\"@type\":\"SearchAction\",\"target\":{\"@type\":\"EntryPoint\",\"urlTemplate\":\"https:\\\/\\\/www.purejewels.com\\\/?s={search_term_string}\"},\"query-input\":{\"@type\":\"PropertyValueSpecification\",\"valueRequired\":true,\"valueName\":\"search_term_string\"}}],\"inLanguage\":\"tr\"},{\"@type\":\"Organization\",\"@id\":\"https:\\\/\\\/www.purejewels.com\\\/#organization\",\"name\":\"PureJewels UK\",\"url\":\"https:\\\/\\\/www.purejewels.com\\\/\",\"logo\":{\"@type\":\"ImageObject\",\"inLanguage\":\"tr\",\"@id\":\"https:\\\/\\\/www.purejewels.com\\\/#\\\/schema\\\/logo\\\/image\\\/\",\"url\":\"https:\\\/\\\/static.purejewels.com\\\/wp-content\\\/uploads\\\/2020\\\/11\\\/Logo-PJ-New-1.png\",\"contentUrl\":\"https:\\\/\\\/static.purejewels.com\\\/wp-content\\\/uploads\\\/2020\\\/11\\\/Logo-PJ-New-1.png\",\"width\":150,\"height\":80,\"caption\":\"PureJewels UK\"},\"image\":{\"@id\":\"https:\\\/\\\/www.purejewels.com\\\/#\\\/schema\\\/logo\\\/image\\\/\"}}]}<\/script>\n<!-- \/ Yoast SEO plugin. -->","yoast_head_json":{"title":"22 Ayar Alt\u0131n Top Saplama K\u00fcpe | G\u00fcvenli Vidal\u0131 S\u0131rt | PureJewels UK","description":"Klasik ve g\u00fcvenli - 22 Ayar Alt\u0131n Top Saplama K\u00fcpelerimiz g\u00fcnl\u00fck rahatl\u0131k ve \u015f\u0131kl\u0131k i\u00e7in vidal\u0131 bir arkaya sahiptir. PureJewels'ten zamans\u0131z bir vazge\u00e7ilmez.","robots":{"index":"index","follow":"follow","max-snippet":"max-snippet:-1","max-image-preview":"max-image-preview:large","max-video-preview":"max-video-preview:-1"},"canonical":"https:\/\/www.purejewels.com\/tr\/urun\/guvenli-geri-itmeli-22-ayar-altin-kure-saplama-kupe\/","og_locale":"tr_TR","og_type":"article","og_title":"22ct Gold Ball Stud Earrings | Secure Screw Back | PureJewels UK","og_description":"Classic and secure\u2014our 22ct Gold Ball Stud Earrings feature a screw back for everyday comfort and elegance. A timeless essential from PureJewels.","og_url":"https:\/\/www.purejewels.com\/tr\/urun\/guvenli-geri-itmeli-22-ayar-altin-kure-saplama-kupe\/","og_site_name":"PureJewels UK","article_modified_time":"2026-04-28T12:15:33+00:00","og_image":[{"width":1000,"height":1000,"url":"https:\/\/static.purejewels.com\/wp-content\/uploads\/2024\/05\/SKU-51266.jpg","type":"image\/jpeg"}],"twitter_card":"summary_large_image","twitter_misc":{"Tahmini okuma s\u00fcresi":"1 dakika"},"schema":{"@context":"https:\/\/schema.org","@graph":[{"@type":["WebPage","ItemPage"],"@id":"https:\/\/www.purejewels.com\/product\/22ct-gold-ball-stud-earring-with-secure-push-back\/","url":"https:\/\/www.purejewels.com\/product\/22ct-gold-ball-stud-earring-with-secure-push-back\/","name":"22 Ayar Alt\u0131n Top Saplama K\u00fcpe | G\u00fcvenli Vidal\u0131 S\u0131rt | PureJewels UK","isPartOf":{"@id":"https:\/\/www.purejewels.com\/#website"},"primaryImageOfPage":{"@id":"https:\/\/www.purejewels.com\/product\/22ct-gold-ball-stud-earring-with-secure-push-back\/#primaryimage"},"image":{"@id":"https:\/\/www.purejewels.com\/product\/22ct-gold-ball-stud-earring-with-secure-push-back\/#primaryimage"},"thumbnailUrl":"https:\/\/static.purejewels.com\/wp-content\/uploads\/2024\/05\/SKU-51266.jpg","datePublished":"2024-05-27T13:54:48+00:00","dateModified":"2026-04-28T12:15:33+00:00","description":"Klasik ve g\u00fcvenli - 22 Ayar Alt\u0131n Top Saplama K\u00fcpelerimiz g\u00fcnl\u00fck rahatl\u0131k ve \u015f\u0131kl\u0131k i\u00e7in vidal\u0131 bir arkaya sahiptir. PureJewels'ten zamans\u0131z bir vazge\u00e7ilmez.","breadcrumb":{"@id":"https:\/\/www.purejewels.com\/product\/22ct-gold-ball-stud-earring-with-secure-push-back\/#breadcrumb"},"inLanguage":"tr","potentialAction":[{"@type":"ReadAction","target":["https:\/\/www.purejewels.com\/product\/22ct-gold-ball-stud-earring-with-secure-push-back\/"]}]},{"@type":"ImageObject","inLanguage":"tr","@id":"https:\/\/www.purejewels.com\/product\/22ct-gold-ball-stud-earring-with-secure-push-back\/#primaryimage","url":"https:\/\/static.purejewels.com\/wp-content\/uploads\/2024\/05\/SKU-51266.jpg","contentUrl":"https:\/\/static.purejewels.com\/wp-content\/uploads\/2024\/05\/SKU-51266.jpg","width":1000,"height":1000,"caption":"51812"},{"@type":"BreadcrumbList","@id":"https:\/\/www.purejewels.com\/product\/22ct-gold-ball-stud-earring-with-secure-push-back\/#breadcrumb","itemListElement":[{"@type":"ListItem","position":1,"name":"Home","item":"https:\/\/www.purejewels.com\/"},{"@type":"ListItem","position":2,"name":"Shop","item":"https:\/\/www.purejewels.com\/shop\/"},{"@type":"ListItem","position":3,"name":"22ct Gold Round Stud Earrings \u2013 Push Back"}]},{"@type":"WebSite","@id":"https:\/\/www.purejewels.com\/#website","url":"https:\/\/www.purejewels.com\/","name":"PureJewels \u0130ngiltere","description":"Sevgiyi Payla\u015f\u0131n","publisher":{"@id":"https:\/\/www.purejewels.com\/#organization"},"potentialAction":[{"@type":"SearchAction","target":{"@type":"EntryPoint","urlTemplate":"https:\/\/www.purejewels.com\/?s={search_term_string}"},"query-input":{"@type":"PropertyValueSpecification","valueRequired":true,"valueName":"search_term_string"}}],"inLanguage":"tr"},{"@type":"Organization","@id":"https:\/\/www.purejewels.com\/#organization","name":"PureJewels \u0130ngiltere","url":"https:\/\/www.purejewels.com\/","logo":{"@type":"ImageObject","inLanguage":"tr","@id":"https:\/\/www.purejewels.com\/#\/schema\/logo\/image\/","url":"https:\/\/static.purejewels.com\/wp-content\/uploads\/2020\/11\/Logo-PJ-New-1.png","contentUrl":"https:\/\/static.purejewels.com\/wp-content\/uploads\/2020\/11\/Logo-PJ-New-1.png","width":150,"height":80,"caption":"PureJewels UK"},"image":{"@id":"https:\/\/www.purejewels.com\/#\/schema\/logo\/image\/"}}]}},"_links":{"self":[{"href":"https:\/\/www.purejewels.com\/tr\/wp-json\/wp\/v2\/product\/398718","targetHints":{"allow":["GET"]}}],"collection":[{"href":"https:\/\/www.purejewels.com\/tr\/wp-json\/wp\/v2\/product"}],"about":[{"href":"https:\/\/www.purejewels.com\/tr\/wp-json\/wp\/v2\/types\/product"}],"replies":[{"embeddable":true,"href":"https:\/\/www.purejewels.com\/tr\/wp-json\/wp\/v2\/comments?post=398718"}],"version-history":[{"count":6,"href":"https:\/\/www.purejewels.com\/tr\/wp-json\/wp\/v2\/product\/398718\/revisions"}],"predecessor-version":[{"id":417750,"href":"https:\/\/www.purejewels.com\/tr\/wp-json\/wp\/v2\/product\/398718\/revisions\/417750"}],"wp:featuredmedia":[{"embeddable":true,"href":"https:\/\/www.purejewels.com\/tr\/wp-json\/wp\/v2\/media\/404364"}],"wp:attachment":[{"href":"https:\/\/www.purejewels.com\/tr\/wp-json\/wp\/v2\/media?parent=398718"}],"wp:term":[{"taxonomy":"product_brand","embeddable":true,"href":"https:\/\/www.purejewels.com\/tr\/wp-json\/wp\/v2\/product_brand?post=398718"},{"taxonomy":"product_cat","embeddable":true,"href":"https:\/\/www.purejewels.com\/tr\/wp-json\/wp\/v2\/product_cat?post=398718"},{"taxonomy":"product_tag","embeddable":true,"href":"https:\/\/www.purejewels.com\/tr\/wp-json\/wp\/v2\/product_tag?post=398718"}],"curies":[{"name":"wp","href":"https:\/\/api.w.org\/{rel}","templated":true}]}}