{"id":3988,"date":"2017-07-19T13:23:09","date_gmt":"2017-07-19T12:23:09","guid":{"rendered":"http:\/\/new.purejewels.com\/product\/22ct-gold-sparkle-bangle-5\/"},"modified":"2026-03-09T07:49:53","modified_gmt":"2026-03-09T07:49:53","slug":"22-ayar-altin-isiltili-bileklik-5","status":"publish","type":"product","link":"https:\/\/www.purejewels.com\/tr\/product\/22ct-gold-sparkle-bangle-5\/","title":{"rendered":"22 Ayar Alt\u0131n I\u015f\u0131lt\u0131l\u0131 Bileklik"},"content":{"rendered":"<p><strong>Tasar\u0131m Konsepti<\/strong><\/p>\n<p>Bu 22 ayar alt\u0131n \u0131\u015f\u0131lt\u0131l\u0131 bileklik <a href=\"https:\/\/www.purejewels.com\/tr\/product-category\/22ct-gold-jewellery\/gold-bracelet\/\">Bilezik<\/a> ince doku ve ritmik simetrinin g\u00fczelli\u011finden esinlenmi\u015ftir. Tasar\u0131m, p\u00fcr\u00fczs\u00fcz bir alt\u0131n bant boyunca yerle\u015ftirilen ince detayl\u0131 boncuk dizisini vurgulayarak dengeli bir g\u00f6rsel ak\u0131\u015f yarat\u0131r. Her bir boncuk, \u0131\u015f\u0131\u011f\u0131 g\u00fczel bir \u015fekilde yakalayan ve 22 ayar alt\u0131n\u0131n do\u011fal \u0131\u015f\u0131lt\u0131s\u0131n\u0131 art\u0131ran hafif bir par\u0131lt\u0131 \u00fcreten karma\u015f\u0131k y\u0131ld\u0131z benzeri desenlere sahiptir.<\/p>\n<p><strong>Zanaatkarl\u0131k<\/strong><\/p>\n<p>22 ayar alt\u0131ndan ustal\u0131kla \u00fcretilen bu bileklik, ince detaylar ve \u00f6zenli bir i\u015f\u00e7ilik sergiler. Dekoratif boncuklar, yumu\u015fak bir \u0131\u015f\u0131lt\u0131 efekti yarat\u0131rken bile\u011fe kar\u015f\u0131 p\u00fcr\u00fczs\u00fcz bir rahatl\u0131k sa\u011flamak i\u00e7in hassas bir \u015fekilde dokuland\u0131r\u0131lm\u0131\u015ft\u0131r. Parlat\u0131lm\u0131\u015f alt\u0131n bant, geleneksel alt\u0131n tak\u0131 i\u015f\u00e7ili\u011finin ard\u0131ndaki hassasiyeti ve beceriyi yans\u0131tarak yap\u0131sal g\u00fc\u00e7 ve zarafet sa\u011flar.<\/p>\n<p><strong>Stil Fikirleri<\/strong><\/p>\n<p>Bu \u00e7ok y\u00f6nl\u00fc 22 ayar alt\u0131n bileklik, tek ba\u015f\u0131na zarif bir ifade olarak tak\u0131labilir veya di\u011fer bilekliklerle katmanlanabilir. <a href=\"https:\/\/www.purejewels.com\/tr\/how-to-measure-bangle-size-2\/\">B\u0130LEZ\u0130KLER<\/a> \u00e7a\u011fda\u015f bir y\u0131\u011fma g\u00f6r\u00fcn\u00fcm i\u00e7in. Zarif bir g\u00fcnl\u00fck tak\u0131 stili olu\u015fturmak i\u00e7in alt\u0131n k\u00fcpeler veya sade bir zincir kolye ile e\u015fle\u015ftirin. Zarif ama abart\u0131s\u0131z tasar\u0131m\u0131, onu hem g\u00fcndelik g\u00fcnler hem de bayram kutlamalar\u0131 i\u00e7in m\u00fckemmel k\u0131lar.<\/p>","protected":false},"excerpt":{"rendered":"<p>I\u015f\u0131lt\u0131l\u0131 bir par\u0131lt\u0131 etkisi yaratan dokulu dekoratif boncuklara sahip zarif 22 ayar alt\u0131n \u0131\u015f\u0131lt\u0131l\u0131 bileklik. Zamans\u0131z g\u00fcnl\u00fck \u015f\u0131kl\u0131k i\u00e7in tasarlanm\u0131\u015f zarif bir alt\u0131n bileklik.<\/p>\n<ul>\n<li><strong>Malzeme:<\/strong>\u00a022 Ayar Alt\u0131n (91,6% Saf Alt\u0131n)<\/li>\n<li><strong>Hallmark:\u00a0<\/strong>\u0130ngiliz Damgas\u0131<\/li>\n<li><strong>Br\u00fct A\u011f\u0131rl\u0131k: <\/strong>25.6grms<\/li>\n<li><strong>SKU: <\/strong>24441<\/li>\n<\/ul>\n<p><strong><br \/>\nFiyat ve Teslimat:\u00a0<\/strong>KDV ve teslimat \u00fccretleri dahil<\/p>\n<p><strong><a href=\"https:\/\/www.purejewels.com\/tr\/i%cc%87ade-poli%cc%87ti%cc%87kasi\/\">\u0130ade Politikas\u0131<\/a><\/strong><\/p>\n<p>&nbsp;<\/p>","protected":false},"featured_media":3989,"comment_status":"closed","ping_status":"closed","template":"","meta":{"_eb_attr":"","_crsspst_to_jayantr4sg-hostcom":false},"product_brand":[],"product_cat":[1657,248],"product_tag":[1514,63,1521],"class_list":{"0":"post-3988","1":"product","2":"type-product","3":"status-publish","4":"has-post-thumbnail","6":"product_cat-single-bangle","7":"product_cat-sparkle-collections","8":"product_tag-bangles","9":"product_tag-gold","10":"product_tag-kada","12":"first","13":"outofstock","14":"taxable","15":"shipping-taxable","16":"product-type-simple","17":"add-to-wishlist-before_image"},"yoast_head":"<!-- This site is optimized with the Yoast SEO plugin v27.3 - https:\/\/yoast.com\/product\/yoast-seo-wordpress\/ -->\n<title>22ct Gold Sparkle Bead Bangle UK | Hallmarked Gold Bracelet<\/title>\n<meta name=\"description\" content=\"Shop a 22ct gold sparkle bangle featuring textured decorative beads and a polished band. London Assay Office hallmarked gold bracelet crafted for timeless elegance.\" \/>\n<meta name=\"robots\" content=\"index, follow, max-snippet:-1, max-image-preview:large, max-video-preview:-1\" \/>\n<link rel=\"canonical\" href=\"https:\/\/www.purejewels.com\/tr\/urun\/22-ayar-altin-isiltili-bileklik-5\/\" \/>\n<meta property=\"og:locale\" content=\"tr_TR\" \/>\n<meta property=\"og:type\" content=\"article\" \/>\n<meta property=\"og:title\" content=\"22ct Gold Sparkle Bead Bangle UK | Hallmarked Gold Bracelet\" \/>\n<meta property=\"og:description\" content=\"Shop a 22ct gold sparkle bangle featuring textured decorative beads and a polished band. London Assay Office hallmarked gold bracelet crafted for timeless elegance.\" \/>\n<meta property=\"og:url\" content=\"https:\/\/www.purejewels.com\/tr\/urun\/22-ayar-altin-isiltili-bileklik-5\/\" \/>\n<meta property=\"og:site_name\" content=\"PureJewels UK\" \/>\n<meta property=\"article:modified_time\" content=\"2026-03-09T07:49:53+00:00\" \/>\n<meta property=\"og:image\" content=\"https:\/\/static.purejewels.com\/wp-content\/uploads\/2017\/07\/img_6975_960px-2.jpg\" \/>\n\t<meta property=\"og:image:width\" content=\"960\" \/>\n\t<meta property=\"og:image:height\" content=\"960\" \/>\n\t<meta property=\"og:image:type\" content=\"image\/jpeg\" \/>\n<meta name=\"twitter:card\" content=\"summary_large_image\" \/>\n<meta name=\"twitter:label1\" content=\"Tahmini okuma s\u00fcresi\" \/>\n\t<meta name=\"twitter:data1\" content=\"1 dakika\" \/>\n<script type=\"application\/ld+json\" class=\"yoast-schema-graph\">{\"@context\":\"https:\\\/\\\/schema.org\",\"@graph\":[{\"@type\":[\"WebPage\",\"ItemPage\"],\"@id\":\"https:\\\/\\\/www.purejewels.com\\\/product\\\/22ct-gold-sparkle-bangle-5\\\/\",\"url\":\"https:\\\/\\\/www.purejewels.com\\\/product\\\/22ct-gold-sparkle-bangle-5\\\/\",\"name\":\"22ct Gold Sparkle Bead Bangle UK | Hallmarked Gold Bracelet\",\"isPartOf\":{\"@id\":\"https:\\\/\\\/www.purejewels.com\\\/#website\"},\"primaryImageOfPage\":{\"@id\":\"https:\\\/\\\/www.purejewels.com\\\/product\\\/22ct-gold-sparkle-bangle-5\\\/#primaryimage\"},\"image\":{\"@id\":\"https:\\\/\\\/www.purejewels.com\\\/product\\\/22ct-gold-sparkle-bangle-5\\\/#primaryimage\"},\"thumbnailUrl\":\"https:\\\/\\\/static.purejewels.com\\\/wp-content\\\/uploads\\\/2017\\\/07\\\/img_6975_960px-2.jpg\",\"datePublished\":\"2017-07-19T12:23:09+00:00\",\"dateModified\":\"2026-03-09T07:49:53+00:00\",\"description\":\"Shop a 22ct gold sparkle bangle featuring textured decorative beads and a polished band. London Assay Office hallmarked gold bracelet crafted for timeless elegance.\",\"breadcrumb\":{\"@id\":\"https:\\\/\\\/www.purejewels.com\\\/product\\\/22ct-gold-sparkle-bangle-5\\\/#breadcrumb\"},\"inLanguage\":\"tr\",\"potentialAction\":[{\"@type\":\"ReadAction\",\"target\":[\"https:\\\/\\\/www.purejewels.com\\\/product\\\/22ct-gold-sparkle-bangle-5\\\/\"]}]},{\"@type\":\"ImageObject\",\"inLanguage\":\"tr\",\"@id\":\"https:\\\/\\\/www.purejewels.com\\\/product\\\/22ct-gold-sparkle-bangle-5\\\/#primaryimage\",\"url\":\"https:\\\/\\\/static.purejewels.com\\\/wp-content\\\/uploads\\\/2017\\\/07\\\/img_6975_960px-2.jpg\",\"contentUrl\":\"https:\\\/\\\/static.purejewels.com\\\/wp-content\\\/uploads\\\/2017\\\/07\\\/img_6975_960px-2.jpg\",\"width\":960,\"height\":960,\"caption\":\"img_6975_960px.jpg\"},{\"@type\":\"BreadcrumbList\",\"@id\":\"https:\\\/\\\/www.purejewels.com\\\/product\\\/22ct-gold-sparkle-bangle-5\\\/#breadcrumb\",\"itemListElement\":[{\"@type\":\"ListItem\",\"position\":1,\"name\":\"Home\",\"item\":\"https:\\\/\\\/www.purejewels.com\\\/\"},{\"@type\":\"ListItem\",\"position\":2,\"name\":\"Shop\",\"item\":\"https:\\\/\\\/www.purejewels.com\\\/shop\\\/\"},{\"@type\":\"ListItem\",\"position\":3,\"name\":\"22ct Gold Sparkle Bangle\"}]},{\"@type\":\"WebSite\",\"@id\":\"https:\\\/\\\/www.purejewels.com\\\/#website\",\"url\":\"https:\\\/\\\/www.purejewels.com\\\/\",\"name\":\"PureJewels UK\",\"description\":\"Share the Love\",\"publisher\":{\"@id\":\"https:\\\/\\\/www.purejewels.com\\\/#organization\"},\"potentialAction\":[{\"@type\":\"SearchAction\",\"target\":{\"@type\":\"EntryPoint\",\"urlTemplate\":\"https:\\\/\\\/www.purejewels.com\\\/?s={search_term_string}\"},\"query-input\":{\"@type\":\"PropertyValueSpecification\",\"valueRequired\":true,\"valueName\":\"search_term_string\"}}],\"inLanguage\":\"tr\"},{\"@type\":\"Organization\",\"@id\":\"https:\\\/\\\/www.purejewels.com\\\/#organization\",\"name\":\"PureJewels UK\",\"url\":\"https:\\\/\\\/www.purejewels.com\\\/\",\"logo\":{\"@type\":\"ImageObject\",\"inLanguage\":\"tr\",\"@id\":\"https:\\\/\\\/www.purejewels.com\\\/#\\\/schema\\\/logo\\\/image\\\/\",\"url\":\"https:\\\/\\\/static.purejewels.com\\\/wp-content\\\/uploads\\\/2020\\\/11\\\/Logo-PJ-New-1.png\",\"contentUrl\":\"https:\\\/\\\/static.purejewels.com\\\/wp-content\\\/uploads\\\/2020\\\/11\\\/Logo-PJ-New-1.png\",\"width\":150,\"height\":80,\"caption\":\"PureJewels UK\"},\"image\":{\"@id\":\"https:\\\/\\\/www.purejewels.com\\\/#\\\/schema\\\/logo\\\/image\\\/\"}}]}<\/script>\n<!-- \/ Yoast SEO plugin. -->","yoast_head_json":{"title":"22 Ayar Alt\u0131n I\u015f\u0131lt\u0131l\u0131 Boncuk Bileklik \u0130ngiltere | Hallmarked Alt\u0131n Bileklik","description":"Dokulu dekoratif boncuklar ve cilal\u0131 bir bant i\u00e7eren 22 ayar alt\u0131n \u0131\u015f\u0131lt\u0131l\u0131 bir bileklik sat\u0131n al\u0131n. London Assay Office damgal\u0131 alt\u0131n bileklik, zamans\u0131z bir \u015f\u0131kl\u0131k i\u00e7in \u00fcretilmi\u015ftir.","robots":{"index":"index","follow":"follow","max-snippet":"max-snippet:-1","max-image-preview":"max-image-preview:large","max-video-preview":"max-video-preview:-1"},"canonical":"https:\/\/www.purejewels.com\/tr\/urun\/22-ayar-altin-isiltili-bileklik-5\/","og_locale":"tr_TR","og_type":"article","og_title":"22ct Gold Sparkle Bead Bangle UK | Hallmarked Gold Bracelet","og_description":"Shop a 22ct gold sparkle bangle featuring textured decorative beads and a polished band. London Assay Office hallmarked gold bracelet crafted for timeless elegance.","og_url":"https:\/\/www.purejewels.com\/tr\/urun\/22-ayar-altin-isiltili-bileklik-5\/","og_site_name":"PureJewels UK","article_modified_time":"2026-03-09T07:49:53+00:00","og_image":[{"width":960,"height":960,"url":"https:\/\/static.purejewels.com\/wp-content\/uploads\/2017\/07\/img_6975_960px-2.jpg","type":"image\/jpeg"}],"twitter_card":"summary_large_image","twitter_misc":{"Tahmini okuma s\u00fcresi":"1 dakika"},"schema":{"@context":"https:\/\/schema.org","@graph":[{"@type":["WebPage","ItemPage"],"@id":"https:\/\/www.purejewels.com\/product\/22ct-gold-sparkle-bangle-5\/","url":"https:\/\/www.purejewels.com\/product\/22ct-gold-sparkle-bangle-5\/","name":"22 Ayar Alt\u0131n I\u015f\u0131lt\u0131l\u0131 Boncuk Bileklik \u0130ngiltere | Hallmarked Alt\u0131n Bileklik","isPartOf":{"@id":"https:\/\/www.purejewels.com\/#website"},"primaryImageOfPage":{"@id":"https:\/\/www.purejewels.com\/product\/22ct-gold-sparkle-bangle-5\/#primaryimage"},"image":{"@id":"https:\/\/www.purejewels.com\/product\/22ct-gold-sparkle-bangle-5\/#primaryimage"},"thumbnailUrl":"https:\/\/static.purejewels.com\/wp-content\/uploads\/2017\/07\/img_6975_960px-2.jpg","datePublished":"2017-07-19T12:23:09+00:00","dateModified":"2026-03-09T07:49:53+00:00","description":"Dokulu dekoratif boncuklar ve cilal\u0131 bir bant i\u00e7eren 22 ayar alt\u0131n \u0131\u015f\u0131lt\u0131l\u0131 bir bileklik sat\u0131n al\u0131n. London Assay Office damgal\u0131 alt\u0131n bileklik, zamans\u0131z bir \u015f\u0131kl\u0131k i\u00e7in \u00fcretilmi\u015ftir.","breadcrumb":{"@id":"https:\/\/www.purejewels.com\/product\/22ct-gold-sparkle-bangle-5\/#breadcrumb"},"inLanguage":"tr","potentialAction":[{"@type":"ReadAction","target":["https:\/\/www.purejewels.com\/product\/22ct-gold-sparkle-bangle-5\/"]}]},{"@type":"ImageObject","inLanguage":"tr","@id":"https:\/\/www.purejewels.com\/product\/22ct-gold-sparkle-bangle-5\/#primaryimage","url":"https:\/\/static.purejewels.com\/wp-content\/uploads\/2017\/07\/img_6975_960px-2.jpg","contentUrl":"https:\/\/static.purejewels.com\/wp-content\/uploads\/2017\/07\/img_6975_960px-2.jpg","width":960,"height":960,"caption":"img_6975_960px.jpg"},{"@type":"BreadcrumbList","@id":"https:\/\/www.purejewels.com\/product\/22ct-gold-sparkle-bangle-5\/#breadcrumb","itemListElement":[{"@type":"ListItem","position":1,"name":"Home","item":"https:\/\/www.purejewels.com\/"},{"@type":"ListItem","position":2,"name":"Shop","item":"https:\/\/www.purejewels.com\/shop\/"},{"@type":"ListItem","position":3,"name":"22ct Gold Sparkle Bangle"}]},{"@type":"WebSite","@id":"https:\/\/www.purejewels.com\/#website","url":"https:\/\/www.purejewels.com\/","name":"PureJewels \u0130ngiltere","description":"Sevgiyi Payla\u015f\u0131n","publisher":{"@id":"https:\/\/www.purejewels.com\/#organization"},"potentialAction":[{"@type":"SearchAction","target":{"@type":"EntryPoint","urlTemplate":"https:\/\/www.purejewels.com\/?s={search_term_string}"},"query-input":{"@type":"PropertyValueSpecification","valueRequired":true,"valueName":"search_term_string"}}],"inLanguage":"tr"},{"@type":"Organization","@id":"https:\/\/www.purejewels.com\/#organization","name":"PureJewels \u0130ngiltere","url":"https:\/\/www.purejewels.com\/","logo":{"@type":"ImageObject","inLanguage":"tr","@id":"https:\/\/www.purejewels.com\/#\/schema\/logo\/image\/","url":"https:\/\/static.purejewels.com\/wp-content\/uploads\/2020\/11\/Logo-PJ-New-1.png","contentUrl":"https:\/\/static.purejewels.com\/wp-content\/uploads\/2020\/11\/Logo-PJ-New-1.png","width":150,"height":80,"caption":"PureJewels UK"},"image":{"@id":"https:\/\/www.purejewels.com\/#\/schema\/logo\/image\/"}}]}},"_links":{"self":[{"href":"https:\/\/www.purejewels.com\/tr\/wp-json\/wp\/v2\/product\/3988","targetHints":{"allow":["GET"]}}],"collection":[{"href":"https:\/\/www.purejewels.com\/tr\/wp-json\/wp\/v2\/product"}],"about":[{"href":"https:\/\/www.purejewels.com\/tr\/wp-json\/wp\/v2\/types\/product"}],"replies":[{"embeddable":true,"href":"https:\/\/www.purejewels.com\/tr\/wp-json\/wp\/v2\/comments?post=3988"}],"version-history":[{"count":3,"href":"https:\/\/www.purejewels.com\/tr\/wp-json\/wp\/v2\/product\/3988\/revisions"}],"predecessor-version":[{"id":426826,"href":"https:\/\/www.purejewels.com\/tr\/wp-json\/wp\/v2\/product\/3988\/revisions\/426826"}],"wp:featuredmedia":[{"embeddable":true,"href":"https:\/\/www.purejewels.com\/tr\/wp-json\/wp\/v2\/media\/3989"}],"wp:attachment":[{"href":"https:\/\/www.purejewels.com\/tr\/wp-json\/wp\/v2\/media?parent=3988"}],"wp:term":[{"taxonomy":"product_brand","embeddable":true,"href":"https:\/\/www.purejewels.com\/tr\/wp-json\/wp\/v2\/product_brand?post=3988"},{"taxonomy":"product_cat","embeddable":true,"href":"https:\/\/www.purejewels.com\/tr\/wp-json\/wp\/v2\/product_cat?post=3988"},{"taxonomy":"product_tag","embeddable":true,"href":"https:\/\/www.purejewels.com\/tr\/wp-json\/wp\/v2\/product_tag?post=3988"}],"curies":[{"name":"wp","href":"https:\/\/api.w.org\/{rel}","templated":true}]}}