{"id":400792,"date":"2025-03-17T07:25:50","date_gmt":"2025-03-17T07:25:50","guid":{"rendered":"https:\/\/www.purejewels.com\/?post_type=product&#038;p=400792"},"modified":"2026-04-27T06:37:59","modified_gmt":"2026-04-27T05:37:59","slug":"22-ayar-bas-harf-j-kolye-ucu","status":"publish","type":"product","link":"https:\/\/www.purejewels.com\/tr\/product\/22ct-initial-j-pendant\/","title":{"rendered":"Ger\u00e7ek Alt\u0131n Ba\u015f Harfi J Kolye"},"content":{"rendered":"<p><strong>22 Ayar Alt\u0131n Alfabe Kolye - 'J'<\/strong><\/p>\n<p>Hem \u00e7ocuklar hem de kad\u0131nlar i\u00e7in \u00f6zenle tasarlanm\u0131\u015f bu zarif 22 Ayar Alt\u0131n 'J' Ba\u015f Harfi Kolyesi ile kimli\u011finizi kutlay\u0131n. Parlak sar\u0131 alt\u0131ndan \u00fcretilen \u015f\u0131k ve klasik formu, ki\u015fisel anlam\u0131n zamans\u0131z bir ifadesini sunuyor. \u0130ster g\u00fcnl\u00fck olarak tak\u0131ls\u0131n ister \u00f6zel bir g\u00fcn i\u00e7in hediye edilsin, bu kolye ucu sevilen bir ba\u015f harfi ta\u015f\u0131man\u0131n veya payla\u015fman\u0131n g\u00fczel bir yoludur; sade, \u015f\u0131k ve sonsuza dek anlaml\u0131.<\/p>\n<p><span data-sheets-root=\"1\">Ger\u00e7ek alt\u0131ndan yap\u0131lm\u0131\u015f bu zarif Alfabe J Kolye, m\u00fccevher koleksiyonunuza ki\u015fiselle\u015ftirme dokunu\u015fu katan zamans\u0131z bir par\u00e7ad\u0131r. 22 ayar alt\u0131ndan yap\u0131lm\u0131\u015f ve \u0130ngiliz damgas\u0131 ta\u015f\u0131yan bu kolye ucu, kalite ve i\u015f\u00e7ili\u011fin sembol\u00fcd\u00fcr. \u0130ster kendinize ister sevdi\u011finiz birine hediye edin, bu ba\u015f harfli kolye anlaml\u0131 ve \u015f\u0131k bir se\u00e7imdir.<\/span><\/p>\n<p>J kolyenin \u015f\u0131k tasar\u0131m\u0131, g\u00fcnl\u00fck kullan\u0131m i\u00e7in \u00e7ok y\u00f6nl\u00fc olmas\u0131n\u0131 sa\u011flar ve her k\u0131yafete ince ama zarif bir dokunu\u015f katar. G\u00f6r\u00fcn\u00fcm\u00fc tamamlamak ve bir a\u00e7\u0131klama yapmak i\u00e7in se\u00e7ti\u011finiz bir zincirle e\u015fle\u015ftirin. \u00dccretsiz takipli teslimat ve 30 g\u00fcnl\u00fck para iade garantisi ile bu \u00e7arp\u0131c\u0131 kolye ucu i\u00e7in al\u0131\u015fveri\u015f yapmak rahat ve risksizdir.<\/p>\n<p>PureJewels'in bu \u00e7arp\u0131c\u0131 J Harfli Kolyesi ile bireyselli\u011finizi kutlay\u0131n ve tarz\u0131n\u0131z\u0131 sergileyin. \u015eimdi sipari\u015f verin ve ger\u00e7ek alt\u0131n tak\u0131lar\u0131n l\u00fcks\u00fcn\u00fc uygun fiyata ya\u015fay\u0131n.<\/p>","protected":false},"excerpt":{"rendered":"<p>PureJewels'in bu zarif 22 Ayar Alt\u0131n Ba\u015f Harfi J Kolyesi ile kimli\u011finizi kutlay\u0131n. Zengin sar\u0131 alt\u0131ndan \u00fcretilen bu kolye, d\u00fc\u015f\u00fcnceli bir hediye veya g\u00fcnl\u00fck kullan\u0131m i\u00e7in \u015f\u0131k bir ki\u015fisel aksesuard\u0131r.<\/p>\n<p><strong>Malzeme:<\/strong>\u00a022 Ayar Alt\u0131n<strong><br \/>\nHallmark:\u00a0<\/strong>\u0130ngiliz Damgas\u0131<strong><br \/>\n<\/strong><strong>Br\u00fct A\u011f\u0131rl\u0131k: <\/strong>0.90 Gms<strong><br \/>\nSKU: <\/strong>52085<\/p>\n<p><strong>Fiyat ve Teslimat<\/strong>: KDV ve teslimat \u00fccretleri dahil<br \/>\n<strong>Not<\/strong>: Zincir dahil de\u011fildir<br \/>\n<a href=\"https:\/\/www.purejewels.com\/tr\/i%cc%87ade-poli%cc%87ti%cc%87kasi\/\">\u0130ade Politikas\u0131<\/a><\/p>","protected":false},"featured_media":400793,"comment_status":"closed","ping_status":"closed","template":"","meta":{"_eb_attr":"","_crsspst_to_jayantr4sg-hostcom":true},"product_brand":[],"product_cat":[1576,6122,5598,5342,5943,1769,1767,5906,6051,5338,6120,1575,5349],"product_tag":[],"class_list":{"0":"post-400792","1":"product","2":"type-product","3":"status-publish","4":"has-post-thumbnail","6":"product_cat-childrens-jewellery","7":"product_cat-initial","8":"product_cat-initial-pendant","9":"product_cat-jewellery-under-250","10":"product_cat-kids-jewellery","11":"product_cat-kids-pendants","12":"product_cat-ladies-pendants","13":"product_cat-personalised-jewellery","14":"product_cat-personalised-pendant","15":"product_cat-shop-by-price","16":"product_cat-shop-by-style","17":"product_cat-teenage-jewellery","18":"product_cat-yellow-gold-jewellery","20":"first","21":"instock","22":"taxable","23":"shipping-taxable","24":"purchasable","25":"product-type-simple","26":"add-to-wishlist-before_image"},"yoast_head":"<!-- This site is optimized with the Yoast SEO plugin v27.5 - https:\/\/yoast.com\/product\/yoast-seo-wordpress\/ -->\n<title>Alphabet J Pendant in real gold \u2013 PureJewels UK<\/title>\n<meta name=\"description\" content=\"Celebrate your story with our 22ct Yellow Gold Initial J Pendant. This elegant gold letter pendant is a timeless keepsake and a perfect personalised gift.\" \/>\n<meta name=\"robots\" content=\"index, follow, max-snippet:-1, max-image-preview:large, max-video-preview:-1\" \/>\n<link rel=\"canonical\" href=\"https:\/\/www.purejewels.com\/tr\/urun\/22-ayar-bas-harf-j-kolye-ucu\/\" \/>\n<meta property=\"og:locale\" content=\"tr_TR\" \/>\n<meta property=\"og:type\" content=\"article\" \/>\n<meta property=\"og:title\" content=\"Alphabet J Pendant in real gold \u2013 PureJewels UK\" \/>\n<meta property=\"og:description\" content=\"Celebrate your story with our 22ct Yellow Gold Initial J Pendant. This elegant gold letter pendant is a timeless keepsake and a perfect personalised gift.\" \/>\n<meta property=\"og:url\" content=\"https:\/\/www.purejewels.com\/tr\/urun\/22-ayar-bas-harf-j-kolye-ucu\/\" \/>\n<meta property=\"og:site_name\" content=\"PureJewels UK\" \/>\n<meta property=\"article:modified_time\" content=\"2026-04-27T05:37:59+00:00\" \/>\n<meta property=\"og:image\" content=\"https:\/\/static.purejewels.com\/wp-content\/uploads\/2025\/06\/SKu-52085.png\" \/>\n\t<meta property=\"og:image:width\" content=\"1000\" \/>\n\t<meta property=\"og:image:height\" content=\"1000\" \/>\n\t<meta property=\"og:image:type\" content=\"image\/png\" \/>\n<meta name=\"twitter:card\" content=\"summary_large_image\" \/>\n<meta name=\"twitter:label1\" content=\"Tahmini okuma s\u00fcresi\" \/>\n\t<meta name=\"twitter:data1\" content=\"2 dakika\" \/>\n<script type=\"application\/ld+json\" class=\"yoast-schema-graph\">{\"@context\":\"https:\\\/\\\/schema.org\",\"@graph\":[{\"@type\":[\"WebPage\",\"ItemPage\"],\"@id\":\"https:\\\/\\\/www.purejewels.com\\\/product\\\/22ct-initial-j-pendant\\\/\",\"url\":\"https:\\\/\\\/www.purejewels.com\\\/product\\\/22ct-initial-j-pendant\\\/\",\"name\":\"Alphabet J Pendant in real gold \u2013 PureJewels UK\",\"isPartOf\":{\"@id\":\"https:\\\/\\\/www.purejewels.com\\\/#website\"},\"primaryImageOfPage\":{\"@id\":\"https:\\\/\\\/www.purejewels.com\\\/product\\\/22ct-initial-j-pendant\\\/#primaryimage\"},\"image\":{\"@id\":\"https:\\\/\\\/www.purejewels.com\\\/product\\\/22ct-initial-j-pendant\\\/#primaryimage\"},\"thumbnailUrl\":\"https:\\\/\\\/static.purejewels.com\\\/wp-content\\\/uploads\\\/2025\\\/06\\\/SKu-52085.png\",\"datePublished\":\"2025-03-17T07:25:50+00:00\",\"dateModified\":\"2026-04-27T05:37:59+00:00\",\"description\":\"Celebrate your story with our 22ct Yellow Gold Initial J Pendant. This elegant gold letter pendant is a timeless keepsake and a perfect personalised gift.\",\"breadcrumb\":{\"@id\":\"https:\\\/\\\/www.purejewels.com\\\/product\\\/22ct-initial-j-pendant\\\/#breadcrumb\"},\"inLanguage\":\"tr\",\"potentialAction\":[{\"@type\":\"ReadAction\",\"target\":[\"https:\\\/\\\/www.purejewels.com\\\/product\\\/22ct-initial-j-pendant\\\/\"]}]},{\"@type\":\"ImageObject\",\"inLanguage\":\"tr\",\"@id\":\"https:\\\/\\\/www.purejewels.com\\\/product\\\/22ct-initial-j-pendant\\\/#primaryimage\",\"url\":\"https:\\\/\\\/static.purejewels.com\\\/wp-content\\\/uploads\\\/2025\\\/06\\\/SKu-52085.png\",\"contentUrl\":\"https:\\\/\\\/static.purejewels.com\\\/wp-content\\\/uploads\\\/2025\\\/06\\\/SKu-52085.png\",\"width\":1000,\"height\":1000,\"caption\":\"Initial J Pendant\"},{\"@type\":\"BreadcrumbList\",\"@id\":\"https:\\\/\\\/www.purejewels.com\\\/product\\\/22ct-initial-j-pendant\\\/#breadcrumb\",\"itemListElement\":[{\"@type\":\"ListItem\",\"position\":1,\"name\":\"Home\",\"item\":\"https:\\\/\\\/www.purejewels.com\\\/\"},{\"@type\":\"ListItem\",\"position\":2,\"name\":\"Shop\",\"item\":\"https:\\\/\\\/www.purejewels.com\\\/shop\\\/\"},{\"@type\":\"ListItem\",\"position\":3,\"name\":\"Real Gold Initial J Pendant\"}]},{\"@type\":\"WebSite\",\"@id\":\"https:\\\/\\\/www.purejewels.com\\\/#website\",\"url\":\"https:\\\/\\\/www.purejewels.com\\\/\",\"name\":\"PureJewels UK\",\"description\":\"Share the Love\",\"publisher\":{\"@id\":\"https:\\\/\\\/www.purejewels.com\\\/#organization\"},\"potentialAction\":[{\"@type\":\"SearchAction\",\"target\":{\"@type\":\"EntryPoint\",\"urlTemplate\":\"https:\\\/\\\/www.purejewels.com\\\/?s={search_term_string}\"},\"query-input\":{\"@type\":\"PropertyValueSpecification\",\"valueRequired\":true,\"valueName\":\"search_term_string\"}}],\"inLanguage\":\"tr\"},{\"@type\":\"Organization\",\"@id\":\"https:\\\/\\\/www.purejewels.com\\\/#organization\",\"name\":\"PureJewels UK\",\"url\":\"https:\\\/\\\/www.purejewels.com\\\/\",\"logo\":{\"@type\":\"ImageObject\",\"inLanguage\":\"tr\",\"@id\":\"https:\\\/\\\/www.purejewels.com\\\/#\\\/schema\\\/logo\\\/image\\\/\",\"url\":\"https:\\\/\\\/static.purejewels.com\\\/wp-content\\\/uploads\\\/2020\\\/11\\\/Logo-PJ-New-1.png\",\"contentUrl\":\"https:\\\/\\\/static.purejewels.com\\\/wp-content\\\/uploads\\\/2020\\\/11\\\/Logo-PJ-New-1.png\",\"width\":150,\"height\":80,\"caption\":\"PureJewels UK\"},\"image\":{\"@id\":\"https:\\\/\\\/www.purejewels.com\\\/#\\\/schema\\\/logo\\\/image\\\/\"}}]}<\/script>\n<!-- \/ Yoast SEO plugin. -->","yoast_head_json":{"title":"Ger\u00e7ek alt\u0131n Alfabe J Kolye - PureJewels UK","description":"Hikayenizi 22 Ayar Sar\u0131 Alt\u0131n J Harfli Kolyemizle kutlay\u0131n. Bu zarif alt\u0131n harfli kolye ucu, zamans\u0131z bir hat\u0131ra ve m\u00fckemmel bir ki\u015fiselle\u015ftirilmi\u015f hediyedir.","robots":{"index":"index","follow":"follow","max-snippet":"max-snippet:-1","max-image-preview":"max-image-preview:large","max-video-preview":"max-video-preview:-1"},"canonical":"https:\/\/www.purejewels.com\/tr\/urun\/22-ayar-bas-harf-j-kolye-ucu\/","og_locale":"tr_TR","og_type":"article","og_title":"Alphabet J Pendant in real gold \u2013 PureJewels UK","og_description":"Celebrate your story with our 22ct Yellow Gold Initial J Pendant. This elegant gold letter pendant is a timeless keepsake and a perfect personalised gift.","og_url":"https:\/\/www.purejewels.com\/tr\/urun\/22-ayar-bas-harf-j-kolye-ucu\/","og_site_name":"PureJewels UK","article_modified_time":"2026-04-27T05:37:59+00:00","og_image":[{"width":1000,"height":1000,"url":"https:\/\/static.purejewels.com\/wp-content\/uploads\/2025\/06\/SKu-52085.png","type":"image\/png"}],"twitter_card":"summary_large_image","twitter_misc":{"Tahmini okuma s\u00fcresi":"2 dakika"},"schema":{"@context":"https:\/\/schema.org","@graph":[{"@type":["WebPage","ItemPage"],"@id":"https:\/\/www.purejewels.com\/product\/22ct-initial-j-pendant\/","url":"https:\/\/www.purejewels.com\/product\/22ct-initial-j-pendant\/","name":"Ger\u00e7ek alt\u0131n Alfabe J Kolye - PureJewels UK","isPartOf":{"@id":"https:\/\/www.purejewels.com\/#website"},"primaryImageOfPage":{"@id":"https:\/\/www.purejewels.com\/product\/22ct-initial-j-pendant\/#primaryimage"},"image":{"@id":"https:\/\/www.purejewels.com\/product\/22ct-initial-j-pendant\/#primaryimage"},"thumbnailUrl":"https:\/\/static.purejewels.com\/wp-content\/uploads\/2025\/06\/SKu-52085.png","datePublished":"2025-03-17T07:25:50+00:00","dateModified":"2026-04-27T05:37:59+00:00","description":"Hikayenizi 22 Ayar Sar\u0131 Alt\u0131n J Harfli Kolyemizle kutlay\u0131n. Bu zarif alt\u0131n harfli kolye ucu, zamans\u0131z bir hat\u0131ra ve m\u00fckemmel bir ki\u015fiselle\u015ftirilmi\u015f hediyedir.","breadcrumb":{"@id":"https:\/\/www.purejewels.com\/product\/22ct-initial-j-pendant\/#breadcrumb"},"inLanguage":"tr","potentialAction":[{"@type":"ReadAction","target":["https:\/\/www.purejewels.com\/product\/22ct-initial-j-pendant\/"]}]},{"@type":"ImageObject","inLanguage":"tr","@id":"https:\/\/www.purejewels.com\/product\/22ct-initial-j-pendant\/#primaryimage","url":"https:\/\/static.purejewels.com\/wp-content\/uploads\/2025\/06\/SKu-52085.png","contentUrl":"https:\/\/static.purejewels.com\/wp-content\/uploads\/2025\/06\/SKu-52085.png","width":1000,"height":1000,"caption":"Initial J Pendant"},{"@type":"BreadcrumbList","@id":"https:\/\/www.purejewels.com\/product\/22ct-initial-j-pendant\/#breadcrumb","itemListElement":[{"@type":"ListItem","position":1,"name":"Home","item":"https:\/\/www.purejewels.com\/"},{"@type":"ListItem","position":2,"name":"Shop","item":"https:\/\/www.purejewels.com\/shop\/"},{"@type":"ListItem","position":3,"name":"Real Gold Initial J Pendant"}]},{"@type":"WebSite","@id":"https:\/\/www.purejewels.com\/#website","url":"https:\/\/www.purejewels.com\/","name":"PureJewels \u0130ngiltere","description":"Sevgiyi Payla\u015f\u0131n","publisher":{"@id":"https:\/\/www.purejewels.com\/#organization"},"potentialAction":[{"@type":"SearchAction","target":{"@type":"EntryPoint","urlTemplate":"https:\/\/www.purejewels.com\/?s={search_term_string}"},"query-input":{"@type":"PropertyValueSpecification","valueRequired":true,"valueName":"search_term_string"}}],"inLanguage":"tr"},{"@type":"Organization","@id":"https:\/\/www.purejewels.com\/#organization","name":"PureJewels \u0130ngiltere","url":"https:\/\/www.purejewels.com\/","logo":{"@type":"ImageObject","inLanguage":"tr","@id":"https:\/\/www.purejewels.com\/#\/schema\/logo\/image\/","url":"https:\/\/static.purejewels.com\/wp-content\/uploads\/2020\/11\/Logo-PJ-New-1.png","contentUrl":"https:\/\/static.purejewels.com\/wp-content\/uploads\/2020\/11\/Logo-PJ-New-1.png","width":150,"height":80,"caption":"PureJewels UK"},"image":{"@id":"https:\/\/www.purejewels.com\/#\/schema\/logo\/image\/"}}]}},"_links":{"self":[{"href":"https:\/\/www.purejewels.com\/tr\/wp-json\/wp\/v2\/product\/400792","targetHints":{"allow":["GET"]}}],"collection":[{"href":"https:\/\/www.purejewels.com\/tr\/wp-json\/wp\/v2\/product"}],"about":[{"href":"https:\/\/www.purejewels.com\/tr\/wp-json\/wp\/v2\/types\/product"}],"replies":[{"embeddable":true,"href":"https:\/\/www.purejewels.com\/tr\/wp-json\/wp\/v2\/comments?post=400792"}],"version-history":[{"count":4,"href":"https:\/\/www.purejewels.com\/tr\/wp-json\/wp\/v2\/product\/400792\/revisions"}],"predecessor-version":[{"id":429017,"href":"https:\/\/www.purejewels.com\/tr\/wp-json\/wp\/v2\/product\/400792\/revisions\/429017"}],"wp:featuredmedia":[{"embeddable":true,"href":"https:\/\/www.purejewels.com\/tr\/wp-json\/wp\/v2\/media\/400793"}],"wp:attachment":[{"href":"https:\/\/www.purejewels.com\/tr\/wp-json\/wp\/v2\/media?parent=400792"}],"wp:term":[{"taxonomy":"product_brand","embeddable":true,"href":"https:\/\/www.purejewels.com\/tr\/wp-json\/wp\/v2\/product_brand?post=400792"},{"taxonomy":"product_cat","embeddable":true,"href":"https:\/\/www.purejewels.com\/tr\/wp-json\/wp\/v2\/product_cat?post=400792"},{"taxonomy":"product_tag","embeddable":true,"href":"https:\/\/www.purejewels.com\/tr\/wp-json\/wp\/v2\/product_tag?post=400792"}],"curies":[{"name":"wp","href":"https:\/\/api.w.org\/{rel}","templated":true}]}}