{"id":400973,"date":"2025-06-16T07:15:51","date_gmt":"2025-06-16T06:15:51","guid":{"rendered":"https:\/\/www.purejewels.com\/?post_type=product&#038;p=400973"},"modified":"2026-01-06T08:01:28","modified_gmt":"2026-01-06T08:01:28","slug":"22-ayar-altin-bas-harf-j-kolye-ucu","status":"publish","type":"product","link":"https:\/\/www.purejewels.com\/tr\/product\/22ct-gold-initial-j-pendant\/","title":{"rendered":"22 Ayar Alt\u0131n Ba\u015f Harfi J Kolye"},"content":{"rendered":"<p>Bu 22 Ayar Alt\u0131n Alfabe Kolye 'J' hem \u00e7ocuklar hem de kad\u0131nlar i\u00e7in tasarlanm\u0131\u015f b\u00fcy\u00fcleyici bir par\u00e7ad\u0131r. Parlak sar\u0131 alt\u0131ndan \u00fcretilen bu kolye, g\u00fcnl\u00fck kullan\u0131m veya hediye i\u00e7in m\u00fckemmel olan sade ve klasik bir tasar\u0131ma sahiptir. M\u00fccevherlerinizi anlaml\u0131 bir ba\u015f harfle ki\u015fiselle\u015ftirmenin zamans\u0131z bir yolu.<\/p>","protected":false},"excerpt":{"rendered":"<p>PureJewels UK'den bu zarif 22 Ayar Alt\u0131n J Harfli Kolye ile kimli\u011finizi kutlay\u0131n. Zengin sar\u0131 alt\u0131ndan \u00fcretilen bu kolye, d\u00fc\u015f\u00fcnceli bir hediye ya da g\u00fcnl\u00fck kullan\u0131m i\u00e7in \u015f\u0131k bir ki\u015fisel aksesuard\u0131r.<\/p>\n<p><strong>Malzeme:<\/strong>\u00a022 Ayar Alt\u0131n<strong><br \/>\nHallmark:\u00a0<\/strong>\u0130ngiliz Damgas\u0131<strong><br \/>\n<\/strong><strong>Br\u00fct A\u011f\u0131rl\u0131k:\u00a0<\/strong>0.90 Gms<strong><br \/>\nSKU: <\/strong>52075<\/p>\n<p><strong>Fiyat ve Teslimat<\/strong>:KDV ve teslimat \u00fccretleri dahil<br \/>\n<strong>Not<\/strong>: Zincir dahil de\u011fildir<\/p>\n<p><a href=\"https:\/\/www.purejewels.com\/tr\/i%cc%87ade-poli%cc%87ti%cc%87kasi\/\">\u0130ade Politikas\u0131<\/a><\/p>","protected":false},"featured_media":400974,"comment_status":"closed","ping_status":"closed","template":"","meta":{"_eb_attr":"","_crsspst_to_jayantr4sg-hostcom":true},"product_brand":[],"product_cat":[1791,1793,1792,1229,1255,6122,5598,5342,5943,1769,1767,6051,6120,1569,1573,1574,5349],"product_tag":[],"class_list":{"0":"post-400973","1":"product","2":"type-product","3":"status-publish","4":"has-post-thumbnail","6":"product_cat-anniversary-gifts","7":"product_cat-diwali-gifts","8":"product_cat-festival-gifts","9":"product_cat-22ct-gold-jewellery","10":"product_cat-gold-pendants","11":"product_cat-initial","12":"product_cat-initial-pendant","13":"product_cat-jewellery-under-250","14":"product_cat-kids-jewellery","15":"product_cat-kids-pendants","16":"product_cat-ladies-pendants","17":"product_cat-personalised-pendant","18":"product_cat-shop-by-style","19":"product_cat-valentine-day-gifts","20":"product_cat-wedding-gifts","21":"product_cat-womens-jewellery","22":"product_cat-yellow-gold-jewellery","24":"first","25":"outofstock","26":"taxable","27":"shipping-taxable","28":"product-type-simple","29":"add-to-wishlist-before_image"},"yoast_head":"<!-- This site is optimized with the Yoast SEO plugin v27.6 - https:\/\/yoast.com\/product\/yoast-seo-wordpress\/ -->\n<title>22ct Gold Initial J Pendant | PureJewels<\/title>\n<meta name=\"description\" content=\"Celebrate your story with our 22ct Yellow Gold Initial J Pendant. This elegant gold letter necklace is a timeless keepsake and perfect personalised gift.\" \/>\n<meta name=\"robots\" content=\"index, follow, max-snippet:-1, max-image-preview:large, max-video-preview:-1\" \/>\n<link rel=\"canonical\" href=\"https:\/\/www.purejewels.com\/tr\/urun\/22-ayar-altin-bas-harf-j-kolye-ucu\/\" \/>\n<meta property=\"og:locale\" content=\"tr_TR\" \/>\n<meta property=\"og:type\" content=\"article\" \/>\n<meta property=\"og:title\" content=\"22ct Gold Initial J Pendant | PureJewels\" \/>\n<meta property=\"og:description\" content=\"Celebrate your story with our 22ct Yellow Gold Initial J Pendant. This elegant gold letter necklace is a timeless keepsake and perfect personalised gift.\" \/>\n<meta property=\"og:url\" content=\"https:\/\/www.purejewels.com\/tr\/urun\/22-ayar-altin-bas-harf-j-kolye-ucu\/\" \/>\n<meta property=\"og:site_name\" content=\"PureJewels UK\" \/>\n<meta property=\"article:modified_time\" content=\"2026-01-06T08:01:28+00:00\" \/>\n<meta property=\"og:image\" content=\"https:\/\/static.purejewels.com\/wp-content\/uploads\/2025\/06\/SKU-52075.png\" \/>\n\t<meta property=\"og:image:width\" content=\"1000\" \/>\n\t<meta property=\"og:image:height\" content=\"1000\" \/>\n\t<meta property=\"og:image:type\" content=\"image\/png\" \/>\n<meta name=\"twitter:card\" content=\"summary_large_image\" \/>\n<script type=\"application\/ld+json\" class=\"yoast-schema-graph\">{\"@context\":\"https:\\\/\\\/schema.org\",\"@graph\":[{\"@type\":[\"WebPage\",\"ItemPage\"],\"@id\":\"https:\\\/\\\/www.purejewels.com\\\/product\\\/22ct-gold-initial-j-pendant\\\/\",\"url\":\"https:\\\/\\\/www.purejewels.com\\\/product\\\/22ct-gold-initial-j-pendant\\\/\",\"name\":\"22ct Gold Initial J Pendant | PureJewels\",\"isPartOf\":{\"@id\":\"https:\\\/\\\/www.purejewels.com\\\/#website\"},\"primaryImageOfPage\":{\"@id\":\"https:\\\/\\\/www.purejewels.com\\\/product\\\/22ct-gold-initial-j-pendant\\\/#primaryimage\"},\"image\":{\"@id\":\"https:\\\/\\\/www.purejewels.com\\\/product\\\/22ct-gold-initial-j-pendant\\\/#primaryimage\"},\"thumbnailUrl\":\"https:\\\/\\\/static.purejewels.com\\\/wp-content\\\/uploads\\\/2025\\\/06\\\/SKU-52075.png\",\"datePublished\":\"2025-06-16T06:15:51+00:00\",\"dateModified\":\"2026-01-06T08:01:28+00:00\",\"description\":\"Celebrate your story with our 22ct Yellow Gold Initial J Pendant. This elegant gold letter necklace is a timeless keepsake and perfect personalised gift.\",\"breadcrumb\":{\"@id\":\"https:\\\/\\\/www.purejewels.com\\\/product\\\/22ct-gold-initial-j-pendant\\\/#breadcrumb\"},\"inLanguage\":\"tr\",\"potentialAction\":[{\"@type\":\"ReadAction\",\"target\":[\"https:\\\/\\\/www.purejewels.com\\\/product\\\/22ct-gold-initial-j-pendant\\\/\"]}]},{\"@type\":\"ImageObject\",\"inLanguage\":\"tr\",\"@id\":\"https:\\\/\\\/www.purejewels.com\\\/product\\\/22ct-gold-initial-j-pendant\\\/#primaryimage\",\"url\":\"https:\\\/\\\/static.purejewels.com\\\/wp-content\\\/uploads\\\/2025\\\/06\\\/SKU-52075.png\",\"contentUrl\":\"https:\\\/\\\/static.purejewels.com\\\/wp-content\\\/uploads\\\/2025\\\/06\\\/SKU-52075.png\",\"width\":1000,\"height\":1000,\"caption\":\"22ct Gold Initial J pendant\"},{\"@type\":\"BreadcrumbList\",\"@id\":\"https:\\\/\\\/www.purejewels.com\\\/product\\\/22ct-gold-initial-j-pendant\\\/#breadcrumb\",\"itemListElement\":[{\"@type\":\"ListItem\",\"position\":1,\"name\":\"Home\",\"item\":\"https:\\\/\\\/www.purejewels.com\\\/\"},{\"@type\":\"ListItem\",\"position\":2,\"name\":\"Shop\",\"item\":\"https:\\\/\\\/www.purejewels.com\\\/shop\\\/\"},{\"@type\":\"ListItem\",\"position\":3,\"name\":\"22ct Gold Initial J Pendant\"}]},{\"@type\":\"WebSite\",\"@id\":\"https:\\\/\\\/www.purejewels.com\\\/#website\",\"url\":\"https:\\\/\\\/www.purejewels.com\\\/\",\"name\":\"PureJewels UK\",\"description\":\"Share the Love\",\"publisher\":{\"@id\":\"https:\\\/\\\/www.purejewels.com\\\/#organization\"},\"potentialAction\":[{\"@type\":\"SearchAction\",\"target\":{\"@type\":\"EntryPoint\",\"urlTemplate\":\"https:\\\/\\\/www.purejewels.com\\\/?s={search_term_string}\"},\"query-input\":{\"@type\":\"PropertyValueSpecification\",\"valueRequired\":true,\"valueName\":\"search_term_string\"}}],\"inLanguage\":\"tr\"},{\"@type\":\"Organization\",\"@id\":\"https:\\\/\\\/www.purejewels.com\\\/#organization\",\"name\":\"PureJewels UK\",\"url\":\"https:\\\/\\\/www.purejewels.com\\\/\",\"logo\":{\"@type\":\"ImageObject\",\"inLanguage\":\"tr\",\"@id\":\"https:\\\/\\\/www.purejewels.com\\\/#\\\/schema\\\/logo\\\/image\\\/\",\"url\":\"https:\\\/\\\/static.purejewels.com\\\/wp-content\\\/uploads\\\/2020\\\/11\\\/Logo-PJ-New-1.png\",\"contentUrl\":\"https:\\\/\\\/static.purejewels.com\\\/wp-content\\\/uploads\\\/2020\\\/11\\\/Logo-PJ-New-1.png\",\"width\":150,\"height\":80,\"caption\":\"PureJewels UK\"},\"image\":{\"@id\":\"https:\\\/\\\/www.purejewels.com\\\/#\\\/schema\\\/logo\\\/image\\\/\"}}]}<\/script>\n<!-- \/ Yoast SEO plugin. -->","yoast_head_json":{"title":"22 Ayar Alt\u0131n Ba\u015f Harfi J Kolye Ucu | PureJewels","description":"Hikayenizi 22 Ayar Sar\u0131 Alt\u0131n Ba\u015f Harfi J Kolyemizle kutlay\u0131n. Bu zarif alt\u0131n harf kolye, zamans\u0131z bir hat\u0131ra ve m\u00fckemmel bir ki\u015fiselle\u015ftirilmi\u015f hediyedir.","robots":{"index":"index","follow":"follow","max-snippet":"max-snippet:-1","max-image-preview":"max-image-preview:large","max-video-preview":"max-video-preview:-1"},"canonical":"https:\/\/www.purejewels.com\/tr\/urun\/22-ayar-altin-bas-harf-j-kolye-ucu\/","og_locale":"tr_TR","og_type":"article","og_title":"22ct Gold Initial J Pendant | PureJewels","og_description":"Celebrate your story with our 22ct Yellow Gold Initial J Pendant. This elegant gold letter necklace is a timeless keepsake and perfect personalised gift.","og_url":"https:\/\/www.purejewels.com\/tr\/urun\/22-ayar-altin-bas-harf-j-kolye-ucu\/","og_site_name":"PureJewels UK","article_modified_time":"2026-01-06T08:01:28+00:00","og_image":[{"width":1000,"height":1000,"url":"https:\/\/static.purejewels.com\/wp-content\/uploads\/2025\/06\/SKU-52075.png","type":"image\/png"}],"twitter_card":"summary_large_image","schema":{"@context":"https:\/\/schema.org","@graph":[{"@type":["WebPage","ItemPage"],"@id":"https:\/\/www.purejewels.com\/product\/22ct-gold-initial-j-pendant\/","url":"https:\/\/www.purejewels.com\/product\/22ct-gold-initial-j-pendant\/","name":"22 Ayar Alt\u0131n Ba\u015f Harfi J Kolye Ucu | PureJewels","isPartOf":{"@id":"https:\/\/www.purejewels.com\/#website"},"primaryImageOfPage":{"@id":"https:\/\/www.purejewels.com\/product\/22ct-gold-initial-j-pendant\/#primaryimage"},"image":{"@id":"https:\/\/www.purejewels.com\/product\/22ct-gold-initial-j-pendant\/#primaryimage"},"thumbnailUrl":"https:\/\/static.purejewels.com\/wp-content\/uploads\/2025\/06\/SKU-52075.png","datePublished":"2025-06-16T06:15:51+00:00","dateModified":"2026-01-06T08:01:28+00:00","description":"Hikayenizi 22 Ayar Sar\u0131 Alt\u0131n Ba\u015f Harfi J Kolyemizle kutlay\u0131n. Bu zarif alt\u0131n harf kolye, zamans\u0131z bir hat\u0131ra ve m\u00fckemmel bir ki\u015fiselle\u015ftirilmi\u015f hediyedir.","breadcrumb":{"@id":"https:\/\/www.purejewels.com\/product\/22ct-gold-initial-j-pendant\/#breadcrumb"},"inLanguage":"tr","potentialAction":[{"@type":"ReadAction","target":["https:\/\/www.purejewels.com\/product\/22ct-gold-initial-j-pendant\/"]}]},{"@type":"ImageObject","inLanguage":"tr","@id":"https:\/\/www.purejewels.com\/product\/22ct-gold-initial-j-pendant\/#primaryimage","url":"https:\/\/static.purejewels.com\/wp-content\/uploads\/2025\/06\/SKU-52075.png","contentUrl":"https:\/\/static.purejewels.com\/wp-content\/uploads\/2025\/06\/SKU-52075.png","width":1000,"height":1000,"caption":"22ct Gold Initial J pendant"},{"@type":"BreadcrumbList","@id":"https:\/\/www.purejewels.com\/product\/22ct-gold-initial-j-pendant\/#breadcrumb","itemListElement":[{"@type":"ListItem","position":1,"name":"Home","item":"https:\/\/www.purejewels.com\/"},{"@type":"ListItem","position":2,"name":"Shop","item":"https:\/\/www.purejewels.com\/shop\/"},{"@type":"ListItem","position":3,"name":"22ct Gold Initial J Pendant"}]},{"@type":"WebSite","@id":"https:\/\/www.purejewels.com\/#website","url":"https:\/\/www.purejewels.com\/","name":"PureJewels \u0130ngiltere","description":"Sevgiyi Payla\u015f\u0131n","publisher":{"@id":"https:\/\/www.purejewels.com\/#organization"},"potentialAction":[{"@type":"SearchAction","target":{"@type":"EntryPoint","urlTemplate":"https:\/\/www.purejewels.com\/?s={search_term_string}"},"query-input":{"@type":"PropertyValueSpecification","valueRequired":true,"valueName":"search_term_string"}}],"inLanguage":"tr"},{"@type":"Organization","@id":"https:\/\/www.purejewels.com\/#organization","name":"PureJewels \u0130ngiltere","url":"https:\/\/www.purejewels.com\/","logo":{"@type":"ImageObject","inLanguage":"tr","@id":"https:\/\/www.purejewels.com\/#\/schema\/logo\/image\/","url":"https:\/\/static.purejewels.com\/wp-content\/uploads\/2020\/11\/Logo-PJ-New-1.png","contentUrl":"https:\/\/static.purejewels.com\/wp-content\/uploads\/2020\/11\/Logo-PJ-New-1.png","width":150,"height":80,"caption":"PureJewels UK"},"image":{"@id":"https:\/\/www.purejewels.com\/#\/schema\/logo\/image\/"}}]}},"_links":{"self":[{"href":"https:\/\/www.purejewels.com\/tr\/wp-json\/wp\/v2\/product\/400973","targetHints":{"allow":["GET"]}}],"collection":[{"href":"https:\/\/www.purejewels.com\/tr\/wp-json\/wp\/v2\/product"}],"about":[{"href":"https:\/\/www.purejewels.com\/tr\/wp-json\/wp\/v2\/types\/product"}],"replies":[{"embeddable":true,"href":"https:\/\/www.purejewels.com\/tr\/wp-json\/wp\/v2\/comments?post=400973"}],"version-history":[{"count":2,"href":"https:\/\/www.purejewels.com\/tr\/wp-json\/wp\/v2\/product\/400973\/revisions"}],"predecessor-version":[{"id":401176,"href":"https:\/\/www.purejewels.com\/tr\/wp-json\/wp\/v2\/product\/400973\/revisions\/401176"}],"wp:featuredmedia":[{"embeddable":true,"href":"https:\/\/www.purejewels.com\/tr\/wp-json\/wp\/v2\/media\/400974"}],"wp:attachment":[{"href":"https:\/\/www.purejewels.com\/tr\/wp-json\/wp\/v2\/media?parent=400973"}],"wp:term":[{"taxonomy":"product_brand","embeddable":true,"href":"https:\/\/www.purejewels.com\/tr\/wp-json\/wp\/v2\/product_brand?post=400973"},{"taxonomy":"product_cat","embeddable":true,"href":"https:\/\/www.purejewels.com\/tr\/wp-json\/wp\/v2\/product_cat?post=400973"},{"taxonomy":"product_tag","embeddable":true,"href":"https:\/\/www.purejewels.com\/tr\/wp-json\/wp\/v2\/product_tag?post=400973"}],"curies":[{"name":"wp","href":"https:\/\/api.w.org\/{rel}","templated":true}]}}