{"id":4010,"date":"2017-07-19T13:23:26","date_gmt":"2017-07-19T12:23:26","guid":{"rendered":"http:\/\/new.purejewels.com\/product\/swirl-diamond-ring\/"},"modified":"2026-01-06T11:03:42","modified_gmt":"2026-01-06T11:03:42","slug":"girdapli-pirlanta-yuzuk","status":"publish","type":"product","link":"https:\/\/www.purejewels.com\/tr\/product\/swirl-diamond-ring\/","title":{"rendered":"Girdapl\u0131 P\u0131rlanta Y\u00fcz\u00fck"},"content":{"rendered":"<p>Bir ni\u015fan y\u00fcz\u00fc\u011f\u00fc, bir kad\u0131n\u0131n sahip oldu\u011fu, s\u00fcsledi\u011fi, korudu\u011fu ve \u00f6m\u00fcr boyu de\u011fer verdi\u011fi en \u00f6nemli m\u00fccevher par\u00e7as\u0131d\u0131r. A\u015fk\u0131n\u0131z\u0131n ki\u015file\u015fmi\u015f halidir ve e\u015finizle payla\u015ft\u0131\u011f\u0131n\u0131z ger\u00e7ek ba\u011f\u0131n g\u00fczelli\u011fine i\u015faret eder, bu nedenle bir ni\u015fan y\u00fcz\u00fc\u011f\u00fc m\u00fckemmelden daha az\u0131 olmamal\u0131d\u0131r.<\/p>\n<p>Bu girdapl\u0131 ni\u015fan y\u00fcz\u00fc\u011f\u00fc, bir par\u00e7a cesaretle birlikte kad\u0131ns\u0131 bir dokunu\u015fa sahip olacak \u015fekilde tasarlanm\u0131\u015ft\u0131r. Bu girdap p\u0131rlanta y\u00fcz\u00fc\u011f\u00fcn tasar\u0131m\u0131 ve i\u015f\u00e7ili\u011fi ak\u0131c\u0131d\u0131r ve 18 ayar beyaz alt\u0131n ve Rose alt\u0131ndan oyulmu\u015ftur. Tasar\u0131m, beyaz alt\u0131n bir pens i\u00e7ine yerle\u015ftirilmi\u015f parlak ve \u0131\u015f\u0131lt\u0131l\u0131 bir p\u0131rlanta ile ba\u015fl\u0131yor ve nispeten daha k\u00fc\u00e7\u00fck p\u0131rlantalarla kapl\u0131 beyaz alt\u0131n bir banda uzan\u0131yor. Beyaz alt\u0131n bant, l\u00fcks ince p\u0131rlantalarla kapl\u0131 girdapl\u0131 bir Rose alt\u0131n bantla \u00fcst \u00fcste bindirilir ve parma\u011f\u0131n\u0131z\u0131n etraf\u0131nda g\u00fczelce dola\u015f\u0131r.<\/p>\n<p>Girdap <a href=\"https:\/\/www.purejewels.com\/tr\/product-category\/22ct-gold-jewellery\/gold-rings\/\">halkalar<\/a> t\u00fcr\u00fcn\u00fcn tek \u00f6rne\u011fidir ve di\u011ferlerinden farkl\u0131d\u0131r <a href=\"https:\/\/www.purejewels.com\/tr\/product-category\/wedding-rings-bands\/engagement-rings\/\">ni\u015fan y\u00fcz\u00fckleri<\/a> sahip olduklar\u0131 tasar\u0131m unsuru nedeniyle.<\/p>\n<p>Purejewels'in bu ni\u015fan y\u00fcz\u00fc\u011f\u00fc zarif bir y\u00fczeye sahiptir ve klasik ve her daim ye\u015fil bir dokunu\u015fa sahiptir, bir kez s\u00fcslendi\u011finde narin ellerinin g\u00fczelli\u011fini art\u0131raca\u011f\u0131ndan ve ger\u00e7ek ve sonsuz sevginin saf ba\u011f\u0131n\u0131 simgeleyece\u011finden emin olabilirsiniz.<\/p>","protected":false},"excerpt":{"rendered":"<ul>\n<li>Girdapl\u0131 p\u0131rlanta y\u00fcz\u00fck<\/li>\n<li>Metal: 18 Ayar Beyaz\/G\u00fcl Alt\u0131n<\/li>\n<li>Boyut: K<\/li>\n<li>Yan P\u0131rlantalar: 0.48ct<\/li>\n<li>P\u0131rlanta Kalitesi: G-H Renk ve VS Berrakl\u0131k<\/li>\n<li>T\u00fcm fiyatlara KDV dahildir<\/li>\n<li>Londra Tahlil Ofisi Taraf\u0131ndan Damgalanm\u0131\u015f 18 Ayar Alt\u0131n<\/li>\n<li>Sunum Kutusu ile Birlikte Gelir<\/li>\n<li>Teslimat Dahil<\/li>\n<li>Stok durumu ve stokta bulunan benzer tasar\u0131mlar\u0131n daha fazla g\u00f6r\u00fcnt\u00fcs\u00fc i\u00e7in bizimle canl\u0131 sohbet edin<\/li>\n<\/ul>","protected":false},"featured_media":4011,"comment_status":"closed","ping_status":"closed","template":"","meta":{"_eb_attr":"","_crsspst_to_jayantr4sg-hostcom":true},"product_brand":[],"product_cat":[5679,6085,5457,5460,231,1786,246,5354,6042,1569,226,1574],"product_tag":[],"class_list":{"0":"post-4010","1":"product","2":"type-product","3":"status-publish","4":"has-post-thumbnail","6":"product_cat-18ct-gold-jewellery","7":"product_cat-18ct-gold-ring","8":"product_cat-diamond-jewellery","9":"product_cat-diamond-ring","10":"product_cat-engagement-rings","11":"product_cat-occasional-wear-rings","12":"product_cat-rose-gold-collections","13":"product_cat-rose-gold-jewellery","14":"product_cat-solitaire-ring","15":"product_cat-valentine-day-gifts","16":"product_cat-wedding-rings-bands","17":"product_cat-womens-jewellery","19":"first","20":"instock","21":"taxable","22":"shipping-taxable","23":"purchasable","24":"product-type-simple","25":"add-to-wishlist-before_image"},"yoast_head":"<!-- This site is optimized with the Yoast SEO plugin v27.5 - https:\/\/yoast.com\/product\/yoast-seo-wordpress\/ -->\n<title>Swirl Diamond Ring | Designer Diamond Jewellery London<\/title>\n<meta name=\"description\" content=\"Discover the Swirl Diamond Ring, a modern statement of elegance. Crafted in gold and diamonds, this designer ring captures graceful movement with timeless luxury.\" \/>\n<meta name=\"robots\" content=\"index, follow, max-snippet:-1, max-image-preview:large, max-video-preview:-1\" \/>\n<link rel=\"canonical\" href=\"https:\/\/www.purejewels.com\/tr\/urun\/girdapli-pirlanta-yuzuk\/\" \/>\n<meta property=\"og:locale\" content=\"tr_TR\" \/>\n<meta property=\"og:type\" content=\"article\" \/>\n<meta property=\"og:title\" content=\"Swirl Diamond Ring | Designer Diamond Jewellery London\" \/>\n<meta property=\"og:description\" content=\"Discover the Swirl Diamond Ring, a modern statement of elegance. Crafted in gold and diamonds, this designer ring captures graceful movement with timeless luxury.\" \/>\n<meta property=\"og:url\" content=\"https:\/\/www.purejewels.com\/tr\/urun\/girdapli-pirlanta-yuzuk\/\" \/>\n<meta property=\"og:site_name\" content=\"PureJewels UK\" \/>\n<meta property=\"article:modified_time\" content=\"2026-01-06T11:03:42+00:00\" \/>\n<meta property=\"og:image\" content=\"https:\/\/www.purejewels.com\/wp-content\/uploads\/2017\/07\/wm0121_xl_1-2.jpg\" \/>\n\t<meta property=\"og:image:width\" content=\"960\" \/>\n\t<meta property=\"og:image:height\" content=\"960\" \/>\n\t<meta property=\"og:image:type\" content=\"image\/jpeg\" \/>\n<meta name=\"twitter:card\" content=\"summary_large_image\" \/>\n<meta name=\"twitter:label1\" content=\"Tahmini okuma s\u00fcresi\" \/>\n\t<meta name=\"twitter:data1\" content=\"1 dakika\" \/>\n<script type=\"application\/ld+json\" class=\"yoast-schema-graph\">{\"@context\":\"https:\\\/\\\/schema.org\",\"@graph\":[{\"@type\":[\"WebPage\",\"ItemPage\"],\"@id\":\"https:\\\/\\\/www.purejewels.com\\\/product\\\/swirl-diamond-ring\\\/\",\"url\":\"https:\\\/\\\/www.purejewels.com\\\/product\\\/swirl-diamond-ring\\\/\",\"name\":\"Swirl Diamond Ring | Designer Diamond Jewellery London\",\"isPartOf\":{\"@id\":\"https:\\\/\\\/www.purejewels.com\\\/#website\"},\"primaryImageOfPage\":{\"@id\":\"https:\\\/\\\/www.purejewels.com\\\/product\\\/swirl-diamond-ring\\\/#primaryimage\"},\"image\":{\"@id\":\"https:\\\/\\\/www.purejewels.com\\\/product\\\/swirl-diamond-ring\\\/#primaryimage\"},\"thumbnailUrl\":\"https:\\\/\\\/static.purejewels.com\\\/wp-content\\\/uploads\\\/2017\\\/07\\\/wm0121_xl_1-2.jpg\",\"datePublished\":\"2017-07-19T12:23:26+00:00\",\"dateModified\":\"2026-01-06T11:03:42+00:00\",\"description\":\"Discover the Swirl Diamond Ring, a modern statement of elegance. Crafted in gold and diamonds, this designer ring captures graceful movement with timeless luxury.\",\"breadcrumb\":{\"@id\":\"https:\\\/\\\/www.purejewels.com\\\/product\\\/swirl-diamond-ring\\\/#breadcrumb\"},\"inLanguage\":\"tr\",\"potentialAction\":[{\"@type\":\"ReadAction\",\"target\":[\"https:\\\/\\\/www.purejewels.com\\\/product\\\/swirl-diamond-ring\\\/\"]}]},{\"@type\":\"ImageObject\",\"inLanguage\":\"tr\",\"@id\":\"https:\\\/\\\/www.purejewels.com\\\/product\\\/swirl-diamond-ring\\\/#primaryimage\",\"url\":\"https:\\\/\\\/static.purejewels.com\\\/wp-content\\\/uploads\\\/2017\\\/07\\\/wm0121_xl_1-2.jpg\",\"contentUrl\":\"https:\\\/\\\/static.purejewels.com\\\/wp-content\\\/uploads\\\/2017\\\/07\\\/wm0121_xl_1-2.jpg\",\"width\":960,\"height\":960,\"caption\":\"wm0121_xl_1.jpg\"},{\"@type\":\"BreadcrumbList\",\"@id\":\"https:\\\/\\\/www.purejewels.com\\\/product\\\/swirl-diamond-ring\\\/#breadcrumb\",\"itemListElement\":[{\"@type\":\"ListItem\",\"position\":1,\"name\":\"Home\",\"item\":\"https:\\\/\\\/www.purejewels.com\\\/\"},{\"@type\":\"ListItem\",\"position\":2,\"name\":\"Shop\",\"item\":\"https:\\\/\\\/www.purejewels.com\\\/shop\\\/\"},{\"@type\":\"ListItem\",\"position\":3,\"name\":\"Swirl Diamond Ring\"}]},{\"@type\":\"WebSite\",\"@id\":\"https:\\\/\\\/www.purejewels.com\\\/#website\",\"url\":\"https:\\\/\\\/www.purejewels.com\\\/\",\"name\":\"PureJewels UK\",\"description\":\"Share the Love\",\"publisher\":{\"@id\":\"https:\\\/\\\/www.purejewels.com\\\/#organization\"},\"potentialAction\":[{\"@type\":\"SearchAction\",\"target\":{\"@type\":\"EntryPoint\",\"urlTemplate\":\"https:\\\/\\\/www.purejewels.com\\\/?s={search_term_string}\"},\"query-input\":{\"@type\":\"PropertyValueSpecification\",\"valueRequired\":true,\"valueName\":\"search_term_string\"}}],\"inLanguage\":\"tr\"},{\"@type\":\"Organization\",\"@id\":\"https:\\\/\\\/www.purejewels.com\\\/#organization\",\"name\":\"PureJewels UK\",\"url\":\"https:\\\/\\\/www.purejewels.com\\\/\",\"logo\":{\"@type\":\"ImageObject\",\"inLanguage\":\"tr\",\"@id\":\"https:\\\/\\\/www.purejewels.com\\\/#\\\/schema\\\/logo\\\/image\\\/\",\"url\":\"https:\\\/\\\/static.purejewels.com\\\/wp-content\\\/uploads\\\/2020\\\/11\\\/Logo-PJ-New-1.png\",\"contentUrl\":\"https:\\\/\\\/static.purejewels.com\\\/wp-content\\\/uploads\\\/2020\\\/11\\\/Logo-PJ-New-1.png\",\"width\":150,\"height\":80,\"caption\":\"PureJewels UK\"},\"image\":{\"@id\":\"https:\\\/\\\/www.purejewels.com\\\/#\\\/schema\\\/logo\\\/image\\\/\"}}]}<\/script>\n<!-- \/ Yoast SEO plugin. -->","yoast_head_json":{"title":"Girdapl\u0131 P\u0131rlanta Y\u00fcz\u00fck | Tasar\u0131mc\u0131 P\u0131rlanta M\u00fccevher Londra","description":"Modern bir zarafet ifadesi olan Girdap P\u0131rlanta Y\u00fcz\u00fc\u011f\u00fc ke\u015ffedin. Alt\u0131n ve p\u0131rlantadan \u00fcretilen bu tasar\u0131m y\u00fcz\u00fck, zamans\u0131z bir l\u00fcksle zarif bir hareket yakal\u0131yor.","robots":{"index":"index","follow":"follow","max-snippet":"max-snippet:-1","max-image-preview":"max-image-preview:large","max-video-preview":"max-video-preview:-1"},"canonical":"https:\/\/www.purejewels.com\/tr\/urun\/girdapli-pirlanta-yuzuk\/","og_locale":"tr_TR","og_type":"article","og_title":"Swirl Diamond Ring | Designer Diamond Jewellery London","og_description":"Discover the Swirl Diamond Ring, a modern statement of elegance. Crafted in gold and diamonds, this designer ring captures graceful movement with timeless luxury.","og_url":"https:\/\/www.purejewels.com\/tr\/urun\/girdapli-pirlanta-yuzuk\/","og_site_name":"PureJewels UK","article_modified_time":"2026-01-06T11:03:42+00:00","og_image":[{"width":960,"height":960,"url":"https:\/\/www.purejewels.com\/wp-content\/uploads\/2017\/07\/wm0121_xl_1-2.jpg","type":"image\/jpeg"}],"twitter_card":"summary_large_image","twitter_misc":{"Tahmini okuma s\u00fcresi":"1 dakika"},"schema":{"@context":"https:\/\/schema.org","@graph":[{"@type":["WebPage","ItemPage"],"@id":"https:\/\/www.purejewels.com\/product\/swirl-diamond-ring\/","url":"https:\/\/www.purejewels.com\/product\/swirl-diamond-ring\/","name":"Girdapl\u0131 P\u0131rlanta Y\u00fcz\u00fck | Tasar\u0131mc\u0131 P\u0131rlanta M\u00fccevher Londra","isPartOf":{"@id":"https:\/\/www.purejewels.com\/#website"},"primaryImageOfPage":{"@id":"https:\/\/www.purejewels.com\/product\/swirl-diamond-ring\/#primaryimage"},"image":{"@id":"https:\/\/www.purejewels.com\/product\/swirl-diamond-ring\/#primaryimage"},"thumbnailUrl":"https:\/\/static.purejewels.com\/wp-content\/uploads\/2017\/07\/wm0121_xl_1-2.jpg","datePublished":"2017-07-19T12:23:26+00:00","dateModified":"2026-01-06T11:03:42+00:00","description":"Modern bir zarafet ifadesi olan Girdap P\u0131rlanta Y\u00fcz\u00fc\u011f\u00fc ke\u015ffedin. Alt\u0131n ve p\u0131rlantadan \u00fcretilen bu tasar\u0131m y\u00fcz\u00fck, zamans\u0131z bir l\u00fcksle zarif bir hareket yakal\u0131yor.","breadcrumb":{"@id":"https:\/\/www.purejewels.com\/product\/swirl-diamond-ring\/#breadcrumb"},"inLanguage":"tr","potentialAction":[{"@type":"ReadAction","target":["https:\/\/www.purejewels.com\/product\/swirl-diamond-ring\/"]}]},{"@type":"ImageObject","inLanguage":"tr","@id":"https:\/\/www.purejewels.com\/product\/swirl-diamond-ring\/#primaryimage","url":"https:\/\/static.purejewels.com\/wp-content\/uploads\/2017\/07\/wm0121_xl_1-2.jpg","contentUrl":"https:\/\/static.purejewels.com\/wp-content\/uploads\/2017\/07\/wm0121_xl_1-2.jpg","width":960,"height":960,"caption":"wm0121_xl_1.jpg"},{"@type":"BreadcrumbList","@id":"https:\/\/www.purejewels.com\/product\/swirl-diamond-ring\/#breadcrumb","itemListElement":[{"@type":"ListItem","position":1,"name":"Home","item":"https:\/\/www.purejewels.com\/"},{"@type":"ListItem","position":2,"name":"Shop","item":"https:\/\/www.purejewels.com\/shop\/"},{"@type":"ListItem","position":3,"name":"Swirl Diamond Ring"}]},{"@type":"WebSite","@id":"https:\/\/www.purejewels.com\/#website","url":"https:\/\/www.purejewels.com\/","name":"PureJewels \u0130ngiltere","description":"Sevgiyi Payla\u015f\u0131n","publisher":{"@id":"https:\/\/www.purejewels.com\/#organization"},"potentialAction":[{"@type":"SearchAction","target":{"@type":"EntryPoint","urlTemplate":"https:\/\/www.purejewels.com\/?s={search_term_string}"},"query-input":{"@type":"PropertyValueSpecification","valueRequired":true,"valueName":"search_term_string"}}],"inLanguage":"tr"},{"@type":"Organization","@id":"https:\/\/www.purejewels.com\/#organization","name":"PureJewels \u0130ngiltere","url":"https:\/\/www.purejewels.com\/","logo":{"@type":"ImageObject","inLanguage":"tr","@id":"https:\/\/www.purejewels.com\/#\/schema\/logo\/image\/","url":"https:\/\/static.purejewels.com\/wp-content\/uploads\/2020\/11\/Logo-PJ-New-1.png","contentUrl":"https:\/\/static.purejewels.com\/wp-content\/uploads\/2020\/11\/Logo-PJ-New-1.png","width":150,"height":80,"caption":"PureJewels UK"},"image":{"@id":"https:\/\/www.purejewels.com\/#\/schema\/logo\/image\/"}}]}},"_links":{"self":[{"href":"https:\/\/www.purejewels.com\/tr\/wp-json\/wp\/v2\/product\/4010","targetHints":{"allow":["GET"]}}],"collection":[{"href":"https:\/\/www.purejewels.com\/tr\/wp-json\/wp\/v2\/product"}],"about":[{"href":"https:\/\/www.purejewels.com\/tr\/wp-json\/wp\/v2\/types\/product"}],"replies":[{"embeddable":true,"href":"https:\/\/www.purejewels.com\/tr\/wp-json\/wp\/v2\/comments?post=4010"}],"version-history":[{"count":2,"href":"https:\/\/www.purejewels.com\/tr\/wp-json\/wp\/v2\/product\/4010\/revisions"}],"predecessor-version":[{"id":371804,"href":"https:\/\/www.purejewels.com\/tr\/wp-json\/wp\/v2\/product\/4010\/revisions\/371804"}],"wp:featuredmedia":[{"embeddable":true,"href":"https:\/\/www.purejewels.com\/tr\/wp-json\/wp\/v2\/media\/4011"}],"wp:attachment":[{"href":"https:\/\/www.purejewels.com\/tr\/wp-json\/wp\/v2\/media?parent=4010"}],"wp:term":[{"taxonomy":"product_brand","embeddable":true,"href":"https:\/\/www.purejewels.com\/tr\/wp-json\/wp\/v2\/product_brand?post=4010"},{"taxonomy":"product_cat","embeddable":true,"href":"https:\/\/www.purejewels.com\/tr\/wp-json\/wp\/v2\/product_cat?post=4010"},{"taxonomy":"product_tag","embeddable":true,"href":"https:\/\/www.purejewels.com\/tr\/wp-json\/wp\/v2\/product_tag?post=4010"}],"curies":[{"name":"wp","href":"https:\/\/api.w.org\/{rel}","templated":true}]}}