{"id":4014,"date":"2017-07-19T13:23:28","date_gmt":"2017-07-19T12:23:28","guid":{"rendered":"http:\/\/new.purejewels.com\/product\/christian-bauer-wedding-ring-273648\/"},"modified":"2023-07-06T12:34:33","modified_gmt":"2023-07-06T11:34:33","slug":"christian-bauer-alyans-273648","status":"publish","type":"product","link":"https:\/\/www.purejewels.com\/tr\/product\/christian-bauer-wedding-ring-273648\/","title":{"rendered":"Christian Bauer Alyans Y\u00fcz\u00fck"},"content":{"rendered":"<p>E\u011fer bir <a href=\"https:\/\/www.purejewels.com\/tr\/product-category\/wedding-rings-bands\/wedding-bands\/christian-bauer-brands\/\">Christian Bauer<\/a> y\u00fcz\u00fck g\u00f6z\u00fcn\u00fcze \u00e7arpt\u0131, ancak fiyat\u0131 sizi endi\u015felendiriyorsa, Palladyum e\u011fimli alyansa bir g\u00f6z at\u0131n.  Christian Bauer art\u0131k az say\u0131da d\u00fc\u011f\u00fcn y\u00fcz\u00fc\u011f\u00fc \u00fcretiyor. <a href=\"https:\/\/www.purejewels.com\/tr\/product-category\/22ct-gold-jewellery\/gold-rings\/\">halkalar<\/a> platine benzer, ancak daha yumu\u015fak, daha parlak ve daha uygun fiyatl\u0131 olan paladyumdan \u00fcretilmi\u015ftir.  Bu erkek alyans\u0131n\u0131n yak\u0131\u015f\u0131kl\u0131 ve iyi yap\u0131lm\u0131\u015f oldu\u011funu, sofistike bir mat kaplamaya ve e\u011fimli olu\u011fa sahip oldu\u011funu g\u00f6rd\u00fck.  Christian Bauer at\u00f6lyesinde elle \u00fcretilmi\u015ftir ve orijinalli\u011fini g\u00f6stermek i\u00e7in Alman K\u00f6knar\u0131 ile damgalanm\u0131\u015ft\u0131r.    *L\u00fctfen Christian Bauer y\u00fcz\u00fc\u011f\u00fcn\u00fcz\u00fcn stoklar\u0131m\u0131zda bedeniniz yoksa sipari\u015f edilece\u011fini unutmay\u0131n, bu nedenle bilgi almak i\u00e7in Canl\u0131 Sohbet'i kullan\u0131n.*<\/p>\n<p>&nbsp;<\/p>\n<ul>\n<li style=\"list-style-type: none;\">\n<ul>\n<li>Londra'da Christian Bauer y\u00fcz\u00fcklerinin yetkili sat\u0131c\u0131s\u0131<\/li>\n<\/ul>\n<\/li>\n<\/ul>\n<p>&nbsp;<\/p>\n<ul>\n<li style=\"list-style-type: none;\">\n<ul>\n<li>Christian Bauer Alyans - 273648<\/li>\n<\/ul>\n<\/li>\n<\/ul>\n<p>&nbsp;<\/p>\n<ul>\n<li style=\"list-style-type: none;\">\n<ul>\n<li>Biti\u015f: Cilal\u0131 kenarl\u0131 mat kaplama<\/li>\n<\/ul>\n<\/li>\n<\/ul>\n<p>&nbsp;<\/p>\n<ul>\n<li style=\"list-style-type: none;\">\n<ul>\n<li>Metal Paladyum<\/li>\n<\/ul>\n<\/li>\n<\/ul>\n<p>&nbsp;<\/p>\n<ul>\n<li style=\"list-style-type: none;\">\n<ul>\n<li>Resimdeki parmak \u00f6l\u00e7\u00fcs\u00fc: S<\/li>\n<\/ul>\n<\/li>\n<\/ul>\n<p>&nbsp;<\/p>\n<ul>\n<li style=\"list-style-type: none;\">\n<ul>\n<li>Geni\u015flik: 6,5 mm<\/li>\n<\/ul>\n<\/li>\n<\/ul>\n<p>&nbsp;<\/p>\n<ul>\n<li style=\"list-style-type: none;\">\n<ul>\n<li>*Y\u00fcz\u00fc\u011f\u00fcn\u00fcz ki\u015fiye \u00f6zel olarak \u00fcretilir, bu nedenle teslim s\u00fcreleri hakk\u0131nda bilgi almak i\u00e7in bizimle ileti\u015fime ge\u00e7in.<\/li>\n<\/ul>\n<\/li>\n<\/ul>\n<p>&nbsp;<\/p>\n<p>&nbsp;<\/p>\n<h2><strong>Christian Bauer alyans\u0131n\u0131z<br \/>\n<\/strong><\/h2>\n<p>&nbsp;<\/p>\n<p>Paladyum, p\u0131r\u0131l p\u0131r\u0131l bir y\u00fczeye sahip m\u00fckemmel bir nadir metaldir.   Platin ailesinde yer al\u0131r, y\u00fcksek yo\u011funlu\u011fa ve alt\u0131n gibi yumu\u015fak bir yap\u0131ya sahiptir.  Yat\u0131r\u0131m piyasalar\u0131nda y\u00fckseli\u015fte olan bir metaldir ve \u00e7a\u011fda\u015f ve ilgin\u00e7 bir alyans i\u00e7in al\u0131\u015f\u0131lmad\u0131k bir se\u00e7imdir.  Christian Bauer'in yaln\u0131zca \u00f6nceden \u00e7\u0131kar\u0131lm\u0131\u015f metalleri kulland\u0131\u011f\u0131n\u0131 belirtmek gerekir.  Bu, madencili\u011fin s\u00fcregelen \u00e7evresel etkisine katk\u0131da bulunmad\u0131klar\u0131 anlam\u0131na gelir: bunun yerine, halihaz\u0131rda sahip oldu\u011fumuz bol miktarda metal rezervinin bir k\u0131sm\u0131n\u0131 yeniden kullan\u0131r ve geri d\u00f6n\u00fc\u015ft\u00fcr\u00fcrler.<\/p>\n<p>&nbsp;<\/p>\n<p>&nbsp;<\/p>\n<p>&nbsp;<\/p>","protected":false},"excerpt":{"rendered":"<ul>\n<li>Londra'da Christian Bauer y\u00fcz\u00fcklerinin yetkili sat\u0131c\u0131s\u0131<\/li>\n<li>Christian Bauer Alyans - 273648<\/li>\n<li>Biti\u015f: Cilal\u0131 kenarl\u0131 mat kaplama<\/li>\n<li>Metal Paladyum<\/li>\n<li>Resimdeki parmak \u00f6l\u00e7\u00fcs\u00fc: S<\/li>\n<li>Geni\u015flik: 6,5 mm<\/li>\n<li>*Y\u00fcz\u00fc\u011f\u00fcn\u00fcz ki\u015fiye \u00f6zel olarak \u00fcretilir, bu nedenle teslim s\u00fcreleri hakk\u0131nda bilgi almak i\u00e7in bizimle ileti\u015fime ge\u00e7in.<\/li>\n<\/ul>","protected":false},"featured_media":315595,"comment_status":"closed","ping_status":"closed","template":"","meta":{"_eb_attr":"","_crsspst_to_jayantr4sg-hostcom":false},"product_brand":[],"product_cat":[238,1571,1572,1569,229,226],"product_tag":[],"class_list":{"0":"post-4014","1":"product","2":"type-product","3":"status-publish","4":"has-post-thumbnail","6":"product_cat-christian-bauer-brands","7":"product_cat-fathers-day-gifts","8":"product_cat-mens-jewellery","9":"product_cat-valentine-day-gifts","10":"product_cat-wedding-bands","11":"product_cat-wedding-rings-bands","13":"first","14":"outofstock","15":"taxable","16":"shipping-taxable","17":"product-type-simple","18":"add-to-wishlist-before_image"},"yoast_head":"<!-- This site is optimized with the Yoast SEO plugin v27.5 - https:\/\/yoast.com\/product\/yoast-seo-wordpress\/ -->\n<title>Christian Bauer Wedding Band Ring - \u00a31700.00.00 (SKU:273648-9200)<\/title>\n<meta name=\"robots\" content=\"index, follow, max-snippet:-1, max-image-preview:large, max-video-preview:-1\" \/>\n<link rel=\"canonical\" href=\"https:\/\/www.purejewels.com\/tr\/urun\/christian-bauer-alyans-273648\/\" \/>\n<meta property=\"og:locale\" content=\"tr_TR\" \/>\n<meta property=\"og:type\" content=\"article\" \/>\n<meta property=\"og:title\" content=\"Christian Bauer Wedding Band Ring - \u00a31700.00.00 (SKU:273648-9200)\" \/>\n<meta property=\"og:description\" content=\"Authorised stockist of Christian Bauer rings in London  Christian Bauer Wedding Ring \u2013 273648  Finish: Matte finish with polished edge  Metal: Palladium  Finger size pictured: S  Width: 6.5mm  *Your ring is individually made, so contact us to find out about lead times.\" \/>\n<meta property=\"og:url\" content=\"https:\/\/www.purejewels.com\/tr\/urun\/christian-bauer-alyans-273648\/\" \/>\n<meta property=\"og:site_name\" content=\"PureJewels UK\" \/>\n<meta property=\"article:modified_time\" content=\"2023-07-06T11:34:33+00:00\" \/>\n<meta property=\"og:image\" content=\"https:\/\/www.purejewels.com\/wp-content\/uploads\/2020\/07\/137217201.jpg\" \/>\n\t<meta property=\"og:image:width\" content=\"960\" \/>\n\t<meta property=\"og:image:height\" content=\"960\" \/>\n\t<meta property=\"og:image:type\" content=\"image\/jpeg\" \/>\n<meta name=\"twitter:card\" content=\"summary_large_image\" \/>\n<meta name=\"twitter:label1\" content=\"Tahmini okuma s\u00fcresi\" \/>\n\t<meta name=\"twitter:data1\" content=\"1 dakika\" \/>\n<script type=\"application\/ld+json\" class=\"yoast-schema-graph\">{\"@context\":\"https:\\\/\\\/schema.org\",\"@graph\":[{\"@type\":[\"WebPage\",\"ItemPage\"],\"@id\":\"https:\\\/\\\/www.purejewels.com\\\/product\\\/christian-bauer-wedding-ring-273648\\\/\",\"url\":\"https:\\\/\\\/www.purejewels.com\\\/product\\\/christian-bauer-wedding-ring-273648\\\/\",\"name\":\"Christian Bauer Wedding Band Ring - \u00a31700.00.00 (SKU:273648-9200)\",\"isPartOf\":{\"@id\":\"https:\\\/\\\/www.purejewels.com\\\/#website\"},\"primaryImageOfPage\":{\"@id\":\"https:\\\/\\\/www.purejewels.com\\\/product\\\/christian-bauer-wedding-ring-273648\\\/#primaryimage\"},\"image\":{\"@id\":\"https:\\\/\\\/www.purejewels.com\\\/product\\\/christian-bauer-wedding-ring-273648\\\/#primaryimage\"},\"thumbnailUrl\":\"https:\\\/\\\/static.purejewels.com\\\/wp-content\\\/uploads\\\/2020\\\/07\\\/137217201.jpg\",\"datePublished\":\"2017-07-19T12:23:28+00:00\",\"dateModified\":\"2023-07-06T11:34:33+00:00\",\"breadcrumb\":{\"@id\":\"https:\\\/\\\/www.purejewels.com\\\/product\\\/christian-bauer-wedding-ring-273648\\\/#breadcrumb\"},\"inLanguage\":\"tr\",\"potentialAction\":[{\"@type\":\"ReadAction\",\"target\":[\"https:\\\/\\\/www.purejewels.com\\\/product\\\/christian-bauer-wedding-ring-273648\\\/\"]}]},{\"@type\":\"ImageObject\",\"inLanguage\":\"tr\",\"@id\":\"https:\\\/\\\/www.purejewels.com\\\/product\\\/christian-bauer-wedding-ring-273648\\\/#primaryimage\",\"url\":\"https:\\\/\\\/static.purejewels.com\\\/wp-content\\\/uploads\\\/2020\\\/07\\\/137217201.jpg\",\"contentUrl\":\"https:\\\/\\\/static.purejewels.com\\\/wp-content\\\/uploads\\\/2020\\\/07\\\/137217201.jpg\",\"width\":960,\"height\":960,\"caption\":\"If a Christian Bauer ring has caught your eye, but the price is concerning you, take a look at the Palladium bevelled wedding ring.\u00a0 Christian Bauer now makes a small number of wedding rings in palladium, which is similar to platinum, but softer, more lustrous, and more affordable.\u00a0 We have found this men\u2019s wedding ring to be handsome and well-made, with a sophisticated matte finish and bevelled groove.\u00a0 It\u2019s crafted by hand in the Christian Bauer workshop and stamped with the German Fir to show authenticity.\u00a0\u00a0 \u00a0*Please note that your Christian Bauer ring will be ordered, unless we have your size in stock, so use Live Chat to enquire.*Authorised stockist of Christian Bauer rings in LondonChristian Bauer Wedding Ring \u2013 273648Finish: Matte finish with polished edgeMetal: PalladiumFinger size pictured: SWidth: 6.5mm*Your ring is individually made, so contact us to find out about lead times.Your Christian Bauer wedding ringPalladium is an excellent rare metal with a gleaming finish.\u00a0\u00a0 It is in the platinum family with a high density and a softer nature, like gold.\u00a0 It is an up-and-coming metal in the investment markets and an unusual choice for a wedding ring that is contemporary and interesting.\u00a0 It is worth noting that Christian Bauer only uses previously-mined metals.\u00a0 This means they do not contribute to the ongoing environmental impact of mining: instead reusing and recycling some of the plentiful metal reserves that we already have.&nbsp;\"},{\"@type\":\"BreadcrumbList\",\"@id\":\"https:\\\/\\\/www.purejewels.com\\\/product\\\/christian-bauer-wedding-ring-273648\\\/#breadcrumb\",\"itemListElement\":[{\"@type\":\"ListItem\",\"position\":1,\"name\":\"Home\",\"item\":\"https:\\\/\\\/www.purejewels.com\\\/\"},{\"@type\":\"ListItem\",\"position\":2,\"name\":\"Shop\",\"item\":\"https:\\\/\\\/www.purejewels.com\\\/shop\\\/\"},{\"@type\":\"ListItem\",\"position\":3,\"name\":\"Christian Bauer Wedding Band Ring\"}]},{\"@type\":\"WebSite\",\"@id\":\"https:\\\/\\\/www.purejewels.com\\\/#website\",\"url\":\"https:\\\/\\\/www.purejewels.com\\\/\",\"name\":\"PureJewels UK\",\"description\":\"Share the Love\",\"publisher\":{\"@id\":\"https:\\\/\\\/www.purejewels.com\\\/#organization\"},\"potentialAction\":[{\"@type\":\"SearchAction\",\"target\":{\"@type\":\"EntryPoint\",\"urlTemplate\":\"https:\\\/\\\/www.purejewels.com\\\/?s={search_term_string}\"},\"query-input\":{\"@type\":\"PropertyValueSpecification\",\"valueRequired\":true,\"valueName\":\"search_term_string\"}}],\"inLanguage\":\"tr\"},{\"@type\":\"Organization\",\"@id\":\"https:\\\/\\\/www.purejewels.com\\\/#organization\",\"name\":\"PureJewels UK\",\"url\":\"https:\\\/\\\/www.purejewels.com\\\/\",\"logo\":{\"@type\":\"ImageObject\",\"inLanguage\":\"tr\",\"@id\":\"https:\\\/\\\/www.purejewels.com\\\/#\\\/schema\\\/logo\\\/image\\\/\",\"url\":\"https:\\\/\\\/static.purejewels.com\\\/wp-content\\\/uploads\\\/2020\\\/11\\\/Logo-PJ-New-1.png\",\"contentUrl\":\"https:\\\/\\\/static.purejewels.com\\\/wp-content\\\/uploads\\\/2020\\\/11\\\/Logo-PJ-New-1.png\",\"width\":150,\"height\":80,\"caption\":\"PureJewels UK\"},\"image\":{\"@id\":\"https:\\\/\\\/www.purejewels.com\\\/#\\\/schema\\\/logo\\\/image\\\/\"}}]}<\/script>\n<!-- \/ Yoast SEO plugin. -->","yoast_head_json":{"title":"Christian Bauer Alyans Y\u00fcz\u00fck - \u00a31700.00.00 (SKU:273648-9200)","robots":{"index":"index","follow":"follow","max-snippet":"max-snippet:-1","max-image-preview":"max-image-preview:large","max-video-preview":"max-video-preview:-1"},"canonical":"https:\/\/www.purejewels.com\/tr\/urun\/christian-bauer-alyans-273648\/","og_locale":"tr_TR","og_type":"article","og_title":"Christian Bauer Wedding Band Ring - \u00a31700.00.00 (SKU:273648-9200)","og_description":"Authorised stockist of Christian Bauer rings in London  Christian Bauer Wedding Ring \u2013 273648  Finish: Matte finish with polished edge  Metal: Palladium  Finger size pictured: S  Width: 6.5mm  *Your ring is individually made, so contact us to find out about lead times.","og_url":"https:\/\/www.purejewels.com\/tr\/urun\/christian-bauer-alyans-273648\/","og_site_name":"PureJewels UK","article_modified_time":"2023-07-06T11:34:33+00:00","og_image":[{"width":960,"height":960,"url":"https:\/\/www.purejewels.com\/wp-content\/uploads\/2020\/07\/137217201.jpg","type":"image\/jpeg"}],"twitter_card":"summary_large_image","twitter_misc":{"Tahmini okuma s\u00fcresi":"1 dakika"},"schema":{"@context":"https:\/\/schema.org","@graph":[{"@type":["WebPage","ItemPage"],"@id":"https:\/\/www.purejewels.com\/product\/christian-bauer-wedding-ring-273648\/","url":"https:\/\/www.purejewels.com\/product\/christian-bauer-wedding-ring-273648\/","name":"Christian Bauer Alyans Y\u00fcz\u00fck - \u00a31700.00.00 (SKU:273648-9200)","isPartOf":{"@id":"https:\/\/www.purejewels.com\/#website"},"primaryImageOfPage":{"@id":"https:\/\/www.purejewels.com\/product\/christian-bauer-wedding-ring-273648\/#primaryimage"},"image":{"@id":"https:\/\/www.purejewels.com\/product\/christian-bauer-wedding-ring-273648\/#primaryimage"},"thumbnailUrl":"https:\/\/static.purejewels.com\/wp-content\/uploads\/2020\/07\/137217201.jpg","datePublished":"2017-07-19T12:23:28+00:00","dateModified":"2023-07-06T11:34:33+00:00","breadcrumb":{"@id":"https:\/\/www.purejewels.com\/product\/christian-bauer-wedding-ring-273648\/#breadcrumb"},"inLanguage":"tr","potentialAction":[{"@type":"ReadAction","target":["https:\/\/www.purejewels.com\/product\/christian-bauer-wedding-ring-273648\/"]}]},{"@type":"ImageObject","inLanguage":"tr","@id":"https:\/\/www.purejewels.com\/product\/christian-bauer-wedding-ring-273648\/#primaryimage","url":"https:\/\/static.purejewels.com\/wp-content\/uploads\/2020\/07\/137217201.jpg","contentUrl":"https:\/\/static.purejewels.com\/wp-content\/uploads\/2020\/07\/137217201.jpg","width":960,"height":960,"caption":"If a Christian Bauer ring has caught your eye, but the price is concerning you, take a look at the Palladium bevelled wedding ring.\u00a0 Christian Bauer now makes a small number of wedding rings in palladium, which is similar to platinum, but softer, more lustrous, and more affordable.\u00a0 We have found this men\u2019s wedding ring to be handsome and well-made, with a sophisticated matte finish and bevelled groove.\u00a0 It\u2019s crafted by hand in the Christian Bauer workshop and stamped with the German Fir to show authenticity.\u00a0\u00a0 \u00a0*Please note that your Christian Bauer ring will be ordered, unless we have your size in stock, so use Live Chat to enquire.*Authorised stockist of Christian Bauer rings in LondonChristian Bauer Wedding Ring \u2013 273648Finish: Matte finish with polished edgeMetal: PalladiumFinger size pictured: SWidth: 6.5mm*Your ring is individually made, so contact us to find out about lead times.Your Christian Bauer wedding ringPalladium is an excellent rare metal with a gleaming finish.\u00a0\u00a0 It is in the platinum family with a high density and a softer nature, like gold.\u00a0 It is an up-and-coming metal in the investment markets and an unusual choice for a wedding ring that is contemporary and interesting.\u00a0 It is worth noting that Christian Bauer only uses previously-mined metals.\u00a0 This means they do not contribute to the ongoing environmental impact of mining: instead reusing and recycling some of the plentiful metal reserves that we already have.&nbsp;"},{"@type":"BreadcrumbList","@id":"https:\/\/www.purejewels.com\/product\/christian-bauer-wedding-ring-273648\/#breadcrumb","itemListElement":[{"@type":"ListItem","position":1,"name":"Home","item":"https:\/\/www.purejewels.com\/"},{"@type":"ListItem","position":2,"name":"Shop","item":"https:\/\/www.purejewels.com\/shop\/"},{"@type":"ListItem","position":3,"name":"Christian Bauer Wedding Band Ring"}]},{"@type":"WebSite","@id":"https:\/\/www.purejewels.com\/#website","url":"https:\/\/www.purejewels.com\/","name":"PureJewels \u0130ngiltere","description":"Sevgiyi Payla\u015f\u0131n","publisher":{"@id":"https:\/\/www.purejewels.com\/#organization"},"potentialAction":[{"@type":"SearchAction","target":{"@type":"EntryPoint","urlTemplate":"https:\/\/www.purejewels.com\/?s={search_term_string}"},"query-input":{"@type":"PropertyValueSpecification","valueRequired":true,"valueName":"search_term_string"}}],"inLanguage":"tr"},{"@type":"Organization","@id":"https:\/\/www.purejewels.com\/#organization","name":"PureJewels \u0130ngiltere","url":"https:\/\/www.purejewels.com\/","logo":{"@type":"ImageObject","inLanguage":"tr","@id":"https:\/\/www.purejewels.com\/#\/schema\/logo\/image\/","url":"https:\/\/static.purejewels.com\/wp-content\/uploads\/2020\/11\/Logo-PJ-New-1.png","contentUrl":"https:\/\/static.purejewels.com\/wp-content\/uploads\/2020\/11\/Logo-PJ-New-1.png","width":150,"height":80,"caption":"PureJewels UK"},"image":{"@id":"https:\/\/www.purejewels.com\/#\/schema\/logo\/image\/"}}]}},"_links":{"self":[{"href":"https:\/\/www.purejewels.com\/tr\/wp-json\/wp\/v2\/product\/4014","targetHints":{"allow":["GET"]}}],"collection":[{"href":"https:\/\/www.purejewels.com\/tr\/wp-json\/wp\/v2\/product"}],"about":[{"href":"https:\/\/www.purejewels.com\/tr\/wp-json\/wp\/v2\/types\/product"}],"replies":[{"embeddable":true,"href":"https:\/\/www.purejewels.com\/tr\/wp-json\/wp\/v2\/comments?post=4014"}],"version-history":[{"count":0,"href":"https:\/\/www.purejewels.com\/tr\/wp-json\/wp\/v2\/product\/4014\/revisions"}],"wp:featuredmedia":[{"embeddable":true,"href":"https:\/\/www.purejewels.com\/tr\/wp-json\/wp\/v2\/media\/315595"}],"wp:attachment":[{"href":"https:\/\/www.purejewels.com\/tr\/wp-json\/wp\/v2\/media?parent=4014"}],"wp:term":[{"taxonomy":"product_brand","embeddable":true,"href":"https:\/\/www.purejewels.com\/tr\/wp-json\/wp\/v2\/product_brand?post=4014"},{"taxonomy":"product_cat","embeddable":true,"href":"https:\/\/www.purejewels.com\/tr\/wp-json\/wp\/v2\/product_cat?post=4014"},{"taxonomy":"product_tag","embeddable":true,"href":"https:\/\/www.purejewels.com\/tr\/wp-json\/wp\/v2\/product_tag?post=4014"}],"curies":[{"name":"wp","href":"https:\/\/api.w.org\/{rel}","templated":true}]}}