{"id":402135,"date":"2025-03-11T12:11:13","date_gmt":"2025-03-11T12:11:13","guid":{"rendered":"https:\/\/www.purejewels.com\/?post_type=product&#038;p=402135"},"modified":"2026-01-22T11:21:52","modified_gmt":"2026-01-22T11:21:52","slug":"akrep-burcu-i%cc%87c-alev-kolye-ucu-52328","status":"publish","type":"product","link":"https:\/\/www.purejewels.com\/tr\/product\/scorpio-the-inner-flame-pendant-52328\/","title":{"rendered":"Akrep Burcu - \u0130\u00e7 Alev Kolye Ucu"},"content":{"rendered":"<p><span class=\"TextRun SCXW46017340 BCX8\" lang=\"EN-US\" xml:lang=\"EN-US\" data-contrast=\"none\"><span class=\"NormalTextRun SCXW46017340 BCX8\" data-ccp-parastyle=\"Body\" data-ccp-parastyle-defn=\"{&quot;ObjectId&quot;:&quot;b669530d-9cee-5fd4-8da3-4cdbed7bfaa2|1&quot;,&quot;ClassId&quot;:1073872969,&quot;Properties&quot;:[469775450,&quot;Body&quot;,201340122,&quot;2&quot;,134233614,&quot;true&quot;,469778129,&quot;Body&quot;,335572020,&quot;1&quot;,469777841,&quot;Calibri&quot;,469777842,&quot;Calibri&quot;,469777843,&quot;Calibri&quot;,469777844,&quot;Calibri&quot;,469769226,&quot;Calibri&quot;,335551500,&quot;0&quot;,268442635,&quot;22&quot;,335559740,&quot;259&quot;,201341983,&quot;0&quot;,335559739,&quot;160&quot;]}\">Shop the <\/span><\/span><span class=\"TextRun SCXW46017340 BCX8\" lang=\"DE-DE\" xml:lang=\"DE-DE\" data-contrast=\"none\"><span class=\"NormalTextRun SpellingErrorV2Themed SCXW46017340 BCX8\" data-ccp-parastyle=\"Body\">Inner<\/span><span class=\"NormalTextRun SCXW46017340 BCX8\" data-ccp-parastyle=\"Body\"> Flame Pendant<\/span><\/span><span class=\"TextRun SCXW46017340 BCX8\" lang=\"EN-US\" xml:lang=\"EN-US\" data-contrast=\"none\"><span class=\"NormalTextRun SCXW46017340 BCX8\" data-ccp-parastyle=\"Body\">, a Scorpio zodiac necklace from <\/span><span class=\"NormalTextRun SpellingErrorV2Themed SCXW46017340 BCX8\" data-ccp-parastyle=\"Body\">PureJewels<\/span><\/span><span class=\"TextRun SCXW46017340 BCX8\" lang=\"EN-IN\" xml:lang=\"EN-IN\" data-contrast=\"none\"><span class=\"NormalTextRun SCXW46017340 BCX8\" data-ccp-parastyle=\"Body\">\u2019 <\/span><\/span><span class=\"TextRun SCXW46017340 BCX8\" lang=\"FR-FR\" xml:lang=\"FR-FR\" data-contrast=\"none\"><span class=\"NormalTextRun SpellingErrorV2Themed SCXW46017340 BCX8\" data-ccp-parastyle=\"Body\">Virtues<\/span><span class=\"NormalTextRun SCXW46017340 BCX8\" data-ccp-parastyle=\"Body\"> Zodiac Collection<\/span><\/span><span class=\"TextRun SCXW46017340 BCX8\" lang=\"EN-US\" xml:lang=\"EN-US\" data-contrast=\"none\"><span class=\"NormalTextRun SCXW46017340 BCX8\" data-ccp-parastyle=\"Body\">. Crafted <\/span><span class=\"NormalTextRun ContextualSpellingAndGrammarErrorV2Themed SCXW46017340 BCX8\" data-ccp-parastyle=\"Body\">in<\/span><span class=\"NormalTextRun SCXW46017340 BCX8\" data-ccp-parastyle=\"Body\"> 22ct Sunrise Gold in London, <\/span><span class=\"NormalTextRun ContextualSpellingAndGrammarErrorV2Themed SCXW46017340 BCX8\" data-ccp-parastyle=\"Body\">this sculptural pendant captures<\/span><span class=\"NormalTextRun SCXW46017340 BCX8\" data-ccp-parastyle=\"Body\"> Scorpio<\/span><\/span><span class=\"TextRun SCXW46017340 BCX8\" lang=\"EN-IN\" xml:lang=\"EN-IN\" data-contrast=\"none\"><span class=\"NormalTextRun SCXW46017340 BCX8\" data-ccp-parastyle=\"Body\">\u2019<\/span><\/span><span class=\"TextRun SCXW46017340 BCX8\" lang=\"FR-FR\" xml:lang=\"FR-FR\" data-contrast=\"none\"><span class=\"NormalTextRun SCXW46017340 BCX8\" data-ccp-parastyle=\"Body\">s essence <\/span><\/span><span class=\"TextRun SCXW46017340 BCX8\" lang=\"EN-US\" xml:lang=\"EN-US\" data-contrast=\"none\"><span class=\"NormalTextRun SCXW46017340 BCX8\" data-ccp-parastyle=\"Body\">\u2014 passionate, loyal, and endlessly deep \u2014 in luxury gold zodiac <\/span><span class=\"NormalTextRun SpellingErrorV2Themed SCXW46017340 BCX8\" data-ccp-parastyle=\"Body\">jewellery<\/span><span class=\"NormalTextRun SCXW46017340 BCX8\" data-ccp-parastyle=\"Body\">.<\/span><\/span><span class=\"EOP SCXW46017340 BCX8\" data-ccp-props=\"{&quot;201341983&quot;:0,&quot;335559739&quot;:160,&quot;335559740&quot;:259}\">\u00a0<\/span><\/p>\n","protected":false},"excerpt":{"rendered":"<div class=\"woocommerce-product-details__short-description\">\n<p data-ccp-border-bottom=\"0px none #000000\" data-ccp-padding-bottom=\"0px\" data-ccp-border-between=\"0px none #000000\" data-ccp-padding-between=\"0px\"><b><span data-contrast=\"none\">Tarihler: 23 Ekim <\/span><\/b><b><span data-contrast=\"none\">- 21 Kas\u0131m<\/span><\/b><span data-ccp-props=\"{&quot;201341983&quot;:0,&quot;335559739&quot;:200,&quot;335559740&quot;:276}\">\u00a0<\/span><\/p>\n<p data-ccp-border-bottom=\"0px none #000000\" data-ccp-padding-bottom=\"0px\" data-ccp-border-between=\"0px none #000000\" data-ccp-padding-between=\"0px\"><b><span data-contrast=\"none\">Erdemler: <\/span><\/b><b><span data-contrast=\"none\">Belirleme <\/span><\/b><b><span data-contrast=\"none\">- <\/span><\/b><b><span data-contrast=\"none\">Tutkulu<\/span><\/b><b><span data-contrast=\"none\"> - <\/span><\/b><b><span data-contrast=\"none\">Manyetik<\/span><\/b><span data-ccp-props=\"{&quot;201341983&quot;:0,&quot;335559739&quot;:200,&quot;335559740&quot;:276}\">\u00a0<\/span><\/p>\n<p data-ccp-border-bottom=\"0px none #000000\" data-ccp-padding-bottom=\"0px\" data-ccp-border-between=\"0px none #000000\" data-ccp-padding-between=\"0px\"><i><span data-contrast=\"none\">Yolu tutkuyla ayd\u0131nlatmak<\/span><\/i><span data-ccp-props=\"{&quot;201341983&quot;:0,&quot;335559739&quot;:200,&quot;335559740&quot;:276}\">\u00a0<\/span><\/p>\n<p data-ccp-border-bottom=\"0px none #000000\" data-ccp-padding-bottom=\"0px\" data-ccp-border-between=\"0px none #000000\" data-ccp-padding-between=\"0px\"><span data-contrast=\"none\">Bir Akrep'in g\u00fc\u00e7l\u00fc oda\u011f\u0131 gibi k\u0131vr\u0131lan ve keskinle\u015fen k\u0131vr\u0131ml\u0131 hatlar\u0131yla, dengeli formu zarafet ve ama\u00e7la y\u00fckselir. Niyetle \u00fcretilmi\u015f bu par\u00e7a, Akrep burcunun esrarengiz varl\u0131\u011f\u0131n\u0131 yans\u0131t\u0131yor<\/span><span data-contrast=\"none\">.<\/span><span data-ccp-props=\"{&quot;201341983&quot;:0,&quot;335559739&quot;:200,&quot;335559740&quot;:276}\">\u00a0<\/span><\/p>\n<p><strong>Malzeme:<\/strong> 22 Ayar Alt\u0131n<strong><br \/>\nHallmark:\u00a0<\/strong>\u0130ngiliz Damgas\u0131<strong><br \/>\n<\/strong><strong>Br\u00fct A\u011f\u0131rl\u0131k: <\/strong>1.40 Gms<strong><br \/>\nSKU: <\/strong>52328<\/p>\n<p><strong>Fiyat ve Teslimat: <\/strong>Zincir fiyat\u0131 dahil de\u011fildir<strong>, <\/strong>KDV ve teslimat \u00fccretleri dahil<strong><br \/>\n<a href=\"https:\/\/www.purejewels.com\/tr\/i%cc%87ade-poli%cc%87ti%cc%87kasi\/\">\u0130ade Politikas\u0131<\/a><\/strong><\/p>\n<\/div>\n<div class=\"btn-atc atc-slide\"><\/div>\n<div class=\"product_meta\"><\/div>","protected":false},"featured_media":402136,"comment_status":"closed","ping_status":"closed","template":"","meta":{"_eb_attr":"","_crsspst_to_jayantr4sg-hostcom":false},"product_brand":[],"product_cat":[1770,1790,1229,1255,5343,1767,1572,1768,1574,5349,6019],"product_tag":[],"class_list":{"0":"post-402135","1":"product","2":"type-product","3":"status-publish","4":"has-post-thumbnail","6":"product_cat-fancy-pendants","7":"product_cat-for-whom-when","8":"product_cat-22ct-gold-jewellery","9":"product_cat-gold-pendants","10":"product_cat-jewellery-under-550","11":"product_cat-ladies-pendants","12":"product_cat-mens-jewellery","13":"product_cat-mens-pendants","14":"product_cat-womens-jewellery","15":"product_cat-yellow-gold-jewellery","16":"product_cat-zodiac-sign-pendant","18":"first","19":"instock","20":"taxable","21":"shipping-taxable","22":"purchasable","23":"product-type-simple","24":"add-to-wishlist-before_image"},"yoast_head":"<!-- This site is optimized with the Yoast SEO plugin v27.5 - https:\/\/yoast.com\/product\/yoast-seo-wordpress\/ -->\n<title>Scorpio Inner Flame Pendant | Zodiac Jewellery | PureJewels<\/title>\n<meta name=\"description\" content=\"Embrace intensity and transformation with the Scorpio Inner Flame Pendant. Forged in glowing Sunrise Gold, this design reflects Scorpio\u2019s passion, mystery, and inner power.\" \/>\n<meta name=\"robots\" content=\"index, follow, max-snippet:-1, max-image-preview:large, max-video-preview:-1\" \/>\n<link rel=\"canonical\" href=\"https:\/\/www.purejewels.com\/tr\/urun\/akrep-burcu-i\u0307c-alev-kolye-ucu-52328\/\" \/>\n<meta property=\"og:locale\" content=\"tr_TR\" \/>\n<meta property=\"og:type\" content=\"article\" \/>\n<meta property=\"og:title\" content=\"Scorpio Inner Flame Pendant | Zodiac Jewellery | PureJewels\" \/>\n<meta property=\"og:description\" content=\"Embrace intensity and transformation with the Scorpio Inner Flame Pendant. Forged in glowing Sunrise Gold, this design reflects Scorpio\u2019s passion, mystery, and inner power.\" \/>\n<meta property=\"og:url\" content=\"https:\/\/www.purejewels.com\/tr\/urun\/akrep-burcu-i\u0307c-alev-kolye-ucu-52328\/\" \/>\n<meta property=\"og:site_name\" content=\"PureJewels UK\" \/>\n<meta property=\"article:modified_time\" content=\"2026-01-22T11:21:52+00:00\" \/>\n<meta property=\"og:image\" content=\"https:\/\/static.purejewels.com\/wp-content\/uploads\/2025\/06\/SCORPIO.png\" \/>\n\t<meta property=\"og:image:width\" content=\"1000\" \/>\n\t<meta property=\"og:image:height\" content=\"1000\" \/>\n\t<meta property=\"og:image:type\" content=\"image\/png\" \/>\n<meta name=\"twitter:card\" content=\"summary_large_image\" \/>\n<meta name=\"twitter:label1\" content=\"Tahmini okuma s\u00fcresi\" \/>\n\t<meta name=\"twitter:data1\" content=\"1 dakika\" \/>\n<script type=\"application\/ld+json\" class=\"yoast-schema-graph\">{\"@context\":\"https:\\\/\\\/schema.org\",\"@graph\":[{\"@type\":[\"WebPage\",\"ItemPage\"],\"@id\":\"https:\\\/\\\/www.purejewels.com\\\/product\\\/scorpio-the-inner-flame-pendant-52328\\\/\",\"url\":\"https:\\\/\\\/www.purejewels.com\\\/product\\\/scorpio-the-inner-flame-pendant-52328\\\/\",\"name\":\"Scorpio Inner Flame Pendant | Zodiac Jewellery | PureJewels\",\"isPartOf\":{\"@id\":\"https:\\\/\\\/www.purejewels.com\\\/#website\"},\"primaryImageOfPage\":{\"@id\":\"https:\\\/\\\/www.purejewels.com\\\/product\\\/scorpio-the-inner-flame-pendant-52328\\\/#primaryimage\"},\"image\":{\"@id\":\"https:\\\/\\\/www.purejewels.com\\\/product\\\/scorpio-the-inner-flame-pendant-52328\\\/#primaryimage\"},\"thumbnailUrl\":\"https:\\\/\\\/static.purejewels.com\\\/wp-content\\\/uploads\\\/2025\\\/06\\\/SCORPIO.png\",\"datePublished\":\"2025-03-11T12:11:13+00:00\",\"dateModified\":\"2026-01-22T11:21:52+00:00\",\"description\":\"Embrace intensity and transformation with the Scorpio Inner Flame Pendant. Forged in glowing Sunrise Gold, this design reflects Scorpio\u2019s passion, mystery, and inner power.\",\"breadcrumb\":{\"@id\":\"https:\\\/\\\/www.purejewels.com\\\/product\\\/scorpio-the-inner-flame-pendant-52328\\\/#breadcrumb\"},\"inLanguage\":\"tr\",\"potentialAction\":[{\"@type\":\"ReadAction\",\"target\":[\"https:\\\/\\\/www.purejewels.com\\\/product\\\/scorpio-the-inner-flame-pendant-52328\\\/\"]}]},{\"@type\":\"ImageObject\",\"inLanguage\":\"tr\",\"@id\":\"https:\\\/\\\/www.purejewels.com\\\/product\\\/scorpio-the-inner-flame-pendant-52328\\\/#primaryimage\",\"url\":\"https:\\\/\\\/static.purejewels.com\\\/wp-content\\\/uploads\\\/2025\\\/06\\\/SCORPIO.png\",\"contentUrl\":\"https:\\\/\\\/static.purejewels.com\\\/wp-content\\\/uploads\\\/2025\\\/06\\\/SCORPIO.png\",\"width\":1000,\"height\":1000,\"caption\":\"Scorpio \u2013 The Inner Flame Pendant\"},{\"@type\":\"BreadcrumbList\",\"@id\":\"https:\\\/\\\/www.purejewels.com\\\/product\\\/scorpio-the-inner-flame-pendant-52328\\\/#breadcrumb\",\"itemListElement\":[{\"@type\":\"ListItem\",\"position\":1,\"name\":\"Home\",\"item\":\"https:\\\/\\\/www.purejewels.com\\\/\"},{\"@type\":\"ListItem\",\"position\":2,\"name\":\"Shop\",\"item\":\"https:\\\/\\\/www.purejewels.com\\\/shop\\\/\"},{\"@type\":\"ListItem\",\"position\":3,\"name\":\"Scorpio \u2013 The Inner Flame Pendant\"}]},{\"@type\":\"WebSite\",\"@id\":\"https:\\\/\\\/www.purejewels.com\\\/#website\",\"url\":\"https:\\\/\\\/www.purejewels.com\\\/\",\"name\":\"PureJewels UK\",\"description\":\"Share the Love\",\"publisher\":{\"@id\":\"https:\\\/\\\/www.purejewels.com\\\/#organization\"},\"potentialAction\":[{\"@type\":\"SearchAction\",\"target\":{\"@type\":\"EntryPoint\",\"urlTemplate\":\"https:\\\/\\\/www.purejewels.com\\\/?s={search_term_string}\"},\"query-input\":{\"@type\":\"PropertyValueSpecification\",\"valueRequired\":true,\"valueName\":\"search_term_string\"}}],\"inLanguage\":\"tr\"},{\"@type\":\"Organization\",\"@id\":\"https:\\\/\\\/www.purejewels.com\\\/#organization\",\"name\":\"PureJewels UK\",\"url\":\"https:\\\/\\\/www.purejewels.com\\\/\",\"logo\":{\"@type\":\"ImageObject\",\"inLanguage\":\"tr\",\"@id\":\"https:\\\/\\\/www.purejewels.com\\\/#\\\/schema\\\/logo\\\/image\\\/\",\"url\":\"https:\\\/\\\/static.purejewels.com\\\/wp-content\\\/uploads\\\/2020\\\/11\\\/Logo-PJ-New-1.png\",\"contentUrl\":\"https:\\\/\\\/static.purejewels.com\\\/wp-content\\\/uploads\\\/2020\\\/11\\\/Logo-PJ-New-1.png\",\"width\":150,\"height\":80,\"caption\":\"PureJewels UK\"},\"image\":{\"@id\":\"https:\\\/\\\/www.purejewels.com\\\/#\\\/schema\\\/logo\\\/image\\\/\"}}]}<\/script>\n<!-- \/ Yoast SEO plugin. -->","yoast_head_json":{"title":"Akrep Burcu \u0130\u00e7 Alev Kolye | Zodyak Tak\u0131lar\u0131 | PureJewels","description":"Akrep Burcu \u0130\u00e7 Alev Kolyesi ile yo\u011funlu\u011fu ve d\u00f6n\u00fc\u015f\u00fcm\u00fc kucaklay\u0131n. Parlayan G\u00fcn Do\u011fumu Alt\u0131n\u0131yla d\u00f6v\u00fclm\u00fc\u015f bu tasar\u0131m Akrep burcunun tutkusunu, gizemini ve i\u00e7sel g\u00fcc\u00fcn\u00fc yans\u0131t\u0131yor.","robots":{"index":"index","follow":"follow","max-snippet":"max-snippet:-1","max-image-preview":"max-image-preview:large","max-video-preview":"max-video-preview:-1"},"canonical":"https:\/\/www.purejewels.com\/tr\/urun\/akrep-burcu-i\u0307c-alev-kolye-ucu-52328\/","og_locale":"tr_TR","og_type":"article","og_title":"Scorpio Inner Flame Pendant | Zodiac Jewellery | PureJewels","og_description":"Embrace intensity and transformation with the Scorpio Inner Flame Pendant. Forged in glowing Sunrise Gold, this design reflects Scorpio\u2019s passion, mystery, and inner power.","og_url":"https:\/\/www.purejewels.com\/tr\/urun\/akrep-burcu-i\u0307c-alev-kolye-ucu-52328\/","og_site_name":"PureJewels UK","article_modified_time":"2026-01-22T11:21:52+00:00","og_image":[{"width":1000,"height":1000,"url":"https:\/\/static.purejewels.com\/wp-content\/uploads\/2025\/06\/SCORPIO.png","type":"image\/png"}],"twitter_card":"summary_large_image","twitter_misc":{"Tahmini okuma s\u00fcresi":"1 dakika"},"schema":{"@context":"https:\/\/schema.org","@graph":[{"@type":["WebPage","ItemPage"],"@id":"https:\/\/www.purejewels.com\/product\/scorpio-the-inner-flame-pendant-52328\/","url":"https:\/\/www.purejewels.com\/product\/scorpio-the-inner-flame-pendant-52328\/","name":"Akrep Burcu \u0130\u00e7 Alev Kolye | Zodyak Tak\u0131lar\u0131 | PureJewels","isPartOf":{"@id":"https:\/\/www.purejewels.com\/#website"},"primaryImageOfPage":{"@id":"https:\/\/www.purejewels.com\/product\/scorpio-the-inner-flame-pendant-52328\/#primaryimage"},"image":{"@id":"https:\/\/www.purejewels.com\/product\/scorpio-the-inner-flame-pendant-52328\/#primaryimage"},"thumbnailUrl":"https:\/\/static.purejewels.com\/wp-content\/uploads\/2025\/06\/SCORPIO.png","datePublished":"2025-03-11T12:11:13+00:00","dateModified":"2026-01-22T11:21:52+00:00","description":"Akrep Burcu \u0130\u00e7 Alev Kolyesi ile yo\u011funlu\u011fu ve d\u00f6n\u00fc\u015f\u00fcm\u00fc kucaklay\u0131n. Parlayan G\u00fcn Do\u011fumu Alt\u0131n\u0131yla d\u00f6v\u00fclm\u00fc\u015f bu tasar\u0131m Akrep burcunun tutkusunu, gizemini ve i\u00e7sel g\u00fcc\u00fcn\u00fc yans\u0131t\u0131yor.","breadcrumb":{"@id":"https:\/\/www.purejewels.com\/product\/scorpio-the-inner-flame-pendant-52328\/#breadcrumb"},"inLanguage":"tr","potentialAction":[{"@type":"ReadAction","target":["https:\/\/www.purejewels.com\/product\/scorpio-the-inner-flame-pendant-52328\/"]}]},{"@type":"ImageObject","inLanguage":"tr","@id":"https:\/\/www.purejewels.com\/product\/scorpio-the-inner-flame-pendant-52328\/#primaryimage","url":"https:\/\/static.purejewels.com\/wp-content\/uploads\/2025\/06\/SCORPIO.png","contentUrl":"https:\/\/static.purejewels.com\/wp-content\/uploads\/2025\/06\/SCORPIO.png","width":1000,"height":1000,"caption":"Scorpio \u2013 The Inner Flame Pendant"},{"@type":"BreadcrumbList","@id":"https:\/\/www.purejewels.com\/product\/scorpio-the-inner-flame-pendant-52328\/#breadcrumb","itemListElement":[{"@type":"ListItem","position":1,"name":"Home","item":"https:\/\/www.purejewels.com\/"},{"@type":"ListItem","position":2,"name":"Shop","item":"https:\/\/www.purejewels.com\/shop\/"},{"@type":"ListItem","position":3,"name":"Scorpio \u2013 The Inner Flame Pendant"}]},{"@type":"WebSite","@id":"https:\/\/www.purejewels.com\/#website","url":"https:\/\/www.purejewels.com\/","name":"PureJewels \u0130ngiltere","description":"Sevgiyi Payla\u015f\u0131n","publisher":{"@id":"https:\/\/www.purejewels.com\/#organization"},"potentialAction":[{"@type":"SearchAction","target":{"@type":"EntryPoint","urlTemplate":"https:\/\/www.purejewels.com\/?s={search_term_string}"},"query-input":{"@type":"PropertyValueSpecification","valueRequired":true,"valueName":"search_term_string"}}],"inLanguage":"tr"},{"@type":"Organization","@id":"https:\/\/www.purejewels.com\/#organization","name":"PureJewels \u0130ngiltere","url":"https:\/\/www.purejewels.com\/","logo":{"@type":"ImageObject","inLanguage":"tr","@id":"https:\/\/www.purejewels.com\/#\/schema\/logo\/image\/","url":"https:\/\/static.purejewels.com\/wp-content\/uploads\/2020\/11\/Logo-PJ-New-1.png","contentUrl":"https:\/\/static.purejewels.com\/wp-content\/uploads\/2020\/11\/Logo-PJ-New-1.png","width":150,"height":80,"caption":"PureJewels UK"},"image":{"@id":"https:\/\/www.purejewels.com\/#\/schema\/logo\/image\/"}}]}},"_links":{"self":[{"href":"https:\/\/www.purejewels.com\/tr\/wp-json\/wp\/v2\/product\/402135","targetHints":{"allow":["GET"]}}],"collection":[{"href":"https:\/\/www.purejewels.com\/tr\/wp-json\/wp\/v2\/product"}],"about":[{"href":"https:\/\/www.purejewels.com\/tr\/wp-json\/wp\/v2\/types\/product"}],"replies":[{"embeddable":true,"href":"https:\/\/www.purejewels.com\/tr\/wp-json\/wp\/v2\/comments?post=402135"}],"version-history":[{"count":2,"href":"https:\/\/www.purejewels.com\/tr\/wp-json\/wp\/v2\/product\/402135\/revisions"}],"predecessor-version":[{"id":402138,"href":"https:\/\/www.purejewels.com\/tr\/wp-json\/wp\/v2\/product\/402135\/revisions\/402138"}],"wp:featuredmedia":[{"embeddable":true,"href":"https:\/\/www.purejewels.com\/tr\/wp-json\/wp\/v2\/media\/402136"}],"wp:attachment":[{"href":"https:\/\/www.purejewels.com\/tr\/wp-json\/wp\/v2\/media?parent=402135"}],"wp:term":[{"taxonomy":"product_brand","embeddable":true,"href":"https:\/\/www.purejewels.com\/tr\/wp-json\/wp\/v2\/product_brand?post=402135"},{"taxonomy":"product_cat","embeddable":true,"href":"https:\/\/www.purejewels.com\/tr\/wp-json\/wp\/v2\/product_cat?post=402135"},{"taxonomy":"product_tag","embeddable":true,"href":"https:\/\/www.purejewels.com\/tr\/wp-json\/wp\/v2\/product_tag?post=402135"}],"curies":[{"name":"wp","href":"https:\/\/api.w.org\/{rel}","templated":true}]}}