{"id":402223,"date":"2025-02-24T08:35:38","date_gmt":"2025-02-24T08:35:38","guid":{"rendered":"https:\/\/www.purejewels.com\/?post_type=product&#038;p=402223"},"modified":"2026-01-29T11:02:33","modified_gmt":"2026-01-29T11:02:33","slug":"22-ayar-altin-telkari-mangtika-50779","status":"publish","type":"product","link":"https:\/\/www.purejewels.com\/tr\/product\/22ct-gold-filigree-mangtika-50779\/","title":{"rendered":"22 Ayar Alt\u0131n Telkari Mang Tika"},"content":{"rendered":"<p data-start=\"142\" data-end=\"658\">Gelin tak\u0131m\u0131n\u0131z\u0131, Hint gelene\u011finin zarafetini sergilemek i\u00e7in zarif bir \u015fekilde el i\u015f\u00e7ili\u011fiyle haz\u0131rlanan 22 Ayar Alt\u0131n Telkari Maang Tikka ile tamamlay\u0131n. Karma\u015f\u0131k Jali tarz\u0131 telkari ile parlak 22 ayar alt\u0131ndan tasarlanan bu al\u0131n s\u00fcs\u00fc, d\u00fc\u011f\u00fcn g\u00f6r\u00fcn\u00fcm\u00fcn\u00fcze muhte\u015fem bir dokunu\u015f katar. Hafif ve zarif olan bu tak\u0131, gelinler ve bayram kutlamalar\u0131 i\u00e7in m\u00fckemmeldir. Geleneksel Hint maang tikka, alt\u0131n gelin aksesuarlar\u0131 veya 22 ayar alt\u0131n al\u0131n tak\u0131lar\u0131 arayanlar i\u00e7in ideal bir par\u00e7a.<\/p>","protected":false},"excerpt":{"rendered":"<p>Karma\u015f\u0131k Jali i\u015f\u00e7ili\u011fine sahip zarif 22 Ayar Alt\u0131n Telkari Maang Tikka.<br data-start=\"774\" data-end=\"777\" \/>Gelinler ve kutlama anlar\u0131 i\u00e7in gelene\u011fin \u0131\u015f\u0131lt\u0131l\u0131 bir sembol\u00fc.<\/p>\n<p><strong>Malzeme:<\/strong>\u00a022 Ayar Alt\u0131n<strong><br \/>\nHallmark:\u00a0<\/strong>\u0130ngiliz Damgas\u0131<strong><br \/>\n<\/strong><strong>Br\u00fct A\u011f\u0131rl\u0131k:\u00a0<\/strong>11.40 Gms<br \/>\n<strong>Uzunluk:<\/strong> 6,5 \u0130n\u00e7<br \/>\n<strong>SKU:\u00a0<\/strong>50779<\/p>\n<p><strong>Fiyat ve Teslimat<\/strong>:KDV ve teslimat \u00fccretleri dahil<br \/>\n<strong>Not<\/strong>: Zincir dahil de\u011fildir<\/p>\n<p><a href=\"https:\/\/www.purejewels.com\/tr\/i%cc%87ade-poli%cc%87ti%cc%87kasi\/\">\u0130ade Politikas\u0131<\/a><\/p>","protected":false},"featured_media":402224,"comment_status":"closed","ping_status":"closed","template":"","meta":{"_eb_attr":"","_crsspst_to_jayantr4sg-hostcom":true},"product_brand":[],"product_cat":[1791,1804,1625,1761,5370,1792,1229,252,6105,1570,1574,5349],"product_tag":[],"class_list":{"0":"post-402223","1":"product","2":"type-product","3":"status-publish","4":"has-post-thumbnail","6":"product_cat-anniversary-gifts","7":"product_cat-jewellery-sets","8":"product_cat-bridal-set","9":"product_cat-gold-bridal-tikka","10":"product_cat-ethnic-jewellery","11":"product_cat-festival-gifts","12":"product_cat-22ct-gold-jewellery","13":"product_cat-jali-collections","14":"product_cat-mang-tika","15":"product_cat-mothers-day-gifts","16":"product_cat-womens-jewellery","17":"product_cat-yellow-gold-jewellery","19":"first","20":"instock","21":"taxable","22":"shipping-taxable","23":"purchasable","24":"product-type-simple","25":"add-to-wishlist-before_image"},"yoast_head":"<!-- This site is optimized with the Yoast SEO plugin v27.6 - https:\/\/yoast.com\/product\/yoast-seo-wordpress\/ -->\n<title>22ct Gold Filigree Mang Tika | Traditional Indian Headpiece \u2013 PureJewels<\/title>\n<meta name=\"description\" content=\"Adorn your bridal look with our 22ct Gold Filigree Mang Tika, handcrafted with intricate detail. A timeless Indian headpiece for weddings and special occasions.\" \/>\n<meta name=\"robots\" content=\"index, follow, max-snippet:-1, max-image-preview:large, max-video-preview:-1\" \/>\n<link rel=\"canonical\" href=\"https:\/\/www.purejewels.com\/tr\/urun\/22-ayar-altin-telkari-mangtika-50779\/\" \/>\n<meta property=\"og:locale\" content=\"tr_TR\" \/>\n<meta property=\"og:type\" content=\"article\" \/>\n<meta property=\"og:title\" content=\"22ct Gold Filigree Mang Tika | Traditional Indian Headpiece \u2013 PureJewels\" \/>\n<meta property=\"og:description\" content=\"Adorn your bridal look with our 22ct Gold Filigree Mang Tika, handcrafted with intricate detail. A timeless Indian headpiece for weddings and special occasions.\" \/>\n<meta property=\"og:url\" content=\"https:\/\/www.purejewels.com\/tr\/urun\/22-ayar-altin-telkari-mangtika-50779\/\" \/>\n<meta property=\"og:site_name\" content=\"PureJewels UK\" \/>\n<meta property=\"article:modified_time\" content=\"2026-01-29T11:02:33+00:00\" \/>\n<meta property=\"og:image\" content=\"https:\/\/static.purejewels.com\/wp-content\/uploads\/2025\/06\/SKU-50779.png\" \/>\n\t<meta property=\"og:image:width\" content=\"1000\" \/>\n\t<meta property=\"og:image:height\" content=\"1000\" \/>\n\t<meta property=\"og:image:type\" content=\"image\/png\" \/>\n<meta name=\"twitter:card\" content=\"summary_large_image\" \/>\n<meta name=\"twitter:label1\" content=\"Tahmini okuma s\u00fcresi\" \/>\n\t<meta name=\"twitter:data1\" content=\"1 dakika\" \/>\n<script type=\"application\/ld+json\" class=\"yoast-schema-graph\">{\"@context\":\"https:\\\/\\\/schema.org\",\"@graph\":[{\"@type\":[\"WebPage\",\"ItemPage\"],\"@id\":\"https:\\\/\\\/www.purejewels.com\\\/product\\\/22ct-gold-filigree-mangtika-50779\\\/\",\"url\":\"https:\\\/\\\/www.purejewels.com\\\/product\\\/22ct-gold-filigree-mangtika-50779\\\/\",\"name\":\"22ct Gold Filigree Mang Tika | Traditional Indian Headpiece \u2013 PureJewels\",\"isPartOf\":{\"@id\":\"https:\\\/\\\/www.purejewels.com\\\/#website\"},\"primaryImageOfPage\":{\"@id\":\"https:\\\/\\\/www.purejewels.com\\\/product\\\/22ct-gold-filigree-mangtika-50779\\\/#primaryimage\"},\"image\":{\"@id\":\"https:\\\/\\\/www.purejewels.com\\\/product\\\/22ct-gold-filigree-mangtika-50779\\\/#primaryimage\"},\"thumbnailUrl\":\"https:\\\/\\\/static.purejewels.com\\\/wp-content\\\/uploads\\\/2025\\\/06\\\/SKU-50779.png\",\"datePublished\":\"2025-02-24T08:35:38+00:00\",\"dateModified\":\"2026-01-29T11:02:33+00:00\",\"description\":\"Adorn your bridal look with our 22ct Gold Filigree Mang Tika, handcrafted with intricate detail. A timeless Indian headpiece for weddings and special occasions.\",\"breadcrumb\":{\"@id\":\"https:\\\/\\\/www.purejewels.com\\\/product\\\/22ct-gold-filigree-mangtika-50779\\\/#breadcrumb\"},\"inLanguage\":\"tr\",\"potentialAction\":[{\"@type\":\"ReadAction\",\"target\":[\"https:\\\/\\\/www.purejewels.com\\\/product\\\/22ct-gold-filigree-mangtika-50779\\\/\"]}]},{\"@type\":\"ImageObject\",\"inLanguage\":\"tr\",\"@id\":\"https:\\\/\\\/www.purejewels.com\\\/product\\\/22ct-gold-filigree-mangtika-50779\\\/#primaryimage\",\"url\":\"https:\\\/\\\/static.purejewels.com\\\/wp-content\\\/uploads\\\/2025\\\/06\\\/SKU-50779.png\",\"contentUrl\":\"https:\\\/\\\/static.purejewels.com\\\/wp-content\\\/uploads\\\/2025\\\/06\\\/SKU-50779.png\",\"width\":1000,\"height\":1000,\"caption\":\"22ct Gold Filigree MangTika\"},{\"@type\":\"BreadcrumbList\",\"@id\":\"https:\\\/\\\/www.purejewels.com\\\/product\\\/22ct-gold-filigree-mangtika-50779\\\/#breadcrumb\",\"itemListElement\":[{\"@type\":\"ListItem\",\"position\":1,\"name\":\"Home\",\"item\":\"https:\\\/\\\/www.purejewels.com\\\/\"},{\"@type\":\"ListItem\",\"position\":2,\"name\":\"Shop\",\"item\":\"https:\\\/\\\/www.purejewels.com\\\/shop\\\/\"},{\"@type\":\"ListItem\",\"position\":3,\"name\":\"22ct Gold Filigree Mang Tika\"}]},{\"@type\":\"WebSite\",\"@id\":\"https:\\\/\\\/www.purejewels.com\\\/#website\",\"url\":\"https:\\\/\\\/www.purejewels.com\\\/\",\"name\":\"PureJewels UK\",\"description\":\"Share the Love\",\"publisher\":{\"@id\":\"https:\\\/\\\/www.purejewels.com\\\/#organization\"},\"potentialAction\":[{\"@type\":\"SearchAction\",\"target\":{\"@type\":\"EntryPoint\",\"urlTemplate\":\"https:\\\/\\\/www.purejewels.com\\\/?s={search_term_string}\"},\"query-input\":{\"@type\":\"PropertyValueSpecification\",\"valueRequired\":true,\"valueName\":\"search_term_string\"}}],\"inLanguage\":\"tr\"},{\"@type\":\"Organization\",\"@id\":\"https:\\\/\\\/www.purejewels.com\\\/#organization\",\"name\":\"PureJewels UK\",\"url\":\"https:\\\/\\\/www.purejewels.com\\\/\",\"logo\":{\"@type\":\"ImageObject\",\"inLanguage\":\"tr\",\"@id\":\"https:\\\/\\\/www.purejewels.com\\\/#\\\/schema\\\/logo\\\/image\\\/\",\"url\":\"https:\\\/\\\/static.purejewels.com\\\/wp-content\\\/uploads\\\/2020\\\/11\\\/Logo-PJ-New-1.png\",\"contentUrl\":\"https:\\\/\\\/static.purejewels.com\\\/wp-content\\\/uploads\\\/2020\\\/11\\\/Logo-PJ-New-1.png\",\"width\":150,\"height\":80,\"caption\":\"PureJewels UK\"},\"image\":{\"@id\":\"https:\\\/\\\/www.purejewels.com\\\/#\\\/schema\\\/logo\\\/image\\\/\"}}]}<\/script>\n<!-- \/ Yoast SEO plugin. -->","yoast_head_json":{"title":"22 Ayar Alt\u0131n Telkari Mang Tika | Geleneksel Hint Ba\u015fl\u0131\u011f\u0131 - PureJewels","description":"Gelin g\u00f6r\u00fcn\u00fcm\u00fcn\u00fcz\u00fc, karma\u015f\u0131k detaylarla el yap\u0131m\u0131 22 Ayar Alt\u0131n Telkari Mang Tika ile s\u00fcsleyin. D\u00fc\u011f\u00fcnler ve \u00f6zel g\u00fcnler i\u00e7in zamans\u0131z bir Hint ba\u015fl\u0131\u011f\u0131.","robots":{"index":"index","follow":"follow","max-snippet":"max-snippet:-1","max-image-preview":"max-image-preview:large","max-video-preview":"max-video-preview:-1"},"canonical":"https:\/\/www.purejewels.com\/tr\/urun\/22-ayar-altin-telkari-mangtika-50779\/","og_locale":"tr_TR","og_type":"article","og_title":"22ct Gold Filigree Mang Tika | Traditional Indian Headpiece \u2013 PureJewels","og_description":"Adorn your bridal look with our 22ct Gold Filigree Mang Tika, handcrafted with intricate detail. A timeless Indian headpiece for weddings and special occasions.","og_url":"https:\/\/www.purejewels.com\/tr\/urun\/22-ayar-altin-telkari-mangtika-50779\/","og_site_name":"PureJewels UK","article_modified_time":"2026-01-29T11:02:33+00:00","og_image":[{"width":1000,"height":1000,"url":"https:\/\/static.purejewels.com\/wp-content\/uploads\/2025\/06\/SKU-50779.png","type":"image\/png"}],"twitter_card":"summary_large_image","twitter_misc":{"Tahmini okuma s\u00fcresi":"1 dakika"},"schema":{"@context":"https:\/\/schema.org","@graph":[{"@type":["WebPage","ItemPage"],"@id":"https:\/\/www.purejewels.com\/product\/22ct-gold-filigree-mangtika-50779\/","url":"https:\/\/www.purejewels.com\/product\/22ct-gold-filigree-mangtika-50779\/","name":"22 Ayar Alt\u0131n Telkari Mang Tika | Geleneksel Hint Ba\u015fl\u0131\u011f\u0131 - PureJewels","isPartOf":{"@id":"https:\/\/www.purejewels.com\/#website"},"primaryImageOfPage":{"@id":"https:\/\/www.purejewels.com\/product\/22ct-gold-filigree-mangtika-50779\/#primaryimage"},"image":{"@id":"https:\/\/www.purejewels.com\/product\/22ct-gold-filigree-mangtika-50779\/#primaryimage"},"thumbnailUrl":"https:\/\/static.purejewels.com\/wp-content\/uploads\/2025\/06\/SKU-50779.png","datePublished":"2025-02-24T08:35:38+00:00","dateModified":"2026-01-29T11:02:33+00:00","description":"Gelin g\u00f6r\u00fcn\u00fcm\u00fcn\u00fcz\u00fc, karma\u015f\u0131k detaylarla el yap\u0131m\u0131 22 Ayar Alt\u0131n Telkari Mang Tika ile s\u00fcsleyin. D\u00fc\u011f\u00fcnler ve \u00f6zel g\u00fcnler i\u00e7in zamans\u0131z bir Hint ba\u015fl\u0131\u011f\u0131.","breadcrumb":{"@id":"https:\/\/www.purejewels.com\/product\/22ct-gold-filigree-mangtika-50779\/#breadcrumb"},"inLanguage":"tr","potentialAction":[{"@type":"ReadAction","target":["https:\/\/www.purejewels.com\/product\/22ct-gold-filigree-mangtika-50779\/"]}]},{"@type":"ImageObject","inLanguage":"tr","@id":"https:\/\/www.purejewels.com\/product\/22ct-gold-filigree-mangtika-50779\/#primaryimage","url":"https:\/\/static.purejewels.com\/wp-content\/uploads\/2025\/06\/SKU-50779.png","contentUrl":"https:\/\/static.purejewels.com\/wp-content\/uploads\/2025\/06\/SKU-50779.png","width":1000,"height":1000,"caption":"22ct Gold Filigree MangTika"},{"@type":"BreadcrumbList","@id":"https:\/\/www.purejewels.com\/product\/22ct-gold-filigree-mangtika-50779\/#breadcrumb","itemListElement":[{"@type":"ListItem","position":1,"name":"Home","item":"https:\/\/www.purejewels.com\/"},{"@type":"ListItem","position":2,"name":"Shop","item":"https:\/\/www.purejewels.com\/shop\/"},{"@type":"ListItem","position":3,"name":"22ct Gold Filigree Mang Tika"}]},{"@type":"WebSite","@id":"https:\/\/www.purejewels.com\/#website","url":"https:\/\/www.purejewels.com\/","name":"PureJewels \u0130ngiltere","description":"Sevgiyi Payla\u015f\u0131n","publisher":{"@id":"https:\/\/www.purejewels.com\/#organization"},"potentialAction":[{"@type":"SearchAction","target":{"@type":"EntryPoint","urlTemplate":"https:\/\/www.purejewels.com\/?s={search_term_string}"},"query-input":{"@type":"PropertyValueSpecification","valueRequired":true,"valueName":"search_term_string"}}],"inLanguage":"tr"},{"@type":"Organization","@id":"https:\/\/www.purejewels.com\/#organization","name":"PureJewels \u0130ngiltere","url":"https:\/\/www.purejewels.com\/","logo":{"@type":"ImageObject","inLanguage":"tr","@id":"https:\/\/www.purejewels.com\/#\/schema\/logo\/image\/","url":"https:\/\/static.purejewels.com\/wp-content\/uploads\/2020\/11\/Logo-PJ-New-1.png","contentUrl":"https:\/\/static.purejewels.com\/wp-content\/uploads\/2020\/11\/Logo-PJ-New-1.png","width":150,"height":80,"caption":"PureJewels UK"},"image":{"@id":"https:\/\/www.purejewels.com\/#\/schema\/logo\/image\/"}}]}},"_links":{"self":[{"href":"https:\/\/www.purejewels.com\/tr\/wp-json\/wp\/v2\/product\/402223","targetHints":{"allow":["GET"]}}],"collection":[{"href":"https:\/\/www.purejewels.com\/tr\/wp-json\/wp\/v2\/product"}],"about":[{"href":"https:\/\/www.purejewels.com\/tr\/wp-json\/wp\/v2\/types\/product"}],"replies":[{"embeddable":true,"href":"https:\/\/www.purejewels.com\/tr\/wp-json\/wp\/v2\/comments?post=402223"}],"version-history":[{"count":3,"href":"https:\/\/www.purejewels.com\/tr\/wp-json\/wp\/v2\/product\/402223\/revisions"}],"predecessor-version":[{"id":402278,"href":"https:\/\/www.purejewels.com\/tr\/wp-json\/wp\/v2\/product\/402223\/revisions\/402278"}],"wp:featuredmedia":[{"embeddable":true,"href":"https:\/\/www.purejewels.com\/tr\/wp-json\/wp\/v2\/media\/402224"}],"wp:attachment":[{"href":"https:\/\/www.purejewels.com\/tr\/wp-json\/wp\/v2\/media?parent=402223"}],"wp:term":[{"taxonomy":"product_brand","embeddable":true,"href":"https:\/\/www.purejewels.com\/tr\/wp-json\/wp\/v2\/product_brand?post=402223"},{"taxonomy":"product_cat","embeddable":true,"href":"https:\/\/www.purejewels.com\/tr\/wp-json\/wp\/v2\/product_cat?post=402223"},{"taxonomy":"product_tag","embeddable":true,"href":"https:\/\/www.purejewels.com\/tr\/wp-json\/wp\/v2\/product_tag?post=402223"}],"curies":[{"name":"wp","href":"https:\/\/api.w.org\/{rel}","templated":true}]}}