{"id":402410,"date":"2025-07-21T10:30:21","date_gmt":"2025-07-21T09:30:21","guid":{"rendered":"https:\/\/www.purejewels.com\/?post_type=product&#038;p=402410"},"modified":"2026-04-17T05:14:13","modified_gmt":"2026-04-17T04:14:13","slug":"22-ayar-altin-bayan-cz-yuzuk-m-beden","status":"publish","type":"product","link":"https:\/\/www.purejewels.com\/tr\/product\/22ct-gold-ladies-cz-ring-size-m\/","title":{"rendered":"22 Ayar Alt\u0131n Bayan CZ Y\u00fcz\u00fck"},"content":{"rendered":"<p>I\u015f\u0131lt\u0131l\u0131 22 ayar alt\u0131ndan zarif bir \u015fekilde \u00fcretilen CZ Y\u00fcz\u00fck Band\u0131m\u0131z, klasik zarafeti g\u00fcnl\u00fck giyilebilirlikle birle\u015ftiriyor. \u00d6zenle yerle\u015ftirilmi\u015f k\u00fcbik zirkon ta\u015flardan olu\u015fan bu M beden y\u00fcz\u00fck band\u0131, p\u0131rlantalar\u0131n parlakl\u0131\u011f\u0131n\u0131 \u00e7a\u011fr\u0131\u015ft\u0131r\u0131rken \u00e7ok y\u00f6nl\u00fc bir cazibe sunuyor. \u0130ster \u00e7a\u011fda\u015f bir alyans isterse bir ifade par\u00e7as\u0131 olarak se\u00e7ilsin, sertifikal\u0131 22 ayar alt\u0131n, kad\u0131nlar i\u00e7in zarif alt\u0131n bantlar, kal\u0131c\u0131 cazibeye sahip zamans\u0131z k\u00fcbik zirkon m\u00fccevherler veya d\u00fc\u015f\u00fcnceli Diwali hediyeleri \u0130ngiltere arayanlar i\u00e7in m\u00fckemmeldir.<\/p>","protected":false},"excerpt":{"rendered":"<p data-start=\"340\" data-end=\"478\">E\u015fkenar d\u00f6rtgen \u015feklinde K\u00fcbik Zirkonya k\u00fcmesi i\u00e7eren 22 ayar alt\u0131ndan ince bir y\u00fcz\u00fck. Minimalist, zarif ve g\u00fcnl\u00fck sofistike kullan\u0131m i\u00e7in \u00e7ok y\u00f6nl\u00fc.<\/p>\n<p><strong>Malzeme:<\/strong>\u00a022 Ayar Alt\u0131n<strong><br \/>\nHallmark:\u00a0<\/strong>\u0130ngiliz Damgas\u0131<strong><br \/>\n<\/strong><strong>A\u011f\u0131rl\u0131k Aral\u0131\u011f\u0131: <\/strong>0,83 Gms - 0,86 Gms<br \/>\n<strong>Boyut: <\/strong>Farkl\u0131 boyutlarda mevcuttur\u00a0<strong><br \/>\nSKU: <\/strong>51243, 51242, 51239<\/p>\n<p><strong>Fiyat ve Teslimat<\/strong>: KDV ve teslimat \u00fccretleri dahil<br \/>\n<a href=\"https:\/\/www.purejewels.com\/tr\/i%cc%87ade-poli%cc%87ti%cc%87kasi\/\">\u0130ade Politikas\u0131<\/a><\/p>","protected":false},"featured_media":408449,"comment_status":"closed","ping_status":"closed","template":"","meta":{"_eb_attr":"","_crsspst_to_jayantr4sg-hostcom":true},"product_brand":[],"product_cat":[1559,6152,1785,1793,1792,1790,1229,1235,5342,1783,1570,5338,1569,1574],"product_tag":[64],"class_list":{"0":"post-402410","1":"product","2":"type-product","3":"status-publish","4":"has-post-thumbnail","6":"product_cat-birthday-gifts","7":"product_cat-cubic-zirconia-rings","8":"product_cat-daily-wear-rings","9":"product_cat-diwali-gifts","10":"product_cat-festival-gifts","11":"product_cat-for-whom-when","12":"product_cat-22ct-gold-jewellery","13":"product_cat-gold-rings","14":"product_cat-jewellery-under-250","15":"product_cat-ladies-rings","16":"product_cat-mothers-day-gifts","17":"product_cat-shop-by-price","18":"product_cat-valentine-day-gifts","19":"product_cat-womens-jewellery","20":"product_tag-rings","22":"first","23":"instock","24":"taxable","25":"shipping-taxable","26":"purchasable","27":"product-type-variable","28":"add-to-wishlist-before_image"},"yoast_head":"<!-- This site is optimized with the Yoast SEO plugin v27.5 - https:\/\/yoast.com\/product\/yoast-seo-wordpress\/ -->\n<title>22ct Yellow Gold CZ Ring for Women | Christmas Holiday Jewellery<\/title>\n<meta name=\"description\" content=\"Elegant 22ct yellow gold CZ ring, hallmarked in the UK. A refined choice for Christmas holiday jewelry and a lovely pick for gifts UK Christmas, perfect for daily shine.\" \/>\n<meta name=\"robots\" content=\"index, follow, max-snippet:-1, max-image-preview:large, max-video-preview:-1\" \/>\n<link rel=\"canonical\" href=\"https:\/\/www.purejewels.com\/tr\/urun\/22-ayar-altin-bayan-cz-yuzuk-m-beden\/\" \/>\n<meta property=\"og:locale\" content=\"tr_TR\" \/>\n<meta property=\"og:type\" content=\"article\" \/>\n<meta property=\"og:title\" content=\"22ct Yellow Gold CZ Ring for Women | Christmas Holiday Jewellery\" \/>\n<meta property=\"og:description\" content=\"Elegant 22ct yellow gold CZ ring, hallmarked in the UK. A refined choice for Christmas holiday jewelry and a lovely pick for gifts UK Christmas, perfect for daily shine.\" \/>\n<meta property=\"og:url\" content=\"https:\/\/www.purejewels.com\/tr\/urun\/22-ayar-altin-bayan-cz-yuzuk-m-beden\/\" \/>\n<meta property=\"og:site_name\" content=\"PureJewels UK\" \/>\n<meta property=\"article:modified_time\" content=\"2026-04-17T04:14:13+00:00\" \/>\n<meta property=\"og:image\" content=\"https:\/\/static.purejewels.com\/wp-content\/uploads\/2025\/04\/SKU-51243.jpg\" \/>\n\t<meta property=\"og:image:width\" content=\"1000\" \/>\n\t<meta property=\"og:image:height\" content=\"1000\" \/>\n\t<meta property=\"og:image:type\" content=\"image\/jpeg\" \/>\n<meta name=\"twitter:card\" content=\"summary_large_image\" \/>\n<meta name=\"twitter:label1\" content=\"Tahmini okuma s\u00fcresi\" \/>\n\t<meta name=\"twitter:data1\" content=\"1 dakika\" \/>\n<script type=\"application\/ld+json\" class=\"yoast-schema-graph\">{\"@context\":\"https:\\\/\\\/schema.org\",\"@graph\":[{\"@type\":[\"WebPage\",\"ItemPage\"],\"@id\":\"https:\\\/\\\/www.purejewels.com\\\/product\\\/22ct-gold-ladies-cz-ring-size-m\\\/\",\"url\":\"https:\\\/\\\/www.purejewels.com\\\/product\\\/22ct-gold-ladies-cz-ring-size-m\\\/\",\"name\":\"22ct Yellow Gold CZ Ring for Women | Christmas Holiday Jewellery\",\"isPartOf\":{\"@id\":\"https:\\\/\\\/www.purejewels.com\\\/#website\"},\"primaryImageOfPage\":{\"@id\":\"https:\\\/\\\/www.purejewels.com\\\/product\\\/22ct-gold-ladies-cz-ring-size-m\\\/#primaryimage\"},\"image\":{\"@id\":\"https:\\\/\\\/www.purejewels.com\\\/product\\\/22ct-gold-ladies-cz-ring-size-m\\\/#primaryimage\"},\"thumbnailUrl\":\"https:\\\/\\\/static.purejewels.com\\\/wp-content\\\/uploads\\\/2025\\\/04\\\/SKU-51243.jpg\",\"datePublished\":\"2025-07-21T09:30:21+00:00\",\"dateModified\":\"2026-04-17T04:14:13+00:00\",\"description\":\"Elegant 22ct yellow gold CZ ring, hallmarked in the UK. A refined choice for Christmas holiday jewelry and a lovely pick for gifts UK Christmas, perfect for daily shine.\",\"breadcrumb\":{\"@id\":\"https:\\\/\\\/www.purejewels.com\\\/product\\\/22ct-gold-ladies-cz-ring-size-m\\\/#breadcrumb\"},\"inLanguage\":\"tr\",\"potentialAction\":[{\"@type\":\"ReadAction\",\"target\":[\"https:\\\/\\\/www.purejewels.com\\\/product\\\/22ct-gold-ladies-cz-ring-size-m\\\/\"]}]},{\"@type\":\"ImageObject\",\"inLanguage\":\"tr\",\"@id\":\"https:\\\/\\\/www.purejewels.com\\\/product\\\/22ct-gold-ladies-cz-ring-size-m\\\/#primaryimage\",\"url\":\"https:\\\/\\\/static.purejewels.com\\\/wp-content\\\/uploads\\\/2025\\\/04\\\/SKU-51243.jpg\",\"contentUrl\":\"https:\\\/\\\/static.purejewels.com\\\/wp-content\\\/uploads\\\/2025\\\/04\\\/SKU-51243.jpg\",\"width\":1000,\"height\":1000,\"caption\":\"Stacked from 11 images. Method=B (R=8,S=4)\"},{\"@type\":\"BreadcrumbList\",\"@id\":\"https:\\\/\\\/www.purejewels.com\\\/product\\\/22ct-gold-ladies-cz-ring-size-m\\\/#breadcrumb\",\"itemListElement\":[{\"@type\":\"ListItem\",\"position\":1,\"name\":\"Home\",\"item\":\"https:\\\/\\\/www.purejewels.com\\\/\"},{\"@type\":\"ListItem\",\"position\":2,\"name\":\"Shop\",\"item\":\"https:\\\/\\\/www.purejewels.com\\\/shop\\\/\"},{\"@type\":\"ListItem\",\"position\":3,\"name\":\"22ct Gold Ladies CZ Ring\"}]},{\"@type\":\"WebSite\",\"@id\":\"https:\\\/\\\/www.purejewels.com\\\/#website\",\"url\":\"https:\\\/\\\/www.purejewels.com\\\/\",\"name\":\"PureJewels UK\",\"description\":\"Share the Love\",\"publisher\":{\"@id\":\"https:\\\/\\\/www.purejewels.com\\\/#organization\"},\"potentialAction\":[{\"@type\":\"SearchAction\",\"target\":{\"@type\":\"EntryPoint\",\"urlTemplate\":\"https:\\\/\\\/www.purejewels.com\\\/?s={search_term_string}\"},\"query-input\":{\"@type\":\"PropertyValueSpecification\",\"valueRequired\":true,\"valueName\":\"search_term_string\"}}],\"inLanguage\":\"tr\"},{\"@type\":\"Organization\",\"@id\":\"https:\\\/\\\/www.purejewels.com\\\/#organization\",\"name\":\"PureJewels UK\",\"url\":\"https:\\\/\\\/www.purejewels.com\\\/\",\"logo\":{\"@type\":\"ImageObject\",\"inLanguage\":\"tr\",\"@id\":\"https:\\\/\\\/www.purejewels.com\\\/#\\\/schema\\\/logo\\\/image\\\/\",\"url\":\"https:\\\/\\\/static.purejewels.com\\\/wp-content\\\/uploads\\\/2020\\\/11\\\/Logo-PJ-New-1.png\",\"contentUrl\":\"https:\\\/\\\/static.purejewels.com\\\/wp-content\\\/uploads\\\/2020\\\/11\\\/Logo-PJ-New-1.png\",\"width\":150,\"height\":80,\"caption\":\"PureJewels UK\"},\"image\":{\"@id\":\"https:\\\/\\\/www.purejewels.com\\\/#\\\/schema\\\/logo\\\/image\\\/\"}}]}<\/script>\n<!-- \/ Yoast SEO plugin. -->","yoast_head_json":{"title":"Kad\u0131nlar i\u00e7in 22 Ayar Sar\u0131 Alt\u0131n CZ Y\u00fcz\u00fck | Noel Tatili Tak\u0131lar\u0131","description":"\u0130ngiltere'de damgalanm\u0131\u015f zarif 22 ayar sar\u0131 alt\u0131n CZ y\u00fcz\u00fck. Noel tatili tak\u0131lar\u0131 i\u00e7in zarif bir se\u00e7im ve \u0130ngiltere Noel hediyeleri i\u00e7in ho\u015f bir se\u00e7im, g\u00fcnl\u00fck parlakl\u0131k i\u00e7in m\u00fckemmel.","robots":{"index":"index","follow":"follow","max-snippet":"max-snippet:-1","max-image-preview":"max-image-preview:large","max-video-preview":"max-video-preview:-1"},"canonical":"https:\/\/www.purejewels.com\/tr\/urun\/22-ayar-altin-bayan-cz-yuzuk-m-beden\/","og_locale":"tr_TR","og_type":"article","og_title":"22ct Yellow Gold CZ Ring for Women | Christmas Holiday Jewellery","og_description":"Elegant 22ct yellow gold CZ ring, hallmarked in the UK. A refined choice for Christmas holiday jewelry and a lovely pick for gifts UK Christmas, perfect for daily shine.","og_url":"https:\/\/www.purejewels.com\/tr\/urun\/22-ayar-altin-bayan-cz-yuzuk-m-beden\/","og_site_name":"PureJewels UK","article_modified_time":"2026-04-17T04:14:13+00:00","og_image":[{"width":1000,"height":1000,"url":"https:\/\/static.purejewels.com\/wp-content\/uploads\/2025\/04\/SKU-51243.jpg","type":"image\/jpeg"}],"twitter_card":"summary_large_image","twitter_misc":{"Tahmini okuma s\u00fcresi":"1 dakika"},"schema":{"@context":"https:\/\/schema.org","@graph":[{"@type":["WebPage","ItemPage"],"@id":"https:\/\/www.purejewels.com\/product\/22ct-gold-ladies-cz-ring-size-m\/","url":"https:\/\/www.purejewels.com\/product\/22ct-gold-ladies-cz-ring-size-m\/","name":"Kad\u0131nlar i\u00e7in 22 Ayar Sar\u0131 Alt\u0131n CZ Y\u00fcz\u00fck | Noel Tatili Tak\u0131lar\u0131","isPartOf":{"@id":"https:\/\/www.purejewels.com\/#website"},"primaryImageOfPage":{"@id":"https:\/\/www.purejewels.com\/product\/22ct-gold-ladies-cz-ring-size-m\/#primaryimage"},"image":{"@id":"https:\/\/www.purejewels.com\/product\/22ct-gold-ladies-cz-ring-size-m\/#primaryimage"},"thumbnailUrl":"https:\/\/static.purejewels.com\/wp-content\/uploads\/2025\/04\/SKU-51243.jpg","datePublished":"2025-07-21T09:30:21+00:00","dateModified":"2026-04-17T04:14:13+00:00","description":"\u0130ngiltere'de damgalanm\u0131\u015f zarif 22 ayar sar\u0131 alt\u0131n CZ y\u00fcz\u00fck. Noel tatili tak\u0131lar\u0131 i\u00e7in zarif bir se\u00e7im ve \u0130ngiltere Noel hediyeleri i\u00e7in ho\u015f bir se\u00e7im, g\u00fcnl\u00fck parlakl\u0131k i\u00e7in m\u00fckemmel.","breadcrumb":{"@id":"https:\/\/www.purejewels.com\/product\/22ct-gold-ladies-cz-ring-size-m\/#breadcrumb"},"inLanguage":"tr","potentialAction":[{"@type":"ReadAction","target":["https:\/\/www.purejewels.com\/product\/22ct-gold-ladies-cz-ring-size-m\/"]}]},{"@type":"ImageObject","inLanguage":"tr","@id":"https:\/\/www.purejewels.com\/product\/22ct-gold-ladies-cz-ring-size-m\/#primaryimage","url":"https:\/\/static.purejewels.com\/wp-content\/uploads\/2025\/04\/SKU-51243.jpg","contentUrl":"https:\/\/static.purejewels.com\/wp-content\/uploads\/2025\/04\/SKU-51243.jpg","width":1000,"height":1000,"caption":"Stacked from 11 images. Method=B (R=8,S=4)"},{"@type":"BreadcrumbList","@id":"https:\/\/www.purejewels.com\/product\/22ct-gold-ladies-cz-ring-size-m\/#breadcrumb","itemListElement":[{"@type":"ListItem","position":1,"name":"Home","item":"https:\/\/www.purejewels.com\/"},{"@type":"ListItem","position":2,"name":"Shop","item":"https:\/\/www.purejewels.com\/shop\/"},{"@type":"ListItem","position":3,"name":"22ct Gold Ladies CZ Ring"}]},{"@type":"WebSite","@id":"https:\/\/www.purejewels.com\/#website","url":"https:\/\/www.purejewels.com\/","name":"PureJewels \u0130ngiltere","description":"Sevgiyi Payla\u015f\u0131n","publisher":{"@id":"https:\/\/www.purejewels.com\/#organization"},"potentialAction":[{"@type":"SearchAction","target":{"@type":"EntryPoint","urlTemplate":"https:\/\/www.purejewels.com\/?s={search_term_string}"},"query-input":{"@type":"PropertyValueSpecification","valueRequired":true,"valueName":"search_term_string"}}],"inLanguage":"tr"},{"@type":"Organization","@id":"https:\/\/www.purejewels.com\/#organization","name":"PureJewels \u0130ngiltere","url":"https:\/\/www.purejewels.com\/","logo":{"@type":"ImageObject","inLanguage":"tr","@id":"https:\/\/www.purejewels.com\/#\/schema\/logo\/image\/","url":"https:\/\/static.purejewels.com\/wp-content\/uploads\/2020\/11\/Logo-PJ-New-1.png","contentUrl":"https:\/\/static.purejewels.com\/wp-content\/uploads\/2020\/11\/Logo-PJ-New-1.png","width":150,"height":80,"caption":"PureJewels UK"},"image":{"@id":"https:\/\/www.purejewels.com\/#\/schema\/logo\/image\/"}}]}},"_links":{"self":[{"href":"https:\/\/www.purejewels.com\/tr\/wp-json\/wp\/v2\/product\/402410","targetHints":{"allow":["GET"]}}],"collection":[{"href":"https:\/\/www.purejewels.com\/tr\/wp-json\/wp\/v2\/product"}],"about":[{"href":"https:\/\/www.purejewels.com\/tr\/wp-json\/wp\/v2\/types\/product"}],"replies":[{"embeddable":true,"href":"https:\/\/www.purejewels.com\/tr\/wp-json\/wp\/v2\/comments?post=402410"}],"version-history":[{"count":7,"href":"https:\/\/www.purejewels.com\/tr\/wp-json\/wp\/v2\/product\/402410\/revisions"}],"predecessor-version":[{"id":427356,"href":"https:\/\/www.purejewels.com\/tr\/wp-json\/wp\/v2\/product\/402410\/revisions\/427356"}],"wp:featuredmedia":[{"embeddable":true,"href":"https:\/\/www.purejewels.com\/tr\/wp-json\/wp\/v2\/media\/408449"}],"wp:attachment":[{"href":"https:\/\/www.purejewels.com\/tr\/wp-json\/wp\/v2\/media?parent=402410"}],"wp:term":[{"taxonomy":"product_brand","embeddable":true,"href":"https:\/\/www.purejewels.com\/tr\/wp-json\/wp\/v2\/product_brand?post=402410"},{"taxonomy":"product_cat","embeddable":true,"href":"https:\/\/www.purejewels.com\/tr\/wp-json\/wp\/v2\/product_cat?post=402410"},{"taxonomy":"product_tag","embeddable":true,"href":"https:\/\/www.purejewels.com\/tr\/wp-json\/wp\/v2\/product_tag?post=402410"}],"curies":[{"name":"wp","href":"https:\/\/api.w.org\/{rel}","templated":true}]}}