{"id":402713,"date":"2025-05-27T06:23:52","date_gmt":"2025-05-27T05:23:52","guid":{"rendered":"https:\/\/www.purejewels.com\/?post_type=product&#038;p=402713"},"modified":"2026-03-11T11:46:59","modified_gmt":"2026-03-11T11:46:59","slug":"18-ayar-altin-pirlanta-cicekli-saplama-kupe-51503","status":"publish","type":"product","link":"https:\/\/www.purejewels.com\/tr\/product\/18ct-gold-diamond-floral-stud-earrings-51503\/","title":{"rendered":"18 Ayar Alt\u0131n P\u0131rlanta \u00c7i\u00e7ekli Saplama K\u00fcpe"},"content":{"rendered":"<p data-start=\"778\" data-end=\"1183\">Do\u011fan\u0131n zarafetinden ilham alan bu <strong data-start=\"820\" data-end=\"862\">18 Ayar Alt\u0131n P\u0131rlanta \u00c7i\u00e7ekli Saplama K\u00fcpe<\/strong> zarafet ve parlakl\u0131\u011f\u0131n m\u00fckemmel bir birle\u015fimidir. I\u015f\u0131lt\u0131l\u0131 18 ayar sar\u0131 alt\u0131ndan \u00fcretilen tasar\u0131mda, \u0131\u015f\u0131lt\u0131l\u0131 bir \u00e7i\u00e7ek motifine hayat verilmi\u015ftir. <strong data-start=\"1009\" data-end=\"1045\">1.01 karat g\u00f6z kama\u015ft\u0131r\u0131c\u0131 elmas<\/strong>. Her bir ta\u00e7 yapra\u011f\u0131, uyum ve g\u00fczelli\u011fi simgeleyen merkezi parlak kesim p\u0131rlantay\u0131 \u00e7evreleyen zarif armut bi\u00e7imli p\u0131rlantalarla temsil edilir.<\/p>\n<p data-start=\"1185\" data-end=\"1427\">ile <strong data-start=\"1192\" data-end=\"1222\">br\u00fct a\u011f\u0131rl\u0131k 2,90 gram<\/strong>Bu k\u00fcpeler hafif ama etkileyicidir; hem g\u00fcnl\u00fck \u015f\u0131kl\u0131k hem de \u00f6zel g\u00fcnler i\u00e7in idealdir. Ustal\u0131kla i\u015flenmi\u015f p\u0131rlantalar \u0131\u015f\u0131\u011f\u0131 her a\u00e7\u0131dan yakalayarak trendlerin \u00f6tesine ge\u00e7en bir \u0131\u015f\u0131lt\u0131 sunar.<\/p>\n<p data-start=\"1429\" data-end=\"1644\">\u0130ster rafine l\u00fcks\u00fcn bir ifadesi olarak tak\u0131ls\u0131n ister d\u00fc\u015f\u00fcnceli bir hediye olarak verilsin, bu elmas \u00e7i\u00e7ekli \u00e7\u0131t\u00e7\u0131tlar, her par\u00e7an\u0131n bir g\u00fczellik ve hassasiyet hikayesi anlatt\u0131\u011f\u0131 PureJewels'in miras i\u015f\u00e7ili\u011finin bir kan\u0131t\u0131d\u0131r.<\/p>","protected":false},"excerpt":{"rendered":"<p>Zamans\u0131z g\u00fczelli\u011fi bu 18 ayar alt\u0131n \u00e7i\u00e7ekli p\u0131rlanta k\u00fcpelerle kutlay\u0131n. 1,01 ct \u0131\u015f\u0131lt\u0131l\u0131 p\u0131rlantalarla bezenmi\u015f, parlak ta\u00e7 yaprakl\u0131 tasar\u0131mlar\u0131 her g\u00f6r\u00fcn\u00fcme sofistike bir hava katar. Hediye etmek veya m\u00fccevher koleksiyonunuzu zenginle\u015ftirmek i\u00e7in m\u00fckemmeldir.<\/p>\n<p><strong>Malzeme:<\/strong> 18 Ayar Alt\u0131n<br \/>\n<strong>Hallmark:\u00a0<\/strong>\u0130ngiliz Damgas\u0131<strong><br \/>\n<\/strong><strong>Ta\u015f:\u00a0<\/strong>Do\u011fal Elmaslar<strong><br \/>\nElmas A\u011f\u0131rl\u0131\u011f\u0131: <\/strong>1.01ct (toplam)<br \/>\n<strong>Br\u00fct A\u011f\u0131rl\u0131k:<\/strong> 2.90 Gms<strong><br \/>\n<\/strong><strong>SKU: <\/strong>51503<\/p>\n<p><strong>Fiyat ve Teslimat:\u00a0<\/strong>KDV ve teslimat \u00fccretleri dahil<strong><br \/>\n<a href=\"https:\/\/www.purejewels.com\/tr\/i%cc%87ade-poli%cc%87ti%cc%87kasi\/\">\u0130ade Politikas\u0131<\/a><\/strong><\/p>","protected":false},"featured_media":402714,"comment_status":"closed","ping_status":"closed","template":"","meta":{"_eb_attr":"","_crsspst_to_jayantr4sg-hostcom":true},"product_brand":[],"product_cat":[6086,5679,1791,1559,5458,5457,6190,1790,1254,1570,1577,1569,1574],"product_tag":[66],"class_list":{"0":"post-402713","1":"product","2":"type-product","3":"status-publish","4":"has-post-thumbnail","6":"product_cat-18ct-gold-earring","7":"product_cat-18ct-gold-jewellery","8":"product_cat-anniversary-gifts","9":"product_cat-birthday-gifts","10":"product_cat-diamond-earring","11":"product_cat-diamond-jewellery","12":"product_cat-easter-jewellery","13":"product_cat-for-whom-when","14":"product_cat-gold-earrings","15":"product_cat-mothers-day-gifts","16":"product_cat-stud-earrings","17":"product_cat-valentine-day-gifts","18":"product_cat-womens-jewellery","19":"product_tag-earrings","21":"first","22":"instock","23":"taxable","24":"shipping-taxable","25":"purchasable","26":"product-type-simple","27":"add-to-wishlist-before_image"},"yoast_head":"<!-- This site is optimized with the Yoast SEO plugin v27.5 - https:\/\/yoast.com\/product\/yoast-seo-wordpress\/ -->\n<title>18ct Gold Diamond Floral Stud Earrings | PureJewels London<\/title>\n<meta name=\"description\" content=\"Shop elegant 18ct gold diamond floral stud earrings featuring 1.01ct diamonds. Luxurious craftsmanship, lightweight elegance, and perfect for special occasions.\" \/>\n<meta name=\"robots\" content=\"index, follow, max-snippet:-1, max-image-preview:large, max-video-preview:-1\" \/>\n<link rel=\"canonical\" href=\"https:\/\/www.purejewels.com\/tr\/urun\/18-ayar-altin-pirlanta-cicekli-saplama-kupe-51503\/\" \/>\n<meta property=\"og:locale\" content=\"tr_TR\" \/>\n<meta property=\"og:type\" content=\"article\" \/>\n<meta property=\"og:title\" content=\"18ct Gold Diamond Floral Stud Earrings | PureJewels London\" \/>\n<meta property=\"og:description\" content=\"Shop elegant 18ct gold diamond floral stud earrings featuring 1.01ct diamonds. Luxurious craftsmanship, lightweight elegance, and perfect for special occasions.\" \/>\n<meta property=\"og:url\" content=\"https:\/\/www.purejewels.com\/tr\/urun\/18-ayar-altin-pirlanta-cicekli-saplama-kupe-51503\/\" \/>\n<meta property=\"og:site_name\" content=\"PureJewels UK\" \/>\n<meta property=\"article:modified_time\" content=\"2026-03-11T11:46:59+00:00\" \/>\n<meta property=\"og:image\" content=\"https:\/\/static.purejewels.com\/wp-content\/uploads\/2025\/06\/SKU-51503-yellow-gold.png\" \/>\n\t<meta property=\"og:image:width\" content=\"1000\" \/>\n\t<meta property=\"og:image:height\" content=\"1000\" \/>\n\t<meta property=\"og:image:type\" content=\"image\/png\" \/>\n<meta name=\"twitter:card\" content=\"summary_large_image\" \/>\n<meta name=\"twitter:label1\" content=\"Tahmini okuma s\u00fcresi\" \/>\n\t<meta name=\"twitter:data1\" content=\"1 dakika\" \/>\n<script type=\"application\/ld+json\" class=\"yoast-schema-graph\">{\"@context\":\"https:\\\/\\\/schema.org\",\"@graph\":[{\"@type\":[\"WebPage\",\"ItemPage\"],\"@id\":\"https:\\\/\\\/www.purejewels.com\\\/product\\\/18ct-gold-diamond-floral-stud-earrings-51503\\\/\",\"url\":\"https:\\\/\\\/www.purejewels.com\\\/product\\\/18ct-gold-diamond-floral-stud-earrings-51503\\\/\",\"name\":\"18ct Gold Diamond Floral Stud Earrings | PureJewels London\",\"isPartOf\":{\"@id\":\"https:\\\/\\\/www.purejewels.com\\\/#website\"},\"primaryImageOfPage\":{\"@id\":\"https:\\\/\\\/www.purejewels.com\\\/product\\\/18ct-gold-diamond-floral-stud-earrings-51503\\\/#primaryimage\"},\"image\":{\"@id\":\"https:\\\/\\\/www.purejewels.com\\\/product\\\/18ct-gold-diamond-floral-stud-earrings-51503\\\/#primaryimage\"},\"thumbnailUrl\":\"https:\\\/\\\/static.purejewels.com\\\/wp-content\\\/uploads\\\/2025\\\/06\\\/SKU-51503-yellow-gold.png\",\"datePublished\":\"2025-05-27T05:23:52+00:00\",\"dateModified\":\"2026-03-11T11:46:59+00:00\",\"description\":\"Shop elegant 18ct gold diamond floral stud earrings featuring 1.01ct diamonds. Luxurious craftsmanship, lightweight elegance, and perfect for special occasions.\",\"breadcrumb\":{\"@id\":\"https:\\\/\\\/www.purejewels.com\\\/product\\\/18ct-gold-diamond-floral-stud-earrings-51503\\\/#breadcrumb\"},\"inLanguage\":\"tr\",\"potentialAction\":[{\"@type\":\"ReadAction\",\"target\":[\"https:\\\/\\\/www.purejewels.com\\\/product\\\/18ct-gold-diamond-floral-stud-earrings-51503\\\/\"]}]},{\"@type\":\"ImageObject\",\"inLanguage\":\"tr\",\"@id\":\"https:\\\/\\\/www.purejewels.com\\\/product\\\/18ct-gold-diamond-floral-stud-earrings-51503\\\/#primaryimage\",\"url\":\"https:\\\/\\\/static.purejewels.com\\\/wp-content\\\/uploads\\\/2025\\\/06\\\/SKU-51503-yellow-gold.png\",\"contentUrl\":\"https:\\\/\\\/static.purejewels.com\\\/wp-content\\\/uploads\\\/2025\\\/06\\\/SKU-51503-yellow-gold.png\",\"width\":1000,\"height\":1000,\"caption\":\"18ct Gold Diamond Floral Stud Earrings\"},{\"@type\":\"BreadcrumbList\",\"@id\":\"https:\\\/\\\/www.purejewels.com\\\/product\\\/18ct-gold-diamond-floral-stud-earrings-51503\\\/#breadcrumb\",\"itemListElement\":[{\"@type\":\"ListItem\",\"position\":1,\"name\":\"Home\",\"item\":\"https:\\\/\\\/www.purejewels.com\\\/\"},{\"@type\":\"ListItem\",\"position\":2,\"name\":\"Shop\",\"item\":\"https:\\\/\\\/www.purejewels.com\\\/shop\\\/\"},{\"@type\":\"ListItem\",\"position\":3,\"name\":\"18ct Gold Diamond Floral Stud Earrings\"}]},{\"@type\":\"WebSite\",\"@id\":\"https:\\\/\\\/www.purejewels.com\\\/#website\",\"url\":\"https:\\\/\\\/www.purejewels.com\\\/\",\"name\":\"PureJewels UK\",\"description\":\"Share the Love\",\"publisher\":{\"@id\":\"https:\\\/\\\/www.purejewels.com\\\/#organization\"},\"potentialAction\":[{\"@type\":\"SearchAction\",\"target\":{\"@type\":\"EntryPoint\",\"urlTemplate\":\"https:\\\/\\\/www.purejewels.com\\\/?s={search_term_string}\"},\"query-input\":{\"@type\":\"PropertyValueSpecification\",\"valueRequired\":true,\"valueName\":\"search_term_string\"}}],\"inLanguage\":\"tr\"},{\"@type\":\"Organization\",\"@id\":\"https:\\\/\\\/www.purejewels.com\\\/#organization\",\"name\":\"PureJewels UK\",\"url\":\"https:\\\/\\\/www.purejewels.com\\\/\",\"logo\":{\"@type\":\"ImageObject\",\"inLanguage\":\"tr\",\"@id\":\"https:\\\/\\\/www.purejewels.com\\\/#\\\/schema\\\/logo\\\/image\\\/\",\"url\":\"https:\\\/\\\/static.purejewels.com\\\/wp-content\\\/uploads\\\/2020\\\/11\\\/Logo-PJ-New-1.png\",\"contentUrl\":\"https:\\\/\\\/static.purejewels.com\\\/wp-content\\\/uploads\\\/2020\\\/11\\\/Logo-PJ-New-1.png\",\"width\":150,\"height\":80,\"caption\":\"PureJewels UK\"},\"image\":{\"@id\":\"https:\\\/\\\/www.purejewels.com\\\/#\\\/schema\\\/logo\\\/image\\\/\"}}]}<\/script>\n<!-- \/ Yoast SEO plugin. -->","yoast_head_json":{"title":"18 Ayar Alt\u0131n P\u0131rlanta \u00c7i\u00e7ekli Saplama K\u00fcpe | PureJewels London","description":"1,01 ct p\u0131rlanta i\u00e7eren zarif 18 ayar alt\u0131n p\u0131rlanta \u00e7i\u00e7ekli k\u00fcpeler sat\u0131n al\u0131n. L\u00fcks i\u015f\u00e7ilik, hafif \u015f\u0131kl\u0131k ve \u00f6zel g\u00fcnler i\u00e7in m\u00fckemmel.","robots":{"index":"index","follow":"follow","max-snippet":"max-snippet:-1","max-image-preview":"max-image-preview:large","max-video-preview":"max-video-preview:-1"},"canonical":"https:\/\/www.purejewels.com\/tr\/urun\/18-ayar-altin-pirlanta-cicekli-saplama-kupe-51503\/","og_locale":"tr_TR","og_type":"article","og_title":"18ct Gold Diamond Floral Stud Earrings | PureJewels London","og_description":"Shop elegant 18ct gold diamond floral stud earrings featuring 1.01ct diamonds. Luxurious craftsmanship, lightweight elegance, and perfect for special occasions.","og_url":"https:\/\/www.purejewels.com\/tr\/urun\/18-ayar-altin-pirlanta-cicekli-saplama-kupe-51503\/","og_site_name":"PureJewels UK","article_modified_time":"2026-03-11T11:46:59+00:00","og_image":[{"width":1000,"height":1000,"url":"https:\/\/static.purejewels.com\/wp-content\/uploads\/2025\/06\/SKU-51503-yellow-gold.png","type":"image\/png"}],"twitter_card":"summary_large_image","twitter_misc":{"Tahmini okuma s\u00fcresi":"1 dakika"},"schema":{"@context":"https:\/\/schema.org","@graph":[{"@type":["WebPage","ItemPage"],"@id":"https:\/\/www.purejewels.com\/product\/18ct-gold-diamond-floral-stud-earrings-51503\/","url":"https:\/\/www.purejewels.com\/product\/18ct-gold-diamond-floral-stud-earrings-51503\/","name":"18 Ayar Alt\u0131n P\u0131rlanta \u00c7i\u00e7ekli Saplama K\u00fcpe | PureJewels London","isPartOf":{"@id":"https:\/\/www.purejewels.com\/#website"},"primaryImageOfPage":{"@id":"https:\/\/www.purejewels.com\/product\/18ct-gold-diamond-floral-stud-earrings-51503\/#primaryimage"},"image":{"@id":"https:\/\/www.purejewels.com\/product\/18ct-gold-diamond-floral-stud-earrings-51503\/#primaryimage"},"thumbnailUrl":"https:\/\/static.purejewels.com\/wp-content\/uploads\/2025\/06\/SKU-51503-yellow-gold.png","datePublished":"2025-05-27T05:23:52+00:00","dateModified":"2026-03-11T11:46:59+00:00","description":"1,01 ct p\u0131rlanta i\u00e7eren zarif 18 ayar alt\u0131n p\u0131rlanta \u00e7i\u00e7ekli k\u00fcpeler sat\u0131n al\u0131n. L\u00fcks i\u015f\u00e7ilik, hafif \u015f\u0131kl\u0131k ve \u00f6zel g\u00fcnler i\u00e7in m\u00fckemmel.","breadcrumb":{"@id":"https:\/\/www.purejewels.com\/product\/18ct-gold-diamond-floral-stud-earrings-51503\/#breadcrumb"},"inLanguage":"tr","potentialAction":[{"@type":"ReadAction","target":["https:\/\/www.purejewels.com\/product\/18ct-gold-diamond-floral-stud-earrings-51503\/"]}]},{"@type":"ImageObject","inLanguage":"tr","@id":"https:\/\/www.purejewels.com\/product\/18ct-gold-diamond-floral-stud-earrings-51503\/#primaryimage","url":"https:\/\/static.purejewels.com\/wp-content\/uploads\/2025\/06\/SKU-51503-yellow-gold.png","contentUrl":"https:\/\/static.purejewels.com\/wp-content\/uploads\/2025\/06\/SKU-51503-yellow-gold.png","width":1000,"height":1000,"caption":"18ct Gold Diamond Floral Stud Earrings"},{"@type":"BreadcrumbList","@id":"https:\/\/www.purejewels.com\/product\/18ct-gold-diamond-floral-stud-earrings-51503\/#breadcrumb","itemListElement":[{"@type":"ListItem","position":1,"name":"Home","item":"https:\/\/www.purejewels.com\/"},{"@type":"ListItem","position":2,"name":"Shop","item":"https:\/\/www.purejewels.com\/shop\/"},{"@type":"ListItem","position":3,"name":"18ct Gold Diamond Floral Stud Earrings"}]},{"@type":"WebSite","@id":"https:\/\/www.purejewels.com\/#website","url":"https:\/\/www.purejewels.com\/","name":"PureJewels \u0130ngiltere","description":"Sevgiyi Payla\u015f\u0131n","publisher":{"@id":"https:\/\/www.purejewels.com\/#organization"},"potentialAction":[{"@type":"SearchAction","target":{"@type":"EntryPoint","urlTemplate":"https:\/\/www.purejewels.com\/?s={search_term_string}"},"query-input":{"@type":"PropertyValueSpecification","valueRequired":true,"valueName":"search_term_string"}}],"inLanguage":"tr"},{"@type":"Organization","@id":"https:\/\/www.purejewels.com\/#organization","name":"PureJewels \u0130ngiltere","url":"https:\/\/www.purejewels.com\/","logo":{"@type":"ImageObject","inLanguage":"tr","@id":"https:\/\/www.purejewels.com\/#\/schema\/logo\/image\/","url":"https:\/\/static.purejewels.com\/wp-content\/uploads\/2020\/11\/Logo-PJ-New-1.png","contentUrl":"https:\/\/static.purejewels.com\/wp-content\/uploads\/2020\/11\/Logo-PJ-New-1.png","width":150,"height":80,"caption":"PureJewels UK"},"image":{"@id":"https:\/\/www.purejewels.com\/#\/schema\/logo\/image\/"}}]}},"_links":{"self":[{"href":"https:\/\/www.purejewels.com\/tr\/wp-json\/wp\/v2\/product\/402713","targetHints":{"allow":["GET"]}}],"collection":[{"href":"https:\/\/www.purejewels.com\/tr\/wp-json\/wp\/v2\/product"}],"about":[{"href":"https:\/\/www.purejewels.com\/tr\/wp-json\/wp\/v2\/types\/product"}],"replies":[{"embeddable":true,"href":"https:\/\/www.purejewels.com\/tr\/wp-json\/wp\/v2\/comments?post=402713"}],"version-history":[{"count":1,"href":"https:\/\/www.purejewels.com\/tr\/wp-json\/wp\/v2\/product\/402713\/revisions"}],"predecessor-version":[{"id":402717,"href":"https:\/\/www.purejewels.com\/tr\/wp-json\/wp\/v2\/product\/402713\/revisions\/402717"}],"wp:featuredmedia":[{"embeddable":true,"href":"https:\/\/www.purejewels.com\/tr\/wp-json\/wp\/v2\/media\/402714"}],"wp:attachment":[{"href":"https:\/\/www.purejewels.com\/tr\/wp-json\/wp\/v2\/media?parent=402713"}],"wp:term":[{"taxonomy":"product_brand","embeddable":true,"href":"https:\/\/www.purejewels.com\/tr\/wp-json\/wp\/v2\/product_brand?post=402713"},{"taxonomy":"product_cat","embeddable":true,"href":"https:\/\/www.purejewels.com\/tr\/wp-json\/wp\/v2\/product_cat?post=402713"},{"taxonomy":"product_tag","embeddable":true,"href":"https:\/\/www.purejewels.com\/tr\/wp-json\/wp\/v2\/product_tag?post=402713"}],"curies":[{"name":"wp","href":"https:\/\/api.w.org\/{rel}","templated":true}]}}