{"id":403087,"date":"2025-05-30T13:56:50","date_gmt":"2025-05-30T12:56:50","guid":{"rendered":"https:\/\/www.purejewels.com\/?post_type=product&#038;p=403087"},"modified":"2026-03-11T06:08:43","modified_gmt":"2026-03-11T06:08:43","slug":"cz-tasli-zarif-pembe-altin-bileklik-49754","status":"publish","type":"product","link":"https:\/\/www.purejewels.com\/tr\/product\/dainty-rose-gold-bracelet-with-cz-stones-49754\/","title":{"rendered":"CZ Ta\u015fl\u0131 Zarif Pembe Alt\u0131n Bileklik"},"content":{"rendered":"<p data-start=\"977\" data-end=\"1244\">Zarif ve \u0131\u015f\u0131lt\u0131l\u0131 bu pembe alt\u0131n kaplama bileklik, modern zarafetin \u00f6z\u00fcd\u00fcr. Her biri \u00f6zenle yerle\u015ftirilmi\u015f k\u00fcbik zirkon ta\u015flarla vurgulanan birbirine ba\u011fl\u0131 ak\u0131c\u0131 ba\u011flant\u0131lardan olu\u015fan tasar\u0131m, her hareketle \u0131\u015f\u0131\u011f\u0131 yakalayan zarif bir \u0131\u015f\u0131lt\u0131 yayar.<\/p>\n<p data-start=\"1246\" data-end=\"1516\">\u0130ncelik ve sofistikelik aras\u0131nda m\u00fckemmel bir denge kuran bu bileklik, hafif ama g\u00f6z al\u0131c\u0131 bir duru\u015f sergiliyor. \u0130ster sade bir \u0131\u015f\u0131lt\u0131 dokunu\u015fu i\u00e7in tek ba\u015f\u0131na ister di\u011fer par\u00e7alarla katmanl\u0131 olarak tak\u0131ls\u0131n, hem g\u00fcndelik k\u0131yafetleri hem de resmi topluluklar\u0131 g\u00fczel bir \u015fekilde tamamlar.<\/p>\n<p data-start=\"1518\" data-end=\"1755\">Sa\u011flam bir toka ile sabitlenen ve rahatl\u0131k d\u00fc\u015f\u00fcn\u00fclerek tasarlanan bu bileklik, ideal bir hediye veya ki\u015fisel koleksiyonunuza de\u011ferli bir ektir. \u00c7a\u011fda\u015f stili g\u00fcnl\u00fck \u00e7ok y\u00f6nl\u00fcl\u00fckle harmanlayan zamans\u0131z bir g\u00fczellik ifadesi.<\/p>\n<p data-start=\"1518\" data-end=\"1755\">Narin CZ ta\u015flarla s\u00fcslenmi\u015f bu zarif pembe alt\u0131n bileklik, L\u00fcks Anneler G\u00fcn\u00fc m\u00fccevherlerinin g\u00fczel bir ifadesidir. Ak\u0131c\u0131 a\u00e7\u0131k ba\u011flant\u0131 tasar\u0131m\u0131 ve ince \u0131\u015f\u0131lt\u0131s\u0131, g\u00fcnl\u00fck \u015f\u0131kl\u0131k veya \u00f6zel kutlamalar i\u00e7in m\u00fckemmel, zarif ve kad\u0131ns\u0131 bir g\u00f6r\u00fcn\u00fcm yarat\u0131r. Bu Anneler G\u00fcn\u00fc'nde koleksiyonuna s\u0131cakl\u0131k ve parlakl\u0131k katan anlaml\u0131 bir hediye.<\/p>","protected":false},"excerpt":{"rendered":"<p>Bu pembe alt\u0131n kaplama bileklik, par\u0131ldayan k\u00fcbik zirkon ta\u015flarla s\u00fcslenmi\u015f narin bir ba\u011flant\u0131 tasar\u0131m\u0131na sahiptir. Zarif ve hafif olan bu bileklik, g\u00fcnl\u00fck giyime ince bir \u0131\u015f\u0131lt\u0131 katmak veya gece g\u00f6r\u00fcn\u00fcm\u00fcn\u00fc y\u00fckseltmek i\u00e7in m\u00fckemmeldir.<\/p>\n<p><strong>Malzeme:<\/strong>\u00a022 Ayar Alt\u0131n<br \/>\n<strong>Hallmark:<\/strong>\u00a0\u0130ngiliz Damgas\u0131<br \/>\n<strong>SKU:<\/strong> 49754<br \/>\n<strong>A\u011f\u0131rl\u0131k:<\/strong> 10.50 Gms<br \/>\n<b>Uzunluk: <\/b>7,5 in\u00e7<\/p>\n<p><strong>Fiyat ve Teslimat:<\/strong>\u00a0KDV ve teslimat \u00fccretleri dahil<br \/>\n<a href=\"https:\/\/www.purejewels.com\/tr\/i%cc%87ade-poli%cc%87ti%cc%87kasi\/\"><strong>\u0130ade Politikas\u0131<\/strong><\/a><\/p>","protected":false},"featured_media":403088,"comment_status":"closed","ping_status":"closed","template":"","meta":{"_eb_attr":"","_crsspst_to_jayantr4sg-hostcom":true},"product_brand":[],"product_cat":[1791,1559,6190,6059,1324,1627,1570,1569,1574],"product_tag":[5910],"class_list":{"0":"post-403087","1":"product","2":"type-product","3":"status-publish","4":"has-post-thumbnail","6":"product_cat-anniversary-gifts","7":"product_cat-birthday-gifts","8":"product_cat-easter-jewellery","9":"product_cat-fancy-bracelet","10":"product_cat-gold-bracelet","11":"product_cat-ladies-bracelet","12":"product_cat-mothers-day-gifts","13":"product_cat-valentine-day-gifts","14":"product_cat-womens-jewellery","15":"product_tag-real-gold-bracelet","17":"first","18":"instock","19":"taxable","20":"shipping-taxable","21":"purchasable","22":"product-type-simple","23":"add-to-wishlist-before_image"},"yoast_head":"<!-- This site is optimized with the Yoast SEO plugin v27.3 - https:\/\/yoast.com\/product\/yoast-seo-wordpress\/ -->\n<title>Rose Gold CZ Stone Bracelet for Women | Elegant Link Bracelet<\/title>\n<meta name=\"description\" content=\"Shop the Rose Gold CZ Stone Bracelet for women \u2014 a delicate link design with sparkling cubic zirconia. Perfect for everyday elegance or special occasions.\" \/>\n<meta name=\"robots\" content=\"index, follow, max-snippet:-1, max-image-preview:large, max-video-preview:-1\" \/>\n<link rel=\"canonical\" href=\"https:\/\/www.purejewels.com\/tr\/urun\/cz-tasli-zarif-pembe-altin-bileklik-49754\/\" \/>\n<meta property=\"og:locale\" content=\"tr_TR\" \/>\n<meta property=\"og:type\" content=\"article\" \/>\n<meta property=\"og:title\" content=\"Rose Gold CZ Stone Bracelet for Women | Elegant Link Bracelet\" \/>\n<meta property=\"og:description\" content=\"Shop the Rose Gold CZ Stone Bracelet for women \u2014 a delicate link design with sparkling cubic zirconia. Perfect for everyday elegance or special occasions.\" \/>\n<meta property=\"og:url\" content=\"https:\/\/www.purejewels.com\/tr\/urun\/cz-tasli-zarif-pembe-altin-bileklik-49754\/\" \/>\n<meta property=\"og:site_name\" content=\"PureJewels UK\" \/>\n<meta property=\"article:modified_time\" content=\"2026-03-11T06:08:43+00:00\" \/>\n<meta property=\"og:image\" content=\"https:\/\/static.purejewels.com\/wp-content\/uploads\/2025\/06\/SKU-49754.1.jpg\" \/>\n\t<meta property=\"og:image:width\" content=\"1000\" \/>\n\t<meta property=\"og:image:height\" content=\"1000\" \/>\n\t<meta property=\"og:image:type\" content=\"image\/jpeg\" \/>\n<meta name=\"twitter:card\" content=\"summary_large_image\" \/>\n<meta name=\"twitter:label1\" content=\"Tahmini okuma s\u00fcresi\" \/>\n\t<meta name=\"twitter:data1\" content=\"1 dakika\" \/>\n<script type=\"application\/ld+json\" class=\"yoast-schema-graph\">{\"@context\":\"https:\\\/\\\/schema.org\",\"@graph\":[{\"@type\":[\"WebPage\",\"ItemPage\"],\"@id\":\"https:\\\/\\\/www.purejewels.com\\\/product\\\/dainty-rose-gold-bracelet-with-cz-stones-49754\\\/\",\"url\":\"https:\\\/\\\/www.purejewels.com\\\/product\\\/dainty-rose-gold-bracelet-with-cz-stones-49754\\\/\",\"name\":\"Rose Gold CZ Stone Bracelet for Women | Elegant Link Bracelet\",\"isPartOf\":{\"@id\":\"https:\\\/\\\/www.purejewels.com\\\/#website\"},\"primaryImageOfPage\":{\"@id\":\"https:\\\/\\\/www.purejewels.com\\\/product\\\/dainty-rose-gold-bracelet-with-cz-stones-49754\\\/#primaryimage\"},\"image\":{\"@id\":\"https:\\\/\\\/www.purejewels.com\\\/product\\\/dainty-rose-gold-bracelet-with-cz-stones-49754\\\/#primaryimage\"},\"thumbnailUrl\":\"https:\\\/\\\/static.purejewels.com\\\/wp-content\\\/uploads\\\/2025\\\/06\\\/SKU-49754.1.jpg\",\"datePublished\":\"2025-05-30T12:56:50+00:00\",\"dateModified\":\"2026-03-11T06:08:43+00:00\",\"description\":\"Shop the Rose Gold CZ Stone Bracelet for women \u2014 a delicate link design with sparkling cubic zirconia. Perfect for everyday elegance or special occasions.\",\"breadcrumb\":{\"@id\":\"https:\\\/\\\/www.purejewels.com\\\/product\\\/dainty-rose-gold-bracelet-with-cz-stones-49754\\\/#breadcrumb\"},\"inLanguage\":\"tr\",\"potentialAction\":[{\"@type\":\"ReadAction\",\"target\":[\"https:\\\/\\\/www.purejewels.com\\\/product\\\/dainty-rose-gold-bracelet-with-cz-stones-49754\\\/\"]}]},{\"@type\":\"ImageObject\",\"inLanguage\":\"tr\",\"@id\":\"https:\\\/\\\/www.purejewels.com\\\/product\\\/dainty-rose-gold-bracelet-with-cz-stones-49754\\\/#primaryimage\",\"url\":\"https:\\\/\\\/static.purejewels.com\\\/wp-content\\\/uploads\\\/2025\\\/06\\\/SKU-49754.1.jpg\",\"contentUrl\":\"https:\\\/\\\/static.purejewels.com\\\/wp-content\\\/uploads\\\/2025\\\/06\\\/SKU-49754.1.jpg\",\"width\":1000,\"height\":1000,\"caption\":\"Stacked from 10 images. Method=A (R=8,S=4)\"},{\"@type\":\"BreadcrumbList\",\"@id\":\"https:\\\/\\\/www.purejewels.com\\\/product\\\/dainty-rose-gold-bracelet-with-cz-stones-49754\\\/#breadcrumb\",\"itemListElement\":[{\"@type\":\"ListItem\",\"position\":1,\"name\":\"Home\",\"item\":\"https:\\\/\\\/www.purejewels.com\\\/\"},{\"@type\":\"ListItem\",\"position\":2,\"name\":\"Shop\",\"item\":\"https:\\\/\\\/www.purejewels.com\\\/shop\\\/\"},{\"@type\":\"ListItem\",\"position\":3,\"name\":\"Dainty Rose Gold Bracelet with CZ Stones\"}]},{\"@type\":\"WebSite\",\"@id\":\"https:\\\/\\\/www.purejewels.com\\\/#website\",\"url\":\"https:\\\/\\\/www.purejewels.com\\\/\",\"name\":\"PureJewels UK\",\"description\":\"Share the Love\",\"publisher\":{\"@id\":\"https:\\\/\\\/www.purejewels.com\\\/#organization\"},\"potentialAction\":[{\"@type\":\"SearchAction\",\"target\":{\"@type\":\"EntryPoint\",\"urlTemplate\":\"https:\\\/\\\/www.purejewels.com\\\/?s={search_term_string}\"},\"query-input\":{\"@type\":\"PropertyValueSpecification\",\"valueRequired\":true,\"valueName\":\"search_term_string\"}}],\"inLanguage\":\"tr\"},{\"@type\":\"Organization\",\"@id\":\"https:\\\/\\\/www.purejewels.com\\\/#organization\",\"name\":\"PureJewels UK\",\"url\":\"https:\\\/\\\/www.purejewels.com\\\/\",\"logo\":{\"@type\":\"ImageObject\",\"inLanguage\":\"tr\",\"@id\":\"https:\\\/\\\/www.purejewels.com\\\/#\\\/schema\\\/logo\\\/image\\\/\",\"url\":\"https:\\\/\\\/static.purejewels.com\\\/wp-content\\\/uploads\\\/2020\\\/11\\\/Logo-PJ-New-1.png\",\"contentUrl\":\"https:\\\/\\\/static.purejewels.com\\\/wp-content\\\/uploads\\\/2020\\\/11\\\/Logo-PJ-New-1.png\",\"width\":150,\"height\":80,\"caption\":\"PureJewels UK\"},\"image\":{\"@id\":\"https:\\\/\\\/www.purejewels.com\\\/#\\\/schema\\\/logo\\\/image\\\/\"}}]}<\/script>\n<!-- \/ Yoast SEO plugin. -->","yoast_head_json":{"title":"Kad\u0131nlar i\u00e7in G\u00fcl Alt\u0131n CZ Ta\u015fl\u0131 Bileklik | Zarif Link Bileklik","description":"Kad\u0131nlar i\u00e7in Rose Gold CZ Ta\u015fl\u0131 Bilezi\u011fi sat\u0131n al\u0131n - \u0131\u015f\u0131lt\u0131l\u0131 k\u00fcbik zirkonya ile zarif bir ba\u011flant\u0131 tasar\u0131m\u0131. G\u00fcnl\u00fck \u015f\u0131kl\u0131k veya \u00f6zel g\u00fcnler i\u00e7in m\u00fckemmel.","robots":{"index":"index","follow":"follow","max-snippet":"max-snippet:-1","max-image-preview":"max-image-preview:large","max-video-preview":"max-video-preview:-1"},"canonical":"https:\/\/www.purejewels.com\/tr\/urun\/cz-tasli-zarif-pembe-altin-bileklik-49754\/","og_locale":"tr_TR","og_type":"article","og_title":"Rose Gold CZ Stone Bracelet for Women | Elegant Link Bracelet","og_description":"Shop the Rose Gold CZ Stone Bracelet for women \u2014 a delicate link design with sparkling cubic zirconia. Perfect for everyday elegance or special occasions.","og_url":"https:\/\/www.purejewels.com\/tr\/urun\/cz-tasli-zarif-pembe-altin-bileklik-49754\/","og_site_name":"PureJewels UK","article_modified_time":"2026-03-11T06:08:43+00:00","og_image":[{"width":1000,"height":1000,"url":"https:\/\/static.purejewels.com\/wp-content\/uploads\/2025\/06\/SKU-49754.1.jpg","type":"image\/jpeg"}],"twitter_card":"summary_large_image","twitter_misc":{"Tahmini okuma s\u00fcresi":"1 dakika"},"schema":{"@context":"https:\/\/schema.org","@graph":[{"@type":["WebPage","ItemPage"],"@id":"https:\/\/www.purejewels.com\/product\/dainty-rose-gold-bracelet-with-cz-stones-49754\/","url":"https:\/\/www.purejewels.com\/product\/dainty-rose-gold-bracelet-with-cz-stones-49754\/","name":"Kad\u0131nlar i\u00e7in G\u00fcl Alt\u0131n CZ Ta\u015fl\u0131 Bileklik | Zarif Link Bileklik","isPartOf":{"@id":"https:\/\/www.purejewels.com\/#website"},"primaryImageOfPage":{"@id":"https:\/\/www.purejewels.com\/product\/dainty-rose-gold-bracelet-with-cz-stones-49754\/#primaryimage"},"image":{"@id":"https:\/\/www.purejewels.com\/product\/dainty-rose-gold-bracelet-with-cz-stones-49754\/#primaryimage"},"thumbnailUrl":"https:\/\/static.purejewels.com\/wp-content\/uploads\/2025\/06\/SKU-49754.1.jpg","datePublished":"2025-05-30T12:56:50+00:00","dateModified":"2026-03-11T06:08:43+00:00","description":"Kad\u0131nlar i\u00e7in Rose Gold CZ Ta\u015fl\u0131 Bilezi\u011fi sat\u0131n al\u0131n - \u0131\u015f\u0131lt\u0131l\u0131 k\u00fcbik zirkonya ile zarif bir ba\u011flant\u0131 tasar\u0131m\u0131. G\u00fcnl\u00fck \u015f\u0131kl\u0131k veya \u00f6zel g\u00fcnler i\u00e7in m\u00fckemmel.","breadcrumb":{"@id":"https:\/\/www.purejewels.com\/product\/dainty-rose-gold-bracelet-with-cz-stones-49754\/#breadcrumb"},"inLanguage":"tr","potentialAction":[{"@type":"ReadAction","target":["https:\/\/www.purejewels.com\/product\/dainty-rose-gold-bracelet-with-cz-stones-49754\/"]}]},{"@type":"ImageObject","inLanguage":"tr","@id":"https:\/\/www.purejewels.com\/product\/dainty-rose-gold-bracelet-with-cz-stones-49754\/#primaryimage","url":"https:\/\/static.purejewels.com\/wp-content\/uploads\/2025\/06\/SKU-49754.1.jpg","contentUrl":"https:\/\/static.purejewels.com\/wp-content\/uploads\/2025\/06\/SKU-49754.1.jpg","width":1000,"height":1000,"caption":"Stacked from 10 images. Method=A (R=8,S=4)"},{"@type":"BreadcrumbList","@id":"https:\/\/www.purejewels.com\/product\/dainty-rose-gold-bracelet-with-cz-stones-49754\/#breadcrumb","itemListElement":[{"@type":"ListItem","position":1,"name":"Home","item":"https:\/\/www.purejewels.com\/"},{"@type":"ListItem","position":2,"name":"Shop","item":"https:\/\/www.purejewels.com\/shop\/"},{"@type":"ListItem","position":3,"name":"Dainty Rose Gold Bracelet with CZ Stones"}]},{"@type":"WebSite","@id":"https:\/\/www.purejewels.com\/#website","url":"https:\/\/www.purejewels.com\/","name":"PureJewels \u0130ngiltere","description":"Sevgiyi Payla\u015f\u0131n","publisher":{"@id":"https:\/\/www.purejewels.com\/#organization"},"potentialAction":[{"@type":"SearchAction","target":{"@type":"EntryPoint","urlTemplate":"https:\/\/www.purejewels.com\/?s={search_term_string}"},"query-input":{"@type":"PropertyValueSpecification","valueRequired":true,"valueName":"search_term_string"}}],"inLanguage":"tr"},{"@type":"Organization","@id":"https:\/\/www.purejewels.com\/#organization","name":"PureJewels \u0130ngiltere","url":"https:\/\/www.purejewels.com\/","logo":{"@type":"ImageObject","inLanguage":"tr","@id":"https:\/\/www.purejewels.com\/#\/schema\/logo\/image\/","url":"https:\/\/static.purejewels.com\/wp-content\/uploads\/2020\/11\/Logo-PJ-New-1.png","contentUrl":"https:\/\/static.purejewels.com\/wp-content\/uploads\/2020\/11\/Logo-PJ-New-1.png","width":150,"height":80,"caption":"PureJewels UK"},"image":{"@id":"https:\/\/www.purejewels.com\/#\/schema\/logo\/image\/"}}]}},"_links":{"self":[{"href":"https:\/\/www.purejewels.com\/tr\/wp-json\/wp\/v2\/product\/403087","targetHints":{"allow":["GET"]}}],"collection":[{"href":"https:\/\/www.purejewels.com\/tr\/wp-json\/wp\/v2\/product"}],"about":[{"href":"https:\/\/www.purejewels.com\/tr\/wp-json\/wp\/v2\/types\/product"}],"replies":[{"embeddable":true,"href":"https:\/\/www.purejewels.com\/tr\/wp-json\/wp\/v2\/comments?post=403087"}],"version-history":[{"count":3,"href":"https:\/\/www.purejewels.com\/tr\/wp-json\/wp\/v2\/product\/403087\/revisions"}],"predecessor-version":[{"id":426399,"href":"https:\/\/www.purejewels.com\/tr\/wp-json\/wp\/v2\/product\/403087\/revisions\/426399"}],"wp:featuredmedia":[{"embeddable":true,"href":"https:\/\/www.purejewels.com\/tr\/wp-json\/wp\/v2\/media\/403088"}],"wp:attachment":[{"href":"https:\/\/www.purejewels.com\/tr\/wp-json\/wp\/v2\/media?parent=403087"}],"wp:term":[{"taxonomy":"product_brand","embeddable":true,"href":"https:\/\/www.purejewels.com\/tr\/wp-json\/wp\/v2\/product_brand?post=403087"},{"taxonomy":"product_cat","embeddable":true,"href":"https:\/\/www.purejewels.com\/tr\/wp-json\/wp\/v2\/product_cat?post=403087"},{"taxonomy":"product_tag","embeddable":true,"href":"https:\/\/www.purejewels.com\/tr\/wp-json\/wp\/v2\/product_tag?post=403087"}],"curies":[{"name":"wp","href":"https:\/\/api.w.org\/{rel}","templated":true}]}}