{"id":4034,"date":"2017-07-19T13:23:42","date_gmt":"2017-07-19T12:23:42","guid":{"rendered":"http:\/\/new.purejewels.com\/product\/christian-bauer-full-eternity-ring-246734\/"},"modified":"2022-02-16T03:36:09","modified_gmt":"2022-02-16T03:36:09","slug":"christian-bauer-tam-sonsuzluk-yuzugu-246734","status":"publish","type":"product","link":"https:\/\/www.purejewels.com\/tr\/product\/christian-bauer-full-eternity-ring-246734\/","title":{"rendered":"Christian Bauer Tam Sonsuzluk Y\u00fcz\u00fc\u011f\u00fc - 246734"},"content":{"rendered":"<p><a href=\"https:\/\/www.purejewels.com\/tr\/product-category\/wedding-rings-bands\/wedding-bands\/christian-bauer-brands\/\">Christian Bauer<\/a> Tam <a href=\"https:\/\/www.purejewels.com\/tr\/eternity-rings\/\">Sonsuzluk Y\u00fcz\u00fc\u011f\u00fc<\/a> \u2013 246734<\/p>\n<p>&nbsp;<\/p>","protected":false},"excerpt":{"rendered":"<p>Yetkili Christian Bauer Stok\u00e7usu<\/p>\n<p>Christian Bauer Tam Sonsuzluk Y\u00fcz\u00fc\u011f\u00fc - 246734<\/p>\n<p>Bayan Alyans<\/p>\n<p>Metal Platin 950<\/p>\n<p>Ta\u015f Ayar Stili: Prong set p\u0131rlantalar<\/p>\n<p>P\u0131rlanta A\u011f\u0131rl\u0131\u011f\u0131: 1.08cts<\/p>\n<p>P\u0131rlanta Kalitesi: G-H Renk ve VS Berrakl\u0131k<\/p>\n<p>Parmak \u00d6l\u00e7\u00fcs\u00fc: L<\/p>\n<p>Geni\u015flik: 4,5 mm<\/p>\n<p>Stokta (GB15)<\/p>","protected":false},"featured_media":315596,"comment_status":"closed","ping_status":"closed","template":"","meta":{"_eb_attr":"","_crsspst_to_jayantr4sg-hostcom":false},"product_brand":[],"product_cat":[238,236,1229,229],"product_tag":[],"class_list":{"0":"post-4034","1":"product","2":"type-product","3":"status-publish","4":"has-post-thumbnail","6":"product_cat-christian-bauer-brands","7":"product_cat-collections","8":"product_cat-22ct-gold-jewellery","9":"product_cat-wedding-bands","11":"first","12":"outofstock","13":"taxable","14":"shipping-taxable","15":"product-type-simple","16":"add-to-wishlist-before_image"},"yoast_head":"<!-- This site is optimized with the Yoast SEO plugin v27.3 - https:\/\/yoast.com\/product\/yoast-seo-wordpress\/ -->\n<title>Christian Bauer Full Eternity Ring - 246734 - \u00a33960.00.00 (SKU:246734-9216)<\/title>\n<meta name=\"robots\" content=\"index, follow, max-snippet:-1, max-image-preview:large, max-video-preview:-1\" \/>\n<link rel=\"canonical\" href=\"https:\/\/www.purejewels.com\/tr\/urun\/christian-bauer-tam-sonsuzluk-yuzugu-246734\/\" \/>\n<meta property=\"og:locale\" content=\"tr_TR\" \/>\n<meta property=\"og:type\" content=\"article\" \/>\n<meta property=\"og:title\" content=\"Christian Bauer Full Eternity Ring - 246734 - \u00a33960.00.00 (SKU:246734-9216)\" \/>\n<meta property=\"og:description\" content=\"Authorised Christian Bauer Stockist  Christian Bauer Full Eternity Ring - 246734  Ladies Wedding Band  Metal: Platinum 950  Stone Setting Style: Prong set diamonds  Diamond Weight: 1.08cts  Diamond Quality: G-H Colour and VS Clarity  Finger Size: L  Width: 4.5mm  In Stock (GB15)\" \/>\n<meta property=\"og:url\" content=\"https:\/\/www.purejewels.com\/tr\/urun\/christian-bauer-tam-sonsuzluk-yuzugu-246734\/\" \/>\n<meta property=\"og:site_name\" content=\"PureJewels UK\" \/>\n<meta property=\"article:modified_time\" content=\"2022-02-16T03:36:09+00:00\" \/>\n<meta property=\"og:image\" content=\"https:\/\/www.purejewels.com\/wp-content\/uploads\/2020\/07\/137217203.jpg\" \/>\n\t<meta property=\"og:image:width\" content=\"960\" \/>\n\t<meta property=\"og:image:height\" content=\"960\" \/>\n\t<meta property=\"og:image:type\" content=\"image\/jpeg\" \/>\n<meta name=\"twitter:card\" content=\"summary_large_image\" \/>\n<meta name=\"twitter:label1\" content=\"Tahmini okuma s\u00fcresi\" \/>\n\t<meta name=\"twitter:data1\" content=\"1 dakika\" \/>\n<script type=\"application\/ld+json\" class=\"yoast-schema-graph\">{\"@context\":\"https:\\\/\\\/schema.org\",\"@graph\":[{\"@type\":[\"WebPage\",\"ItemPage\"],\"@id\":\"https:\\\/\\\/www.purejewels.com\\\/tr\\\/urun\\\/christian-bauer-tam-sonsuzluk-yuzugu-246734\\\/\",\"url\":\"https:\\\/\\\/www.purejewels.com\\\/tr\\\/urun\\\/christian-bauer-tam-sonsuzluk-yuzugu-246734\\\/\",\"name\":\"Christian Bauer Full Eternity Ring - 246734 - \u00a33960.00.00 (SKU:246734-9216)\",\"isPartOf\":{\"@id\":\"https:\\\/\\\/www.purejewels.com\\\/#website\"},\"primaryImageOfPage\":{\"@id\":\"https:\\\/\\\/www.purejewels.com\\\/tr\\\/urun\\\/christian-bauer-tam-sonsuzluk-yuzugu-246734\\\/#primaryimage\"},\"image\":{\"@id\":\"https:\\\/\\\/www.purejewels.com\\\/tr\\\/urun\\\/christian-bauer-tam-sonsuzluk-yuzugu-246734\\\/#primaryimage\"},\"thumbnailUrl\":\"https:\\\/\\\/static.purejewels.com\\\/wp-content\\\/uploads\\\/2020\\\/07\\\/137217203.jpg\",\"datePublished\":\"2017-07-19T12:23:42+00:00\",\"dateModified\":\"2022-02-16T03:36:09+00:00\",\"breadcrumb\":{\"@id\":\"https:\\\/\\\/www.purejewels.com\\\/tr\\\/urun\\\/christian-bauer-tam-sonsuzluk-yuzugu-246734\\\/#breadcrumb\"},\"inLanguage\":\"tr\",\"potentialAction\":[{\"@type\":\"ReadAction\",\"target\":[\"https:\\\/\\\/www.purejewels.com\\\/tr\\\/urun\\\/christian-bauer-tam-sonsuzluk-yuzugu-246734\\\/\"]}]},{\"@type\":\"ImageObject\",\"inLanguage\":\"tr\",\"@id\":\"https:\\\/\\\/www.purejewels.com\\\/tr\\\/urun\\\/christian-bauer-tam-sonsuzluk-yuzugu-246734\\\/#primaryimage\",\"url\":\"https:\\\/\\\/static.purejewels.com\\\/wp-content\\\/uploads\\\/2020\\\/07\\\/137217203.jpg\",\"contentUrl\":\"https:\\\/\\\/static.purejewels.com\\\/wp-content\\\/uploads\\\/2020\\\/07\\\/137217203.jpg\",\"width\":960,\"height\":960},{\"@type\":\"BreadcrumbList\",\"@id\":\"https:\\\/\\\/www.purejewels.com\\\/tr\\\/urun\\\/christian-bauer-tam-sonsuzluk-yuzugu-246734\\\/#breadcrumb\",\"itemListElement\":[{\"@type\":\"ListItem\",\"position\":1,\"name\":\"Home\",\"item\":\"https:\\\/\\\/www.purejewels.com\\\/\"},{\"@type\":\"ListItem\",\"position\":2,\"name\":\"Shop\",\"item\":\"https:\\\/\\\/www.purejewels.com\\\/shop\\\/\"},{\"@type\":\"ListItem\",\"position\":3,\"name\":\"Christian Bauer Full Eternity Ring &#8211; 246734\"}]},{\"@type\":\"WebSite\",\"@id\":\"https:\\\/\\\/www.purejewels.com\\\/#website\",\"url\":\"https:\\\/\\\/www.purejewels.com\\\/\",\"name\":\"PureJewels UK\",\"description\":\"Share the Love\",\"publisher\":{\"@id\":\"https:\\\/\\\/www.purejewels.com\\\/#organization\"},\"potentialAction\":[{\"@type\":\"SearchAction\",\"target\":{\"@type\":\"EntryPoint\",\"urlTemplate\":\"https:\\\/\\\/www.purejewels.com\\\/?s={search_term_string}\"},\"query-input\":{\"@type\":\"PropertyValueSpecification\",\"valueRequired\":true,\"valueName\":\"search_term_string\"}}],\"inLanguage\":\"tr\"},{\"@type\":\"Organization\",\"@id\":\"https:\\\/\\\/www.purejewels.com\\\/#organization\",\"name\":\"PureJewels UK\",\"url\":\"https:\\\/\\\/www.purejewels.com\\\/\",\"logo\":{\"@type\":\"ImageObject\",\"inLanguage\":\"tr\",\"@id\":\"https:\\\/\\\/www.purejewels.com\\\/#\\\/schema\\\/logo\\\/image\\\/\",\"url\":\"https:\\\/\\\/static.purejewels.com\\\/wp-content\\\/uploads\\\/2020\\\/11\\\/Logo-PJ-New-1.png\",\"contentUrl\":\"https:\\\/\\\/static.purejewels.com\\\/wp-content\\\/uploads\\\/2020\\\/11\\\/Logo-PJ-New-1.png\",\"width\":150,\"height\":80,\"caption\":\"PureJewels UK\"},\"image\":{\"@id\":\"https:\\\/\\\/www.purejewels.com\\\/#\\\/schema\\\/logo\\\/image\\\/\"}}]}<\/script>\n<!-- \/ Yoast SEO plugin. -->","yoast_head_json":{"title":"Christian Bauer Tam Sonsuzluk Y\u00fcz\u00fck - 246734 - \u00a33960.00.00 (SKU:246734-9216)","robots":{"index":"index","follow":"follow","max-snippet":"max-snippet:-1","max-image-preview":"max-image-preview:large","max-video-preview":"max-video-preview:-1"},"canonical":"https:\/\/www.purejewels.com\/tr\/urun\/christian-bauer-tam-sonsuzluk-yuzugu-246734\/","og_locale":"tr_TR","og_type":"article","og_title":"Christian Bauer Full Eternity Ring - 246734 - \u00a33960.00.00 (SKU:246734-9216)","og_description":"Authorised Christian Bauer Stockist  Christian Bauer Full Eternity Ring - 246734  Ladies Wedding Band  Metal: Platinum 950  Stone Setting Style: Prong set diamonds  Diamond Weight: 1.08cts  Diamond Quality: G-H Colour and VS Clarity  Finger Size: L  Width: 4.5mm  In Stock (GB15)","og_url":"https:\/\/www.purejewels.com\/tr\/urun\/christian-bauer-tam-sonsuzluk-yuzugu-246734\/","og_site_name":"PureJewels UK","article_modified_time":"2022-02-16T03:36:09+00:00","og_image":[{"width":960,"height":960,"url":"https:\/\/www.purejewels.com\/wp-content\/uploads\/2020\/07\/137217203.jpg","type":"image\/jpeg"}],"twitter_card":"summary_large_image","twitter_misc":{"Tahmini okuma s\u00fcresi":"1 dakika"},"schema":{"@context":"https:\/\/schema.org","@graph":[{"@type":["WebPage","ItemPage"],"@id":"https:\/\/www.purejewels.com\/tr\/urun\/christian-bauer-tam-sonsuzluk-yuzugu-246734\/","url":"https:\/\/www.purejewels.com\/tr\/urun\/christian-bauer-tam-sonsuzluk-yuzugu-246734\/","name":"Christian Bauer Tam Sonsuzluk Y\u00fcz\u00fck - 246734 - \u00a33960.00.00 (SKU:246734-9216)","isPartOf":{"@id":"https:\/\/www.purejewels.com\/#website"},"primaryImageOfPage":{"@id":"https:\/\/www.purejewels.com\/tr\/urun\/christian-bauer-tam-sonsuzluk-yuzugu-246734\/#primaryimage"},"image":{"@id":"https:\/\/www.purejewels.com\/tr\/urun\/christian-bauer-tam-sonsuzluk-yuzugu-246734\/#primaryimage"},"thumbnailUrl":"https:\/\/static.purejewels.com\/wp-content\/uploads\/2020\/07\/137217203.jpg","datePublished":"2017-07-19T12:23:42+00:00","dateModified":"2022-02-16T03:36:09+00:00","breadcrumb":{"@id":"https:\/\/www.purejewels.com\/tr\/urun\/christian-bauer-tam-sonsuzluk-yuzugu-246734\/#breadcrumb"},"inLanguage":"tr","potentialAction":[{"@type":"ReadAction","target":["https:\/\/www.purejewels.com\/tr\/urun\/christian-bauer-tam-sonsuzluk-yuzugu-246734\/"]}]},{"@type":"ImageObject","inLanguage":"tr","@id":"https:\/\/www.purejewels.com\/tr\/urun\/christian-bauer-tam-sonsuzluk-yuzugu-246734\/#primaryimage","url":"https:\/\/static.purejewels.com\/wp-content\/uploads\/2020\/07\/137217203.jpg","contentUrl":"https:\/\/static.purejewels.com\/wp-content\/uploads\/2020\/07\/137217203.jpg","width":960,"height":960},{"@type":"BreadcrumbList","@id":"https:\/\/www.purejewels.com\/tr\/urun\/christian-bauer-tam-sonsuzluk-yuzugu-246734\/#breadcrumb","itemListElement":[{"@type":"ListItem","position":1,"name":"Home","item":"https:\/\/www.purejewels.com\/"},{"@type":"ListItem","position":2,"name":"Shop","item":"https:\/\/www.purejewels.com\/shop\/"},{"@type":"ListItem","position":3,"name":"Christian Bauer Full Eternity Ring &#8211; 246734"}]},{"@type":"WebSite","@id":"https:\/\/www.purejewels.com\/#website","url":"https:\/\/www.purejewels.com\/","name":"PureJewels \u0130ngiltere","description":"Sevgiyi Payla\u015f\u0131n","publisher":{"@id":"https:\/\/www.purejewels.com\/#organization"},"potentialAction":[{"@type":"SearchAction","target":{"@type":"EntryPoint","urlTemplate":"https:\/\/www.purejewels.com\/?s={search_term_string}"},"query-input":{"@type":"PropertyValueSpecification","valueRequired":true,"valueName":"search_term_string"}}],"inLanguage":"tr"},{"@type":"Organization","@id":"https:\/\/www.purejewels.com\/#organization","name":"PureJewels \u0130ngiltere","url":"https:\/\/www.purejewels.com\/","logo":{"@type":"ImageObject","inLanguage":"tr","@id":"https:\/\/www.purejewels.com\/#\/schema\/logo\/image\/","url":"https:\/\/static.purejewels.com\/wp-content\/uploads\/2020\/11\/Logo-PJ-New-1.png","contentUrl":"https:\/\/static.purejewels.com\/wp-content\/uploads\/2020\/11\/Logo-PJ-New-1.png","width":150,"height":80,"caption":"PureJewels UK"},"image":{"@id":"https:\/\/www.purejewels.com\/#\/schema\/logo\/image\/"}}]}},"_links":{"self":[{"href":"https:\/\/www.purejewels.com\/tr\/wp-json\/wp\/v2\/product\/4034","targetHints":{"allow":["GET"]}}],"collection":[{"href":"https:\/\/www.purejewels.com\/tr\/wp-json\/wp\/v2\/product"}],"about":[{"href":"https:\/\/www.purejewels.com\/tr\/wp-json\/wp\/v2\/types\/product"}],"replies":[{"embeddable":true,"href":"https:\/\/www.purejewels.com\/tr\/wp-json\/wp\/v2\/comments?post=4034"}],"version-history":[{"count":0,"href":"https:\/\/www.purejewels.com\/tr\/wp-json\/wp\/v2\/product\/4034\/revisions"}],"wp:featuredmedia":[{"embeddable":true,"href":"https:\/\/www.purejewels.com\/tr\/wp-json\/wp\/v2\/media\/315596"}],"wp:attachment":[{"href":"https:\/\/www.purejewels.com\/tr\/wp-json\/wp\/v2\/media?parent=4034"}],"wp:term":[{"taxonomy":"product_brand","embeddable":true,"href":"https:\/\/www.purejewels.com\/tr\/wp-json\/wp\/v2\/product_brand?post=4034"},{"taxonomy":"product_cat","embeddable":true,"href":"https:\/\/www.purejewels.com\/tr\/wp-json\/wp\/v2\/product_cat?post=4034"},{"taxonomy":"product_tag","embeddable":true,"href":"https:\/\/www.purejewels.com\/tr\/wp-json\/wp\/v2\/product_tag?post=4034"}],"curies":[{"name":"wp","href":"https:\/\/api.w.org\/{rel}","templated":true}]}}