{"id":403471,"date":"2025-05-04T07:40:55","date_gmt":"2025-05-04T06:40:55","guid":{"rendered":"https:\/\/www.purejewels.com\/?post_type=product&#038;p=403471"},"modified":"2026-03-19T11:59:29","modified_gmt":"2026-03-19T11:59:29","slug":"kadinlar-icin-22-ayar-sari-altin-yuzuk-l-beden-51632","status":"publish","type":"product","link":"https:\/\/www.purejewels.com\/tr\/product\/22ct-yellow-gold-ring-for-women-size-l-51632\/","title":{"rendered":"22 Ayar Sar\u0131 Alt\u0131n Ye\u015fil CZ Yaprak Y\u00fcz\u00fck"},"content":{"rendered":"<p><strong>Tasar\u0131m<\/strong><\/p>\n<p>Do\u011fal yapraklar\u0131n zarafetinden ilham alan bu y\u00fcz\u00fck, a\u00e7\u0131k bir siluete sahip zarif bir ikiz yaprak motifine sahiptir. Yapraklardan biri ye\u015fil CZ ta\u015flarla s\u00fcslenerek canl\u0131 bir kontrast olu\u015ftururken di\u011feri denge i\u00e7in parlat\u0131lm\u0131\u015ft\u0131r. Formun yumu\u015fak k\u0131vr\u0131m\u0131 hem organik hem de modern bir his veren hafif ve ak\u0131c\u0131 bir kompozisyon yarat\u0131yor. Do\u011fan\u0131n alt\u0131nla yakalanm\u0131\u015f ince bir ifadesi.<\/p>\n<p><strong>Zanaatkarl\u0131k<\/strong><\/p>\n<p>Zengin 22 ayar sar\u0131 alt\u0131ndan \u00fcretilen y\u00fcz\u00fck, heykelsi hatlar\u0131n\u0131 g\u00fc\u00e7lendiren p\u00fcr\u00fczs\u00fcz bir y\u00fcksek cila ile tamamlanm\u0131\u015ft\u0131r. Her bir ye\u015fil CZ ta\u015f\u0131, hassasiyet ve tutarl\u0131l\u0131\u011f\u0131 sa\u011flamak i\u00e7in \u00f6zenle elle yerle\u015ftirilmi\u015ftir. A\u00e7\u0131k tasar\u0131m, yap\u0131sal b\u00fct\u00fcnl\u00fc\u011f\u00fc korurken rahatl\u0131k i\u00e7in \u00f6zenle in\u015fa edilmi\u015ftir. Par\u00e7a \u0130ngiltere'de damgalanarak safl\u0131\u011f\u0131 ve \u00f6zg\u00fcnl\u00fc\u011f\u00fc garanti alt\u0131na al\u0131nm\u0131\u015ft\u0131r.<\/p>\n<p><strong>\u015eekillendirme &amp; Hediyele\u015fme<\/strong><\/p>\n<p>G\u00fcnl\u00fck kullan\u0131m i\u00e7in ideal olan bu y\u00fcz\u00fck, hem minimal alt\u0131n par\u00e7alarla hem de de\u011ferli ta\u015f vurgular\u0131yla g\u00fczel bir uyum sa\u011flar. Taze ye\u015fil tonlar\u0131 onu ilkbahar yaz stilleri i\u00e7in veya anlaml\u0131 bir hediye olarak m\u00fckemmel bir se\u00e7im haline getirir. Do\u011fum g\u00fcnleri, y\u0131l d\u00f6n\u00fcmleri veya bayramlar i\u00e7in uygun olan bu y\u00fcz\u00fck, yenilenme hissi ve abart\u0131s\u0131z bir zarafet ta\u015f\u0131r. Her m\u00fccevher koleksiyonuna \u00e7ok y\u00f6nl\u00fc bir katk\u0131.<\/p>","protected":false},"excerpt":{"rendered":"<p>Do\u011fan\u0131n zarafetinden ilham alan 22 Ayar Sar\u0131 Alt\u0131n Yaprak Y\u00fcz\u00fck. Zamans\u0131z alt\u0131ndan g\u00fczelli\u011fin ve yenilenmenin narin bir sembol\u00fc.<\/p>\n<p data-start=\"653\" data-end=\"831\"><strong>Malzeme:<\/strong> 22 Ayar Alt\u0131n (91,6% Saf Alt\u0131n)<strong><br \/>\nHallmark:\u00a0<\/strong>\u0130ngiliz Damgas\u0131<strong><br \/>\n<\/strong><strong>Br\u00fct A\u011f\u0131rl\u0131k: <\/strong>2.44 Gms<br \/>\n<strong>Net A\u011f\u0131rl\u0131k: <\/strong>2.42 Gms<br \/>\n<strong>Boyut:<\/strong> N 1\/2<br \/>\n<strong>SKU<\/strong>: 53196<\/p>\n<p><strong>Fiyat ve Teslimat<\/strong>: KDV ve teslimat \u00fccretleri dahil<\/p>\n<p><a href=\"https:\/\/www.purejewels.com\/tr\/i%cc%87ade-poli%cc%87ti%cc%87kasi\/\">\u0130ade Politikas\u0131<\/a><\/p>","protected":false},"featured_media":427371,"comment_status":"closed","ping_status":"closed","template":"","meta":{"_eb_attr":"","_crsspst_to_jayantr4sg-hostcom":true},"product_brand":[],"product_cat":[1559,1785,1235,5343,1783,5338,1569,1574,5349],"product_tag":[64],"class_list":{"0":"post-403471","1":"product","2":"type-product","3":"status-publish","4":"has-post-thumbnail","6":"product_cat-birthday-gifts","7":"product_cat-daily-wear-rings","8":"product_cat-gold-rings","9":"product_cat-jewellery-under-550","10":"product_cat-ladies-rings","11":"product_cat-shop-by-price","12":"product_cat-valentine-day-gifts","13":"product_cat-womens-jewellery","14":"product_cat-yellow-gold-jewellery","15":"product_tag-rings","17":"first","18":"instock","19":"taxable","20":"shipping-taxable","21":"purchasable","22":"product-type-simple","23":"add-to-wishlist-before_image"},"yoast_head":"<!-- This site is optimized with the Yoast SEO plugin v27.3 - https:\/\/yoast.com\/product\/yoast-seo-wordpress\/ -->\n<title>Shop 22ct Gold Green CZ Leaf Ring | Nature Inspired Gold Ring<\/title>\n<meta name=\"description\" content=\"Shop the 22ct Yellow Gold Green CZ Leaf Ring. Featuring a delicate leaf design with green CZ stones this handcrafted piece reflects nature in radiant gold.\" \/>\n<meta name=\"robots\" content=\"index, follow, max-snippet:-1, max-image-preview:large, max-video-preview:-1\" \/>\n<link rel=\"canonical\" href=\"https:\/\/www.purejewels.com\/tr\/urun\/kadinlar-icin-22-ayar-sari-altin-yuzuk-l-beden-51632\/\" \/>\n<meta property=\"og:locale\" content=\"tr_TR\" \/>\n<meta property=\"og:type\" content=\"article\" \/>\n<meta property=\"og:title\" content=\"Shop 22ct Gold Green CZ Leaf Ring | Nature Inspired Gold Ring\" \/>\n<meta property=\"og:description\" content=\"Shop the 22ct Yellow Gold Green CZ Leaf Ring. Featuring a delicate leaf design with green CZ stones this handcrafted piece reflects nature in radiant gold.\" \/>\n<meta property=\"og:url\" content=\"https:\/\/www.purejewels.com\/tr\/urun\/kadinlar-icin-22-ayar-sari-altin-yuzuk-l-beden-51632\/\" \/>\n<meta property=\"og:site_name\" content=\"PureJewels UK\" \/>\n<meta property=\"article:modified_time\" content=\"2026-03-19T11:59:29+00:00\" \/>\n<meta property=\"og:image\" content=\"https:\/\/static.purejewels.com\/wp-content\/uploads\/2025\/05\/53196.jpg\" \/>\n\t<meta property=\"og:image:width\" content=\"1536\" \/>\n\t<meta property=\"og:image:height\" content=\"1024\" \/>\n\t<meta property=\"og:image:type\" content=\"image\/jpeg\" \/>\n<meta name=\"twitter:card\" content=\"summary_large_image\" \/>\n<meta name=\"twitter:label1\" content=\"Tahmini okuma s\u00fcresi\" \/>\n\t<meta name=\"twitter:data1\" content=\"1 dakika\" \/>\n<script type=\"application\/ld+json\" class=\"yoast-schema-graph\">{\"@context\":\"https:\\\/\\\/schema.org\",\"@graph\":[{\"@type\":[\"WebPage\",\"ItemPage\"],\"@id\":\"https:\\\/\\\/www.purejewels.com\\\/product\\\/22ct-yellow-gold-ring-for-women-size-l-51632\\\/\",\"url\":\"https:\\\/\\\/www.purejewels.com\\\/product\\\/22ct-yellow-gold-ring-for-women-size-l-51632\\\/\",\"name\":\"Shop 22ct Gold Green CZ Leaf Ring | Nature Inspired Gold Ring\",\"isPartOf\":{\"@id\":\"https:\\\/\\\/www.purejewels.com\\\/#website\"},\"primaryImageOfPage\":{\"@id\":\"https:\\\/\\\/www.purejewels.com\\\/product\\\/22ct-yellow-gold-ring-for-women-size-l-51632\\\/#primaryimage\"},\"image\":{\"@id\":\"https:\\\/\\\/www.purejewels.com\\\/product\\\/22ct-yellow-gold-ring-for-women-size-l-51632\\\/#primaryimage\"},\"thumbnailUrl\":\"https:\\\/\\\/static.purejewels.com\\\/wp-content\\\/uploads\\\/2025\\\/05\\\/53196.jpg\",\"datePublished\":\"2025-05-04T06:40:55+00:00\",\"dateModified\":\"2026-03-19T11:59:29+00:00\",\"description\":\"Shop the 22ct Yellow Gold Green CZ Leaf Ring. Featuring a delicate leaf design with green CZ stones this handcrafted piece reflects nature in radiant gold.\",\"breadcrumb\":{\"@id\":\"https:\\\/\\\/www.purejewels.com\\\/product\\\/22ct-yellow-gold-ring-for-women-size-l-51632\\\/#breadcrumb\"},\"inLanguage\":\"tr\",\"potentialAction\":[{\"@type\":\"ReadAction\",\"target\":[\"https:\\\/\\\/www.purejewels.com\\\/product\\\/22ct-yellow-gold-ring-for-women-size-l-51632\\\/\"]}]},{\"@type\":\"ImageObject\",\"inLanguage\":\"tr\",\"@id\":\"https:\\\/\\\/www.purejewels.com\\\/product\\\/22ct-yellow-gold-ring-for-women-size-l-51632\\\/#primaryimage\",\"url\":\"https:\\\/\\\/static.purejewels.com\\\/wp-content\\\/uploads\\\/2025\\\/05\\\/53196.jpg\",\"contentUrl\":\"https:\\\/\\\/static.purejewels.com\\\/wp-content\\\/uploads\\\/2025\\\/05\\\/53196.jpg\",\"width\":1536,\"height\":1024,\"caption\":\"22ct Yellow Gold Green CZ Leaf Ring\"},{\"@type\":\"BreadcrumbList\",\"@id\":\"https:\\\/\\\/www.purejewels.com\\\/product\\\/22ct-yellow-gold-ring-for-women-size-l-51632\\\/#breadcrumb\",\"itemListElement\":[{\"@type\":\"ListItem\",\"position\":1,\"name\":\"Home\",\"item\":\"https:\\\/\\\/www.purejewels.com\\\/\"},{\"@type\":\"ListItem\",\"position\":2,\"name\":\"Shop\",\"item\":\"https:\\\/\\\/www.purejewels.com\\\/shop\\\/\"},{\"@type\":\"ListItem\",\"position\":3,\"name\":\"22ct Yellow Gold Green CZ Leaf Ring\"}]},{\"@type\":\"WebSite\",\"@id\":\"https:\\\/\\\/www.purejewels.com\\\/#website\",\"url\":\"https:\\\/\\\/www.purejewels.com\\\/\",\"name\":\"PureJewels UK\",\"description\":\"Share the Love\",\"publisher\":{\"@id\":\"https:\\\/\\\/www.purejewels.com\\\/#organization\"},\"potentialAction\":[{\"@type\":\"SearchAction\",\"target\":{\"@type\":\"EntryPoint\",\"urlTemplate\":\"https:\\\/\\\/www.purejewels.com\\\/?s={search_term_string}\"},\"query-input\":{\"@type\":\"PropertyValueSpecification\",\"valueRequired\":true,\"valueName\":\"search_term_string\"}}],\"inLanguage\":\"tr\"},{\"@type\":\"Organization\",\"@id\":\"https:\\\/\\\/www.purejewels.com\\\/#organization\",\"name\":\"PureJewels UK\",\"url\":\"https:\\\/\\\/www.purejewels.com\\\/\",\"logo\":{\"@type\":\"ImageObject\",\"inLanguage\":\"tr\",\"@id\":\"https:\\\/\\\/www.purejewels.com\\\/#\\\/schema\\\/logo\\\/image\\\/\",\"url\":\"https:\\\/\\\/static.purejewels.com\\\/wp-content\\\/uploads\\\/2020\\\/11\\\/Logo-PJ-New-1.png\",\"contentUrl\":\"https:\\\/\\\/static.purejewels.com\\\/wp-content\\\/uploads\\\/2020\\\/11\\\/Logo-PJ-New-1.png\",\"width\":150,\"height\":80,\"caption\":\"PureJewels UK\"},\"image\":{\"@id\":\"https:\\\/\\\/www.purejewels.com\\\/#\\\/schema\\\/logo\\\/image\\\/\"}}]}<\/script>\n<!-- \/ Yoast SEO plugin. -->","yoast_head_json":{"title":"Ma\u011faza 22 Ayar Alt\u0131n Ye\u015fil CZ Yaprak Y\u00fcz\u00fck | Do\u011fadan Esinlenen Alt\u0131n Y\u00fcz\u00fck","description":"22 Ayar Sar\u0131 Alt\u0131n Ye\u015fil CZ Yaprak Y\u00fcz\u00fc\u011f\u00fc sat\u0131n al\u0131n. Ye\u015fil CZ ta\u015flarla narin bir yaprak tasar\u0131m\u0131na sahip bu el yap\u0131m\u0131 par\u00e7a, do\u011fay\u0131 \u0131\u015f\u0131lt\u0131l\u0131 alt\u0131nla yans\u0131t\u0131yor.","robots":{"index":"index","follow":"follow","max-snippet":"max-snippet:-1","max-image-preview":"max-image-preview:large","max-video-preview":"max-video-preview:-1"},"canonical":"https:\/\/www.purejewels.com\/tr\/urun\/kadinlar-icin-22-ayar-sari-altin-yuzuk-l-beden-51632\/","og_locale":"tr_TR","og_type":"article","og_title":"Shop 22ct Gold Green CZ Leaf Ring | Nature Inspired Gold Ring","og_description":"Shop the 22ct Yellow Gold Green CZ Leaf Ring. Featuring a delicate leaf design with green CZ stones this handcrafted piece reflects nature in radiant gold.","og_url":"https:\/\/www.purejewels.com\/tr\/urun\/kadinlar-icin-22-ayar-sari-altin-yuzuk-l-beden-51632\/","og_site_name":"PureJewels UK","article_modified_time":"2026-03-19T11:59:29+00:00","og_image":[{"width":1536,"height":1024,"url":"https:\/\/static.purejewels.com\/wp-content\/uploads\/2025\/05\/53196.jpg","type":"image\/jpeg"}],"twitter_card":"summary_large_image","twitter_misc":{"Tahmini okuma s\u00fcresi":"1 dakika"},"schema":{"@context":"https:\/\/schema.org","@graph":[{"@type":["WebPage","ItemPage"],"@id":"https:\/\/www.purejewels.com\/product\/22ct-yellow-gold-ring-for-women-size-l-51632\/","url":"https:\/\/www.purejewels.com\/product\/22ct-yellow-gold-ring-for-women-size-l-51632\/","name":"Ma\u011faza 22 Ayar Alt\u0131n Ye\u015fil CZ Yaprak Y\u00fcz\u00fck | Do\u011fadan Esinlenen Alt\u0131n Y\u00fcz\u00fck","isPartOf":{"@id":"https:\/\/www.purejewels.com\/#website"},"primaryImageOfPage":{"@id":"https:\/\/www.purejewels.com\/product\/22ct-yellow-gold-ring-for-women-size-l-51632\/#primaryimage"},"image":{"@id":"https:\/\/www.purejewels.com\/product\/22ct-yellow-gold-ring-for-women-size-l-51632\/#primaryimage"},"thumbnailUrl":"https:\/\/static.purejewels.com\/wp-content\/uploads\/2025\/05\/53196.jpg","datePublished":"2025-05-04T06:40:55+00:00","dateModified":"2026-03-19T11:59:29+00:00","description":"22 Ayar Sar\u0131 Alt\u0131n Ye\u015fil CZ Yaprak Y\u00fcz\u00fc\u011f\u00fc sat\u0131n al\u0131n. Ye\u015fil CZ ta\u015flarla narin bir yaprak tasar\u0131m\u0131na sahip bu el yap\u0131m\u0131 par\u00e7a, do\u011fay\u0131 \u0131\u015f\u0131lt\u0131l\u0131 alt\u0131nla yans\u0131t\u0131yor.","breadcrumb":{"@id":"https:\/\/www.purejewels.com\/product\/22ct-yellow-gold-ring-for-women-size-l-51632\/#breadcrumb"},"inLanguage":"tr","potentialAction":[{"@type":"ReadAction","target":["https:\/\/www.purejewels.com\/product\/22ct-yellow-gold-ring-for-women-size-l-51632\/"]}]},{"@type":"ImageObject","inLanguage":"tr","@id":"https:\/\/www.purejewels.com\/product\/22ct-yellow-gold-ring-for-women-size-l-51632\/#primaryimage","url":"https:\/\/static.purejewels.com\/wp-content\/uploads\/2025\/05\/53196.jpg","contentUrl":"https:\/\/static.purejewels.com\/wp-content\/uploads\/2025\/05\/53196.jpg","width":1536,"height":1024,"caption":"22ct Yellow Gold Green CZ Leaf Ring"},{"@type":"BreadcrumbList","@id":"https:\/\/www.purejewels.com\/product\/22ct-yellow-gold-ring-for-women-size-l-51632\/#breadcrumb","itemListElement":[{"@type":"ListItem","position":1,"name":"Home","item":"https:\/\/www.purejewels.com\/"},{"@type":"ListItem","position":2,"name":"Shop","item":"https:\/\/www.purejewels.com\/shop\/"},{"@type":"ListItem","position":3,"name":"22ct Yellow Gold Green CZ Leaf Ring"}]},{"@type":"WebSite","@id":"https:\/\/www.purejewels.com\/#website","url":"https:\/\/www.purejewels.com\/","name":"PureJewels \u0130ngiltere","description":"Sevgiyi Payla\u015f\u0131n","publisher":{"@id":"https:\/\/www.purejewels.com\/#organization"},"potentialAction":[{"@type":"SearchAction","target":{"@type":"EntryPoint","urlTemplate":"https:\/\/www.purejewels.com\/?s={search_term_string}"},"query-input":{"@type":"PropertyValueSpecification","valueRequired":true,"valueName":"search_term_string"}}],"inLanguage":"tr"},{"@type":"Organization","@id":"https:\/\/www.purejewels.com\/#organization","name":"PureJewels \u0130ngiltere","url":"https:\/\/www.purejewels.com\/","logo":{"@type":"ImageObject","inLanguage":"tr","@id":"https:\/\/www.purejewels.com\/#\/schema\/logo\/image\/","url":"https:\/\/static.purejewels.com\/wp-content\/uploads\/2020\/11\/Logo-PJ-New-1.png","contentUrl":"https:\/\/static.purejewels.com\/wp-content\/uploads\/2020\/11\/Logo-PJ-New-1.png","width":150,"height":80,"caption":"PureJewels UK"},"image":{"@id":"https:\/\/www.purejewels.com\/#\/schema\/logo\/image\/"}}]}},"_links":{"self":[{"href":"https:\/\/www.purejewels.com\/tr\/wp-json\/wp\/v2\/product\/403471","targetHints":{"allow":["GET"]}}],"collection":[{"href":"https:\/\/www.purejewels.com\/tr\/wp-json\/wp\/v2\/product"}],"about":[{"href":"https:\/\/www.purejewels.com\/tr\/wp-json\/wp\/v2\/types\/product"}],"replies":[{"embeddable":true,"href":"https:\/\/www.purejewels.com\/tr\/wp-json\/wp\/v2\/comments?post=403471"}],"version-history":[{"count":4,"href":"https:\/\/www.purejewels.com\/tr\/wp-json\/wp\/v2\/product\/403471\/revisions"}],"predecessor-version":[{"id":427373,"href":"https:\/\/www.purejewels.com\/tr\/wp-json\/wp\/v2\/product\/403471\/revisions\/427373"}],"wp:featuredmedia":[{"embeddable":true,"href":"https:\/\/www.purejewels.com\/tr\/wp-json\/wp\/v2\/media\/427371"}],"wp:attachment":[{"href":"https:\/\/www.purejewels.com\/tr\/wp-json\/wp\/v2\/media?parent=403471"}],"wp:term":[{"taxonomy":"product_brand","embeddable":true,"href":"https:\/\/www.purejewels.com\/tr\/wp-json\/wp\/v2\/product_brand?post=403471"},{"taxonomy":"product_cat","embeddable":true,"href":"https:\/\/www.purejewels.com\/tr\/wp-json\/wp\/v2\/product_cat?post=403471"},{"taxonomy":"product_tag","embeddable":true,"href":"https:\/\/www.purejewels.com\/tr\/wp-json\/wp\/v2\/product_tag?post=403471"}],"curies":[{"name":"wp","href":"https:\/\/api.w.org\/{rel}","templated":true}]}}