{"id":403479,"date":"2025-05-04T08:39:47","date_gmt":"2025-05-04T07:39:47","guid":{"rendered":"https:\/\/www.purejewels.com\/?post_type=product&#038;p=403479"},"modified":"2026-01-07T06:39:01","modified_gmt":"2026-01-07T06:39:01","slug":"kadinlar-icin-22-ayar-sari-altin-yuzuk-m-beden-50976","status":"publish","type":"product","link":"https:\/\/www.purejewels.com\/tr\/product\/22ct-yellow-gold-ring-for-women-size-m-50976\/","title":{"rendered":"Kad\u0131nlar \u0130\u00e7in 22 Ayar Sar\u0131 Alt\u0131n Y\u00fcz\u00fck"},"content":{"rendered":"<p>Narin bir yaprak tasar\u0131m\u0131yla g\u00fczelce \u015fekillendirilmi\u015f 22 Ayar Sar\u0131 Alt\u0131n Kad\u0131n Y\u00fcz\u00fc\u011f\u00fcm\u00fczle organik zarafeti kucaklay\u0131n. Saf 22 ayar alt\u0131ndan \u00fcretilen ve orijinallik damgas\u0131 ta\u015f\u0131yan bu do\u011fadan ilham alan par\u00e7a, kad\u0131ns\u0131l\u0131\u011f\u0131 ince i\u015f\u00e7ilikle harmanl\u0131yor. Hafif ve zarif olan bu par\u00e7a, g\u00fcnl\u00fck kullan\u0131m veya \u00f6zel g\u00fcnler i\u00e7in m\u00fckemmeldir.<\/p>","protected":false},"excerpt":{"rendered":"<p>Do\u011fan\u0131n zarafetinden ilham alan kad\u0131nlar i\u00e7in 22 ayar sar\u0131 alt\u0131n yaprak y\u00fcz\u00fck. Zamans\u0131z alt\u0131ndan g\u00fczelli\u011fin ve yenilenmenin narin sembol\u00fc.<\/p>\n<p data-start=\"653\" data-end=\"831\"><strong>Malzeme:<\/strong>\u00a022 Ayar Alt\u0131n<strong><br \/>\nHallmark:\u00a0<\/strong>\u0130ngiliz Damgas\u0131<strong><br \/>\n<\/strong><strong>Br\u00fct A\u011f\u0131rl\u0131k: <\/strong>1 Gms<br \/>\n<strong>Boyut:<\/strong> M<br \/>\n<strong>SKU<\/strong>: 50976<\/p>\n<p><strong>Fiyat ve Teslimat<\/strong>: KDV ve teslimat \u00fccretleri dahil<br \/>\n<a href=\"https:\/\/www.purejewels.com\/tr\/i%cc%87ade-poli%cc%87ti%cc%87kasi\/\">\u0130ade Politikas\u0131<\/a><\/p>","protected":false},"featured_media":408457,"comment_status":"closed","ping_status":"closed","template":"","meta":{"_eb_attr":"","_crsspst_to_jayantr4sg-hostcom":true},"product_brand":[],"product_cat":[1791,1559,6152,1785,1235,5342,1783,5338,1569,1573,1574,5349],"product_tag":[64],"class_list":{"0":"post-403479","1":"product","2":"type-product","3":"status-publish","4":"has-post-thumbnail","6":"product_cat-anniversary-gifts","7":"product_cat-birthday-gifts","8":"product_cat-cubic-zirconia-rings","9":"product_cat-daily-wear-rings","10":"product_cat-gold-rings","11":"product_cat-jewellery-under-250","12":"product_cat-ladies-rings","13":"product_cat-shop-by-price","14":"product_cat-valentine-day-gifts","15":"product_cat-wedding-gifts","16":"product_cat-womens-jewellery","17":"product_cat-yellow-gold-jewellery","18":"product_tag-rings","20":"first","21":"outofstock","22":"taxable","23":"shipping-taxable","24":"product-type-simple","25":"add-to-wishlist-before_image"},"yoast_head":"<!-- This site is optimized with the Yoast SEO plugin v27.5 - https:\/\/yoast.com\/product\/yoast-seo-wordpress\/ -->\n<title>22ct Yellow Gold Teardrop Ring for Women | A Ring for Christmas<\/title>\n<meta name=\"description\" content=\"Elegant 22ct yellow gold teardrop ring, hallmarked in the UK \u2014 a ring for Christmas and a refined choice for Christmas gifting. Subtle sparkle for daily wear and special moments.\" \/>\n<meta name=\"robots\" content=\"index, follow, max-snippet:-1, max-image-preview:large, max-video-preview:-1\" \/>\n<link rel=\"canonical\" href=\"https:\/\/www.purejewels.com\/tr\/urun\/kadinlar-icin-22-ayar-sari-altin-yuzuk-m-beden-50976\/\" \/>\n<meta property=\"og:locale\" content=\"tr_TR\" \/>\n<meta property=\"og:type\" content=\"article\" \/>\n<meta property=\"og:title\" content=\"22ct Yellow Gold Teardrop Ring for Women | A Ring for Christmas\" \/>\n<meta property=\"og:description\" content=\"Elegant 22ct yellow gold teardrop ring, hallmarked in the UK \u2014 a ring for Christmas and a refined choice for Christmas gifting. Subtle sparkle for daily wear and special moments.\" \/>\n<meta property=\"og:url\" content=\"https:\/\/www.purejewels.com\/tr\/urun\/kadinlar-icin-22-ayar-sari-altin-yuzuk-m-beden-50976\/\" \/>\n<meta property=\"og:site_name\" content=\"PureJewels UK\" \/>\n<meta property=\"article:modified_time\" content=\"2026-01-07T06:39:01+00:00\" \/>\n<meta property=\"og:image\" content=\"https:\/\/www.purejewels.com\/wp-content\/uploads\/2025\/03\/SKU-51634.jpg\" \/>\n\t<meta property=\"og:image:width\" content=\"1000\" \/>\n\t<meta property=\"og:image:height\" content=\"1000\" \/>\n\t<meta property=\"og:image:type\" content=\"image\/jpeg\" \/>\n<meta name=\"twitter:card\" content=\"summary_large_image\" \/>\n<meta name=\"twitter:label1\" content=\"Tahmini okuma s\u00fcresi\" \/>\n\t<meta name=\"twitter:data1\" content=\"1 dakika\" \/>\n<script type=\"application\/ld+json\" class=\"yoast-schema-graph\">{\"@context\":\"https:\\\/\\\/schema.org\",\"@graph\":[{\"@type\":[\"WebPage\",\"ItemPage\"],\"@id\":\"https:\\\/\\\/www.purejewels.com\\\/product\\\/22ct-yellow-gold-ring-for-women-size-m-50976\\\/\",\"url\":\"https:\\\/\\\/www.purejewels.com\\\/product\\\/22ct-yellow-gold-ring-for-women-size-m-50976\\\/\",\"name\":\"22ct Yellow Gold Teardrop Ring for Women | A Ring for Christmas\",\"isPartOf\":{\"@id\":\"https:\\\/\\\/www.purejewels.com\\\/#website\"},\"primaryImageOfPage\":{\"@id\":\"https:\\\/\\\/www.purejewels.com\\\/product\\\/22ct-yellow-gold-ring-for-women-size-m-50976\\\/#primaryimage\"},\"image\":{\"@id\":\"https:\\\/\\\/www.purejewels.com\\\/product\\\/22ct-yellow-gold-ring-for-women-size-m-50976\\\/#primaryimage\"},\"thumbnailUrl\":\"https:\\\/\\\/static.purejewels.com\\\/wp-content\\\/uploads\\\/2025\\\/03\\\/SKU-51634.jpg\",\"datePublished\":\"2025-05-04T07:39:47+00:00\",\"dateModified\":\"2026-01-07T06:39:01+00:00\",\"description\":\"Elegant 22ct yellow gold teardrop ring, hallmarked in the UK \u2014 a ring for Christmas and a refined choice for Christmas gifting. Subtle sparkle for daily wear and special moments.\",\"breadcrumb\":{\"@id\":\"https:\\\/\\\/www.purejewels.com\\\/product\\\/22ct-yellow-gold-ring-for-women-size-m-50976\\\/#breadcrumb\"},\"inLanguage\":\"tr\",\"potentialAction\":[{\"@type\":\"ReadAction\",\"target\":[\"https:\\\/\\\/www.purejewels.com\\\/product\\\/22ct-yellow-gold-ring-for-women-size-m-50976\\\/\"]}]},{\"@type\":\"ImageObject\",\"inLanguage\":\"tr\",\"@id\":\"https:\\\/\\\/www.purejewels.com\\\/product\\\/22ct-yellow-gold-ring-for-women-size-m-50976\\\/#primaryimage\",\"url\":\"https:\\\/\\\/static.purejewels.com\\\/wp-content\\\/uploads\\\/2025\\\/03\\\/SKU-51634.jpg\",\"contentUrl\":\"https:\\\/\\\/static.purejewels.com\\\/wp-content\\\/uploads\\\/2025\\\/03\\\/SKU-51634.jpg\",\"width\":1000,\"height\":1000,\"caption\":\"Stacked from 11 images. Method=B (R=8,S=4)\"},{\"@type\":\"BreadcrumbList\",\"@id\":\"https:\\\/\\\/www.purejewels.com\\\/product\\\/22ct-yellow-gold-ring-for-women-size-m-50976\\\/#breadcrumb\",\"itemListElement\":[{\"@type\":\"ListItem\",\"position\":1,\"name\":\"Home\",\"item\":\"https:\\\/\\\/www.purejewels.com\\\/\"},{\"@type\":\"ListItem\",\"position\":2,\"name\":\"Shop\",\"item\":\"https:\\\/\\\/www.purejewels.com\\\/shop\\\/\"},{\"@type\":\"ListItem\",\"position\":3,\"name\":\"22ct Yellow Gold Ring For Women\"}]},{\"@type\":\"WebSite\",\"@id\":\"https:\\\/\\\/www.purejewels.com\\\/#website\",\"url\":\"https:\\\/\\\/www.purejewels.com\\\/\",\"name\":\"PureJewels UK\",\"description\":\"Share the Love\",\"publisher\":{\"@id\":\"https:\\\/\\\/www.purejewels.com\\\/#organization\"},\"potentialAction\":[{\"@type\":\"SearchAction\",\"target\":{\"@type\":\"EntryPoint\",\"urlTemplate\":\"https:\\\/\\\/www.purejewels.com\\\/?s={search_term_string}\"},\"query-input\":{\"@type\":\"PropertyValueSpecification\",\"valueRequired\":true,\"valueName\":\"search_term_string\"}}],\"inLanguage\":\"tr\"},{\"@type\":\"Organization\",\"@id\":\"https:\\\/\\\/www.purejewels.com\\\/#organization\",\"name\":\"PureJewels UK\",\"url\":\"https:\\\/\\\/www.purejewels.com\\\/\",\"logo\":{\"@type\":\"ImageObject\",\"inLanguage\":\"tr\",\"@id\":\"https:\\\/\\\/www.purejewels.com\\\/#\\\/schema\\\/logo\\\/image\\\/\",\"url\":\"https:\\\/\\\/static.purejewels.com\\\/wp-content\\\/uploads\\\/2020\\\/11\\\/Logo-PJ-New-1.png\",\"contentUrl\":\"https:\\\/\\\/static.purejewels.com\\\/wp-content\\\/uploads\\\/2020\\\/11\\\/Logo-PJ-New-1.png\",\"width\":150,\"height\":80,\"caption\":\"PureJewels UK\"},\"image\":{\"@id\":\"https:\\\/\\\/www.purejewels.com\\\/#\\\/schema\\\/logo\\\/image\\\/\"}}]}<\/script>\n<!-- \/ Yoast SEO plugin. -->","yoast_head_json":{"title":"22 Ayar Sar\u0131 Alt\u0131n Kad\u0131nlar i\u00e7in G\u00f6zya\u015f\u0131 Damlas\u0131 Y\u00fcz\u00fck | Noel i\u00e7in Bir Y\u00fcz\u00fck","description":"\u0130ngiltere'de damgalanm\u0131\u015f zarif 22 ayar sar\u0131 alt\u0131n g\u00f6zya\u015f\u0131 damlas\u0131 y\u00fcz\u00fck - Noel i\u00e7in bir y\u00fcz\u00fck ve Noel hediyeleri i\u00e7in zarif bir se\u00e7im. G\u00fcnl\u00fck kullan\u0131m ve \u00f6zel anlar i\u00e7in ince bir \u0131\u015f\u0131lt\u0131.","robots":{"index":"index","follow":"follow","max-snippet":"max-snippet:-1","max-image-preview":"max-image-preview:large","max-video-preview":"max-video-preview:-1"},"canonical":"https:\/\/www.purejewels.com\/tr\/urun\/kadinlar-icin-22-ayar-sari-altin-yuzuk-m-beden-50976\/","og_locale":"tr_TR","og_type":"article","og_title":"22ct Yellow Gold Teardrop Ring for Women | A Ring for Christmas","og_description":"Elegant 22ct yellow gold teardrop ring, hallmarked in the UK \u2014 a ring for Christmas and a refined choice for Christmas gifting. Subtle sparkle for daily wear and special moments.","og_url":"https:\/\/www.purejewels.com\/tr\/urun\/kadinlar-icin-22-ayar-sari-altin-yuzuk-m-beden-50976\/","og_site_name":"PureJewels UK","article_modified_time":"2026-01-07T06:39:01+00:00","og_image":[{"width":1000,"height":1000,"url":"https:\/\/www.purejewels.com\/wp-content\/uploads\/2025\/03\/SKU-51634.jpg","type":"image\/jpeg"}],"twitter_card":"summary_large_image","twitter_misc":{"Tahmini okuma s\u00fcresi":"1 dakika"},"schema":{"@context":"https:\/\/schema.org","@graph":[{"@type":["WebPage","ItemPage"],"@id":"https:\/\/www.purejewels.com\/product\/22ct-yellow-gold-ring-for-women-size-m-50976\/","url":"https:\/\/www.purejewels.com\/product\/22ct-yellow-gold-ring-for-women-size-m-50976\/","name":"22 Ayar Sar\u0131 Alt\u0131n Kad\u0131nlar i\u00e7in G\u00f6zya\u015f\u0131 Damlas\u0131 Y\u00fcz\u00fck | Noel i\u00e7in Bir Y\u00fcz\u00fck","isPartOf":{"@id":"https:\/\/www.purejewels.com\/#website"},"primaryImageOfPage":{"@id":"https:\/\/www.purejewels.com\/product\/22ct-yellow-gold-ring-for-women-size-m-50976\/#primaryimage"},"image":{"@id":"https:\/\/www.purejewels.com\/product\/22ct-yellow-gold-ring-for-women-size-m-50976\/#primaryimage"},"thumbnailUrl":"https:\/\/static.purejewels.com\/wp-content\/uploads\/2025\/03\/SKU-51634.jpg","datePublished":"2025-05-04T07:39:47+00:00","dateModified":"2026-01-07T06:39:01+00:00","description":"\u0130ngiltere'de damgalanm\u0131\u015f zarif 22 ayar sar\u0131 alt\u0131n g\u00f6zya\u015f\u0131 damlas\u0131 y\u00fcz\u00fck - Noel i\u00e7in bir y\u00fcz\u00fck ve Noel hediyeleri i\u00e7in zarif bir se\u00e7im. G\u00fcnl\u00fck kullan\u0131m ve \u00f6zel anlar i\u00e7in ince bir \u0131\u015f\u0131lt\u0131.","breadcrumb":{"@id":"https:\/\/www.purejewels.com\/product\/22ct-yellow-gold-ring-for-women-size-m-50976\/#breadcrumb"},"inLanguage":"tr","potentialAction":[{"@type":"ReadAction","target":["https:\/\/www.purejewels.com\/product\/22ct-yellow-gold-ring-for-women-size-m-50976\/"]}]},{"@type":"ImageObject","inLanguage":"tr","@id":"https:\/\/www.purejewels.com\/product\/22ct-yellow-gold-ring-for-women-size-m-50976\/#primaryimage","url":"https:\/\/static.purejewels.com\/wp-content\/uploads\/2025\/03\/SKU-51634.jpg","contentUrl":"https:\/\/static.purejewels.com\/wp-content\/uploads\/2025\/03\/SKU-51634.jpg","width":1000,"height":1000,"caption":"Stacked from 11 images. Method=B (R=8,S=4)"},{"@type":"BreadcrumbList","@id":"https:\/\/www.purejewels.com\/product\/22ct-yellow-gold-ring-for-women-size-m-50976\/#breadcrumb","itemListElement":[{"@type":"ListItem","position":1,"name":"Home","item":"https:\/\/www.purejewels.com\/"},{"@type":"ListItem","position":2,"name":"Shop","item":"https:\/\/www.purejewels.com\/shop\/"},{"@type":"ListItem","position":3,"name":"22ct Yellow Gold Ring For Women"}]},{"@type":"WebSite","@id":"https:\/\/www.purejewels.com\/#website","url":"https:\/\/www.purejewels.com\/","name":"PureJewels \u0130ngiltere","description":"Sevgiyi Payla\u015f\u0131n","publisher":{"@id":"https:\/\/www.purejewels.com\/#organization"},"potentialAction":[{"@type":"SearchAction","target":{"@type":"EntryPoint","urlTemplate":"https:\/\/www.purejewels.com\/?s={search_term_string}"},"query-input":{"@type":"PropertyValueSpecification","valueRequired":true,"valueName":"search_term_string"}}],"inLanguage":"tr"},{"@type":"Organization","@id":"https:\/\/www.purejewels.com\/#organization","name":"PureJewels \u0130ngiltere","url":"https:\/\/www.purejewels.com\/","logo":{"@type":"ImageObject","inLanguage":"tr","@id":"https:\/\/www.purejewels.com\/#\/schema\/logo\/image\/","url":"https:\/\/static.purejewels.com\/wp-content\/uploads\/2020\/11\/Logo-PJ-New-1.png","contentUrl":"https:\/\/static.purejewels.com\/wp-content\/uploads\/2020\/11\/Logo-PJ-New-1.png","width":150,"height":80,"caption":"PureJewels UK"},"image":{"@id":"https:\/\/www.purejewels.com\/#\/schema\/logo\/image\/"}}]}},"_links":{"self":[{"href":"https:\/\/www.purejewels.com\/tr\/wp-json\/wp\/v2\/product\/403479","targetHints":{"allow":["GET"]}}],"collection":[{"href":"https:\/\/www.purejewels.com\/tr\/wp-json\/wp\/v2\/product"}],"about":[{"href":"https:\/\/www.purejewels.com\/tr\/wp-json\/wp\/v2\/types\/product"}],"replies":[{"embeddable":true,"href":"https:\/\/www.purejewels.com\/tr\/wp-json\/wp\/v2\/comments?post=403479"}],"version-history":[{"count":3,"href":"https:\/\/www.purejewels.com\/tr\/wp-json\/wp\/v2\/product\/403479\/revisions"}],"predecessor-version":[{"id":412132,"href":"https:\/\/www.purejewels.com\/tr\/wp-json\/wp\/v2\/product\/403479\/revisions\/412132"}],"wp:featuredmedia":[{"embeddable":true,"href":"https:\/\/www.purejewels.com\/tr\/wp-json\/wp\/v2\/media\/408457"}],"wp:attachment":[{"href":"https:\/\/www.purejewels.com\/tr\/wp-json\/wp\/v2\/media?parent=403479"}],"wp:term":[{"taxonomy":"product_brand","embeddable":true,"href":"https:\/\/www.purejewels.com\/tr\/wp-json\/wp\/v2\/product_brand?post=403479"},{"taxonomy":"product_cat","embeddable":true,"href":"https:\/\/www.purejewels.com\/tr\/wp-json\/wp\/v2\/product_cat?post=403479"},{"taxonomy":"product_tag","embeddable":true,"href":"https:\/\/www.purejewels.com\/tr\/wp-json\/wp\/v2\/product_tag?post=403479"}],"curies":[{"name":"wp","href":"https:\/\/api.w.org\/{rel}","templated":true}]}}