{"id":4036,"date":"2017-07-19T13:23:44","date_gmt":"2017-07-19T12:23:44","guid":{"rendered":"http:\/\/new.purejewels.com\/product\/twin-groove-christian-bauer-wedding-ring-0274092\/"},"modified":"2020-12-21T17:55:20","modified_gmt":"2020-12-21T17:55:20","slug":"ikiz-oluk-christian-bauer-alyans-0274092","status":"publish","type":"product","link":"https:\/\/www.purejewels.com\/tr\/product\/twin-groove-christian-bauer-wedding-ring-0274092\/","title":{"rendered":"Twin Groove Christian Bauer Alyans Y\u00fcz\u00fck"},"content":{"rendered":"<p>Be\u011fendi\u011finiz ilk alyans\u0131 se\u00e7meyin.  Acele etmeyin, se\u00e7enekleri ke\u015ffedin ve \u00fcretimin \u00f6nemi konusunda sizi ayd\u0131nlatmam\u0131za izin verin.\u00a0 <a href=\"https:\/\/www.purejewels.com\/tr\/product-category\/wedding-rings-bands\/wedding-bands\/christian-bauer-brands\/\">Christian Bauer<\/a> d\u00fc\u011f\u00fcn <a href=\"https:\/\/www.purejewels.com\/tr\/product-category\/22ct-gold-jewellery\/gold-rings\/\">halkalar<\/a> Almanya'daki at\u00f6lyede hassas bir \u015fekilde tasarlanm\u0131\u015ft\u0131r.  Her biri deneyimli kuyumculardan olu\u015fan bir ekip taraf\u0131ndan, eski moda beceri ve g\u00fcncel teknolojinin bir kombinasyonu kullan\u0131larak yap\u0131l\u0131r.  Bu sizin i\u00e7in ne anlama geliyor?  Bu y\u00fcz\u00fc\u011f\u00fc denedi\u011finizde son derece rahat ve tam oturaca\u011f\u0131 anlam\u0131na gelir.  Ayn\u0131 derecede kusursuz g\u00f6r\u00fcnecek.  Cilas\u0131 kusursuzdur ve beyaz alt\u0131n bant, so\u011fuk paladyumla ince, parlak bir kontrast olu\u015fturur.  Denemeniz i\u00e7in sab\u0131rs\u0131zlan\u0131yoruz.   *Gelin ve bir Christian Bauer alyans\u0131n\u0131 deneyin.  E\u011fer yapam\u0131yorsan\u0131z, bedenler ve se\u00e7enekler hakk\u0131nda bilgi almak i\u00e7in Canl\u0131 Sohbet'i a\u00e7\u0131n.  Y\u00fcz\u00fc\u011f\u00fcn\u00fcz sizin \u00f6l\u00e7\u00fcn\u00fcze g\u00f6re sipari\u015f edilecektir.<\/p>\n<ul>\n<li>Yetkili Christian Bauer Stok\u00e7usu<\/li>\n<li>Christian Bauer Alyans - 0274092<\/li>\n<li>Biti\u015f: Mat<\/li>\n<li>Metal: Paladyum ile <a href=\"https:\/\/www.purejewels.com\/tr\/product\/18ct-white-gold-diamond-ring-for-ladies-8775\/\">18 Ayar Beyaz Alt\u0131n<\/a> Merkez<\/li>\n<li>Geni\u015flik: 6mm<\/li>\n<li>*Sipari\u015f vermek i\u00e7in Canl\u0131 Sohbet'i a\u00e7\u0131n.<\/li>\n<\/ul>\n<h2><strong>Christian Bauer'den paladyum alyanslar<br \/>\n<\/strong><\/h2>\n<p>Paladyum nedir?  Bu yak\u0131\u015f\u0131kl\u0131 alyans\u0131 denedi\u011finizde sorabilece\u011finiz ilk soru budur.  Platinin yak\u0131n bir akrabas\u0131d\u0131r ve benzer, haval\u0131, parlak bir y\u00fczeye sahiptir.  Platin kadar sert de\u011fildir, bu da fiyat\u0131n\u0131 biraz a\u015fa\u011f\u0131 \u00e7eker.  Christian Bauer ekstra l\u00fcks i\u00e7in paladyumu beyaz alt\u0131nla kontrast haline getirmi\u015f - ve iki g\u00fcm\u00fc\u015fi y\u00fczey aras\u0131ndaki kontrast ilgin\u00e7 oldu\u011fu i\u00e7in.  Her zaman oldu\u011fu gibi y\u00fcz\u00fck, markan\u0131n me\u015fhur \u015f\u0131k uyumuyla son derece iyi yap\u0131lm\u0131\u015f.<\/p>\n<p>Kaliteyi ar\u0131yorsan\u0131z ancak b\u00fct\u00e7eniz k\u0131s\u0131tl\u0131ysa, paladyum alyans\u0131 tercih edebilirsiniz.  Bu sofistike paladyum alyans, Christian Bauer'in imrenilen tasar\u0131m\u0131n\u0131 olduk\u00e7a d\u00fc\u015f\u00fck bir fiyata sunuyor.<\/p>\n<p>&nbsp;<\/p>","protected":false},"excerpt":{"rendered":"<ul>\n<li>Yetkili Christian Bauer Stok\u00e7usu<\/li>\n<li>Christian Bauer Alyans - 0274092<\/li>\n<li>Biti\u015f: Mat<\/li>\n<li>Metal 18 Ayar Beyaz Alt\u0131n Merkezli Paladyum<\/li>\n<li>Geni\u015flik: 6mm<\/li>\n<li>*Sipari\u015f vermek i\u00e7in Canl\u0131 Sohbet'i a\u00e7\u0131n.<\/li>\n<\/ul>","protected":false},"featured_media":4037,"comment_status":"closed","ping_status":"closed","template":"","meta":{"_eb_attr":"","_crsspst_to_jayantr4sg-hostcom":false},"product_brand":[],"product_cat":[238,1572,1537],"product_tag":[],"class_list":{"0":"post-4036","1":"product","2":"type-product","3":"status-publish","4":"has-post-thumbnail","6":"product_cat-christian-bauer-brands","7":"product_cat-mens-jewellery","8":"product_cat-white-gold-jewellery-set","10":"first","11":"outofstock","12":"taxable","13":"shipping-taxable","14":"product-type-simple","15":"add-to-wishlist-before_image"},"yoast_head":"<!-- This site is optimized with the Yoast SEO plugin v27.3 - https:\/\/yoast.com\/product\/yoast-seo-wordpress\/ -->\n<title>Twin Groove Christian Bauer Wedding Ring - PureJewels<\/title>\n<meta name=\"robots\" content=\"index, follow, max-snippet:-1, max-image-preview:large, max-video-preview:-1\" \/>\n<link rel=\"canonical\" href=\"https:\/\/www.purejewels.com\/tr\/urun\/ikiz-oluk-christian-bauer-alyans-0274092\/\" \/>\n<meta property=\"og:locale\" content=\"tr_TR\" \/>\n<meta property=\"og:type\" content=\"article\" \/>\n<meta property=\"og:title\" content=\"Twin Groove Christian Bauer Wedding Ring - PureJewels\" \/>\n<meta property=\"og:description\" content=\"Authorised Christian Bauer Stockist  Christian Bauer Wedding Ring \u2013 0274092  Finish: Matte  Metal: Palladium with 18ct White Gold Centre  Width: 6mm  *Open Live Chat to order.\" \/>\n<meta property=\"og:url\" content=\"https:\/\/www.purejewels.com\/tr\/urun\/ikiz-oluk-christian-bauer-alyans-0274092\/\" \/>\n<meta property=\"og:site_name\" content=\"PureJewels UK\" \/>\n<meta property=\"article:modified_time\" content=\"2020-12-21T17:55:20+00:00\" \/>\n<meta property=\"og:image\" content=\"https:\/\/www.purejewels.com\/wp-content\/uploads\/2017\/07\/9220_xl_1-2.jpg\" \/>\n\t<meta property=\"og:image:width\" content=\"960\" \/>\n\t<meta property=\"og:image:height\" content=\"960\" \/>\n\t<meta property=\"og:image:type\" content=\"image\/jpeg\" \/>\n<meta name=\"twitter:card\" content=\"summary_large_image\" \/>\n<meta name=\"twitter:label1\" content=\"Tahmini okuma s\u00fcresi\" \/>\n\t<meta name=\"twitter:data1\" content=\"1 dakika\" \/>\n<script type=\"application\/ld+json\" class=\"yoast-schema-graph\">{\"@context\":\"https:\\\/\\\/schema.org\",\"@graph\":[{\"@type\":[\"WebPage\",\"ItemPage\"],\"@id\":\"https:\\\/\\\/www.purejewels.com\\\/product\\\/twin-groove-christian-bauer-wedding-ring-0274092\\\/\",\"url\":\"https:\\\/\\\/www.purejewels.com\\\/product\\\/twin-groove-christian-bauer-wedding-ring-0274092\\\/\",\"name\":\"Twin Groove Christian Bauer Wedding Ring - PureJewels\",\"isPartOf\":{\"@id\":\"https:\\\/\\\/www.purejewels.com\\\/#website\"},\"primaryImageOfPage\":{\"@id\":\"https:\\\/\\\/www.purejewels.com\\\/product\\\/twin-groove-christian-bauer-wedding-ring-0274092\\\/#primaryimage\"},\"image\":{\"@id\":\"https:\\\/\\\/www.purejewels.com\\\/product\\\/twin-groove-christian-bauer-wedding-ring-0274092\\\/#primaryimage\"},\"thumbnailUrl\":\"https:\\\/\\\/static.purejewels.com\\\/wp-content\\\/uploads\\\/2017\\\/07\\\/9220_xl_1-2.jpg\",\"datePublished\":\"2017-07-19T12:23:44+00:00\",\"dateModified\":\"2020-12-21T17:55:20+00:00\",\"breadcrumb\":{\"@id\":\"https:\\\/\\\/www.purejewels.com\\\/product\\\/twin-groove-christian-bauer-wedding-ring-0274092\\\/#breadcrumb\"},\"inLanguage\":\"tr\",\"potentialAction\":[{\"@type\":\"ReadAction\",\"target\":[\"https:\\\/\\\/www.purejewels.com\\\/product\\\/twin-groove-christian-bauer-wedding-ring-0274092\\\/\"]}]},{\"@type\":\"ImageObject\",\"inLanguage\":\"tr\",\"@id\":\"https:\\\/\\\/www.purejewels.com\\\/product\\\/twin-groove-christian-bauer-wedding-ring-0274092\\\/#primaryimage\",\"url\":\"https:\\\/\\\/static.purejewels.com\\\/wp-content\\\/uploads\\\/2017\\\/07\\\/9220_xl_1-2.jpg\",\"contentUrl\":\"https:\\\/\\\/static.purejewels.com\\\/wp-content\\\/uploads\\\/2017\\\/07\\\/9220_xl_1-2.jpg\",\"width\":960,\"height\":960,\"caption\":\"9220_xl_1.jpg\"},{\"@type\":\"BreadcrumbList\",\"@id\":\"https:\\\/\\\/www.purejewels.com\\\/product\\\/twin-groove-christian-bauer-wedding-ring-0274092\\\/#breadcrumb\",\"itemListElement\":[{\"@type\":\"ListItem\",\"position\":1,\"name\":\"Home\",\"item\":\"https:\\\/\\\/www.purejewels.com\\\/\"},{\"@type\":\"ListItem\",\"position\":2,\"name\":\"Shop\",\"item\":\"https:\\\/\\\/www.purejewels.com\\\/shop\\\/\"},{\"@type\":\"ListItem\",\"position\":3,\"name\":\"Twin Groove Christian Bauer Wedding Band Ring\"}]},{\"@type\":\"WebSite\",\"@id\":\"https:\\\/\\\/www.purejewels.com\\\/#website\",\"url\":\"https:\\\/\\\/www.purejewels.com\\\/\",\"name\":\"PureJewels UK\",\"description\":\"Share the Love\",\"publisher\":{\"@id\":\"https:\\\/\\\/www.purejewels.com\\\/#organization\"},\"potentialAction\":[{\"@type\":\"SearchAction\",\"target\":{\"@type\":\"EntryPoint\",\"urlTemplate\":\"https:\\\/\\\/www.purejewels.com\\\/?s={search_term_string}\"},\"query-input\":{\"@type\":\"PropertyValueSpecification\",\"valueRequired\":true,\"valueName\":\"search_term_string\"}}],\"inLanguage\":\"tr\"},{\"@type\":\"Organization\",\"@id\":\"https:\\\/\\\/www.purejewels.com\\\/#organization\",\"name\":\"PureJewels UK\",\"url\":\"https:\\\/\\\/www.purejewels.com\\\/\",\"logo\":{\"@type\":\"ImageObject\",\"inLanguage\":\"tr\",\"@id\":\"https:\\\/\\\/www.purejewels.com\\\/#\\\/schema\\\/logo\\\/image\\\/\",\"url\":\"https:\\\/\\\/static.purejewels.com\\\/wp-content\\\/uploads\\\/2020\\\/11\\\/Logo-PJ-New-1.png\",\"contentUrl\":\"https:\\\/\\\/static.purejewels.com\\\/wp-content\\\/uploads\\\/2020\\\/11\\\/Logo-PJ-New-1.png\",\"width\":150,\"height\":80,\"caption\":\"PureJewels UK\"},\"image\":{\"@id\":\"https:\\\/\\\/www.purejewels.com\\\/#\\\/schema\\\/logo\\\/image\\\/\"}}]}<\/script>\n<!-- \/ Yoast SEO plugin. -->","yoast_head_json":{"title":"Twin Groove Christian Bauer Alyans - PureJewels","robots":{"index":"index","follow":"follow","max-snippet":"max-snippet:-1","max-image-preview":"max-image-preview:large","max-video-preview":"max-video-preview:-1"},"canonical":"https:\/\/www.purejewels.com\/tr\/urun\/ikiz-oluk-christian-bauer-alyans-0274092\/","og_locale":"tr_TR","og_type":"article","og_title":"Twin Groove Christian Bauer Wedding Ring - PureJewels","og_description":"Authorised Christian Bauer Stockist  Christian Bauer Wedding Ring \u2013 0274092  Finish: Matte  Metal: Palladium with 18ct White Gold Centre  Width: 6mm  *Open Live Chat to order.","og_url":"https:\/\/www.purejewels.com\/tr\/urun\/ikiz-oluk-christian-bauer-alyans-0274092\/","og_site_name":"PureJewels UK","article_modified_time":"2020-12-21T17:55:20+00:00","og_image":[{"width":960,"height":960,"url":"https:\/\/www.purejewels.com\/wp-content\/uploads\/2017\/07\/9220_xl_1-2.jpg","type":"image\/jpeg"}],"twitter_card":"summary_large_image","twitter_misc":{"Tahmini okuma s\u00fcresi":"1 dakika"},"schema":{"@context":"https:\/\/schema.org","@graph":[{"@type":["WebPage","ItemPage"],"@id":"https:\/\/www.purejewels.com\/product\/twin-groove-christian-bauer-wedding-ring-0274092\/","url":"https:\/\/www.purejewels.com\/product\/twin-groove-christian-bauer-wedding-ring-0274092\/","name":"Twin Groove Christian Bauer Alyans - PureJewels","isPartOf":{"@id":"https:\/\/www.purejewels.com\/#website"},"primaryImageOfPage":{"@id":"https:\/\/www.purejewels.com\/product\/twin-groove-christian-bauer-wedding-ring-0274092\/#primaryimage"},"image":{"@id":"https:\/\/www.purejewels.com\/product\/twin-groove-christian-bauer-wedding-ring-0274092\/#primaryimage"},"thumbnailUrl":"https:\/\/static.purejewels.com\/wp-content\/uploads\/2017\/07\/9220_xl_1-2.jpg","datePublished":"2017-07-19T12:23:44+00:00","dateModified":"2020-12-21T17:55:20+00:00","breadcrumb":{"@id":"https:\/\/www.purejewels.com\/product\/twin-groove-christian-bauer-wedding-ring-0274092\/#breadcrumb"},"inLanguage":"tr","potentialAction":[{"@type":"ReadAction","target":["https:\/\/www.purejewels.com\/product\/twin-groove-christian-bauer-wedding-ring-0274092\/"]}]},{"@type":"ImageObject","inLanguage":"tr","@id":"https:\/\/www.purejewels.com\/product\/twin-groove-christian-bauer-wedding-ring-0274092\/#primaryimage","url":"https:\/\/static.purejewels.com\/wp-content\/uploads\/2017\/07\/9220_xl_1-2.jpg","contentUrl":"https:\/\/static.purejewels.com\/wp-content\/uploads\/2017\/07\/9220_xl_1-2.jpg","width":960,"height":960,"caption":"9220_xl_1.jpg"},{"@type":"BreadcrumbList","@id":"https:\/\/www.purejewels.com\/product\/twin-groove-christian-bauer-wedding-ring-0274092\/#breadcrumb","itemListElement":[{"@type":"ListItem","position":1,"name":"Home","item":"https:\/\/www.purejewels.com\/"},{"@type":"ListItem","position":2,"name":"Shop","item":"https:\/\/www.purejewels.com\/shop\/"},{"@type":"ListItem","position":3,"name":"Twin Groove Christian Bauer Wedding Band Ring"}]},{"@type":"WebSite","@id":"https:\/\/www.purejewels.com\/#website","url":"https:\/\/www.purejewels.com\/","name":"PureJewels \u0130ngiltere","description":"Sevgiyi Payla\u015f\u0131n","publisher":{"@id":"https:\/\/www.purejewels.com\/#organization"},"potentialAction":[{"@type":"SearchAction","target":{"@type":"EntryPoint","urlTemplate":"https:\/\/www.purejewels.com\/?s={search_term_string}"},"query-input":{"@type":"PropertyValueSpecification","valueRequired":true,"valueName":"search_term_string"}}],"inLanguage":"tr"},{"@type":"Organization","@id":"https:\/\/www.purejewels.com\/#organization","name":"PureJewels \u0130ngiltere","url":"https:\/\/www.purejewels.com\/","logo":{"@type":"ImageObject","inLanguage":"tr","@id":"https:\/\/www.purejewels.com\/#\/schema\/logo\/image\/","url":"https:\/\/static.purejewels.com\/wp-content\/uploads\/2020\/11\/Logo-PJ-New-1.png","contentUrl":"https:\/\/static.purejewels.com\/wp-content\/uploads\/2020\/11\/Logo-PJ-New-1.png","width":150,"height":80,"caption":"PureJewels UK"},"image":{"@id":"https:\/\/www.purejewels.com\/#\/schema\/logo\/image\/"}}]}},"_links":{"self":[{"href":"https:\/\/www.purejewels.com\/tr\/wp-json\/wp\/v2\/product\/4036","targetHints":{"allow":["GET"]}}],"collection":[{"href":"https:\/\/www.purejewels.com\/tr\/wp-json\/wp\/v2\/product"}],"about":[{"href":"https:\/\/www.purejewels.com\/tr\/wp-json\/wp\/v2\/types\/product"}],"replies":[{"embeddable":true,"href":"https:\/\/www.purejewels.com\/tr\/wp-json\/wp\/v2\/comments?post=4036"}],"version-history":[{"count":0,"href":"https:\/\/www.purejewels.com\/tr\/wp-json\/wp\/v2\/product\/4036\/revisions"}],"wp:featuredmedia":[{"embeddable":true,"href":"https:\/\/www.purejewels.com\/tr\/wp-json\/wp\/v2\/media\/4037"}],"wp:attachment":[{"href":"https:\/\/www.purejewels.com\/tr\/wp-json\/wp\/v2\/media?parent=4036"}],"wp:term":[{"taxonomy":"product_brand","embeddable":true,"href":"https:\/\/www.purejewels.com\/tr\/wp-json\/wp\/v2\/product_brand?post=4036"},{"taxonomy":"product_cat","embeddable":true,"href":"https:\/\/www.purejewels.com\/tr\/wp-json\/wp\/v2\/product_cat?post=4036"},{"taxonomy":"product_tag","embeddable":true,"href":"https:\/\/www.purejewels.com\/tr\/wp-json\/wp\/v2\/product_tag?post=4036"}],"curies":[{"name":"wp","href":"https:\/\/api.w.org\/{rel}","templated":true}]}}