{"id":403657,"date":"2025-10-07T06:06:26","date_gmt":"2025-10-07T05:06:26","guid":{"rendered":"https:\/\/www.purejewels.com\/?post_type=product&#038;p=403657"},"modified":"2026-02-09T06:59:48","modified_gmt":"2026-02-09T06:59:48","slug":"22-ayar-gercek-altin-elchi-saplama-kupe","status":"publish","type":"product","link":"https:\/\/www.purejewels.com\/tr\/product\/22ct-real-gold-elchi-stud-earring\/","title":{"rendered":"22 Ayar G\u00fcndo\u011fumu Alt\u0131n Elchi Saplama K\u00fcpe"},"content":{"rendered":"<p data-start=\"529\" data-end=\"1167\">Elchi Koleksiyonu'nun ruhunu yans\u0131tan <em data-start=\"611\" data-end=\"624\">Elchi Glint<\/em> miras\u0131n, kimli\u011fin ve modern ifadenin bir kutlamas\u0131d\u0131r. Bu tekil k\u00fcpe, 22 ayar alt\u0131ndan zarif bir \u015fekilde d\u00f6k\u00fclm\u00fc\u015ft\u00fcr ve \u00e7a\u011fda\u015f bir yetenek yans\u0131t\u0131rken eski ni\u015fanlara sayg\u0131 g\u00f6steren cesur bir geometrik siluete sahiptir. \u0130ster minimalist bir ifade olarak tek ba\u015f\u0131na tak\u0131ls\u0131n, ister asimetrik bir zarafet i\u00e7in e\u015fle\u015ftirilsin, bu par\u00e7a kendine \u00f6zg\u00fc bir yolda y\u00fcr\u00fcyenler i\u00e7in m\u00fckemmeldir. Londra'daki at\u00f6lyemizde titizlikle el i\u015f\u00e7ili\u011fiyle \u00fcretilen bu \u00fcr\u00fcn, gelene\u011fin bireysellikle bulu\u015ftu\u011fu Do\u011fu tasar\u0131m dili ile Bat\u0131 sofistikeli\u011finin bir f\u00fczyonunu sunuyor.<\/p>","protected":false},"excerpt":{"rendered":"<p>Elchi Koleksiyonumuzdan, saf 22 ayar alt\u0131ndan \u00fcretilmi\u015f cesur ama zarif bir tek k\u00fcpe. Antik ni\u015fanlar\u0131 modern bir bak\u0131\u015f a\u00e7\u0131s\u0131yla yans\u0131tmak \u00fczere tasarlanan bu k\u00fcpe, bireyselli\u011fin ve miras\u0131n minimalist bir amblemi. Tek ba\u015f\u0131na kullan\u0131m veya asimetrik stil i\u00e7in m\u00fckemmeldir.<\/p>\n<p><strong>Malzeme:<\/strong>\u00a022 Ayar G\u00fcndo\u011fumu Alt\u0131n<strong><br \/>\nHallmark:\u00a0<\/strong>\u0130ngiliz Damgas\u0131<strong><br \/>\n<\/strong><strong>Br\u00fct A\u011f\u0131rl\u0131k: <\/strong>2.54 Gms<br \/>\n<strong>Geni\u015flik:<\/strong> 6,75 mm<br \/>\n<strong>SKU:<\/strong> 51796<\/p>\n<p><strong>Fiyat ve Teslimat<\/strong>: KDV ve teslimat \u00fccreti dahil<br \/>\n<a href=\"https:\/\/www.purejewels.com\/tr\/i%cc%87ade-poli%cc%87ti%cc%87kasi\/\">\u0130ade Politikas\u0131<\/a><\/p>","protected":false},"featured_media":403659,"comment_status":"closed","ping_status":"closed","template":"","meta":{"_eb_attr":"","_crsspst_to_jayantr4sg-hostcom":false},"product_brand":[],"product_cat":[1791,1559,236,1793,5848,6117,1792,1254,1229,5353,1577,6081,1575,1569,1573,1574],"product_tag":[66],"class_list":{"0":"post-403657","1":"product","2":"type-product","3":"status-publish","4":"has-post-thumbnail","6":"product_cat-anniversary-gifts","7":"product_cat-birthday-gifts","8":"product_cat-collections","9":"product_cat-diwali-gifts","10":"product_cat-elchi-collection","11":"product_cat-elchi-earring","12":"product_cat-festival-gifts","13":"product_cat-gold-earrings","14":"product_cat-22ct-gold-jewellery","15":"product_cat-shop-by","16":"product_cat-stud-earrings","17":"product_cat-sunrise-gold","18":"product_cat-teenage-jewellery","19":"product_cat-valentine-day-gifts","20":"product_cat-wedding-gifts","21":"product_cat-womens-jewellery","22":"product_tag-earrings","24":"first","25":"instock","26":"taxable","27":"shipping-taxable","28":"purchasable","29":"product-type-simple","30":"add-to-wishlist-before_image"},"yoast_head":"<!-- This site is optimized with the Yoast SEO plugin v27.5 - https:\/\/yoast.com\/product\/yoast-seo-wordpress\/ -->\n<title>22ct Gold Single Stud Earring | PureJewels UK<\/title>\n<meta name=\"description\" content=\"Discover the Elchi Glint single stud earring from PureJewels, crafted in 22ct gold. A modern heirloom inspired by heritage design, ideal for minimalist luxury.\" \/>\n<meta name=\"robots\" content=\"index, follow, max-snippet:-1, max-image-preview:large, max-video-preview:-1\" \/>\n<link rel=\"canonical\" href=\"https:\/\/www.purejewels.com\/tr\/urun\/22-ayar-gercek-altin-elchi-saplama-kupe\/\" \/>\n<meta property=\"og:locale\" content=\"tr_TR\" \/>\n<meta property=\"og:type\" content=\"article\" \/>\n<meta property=\"og:title\" content=\"22ct Gold Single Stud Earring | PureJewels UK\" \/>\n<meta property=\"og:description\" content=\"Discover the Elchi Glint single stud earring from PureJewels, crafted in 22ct gold. A modern heirloom inspired by heritage design, ideal for minimalist luxury.\" \/>\n<meta property=\"og:url\" content=\"https:\/\/www.purejewels.com\/tr\/urun\/22-ayar-gercek-altin-elchi-saplama-kupe\/\" \/>\n<meta property=\"og:site_name\" content=\"PureJewels UK\" \/>\n<meta property=\"article:modified_time\" content=\"2026-02-09T06:59:48+00:00\" \/>\n<meta property=\"og:image\" content=\"https:\/\/static.purejewels.com\/wp-content\/uploads\/2025\/07\/SKU-51796.1.jpg\" \/>\n\t<meta property=\"og:image:width\" content=\"1000\" \/>\n\t<meta property=\"og:image:height\" content=\"1000\" \/>\n\t<meta property=\"og:image:type\" content=\"image\/jpeg\" \/>\n<meta name=\"twitter:card\" content=\"summary_large_image\" \/>\n<meta name=\"twitter:label1\" content=\"Tahmini okuma s\u00fcresi\" \/>\n\t<meta name=\"twitter:data1\" content=\"1 dakika\" \/>\n<script type=\"application\/ld+json\" class=\"yoast-schema-graph\">{\"@context\":\"https:\\\/\\\/schema.org\",\"@graph\":[{\"@type\":[\"WebPage\",\"ItemPage\"],\"@id\":\"https:\\\/\\\/www.purejewels.com\\\/product\\\/22ct-real-gold-elchi-stud-earring\\\/\",\"url\":\"https:\\\/\\\/www.purejewels.com\\\/product\\\/22ct-real-gold-elchi-stud-earring\\\/\",\"name\":\"22ct Gold Single Stud Earring | PureJewels UK\",\"isPartOf\":{\"@id\":\"https:\\\/\\\/www.purejewels.com\\\/#website\"},\"primaryImageOfPage\":{\"@id\":\"https:\\\/\\\/www.purejewels.com\\\/product\\\/22ct-real-gold-elchi-stud-earring\\\/#primaryimage\"},\"image\":{\"@id\":\"https:\\\/\\\/www.purejewels.com\\\/product\\\/22ct-real-gold-elchi-stud-earring\\\/#primaryimage\"},\"thumbnailUrl\":\"https:\\\/\\\/static.purejewels.com\\\/wp-content\\\/uploads\\\/2025\\\/07\\\/SKU-51796.1.jpg\",\"datePublished\":\"2025-10-07T05:06:26+00:00\",\"dateModified\":\"2026-02-09T06:59:48+00:00\",\"description\":\"Discover the Elchi Glint single stud earring from PureJewels, crafted in 22ct gold. A modern heirloom inspired by heritage design, ideal for minimalist luxury.\",\"breadcrumb\":{\"@id\":\"https:\\\/\\\/www.purejewels.com\\\/product\\\/22ct-real-gold-elchi-stud-earring\\\/#breadcrumb\"},\"inLanguage\":\"tr\",\"potentialAction\":[{\"@type\":\"ReadAction\",\"target\":[\"https:\\\/\\\/www.purejewels.com\\\/product\\\/22ct-real-gold-elchi-stud-earring\\\/\"]}]},{\"@type\":\"ImageObject\",\"inLanguage\":\"tr\",\"@id\":\"https:\\\/\\\/www.purejewels.com\\\/product\\\/22ct-real-gold-elchi-stud-earring\\\/#primaryimage\",\"url\":\"https:\\\/\\\/static.purejewels.com\\\/wp-content\\\/uploads\\\/2025\\\/07\\\/SKU-51796.1.jpg\",\"contentUrl\":\"https:\\\/\\\/static.purejewels.com\\\/wp-content\\\/uploads\\\/2025\\\/07\\\/SKU-51796.1.jpg\",\"width\":1000,\"height\":1000,\"caption\":\"51796\"},{\"@type\":\"BreadcrumbList\",\"@id\":\"https:\\\/\\\/www.purejewels.com\\\/product\\\/22ct-real-gold-elchi-stud-earring\\\/#breadcrumb\",\"itemListElement\":[{\"@type\":\"ListItem\",\"position\":1,\"name\":\"Home\",\"item\":\"https:\\\/\\\/www.purejewels.com\\\/\"},{\"@type\":\"ListItem\",\"position\":2,\"name\":\"Shop\",\"item\":\"https:\\\/\\\/www.purejewels.com\\\/shop\\\/\"},{\"@type\":\"ListItem\",\"position\":3,\"name\":\"22ct Sunrise Gold Elchi Stud Earring\"}]},{\"@type\":\"WebSite\",\"@id\":\"https:\\\/\\\/www.purejewels.com\\\/#website\",\"url\":\"https:\\\/\\\/www.purejewels.com\\\/\",\"name\":\"PureJewels UK\",\"description\":\"Share the Love\",\"publisher\":{\"@id\":\"https:\\\/\\\/www.purejewels.com\\\/#organization\"},\"potentialAction\":[{\"@type\":\"SearchAction\",\"target\":{\"@type\":\"EntryPoint\",\"urlTemplate\":\"https:\\\/\\\/www.purejewels.com\\\/?s={search_term_string}\"},\"query-input\":{\"@type\":\"PropertyValueSpecification\",\"valueRequired\":true,\"valueName\":\"search_term_string\"}}],\"inLanguage\":\"tr\"},{\"@type\":\"Organization\",\"@id\":\"https:\\\/\\\/www.purejewels.com\\\/#organization\",\"name\":\"PureJewels UK\",\"url\":\"https:\\\/\\\/www.purejewels.com\\\/\",\"logo\":{\"@type\":\"ImageObject\",\"inLanguage\":\"tr\",\"@id\":\"https:\\\/\\\/www.purejewels.com\\\/#\\\/schema\\\/logo\\\/image\\\/\",\"url\":\"https:\\\/\\\/static.purejewels.com\\\/wp-content\\\/uploads\\\/2020\\\/11\\\/Logo-PJ-New-1.png\",\"contentUrl\":\"https:\\\/\\\/static.purejewels.com\\\/wp-content\\\/uploads\\\/2020\\\/11\\\/Logo-PJ-New-1.png\",\"width\":150,\"height\":80,\"caption\":\"PureJewels UK\"},\"image\":{\"@id\":\"https:\\\/\\\/www.purejewels.com\\\/#\\\/schema\\\/logo\\\/image\\\/\"}}]}<\/script>\n<!-- \/ Yoast SEO plugin. -->","yoast_head_json":{"title":"22 Ayar Alt\u0131n Tekli Saplama K\u00fcpe | PureJewels UK","description":"PureJewels'in 22 ayar alt\u0131ndan \u00fcretilen Elchi Glint tekli k\u00fcpesini ke\u015ffedin. Miras tasar\u0131m\u0131ndan ilham alan modern bir yadig\u00e2r, minimalist l\u00fcks i\u00e7in ideal.","robots":{"index":"index","follow":"follow","max-snippet":"max-snippet:-1","max-image-preview":"max-image-preview:large","max-video-preview":"max-video-preview:-1"},"canonical":"https:\/\/www.purejewels.com\/tr\/urun\/22-ayar-gercek-altin-elchi-saplama-kupe\/","og_locale":"tr_TR","og_type":"article","og_title":"22ct Gold Single Stud Earring | PureJewels UK","og_description":"Discover the Elchi Glint single stud earring from PureJewels, crafted in 22ct gold. A modern heirloom inspired by heritage design, ideal for minimalist luxury.","og_url":"https:\/\/www.purejewels.com\/tr\/urun\/22-ayar-gercek-altin-elchi-saplama-kupe\/","og_site_name":"PureJewels UK","article_modified_time":"2026-02-09T06:59:48+00:00","og_image":[{"width":1000,"height":1000,"url":"https:\/\/static.purejewels.com\/wp-content\/uploads\/2025\/07\/SKU-51796.1.jpg","type":"image\/jpeg"}],"twitter_card":"summary_large_image","twitter_misc":{"Tahmini okuma s\u00fcresi":"1 dakika"},"schema":{"@context":"https:\/\/schema.org","@graph":[{"@type":["WebPage","ItemPage"],"@id":"https:\/\/www.purejewels.com\/product\/22ct-real-gold-elchi-stud-earring\/","url":"https:\/\/www.purejewels.com\/product\/22ct-real-gold-elchi-stud-earring\/","name":"22 Ayar Alt\u0131n Tekli Saplama K\u00fcpe | PureJewels UK","isPartOf":{"@id":"https:\/\/www.purejewels.com\/#website"},"primaryImageOfPage":{"@id":"https:\/\/www.purejewels.com\/product\/22ct-real-gold-elchi-stud-earring\/#primaryimage"},"image":{"@id":"https:\/\/www.purejewels.com\/product\/22ct-real-gold-elchi-stud-earring\/#primaryimage"},"thumbnailUrl":"https:\/\/static.purejewels.com\/wp-content\/uploads\/2025\/07\/SKU-51796.1.jpg","datePublished":"2025-10-07T05:06:26+00:00","dateModified":"2026-02-09T06:59:48+00:00","description":"PureJewels'in 22 ayar alt\u0131ndan \u00fcretilen Elchi Glint tekli k\u00fcpesini ke\u015ffedin. Miras tasar\u0131m\u0131ndan ilham alan modern bir yadig\u00e2r, minimalist l\u00fcks i\u00e7in ideal.","breadcrumb":{"@id":"https:\/\/www.purejewels.com\/product\/22ct-real-gold-elchi-stud-earring\/#breadcrumb"},"inLanguage":"tr","potentialAction":[{"@type":"ReadAction","target":["https:\/\/www.purejewels.com\/product\/22ct-real-gold-elchi-stud-earring\/"]}]},{"@type":"ImageObject","inLanguage":"tr","@id":"https:\/\/www.purejewels.com\/product\/22ct-real-gold-elchi-stud-earring\/#primaryimage","url":"https:\/\/static.purejewels.com\/wp-content\/uploads\/2025\/07\/SKU-51796.1.jpg","contentUrl":"https:\/\/static.purejewels.com\/wp-content\/uploads\/2025\/07\/SKU-51796.1.jpg","width":1000,"height":1000,"caption":"51796"},{"@type":"BreadcrumbList","@id":"https:\/\/www.purejewels.com\/product\/22ct-real-gold-elchi-stud-earring\/#breadcrumb","itemListElement":[{"@type":"ListItem","position":1,"name":"Home","item":"https:\/\/www.purejewels.com\/"},{"@type":"ListItem","position":2,"name":"Shop","item":"https:\/\/www.purejewels.com\/shop\/"},{"@type":"ListItem","position":3,"name":"22ct Sunrise Gold Elchi Stud Earring"}]},{"@type":"WebSite","@id":"https:\/\/www.purejewels.com\/#website","url":"https:\/\/www.purejewels.com\/","name":"PureJewels \u0130ngiltere","description":"Sevgiyi Payla\u015f\u0131n","publisher":{"@id":"https:\/\/www.purejewels.com\/#organization"},"potentialAction":[{"@type":"SearchAction","target":{"@type":"EntryPoint","urlTemplate":"https:\/\/www.purejewels.com\/?s={search_term_string}"},"query-input":{"@type":"PropertyValueSpecification","valueRequired":true,"valueName":"search_term_string"}}],"inLanguage":"tr"},{"@type":"Organization","@id":"https:\/\/www.purejewels.com\/#organization","name":"PureJewels \u0130ngiltere","url":"https:\/\/www.purejewels.com\/","logo":{"@type":"ImageObject","inLanguage":"tr","@id":"https:\/\/www.purejewels.com\/#\/schema\/logo\/image\/","url":"https:\/\/static.purejewels.com\/wp-content\/uploads\/2020\/11\/Logo-PJ-New-1.png","contentUrl":"https:\/\/static.purejewels.com\/wp-content\/uploads\/2020\/11\/Logo-PJ-New-1.png","width":150,"height":80,"caption":"PureJewels UK"},"image":{"@id":"https:\/\/www.purejewels.com\/#\/schema\/logo\/image\/"}}]}},"_links":{"self":[{"href":"https:\/\/www.purejewels.com\/tr\/wp-json\/wp\/v2\/product\/403657","targetHints":{"allow":["GET"]}}],"collection":[{"href":"https:\/\/www.purejewels.com\/tr\/wp-json\/wp\/v2\/product"}],"about":[{"href":"https:\/\/www.purejewels.com\/tr\/wp-json\/wp\/v2\/types\/product"}],"replies":[{"embeddable":true,"href":"https:\/\/www.purejewels.com\/tr\/wp-json\/wp\/v2\/comments?post=403657"}],"version-history":[{"count":2,"href":"https:\/\/www.purejewels.com\/tr\/wp-json\/wp\/v2\/product\/403657\/revisions"}],"predecessor-version":[{"id":419337,"href":"https:\/\/www.purejewels.com\/tr\/wp-json\/wp\/v2\/product\/403657\/revisions\/419337"}],"wp:featuredmedia":[{"embeddable":true,"href":"https:\/\/www.purejewels.com\/tr\/wp-json\/wp\/v2\/media\/403659"}],"wp:attachment":[{"href":"https:\/\/www.purejewels.com\/tr\/wp-json\/wp\/v2\/media?parent=403657"}],"wp:term":[{"taxonomy":"product_brand","embeddable":true,"href":"https:\/\/www.purejewels.com\/tr\/wp-json\/wp\/v2\/product_brand?post=403657"},{"taxonomy":"product_cat","embeddable":true,"href":"https:\/\/www.purejewels.com\/tr\/wp-json\/wp\/v2\/product_cat?post=403657"},{"taxonomy":"product_tag","embeddable":true,"href":"https:\/\/www.purejewels.com\/tr\/wp-json\/wp\/v2\/product_tag?post=403657"}],"curies":[{"name":"wp","href":"https:\/\/api.w.org\/{rel}","templated":true}]}}