{"id":403680,"date":"2025-06-07T08:45:07","date_gmt":"2025-06-07T07:45:07","guid":{"rendered":"https:\/\/www.purejewels.com\/?post_type=product&#038;p=403680"},"modified":"2026-01-06T10:00:27","modified_gmt":"2026-01-06T10:00:27","slug":"elchi-taar-22-ayar-gundogumu-altin-bi%cc%87lezi%cc%87k-51795","status":"publish","type":"product","link":"https:\/\/www.purejewels.com\/tr\/product\/elchi-taar-22ct-sunrise-gold-bracelet-51795\/","title":{"rendered":"Elchi Taar - 22 Ayar G\u00fcndo\u011fumu Alt\u0131n Bileklik"},"content":{"rendered":"<p data-start=\"888\" data-end=\"1481\">Zarif ve sembolik <em data-start=\"914\" data-end=\"926\">Elchi Taar<\/em> bilezik, PureJewels'in her halkan\u0131n bir hikaye anlatt\u0131\u011f\u0131 Do\u011fu'dan Bat\u0131'ya miras\u0131ndan ilham al\u0131yor. Parlak 22 ayar alt\u0131ndan el i\u015f\u00e7ili\u011fiyle \u00fcretilen tasar\u0131m, antik ni\u015fanlar\u0131 ve g\u00f6ksel y\u00f6r\u00fcngeleri yans\u0131tan bir dizi delikli eliptik motif i\u00e7eriyor.<\/p>\n<p data-start=\"888\" data-end=\"1481\">Her bir unsur, denge, s\u00fcreklilik ve i\u00e7sel benli\u011fi simgeleyen cilal\u0131 bir alt\u0131n k\u00fcreyi nazik\u00e7e kucakl\u0131yor. Hafif ama dayan\u0131kl\u0131 olan bu par\u00e7a, g\u00fcnl\u00fck \u015f\u0131kl\u0131k veya anlaml\u0131 bir hediye i\u00e7in idealdir. Mevsimleri a\u015fan modern bir yadig\u00e2r olan <em data-start=\"1404\" data-end=\"1416\">Elchi Taar<\/em> yolculuklara, k\u00f6klere ve alt\u0131n\u0131n zamans\u0131z g\u00fcc\u00fcne bir \u00f6vg\u00fcd\u00fcr.<\/p>","protected":false},"excerpt":{"rendered":"<p>Bu <em data-start=\"641\" data-end=\"653\">Elchi Taar<\/em> Bilezik, zarif bir zincir boyunca birbirine ba\u011flanan heykelsi alt\u0131n motiflerle gelenek ve tasar\u0131m\u0131 bir araya getiriyor. Saf 22 ayar g\u00fcn do\u011fumu alt\u0131ndan \u00fcretilen bu bilezik, yolculu\u011funuzun her b\u00f6l\u00fcm\u00fcnde size \u0131\u015f\u0131lt\u0131l\u0131 bir yol arkada\u015f\u0131 olacak.<\/p>\n<p><strong>Malzeme:<\/strong> 22 Ayar G\u00fcndo\u011fumu Alt\u0131n<strong><br \/>\nHallmark:\u00a0<\/strong>\u0130ngiliz Damgas\u0131<strong><br \/>\n<\/strong><strong>Br\u00fct A\u011f\u0131rl\u0131k: <\/strong>6.58 Gms<br \/>\n<strong>Uzunluk:<\/strong> 7,5 in\u00e7<br \/>\n<strong>Geni\u015flik:<\/strong> 5 mm<br \/>\n<strong>SKU:<\/strong> 51795<\/p>\n<p><strong>Fiyat ve Teslimat<\/strong>: KDV ve teslimat \u00fccreti dahil<br \/>\n<a href=\"https:\/\/www.purejewels.com\/tr\/i%cc%87ade-poli%cc%87ti%cc%87kasi\/\">\u0130ade Politikas\u0131<\/a><\/p>","protected":false},"featured_media":403681,"comment_status":"closed","ping_status":"closed","template":"","meta":{"_eb_attr":"","_crsspst_to_jayantr4sg-hostcom":false},"product_brand":[],"product_cat":[5441,1559,1794,236,1793,5848,1790,1324,1627,1229,6081,1575,1569,1574],"product_tag":[],"class_list":{"0":"post-403680","1":"product","2":"type-product","3":"status-publish","4":"has-post-thumbnail","6":"product_cat-gold-bead-bracelets","7":"product_cat-birthday-gifts","8":"product_cat-christmas-gifts","9":"product_cat-collections","10":"product_cat-diwali-gifts","11":"product_cat-elchi-collection","12":"product_cat-for-whom-when","13":"product_cat-gold-bracelet","14":"product_cat-ladies-bracelet","15":"product_cat-22ct-gold-jewellery","16":"product_cat-sunrise-gold","17":"product_cat-teenage-jewellery","18":"product_cat-valentine-day-gifts","19":"product_cat-womens-jewellery","21":"first","22":"outofstock","23":"taxable","24":"shipping-taxable","25":"product-type-simple","26":"add-to-wishlist-before_image"},"yoast_head":"<!-- This site is optimized with the Yoast SEO plugin v27.5 - https:\/\/yoast.com\/product\/yoast-seo-wordpress\/ -->\n<title>Elchi Taar Gold Bracelet | Gold Chain Bracelet | PureJewels UK<\/title>\n<meta name=\"description\" content=\"Discover the Elchi Taar 22ct gold bracelet from PureJewels. A symbolic, sculptural chain bracelet\u2014perfect for everyday grace and meaningful styling.\" \/>\n<meta name=\"robots\" content=\"index, follow, max-snippet:-1, max-image-preview:large, max-video-preview:-1\" \/>\n<link rel=\"canonical\" href=\"https:\/\/www.purejewels.com\/tr\/urun\/elchi-taar-22-ayar-gundogumu-altin-bi\u0307lezi\u0307k-51795\/\" \/>\n<meta property=\"og:locale\" content=\"tr_TR\" \/>\n<meta property=\"og:type\" content=\"article\" \/>\n<meta property=\"og:title\" content=\"Elchi Taar Gold Bracelet | Gold Chain Bracelet | PureJewels UK\" \/>\n<meta property=\"og:description\" content=\"Discover the Elchi Taar 22ct gold bracelet from PureJewels. A symbolic, sculptural chain bracelet\u2014perfect for everyday grace and meaningful styling.\" \/>\n<meta property=\"og:url\" content=\"https:\/\/www.purejewels.com\/tr\/urun\/elchi-taar-22-ayar-gundogumu-altin-bi\u0307lezi\u0307k-51795\/\" \/>\n<meta property=\"og:site_name\" content=\"PureJewels UK\" \/>\n<meta property=\"article:modified_time\" content=\"2026-01-06T10:00:27+00:00\" \/>\n<meta property=\"og:image\" content=\"https:\/\/www.purejewels.com\/wp-content\/uploads\/2025\/07\/2025-07-01-14-34-15-BR8S4.jpg\" \/>\n\t<meta property=\"og:image:width\" content=\"1000\" \/>\n\t<meta property=\"og:image:height\" content=\"1000\" \/>\n\t<meta property=\"og:image:type\" content=\"image\/jpeg\" \/>\n<meta name=\"twitter:card\" content=\"summary_large_image\" \/>\n<meta name=\"twitter:label1\" content=\"Tahmini okuma s\u00fcresi\" \/>\n\t<meta name=\"twitter:data1\" content=\"2 dakika\" \/>\n<script type=\"application\/ld+json\" class=\"yoast-schema-graph\">{\"@context\":\"https:\\\/\\\/schema.org\",\"@graph\":[{\"@type\":[\"WebPage\",\"ItemPage\"],\"@id\":\"https:\\\/\\\/www.purejewels.com\\\/product\\\/elchi-taar-22ct-sunrise-gold-bracelet-51795\\\/\",\"url\":\"https:\\\/\\\/www.purejewels.com\\\/product\\\/elchi-taar-22ct-sunrise-gold-bracelet-51795\\\/\",\"name\":\"Elchi Taar Gold Bracelet | Gold Chain Bracelet | PureJewels UK\",\"isPartOf\":{\"@id\":\"https:\\\/\\\/www.purejewels.com\\\/#website\"},\"primaryImageOfPage\":{\"@id\":\"https:\\\/\\\/www.purejewels.com\\\/product\\\/elchi-taar-22ct-sunrise-gold-bracelet-51795\\\/#primaryimage\"},\"image\":{\"@id\":\"https:\\\/\\\/www.purejewels.com\\\/product\\\/elchi-taar-22ct-sunrise-gold-bracelet-51795\\\/#primaryimage\"},\"thumbnailUrl\":\"https:\\\/\\\/static.purejewels.com\\\/wp-content\\\/uploads\\\/2025\\\/07\\\/2025-07-01-14-34-15-BR8S4.jpg\",\"datePublished\":\"2025-06-07T07:45:07+00:00\",\"dateModified\":\"2026-01-06T10:00:27+00:00\",\"description\":\"Discover the Elchi Taar 22ct gold bracelet from PureJewels. A symbolic, sculptural chain bracelet\u2014perfect for everyday grace and meaningful styling.\",\"breadcrumb\":{\"@id\":\"https:\\\/\\\/www.purejewels.com\\\/product\\\/elchi-taar-22ct-sunrise-gold-bracelet-51795\\\/#breadcrumb\"},\"inLanguage\":\"tr\",\"potentialAction\":[{\"@type\":\"ReadAction\",\"target\":[\"https:\\\/\\\/www.purejewels.com\\\/product\\\/elchi-taar-22ct-sunrise-gold-bracelet-51795\\\/\"]}]},{\"@type\":\"ImageObject\",\"inLanguage\":\"tr\",\"@id\":\"https:\\\/\\\/www.purejewels.com\\\/product\\\/elchi-taar-22ct-sunrise-gold-bracelet-51795\\\/#primaryimage\",\"url\":\"https:\\\/\\\/static.purejewels.com\\\/wp-content\\\/uploads\\\/2025\\\/07\\\/2025-07-01-14-34-15-BR8S4.jpg\",\"contentUrl\":\"https:\\\/\\\/static.purejewels.com\\\/wp-content\\\/uploads\\\/2025\\\/07\\\/2025-07-01-14-34-15-BR8S4.jpg\",\"width\":1000,\"height\":1000,\"caption\":\"51795\"},{\"@type\":\"BreadcrumbList\",\"@id\":\"https:\\\/\\\/www.purejewels.com\\\/product\\\/elchi-taar-22ct-sunrise-gold-bracelet-51795\\\/#breadcrumb\",\"itemListElement\":[{\"@type\":\"ListItem\",\"position\":1,\"name\":\"Home\",\"item\":\"https:\\\/\\\/www.purejewels.com\\\/\"},{\"@type\":\"ListItem\",\"position\":2,\"name\":\"Shop\",\"item\":\"https:\\\/\\\/www.purejewels.com\\\/shop\\\/\"},{\"@type\":\"ListItem\",\"position\":3,\"name\":\"Elchi Taar \u2013 22ct Sunrise Gold Bracelet\"}]},{\"@type\":\"WebSite\",\"@id\":\"https:\\\/\\\/www.purejewels.com\\\/#website\",\"url\":\"https:\\\/\\\/www.purejewels.com\\\/\",\"name\":\"PureJewels UK\",\"description\":\"Share the Love\",\"publisher\":{\"@id\":\"https:\\\/\\\/www.purejewels.com\\\/#organization\"},\"potentialAction\":[{\"@type\":\"SearchAction\",\"target\":{\"@type\":\"EntryPoint\",\"urlTemplate\":\"https:\\\/\\\/www.purejewels.com\\\/?s={search_term_string}\"},\"query-input\":{\"@type\":\"PropertyValueSpecification\",\"valueRequired\":true,\"valueName\":\"search_term_string\"}}],\"inLanguage\":\"tr\"},{\"@type\":\"Organization\",\"@id\":\"https:\\\/\\\/www.purejewels.com\\\/#organization\",\"name\":\"PureJewels UK\",\"url\":\"https:\\\/\\\/www.purejewels.com\\\/\",\"logo\":{\"@type\":\"ImageObject\",\"inLanguage\":\"tr\",\"@id\":\"https:\\\/\\\/www.purejewels.com\\\/#\\\/schema\\\/logo\\\/image\\\/\",\"url\":\"https:\\\/\\\/static.purejewels.com\\\/wp-content\\\/uploads\\\/2020\\\/11\\\/Logo-PJ-New-1.png\",\"contentUrl\":\"https:\\\/\\\/static.purejewels.com\\\/wp-content\\\/uploads\\\/2020\\\/11\\\/Logo-PJ-New-1.png\",\"width\":150,\"height\":80,\"caption\":\"PureJewels UK\"},\"image\":{\"@id\":\"https:\\\/\\\/www.purejewels.com\\\/#\\\/schema\\\/logo\\\/image\\\/\"}}]}<\/script>\n<!-- \/ Yoast SEO plugin. -->","yoast_head_json":{"title":"Elchi Taar Alt\u0131n Bileklik | Alt\u0131n Zincir Bileklik | PureJewels UK","description":"PureJewels'in Elchi Taar 22 ayar alt\u0131n bilezi\u011fini ke\u015ffedin. Sembolik, heykelsi bir zincir bilezik - g\u00fcnl\u00fck zarafet ve anlaml\u0131 stil i\u00e7in m\u00fckemmel.","robots":{"index":"index","follow":"follow","max-snippet":"max-snippet:-1","max-image-preview":"max-image-preview:large","max-video-preview":"max-video-preview:-1"},"canonical":"https:\/\/www.purejewels.com\/tr\/urun\/elchi-taar-22-ayar-gundogumu-altin-bi\u0307lezi\u0307k-51795\/","og_locale":"tr_TR","og_type":"article","og_title":"Elchi Taar Gold Bracelet | Gold Chain Bracelet | PureJewels UK","og_description":"Discover the Elchi Taar 22ct gold bracelet from PureJewels. A symbolic, sculptural chain bracelet\u2014perfect for everyday grace and meaningful styling.","og_url":"https:\/\/www.purejewels.com\/tr\/urun\/elchi-taar-22-ayar-gundogumu-altin-bi\u0307lezi\u0307k-51795\/","og_site_name":"PureJewels UK","article_modified_time":"2026-01-06T10:00:27+00:00","og_image":[{"width":1000,"height":1000,"url":"https:\/\/www.purejewels.com\/wp-content\/uploads\/2025\/07\/2025-07-01-14-34-15-BR8S4.jpg","type":"image\/jpeg"}],"twitter_card":"summary_large_image","twitter_misc":{"Tahmini okuma s\u00fcresi":"2 dakika"},"schema":{"@context":"https:\/\/schema.org","@graph":[{"@type":["WebPage","ItemPage"],"@id":"https:\/\/www.purejewels.com\/product\/elchi-taar-22ct-sunrise-gold-bracelet-51795\/","url":"https:\/\/www.purejewels.com\/product\/elchi-taar-22ct-sunrise-gold-bracelet-51795\/","name":"Elchi Taar Alt\u0131n Bileklik | Alt\u0131n Zincir Bileklik | PureJewels UK","isPartOf":{"@id":"https:\/\/www.purejewels.com\/#website"},"primaryImageOfPage":{"@id":"https:\/\/www.purejewels.com\/product\/elchi-taar-22ct-sunrise-gold-bracelet-51795\/#primaryimage"},"image":{"@id":"https:\/\/www.purejewels.com\/product\/elchi-taar-22ct-sunrise-gold-bracelet-51795\/#primaryimage"},"thumbnailUrl":"https:\/\/static.purejewels.com\/wp-content\/uploads\/2025\/07\/2025-07-01-14-34-15-BR8S4.jpg","datePublished":"2025-06-07T07:45:07+00:00","dateModified":"2026-01-06T10:00:27+00:00","description":"PureJewels'in Elchi Taar 22 ayar alt\u0131n bilezi\u011fini ke\u015ffedin. Sembolik, heykelsi bir zincir bilezik - g\u00fcnl\u00fck zarafet ve anlaml\u0131 stil i\u00e7in m\u00fckemmel.","breadcrumb":{"@id":"https:\/\/www.purejewels.com\/product\/elchi-taar-22ct-sunrise-gold-bracelet-51795\/#breadcrumb"},"inLanguage":"tr","potentialAction":[{"@type":"ReadAction","target":["https:\/\/www.purejewels.com\/product\/elchi-taar-22ct-sunrise-gold-bracelet-51795\/"]}]},{"@type":"ImageObject","inLanguage":"tr","@id":"https:\/\/www.purejewels.com\/product\/elchi-taar-22ct-sunrise-gold-bracelet-51795\/#primaryimage","url":"https:\/\/static.purejewels.com\/wp-content\/uploads\/2025\/07\/2025-07-01-14-34-15-BR8S4.jpg","contentUrl":"https:\/\/static.purejewels.com\/wp-content\/uploads\/2025\/07\/2025-07-01-14-34-15-BR8S4.jpg","width":1000,"height":1000,"caption":"51795"},{"@type":"BreadcrumbList","@id":"https:\/\/www.purejewels.com\/product\/elchi-taar-22ct-sunrise-gold-bracelet-51795\/#breadcrumb","itemListElement":[{"@type":"ListItem","position":1,"name":"Home","item":"https:\/\/www.purejewels.com\/"},{"@type":"ListItem","position":2,"name":"Shop","item":"https:\/\/www.purejewels.com\/shop\/"},{"@type":"ListItem","position":3,"name":"Elchi Taar \u2013 22ct Sunrise Gold Bracelet"}]},{"@type":"WebSite","@id":"https:\/\/www.purejewels.com\/#website","url":"https:\/\/www.purejewels.com\/","name":"PureJewels \u0130ngiltere","description":"Sevgiyi Payla\u015f\u0131n","publisher":{"@id":"https:\/\/www.purejewels.com\/#organization"},"potentialAction":[{"@type":"SearchAction","target":{"@type":"EntryPoint","urlTemplate":"https:\/\/www.purejewels.com\/?s={search_term_string}"},"query-input":{"@type":"PropertyValueSpecification","valueRequired":true,"valueName":"search_term_string"}}],"inLanguage":"tr"},{"@type":"Organization","@id":"https:\/\/www.purejewels.com\/#organization","name":"PureJewels \u0130ngiltere","url":"https:\/\/www.purejewels.com\/","logo":{"@type":"ImageObject","inLanguage":"tr","@id":"https:\/\/www.purejewels.com\/#\/schema\/logo\/image\/","url":"https:\/\/static.purejewels.com\/wp-content\/uploads\/2020\/11\/Logo-PJ-New-1.png","contentUrl":"https:\/\/static.purejewels.com\/wp-content\/uploads\/2020\/11\/Logo-PJ-New-1.png","width":150,"height":80,"caption":"PureJewels UK"},"image":{"@id":"https:\/\/www.purejewels.com\/#\/schema\/logo\/image\/"}}]}},"_links":{"self":[{"href":"https:\/\/www.purejewels.com\/tr\/wp-json\/wp\/v2\/product\/403680","targetHints":{"allow":["GET"]}}],"collection":[{"href":"https:\/\/www.purejewels.com\/tr\/wp-json\/wp\/v2\/product"}],"about":[{"href":"https:\/\/www.purejewels.com\/tr\/wp-json\/wp\/v2\/types\/product"}],"replies":[{"embeddable":true,"href":"https:\/\/www.purejewels.com\/tr\/wp-json\/wp\/v2\/comments?post=403680"}],"version-history":[{"count":1,"href":"https:\/\/www.purejewels.com\/tr\/wp-json\/wp\/v2\/product\/403680\/revisions"}],"predecessor-version":[{"id":403682,"href":"https:\/\/www.purejewels.com\/tr\/wp-json\/wp\/v2\/product\/403680\/revisions\/403682"}],"wp:featuredmedia":[{"embeddable":true,"href":"https:\/\/www.purejewels.com\/tr\/wp-json\/wp\/v2\/media\/403681"}],"wp:attachment":[{"href":"https:\/\/www.purejewels.com\/tr\/wp-json\/wp\/v2\/media?parent=403680"}],"wp:term":[{"taxonomy":"product_brand","embeddable":true,"href":"https:\/\/www.purejewels.com\/tr\/wp-json\/wp\/v2\/product_brand?post=403680"},{"taxonomy":"product_cat","embeddable":true,"href":"https:\/\/www.purejewels.com\/tr\/wp-json\/wp\/v2\/product_cat?post=403680"},{"taxonomy":"product_tag","embeddable":true,"href":"https:\/\/www.purejewels.com\/tr\/wp-json\/wp\/v2\/product_tag?post=403680"}],"curies":[{"name":"wp","href":"https:\/\/api.w.org\/{rel}","templated":true}]}}