{"id":403690,"date":"2026-01-23T10:05:33","date_gmt":"2026-01-23T10:05:33","guid":{"rendered":"https:\/\/www.purejewels.com\/?post_type=product&#038;p=403690"},"modified":"2026-02-26T10:59:37","modified_gmt":"2026-02-26T10:59:37","slug":"elchi-traya-22-ayar-altin-uc-motifli-bileklik-51787","status":"publish","type":"product","link":"https:\/\/www.purejewels.com\/tr\/product\/elchi-traya-22ct-gold-three-motif-bracelet-51787\/","title":{"rendered":"Elchi Traya - 22 Ayar Alt\u0131n \u00dc\u00e7 Motifli Bileklik"},"content":{"rendered":"<p>Narin ama anlaml\u0131 <em data-start=\"968\" data-end=\"981\">Elchi Traya<\/em> bilezik, birlik ve tasar\u0131m\u0131n ince i\u015flenmi\u015f bir ifadesidir. Saf 22 ayar alt\u0131ndan \u00fcretilen bu bilezik, her biri s\u00fcreklilik, yolculuk ve ki\u015fisel evrimi temsil eden \u00fc\u00e7 sembolik Elchi motifine sahiptir. G\u00f6ksel bir y\u00f6r\u00fcngeyi and\u0131ran merkezi form, alt\u0131n bir k\u00fcreyi saran yumu\u015fak oval \u00e7izgilerle \u00e7er\u00e7evelenmi\u015ftir.<\/p>\n<p>G\u00fcvenli bir toka ile zarif bir zincir \u00fczerinde as\u0131l\u0131 duran bu bilezik, hafiflik ve g\u00fcc\u00fc, gelenek ve yenili\u011fi dengeler. E\u015fsiz yolunuzun giyilebilir bir hat\u0131rlat\u0131c\u0131s\u0131, de\u011ferli bir modern yadig\u00e2r olmaya aday.<\/p>\n<p>Elchi Traya, denge ve uyumu simgeleyen \u00fc\u00e7 narin bakla motifi i\u00e7eren zarif bir 22 ayar alt\u0131n bilekliktir. Minimal silueti ve s\u0131cak alt\u0131n \u0131\u015f\u0131lt\u0131s\u0131 sayesinde bayram g\u00fcnlerinde zahmetsizce kullan\u0131labilir. Bayram i\u00e7in zarif bir m\u00fccevher se\u00e7imi, hediye etmek veya abart\u0131s\u0131z bir zarafetle kutlamak i\u00e7in m\u00fckemmel.<\/p>","protected":false},"excerpt":{"rendered":"<p>Bu <em data-start=\"695\" data-end=\"708\">Elchi Traya<\/em> Bilezik, her biri hareket ve anlam\u0131n bir yans\u0131mas\u0131 olan heykelsi bir alt\u0131n motif \u00fc\u00e7l\u00fcs\u00fcne sahiptir. 22 ayar alt\u0131ndan \u00fcretilen bu bileklik, gelene\u011fe, zarafete ve kendini ifade etmeye ince ama zarif bir \u00f6vg\u00fc niteli\u011findedir.<\/p>\n<p><strong>Malzeme:<\/strong> 22 Ayar G\u00fcndo\u011fumu Alt\u0131n<strong><br \/>\nHallmark:\u00a0<\/strong>\u0130ngiliz Damgas\u0131<strong><br \/>\n<\/strong><strong>Br\u00fct A\u011f\u0131rl\u0131k: <\/strong>4.81 Gms<br \/>\n<strong>Uzunluk:<\/strong> 7,5 in\u00e7<br \/>\n<strong>Geni\u015flik:<\/strong> 5 mm<br \/>\n<strong>SKU:<\/strong> 51787<\/p>\n<p><strong>Fiyat ve Teslimat<\/strong>: KDV ve teslimat \u00fccreti dahil<br \/>\n<a href=\"https:\/\/www.purejewels.com\/tr\/i%cc%87ade-poli%cc%87ti%cc%87kasi\/\">\u0130ade Politikas\u0131<\/a><\/p>","protected":false},"featured_media":403692,"comment_status":"closed","ping_status":"closed","template":"","meta":{"_eb_attr":"","_crsspst_to_jayantr4sg-hostcom":false},"product_brand":[],"product_cat":[5441,1559,236,1793,5848,1790,1324,1627,1229,6081,1575,1569,1574],"product_tag":[],"class_list":{"0":"post-403690","1":"product","2":"type-product","3":"status-publish","4":"has-post-thumbnail","6":"product_cat-gold-bead-bracelets","7":"product_cat-birthday-gifts","8":"product_cat-collections","9":"product_cat-diwali-gifts","10":"product_cat-elchi-collection","11":"product_cat-for-whom-when","12":"product_cat-gold-bracelet","13":"product_cat-ladies-bracelet","14":"product_cat-22ct-gold-jewellery","15":"product_cat-sunrise-gold","16":"product_cat-teenage-jewellery","17":"product_cat-valentine-day-gifts","18":"product_cat-womens-jewellery","20":"first","21":"instock","22":"taxable","23":"shipping-taxable","24":"purchasable","25":"product-type-simple","26":"add-to-wishlist-before_image"},"yoast_head":"<!-- This site is optimized with the Yoast SEO plugin v27.5 - https:\/\/yoast.com\/product\/yoast-seo-wordpress\/ -->\n<title>Elchi Traya 22ct Gold Bracelet | PureJewels UK<\/title>\n<meta name=\"description\" content=\"Discover the Elchi Traya 22ct gold bracelet, a refined three-motif design symbolising harmony and heritage. A sculptural everyday gold bracelet by PureJewels London.\" \/>\n<meta name=\"robots\" content=\"index, follow, max-snippet:-1, max-image-preview:large, max-video-preview:-1\" \/>\n<link rel=\"canonical\" href=\"https:\/\/www.purejewels.com\/tr\/urun\/elchi-traya-22-ayar-altin-uc-motifli-bileklik-51787\/\" \/>\n<meta property=\"og:locale\" content=\"tr_TR\" \/>\n<meta property=\"og:type\" content=\"article\" \/>\n<meta property=\"og:title\" content=\"Elchi Traya 22ct Gold Bracelet | PureJewels UK\" \/>\n<meta property=\"og:description\" content=\"Discover the Elchi Traya 22ct gold bracelet, a refined three-motif design symbolising harmony and heritage. A sculptural everyday gold bracelet by PureJewels London.\" \/>\n<meta property=\"og:url\" content=\"https:\/\/www.purejewels.com\/tr\/urun\/elchi-traya-22-ayar-altin-uc-motifli-bileklik-51787\/\" \/>\n<meta property=\"og:site_name\" content=\"PureJewels UK\" \/>\n<meta property=\"article:modified_time\" content=\"2026-02-26T10:59:37+00:00\" \/>\n<meta property=\"og:image\" content=\"https:\/\/static.purejewels.com\/wp-content\/uploads\/2025\/07\/SKU-51787.jpg\" \/>\n\t<meta property=\"og:image:width\" content=\"1000\" \/>\n\t<meta property=\"og:image:height\" content=\"1000\" \/>\n\t<meta property=\"og:image:type\" content=\"image\/jpeg\" \/>\n<meta name=\"twitter:card\" content=\"summary_large_image\" \/>\n<meta name=\"twitter:label1\" content=\"Tahmini okuma s\u00fcresi\" \/>\n\t<meta name=\"twitter:data1\" content=\"1 dakika\" \/>\n<script type=\"application\/ld+json\" class=\"yoast-schema-graph\">{\"@context\":\"https:\\\/\\\/schema.org\",\"@graph\":[{\"@type\":[\"WebPage\",\"ItemPage\"],\"@id\":\"https:\\\/\\\/www.purejewels.com\\\/product\\\/elchi-traya-22ct-gold-three-motif-bracelet-51787\\\/\",\"url\":\"https:\\\/\\\/www.purejewels.com\\\/product\\\/elchi-traya-22ct-gold-three-motif-bracelet-51787\\\/\",\"name\":\"Elchi Traya 22ct Gold Bracelet | PureJewels UK\",\"isPartOf\":{\"@id\":\"https:\\\/\\\/www.purejewels.com\\\/#website\"},\"primaryImageOfPage\":{\"@id\":\"https:\\\/\\\/www.purejewels.com\\\/product\\\/elchi-traya-22ct-gold-three-motif-bracelet-51787\\\/#primaryimage\"},\"image\":{\"@id\":\"https:\\\/\\\/www.purejewels.com\\\/product\\\/elchi-traya-22ct-gold-three-motif-bracelet-51787\\\/#primaryimage\"},\"thumbnailUrl\":\"https:\\\/\\\/static.purejewels.com\\\/wp-content\\\/uploads\\\/2025\\\/07\\\/SKU-51787.jpg\",\"datePublished\":\"2026-01-23T10:05:33+00:00\",\"dateModified\":\"2026-02-26T10:59:37+00:00\",\"description\":\"Discover the Elchi Traya 22ct gold bracelet, a refined three-motif design symbolising harmony and heritage. A sculptural everyday gold bracelet by PureJewels London.\",\"breadcrumb\":{\"@id\":\"https:\\\/\\\/www.purejewels.com\\\/product\\\/elchi-traya-22ct-gold-three-motif-bracelet-51787\\\/#breadcrumb\"},\"inLanguage\":\"tr\",\"potentialAction\":[{\"@type\":\"ReadAction\",\"target\":[\"https:\\\/\\\/www.purejewels.com\\\/product\\\/elchi-traya-22ct-gold-three-motif-bracelet-51787\\\/\"]}]},{\"@type\":\"ImageObject\",\"inLanguage\":\"tr\",\"@id\":\"https:\\\/\\\/www.purejewels.com\\\/product\\\/elchi-traya-22ct-gold-three-motif-bracelet-51787\\\/#primaryimage\",\"url\":\"https:\\\/\\\/static.purejewels.com\\\/wp-content\\\/uploads\\\/2025\\\/07\\\/SKU-51787.jpg\",\"contentUrl\":\"https:\\\/\\\/static.purejewels.com\\\/wp-content\\\/uploads\\\/2025\\\/07\\\/SKU-51787.jpg\",\"width\":1000,\"height\":1000,\"caption\":\"51787\"},{\"@type\":\"BreadcrumbList\",\"@id\":\"https:\\\/\\\/www.purejewels.com\\\/product\\\/elchi-traya-22ct-gold-three-motif-bracelet-51787\\\/#breadcrumb\",\"itemListElement\":[{\"@type\":\"ListItem\",\"position\":1,\"name\":\"Home\",\"item\":\"https:\\\/\\\/www.purejewels.com\\\/\"},{\"@type\":\"ListItem\",\"position\":2,\"name\":\"Shop\",\"item\":\"https:\\\/\\\/www.purejewels.com\\\/shop\\\/\"},{\"@type\":\"ListItem\",\"position\":3,\"name\":\"Elchi Traya \u2013 22ct Gold Three Motif Bracelet\"}]},{\"@type\":\"WebSite\",\"@id\":\"https:\\\/\\\/www.purejewels.com\\\/#website\",\"url\":\"https:\\\/\\\/www.purejewels.com\\\/\",\"name\":\"PureJewels UK\",\"description\":\"Share the Love\",\"publisher\":{\"@id\":\"https:\\\/\\\/www.purejewels.com\\\/#organization\"},\"potentialAction\":[{\"@type\":\"SearchAction\",\"target\":{\"@type\":\"EntryPoint\",\"urlTemplate\":\"https:\\\/\\\/www.purejewels.com\\\/?s={search_term_string}\"},\"query-input\":{\"@type\":\"PropertyValueSpecification\",\"valueRequired\":true,\"valueName\":\"search_term_string\"}}],\"inLanguage\":\"tr\"},{\"@type\":\"Organization\",\"@id\":\"https:\\\/\\\/www.purejewels.com\\\/#organization\",\"name\":\"PureJewels UK\",\"url\":\"https:\\\/\\\/www.purejewels.com\\\/\",\"logo\":{\"@type\":\"ImageObject\",\"inLanguage\":\"tr\",\"@id\":\"https:\\\/\\\/www.purejewels.com\\\/#\\\/schema\\\/logo\\\/image\\\/\",\"url\":\"https:\\\/\\\/static.purejewels.com\\\/wp-content\\\/uploads\\\/2020\\\/11\\\/Logo-PJ-New-1.png\",\"contentUrl\":\"https:\\\/\\\/static.purejewels.com\\\/wp-content\\\/uploads\\\/2020\\\/11\\\/Logo-PJ-New-1.png\",\"width\":150,\"height\":80,\"caption\":\"PureJewels UK\"},\"image\":{\"@id\":\"https:\\\/\\\/www.purejewels.com\\\/#\\\/schema\\\/logo\\\/image\\\/\"}}]}<\/script>\n<!-- \/ Yoast SEO plugin. -->","yoast_head_json":{"title":"Elchi Traya 22 Ayar Alt\u0131n Bileklik | PureJewels UK","description":"Uyum ve miras\u0131 simgeleyen \u00fc\u00e7 motifli zarif bir tasar\u0131m olan Elchi Traya 22 ayar alt\u0131n bilezi\u011fi ke\u015ffedin. PureJewels London'dan heykelsi bir g\u00fcnl\u00fck alt\u0131n bilezik.","robots":{"index":"index","follow":"follow","max-snippet":"max-snippet:-1","max-image-preview":"max-image-preview:large","max-video-preview":"max-video-preview:-1"},"canonical":"https:\/\/www.purejewels.com\/tr\/urun\/elchi-traya-22-ayar-altin-uc-motifli-bileklik-51787\/","og_locale":"tr_TR","og_type":"article","og_title":"Elchi Traya 22ct Gold Bracelet | PureJewels UK","og_description":"Discover the Elchi Traya 22ct gold bracelet, a refined three-motif design symbolising harmony and heritage. A sculptural everyday gold bracelet by PureJewels London.","og_url":"https:\/\/www.purejewels.com\/tr\/urun\/elchi-traya-22-ayar-altin-uc-motifli-bileklik-51787\/","og_site_name":"PureJewels UK","article_modified_time":"2026-02-26T10:59:37+00:00","og_image":[{"width":1000,"height":1000,"url":"https:\/\/static.purejewels.com\/wp-content\/uploads\/2025\/07\/SKU-51787.jpg","type":"image\/jpeg"}],"twitter_card":"summary_large_image","twitter_misc":{"Tahmini okuma s\u00fcresi":"1 dakika"},"schema":{"@context":"https:\/\/schema.org","@graph":[{"@type":["WebPage","ItemPage"],"@id":"https:\/\/www.purejewels.com\/product\/elchi-traya-22ct-gold-three-motif-bracelet-51787\/","url":"https:\/\/www.purejewels.com\/product\/elchi-traya-22ct-gold-three-motif-bracelet-51787\/","name":"Elchi Traya 22 Ayar Alt\u0131n Bileklik | PureJewels UK","isPartOf":{"@id":"https:\/\/www.purejewels.com\/#website"},"primaryImageOfPage":{"@id":"https:\/\/www.purejewels.com\/product\/elchi-traya-22ct-gold-three-motif-bracelet-51787\/#primaryimage"},"image":{"@id":"https:\/\/www.purejewels.com\/product\/elchi-traya-22ct-gold-three-motif-bracelet-51787\/#primaryimage"},"thumbnailUrl":"https:\/\/static.purejewels.com\/wp-content\/uploads\/2025\/07\/SKU-51787.jpg","datePublished":"2026-01-23T10:05:33+00:00","dateModified":"2026-02-26T10:59:37+00:00","description":"Uyum ve miras\u0131 simgeleyen \u00fc\u00e7 motifli zarif bir tasar\u0131m olan Elchi Traya 22 ayar alt\u0131n bilezi\u011fi ke\u015ffedin. PureJewels London'dan heykelsi bir g\u00fcnl\u00fck alt\u0131n bilezik.","breadcrumb":{"@id":"https:\/\/www.purejewels.com\/product\/elchi-traya-22ct-gold-three-motif-bracelet-51787\/#breadcrumb"},"inLanguage":"tr","potentialAction":[{"@type":"ReadAction","target":["https:\/\/www.purejewels.com\/product\/elchi-traya-22ct-gold-three-motif-bracelet-51787\/"]}]},{"@type":"ImageObject","inLanguage":"tr","@id":"https:\/\/www.purejewels.com\/product\/elchi-traya-22ct-gold-three-motif-bracelet-51787\/#primaryimage","url":"https:\/\/static.purejewels.com\/wp-content\/uploads\/2025\/07\/SKU-51787.jpg","contentUrl":"https:\/\/static.purejewels.com\/wp-content\/uploads\/2025\/07\/SKU-51787.jpg","width":1000,"height":1000,"caption":"51787"},{"@type":"BreadcrumbList","@id":"https:\/\/www.purejewels.com\/product\/elchi-traya-22ct-gold-three-motif-bracelet-51787\/#breadcrumb","itemListElement":[{"@type":"ListItem","position":1,"name":"Home","item":"https:\/\/www.purejewels.com\/"},{"@type":"ListItem","position":2,"name":"Shop","item":"https:\/\/www.purejewels.com\/shop\/"},{"@type":"ListItem","position":3,"name":"Elchi Traya \u2013 22ct Gold Three Motif Bracelet"}]},{"@type":"WebSite","@id":"https:\/\/www.purejewels.com\/#website","url":"https:\/\/www.purejewels.com\/","name":"PureJewels \u0130ngiltere","description":"Sevgiyi Payla\u015f\u0131n","publisher":{"@id":"https:\/\/www.purejewels.com\/#organization"},"potentialAction":[{"@type":"SearchAction","target":{"@type":"EntryPoint","urlTemplate":"https:\/\/www.purejewels.com\/?s={search_term_string}"},"query-input":{"@type":"PropertyValueSpecification","valueRequired":true,"valueName":"search_term_string"}}],"inLanguage":"tr"},{"@type":"Organization","@id":"https:\/\/www.purejewels.com\/#organization","name":"PureJewels \u0130ngiltere","url":"https:\/\/www.purejewels.com\/","logo":{"@type":"ImageObject","inLanguage":"tr","@id":"https:\/\/www.purejewels.com\/#\/schema\/logo\/image\/","url":"https:\/\/static.purejewels.com\/wp-content\/uploads\/2020\/11\/Logo-PJ-New-1.png","contentUrl":"https:\/\/static.purejewels.com\/wp-content\/uploads\/2020\/11\/Logo-PJ-New-1.png","width":150,"height":80,"caption":"PureJewels UK"},"image":{"@id":"https:\/\/www.purejewels.com\/#\/schema\/logo\/image\/"}}]}},"_links":{"self":[{"href":"https:\/\/www.purejewels.com\/tr\/wp-json\/wp\/v2\/product\/403690","targetHints":{"allow":["GET"]}}],"collection":[{"href":"https:\/\/www.purejewels.com\/tr\/wp-json\/wp\/v2\/product"}],"about":[{"href":"https:\/\/www.purejewels.com\/tr\/wp-json\/wp\/v2\/types\/product"}],"replies":[{"embeddable":true,"href":"https:\/\/www.purejewels.com\/tr\/wp-json\/wp\/v2\/comments?post=403690"}],"version-history":[{"count":2,"href":"https:\/\/www.purejewels.com\/tr\/wp-json\/wp\/v2\/product\/403690\/revisions"}],"predecessor-version":[{"id":426300,"href":"https:\/\/www.purejewels.com\/tr\/wp-json\/wp\/v2\/product\/403690\/revisions\/426300"}],"wp:featuredmedia":[{"embeddable":true,"href":"https:\/\/www.purejewels.com\/tr\/wp-json\/wp\/v2\/media\/403692"}],"wp:attachment":[{"href":"https:\/\/www.purejewels.com\/tr\/wp-json\/wp\/v2\/media?parent=403690"}],"wp:term":[{"taxonomy":"product_brand","embeddable":true,"href":"https:\/\/www.purejewels.com\/tr\/wp-json\/wp\/v2\/product_brand?post=403690"},{"taxonomy":"product_cat","embeddable":true,"href":"https:\/\/www.purejewels.com\/tr\/wp-json\/wp\/v2\/product_cat?post=403690"},{"taxonomy":"product_tag","embeddable":true,"href":"https:\/\/www.purejewels.com\/tr\/wp-json\/wp\/v2\/product_tag?post=403690"}],"curies":[{"name":"wp","href":"https:\/\/api.w.org\/{rel}","templated":true}]}}