{"id":403695,"date":"2025-05-07T10:58:54","date_gmt":"2025-05-07T09:58:54","guid":{"rendered":"https:\/\/www.purejewels.com\/?post_type=product&#038;p=403695"},"modified":"2026-03-16T05:27:16","modified_gmt":"2026-03-16T05:27:16","slug":"22-ayar-gundogumu-altin-elchi-motifli-kolye-51792","status":"publish","type":"product","link":"https:\/\/www.purejewels.com\/tr\/product\/22ct-sunrise-gold-elchi-motif-necklace-51792\/","title":{"rendered":"22 Ayar G\u00fcndo\u011fumu Alt\u0131n Elchi Motifli Kolye"},"content":{"rendered":"<p>Bu <strong>Elchi Rekha kolye<\/strong> g\u00fczelli\u011fini s\u00fcreklilik ve anlamdan al\u0131r. Zarif bir \u015fekilde 22 ayar alt\u0131ndan el i\u015f\u00e7ili\u011fiyle \u00fcretilen bu par\u00e7a, her biri i\u00e7sel \u0131\u015f\u0131\u011f\u0131n sembol\u00fc gibi alt\u0131n bir k\u00fcreyi kucaklayan eliptik Elchi motiflerinin ritmik bir d\u00fczenlemesine sahiptir. Boyun \u00e7izgisi boyunca nazik\u00e7e duracak \u015fekilde tasarlanan bu par\u00e7a, yollardan, hikayelerden ve kendini ifade etmekten bahseder.<\/p>\n<p>\u0130ster ince bir sofistike g\u00f6r\u00fcn\u00fcm i\u00e7in tek ba\u015f\u0131na giyilsin, ister di\u011fer par\u00e7alarla birlikte kullan\u0131ls\u0131n, her hareketiyle zarafeti \u00e7a\u011fr\u0131\u015ft\u0131r\u0131r. K\u00f6kleri gelene\u011fe dayanan, ancak zahmetsizce modern olan <em data-start=\"1448\" data-end=\"1461\">Elchi Rekha<\/em> g\u00fcn\u00fcm\u00fcz\u00fcn se\u00e7ici kad\u0131nlar\u0131 i\u00e7in bir stil yadig\u00e2r\u0131d\u0131r.<\/p>","protected":false},"excerpt":{"rendered":"<p>Heykelsi Elchi motiflerinin zarif bir dizisi olan <em data-start=\"752\" data-end=\"765\">Elchi Rekha<\/em> kolye, miras tasar\u0131m\u0131na zarif bir \u00f6vg\u00fcd\u00fcr. Saf 22 ayar alt\u0131ndan \u00fcretilen bu kolye zarafet, sembolizm ve giyilebilirlik aras\u0131nda m\u00fckemmel bir denge sunuyor.<\/p>\n<p><strong>Malzeme:<\/strong>\u00a022 Ayar G\u00fcndo\u011fumu Alt\u0131n<strong><br \/>\nHallmark:\u00a0<\/strong>\u0130ngiliz Damgas\u0131<strong><br \/>\n<\/strong><strong>Br\u00fct A\u011f\u0131rl\u0131k: <\/strong>7.44 Gms<br \/>\n<strong>Uzunluk:\u00a0<\/strong>18 in\u00e7<br \/>\n<strong>Geni\u015flik:<\/strong> 5 mm<br \/>\n<strong>SKU:<\/strong> 51792<\/p>\n<p><strong>Fiyat ve Teslimat<\/strong>: KDV ve teslimat \u00fccreti dahil<br \/>\n<a href=\"https:\/\/www.purejewels.com\/tr\/i%cc%87ade-poli%cc%87ti%cc%87kasi\/\">\u0130ade Politikas\u0131<\/a><\/p>","protected":false},"featured_media":403696,"comment_status":"closed","ping_status":"closed","template":"","meta":{"_eb_attr":"","_crsspst_to_jayantr4sg-hostcom":false},"product_brand":[],"product_cat":[1791,1559,236,5848,6116,1475,1229,1253,1570,1778,1574],"product_tag":[1430],"class_list":{"0":"post-403695","1":"product","2":"type-product","3":"status-publish","4":"has-post-thumbnail","6":"product_cat-anniversary-gifts","7":"product_cat-birthday-gifts","8":"product_cat-collections","9":"product_cat-elchi-collection","10":"product_cat-elchi-necklace","11":"product_cat-gold-chains","12":"product_cat-22ct-gold-jewellery","13":"product_cat-gold-necklaces","14":"product_cat-mothers-day-gifts","15":"product_cat-short-necklaces","16":"product_cat-womens-jewellery","17":"product_tag-diwali-gift","19":"first","20":"onbackorder","21":"taxable","22":"shipping-taxable","23":"purchasable","24":"product-type-simple","25":"add-to-wishlist-before_image"},"yoast_head":"<!-- This site is optimized with the Yoast SEO plugin v27.6 - https:\/\/yoast.com\/product\/yoast-seo-wordpress\/ -->\n<title>Elchi Rekha 22ct Gold Necklace | PureJewels London<\/title>\n<meta name=\"description\" content=\"Shop the Elchi Rekha 22ct gold necklace by PureJewels. Featuring a delicate line of sculptural motifs, this chain necklace blends heritage elegance with modern simplicity.\" \/>\n<meta name=\"robots\" content=\"index, follow, max-snippet:-1, max-image-preview:large, max-video-preview:-1\" \/>\n<link rel=\"canonical\" href=\"https:\/\/www.purejewels.com\/tr\/urun\/22-ayar-gundogumu-altin-elchi-motifli-kolye-51792\/\" \/>\n<meta property=\"og:locale\" content=\"tr_TR\" \/>\n<meta property=\"og:type\" content=\"article\" \/>\n<meta property=\"og:title\" content=\"Elchi Rekha 22ct Gold Necklace | PureJewels London\" \/>\n<meta property=\"og:description\" content=\"Shop the Elchi Rekha 22ct gold necklace by PureJewels. Featuring a delicate line of sculptural motifs, this chain necklace blends heritage elegance with modern simplicity.\" \/>\n<meta property=\"og:url\" content=\"https:\/\/www.purejewels.com\/tr\/urun\/22-ayar-gundogumu-altin-elchi-motifli-kolye-51792\/\" \/>\n<meta property=\"og:site_name\" content=\"PureJewels UK\" \/>\n<meta property=\"article:modified_time\" content=\"2026-03-16T05:27:16+00:00\" \/>\n<meta property=\"og:image\" content=\"https:\/\/static.purejewels.com\/wp-content\/uploads\/2025\/07\/SKU-51792.jpg\" \/>\n\t<meta property=\"og:image:width\" content=\"1000\" \/>\n\t<meta property=\"og:image:height\" content=\"1000\" \/>\n\t<meta property=\"og:image:type\" content=\"image\/jpeg\" \/>\n<meta name=\"twitter:card\" content=\"summary_large_image\" \/>\n<meta name=\"twitter:label1\" content=\"Tahmini okuma s\u00fcresi\" \/>\n\t<meta name=\"twitter:data1\" content=\"1 dakika\" \/>\n<script type=\"application\/ld+json\" class=\"yoast-schema-graph\">{\"@context\":\"https:\\\/\\\/schema.org\",\"@graph\":[{\"@type\":[\"WebPage\",\"ItemPage\"],\"@id\":\"https:\\\/\\\/www.purejewels.com\\\/product\\\/22ct-sunrise-gold-elchi-motif-necklace-51792\\\/\",\"url\":\"https:\\\/\\\/www.purejewels.com\\\/product\\\/22ct-sunrise-gold-elchi-motif-necklace-51792\\\/\",\"name\":\"Elchi Rekha 22ct Gold Necklace | PureJewels London\",\"isPartOf\":{\"@id\":\"https:\\\/\\\/www.purejewels.com\\\/#website\"},\"primaryImageOfPage\":{\"@id\":\"https:\\\/\\\/www.purejewels.com\\\/product\\\/22ct-sunrise-gold-elchi-motif-necklace-51792\\\/#primaryimage\"},\"image\":{\"@id\":\"https:\\\/\\\/www.purejewels.com\\\/product\\\/22ct-sunrise-gold-elchi-motif-necklace-51792\\\/#primaryimage\"},\"thumbnailUrl\":\"https:\\\/\\\/static.purejewels.com\\\/wp-content\\\/uploads\\\/2025\\\/07\\\/SKU-51792.jpg\",\"datePublished\":\"2025-05-07T09:58:54+00:00\",\"dateModified\":\"2026-03-16T05:27:16+00:00\",\"description\":\"Shop the Elchi Rekha 22ct gold necklace by PureJewels. Featuring a delicate line of sculptural motifs, this chain necklace blends heritage elegance with modern simplicity.\",\"breadcrumb\":{\"@id\":\"https:\\\/\\\/www.purejewels.com\\\/product\\\/22ct-sunrise-gold-elchi-motif-necklace-51792\\\/#breadcrumb\"},\"inLanguage\":\"tr\",\"potentialAction\":[{\"@type\":\"ReadAction\",\"target\":[\"https:\\\/\\\/www.purejewels.com\\\/product\\\/22ct-sunrise-gold-elchi-motif-necklace-51792\\\/\"]}]},{\"@type\":\"ImageObject\",\"inLanguage\":\"tr\",\"@id\":\"https:\\\/\\\/www.purejewels.com\\\/product\\\/22ct-sunrise-gold-elchi-motif-necklace-51792\\\/#primaryimage\",\"url\":\"https:\\\/\\\/static.purejewels.com\\\/wp-content\\\/uploads\\\/2025\\\/07\\\/SKU-51792.jpg\",\"contentUrl\":\"https:\\\/\\\/static.purejewels.com\\\/wp-content\\\/uploads\\\/2025\\\/07\\\/SKU-51792.jpg\",\"width\":1000,\"height\":1000,\"caption\":\"51792\"},{\"@type\":\"BreadcrumbList\",\"@id\":\"https:\\\/\\\/www.purejewels.com\\\/product\\\/22ct-sunrise-gold-elchi-motif-necklace-51792\\\/#breadcrumb\",\"itemListElement\":[{\"@type\":\"ListItem\",\"position\":1,\"name\":\"Home\",\"item\":\"https:\\\/\\\/www.purejewels.com\\\/\"},{\"@type\":\"ListItem\",\"position\":2,\"name\":\"Shop\",\"item\":\"https:\\\/\\\/www.purejewels.com\\\/shop\\\/\"},{\"@type\":\"ListItem\",\"position\":3,\"name\":\"22ct Sunrise Gold Elchi Motif Necklace\"}]},{\"@type\":\"WebSite\",\"@id\":\"https:\\\/\\\/www.purejewels.com\\\/#website\",\"url\":\"https:\\\/\\\/www.purejewels.com\\\/\",\"name\":\"PureJewels UK\",\"description\":\"Share the Love\",\"publisher\":{\"@id\":\"https:\\\/\\\/www.purejewels.com\\\/#organization\"},\"potentialAction\":[{\"@type\":\"SearchAction\",\"target\":{\"@type\":\"EntryPoint\",\"urlTemplate\":\"https:\\\/\\\/www.purejewels.com\\\/?s={search_term_string}\"},\"query-input\":{\"@type\":\"PropertyValueSpecification\",\"valueRequired\":true,\"valueName\":\"search_term_string\"}}],\"inLanguage\":\"tr\"},{\"@type\":\"Organization\",\"@id\":\"https:\\\/\\\/www.purejewels.com\\\/#organization\",\"name\":\"PureJewels UK\",\"url\":\"https:\\\/\\\/www.purejewels.com\\\/\",\"logo\":{\"@type\":\"ImageObject\",\"inLanguage\":\"tr\",\"@id\":\"https:\\\/\\\/www.purejewels.com\\\/#\\\/schema\\\/logo\\\/image\\\/\",\"url\":\"https:\\\/\\\/static.purejewels.com\\\/wp-content\\\/uploads\\\/2020\\\/11\\\/Logo-PJ-New-1.png\",\"contentUrl\":\"https:\\\/\\\/static.purejewels.com\\\/wp-content\\\/uploads\\\/2020\\\/11\\\/Logo-PJ-New-1.png\",\"width\":150,\"height\":80,\"caption\":\"PureJewels UK\"},\"image\":{\"@id\":\"https:\\\/\\\/www.purejewels.com\\\/#\\\/schema\\\/logo\\\/image\\\/\"}}]}<\/script>\n<!-- \/ Yoast SEO plugin. -->","yoast_head_json":{"title":"Elchi Rekha 22 Ayar Alt\u0131n Kolye | PureJewels London","description":"PureJewels'in Elchi Rekha 22 ayar alt\u0131n kolyesini sat\u0131n al\u0131n. Heykelsi motiflerden olu\u015fan narin bir \u00e7izgiye sahip bu zincir kolye, miras zarafetini modern sadelikle harmanl\u0131yor.","robots":{"index":"index","follow":"follow","max-snippet":"max-snippet:-1","max-image-preview":"max-image-preview:large","max-video-preview":"max-video-preview:-1"},"canonical":"https:\/\/www.purejewels.com\/tr\/urun\/22-ayar-gundogumu-altin-elchi-motifli-kolye-51792\/","og_locale":"tr_TR","og_type":"article","og_title":"Elchi Rekha 22ct Gold Necklace | PureJewels London","og_description":"Shop the Elchi Rekha 22ct gold necklace by PureJewels. Featuring a delicate line of sculptural motifs, this chain necklace blends heritage elegance with modern simplicity.","og_url":"https:\/\/www.purejewels.com\/tr\/urun\/22-ayar-gundogumu-altin-elchi-motifli-kolye-51792\/","og_site_name":"PureJewels UK","article_modified_time":"2026-03-16T05:27:16+00:00","og_image":[{"width":1000,"height":1000,"url":"https:\/\/static.purejewels.com\/wp-content\/uploads\/2025\/07\/SKU-51792.jpg","type":"image\/jpeg"}],"twitter_card":"summary_large_image","twitter_misc":{"Tahmini okuma s\u00fcresi":"1 dakika"},"schema":{"@context":"https:\/\/schema.org","@graph":[{"@type":["WebPage","ItemPage"],"@id":"https:\/\/www.purejewels.com\/product\/22ct-sunrise-gold-elchi-motif-necklace-51792\/","url":"https:\/\/www.purejewels.com\/product\/22ct-sunrise-gold-elchi-motif-necklace-51792\/","name":"Elchi Rekha 22 Ayar Alt\u0131n Kolye | PureJewels London","isPartOf":{"@id":"https:\/\/www.purejewels.com\/#website"},"primaryImageOfPage":{"@id":"https:\/\/www.purejewels.com\/product\/22ct-sunrise-gold-elchi-motif-necklace-51792\/#primaryimage"},"image":{"@id":"https:\/\/www.purejewels.com\/product\/22ct-sunrise-gold-elchi-motif-necklace-51792\/#primaryimage"},"thumbnailUrl":"https:\/\/static.purejewels.com\/wp-content\/uploads\/2025\/07\/SKU-51792.jpg","datePublished":"2025-05-07T09:58:54+00:00","dateModified":"2026-03-16T05:27:16+00:00","description":"PureJewels'in Elchi Rekha 22 ayar alt\u0131n kolyesini sat\u0131n al\u0131n. Heykelsi motiflerden olu\u015fan narin bir \u00e7izgiye sahip bu zincir kolye, miras zarafetini modern sadelikle harmanl\u0131yor.","breadcrumb":{"@id":"https:\/\/www.purejewels.com\/product\/22ct-sunrise-gold-elchi-motif-necklace-51792\/#breadcrumb"},"inLanguage":"tr","potentialAction":[{"@type":"ReadAction","target":["https:\/\/www.purejewels.com\/product\/22ct-sunrise-gold-elchi-motif-necklace-51792\/"]}]},{"@type":"ImageObject","inLanguage":"tr","@id":"https:\/\/www.purejewels.com\/product\/22ct-sunrise-gold-elchi-motif-necklace-51792\/#primaryimage","url":"https:\/\/static.purejewels.com\/wp-content\/uploads\/2025\/07\/SKU-51792.jpg","contentUrl":"https:\/\/static.purejewels.com\/wp-content\/uploads\/2025\/07\/SKU-51792.jpg","width":1000,"height":1000,"caption":"51792"},{"@type":"BreadcrumbList","@id":"https:\/\/www.purejewels.com\/product\/22ct-sunrise-gold-elchi-motif-necklace-51792\/#breadcrumb","itemListElement":[{"@type":"ListItem","position":1,"name":"Home","item":"https:\/\/www.purejewels.com\/"},{"@type":"ListItem","position":2,"name":"Shop","item":"https:\/\/www.purejewels.com\/shop\/"},{"@type":"ListItem","position":3,"name":"22ct Sunrise Gold Elchi Motif Necklace"}]},{"@type":"WebSite","@id":"https:\/\/www.purejewels.com\/#website","url":"https:\/\/www.purejewels.com\/","name":"PureJewels \u0130ngiltere","description":"Sevgiyi Payla\u015f\u0131n","publisher":{"@id":"https:\/\/www.purejewels.com\/#organization"},"potentialAction":[{"@type":"SearchAction","target":{"@type":"EntryPoint","urlTemplate":"https:\/\/www.purejewels.com\/?s={search_term_string}"},"query-input":{"@type":"PropertyValueSpecification","valueRequired":true,"valueName":"search_term_string"}}],"inLanguage":"tr"},{"@type":"Organization","@id":"https:\/\/www.purejewels.com\/#organization","name":"PureJewels \u0130ngiltere","url":"https:\/\/www.purejewels.com\/","logo":{"@type":"ImageObject","inLanguage":"tr","@id":"https:\/\/www.purejewels.com\/#\/schema\/logo\/image\/","url":"https:\/\/static.purejewels.com\/wp-content\/uploads\/2020\/11\/Logo-PJ-New-1.png","contentUrl":"https:\/\/static.purejewels.com\/wp-content\/uploads\/2020\/11\/Logo-PJ-New-1.png","width":150,"height":80,"caption":"PureJewels UK"},"image":{"@id":"https:\/\/www.purejewels.com\/#\/schema\/logo\/image\/"}}]}},"_links":{"self":[{"href":"https:\/\/www.purejewels.com\/tr\/wp-json\/wp\/v2\/product\/403695","targetHints":{"allow":["GET"]}}],"collection":[{"href":"https:\/\/www.purejewels.com\/tr\/wp-json\/wp\/v2\/product"}],"about":[{"href":"https:\/\/www.purejewels.com\/tr\/wp-json\/wp\/v2\/types\/product"}],"replies":[{"embeddable":true,"href":"https:\/\/www.purejewels.com\/tr\/wp-json\/wp\/v2\/comments?post=403695"}],"version-history":[{"count":1,"href":"https:\/\/www.purejewels.com\/tr\/wp-json\/wp\/v2\/product\/403695\/revisions"}],"predecessor-version":[{"id":403697,"href":"https:\/\/www.purejewels.com\/tr\/wp-json\/wp\/v2\/product\/403695\/revisions\/403697"}],"wp:featuredmedia":[{"embeddable":true,"href":"https:\/\/www.purejewels.com\/tr\/wp-json\/wp\/v2\/media\/403696"}],"wp:attachment":[{"href":"https:\/\/www.purejewels.com\/tr\/wp-json\/wp\/v2\/media?parent=403695"}],"wp:term":[{"taxonomy":"product_brand","embeddable":true,"href":"https:\/\/www.purejewels.com\/tr\/wp-json\/wp\/v2\/product_brand?post=403695"},{"taxonomy":"product_cat","embeddable":true,"href":"https:\/\/www.purejewels.com\/tr\/wp-json\/wp\/v2\/product_cat?post=403695"},{"taxonomy":"product_tag","embeddable":true,"href":"https:\/\/www.purejewels.com\/tr\/wp-json\/wp\/v2\/product_tag?post=403695"}],"curies":[{"name":"wp","href":"https:\/\/api.w.org\/{rel}","templated":true}]}}