{"id":403765,"date":"2025-07-08T08:09:08","date_gmt":"2025-07-08T07:09:08","guid":{"rendered":"https:\/\/www.purejewels.com\/?post_type=product&#038;p=403765"},"modified":"2026-01-06T10:00:28","modified_gmt":"2026-01-06T10:00:28","slug":"cocuk-siyah-boncuklu-altin-bileklik-45923","status":"publish","type":"product","link":"https:\/\/www.purejewels.com\/tr\/product\/kids-black-bead-gold-bracelet-45923\/","title":{"rendered":"\u00c7ocuk Siyah Boncuklu Alt\u0131n Bileklik"},"content":{"rendered":"<p>K\u00f6kleri gelene\u011fe dayanan ancak modern k\u00fc\u00e7\u00fckler i\u00e7in tasarlanan K\u00fc\u00e7\u00fck Nazar Alt\u0131n Bileklik, as\u0131rl\u0131k sembolizmi g\u00fcnl\u00fck kolayl\u0131kla harmanl\u0131yor. Her bir siyah boncuk, nazara kar\u015f\u0131 korudu\u011funa inan\u0131lan 22 ayar alt\u0131n ba\u011flant\u0131larla \u00f6zenle yerle\u015ftirilmi\u015f ve e\u011flenceli bir cazibe katm\u0131\u015ft\u0131r.<\/p>\n<p>Hafif, g\u00fcvenli ve \u00f6zenle haz\u0131rlanm\u0131\u015f olan bu bileklik, g\u00fcnl\u00fck kullan\u0131m veya hediye i\u00e7in m\u00fckemmeldir. \u0130ster sevgi ister gelenek jesti olarak tak\u0131ls\u0131n, bu bileklik \u00e7ocukluk anlar\u0131 ve hat\u0131ralar\u0131 i\u00e7in hem rahatl\u0131k hem de k\u00fclt\u00fcrel anlam sunar.<\/p>","protected":false},"excerpt":{"rendered":"<p>Geleneksel siyah boncuk bilezi\u011fin modern bir yorumu olan Little Nazar, 22 ayar alt\u0131ndan \u00fcretilmi\u015f olup rahatl\u0131k ve anlam i\u00e7in tasarlanm\u0131\u015ft\u0131r. G\u00fcn\u00fcm\u00fcz i\u00e7in yeniden tasarlanm\u0131\u015f koruyucu bir simge.<\/p>\n<p><strong>Malzeme:<\/strong>\u00a022 Ayar Alt\u0131n<strong><br \/>\nHallmark:\u00a0<\/strong>\u0130ngiliz Damgas\u0131<strong><br \/>\n<\/strong><strong>Br\u00fct A\u011f\u0131rl\u0131k: <\/strong>2.00 Gms<br \/>\n<strong>Uzunluk:<\/strong> 5,5 in\u00e7<br \/>\n<strong>SKU:<\/strong> 45923<\/p>\n<p><strong>Fiyat ve Teslimat<\/strong>: KDV ve teslimat \u00fccreti dahil<br \/>\n<a href=\"https:\/\/www.purejewels.com\/tr\/i%cc%87ade-poli%cc%87ti%cc%87kasi\/\">\u0130ade Politikas\u0131<\/a><\/p>","protected":false},"featured_media":403767,"comment_status":"closed","ping_status":"closed","template":"","meta":{"_eb_attr":"","_crsspst_to_jayantr4sg-hostcom":true},"product_brand":[],"product_cat":[5441,1576,1324,1229,5343,1436,5349],"product_tag":[1546],"class_list":{"0":"post-403765","1":"product","2":"type-product","3":"status-publish","4":"has-post-thumbnail","6":"product_cat-gold-bead-bracelets","7":"product_cat-childrens-jewellery","8":"product_cat-gold-bracelet","9":"product_cat-22ct-gold-jewellery","10":"product_cat-jewellery-under-550","11":"product_cat-kids-bracelet-kada","12":"product_cat-yellow-gold-jewellery","13":"product_tag-children","15":"first","16":"outofstock","17":"taxable","18":"shipping-taxable","19":"product-type-simple","20":"add-to-wishlist-before_image"},"yoast_head":"<!-- This site is optimized with the Yoast SEO plugin v27.5 - https:\/\/yoast.com\/product\/yoast-seo-wordpress\/ -->\n<title>Kids Black Bead Gold Bracelet \u2013 Little Nazariya | PureJewels<\/title>\n<meta name=\"description\" content=\"Shop the Little Nazar Gold Bracelet for kids by PureJewels. Crafted with black beads and 22ct gold links to symbolise protection with style.\" \/>\n<meta name=\"robots\" content=\"index, follow, max-snippet:-1, max-image-preview:large, max-video-preview:-1\" \/>\n<link rel=\"canonical\" href=\"https:\/\/www.purejewels.com\/tr\/urun\/cocuk-siyah-boncuklu-altin-bileklik-45923\/\" \/>\n<meta property=\"og:locale\" content=\"tr_TR\" \/>\n<meta property=\"og:type\" content=\"article\" \/>\n<meta property=\"og:title\" content=\"Kids Black Bead Gold Bracelet \u2013 Little Nazariya | PureJewels\" \/>\n<meta property=\"og:description\" content=\"Shop the Little Nazar Gold Bracelet for kids by PureJewels. Crafted with black beads and 22ct gold links to symbolise protection with style.\" \/>\n<meta property=\"og:url\" content=\"https:\/\/www.purejewels.com\/tr\/urun\/cocuk-siyah-boncuklu-altin-bileklik-45923\/\" \/>\n<meta property=\"og:site_name\" content=\"PureJewels UK\" \/>\n<meta property=\"article:modified_time\" content=\"2026-01-06T10:00:28+00:00\" \/>\n<meta property=\"og:image\" content=\"https:\/\/www.purejewels.com\/wp-content\/uploads\/2025\/07\/SKU-45923.jpg\" \/>\n\t<meta property=\"og:image:width\" content=\"1000\" \/>\n\t<meta property=\"og:image:height\" content=\"1000\" \/>\n\t<meta property=\"og:image:type\" content=\"image\/jpeg\" \/>\n<meta name=\"twitter:card\" content=\"summary_large_image\" \/>\n<script type=\"application\/ld+json\" class=\"yoast-schema-graph\">{\"@context\":\"https:\\\/\\\/schema.org\",\"@graph\":[{\"@type\":[\"WebPage\",\"ItemPage\"],\"@id\":\"https:\\\/\\\/www.purejewels.com\\\/product\\\/kids-black-bead-gold-bracelet-45923\\\/\",\"url\":\"https:\\\/\\\/www.purejewels.com\\\/product\\\/kids-black-bead-gold-bracelet-45923\\\/\",\"name\":\"Kids Black Bead Gold Bracelet \u2013 Little Nazariya | PureJewels\",\"isPartOf\":{\"@id\":\"https:\\\/\\\/www.purejewels.com\\\/#website\"},\"primaryImageOfPage\":{\"@id\":\"https:\\\/\\\/www.purejewels.com\\\/product\\\/kids-black-bead-gold-bracelet-45923\\\/#primaryimage\"},\"image\":{\"@id\":\"https:\\\/\\\/www.purejewels.com\\\/product\\\/kids-black-bead-gold-bracelet-45923\\\/#primaryimage\"},\"thumbnailUrl\":\"https:\\\/\\\/static.purejewels.com\\\/wp-content\\\/uploads\\\/2025\\\/07\\\/SKU-45923.jpg\",\"datePublished\":\"2025-07-08T07:09:08+00:00\",\"dateModified\":\"2026-01-06T10:00:28+00:00\",\"description\":\"Shop the Little Nazar Gold Bracelet for kids by PureJewels. Crafted with black beads and 22ct gold links to symbolise protection with style.\",\"breadcrumb\":{\"@id\":\"https:\\\/\\\/www.purejewels.com\\\/product\\\/kids-black-bead-gold-bracelet-45923\\\/#breadcrumb\"},\"inLanguage\":\"tr\",\"potentialAction\":[{\"@type\":\"ReadAction\",\"target\":[\"https:\\\/\\\/www.purejewels.com\\\/product\\\/kids-black-bead-gold-bracelet-45923\\\/\"]}]},{\"@type\":\"ImageObject\",\"inLanguage\":\"tr\",\"@id\":\"https:\\\/\\\/www.purejewels.com\\\/product\\\/kids-black-bead-gold-bracelet-45923\\\/#primaryimage\",\"url\":\"https:\\\/\\\/static.purejewels.com\\\/wp-content\\\/uploads\\\/2025\\\/07\\\/SKU-45923.jpg\",\"contentUrl\":\"https:\\\/\\\/static.purejewels.com\\\/wp-content\\\/uploads\\\/2025\\\/07\\\/SKU-45923.jpg\",\"width\":1000,\"height\":1000,\"caption\":\"45923\"},{\"@type\":\"BreadcrumbList\",\"@id\":\"https:\\\/\\\/www.purejewels.com\\\/product\\\/kids-black-bead-gold-bracelet-45923\\\/#breadcrumb\",\"itemListElement\":[{\"@type\":\"ListItem\",\"position\":1,\"name\":\"Home\",\"item\":\"https:\\\/\\\/www.purejewels.com\\\/\"},{\"@type\":\"ListItem\",\"position\":2,\"name\":\"Shop\",\"item\":\"https:\\\/\\\/www.purejewels.com\\\/shop\\\/\"},{\"@type\":\"ListItem\",\"position\":3,\"name\":\"Kids Black Bead Gold Bracelet\"}]},{\"@type\":\"WebSite\",\"@id\":\"https:\\\/\\\/www.purejewels.com\\\/#website\",\"url\":\"https:\\\/\\\/www.purejewels.com\\\/\",\"name\":\"PureJewels UK\",\"description\":\"Share the Love\",\"publisher\":{\"@id\":\"https:\\\/\\\/www.purejewels.com\\\/#organization\"},\"potentialAction\":[{\"@type\":\"SearchAction\",\"target\":{\"@type\":\"EntryPoint\",\"urlTemplate\":\"https:\\\/\\\/www.purejewels.com\\\/?s={search_term_string}\"},\"query-input\":{\"@type\":\"PropertyValueSpecification\",\"valueRequired\":true,\"valueName\":\"search_term_string\"}}],\"inLanguage\":\"tr\"},{\"@type\":\"Organization\",\"@id\":\"https:\\\/\\\/www.purejewels.com\\\/#organization\",\"name\":\"PureJewels UK\",\"url\":\"https:\\\/\\\/www.purejewels.com\\\/\",\"logo\":{\"@type\":\"ImageObject\",\"inLanguage\":\"tr\",\"@id\":\"https:\\\/\\\/www.purejewels.com\\\/#\\\/schema\\\/logo\\\/image\\\/\",\"url\":\"https:\\\/\\\/static.purejewels.com\\\/wp-content\\\/uploads\\\/2020\\\/11\\\/Logo-PJ-New-1.png\",\"contentUrl\":\"https:\\\/\\\/static.purejewels.com\\\/wp-content\\\/uploads\\\/2020\\\/11\\\/Logo-PJ-New-1.png\",\"width\":150,\"height\":80,\"caption\":\"PureJewels UK\"},\"image\":{\"@id\":\"https:\\\/\\\/www.purejewels.com\\\/#\\\/schema\\\/logo\\\/image\\\/\"}}]}<\/script>\n<!-- \/ Yoast SEO plugin. -->","yoast_head_json":{"title":"\u00c7ocuk Siyah Boncuklu Alt\u0131n Bileklik - Little Nazariya | PureJewels","description":"PureJewels'ten \u00e7ocuklar i\u00e7in Little Nazar Alt\u0131n Bileklik sat\u0131n al\u0131n. Siyah boncuklar ve 22 ayar alt\u0131n ba\u011flant\u0131larla haz\u0131rlanm\u0131\u015f bu bilezik, stil sahibi korumay\u0131 sembolize ediyor.","robots":{"index":"index","follow":"follow","max-snippet":"max-snippet:-1","max-image-preview":"max-image-preview:large","max-video-preview":"max-video-preview:-1"},"canonical":"https:\/\/www.purejewels.com\/tr\/urun\/cocuk-siyah-boncuklu-altin-bileklik-45923\/","og_locale":"tr_TR","og_type":"article","og_title":"Kids Black Bead Gold Bracelet \u2013 Little Nazariya | PureJewels","og_description":"Shop the Little Nazar Gold Bracelet for kids by PureJewels. Crafted with black beads and 22ct gold links to symbolise protection with style.","og_url":"https:\/\/www.purejewels.com\/tr\/urun\/cocuk-siyah-boncuklu-altin-bileklik-45923\/","og_site_name":"PureJewels UK","article_modified_time":"2026-01-06T10:00:28+00:00","og_image":[{"width":1000,"height":1000,"url":"https:\/\/www.purejewels.com\/wp-content\/uploads\/2025\/07\/SKU-45923.jpg","type":"image\/jpeg"}],"twitter_card":"summary_large_image","schema":{"@context":"https:\/\/schema.org","@graph":[{"@type":["WebPage","ItemPage"],"@id":"https:\/\/www.purejewels.com\/product\/kids-black-bead-gold-bracelet-45923\/","url":"https:\/\/www.purejewels.com\/product\/kids-black-bead-gold-bracelet-45923\/","name":"\u00c7ocuk Siyah Boncuklu Alt\u0131n Bileklik - Little Nazariya | PureJewels","isPartOf":{"@id":"https:\/\/www.purejewels.com\/#website"},"primaryImageOfPage":{"@id":"https:\/\/www.purejewels.com\/product\/kids-black-bead-gold-bracelet-45923\/#primaryimage"},"image":{"@id":"https:\/\/www.purejewels.com\/product\/kids-black-bead-gold-bracelet-45923\/#primaryimage"},"thumbnailUrl":"https:\/\/static.purejewels.com\/wp-content\/uploads\/2025\/07\/SKU-45923.jpg","datePublished":"2025-07-08T07:09:08+00:00","dateModified":"2026-01-06T10:00:28+00:00","description":"PureJewels'ten \u00e7ocuklar i\u00e7in Little Nazar Alt\u0131n Bileklik sat\u0131n al\u0131n. Siyah boncuklar ve 22 ayar alt\u0131n ba\u011flant\u0131larla haz\u0131rlanm\u0131\u015f bu bilezik, stil sahibi korumay\u0131 sembolize ediyor.","breadcrumb":{"@id":"https:\/\/www.purejewels.com\/product\/kids-black-bead-gold-bracelet-45923\/#breadcrumb"},"inLanguage":"tr","potentialAction":[{"@type":"ReadAction","target":["https:\/\/www.purejewels.com\/product\/kids-black-bead-gold-bracelet-45923\/"]}]},{"@type":"ImageObject","inLanguage":"tr","@id":"https:\/\/www.purejewels.com\/product\/kids-black-bead-gold-bracelet-45923\/#primaryimage","url":"https:\/\/static.purejewels.com\/wp-content\/uploads\/2025\/07\/SKU-45923.jpg","contentUrl":"https:\/\/static.purejewels.com\/wp-content\/uploads\/2025\/07\/SKU-45923.jpg","width":1000,"height":1000,"caption":"45923"},{"@type":"BreadcrumbList","@id":"https:\/\/www.purejewels.com\/product\/kids-black-bead-gold-bracelet-45923\/#breadcrumb","itemListElement":[{"@type":"ListItem","position":1,"name":"Home","item":"https:\/\/www.purejewels.com\/"},{"@type":"ListItem","position":2,"name":"Shop","item":"https:\/\/www.purejewels.com\/shop\/"},{"@type":"ListItem","position":3,"name":"Kids Black Bead Gold Bracelet"}]},{"@type":"WebSite","@id":"https:\/\/www.purejewels.com\/#website","url":"https:\/\/www.purejewels.com\/","name":"PureJewels \u0130ngiltere","description":"Sevgiyi Payla\u015f\u0131n","publisher":{"@id":"https:\/\/www.purejewels.com\/#organization"},"potentialAction":[{"@type":"SearchAction","target":{"@type":"EntryPoint","urlTemplate":"https:\/\/www.purejewels.com\/?s={search_term_string}"},"query-input":{"@type":"PropertyValueSpecification","valueRequired":true,"valueName":"search_term_string"}}],"inLanguage":"tr"},{"@type":"Organization","@id":"https:\/\/www.purejewels.com\/#organization","name":"PureJewels \u0130ngiltere","url":"https:\/\/www.purejewels.com\/","logo":{"@type":"ImageObject","inLanguage":"tr","@id":"https:\/\/www.purejewels.com\/#\/schema\/logo\/image\/","url":"https:\/\/static.purejewels.com\/wp-content\/uploads\/2020\/11\/Logo-PJ-New-1.png","contentUrl":"https:\/\/static.purejewels.com\/wp-content\/uploads\/2020\/11\/Logo-PJ-New-1.png","width":150,"height":80,"caption":"PureJewels UK"},"image":{"@id":"https:\/\/www.purejewels.com\/#\/schema\/logo\/image\/"}}]}},"_links":{"self":[{"href":"https:\/\/www.purejewels.com\/tr\/wp-json\/wp\/v2\/product\/403765","targetHints":{"allow":["GET"]}}],"collection":[{"href":"https:\/\/www.purejewels.com\/tr\/wp-json\/wp\/v2\/product"}],"about":[{"href":"https:\/\/www.purejewels.com\/tr\/wp-json\/wp\/v2\/types\/product"}],"replies":[{"embeddable":true,"href":"https:\/\/www.purejewels.com\/tr\/wp-json\/wp\/v2\/comments?post=403765"}],"version-history":[{"count":1,"href":"https:\/\/www.purejewels.com\/tr\/wp-json\/wp\/v2\/product\/403765\/revisions"}],"predecessor-version":[{"id":403775,"href":"https:\/\/www.purejewels.com\/tr\/wp-json\/wp\/v2\/product\/403765\/revisions\/403775"}],"wp:featuredmedia":[{"embeddable":true,"href":"https:\/\/www.purejewels.com\/tr\/wp-json\/wp\/v2\/media\/403767"}],"wp:attachment":[{"href":"https:\/\/www.purejewels.com\/tr\/wp-json\/wp\/v2\/media?parent=403765"}],"wp:term":[{"taxonomy":"product_brand","embeddable":true,"href":"https:\/\/www.purejewels.com\/tr\/wp-json\/wp\/v2\/product_brand?post=403765"},{"taxonomy":"product_cat","embeddable":true,"href":"https:\/\/www.purejewels.com\/tr\/wp-json\/wp\/v2\/product_cat?post=403765"},{"taxonomy":"product_tag","embeddable":true,"href":"https:\/\/www.purejewels.com\/tr\/wp-json\/wp\/v2\/product_tag?post=403765"}],"curies":[{"name":"wp","href":"https:\/\/api.w.org\/{rel}","templated":true}]}}