{"id":403778,"date":"2025-08-08T08:41:00","date_gmt":"2025-08-08T07:41:00","guid":{"rendered":"https:\/\/www.purejewels.com\/?post_type=product&#038;p=403778"},"modified":"2026-04-24T11:49:31","modified_gmt":"2026-04-24T10:49:31","slug":"nazar-gold-bloom-cocuk-bi%cc%87lekli%cc%87gi%cc%87-46960","status":"publish","type":"product","link":"https:\/\/www.purejewels.com\/tr\/product\/nazar-gold-bloom-bracelet-for-kids-46960\/","title":{"rendered":"Nazar Alt\u0131n \u00c7i\u00e7ek \u00c7ocuk Bilekli\u011fi"},"content":{"rendered":"<p data-start=\"501\" data-end=\"743\"><strong data-start=\"501\" data-end=\"511\">Tasar\u0131m<\/strong><br data-start=\"511\" data-end=\"514\" \/>Bu b\u00fcy\u00fcleyici 22 ayar alt\u0131n bileklik, nazardan korunmak i\u00e7in tasarlanm\u0131\u015f parlak siyah boncuklar\u0131 narin alt\u0131n \u00e7i\u00e7ek unsurlar\u0131yla birle\u015ftiriyor. D\u00fczenleme, k\u00fc\u00e7\u00fck bilekler i\u00e7in m\u00fckemmel olan ritmik bir koruma ve g\u00fczellik dengesi yarat\u0131r.<\/p>\n<p data-start=\"745\" data-end=\"977\"><strong data-start=\"745\" data-end=\"762\">Zanaatkarl\u0131k<\/strong><br data-start=\"762\" data-end=\"765\" \/>Londra'da el yap\u0131m\u0131 olarak \u00fcretilen ve \u0130ngiltere Assay Ofisi taraf\u0131ndan damgalanan her bir boncuk, dayan\u0131kl\u0131 alt\u0131n baklal\u0131 zincir \u00fczerine hassasiyetle dizilmi\u015ftir. \u0130nce detaylar ve g\u00fcvenli toka, rahatl\u0131k ve uzun \u00f6m\u00fcrl\u00fcl\u00fc\u011fe g\u00f6sterilen \u00f6zeni yans\u0131tmaktad\u0131r.<\/p>\n<p data-start=\"979\" data-end=\"1204\" data-is-last-node=\"\" data-is-only-node=\"\"><strong data-start=\"979\" data-end=\"1000\">\u015eekillendirme &amp; Hediyele\u015fme<\/strong><br data-start=\"1000\" data-end=\"1003\" \/>Yeni do\u011fanlar, do\u011fum g\u00fcnleri veya isim verme t\u00f6renleri i\u00e7in d\u00fc\u015f\u00fcnceli bir hediye olan bu bileklik, gelene\u011fi zarafetle harmanl\u0131yor. Sevgi ve koruman\u0131n hat\u0131ras\u0131 olan bu bileklik g\u00fcnl\u00fck olarak tak\u0131labilir veya bir aile yadigar\u0131 olarak saklanabilir.<\/p>\n<p data-start=\"979\" data-end=\"1204\" data-is-last-node=\"\" data-is-only-node=\"\">\u00c7ocuklar i\u00e7in Nazar Alt\u0131n \u00c7i\u00e7ek Bileklik, olumsuzluklar\u0131 \u00f6nlemek i\u00e7in tasarlanm\u0131\u015f siyah boncuklar ve parlak alt\u0131n vurgular i\u00e7eren gelenek ve koruman\u0131n hassas bir kar\u0131\u015f\u0131m\u0131d\u0131r. K\u00fc\u00e7\u00fck bilekler i\u00e7in \u00f6zenle haz\u0131rlanan bu bileklik, bereketi, sevgiyi ve yeni ba\u015flang\u0131\u00e7lar\u0131 kutlayan anlaml\u0131 bir bebek bayram\u0131 hediyesidir. Bayram sezonunun \u00f6tesinde de el \u00fcst\u00fcnde tutulacak zamans\u0131z bir hat\u0131ra.<\/p>","protected":false},"excerpt":{"rendered":"<p>Nazar Gold Bloom Bileklik, hem stil hem de sembolizm sunan alternatif siyah boncuklar ve alt\u0131n vurgularla haz\u0131rlanm\u0131\u015ft\u0131r. Koruyucu niyetli b\u00fcy\u00fcleyici bir hediye.<\/p>\n<p><strong>Malzeme:<\/strong>\u00a022 Ayar Alt\u0131n<strong><br \/>\nHallmark:\u00a0<\/strong>\u0130ngiliz Damgas\u0131<strong><br \/>\n<\/strong><strong>Br\u00fct A\u011f\u0131rl\u0131k: <\/strong>2.20 Gms<br \/>\n<strong>Uzunluk:<\/strong> 4,75 in\u00e7<br \/>\n<strong>SKU:<\/strong> 46960<\/p>\n<p><strong>Fiyat ve Teslimat<\/strong>: KDV ve teslimat \u00fccreti dahil<br \/>\n<a href=\"https:\/\/www.purejewels.com\/tr\/i%cc%87ade-poli%cc%87ti%cc%87kasi\/\">\u0130ade Politikas\u0131<\/a><\/p>\n<p>&nbsp;<\/p>","protected":false},"featured_media":403779,"comment_status":"closed","ping_status":"closed","template":"","meta":{"_eb_attr":"","_crsspst_to_jayantr4sg-hostcom":true},"product_brand":[],"product_cat":[5672,5441,1576,1324,1229,5343,1436,5349],"product_tag":[1546],"class_list":{"0":"post-403778","1":"product","2":"type-product","3":"status-publish","4":"has-post-thumbnail","6":"product_cat-baby-gold-bracelet","7":"product_cat-gold-bead-bracelets","8":"product_cat-childrens-jewellery","9":"product_cat-gold-bracelet","10":"product_cat-22ct-gold-jewellery","11":"product_cat-jewellery-under-550","12":"product_cat-kids-bracelet-kada","13":"product_cat-yellow-gold-jewellery","14":"product_tag-children","16":"first","17":"instock","18":"taxable","19":"shipping-taxable","20":"purchasable","21":"product-type-simple","22":"add-to-wishlist-before_image"},"yoast_head":"<!-- This site is optimized with the Yoast SEO plugin v27.6 - https:\/\/yoast.com\/product\/yoast-seo-wordpress\/ -->\n<title>Nazar Gold Bloom Bracelet for Kids \u2013 22ct Gold &amp; Black Beads<\/title>\n<meta name=\"description\" content=\"Discover the Nazar Gold Bloom Bracelet for children. Handcrafted in 22ct gold with protective black beads and floral gold detailing\u2014perfect for everyday blessings.\" \/>\n<meta name=\"robots\" content=\"index, follow, max-snippet:-1, max-image-preview:large, max-video-preview:-1\" \/>\n<link rel=\"canonical\" href=\"https:\/\/www.purejewels.com\/tr\/urun\/nazar-gold-bloom-cocuk-bi\u0307lekli\u0307gi\u0307-46960\/\" \/>\n<meta property=\"og:locale\" content=\"tr_TR\" \/>\n<meta property=\"og:type\" content=\"article\" \/>\n<meta property=\"og:title\" content=\"Nazar Gold Bloom Bracelet for Kids \u2013 22ct Gold &amp; Black Beads\" \/>\n<meta property=\"og:description\" content=\"Discover the Nazar Gold Bloom Bracelet for children. Handcrafted in 22ct gold with protective black beads and floral gold detailing\u2014perfect for everyday blessings.\" \/>\n<meta property=\"og:url\" content=\"https:\/\/www.purejewels.com\/tr\/urun\/nazar-gold-bloom-cocuk-bi\u0307lekli\u0307gi\u0307-46960\/\" \/>\n<meta property=\"og:site_name\" content=\"PureJewels UK\" \/>\n<meta property=\"article:modified_time\" content=\"2026-04-24T10:49:31+00:00\" \/>\n<meta property=\"og:image\" content=\"https:\/\/static.purejewels.com\/wp-content\/uploads\/2025\/07\/SKU-46960.jpg\" \/>\n\t<meta property=\"og:image:width\" content=\"1000\" \/>\n\t<meta property=\"og:image:height\" content=\"1000\" \/>\n\t<meta property=\"og:image:type\" content=\"image\/jpeg\" \/>\n<meta name=\"twitter:card\" content=\"summary_large_image\" \/>\n<meta name=\"twitter:label1\" content=\"Tahmini okuma s\u00fcresi\" \/>\n\t<meta name=\"twitter:data1\" content=\"1 dakika\" \/>\n<script type=\"application\/ld+json\" class=\"yoast-schema-graph\">{\"@context\":\"https:\\\/\\\/schema.org\",\"@graph\":[{\"@type\":[\"WebPage\",\"ItemPage\"],\"@id\":\"https:\\\/\\\/www.purejewels.com\\\/product\\\/nazar-gold-bloom-bracelet-for-kids-46960\\\/\",\"url\":\"https:\\\/\\\/www.purejewels.com\\\/product\\\/nazar-gold-bloom-bracelet-for-kids-46960\\\/\",\"name\":\"Nazar Gold Bloom Bracelet for Kids \u2013 22ct Gold & Black Beads\",\"isPartOf\":{\"@id\":\"https:\\\/\\\/www.purejewels.com\\\/#website\"},\"primaryImageOfPage\":{\"@id\":\"https:\\\/\\\/www.purejewels.com\\\/product\\\/nazar-gold-bloom-bracelet-for-kids-46960\\\/#primaryimage\"},\"image\":{\"@id\":\"https:\\\/\\\/www.purejewels.com\\\/product\\\/nazar-gold-bloom-bracelet-for-kids-46960\\\/#primaryimage\"},\"thumbnailUrl\":\"https:\\\/\\\/static.purejewels.com\\\/wp-content\\\/uploads\\\/2025\\\/07\\\/SKU-46960.jpg\",\"datePublished\":\"2025-08-08T07:41:00+00:00\",\"dateModified\":\"2026-04-24T10:49:31+00:00\",\"description\":\"Discover the Nazar Gold Bloom Bracelet for children. Handcrafted in 22ct gold with protective black beads and floral gold detailing\u2014perfect for everyday blessings.\",\"breadcrumb\":{\"@id\":\"https:\\\/\\\/www.purejewels.com\\\/product\\\/nazar-gold-bloom-bracelet-for-kids-46960\\\/#breadcrumb\"},\"inLanguage\":\"tr\",\"potentialAction\":[{\"@type\":\"ReadAction\",\"target\":[\"https:\\\/\\\/www.purejewels.com\\\/product\\\/nazar-gold-bloom-bracelet-for-kids-46960\\\/\"]}]},{\"@type\":\"ImageObject\",\"inLanguage\":\"tr\",\"@id\":\"https:\\\/\\\/www.purejewels.com\\\/product\\\/nazar-gold-bloom-bracelet-for-kids-46960\\\/#primaryimage\",\"url\":\"https:\\\/\\\/static.purejewels.com\\\/wp-content\\\/uploads\\\/2025\\\/07\\\/SKU-46960.jpg\",\"contentUrl\":\"https:\\\/\\\/static.purejewels.com\\\/wp-content\\\/uploads\\\/2025\\\/07\\\/SKU-46960.jpg\",\"width\":1000,\"height\":1000,\"caption\":\"Stacked from 8 images. Method=B (R=8,S=4)\"},{\"@type\":\"BreadcrumbList\",\"@id\":\"https:\\\/\\\/www.purejewels.com\\\/product\\\/nazar-gold-bloom-bracelet-for-kids-46960\\\/#breadcrumb\",\"itemListElement\":[{\"@type\":\"ListItem\",\"position\":1,\"name\":\"Home\",\"item\":\"https:\\\/\\\/www.purejewels.com\\\/\"},{\"@type\":\"ListItem\",\"position\":2,\"name\":\"Shop\",\"item\":\"https:\\\/\\\/www.purejewels.com\\\/shop\\\/\"},{\"@type\":\"ListItem\",\"position\":3,\"name\":\"Nazar Gold Bloom Bracelet for Kids\"}]},{\"@type\":\"WebSite\",\"@id\":\"https:\\\/\\\/www.purejewels.com\\\/#website\",\"url\":\"https:\\\/\\\/www.purejewels.com\\\/\",\"name\":\"PureJewels UK\",\"description\":\"Share the Love\",\"publisher\":{\"@id\":\"https:\\\/\\\/www.purejewels.com\\\/#organization\"},\"potentialAction\":[{\"@type\":\"SearchAction\",\"target\":{\"@type\":\"EntryPoint\",\"urlTemplate\":\"https:\\\/\\\/www.purejewels.com\\\/?s={search_term_string}\"},\"query-input\":{\"@type\":\"PropertyValueSpecification\",\"valueRequired\":true,\"valueName\":\"search_term_string\"}}],\"inLanguage\":\"tr\"},{\"@type\":\"Organization\",\"@id\":\"https:\\\/\\\/www.purejewels.com\\\/#organization\",\"name\":\"PureJewels UK\",\"url\":\"https:\\\/\\\/www.purejewels.com\\\/\",\"logo\":{\"@type\":\"ImageObject\",\"inLanguage\":\"tr\",\"@id\":\"https:\\\/\\\/www.purejewels.com\\\/#\\\/schema\\\/logo\\\/image\\\/\",\"url\":\"https:\\\/\\\/static.purejewels.com\\\/wp-content\\\/uploads\\\/2020\\\/11\\\/Logo-PJ-New-1.png\",\"contentUrl\":\"https:\\\/\\\/static.purejewels.com\\\/wp-content\\\/uploads\\\/2020\\\/11\\\/Logo-PJ-New-1.png\",\"width\":150,\"height\":80,\"caption\":\"PureJewels UK\"},\"image\":{\"@id\":\"https:\\\/\\\/www.purejewels.com\\\/#\\\/schema\\\/logo\\\/image\\\/\"}}]}<\/script>\n<!-- \/ Yoast SEO plugin. -->","yoast_head_json":{"title":"Nazar Gold Bloom \u00c7ocuk Bilekli\u011fi - 22 Ayar Alt\u0131n ve Siyah Boncuklar","description":"\u00c7ocuklar i\u00e7in Nazar Gold Bloom Bilekli\u011fi ke\u015ffedin. Koruyucu siyah boncuklar ve \u00e7i\u00e7ekli alt\u0131n detaylarla 22 ayar alt\u0131ndan el yap\u0131m\u0131 olarak \u00fcretilmi\u015ftir - g\u00fcnl\u00fck kutsamalar i\u00e7in m\u00fckemmeldir.","robots":{"index":"index","follow":"follow","max-snippet":"max-snippet:-1","max-image-preview":"max-image-preview:large","max-video-preview":"max-video-preview:-1"},"canonical":"https:\/\/www.purejewels.com\/tr\/urun\/nazar-gold-bloom-cocuk-bi\u0307lekli\u0307gi\u0307-46960\/","og_locale":"tr_TR","og_type":"article","og_title":"Nazar Gold Bloom Bracelet for Kids \u2013 22ct Gold & Black Beads","og_description":"Discover the Nazar Gold Bloom Bracelet for children. Handcrafted in 22ct gold with protective black beads and floral gold detailing\u2014perfect for everyday blessings.","og_url":"https:\/\/www.purejewels.com\/tr\/urun\/nazar-gold-bloom-cocuk-bi\u0307lekli\u0307gi\u0307-46960\/","og_site_name":"PureJewels UK","article_modified_time":"2026-04-24T10:49:31+00:00","og_image":[{"width":1000,"height":1000,"url":"https:\/\/static.purejewels.com\/wp-content\/uploads\/2025\/07\/SKU-46960.jpg","type":"image\/jpeg"}],"twitter_card":"summary_large_image","twitter_misc":{"Tahmini okuma s\u00fcresi":"1 dakika"},"schema":{"@context":"https:\/\/schema.org","@graph":[{"@type":["WebPage","ItemPage"],"@id":"https:\/\/www.purejewels.com\/product\/nazar-gold-bloom-bracelet-for-kids-46960\/","url":"https:\/\/www.purejewels.com\/product\/nazar-gold-bloom-bracelet-for-kids-46960\/","name":"Nazar Gold Bloom \u00c7ocuk Bilekli\u011fi - 22 Ayar Alt\u0131n ve Siyah Boncuklar","isPartOf":{"@id":"https:\/\/www.purejewels.com\/#website"},"primaryImageOfPage":{"@id":"https:\/\/www.purejewels.com\/product\/nazar-gold-bloom-bracelet-for-kids-46960\/#primaryimage"},"image":{"@id":"https:\/\/www.purejewels.com\/product\/nazar-gold-bloom-bracelet-for-kids-46960\/#primaryimage"},"thumbnailUrl":"https:\/\/static.purejewels.com\/wp-content\/uploads\/2025\/07\/SKU-46960.jpg","datePublished":"2025-08-08T07:41:00+00:00","dateModified":"2026-04-24T10:49:31+00:00","description":"\u00c7ocuklar i\u00e7in Nazar Gold Bloom Bilekli\u011fi ke\u015ffedin. Koruyucu siyah boncuklar ve \u00e7i\u00e7ekli alt\u0131n detaylarla 22 ayar alt\u0131ndan el yap\u0131m\u0131 olarak \u00fcretilmi\u015ftir - g\u00fcnl\u00fck kutsamalar i\u00e7in m\u00fckemmeldir.","breadcrumb":{"@id":"https:\/\/www.purejewels.com\/product\/nazar-gold-bloom-bracelet-for-kids-46960\/#breadcrumb"},"inLanguage":"tr","potentialAction":[{"@type":"ReadAction","target":["https:\/\/www.purejewels.com\/product\/nazar-gold-bloom-bracelet-for-kids-46960\/"]}]},{"@type":"ImageObject","inLanguage":"tr","@id":"https:\/\/www.purejewels.com\/product\/nazar-gold-bloom-bracelet-for-kids-46960\/#primaryimage","url":"https:\/\/static.purejewels.com\/wp-content\/uploads\/2025\/07\/SKU-46960.jpg","contentUrl":"https:\/\/static.purejewels.com\/wp-content\/uploads\/2025\/07\/SKU-46960.jpg","width":1000,"height":1000,"caption":"Stacked from 8 images. Method=B (R=8,S=4)"},{"@type":"BreadcrumbList","@id":"https:\/\/www.purejewels.com\/product\/nazar-gold-bloom-bracelet-for-kids-46960\/#breadcrumb","itemListElement":[{"@type":"ListItem","position":1,"name":"Home","item":"https:\/\/www.purejewels.com\/"},{"@type":"ListItem","position":2,"name":"Shop","item":"https:\/\/www.purejewels.com\/shop\/"},{"@type":"ListItem","position":3,"name":"Nazar Gold Bloom Bracelet for Kids"}]},{"@type":"WebSite","@id":"https:\/\/www.purejewels.com\/#website","url":"https:\/\/www.purejewels.com\/","name":"PureJewels \u0130ngiltere","description":"Sevgiyi Payla\u015f\u0131n","publisher":{"@id":"https:\/\/www.purejewels.com\/#organization"},"potentialAction":[{"@type":"SearchAction","target":{"@type":"EntryPoint","urlTemplate":"https:\/\/www.purejewels.com\/?s={search_term_string}"},"query-input":{"@type":"PropertyValueSpecification","valueRequired":true,"valueName":"search_term_string"}}],"inLanguage":"tr"},{"@type":"Organization","@id":"https:\/\/www.purejewels.com\/#organization","name":"PureJewels \u0130ngiltere","url":"https:\/\/www.purejewels.com\/","logo":{"@type":"ImageObject","inLanguage":"tr","@id":"https:\/\/www.purejewels.com\/#\/schema\/logo\/image\/","url":"https:\/\/static.purejewels.com\/wp-content\/uploads\/2020\/11\/Logo-PJ-New-1.png","contentUrl":"https:\/\/static.purejewels.com\/wp-content\/uploads\/2020\/11\/Logo-PJ-New-1.png","width":150,"height":80,"caption":"PureJewels UK"},"image":{"@id":"https:\/\/www.purejewels.com\/#\/schema\/logo\/image\/"}}]}},"_links":{"self":[{"href":"https:\/\/www.purejewels.com\/tr\/wp-json\/wp\/v2\/product\/403778","targetHints":{"allow":["GET"]}}],"collection":[{"href":"https:\/\/www.purejewels.com\/tr\/wp-json\/wp\/v2\/product"}],"about":[{"href":"https:\/\/www.purejewels.com\/tr\/wp-json\/wp\/v2\/types\/product"}],"replies":[{"embeddable":true,"href":"https:\/\/www.purejewels.com\/tr\/wp-json\/wp\/v2\/comments?post=403778"}],"version-history":[{"count":3,"href":"https:\/\/www.purejewels.com\/tr\/wp-json\/wp\/v2\/product\/403778\/revisions"}],"predecessor-version":[{"id":426293,"href":"https:\/\/www.purejewels.com\/tr\/wp-json\/wp\/v2\/product\/403778\/revisions\/426293"}],"wp:featuredmedia":[{"embeddable":true,"href":"https:\/\/www.purejewels.com\/tr\/wp-json\/wp\/v2\/media\/403779"}],"wp:attachment":[{"href":"https:\/\/www.purejewels.com\/tr\/wp-json\/wp\/v2\/media?parent=403778"}],"wp:term":[{"taxonomy":"product_brand","embeddable":true,"href":"https:\/\/www.purejewels.com\/tr\/wp-json\/wp\/v2\/product_brand?post=403778"},{"taxonomy":"product_cat","embeddable":true,"href":"https:\/\/www.purejewels.com\/tr\/wp-json\/wp\/v2\/product_cat?post=403778"},{"taxonomy":"product_tag","embeddable":true,"href":"https:\/\/www.purejewels.com\/tr\/wp-json\/wp\/v2\/product_tag?post=403778"}],"curies":[{"name":"wp","href":"https:\/\/api.w.org\/{rel}","templated":true}]}}