{"id":403797,"date":"2025-05-08T10:11:04","date_gmt":"2025-05-08T09:11:04","guid":{"rendered":"https:\/\/www.purejewels.com\/?post_type=product&#038;p=403797"},"modified":"2026-01-06T10:00:28","modified_gmt":"2026-01-06T10:00:28","slug":"little-aura-maniya-bileklik-48182","status":"publish","type":"product","link":"https:\/\/www.purejewels.com\/tr\/product\/little-aura-maniya-bracelet-48182\/","title":{"rendered":"Little Aura Maniya Bileklik"},"content":{"rendered":"<p>Little Aura Maniya Bileklik, bebe\u011finizin bile\u011fini zarafet ve anlamla sarmak i\u00e7in tasarlanm\u0131\u015ft\u0131r. 22 ayar alt\u0131ndan el i\u015f\u00e7ili\u011fiyle \u00fcretilen bu bileklik, koruyucu sembolizmi rafine tasar\u0131mla harmanlayan alternatif y\u00f6nl\u00fc siyah boncuklar ve gran\u00fcle alt\u0131n toplar i\u00e7erir. Hafif ve hassas cilde kar\u015f\u0131 nazik olan bu 5 in\u00e7lik bilezik, gelene\u011fi onurland\u0131r\u0131rken rahat\u00e7a oturur.<\/p>\n<p>\u0130ster g\u00fcnl\u00fck koruma i\u00e7in tak\u0131ls\u0131n ister hat\u0131ra olarak verilsin, sevgi, \u00f6zen ve miras\u0131n g\u00fczel bir ifadesidir.<\/p>","protected":false},"excerpt":{"rendered":"<p>Little Aura Maniya Bileklik, 22 ayar alt\u0131ndan el yap\u0131m\u0131 geleneksel bir bebek bilekli\u011fidir. Y\u00f6nl\u00fc siyah boncuklar ve dokulu alt\u0131n k\u00fcrelerle, g\u00fczellik ve bereketin d\u00fc\u015f\u00fcnceli bir kar\u0131\u015f\u0131m\u0131d\u0131r.<\/p>\n<p><strong>Malzeme:<\/strong>\u00a022 Ayar Alt\u0131n<strong><br \/>\nHallmark:\u00a0<\/strong>\u0130ngiliz Damgas\u0131<strong><br \/>\n<\/strong><strong>Br\u00fct A\u011f\u0131rl\u0131k: <\/strong>3.10 Gms<br \/>\n<strong>Uzunluk:<\/strong> 5 in\u00e7<br \/>\n<strong>SKU:<\/strong> 48182<\/p>\n<p><strong>Fiyat ve Teslimat<\/strong>: KDV ve teslimat \u00fccreti dahil<br \/>\n<a href=\"https:\/\/www.purejewels.com\/tr\/i%cc%87ade-poli%cc%87ti%cc%87kasi\/\">\u0130ade Politikas\u0131<\/a><\/p>\n<p>&nbsp;<\/p>","protected":false},"featured_media":403800,"comment_status":"closed","ping_status":"closed","template":"","meta":{"_eb_attr":"","_crsspst_to_jayantr4sg-hostcom":true},"product_brand":[],"product_cat":[5441,1576,1324,1229,5343,1436,5349],"product_tag":[1546],"class_list":{"0":"post-403797","1":"product","2":"type-product","3":"status-publish","4":"has-post-thumbnail","6":"product_cat-gold-bead-bracelets","7":"product_cat-childrens-jewellery","8":"product_cat-gold-bracelet","9":"product_cat-22ct-gold-jewellery","10":"product_cat-jewellery-under-550","11":"product_cat-kids-bracelet-kada","12":"product_cat-yellow-gold-jewellery","13":"product_tag-children","15":"first","16":"outofstock","17":"taxable","18":"shipping-taxable","19":"product-type-simple","20":"add-to-wishlist-before_image"},"yoast_head":"<!-- This site is optimized with the Yoast SEO plugin v27.6 - https:\/\/yoast.com\/product\/yoast-seo-wordpress\/ -->\n<title>Little Aura Baby Maniya Bracelet \u2013 22ct Gold | PureJewels<\/title>\n<meta name=\"description\" content=\"Shop the Little Aura Baby Bracelet in 22ct gold. A 5-inch Maniya bracelet featuring gold textured beads and faceted black stones\u2014crafted for comfort and protection.\" \/>\n<meta name=\"robots\" content=\"index, follow, max-snippet:-1, max-image-preview:large, max-video-preview:-1\" \/>\n<link rel=\"canonical\" href=\"https:\/\/www.purejewels.com\/tr\/urun\/little-aura-maniya-bileklik-48182\/\" \/>\n<meta property=\"og:locale\" content=\"tr_TR\" \/>\n<meta property=\"og:type\" content=\"article\" \/>\n<meta property=\"og:title\" content=\"Little Aura Baby Maniya Bracelet \u2013 22ct Gold | PureJewels\" \/>\n<meta property=\"og:description\" content=\"Shop the Little Aura Baby Bracelet in 22ct gold. A 5-inch Maniya bracelet featuring gold textured beads and faceted black stones\u2014crafted for comfort and protection.\" \/>\n<meta property=\"og:url\" content=\"https:\/\/www.purejewels.com\/tr\/urun\/little-aura-maniya-bileklik-48182\/\" \/>\n<meta property=\"og:site_name\" content=\"PureJewels UK\" \/>\n<meta property=\"article:modified_time\" content=\"2026-01-06T10:00:28+00:00\" \/>\n<meta property=\"og:image\" content=\"https:\/\/www.purejewels.com\/wp-content\/uploads\/2025\/07\/SKU-48182.jpg\" \/>\n\t<meta property=\"og:image:width\" content=\"1000\" \/>\n\t<meta property=\"og:image:height\" content=\"1000\" \/>\n\t<meta property=\"og:image:type\" content=\"image\/jpeg\" \/>\n<meta name=\"twitter:card\" content=\"summary_large_image\" \/>\n<script type=\"application\/ld+json\" class=\"yoast-schema-graph\">{\"@context\":\"https:\\\/\\\/schema.org\",\"@graph\":[{\"@type\":[\"WebPage\",\"ItemPage\"],\"@id\":\"https:\\\/\\\/www.purejewels.com\\\/product\\\/little-aura-maniya-bracelet-48182\\\/\",\"url\":\"https:\\\/\\\/www.purejewels.com\\\/product\\\/little-aura-maniya-bracelet-48182\\\/\",\"name\":\"Little Aura Baby Maniya Bracelet \u2013 22ct Gold | PureJewels\",\"isPartOf\":{\"@id\":\"https:\\\/\\\/www.purejewels.com\\\/#website\"},\"primaryImageOfPage\":{\"@id\":\"https:\\\/\\\/www.purejewels.com\\\/product\\\/little-aura-maniya-bracelet-48182\\\/#primaryimage\"},\"image\":{\"@id\":\"https:\\\/\\\/www.purejewels.com\\\/product\\\/little-aura-maniya-bracelet-48182\\\/#primaryimage\"},\"thumbnailUrl\":\"https:\\\/\\\/static.purejewels.com\\\/wp-content\\\/uploads\\\/2025\\\/07\\\/SKU-48182.jpg\",\"datePublished\":\"2025-05-08T09:11:04+00:00\",\"dateModified\":\"2026-01-06T10:00:28+00:00\",\"description\":\"Shop the Little Aura Baby Bracelet in 22ct gold. A 5-inch Maniya bracelet featuring gold textured beads and faceted black stones\u2014crafted for comfort and protection.\",\"breadcrumb\":{\"@id\":\"https:\\\/\\\/www.purejewels.com\\\/product\\\/little-aura-maniya-bracelet-48182\\\/#breadcrumb\"},\"inLanguage\":\"tr\",\"potentialAction\":[{\"@type\":\"ReadAction\",\"target\":[\"https:\\\/\\\/www.purejewels.com\\\/product\\\/little-aura-maniya-bracelet-48182\\\/\"]}]},{\"@type\":\"ImageObject\",\"inLanguage\":\"tr\",\"@id\":\"https:\\\/\\\/www.purejewels.com\\\/product\\\/little-aura-maniya-bracelet-48182\\\/#primaryimage\",\"url\":\"https:\\\/\\\/static.purejewels.com\\\/wp-content\\\/uploads\\\/2025\\\/07\\\/SKU-48182.jpg\",\"contentUrl\":\"https:\\\/\\\/static.purejewels.com\\\/wp-content\\\/uploads\\\/2025\\\/07\\\/SKU-48182.jpg\",\"width\":1000,\"height\":1000,\"caption\":\"48182\"},{\"@type\":\"BreadcrumbList\",\"@id\":\"https:\\\/\\\/www.purejewels.com\\\/product\\\/little-aura-maniya-bracelet-48182\\\/#breadcrumb\",\"itemListElement\":[{\"@type\":\"ListItem\",\"position\":1,\"name\":\"Home\",\"item\":\"https:\\\/\\\/www.purejewels.com\\\/\"},{\"@type\":\"ListItem\",\"position\":2,\"name\":\"Shop\",\"item\":\"https:\\\/\\\/www.purejewels.com\\\/shop\\\/\"},{\"@type\":\"ListItem\",\"position\":3,\"name\":\"Little Aura Maniya Bracelet\"}]},{\"@type\":\"WebSite\",\"@id\":\"https:\\\/\\\/www.purejewels.com\\\/#website\",\"url\":\"https:\\\/\\\/www.purejewels.com\\\/\",\"name\":\"PureJewels UK\",\"description\":\"Share the Love\",\"publisher\":{\"@id\":\"https:\\\/\\\/www.purejewels.com\\\/#organization\"},\"potentialAction\":[{\"@type\":\"SearchAction\",\"target\":{\"@type\":\"EntryPoint\",\"urlTemplate\":\"https:\\\/\\\/www.purejewels.com\\\/?s={search_term_string}\"},\"query-input\":{\"@type\":\"PropertyValueSpecification\",\"valueRequired\":true,\"valueName\":\"search_term_string\"}}],\"inLanguage\":\"tr\"},{\"@type\":\"Organization\",\"@id\":\"https:\\\/\\\/www.purejewels.com\\\/#organization\",\"name\":\"PureJewels UK\",\"url\":\"https:\\\/\\\/www.purejewels.com\\\/\",\"logo\":{\"@type\":\"ImageObject\",\"inLanguage\":\"tr\",\"@id\":\"https:\\\/\\\/www.purejewels.com\\\/#\\\/schema\\\/logo\\\/image\\\/\",\"url\":\"https:\\\/\\\/static.purejewels.com\\\/wp-content\\\/uploads\\\/2020\\\/11\\\/Logo-PJ-New-1.png\",\"contentUrl\":\"https:\\\/\\\/static.purejewels.com\\\/wp-content\\\/uploads\\\/2020\\\/11\\\/Logo-PJ-New-1.png\",\"width\":150,\"height\":80,\"caption\":\"PureJewels UK\"},\"image\":{\"@id\":\"https:\\\/\\\/www.purejewels.com\\\/#\\\/schema\\\/logo\\\/image\\\/\"}}]}<\/script>\n<!-- \/ Yoast SEO plugin. -->","yoast_head_json":{"title":"Little Aura Bebek Maniya Bileklik - 22 Ayar Alt\u0131n | PureJewels","description":"22 ayar alt\u0131n Little Aura Bebek Bilekli\u011fi'ni sat\u0131n al\u0131n. Alt\u0131n dokulu boncuklar ve y\u00f6nl\u00fc siyah ta\u015flar i\u00e7eren 5 in\u00e7lik Maniya bileklik, rahatl\u0131k ve koruma i\u00e7in \u00fcretilmi\u015ftir.","robots":{"index":"index","follow":"follow","max-snippet":"max-snippet:-1","max-image-preview":"max-image-preview:large","max-video-preview":"max-video-preview:-1"},"canonical":"https:\/\/www.purejewels.com\/tr\/urun\/little-aura-maniya-bileklik-48182\/","og_locale":"tr_TR","og_type":"article","og_title":"Little Aura Baby Maniya Bracelet \u2013 22ct Gold | PureJewels","og_description":"Shop the Little Aura Baby Bracelet in 22ct gold. A 5-inch Maniya bracelet featuring gold textured beads and faceted black stones\u2014crafted for comfort and protection.","og_url":"https:\/\/www.purejewels.com\/tr\/urun\/little-aura-maniya-bileklik-48182\/","og_site_name":"PureJewels UK","article_modified_time":"2026-01-06T10:00:28+00:00","og_image":[{"width":1000,"height":1000,"url":"https:\/\/www.purejewels.com\/wp-content\/uploads\/2025\/07\/SKU-48182.jpg","type":"image\/jpeg"}],"twitter_card":"summary_large_image","schema":{"@context":"https:\/\/schema.org","@graph":[{"@type":["WebPage","ItemPage"],"@id":"https:\/\/www.purejewels.com\/product\/little-aura-maniya-bracelet-48182\/","url":"https:\/\/www.purejewels.com\/product\/little-aura-maniya-bracelet-48182\/","name":"Little Aura Bebek Maniya Bileklik - 22 Ayar Alt\u0131n | PureJewels","isPartOf":{"@id":"https:\/\/www.purejewels.com\/#website"},"primaryImageOfPage":{"@id":"https:\/\/www.purejewels.com\/product\/little-aura-maniya-bracelet-48182\/#primaryimage"},"image":{"@id":"https:\/\/www.purejewels.com\/product\/little-aura-maniya-bracelet-48182\/#primaryimage"},"thumbnailUrl":"https:\/\/static.purejewels.com\/wp-content\/uploads\/2025\/07\/SKU-48182.jpg","datePublished":"2025-05-08T09:11:04+00:00","dateModified":"2026-01-06T10:00:28+00:00","description":"22 ayar alt\u0131n Little Aura Bebek Bilekli\u011fi'ni sat\u0131n al\u0131n. Alt\u0131n dokulu boncuklar ve y\u00f6nl\u00fc siyah ta\u015flar i\u00e7eren 5 in\u00e7lik Maniya bileklik, rahatl\u0131k ve koruma i\u00e7in \u00fcretilmi\u015ftir.","breadcrumb":{"@id":"https:\/\/www.purejewels.com\/product\/little-aura-maniya-bracelet-48182\/#breadcrumb"},"inLanguage":"tr","potentialAction":[{"@type":"ReadAction","target":["https:\/\/www.purejewels.com\/product\/little-aura-maniya-bracelet-48182\/"]}]},{"@type":"ImageObject","inLanguage":"tr","@id":"https:\/\/www.purejewels.com\/product\/little-aura-maniya-bracelet-48182\/#primaryimage","url":"https:\/\/static.purejewels.com\/wp-content\/uploads\/2025\/07\/SKU-48182.jpg","contentUrl":"https:\/\/static.purejewels.com\/wp-content\/uploads\/2025\/07\/SKU-48182.jpg","width":1000,"height":1000,"caption":"48182"},{"@type":"BreadcrumbList","@id":"https:\/\/www.purejewels.com\/product\/little-aura-maniya-bracelet-48182\/#breadcrumb","itemListElement":[{"@type":"ListItem","position":1,"name":"Home","item":"https:\/\/www.purejewels.com\/"},{"@type":"ListItem","position":2,"name":"Shop","item":"https:\/\/www.purejewels.com\/shop\/"},{"@type":"ListItem","position":3,"name":"Little Aura Maniya Bracelet"}]},{"@type":"WebSite","@id":"https:\/\/www.purejewels.com\/#website","url":"https:\/\/www.purejewels.com\/","name":"PureJewels \u0130ngiltere","description":"Sevgiyi Payla\u015f\u0131n","publisher":{"@id":"https:\/\/www.purejewels.com\/#organization"},"potentialAction":[{"@type":"SearchAction","target":{"@type":"EntryPoint","urlTemplate":"https:\/\/www.purejewels.com\/?s={search_term_string}"},"query-input":{"@type":"PropertyValueSpecification","valueRequired":true,"valueName":"search_term_string"}}],"inLanguage":"tr"},{"@type":"Organization","@id":"https:\/\/www.purejewels.com\/#organization","name":"PureJewels \u0130ngiltere","url":"https:\/\/www.purejewels.com\/","logo":{"@type":"ImageObject","inLanguage":"tr","@id":"https:\/\/www.purejewels.com\/#\/schema\/logo\/image\/","url":"https:\/\/static.purejewels.com\/wp-content\/uploads\/2020\/11\/Logo-PJ-New-1.png","contentUrl":"https:\/\/static.purejewels.com\/wp-content\/uploads\/2020\/11\/Logo-PJ-New-1.png","width":150,"height":80,"caption":"PureJewels UK"},"image":{"@id":"https:\/\/www.purejewels.com\/#\/schema\/logo\/image\/"}}]}},"_links":{"self":[{"href":"https:\/\/www.purejewels.com\/tr\/wp-json\/wp\/v2\/product\/403797","targetHints":{"allow":["GET"]}}],"collection":[{"href":"https:\/\/www.purejewels.com\/tr\/wp-json\/wp\/v2\/product"}],"about":[{"href":"https:\/\/www.purejewels.com\/tr\/wp-json\/wp\/v2\/types\/product"}],"replies":[{"embeddable":true,"href":"https:\/\/www.purejewels.com\/tr\/wp-json\/wp\/v2\/comments?post=403797"}],"version-history":[{"count":3,"href":"https:\/\/www.purejewels.com\/tr\/wp-json\/wp\/v2\/product\/403797\/revisions"}],"predecessor-version":[{"id":403807,"href":"https:\/\/www.purejewels.com\/tr\/wp-json\/wp\/v2\/product\/403797\/revisions\/403807"}],"wp:featuredmedia":[{"embeddable":true,"href":"https:\/\/www.purejewels.com\/tr\/wp-json\/wp\/v2\/media\/403800"}],"wp:attachment":[{"href":"https:\/\/www.purejewels.com\/tr\/wp-json\/wp\/v2\/media?parent=403797"}],"wp:term":[{"taxonomy":"product_brand","embeddable":true,"href":"https:\/\/www.purejewels.com\/tr\/wp-json\/wp\/v2\/product_brand?post=403797"},{"taxonomy":"product_cat","embeddable":true,"href":"https:\/\/www.purejewels.com\/tr\/wp-json\/wp\/v2\/product_cat?post=403797"},{"taxonomy":"product_tag","embeddable":true,"href":"https:\/\/www.purejewels.com\/tr\/wp-json\/wp\/v2\/product_tag?post=403797"}],"curies":[{"name":"wp","href":"https:\/\/api.w.org\/{rel}","templated":true}]}}