{"id":403808,"date":"2025-06-08T10:44:48","date_gmt":"2025-06-08T09:44:48","guid":{"rendered":"https:\/\/www.purejewels.com\/?post_type=product&#038;p=403808"},"modified":"2026-04-24T12:24:22","modified_gmt":"2026-04-24T11:24:22","slug":"22-ayar-altindan-siyah-boncuklu-bebek-bilekligi-48436","status":"publish","type":"product","link":"https:\/\/www.purejewels.com\/tr\/product\/black-bead-baby-bracelet-in-22ct-gold-48436\/","title":{"rendered":"Siyah Boncuklu 22 Ayar Alt\u0131n Bebek Bilekli\u011fi"},"content":{"rendered":"<p>Kar\u015f\u0131n\u0131zda koruyucu sembolizm ve zarif tasar\u0131m\u0131n m\u00fckemmel bir birle\u015fimi olan TwinkleGuard Bebek Bilekli\u011fi. 22 ayar alt\u0131ndan \u00fcretilen bu 5 in\u00e7lik hafif bileklik, daha fazla parlakl\u0131k i\u00e7in rodyum cila ile geli\u015ftirilmi\u015f alternatif siyah boncuklar ve alt\u0131n ba\u011flant\u0131lara sahiptir.<\/p>\n<p>Konfor ve g\u00fcvenlik i\u00e7in tasarlanan bu bileklik, hassas cilde nazik davran\u0131rken olumsuzluklara kar\u015f\u0131 geleneksel bir koruma sa\u011flar. Yeni do\u011fanlarda veya \u00f6zel d\u00f6n\u00fcm noktalar\u0131nda hediye etmek i\u00e7in ideal olan bu bileklik, modern bir aile yadigar\u0131d\u0131r.<\/p>","protected":false},"excerpt":{"rendered":"<p>TwinkleGuard Bebek Bilekli\u011fi, 22 ayar alt\u0131ndan \u00fcretilmi\u015f e\u011flenceli ama anlaml\u0131 bir par\u00e7ad\u0131r. Parlak siyah boncuklar ve \u0131\u015f\u0131lt\u0131l\u0131 rodyum detayl\u0131 alt\u0131n unsurlarla gelene\u011fi cazibenin p\u0131r\u0131lt\u0131s\u0131yla harmanl\u0131yor.<\/p>\n<p><strong>Malzeme:<\/strong>\u00a022 Ayar Alt\u0131n<strong><br \/>\nHallmark:\u00a0<\/strong>\u0130ngiliz Damgas\u0131<strong><br \/>\n<\/strong><strong>Br\u00fct A\u011f\u0131rl\u0131k: <\/strong>2.10 Gms<br \/>\n<strong>Uzunluk:<\/strong> 5 in\u00e7<br \/>\n<strong>SKU:<\/strong> 48436<\/p>\n<p><strong>Fiyat ve Teslimat<\/strong>: KDV ve teslimat \u00fccreti dahil<br \/>\n<a href=\"https:\/\/www.purejewels.com\/tr\/i%cc%87ade-poli%cc%87ti%cc%87kasi\/\">\u0130ade Politikas\u0131<\/a><\/p>\n<p>&nbsp;<\/p>","protected":false},"featured_media":403809,"comment_status":"closed","ping_status":"closed","template":"","meta":{"_eb_attr":"","_crsspst_to_jayantr4sg-hostcom":false},"product_brand":[],"product_cat":[5672,5441,1576,1324,1229,5343,1436,5349],"product_tag":[1546],"class_list":{"0":"post-403808","1":"product","2":"type-product","3":"status-publish","4":"has-post-thumbnail","6":"product_cat-baby-gold-bracelet","7":"product_cat-gold-bead-bracelets","8":"product_cat-childrens-jewellery","9":"product_cat-gold-bracelet","10":"product_cat-22ct-gold-jewellery","11":"product_cat-jewellery-under-550","12":"product_cat-kids-bracelet-kada","13":"product_cat-yellow-gold-jewellery","14":"product_tag-children","16":"first","17":"instock","18":"taxable","19":"shipping-taxable","20":"purchasable","21":"product-type-simple","22":"add-to-wishlist-before_image"},"yoast_head":"<!-- This site is optimized with the Yoast SEO plugin v27.6 - https:\/\/yoast.com\/product\/yoast-seo-wordpress\/ -->\n<title>TwinkleGuard 22ct Gold Baby Bracelet \u2013 Black &amp; Gold Beads<\/title>\n<meta name=\"description\" content=\"Shop the TwinkleGuard Baby Bracelet in 22ct gold. A 5-inch bracelet with black beads and rhodium-detailed gold accents\u2014crafted for both protection and sparkle.\" \/>\n<meta name=\"robots\" content=\"index, follow, max-snippet:-1, max-image-preview:large, max-video-preview:-1\" \/>\n<link rel=\"canonical\" href=\"https:\/\/www.purejewels.com\/tr\/urun\/22-ayar-altindan-siyah-boncuklu-bebek-bilekligi-48436\/\" \/>\n<meta property=\"og:locale\" content=\"tr_TR\" \/>\n<meta property=\"og:type\" content=\"article\" \/>\n<meta property=\"og:title\" content=\"TwinkleGuard 22ct Gold Baby Bracelet \u2013 Black &amp; Gold Beads\" \/>\n<meta property=\"og:description\" content=\"Shop the TwinkleGuard Baby Bracelet in 22ct gold. A 5-inch bracelet with black beads and rhodium-detailed gold accents\u2014crafted for both protection and sparkle.\" \/>\n<meta property=\"og:url\" content=\"https:\/\/www.purejewels.com\/tr\/urun\/22-ayar-altindan-siyah-boncuklu-bebek-bilekligi-48436\/\" \/>\n<meta property=\"og:site_name\" content=\"PureJewels UK\" \/>\n<meta property=\"article:modified_time\" content=\"2026-04-24T11:24:22+00:00\" \/>\n<meta property=\"og:image\" content=\"https:\/\/static.purejewels.com\/wp-content\/uploads\/2025\/07\/SKU-48436.jpg\" \/>\n\t<meta property=\"og:image:width\" content=\"1000\" \/>\n\t<meta property=\"og:image:height\" content=\"1000\" \/>\n\t<meta property=\"og:image:type\" content=\"image\/jpeg\" \/>\n<meta name=\"twitter:card\" content=\"summary_large_image\" \/>\n<meta name=\"twitter:label1\" content=\"Tahmini okuma s\u00fcresi\" \/>\n\t<meta name=\"twitter:data1\" content=\"1 dakika\" \/>\n<script type=\"application\/ld+json\" class=\"yoast-schema-graph\">{\"@context\":\"https:\\\/\\\/schema.org\",\"@graph\":[{\"@type\":[\"WebPage\",\"ItemPage\"],\"@id\":\"https:\\\/\\\/www.purejewels.com\\\/product\\\/black-bead-baby-bracelet-in-22ct-gold-48436\\\/\",\"url\":\"https:\\\/\\\/www.purejewels.com\\\/product\\\/black-bead-baby-bracelet-in-22ct-gold-48436\\\/\",\"name\":\"TwinkleGuard 22ct Gold Baby Bracelet \u2013 Black & Gold Beads\",\"isPartOf\":{\"@id\":\"https:\\\/\\\/www.purejewels.com\\\/#website\"},\"primaryImageOfPage\":{\"@id\":\"https:\\\/\\\/www.purejewels.com\\\/product\\\/black-bead-baby-bracelet-in-22ct-gold-48436\\\/#primaryimage\"},\"image\":{\"@id\":\"https:\\\/\\\/www.purejewels.com\\\/product\\\/black-bead-baby-bracelet-in-22ct-gold-48436\\\/#primaryimage\"},\"thumbnailUrl\":\"https:\\\/\\\/static.purejewels.com\\\/wp-content\\\/uploads\\\/2025\\\/07\\\/SKU-48436.jpg\",\"datePublished\":\"2025-06-08T09:44:48+00:00\",\"dateModified\":\"2026-04-24T11:24:22+00:00\",\"description\":\"Shop the TwinkleGuard Baby Bracelet in 22ct gold. A 5-inch bracelet with black beads and rhodium-detailed gold accents\u2014crafted for both protection and sparkle.\",\"breadcrumb\":{\"@id\":\"https:\\\/\\\/www.purejewels.com\\\/product\\\/black-bead-baby-bracelet-in-22ct-gold-48436\\\/#breadcrumb\"},\"inLanguage\":\"tr\",\"potentialAction\":[{\"@type\":\"ReadAction\",\"target\":[\"https:\\\/\\\/www.purejewels.com\\\/product\\\/black-bead-baby-bracelet-in-22ct-gold-48436\\\/\"]}]},{\"@type\":\"ImageObject\",\"inLanguage\":\"tr\",\"@id\":\"https:\\\/\\\/www.purejewels.com\\\/product\\\/black-bead-baby-bracelet-in-22ct-gold-48436\\\/#primaryimage\",\"url\":\"https:\\\/\\\/static.purejewels.com\\\/wp-content\\\/uploads\\\/2025\\\/07\\\/SKU-48436.jpg\",\"contentUrl\":\"https:\\\/\\\/static.purejewels.com\\\/wp-content\\\/uploads\\\/2025\\\/07\\\/SKU-48436.jpg\",\"width\":1000,\"height\":1000,\"caption\":\"48436\"},{\"@type\":\"BreadcrumbList\",\"@id\":\"https:\\\/\\\/www.purejewels.com\\\/product\\\/black-bead-baby-bracelet-in-22ct-gold-48436\\\/#breadcrumb\",\"itemListElement\":[{\"@type\":\"ListItem\",\"position\":1,\"name\":\"Home\",\"item\":\"https:\\\/\\\/www.purejewels.com\\\/\"},{\"@type\":\"ListItem\",\"position\":2,\"name\":\"Shop\",\"item\":\"https:\\\/\\\/www.purejewels.com\\\/shop\\\/\"},{\"@type\":\"ListItem\",\"position\":3,\"name\":\"Black Bead Baby Bracelet in 22ct Gold\"}]},{\"@type\":\"WebSite\",\"@id\":\"https:\\\/\\\/www.purejewels.com\\\/#website\",\"url\":\"https:\\\/\\\/www.purejewels.com\\\/\",\"name\":\"PureJewels UK\",\"description\":\"Share the Love\",\"publisher\":{\"@id\":\"https:\\\/\\\/www.purejewels.com\\\/#organization\"},\"potentialAction\":[{\"@type\":\"SearchAction\",\"target\":{\"@type\":\"EntryPoint\",\"urlTemplate\":\"https:\\\/\\\/www.purejewels.com\\\/?s={search_term_string}\"},\"query-input\":{\"@type\":\"PropertyValueSpecification\",\"valueRequired\":true,\"valueName\":\"search_term_string\"}}],\"inLanguage\":\"tr\"},{\"@type\":\"Organization\",\"@id\":\"https:\\\/\\\/www.purejewels.com\\\/#organization\",\"name\":\"PureJewels UK\",\"url\":\"https:\\\/\\\/www.purejewels.com\\\/\",\"logo\":{\"@type\":\"ImageObject\",\"inLanguage\":\"tr\",\"@id\":\"https:\\\/\\\/www.purejewels.com\\\/#\\\/schema\\\/logo\\\/image\\\/\",\"url\":\"https:\\\/\\\/static.purejewels.com\\\/wp-content\\\/uploads\\\/2020\\\/11\\\/Logo-PJ-New-1.png\",\"contentUrl\":\"https:\\\/\\\/static.purejewels.com\\\/wp-content\\\/uploads\\\/2020\\\/11\\\/Logo-PJ-New-1.png\",\"width\":150,\"height\":80,\"caption\":\"PureJewels UK\"},\"image\":{\"@id\":\"https:\\\/\\\/www.purejewels.com\\\/#\\\/schema\\\/logo\\\/image\\\/\"}}]}<\/script>\n<!-- \/ Yoast SEO plugin. -->","yoast_head_json":{"title":"TwinkleGuard 22 Ayar Alt\u0131n Bebek Bilekli\u011fi - Siyah ve Alt\u0131n Boncuklar","description":"22 ayar alt\u0131n TwinkleGuard Bebek Bilekli\u011fini sat\u0131n al\u0131n. Siyah boncuklu ve rodyum detayl\u0131 alt\u0131n desenli 5 in\u00e7lik bileklik, hem koruma hem de \u0131\u015f\u0131lt\u0131 i\u00e7in \u00fcretilmi\u015ftir.","robots":{"index":"index","follow":"follow","max-snippet":"max-snippet:-1","max-image-preview":"max-image-preview:large","max-video-preview":"max-video-preview:-1"},"canonical":"https:\/\/www.purejewels.com\/tr\/urun\/22-ayar-altindan-siyah-boncuklu-bebek-bilekligi-48436\/","og_locale":"tr_TR","og_type":"article","og_title":"TwinkleGuard 22ct Gold Baby Bracelet \u2013 Black & Gold Beads","og_description":"Shop the TwinkleGuard Baby Bracelet in 22ct gold. A 5-inch bracelet with black beads and rhodium-detailed gold accents\u2014crafted for both protection and sparkle.","og_url":"https:\/\/www.purejewels.com\/tr\/urun\/22-ayar-altindan-siyah-boncuklu-bebek-bilekligi-48436\/","og_site_name":"PureJewels UK","article_modified_time":"2026-04-24T11:24:22+00:00","og_image":[{"width":1000,"height":1000,"url":"https:\/\/static.purejewels.com\/wp-content\/uploads\/2025\/07\/SKU-48436.jpg","type":"image\/jpeg"}],"twitter_card":"summary_large_image","twitter_misc":{"Tahmini okuma s\u00fcresi":"1 dakika"},"schema":{"@context":"https:\/\/schema.org","@graph":[{"@type":["WebPage","ItemPage"],"@id":"https:\/\/www.purejewels.com\/product\/black-bead-baby-bracelet-in-22ct-gold-48436\/","url":"https:\/\/www.purejewels.com\/product\/black-bead-baby-bracelet-in-22ct-gold-48436\/","name":"TwinkleGuard 22 Ayar Alt\u0131n Bebek Bilekli\u011fi - Siyah ve Alt\u0131n Boncuklar","isPartOf":{"@id":"https:\/\/www.purejewels.com\/#website"},"primaryImageOfPage":{"@id":"https:\/\/www.purejewels.com\/product\/black-bead-baby-bracelet-in-22ct-gold-48436\/#primaryimage"},"image":{"@id":"https:\/\/www.purejewels.com\/product\/black-bead-baby-bracelet-in-22ct-gold-48436\/#primaryimage"},"thumbnailUrl":"https:\/\/static.purejewels.com\/wp-content\/uploads\/2025\/07\/SKU-48436.jpg","datePublished":"2025-06-08T09:44:48+00:00","dateModified":"2026-04-24T11:24:22+00:00","description":"22 ayar alt\u0131n TwinkleGuard Bebek Bilekli\u011fini sat\u0131n al\u0131n. Siyah boncuklu ve rodyum detayl\u0131 alt\u0131n desenli 5 in\u00e7lik bileklik, hem koruma hem de \u0131\u015f\u0131lt\u0131 i\u00e7in \u00fcretilmi\u015ftir.","breadcrumb":{"@id":"https:\/\/www.purejewels.com\/product\/black-bead-baby-bracelet-in-22ct-gold-48436\/#breadcrumb"},"inLanguage":"tr","potentialAction":[{"@type":"ReadAction","target":["https:\/\/www.purejewels.com\/product\/black-bead-baby-bracelet-in-22ct-gold-48436\/"]}]},{"@type":"ImageObject","inLanguage":"tr","@id":"https:\/\/www.purejewels.com\/product\/black-bead-baby-bracelet-in-22ct-gold-48436\/#primaryimage","url":"https:\/\/static.purejewels.com\/wp-content\/uploads\/2025\/07\/SKU-48436.jpg","contentUrl":"https:\/\/static.purejewels.com\/wp-content\/uploads\/2025\/07\/SKU-48436.jpg","width":1000,"height":1000,"caption":"48436"},{"@type":"BreadcrumbList","@id":"https:\/\/www.purejewels.com\/product\/black-bead-baby-bracelet-in-22ct-gold-48436\/#breadcrumb","itemListElement":[{"@type":"ListItem","position":1,"name":"Home","item":"https:\/\/www.purejewels.com\/"},{"@type":"ListItem","position":2,"name":"Shop","item":"https:\/\/www.purejewels.com\/shop\/"},{"@type":"ListItem","position":3,"name":"Black Bead Baby Bracelet in 22ct Gold"}]},{"@type":"WebSite","@id":"https:\/\/www.purejewels.com\/#website","url":"https:\/\/www.purejewels.com\/","name":"PureJewels \u0130ngiltere","description":"Sevgiyi Payla\u015f\u0131n","publisher":{"@id":"https:\/\/www.purejewels.com\/#organization"},"potentialAction":[{"@type":"SearchAction","target":{"@type":"EntryPoint","urlTemplate":"https:\/\/www.purejewels.com\/?s={search_term_string}"},"query-input":{"@type":"PropertyValueSpecification","valueRequired":true,"valueName":"search_term_string"}}],"inLanguage":"tr"},{"@type":"Organization","@id":"https:\/\/www.purejewels.com\/#organization","name":"PureJewels \u0130ngiltere","url":"https:\/\/www.purejewels.com\/","logo":{"@type":"ImageObject","inLanguage":"tr","@id":"https:\/\/www.purejewels.com\/#\/schema\/logo\/image\/","url":"https:\/\/static.purejewels.com\/wp-content\/uploads\/2020\/11\/Logo-PJ-New-1.png","contentUrl":"https:\/\/static.purejewels.com\/wp-content\/uploads\/2020\/11\/Logo-PJ-New-1.png","width":150,"height":80,"caption":"PureJewels UK"},"image":{"@id":"https:\/\/www.purejewels.com\/#\/schema\/logo\/image\/"}}]}},"_links":{"self":[{"href":"https:\/\/www.purejewels.com\/tr\/wp-json\/wp\/v2\/product\/403808","targetHints":{"allow":["GET"]}}],"collection":[{"href":"https:\/\/www.purejewels.com\/tr\/wp-json\/wp\/v2\/product"}],"about":[{"href":"https:\/\/www.purejewels.com\/tr\/wp-json\/wp\/v2\/types\/product"}],"replies":[{"embeddable":true,"href":"https:\/\/www.purejewels.com\/tr\/wp-json\/wp\/v2\/comments?post=403808"}],"version-history":[{"count":1,"href":"https:\/\/www.purejewels.com\/tr\/wp-json\/wp\/v2\/product\/403808\/revisions"}],"predecessor-version":[{"id":403811,"href":"https:\/\/www.purejewels.com\/tr\/wp-json\/wp\/v2\/product\/403808\/revisions\/403811"}],"wp:featuredmedia":[{"embeddable":true,"href":"https:\/\/www.purejewels.com\/tr\/wp-json\/wp\/v2\/media\/403809"}],"wp:attachment":[{"href":"https:\/\/www.purejewels.com\/tr\/wp-json\/wp\/v2\/media?parent=403808"}],"wp:term":[{"taxonomy":"product_brand","embeddable":true,"href":"https:\/\/www.purejewels.com\/tr\/wp-json\/wp\/v2\/product_brand?post=403808"},{"taxonomy":"product_cat","embeddable":true,"href":"https:\/\/www.purejewels.com\/tr\/wp-json\/wp\/v2\/product_cat?post=403808"},{"taxonomy":"product_tag","embeddable":true,"href":"https:\/\/www.purejewels.com\/tr\/wp-json\/wp\/v2\/product_tag?post=403808"}],"curies":[{"name":"wp","href":"https:\/\/api.w.org\/{rel}","templated":true}]}}