{"id":403813,"date":"2025-09-04T10:56:55","date_gmt":"2025-09-04T09:56:55","guid":{"rendered":"https:\/\/www.purejewels.com\/?post_type=product&#038;p=403813"},"modified":"2026-01-06T10:00:28","modified_gmt":"2026-01-06T10:00:28","slug":"triotone-bebek-bilekligi-48487","status":"publish","type":"product","link":"https:\/\/www.purejewels.com\/tr\/product\/triotone-baby-bracelet-48487\/","title":{"rendered":"TrioTone Bebek Bilekli\u011fi"},"content":{"rendered":"<p>Boyut olarak narin ancak detay a\u00e7\u0131s\u0131ndan zengin TrioTone Bebek Bilekli\u011fi, ince i\u015f\u00e7ili\u011fin ve nazik zarafetin bir kutlamas\u0131d\u0131r. El i\u015f\u00e7ili\u011fiyle 22 ayar alt\u0131ndan \u00fcretilen bileklik, ince bir kontrast ve cazibe katan pembe alt\u0131n ve rodyum kaplamal\u0131 fasetli boncuklarla serpi\u015ftirilmi\u015f klasik bir kutu zincire sahiptir.<\/p>\n<p>Bebe\u011fin bile\u011fine rahat\u00e7a oturacak \u015fekilde tasarlanan bu bileklik, kilometre ta\u015flar\u0131, kutsamalar veya aile yadigar\u0131 hediyeler i\u00e7in m\u00fckemmeldir. Geleneksel ve modern tasar\u0131m\u0131 zamans\u0131z ve ki\u015fisel hissettirecek \u015fekilde bir araya getirir.<\/p>","protected":false},"excerpt":{"rendered":"<p>22 ayar alt\u0131ndan \u00fcretilen ve pembe alt\u0131n ve rodyum aksanlarla tamamlanan TrioTone Bebek Bilekli\u011fi, k\u00fc\u00e7\u00fck \u00e7ocu\u011funuzun bile\u011fine yumu\u015fak bir \u0131\u015f\u0131lt\u0131 getiriyor. Hafif, anlaml\u0131 ve hediye etmek i\u00e7in m\u00fckemmeldir.<\/p>\n<p><strong>Malzeme:<\/strong>\u00a022 Ayar Alt\u0131n<strong><br \/>\nHallmark:\u00a0<\/strong>\u0130ngiliz Damgas\u0131<strong><br \/>\n<\/strong><strong>Br\u00fct A\u011f\u0131rl\u0131k: <\/strong>2.00 Gms<br \/>\n<strong>Uzunluk:<\/strong> 5 in\u00e7<br \/>\n<strong>SKU:<\/strong> 48487<\/p>\n<p><strong>Fiyat ve Teslimat<\/strong>: KDV ve teslimat \u00fccreti dahil<br \/>\n<a href=\"https:\/\/www.purejewels.com\/tr\/i%cc%87ade-poli%cc%87ti%cc%87kasi\/\">\u0130ade Politikas\u0131<\/a><\/p>\n<p>&nbsp;<\/p>","protected":false},"featured_media":403814,"comment_status":"closed","ping_status":"closed","template":"","meta":{"_eb_attr":"","_crsspst_to_jayantr4sg-hostcom":true},"product_brand":[],"product_cat":[5441,1576,1324,1229,5343,1436,5349],"product_tag":[1546],"class_list":{"0":"post-403813","1":"product","2":"type-product","3":"status-publish","4":"has-post-thumbnail","6":"product_cat-gold-bead-bracelets","7":"product_cat-childrens-jewellery","8":"product_cat-gold-bracelet","9":"product_cat-22ct-gold-jewellery","10":"product_cat-jewellery-under-550","11":"product_cat-kids-bracelet-kada","12":"product_cat-yellow-gold-jewellery","13":"product_tag-children","15":"first","16":"outofstock","17":"taxable","18":"shipping-taxable","19":"product-type-simple","20":"add-to-wishlist-before_image"},"yoast_head":"<!-- This site is optimized with the Yoast SEO plugin v27.5 - https:\/\/yoast.com\/product\/yoast-seo-wordpress\/ -->\n<title>TrioTone 22ct Gold Baby Bracelet with Rose &amp; Rhodium Finish<\/title>\n<meta name=\"description\" content=\"Explore the TrioTone Baby Bracelet in 22ct gold, detailed with rose gold and rhodium beads. A perfect gift blending style, tradition, and gentle colour contrast.\" \/>\n<meta name=\"robots\" content=\"index, follow, max-snippet:-1, max-image-preview:large, max-video-preview:-1\" \/>\n<link rel=\"canonical\" href=\"https:\/\/www.purejewels.com\/tr\/urun\/triotone-bebek-bilekligi-48487\/\" \/>\n<meta property=\"og:locale\" content=\"tr_TR\" \/>\n<meta property=\"og:type\" content=\"article\" \/>\n<meta property=\"og:title\" content=\"TrioTone 22ct Gold Baby Bracelet with Rose &amp; Rhodium Finish\" \/>\n<meta property=\"og:description\" content=\"Explore the TrioTone Baby Bracelet in 22ct gold, detailed with rose gold and rhodium beads. A perfect gift blending style, tradition, and gentle colour contrast.\" \/>\n<meta property=\"og:url\" content=\"https:\/\/www.purejewels.com\/tr\/urun\/triotone-bebek-bilekligi-48487\/\" \/>\n<meta property=\"og:site_name\" content=\"PureJewels UK\" \/>\n<meta property=\"article:modified_time\" content=\"2026-01-06T10:00:28+00:00\" \/>\n<meta property=\"og:image\" content=\"https:\/\/www.purejewels.com\/wp-content\/uploads\/2025\/07\/SKU-48487.1.jpg\" \/>\n\t<meta property=\"og:image:width\" content=\"1000\" \/>\n\t<meta property=\"og:image:height\" content=\"1000\" \/>\n\t<meta property=\"og:image:type\" content=\"image\/jpeg\" \/>\n<meta name=\"twitter:card\" content=\"summary_large_image\" \/>\n<script type=\"application\/ld+json\" class=\"yoast-schema-graph\">{\"@context\":\"https:\\\/\\\/schema.org\",\"@graph\":[{\"@type\":[\"WebPage\",\"ItemPage\"],\"@id\":\"https:\\\/\\\/www.purejewels.com\\\/product\\\/triotone-baby-bracelet-48487\\\/\",\"url\":\"https:\\\/\\\/www.purejewels.com\\\/product\\\/triotone-baby-bracelet-48487\\\/\",\"name\":\"TrioTone 22ct Gold Baby Bracelet with Rose & Rhodium Finish\",\"isPartOf\":{\"@id\":\"https:\\\/\\\/www.purejewels.com\\\/#website\"},\"primaryImageOfPage\":{\"@id\":\"https:\\\/\\\/www.purejewels.com\\\/product\\\/triotone-baby-bracelet-48487\\\/#primaryimage\"},\"image\":{\"@id\":\"https:\\\/\\\/www.purejewels.com\\\/product\\\/triotone-baby-bracelet-48487\\\/#primaryimage\"},\"thumbnailUrl\":\"https:\\\/\\\/static.purejewels.com\\\/wp-content\\\/uploads\\\/2025\\\/07\\\/SKU-48487.1.jpg\",\"datePublished\":\"2025-09-04T09:56:55+00:00\",\"dateModified\":\"2026-01-06T10:00:28+00:00\",\"description\":\"Explore the TrioTone Baby Bracelet in 22ct gold, detailed with rose gold and rhodium beads. A perfect gift blending style, tradition, and gentle colour contrast.\",\"breadcrumb\":{\"@id\":\"https:\\\/\\\/www.purejewels.com\\\/product\\\/triotone-baby-bracelet-48487\\\/#breadcrumb\"},\"inLanguage\":\"tr\",\"potentialAction\":[{\"@type\":\"ReadAction\",\"target\":[\"https:\\\/\\\/www.purejewels.com\\\/product\\\/triotone-baby-bracelet-48487\\\/\"]}]},{\"@type\":\"ImageObject\",\"inLanguage\":\"tr\",\"@id\":\"https:\\\/\\\/www.purejewels.com\\\/product\\\/triotone-baby-bracelet-48487\\\/#primaryimage\",\"url\":\"https:\\\/\\\/static.purejewels.com\\\/wp-content\\\/uploads\\\/2025\\\/07\\\/SKU-48487.1.jpg\",\"contentUrl\":\"https:\\\/\\\/static.purejewels.com\\\/wp-content\\\/uploads\\\/2025\\\/07\\\/SKU-48487.1.jpg\",\"width\":1000,\"height\":1000,\"caption\":\"48487\"},{\"@type\":\"BreadcrumbList\",\"@id\":\"https:\\\/\\\/www.purejewels.com\\\/product\\\/triotone-baby-bracelet-48487\\\/#breadcrumb\",\"itemListElement\":[{\"@type\":\"ListItem\",\"position\":1,\"name\":\"Home\",\"item\":\"https:\\\/\\\/www.purejewels.com\\\/\"},{\"@type\":\"ListItem\",\"position\":2,\"name\":\"Shop\",\"item\":\"https:\\\/\\\/www.purejewels.com\\\/shop\\\/\"},{\"@type\":\"ListItem\",\"position\":3,\"name\":\"TrioTone Baby Bracelet\"}]},{\"@type\":\"WebSite\",\"@id\":\"https:\\\/\\\/www.purejewels.com\\\/#website\",\"url\":\"https:\\\/\\\/www.purejewels.com\\\/\",\"name\":\"PureJewels UK\",\"description\":\"Share the Love\",\"publisher\":{\"@id\":\"https:\\\/\\\/www.purejewels.com\\\/#organization\"},\"potentialAction\":[{\"@type\":\"SearchAction\",\"target\":{\"@type\":\"EntryPoint\",\"urlTemplate\":\"https:\\\/\\\/www.purejewels.com\\\/?s={search_term_string}\"},\"query-input\":{\"@type\":\"PropertyValueSpecification\",\"valueRequired\":true,\"valueName\":\"search_term_string\"}}],\"inLanguage\":\"tr\"},{\"@type\":\"Organization\",\"@id\":\"https:\\\/\\\/www.purejewels.com\\\/#organization\",\"name\":\"PureJewels UK\",\"url\":\"https:\\\/\\\/www.purejewels.com\\\/\",\"logo\":{\"@type\":\"ImageObject\",\"inLanguage\":\"tr\",\"@id\":\"https:\\\/\\\/www.purejewels.com\\\/#\\\/schema\\\/logo\\\/image\\\/\",\"url\":\"https:\\\/\\\/static.purejewels.com\\\/wp-content\\\/uploads\\\/2020\\\/11\\\/Logo-PJ-New-1.png\",\"contentUrl\":\"https:\\\/\\\/static.purejewels.com\\\/wp-content\\\/uploads\\\/2020\\\/11\\\/Logo-PJ-New-1.png\",\"width\":150,\"height\":80,\"caption\":\"PureJewels UK\"},\"image\":{\"@id\":\"https:\\\/\\\/www.purejewels.com\\\/#\\\/schema\\\/logo\\\/image\\\/\"}}]}<\/script>\n<!-- \/ Yoast SEO plugin. -->","yoast_head_json":{"title":"G\u00fcl ve Rodyum Kaplamal\u0131 TrioTone 22 Ayar Alt\u0131n Bebek Bilekli\u011fi","description":"Pembe alt\u0131n ve rodyum boncuklarla detayland\u0131r\u0131lm\u0131\u015f 22 ayar alt\u0131n TrioTone Bebek Bilezi\u011fini ke\u015ffedin. Stil, gelenek ve yumu\u015fak renk kontrast\u0131n\u0131 harmanlayan m\u00fckemmel bir hediye.","robots":{"index":"index","follow":"follow","max-snippet":"max-snippet:-1","max-image-preview":"max-image-preview:large","max-video-preview":"max-video-preview:-1"},"canonical":"https:\/\/www.purejewels.com\/tr\/urun\/triotone-bebek-bilekligi-48487\/","og_locale":"tr_TR","og_type":"article","og_title":"TrioTone 22ct Gold Baby Bracelet with Rose & Rhodium Finish","og_description":"Explore the TrioTone Baby Bracelet in 22ct gold, detailed with rose gold and rhodium beads. A perfect gift blending style, tradition, and gentle colour contrast.","og_url":"https:\/\/www.purejewels.com\/tr\/urun\/triotone-bebek-bilekligi-48487\/","og_site_name":"PureJewels UK","article_modified_time":"2026-01-06T10:00:28+00:00","og_image":[{"width":1000,"height":1000,"url":"https:\/\/www.purejewels.com\/wp-content\/uploads\/2025\/07\/SKU-48487.1.jpg","type":"image\/jpeg"}],"twitter_card":"summary_large_image","schema":{"@context":"https:\/\/schema.org","@graph":[{"@type":["WebPage","ItemPage"],"@id":"https:\/\/www.purejewels.com\/product\/triotone-baby-bracelet-48487\/","url":"https:\/\/www.purejewels.com\/product\/triotone-baby-bracelet-48487\/","name":"G\u00fcl ve Rodyum Kaplamal\u0131 TrioTone 22 Ayar Alt\u0131n Bebek Bilekli\u011fi","isPartOf":{"@id":"https:\/\/www.purejewels.com\/#website"},"primaryImageOfPage":{"@id":"https:\/\/www.purejewels.com\/product\/triotone-baby-bracelet-48487\/#primaryimage"},"image":{"@id":"https:\/\/www.purejewels.com\/product\/triotone-baby-bracelet-48487\/#primaryimage"},"thumbnailUrl":"https:\/\/static.purejewels.com\/wp-content\/uploads\/2025\/07\/SKU-48487.1.jpg","datePublished":"2025-09-04T09:56:55+00:00","dateModified":"2026-01-06T10:00:28+00:00","description":"Pembe alt\u0131n ve rodyum boncuklarla detayland\u0131r\u0131lm\u0131\u015f 22 ayar alt\u0131n TrioTone Bebek Bilezi\u011fini ke\u015ffedin. Stil, gelenek ve yumu\u015fak renk kontrast\u0131n\u0131 harmanlayan m\u00fckemmel bir hediye.","breadcrumb":{"@id":"https:\/\/www.purejewels.com\/product\/triotone-baby-bracelet-48487\/#breadcrumb"},"inLanguage":"tr","potentialAction":[{"@type":"ReadAction","target":["https:\/\/www.purejewels.com\/product\/triotone-baby-bracelet-48487\/"]}]},{"@type":"ImageObject","inLanguage":"tr","@id":"https:\/\/www.purejewels.com\/product\/triotone-baby-bracelet-48487\/#primaryimage","url":"https:\/\/static.purejewels.com\/wp-content\/uploads\/2025\/07\/SKU-48487.1.jpg","contentUrl":"https:\/\/static.purejewels.com\/wp-content\/uploads\/2025\/07\/SKU-48487.1.jpg","width":1000,"height":1000,"caption":"48487"},{"@type":"BreadcrumbList","@id":"https:\/\/www.purejewels.com\/product\/triotone-baby-bracelet-48487\/#breadcrumb","itemListElement":[{"@type":"ListItem","position":1,"name":"Home","item":"https:\/\/www.purejewels.com\/"},{"@type":"ListItem","position":2,"name":"Shop","item":"https:\/\/www.purejewels.com\/shop\/"},{"@type":"ListItem","position":3,"name":"TrioTone Baby Bracelet"}]},{"@type":"WebSite","@id":"https:\/\/www.purejewels.com\/#website","url":"https:\/\/www.purejewels.com\/","name":"PureJewels \u0130ngiltere","description":"Sevgiyi Payla\u015f\u0131n","publisher":{"@id":"https:\/\/www.purejewels.com\/#organization"},"potentialAction":[{"@type":"SearchAction","target":{"@type":"EntryPoint","urlTemplate":"https:\/\/www.purejewels.com\/?s={search_term_string}"},"query-input":{"@type":"PropertyValueSpecification","valueRequired":true,"valueName":"search_term_string"}}],"inLanguage":"tr"},{"@type":"Organization","@id":"https:\/\/www.purejewels.com\/#organization","name":"PureJewels \u0130ngiltere","url":"https:\/\/www.purejewels.com\/","logo":{"@type":"ImageObject","inLanguage":"tr","@id":"https:\/\/www.purejewels.com\/#\/schema\/logo\/image\/","url":"https:\/\/static.purejewels.com\/wp-content\/uploads\/2020\/11\/Logo-PJ-New-1.png","contentUrl":"https:\/\/static.purejewels.com\/wp-content\/uploads\/2020\/11\/Logo-PJ-New-1.png","width":150,"height":80,"caption":"PureJewels UK"},"image":{"@id":"https:\/\/www.purejewels.com\/#\/schema\/logo\/image\/"}}]}},"_links":{"self":[{"href":"https:\/\/www.purejewels.com\/tr\/wp-json\/wp\/v2\/product\/403813","targetHints":{"allow":["GET"]}}],"collection":[{"href":"https:\/\/www.purejewels.com\/tr\/wp-json\/wp\/v2\/product"}],"about":[{"href":"https:\/\/www.purejewels.com\/tr\/wp-json\/wp\/v2\/types\/product"}],"replies":[{"embeddable":true,"href":"https:\/\/www.purejewels.com\/tr\/wp-json\/wp\/v2\/comments?post=403813"}],"version-history":[{"count":1,"href":"https:\/\/www.purejewels.com\/tr\/wp-json\/wp\/v2\/product\/403813\/revisions"}],"predecessor-version":[{"id":403816,"href":"https:\/\/www.purejewels.com\/tr\/wp-json\/wp\/v2\/product\/403813\/revisions\/403816"}],"wp:featuredmedia":[{"embeddable":true,"href":"https:\/\/www.purejewels.com\/tr\/wp-json\/wp\/v2\/media\/403814"}],"wp:attachment":[{"href":"https:\/\/www.purejewels.com\/tr\/wp-json\/wp\/v2\/media?parent=403813"}],"wp:term":[{"taxonomy":"product_brand","embeddable":true,"href":"https:\/\/www.purejewels.com\/tr\/wp-json\/wp\/v2\/product_brand?post=403813"},{"taxonomy":"product_cat","embeddable":true,"href":"https:\/\/www.purejewels.com\/tr\/wp-json\/wp\/v2\/product_cat?post=403813"},{"taxonomy":"product_tag","embeddable":true,"href":"https:\/\/www.purejewels.com\/tr\/wp-json\/wp\/v2\/product_tag?post=403813"}],"curies":[{"name":"wp","href":"https:\/\/api.w.org\/{rel}","templated":true}]}}