{"id":403867,"date":"2025-06-08T12:13:47","date_gmt":"2025-06-08T11:13:47","guid":{"rendered":"https:\/\/www.purejewels.com\/?post_type=product&#038;p=403867"},"modified":"2026-05-08T12:11:37","modified_gmt":"2026-05-08T11:11:37","slug":"regallink-gents-bi%cc%87lekli%cc%87k-50420","status":"publish","type":"product","link":"https:\/\/www.purejewels.com\/tr\/product\/regallink-gents-bracelet-50420\/","title":{"rendered":"Regal Link Erkek Bileklik"},"content":{"rendered":"<p>G\u00fc\u00e7l\u00fc duru\u015fu ve zarif detaylar\u0131yla Regal Link Gents Bileklik, g\u00fcnl\u00fck zarafetle cesur ifadeye \u00f6nem verenler i\u00e7in 22 ayar alt\u0131ndan \u00fcretilmi\u015ftir. 7,5 in\u00e7lik tasar\u0131m, dinamik bir \u0131\u015f\u0131k ve form oyunu yaratarak de\u011fi\u015fen cilal\u0131 ve dokulu ba\u011flant\u0131lara sahiptir. 20 gram a\u011f\u0131rl\u0131\u011f\u0131yla bile\u011fe g\u00fcvenle oturur ve \u00f6d\u00fcn vermeden rahatl\u0131k sunar.<\/p>\n<p>\u0130ster tek ba\u015f\u0131na ister bir saatle birlikte tak\u0131ls\u0131n, sessiz g\u00fcc\u00fc ve kal\u0131c\u0131 stili yans\u0131t\u0131r ve m\u00fckemmel bir hediye veya ki\u015fisel yat\u0131r\u0131m haline getirir.<\/p>","protected":false},"excerpt":{"rendered":"<p>Regal Link Bileklik, g\u00fc\u00e7 ve i\u015f\u00e7ili\u011fin bir ifadesidir. Cesur ba\u011flant\u0131 deseniyle 22 ayar alt\u0131ndan \u00fcretilen bu bilezik, zamans\u0131z bir zevke sahip modern erkekler i\u00e7in tasarlanm\u0131\u015ft\u0131r.<\/p>\n<p><strong>Malzeme:<\/strong>\u00a022 Ayar Alt\u0131n<strong><br \/>\nHallmark:\u00a0<\/strong>\u0130ngiliz Damgas\u0131<strong><br \/>\n<\/strong><strong>Br\u00fct A\u011f\u0131rl\u0131k:\u00a0 <\/strong>20.00 Gms<br \/>\n<strong>Uzunluk:<\/strong> 7,5 in\u00e7<br \/>\n<strong>Geni\u015flik:<\/strong> 9mm<br \/>\n<strong>SKU:<\/strong> 50420<\/p>\n<p><strong>Fiyat ve Teslimat<\/strong>: KDV ve teslimat \u00fccreti dahil<br \/>\n<a href=\"https:\/\/www.purejewels.com\/tr\/i%cc%87ade-poli%cc%87ti%cc%87kasi\/\">\u0130ade Politikas\u0131<\/a><\/p>\n<p>&nbsp;<\/p>","protected":false},"featured_media":403868,"comment_status":"closed","ping_status":"closed","template":"","meta":{"_eb_attr":"","_crsspst_to_jayantr4sg-hostcom":true},"product_brand":[],"product_cat":[6153,6057,1571,1324,1229,1572,1628,5349],"product_tag":[],"class_list":{"0":"post-403867","1":"product","2":"type-product","3":"status-publish","4":"has-post-thumbnail","6":"product_cat-belcher-bracelets","7":"product_cat-chain-bracelet","8":"product_cat-fathers-day-gifts","9":"product_cat-gold-bracelet","10":"product_cat-22ct-gold-jewellery","11":"product_cat-mens-jewellery","12":"product_cat-mens-bracelet","13":"product_cat-yellow-gold-jewellery","15":"first","16":"outofstock","17":"taxable","18":"shipping-taxable","19":"product-type-simple","20":"add-to-wishlist-before_image"},"yoast_head":"<!-- This site is optimized with the Yoast SEO plugin v27.6 - https:\/\/yoast.com\/product\/yoast-seo-wordpress\/ -->\n<title>RegalLink 22ct Gold Gents Bracelet \u2013 7.5 Inches | PureJewels<\/title>\n<meta name=\"description\" content=\"Discover the RegalLink Gents Bracelet in 22ct gold. A bold and textured design with alternating links\u2014crafted for strength, sophistication, and everyday wear.\" \/>\n<meta name=\"robots\" content=\"index, follow, max-snippet:-1, max-image-preview:large, max-video-preview:-1\" \/>\n<link rel=\"canonical\" href=\"https:\/\/www.purejewels.com\/tr\/urun\/regallink-gents-bi\u0307lekli\u0307k-50420\/\" \/>\n<meta property=\"og:locale\" content=\"tr_TR\" \/>\n<meta property=\"og:type\" content=\"article\" \/>\n<meta property=\"og:title\" content=\"RegalLink 22ct Gold Gents Bracelet \u2013 7.5 Inches | PureJewels\" \/>\n<meta property=\"og:description\" content=\"Discover the RegalLink Gents Bracelet in 22ct gold. A bold and textured design with alternating links\u2014crafted for strength, sophistication, and everyday wear.\" \/>\n<meta property=\"og:url\" content=\"https:\/\/www.purejewels.com\/tr\/urun\/regallink-gents-bi\u0307lekli\u0307k-50420\/\" \/>\n<meta property=\"og:site_name\" content=\"PureJewels UK\" \/>\n<meta property=\"article:modified_time\" content=\"2026-05-08T11:11:37+00:00\" \/>\n<meta property=\"og:image\" content=\"https:\/\/static.purejewels.com\/wp-content\/uploads\/2025\/07\/SKU-50420.jpg\" \/>\n\t<meta property=\"og:image:width\" content=\"1000\" \/>\n\t<meta property=\"og:image:height\" content=\"1000\" \/>\n\t<meta property=\"og:image:type\" content=\"image\/jpeg\" \/>\n<meta name=\"twitter:card\" content=\"summary_large_image\" \/>\n<meta name=\"twitter:label1\" content=\"Tahmini okuma s\u00fcresi\" \/>\n\t<meta name=\"twitter:data1\" content=\"1 dakika\" \/>\n<script type=\"application\/ld+json\" class=\"yoast-schema-graph\">{\"@context\":\"https:\\\/\\\/schema.org\",\"@graph\":[{\"@type\":[\"WebPage\",\"ItemPage\"],\"@id\":\"https:\\\/\\\/www.purejewels.com\\\/product\\\/regallink-gents-bracelet-50420\\\/\",\"url\":\"https:\\\/\\\/www.purejewels.com\\\/product\\\/regallink-gents-bracelet-50420\\\/\",\"name\":\"RegalLink 22ct Gold Gents Bracelet \u2013 7.5 Inches | PureJewels\",\"isPartOf\":{\"@id\":\"https:\\\/\\\/www.purejewels.com\\\/#website\"},\"primaryImageOfPage\":{\"@id\":\"https:\\\/\\\/www.purejewels.com\\\/product\\\/regallink-gents-bracelet-50420\\\/#primaryimage\"},\"image\":{\"@id\":\"https:\\\/\\\/www.purejewels.com\\\/product\\\/regallink-gents-bracelet-50420\\\/#primaryimage\"},\"thumbnailUrl\":\"https:\\\/\\\/static.purejewels.com\\\/wp-content\\\/uploads\\\/2025\\\/07\\\/SKU-50420.jpg\",\"datePublished\":\"2025-06-08T11:13:47+00:00\",\"dateModified\":\"2026-05-08T11:11:37+00:00\",\"description\":\"Discover the RegalLink Gents Bracelet in 22ct gold. A bold and textured design with alternating links\u2014crafted for strength, sophistication, and everyday wear.\",\"breadcrumb\":{\"@id\":\"https:\\\/\\\/www.purejewels.com\\\/product\\\/regallink-gents-bracelet-50420\\\/#breadcrumb\"},\"inLanguage\":\"tr\",\"potentialAction\":[{\"@type\":\"ReadAction\",\"target\":[\"https:\\\/\\\/www.purejewels.com\\\/product\\\/regallink-gents-bracelet-50420\\\/\"]}]},{\"@type\":\"ImageObject\",\"inLanguage\":\"tr\",\"@id\":\"https:\\\/\\\/www.purejewels.com\\\/product\\\/regallink-gents-bracelet-50420\\\/#primaryimage\",\"url\":\"https:\\\/\\\/static.purejewels.com\\\/wp-content\\\/uploads\\\/2025\\\/07\\\/SKU-50420.jpg\",\"contentUrl\":\"https:\\\/\\\/static.purejewels.com\\\/wp-content\\\/uploads\\\/2025\\\/07\\\/SKU-50420.jpg\",\"width\":1000,\"height\":1000,\"caption\":\"50420\"},{\"@type\":\"BreadcrumbList\",\"@id\":\"https:\\\/\\\/www.purejewels.com\\\/product\\\/regallink-gents-bracelet-50420\\\/#breadcrumb\",\"itemListElement\":[{\"@type\":\"ListItem\",\"position\":1,\"name\":\"Home\",\"item\":\"https:\\\/\\\/www.purejewels.com\\\/\"},{\"@type\":\"ListItem\",\"position\":2,\"name\":\"Shop\",\"item\":\"https:\\\/\\\/www.purejewels.com\\\/shop\\\/\"},{\"@type\":\"ListItem\",\"position\":3,\"name\":\"Regal Link Gents Bracelet\"}]},{\"@type\":\"WebSite\",\"@id\":\"https:\\\/\\\/www.purejewels.com\\\/#website\",\"url\":\"https:\\\/\\\/www.purejewels.com\\\/\",\"name\":\"PureJewels UK\",\"description\":\"Share the Love\",\"publisher\":{\"@id\":\"https:\\\/\\\/www.purejewels.com\\\/#organization\"},\"potentialAction\":[{\"@type\":\"SearchAction\",\"target\":{\"@type\":\"EntryPoint\",\"urlTemplate\":\"https:\\\/\\\/www.purejewels.com\\\/?s={search_term_string}\"},\"query-input\":{\"@type\":\"PropertyValueSpecification\",\"valueRequired\":true,\"valueName\":\"search_term_string\"}}],\"inLanguage\":\"tr\"},{\"@type\":\"Organization\",\"@id\":\"https:\\\/\\\/www.purejewels.com\\\/#organization\",\"name\":\"PureJewels UK\",\"url\":\"https:\\\/\\\/www.purejewels.com\\\/\",\"logo\":{\"@type\":\"ImageObject\",\"inLanguage\":\"tr\",\"@id\":\"https:\\\/\\\/www.purejewels.com\\\/#\\\/schema\\\/logo\\\/image\\\/\",\"url\":\"https:\\\/\\\/static.purejewels.com\\\/wp-content\\\/uploads\\\/2020\\\/11\\\/Logo-PJ-New-1.png\",\"contentUrl\":\"https:\\\/\\\/static.purejewels.com\\\/wp-content\\\/uploads\\\/2020\\\/11\\\/Logo-PJ-New-1.png\",\"width\":150,\"height\":80,\"caption\":\"PureJewels UK\"},\"image\":{\"@id\":\"https:\\\/\\\/www.purejewels.com\\\/#\\\/schema\\\/logo\\\/image\\\/\"}}]}<\/script>\n<!-- \/ Yoast SEO plugin. -->","yoast_head_json":{"title":"RegalLink 22 Ayar Alt\u0131n Erkek Bileklik - 7,5 \u0130n\u00e7 | PureJewels","description":"22 ayar alt\u0131ndan RegalLink Gents Bilezi\u011fi ke\u015ffedin. G\u00fc\u00e7l\u00fc, sofistike ve g\u00fcnl\u00fck kullan\u0131m i\u00e7in \u00fcretilmi\u015f alternatif ba\u011flant\u0131lara sahip cesur ve dokulu bir tasar\u0131m.","robots":{"index":"index","follow":"follow","max-snippet":"max-snippet:-1","max-image-preview":"max-image-preview:large","max-video-preview":"max-video-preview:-1"},"canonical":"https:\/\/www.purejewels.com\/tr\/urun\/regallink-gents-bi\u0307lekli\u0307k-50420\/","og_locale":"tr_TR","og_type":"article","og_title":"RegalLink 22ct Gold Gents Bracelet \u2013 7.5 Inches | PureJewels","og_description":"Discover the RegalLink Gents Bracelet in 22ct gold. A bold and textured design with alternating links\u2014crafted for strength, sophistication, and everyday wear.","og_url":"https:\/\/www.purejewels.com\/tr\/urun\/regallink-gents-bi\u0307lekli\u0307k-50420\/","og_site_name":"PureJewels UK","article_modified_time":"2026-05-08T11:11:37+00:00","og_image":[{"width":1000,"height":1000,"url":"https:\/\/static.purejewels.com\/wp-content\/uploads\/2025\/07\/SKU-50420.jpg","type":"image\/jpeg"}],"twitter_card":"summary_large_image","twitter_misc":{"Tahmini okuma s\u00fcresi":"1 dakika"},"schema":{"@context":"https:\/\/schema.org","@graph":[{"@type":["WebPage","ItemPage"],"@id":"https:\/\/www.purejewels.com\/product\/regallink-gents-bracelet-50420\/","url":"https:\/\/www.purejewels.com\/product\/regallink-gents-bracelet-50420\/","name":"RegalLink 22 Ayar Alt\u0131n Erkek Bileklik - 7,5 \u0130n\u00e7 | PureJewels","isPartOf":{"@id":"https:\/\/www.purejewels.com\/#website"},"primaryImageOfPage":{"@id":"https:\/\/www.purejewels.com\/product\/regallink-gents-bracelet-50420\/#primaryimage"},"image":{"@id":"https:\/\/www.purejewels.com\/product\/regallink-gents-bracelet-50420\/#primaryimage"},"thumbnailUrl":"https:\/\/static.purejewels.com\/wp-content\/uploads\/2025\/07\/SKU-50420.jpg","datePublished":"2025-06-08T11:13:47+00:00","dateModified":"2026-05-08T11:11:37+00:00","description":"22 ayar alt\u0131ndan RegalLink Gents Bilezi\u011fi ke\u015ffedin. G\u00fc\u00e7l\u00fc, sofistike ve g\u00fcnl\u00fck kullan\u0131m i\u00e7in \u00fcretilmi\u015f alternatif ba\u011flant\u0131lara sahip cesur ve dokulu bir tasar\u0131m.","breadcrumb":{"@id":"https:\/\/www.purejewels.com\/product\/regallink-gents-bracelet-50420\/#breadcrumb"},"inLanguage":"tr","potentialAction":[{"@type":"ReadAction","target":["https:\/\/www.purejewels.com\/product\/regallink-gents-bracelet-50420\/"]}]},{"@type":"ImageObject","inLanguage":"tr","@id":"https:\/\/www.purejewels.com\/product\/regallink-gents-bracelet-50420\/#primaryimage","url":"https:\/\/static.purejewels.com\/wp-content\/uploads\/2025\/07\/SKU-50420.jpg","contentUrl":"https:\/\/static.purejewels.com\/wp-content\/uploads\/2025\/07\/SKU-50420.jpg","width":1000,"height":1000,"caption":"50420"},{"@type":"BreadcrumbList","@id":"https:\/\/www.purejewels.com\/product\/regallink-gents-bracelet-50420\/#breadcrumb","itemListElement":[{"@type":"ListItem","position":1,"name":"Home","item":"https:\/\/www.purejewels.com\/"},{"@type":"ListItem","position":2,"name":"Shop","item":"https:\/\/www.purejewels.com\/shop\/"},{"@type":"ListItem","position":3,"name":"Regal Link Gents Bracelet"}]},{"@type":"WebSite","@id":"https:\/\/www.purejewels.com\/#website","url":"https:\/\/www.purejewels.com\/","name":"PureJewels \u0130ngiltere","description":"Sevgiyi Payla\u015f\u0131n","publisher":{"@id":"https:\/\/www.purejewels.com\/#organization"},"potentialAction":[{"@type":"SearchAction","target":{"@type":"EntryPoint","urlTemplate":"https:\/\/www.purejewels.com\/?s={search_term_string}"},"query-input":{"@type":"PropertyValueSpecification","valueRequired":true,"valueName":"search_term_string"}}],"inLanguage":"tr"},{"@type":"Organization","@id":"https:\/\/www.purejewels.com\/#organization","name":"PureJewels \u0130ngiltere","url":"https:\/\/www.purejewels.com\/","logo":{"@type":"ImageObject","inLanguage":"tr","@id":"https:\/\/www.purejewels.com\/#\/schema\/logo\/image\/","url":"https:\/\/static.purejewels.com\/wp-content\/uploads\/2020\/11\/Logo-PJ-New-1.png","contentUrl":"https:\/\/static.purejewels.com\/wp-content\/uploads\/2020\/11\/Logo-PJ-New-1.png","width":150,"height":80,"caption":"PureJewels UK"},"image":{"@id":"https:\/\/www.purejewels.com\/#\/schema\/logo\/image\/"}}]}},"_links":{"self":[{"href":"https:\/\/www.purejewels.com\/tr\/wp-json\/wp\/v2\/product\/403867","targetHints":{"allow":["GET"]}}],"collection":[{"href":"https:\/\/www.purejewels.com\/tr\/wp-json\/wp\/v2\/product"}],"about":[{"href":"https:\/\/www.purejewels.com\/tr\/wp-json\/wp\/v2\/types\/product"}],"replies":[{"embeddable":true,"href":"https:\/\/www.purejewels.com\/tr\/wp-json\/wp\/v2\/comments?post=403867"}],"version-history":[{"count":1,"href":"https:\/\/www.purejewels.com\/tr\/wp-json\/wp\/v2\/product\/403867\/revisions"}],"predecessor-version":[{"id":403869,"href":"https:\/\/www.purejewels.com\/tr\/wp-json\/wp\/v2\/product\/403867\/revisions\/403869"}],"wp:featuredmedia":[{"embeddable":true,"href":"https:\/\/www.purejewels.com\/tr\/wp-json\/wp\/v2\/media\/403868"}],"wp:attachment":[{"href":"https:\/\/www.purejewels.com\/tr\/wp-json\/wp\/v2\/media?parent=403867"}],"wp:term":[{"taxonomy":"product_brand","embeddable":true,"href":"https:\/\/www.purejewels.com\/tr\/wp-json\/wp\/v2\/product_brand?post=403867"},{"taxonomy":"product_cat","embeddable":true,"href":"https:\/\/www.purejewels.com\/tr\/wp-json\/wp\/v2\/product_cat?post=403867"},{"taxonomy":"product_tag","embeddable":true,"href":"https:\/\/www.purejewels.com\/tr\/wp-json\/wp\/v2\/product_tag?post=403867"}],"curies":[{"name":"wp","href":"https:\/\/api.w.org\/{rel}","templated":true}]}}