{"id":403870,"date":"2025-07-03T12:33:21","date_gmt":"2025-07-03T11:33:21","guid":{"rendered":"https:\/\/www.purejewels.com\/?post_type=product&#038;p=403870"},"modified":"2026-01-06T09:51:49","modified_gmt":"2026-01-06T09:51:49","slug":"22-ayar-altindan-kazinabilir-bebek-kimlik-bilezigi-50701","status":"publish","type":"product","link":"https:\/\/www.purejewels.com\/tr\/product\/engravable-baby-id-bracelet-in-22ct-gold-50701\/","title":{"rendered":"22 Ayar Alt\u0131ndan Kaz\u0131nabilir Bebek Kimlik Bilezi\u011fi"},"content":{"rendered":"<p>Hayat\u0131n de\u011ferli ba\u015flang\u0131\u00e7lar\u0131n\u0131 <strong data-start=\"812\" data-end=\"856\">22 Ayar Alt\u0131ndan Kaz\u0131nabilir Bebek Kimlik Bilezi\u011fi<\/strong>. Rahatl\u0131k ve anlam i\u00e7in tasarlanan bu 5,5 in\u00e7lik bileklik, yumu\u015fak bir \u00f6rg\u00fc zincir ve bir isim, tarih veya i\u00e7ten bir mesaj kaz\u0131mak i\u00e7in ideal olan merkezi bir kimlik plakas\u0131na sahiptir.<\/p>\n<p>6,4 gram a\u011f\u0131rl\u0131\u011f\u0131yla zarafeti duygusall\u0131kla harmanlayarak isim verme t\u00f6renleri, do\u011fum g\u00fcnleri veya ho\u015f geldin hediyeleri i\u00e7in m\u00fckemmel bir se\u00e7imdir. Saf 22 ayar alt\u0131ndan \u00fcretilmi\u015f olan bu hediye, y\u0131llarca de\u011fer verilmesi gereken zamans\u0131z bir sevgi simgesidir.<\/p>","protected":false},"excerpt":{"rendered":"<p>Bu 22 ayar alt\u0131n bebek bilezi\u011fini kaz\u0131nabilir bir kimlik plakas\u0131yla ki\u015fiselle\u015ftirin. Kilometre ta\u015flar\u0131 ve kutlamalar i\u00e7in ideal olan yumu\u015fak \u00f6rg\u00fc zincirle tasarlanm\u0131\u015f 5,5 in\u00e7lik zamans\u0131z bir hediye.<\/p>\n<p><strong>Malzeme:<\/strong>\u00a022 Ayar Alt\u0131n<strong><br \/>\nHallmark:\u00a0<\/strong>\u0130ngiliz Damgas\u0131<strong><br \/>\n<\/strong><strong>Br\u00fct A\u011f\u0131rl\u0131k: <\/strong>6.40 Gms<br \/>\n<strong>Uzunluk:<\/strong> 5,5 in\u00e7<br \/>\n<strong>SKU:<\/strong> 50701<\/p>\n<p><strong>Fiyat ve Teslimat<\/strong>: KDV ve teslimat \u00fccreti dahil<br \/>\n<a href=\"https:\/\/www.purejewels.com\/tr\/i%cc%87ade-poli%cc%87ti%cc%87kasi\/\">\u0130ade Politikas\u0131<\/a><\/p>","protected":false},"featured_media":403871,"comment_status":"closed","ping_status":"closed","template":"","meta":{"_eb_attr":"","_crsspst_to_jayantr4sg-hostcom":true},"product_brand":[],"product_cat":[5672,1576,1790,1324,1436,5338],"product_tag":[],"class_list":{"0":"post-403870","1":"product","2":"type-product","3":"status-publish","4":"has-post-thumbnail","6":"product_cat-baby-gold-bracelet","7":"product_cat-childrens-jewellery","8":"product_cat-for-whom-when","9":"product_cat-gold-bracelet","10":"product_cat-kids-bracelet-kada","11":"product_cat-shop-by-price","13":"first","14":"outofstock","15":"taxable","16":"shipping-taxable","17":"product-type-simple","18":"add-to-wishlist-before_image"},"yoast_head":"<!-- This site is optimized with the Yoast SEO plugin v27.5 - https:\/\/yoast.com\/product\/yoast-seo-wordpress\/ -->\n<title>Engravable Baby ID Bracelet in 22ct Gold \u2013 5.5 Inch | PureJewels<\/title>\n<meta name=\"description\" content=\"Personalise this 22ct gold baby bracelet with an engravable ID plate. A timeless 5.5-inch gift designed with a soft mesh chain\u2014ideal for milestones and celebrations.\" \/>\n<meta name=\"robots\" content=\"index, follow, max-snippet:-1, max-image-preview:large, max-video-preview:-1\" \/>\n<link rel=\"canonical\" href=\"https:\/\/www.purejewels.com\/tr\/urun\/22-ayar-altindan-kazinabilir-bebek-kimlik-bilezigi-50701\/\" \/>\n<meta property=\"og:locale\" content=\"tr_TR\" \/>\n<meta property=\"og:type\" content=\"article\" \/>\n<meta property=\"og:title\" content=\"Engravable Baby ID Bracelet in 22ct Gold \u2013 5.5 Inch | PureJewels\" \/>\n<meta property=\"og:description\" content=\"Personalise this 22ct gold baby bracelet with an engravable ID plate. A timeless 5.5-inch gift designed with a soft mesh chain\u2014ideal for milestones and celebrations.\" \/>\n<meta property=\"og:url\" content=\"https:\/\/www.purejewels.com\/tr\/urun\/22-ayar-altindan-kazinabilir-bebek-kimlik-bilezigi-50701\/\" \/>\n<meta property=\"og:site_name\" content=\"PureJewels UK\" \/>\n<meta property=\"article:modified_time\" content=\"2026-01-06T09:51:49+00:00\" \/>\n<meta property=\"og:image\" content=\"https:\/\/www.purejewels.com\/wp-content\/uploads\/2025\/07\/SKU-50701.jpg\" \/>\n\t<meta property=\"og:image:width\" content=\"1000\" \/>\n\t<meta property=\"og:image:height\" content=\"1000\" \/>\n\t<meta property=\"og:image:type\" content=\"image\/jpeg\" \/>\n<meta name=\"twitter:card\" content=\"summary_large_image\" \/>\n<meta name=\"twitter:label1\" content=\"Tahmini okuma s\u00fcresi\" \/>\n\t<meta name=\"twitter:data1\" content=\"1 dakika\" \/>\n<script type=\"application\/ld+json\" class=\"yoast-schema-graph\">{\"@context\":\"https:\\\/\\\/schema.org\",\"@graph\":[{\"@type\":[\"WebPage\",\"ItemPage\"],\"@id\":\"https:\\\/\\\/www.purejewels.com\\\/product\\\/engravable-baby-id-bracelet-in-22ct-gold-50701\\\/\",\"url\":\"https:\\\/\\\/www.purejewels.com\\\/product\\\/engravable-baby-id-bracelet-in-22ct-gold-50701\\\/\",\"name\":\"Engravable Baby ID Bracelet in 22ct Gold \u2013 5.5 Inch | PureJewels\",\"isPartOf\":{\"@id\":\"https:\\\/\\\/www.purejewels.com\\\/#website\"},\"primaryImageOfPage\":{\"@id\":\"https:\\\/\\\/www.purejewels.com\\\/product\\\/engravable-baby-id-bracelet-in-22ct-gold-50701\\\/#primaryimage\"},\"image\":{\"@id\":\"https:\\\/\\\/www.purejewels.com\\\/product\\\/engravable-baby-id-bracelet-in-22ct-gold-50701\\\/#primaryimage\"},\"thumbnailUrl\":\"https:\\\/\\\/static.purejewels.com\\\/wp-content\\\/uploads\\\/2025\\\/07\\\/SKU-50701.jpg\",\"datePublished\":\"2025-07-03T11:33:21+00:00\",\"dateModified\":\"2026-01-06T09:51:49+00:00\",\"description\":\"Personalise this 22ct gold baby bracelet with an engravable ID plate. A timeless 5.5-inch gift designed with a soft mesh chain\u2014ideal for milestones and celebrations.\",\"breadcrumb\":{\"@id\":\"https:\\\/\\\/www.purejewels.com\\\/product\\\/engravable-baby-id-bracelet-in-22ct-gold-50701\\\/#breadcrumb\"},\"inLanguage\":\"tr\",\"potentialAction\":[{\"@type\":\"ReadAction\",\"target\":[\"https:\\\/\\\/www.purejewels.com\\\/product\\\/engravable-baby-id-bracelet-in-22ct-gold-50701\\\/\"]}]},{\"@type\":\"ImageObject\",\"inLanguage\":\"tr\",\"@id\":\"https:\\\/\\\/www.purejewels.com\\\/product\\\/engravable-baby-id-bracelet-in-22ct-gold-50701\\\/#primaryimage\",\"url\":\"https:\\\/\\\/static.purejewels.com\\\/wp-content\\\/uploads\\\/2025\\\/07\\\/SKU-50701.jpg\",\"contentUrl\":\"https:\\\/\\\/static.purejewels.com\\\/wp-content\\\/uploads\\\/2025\\\/07\\\/SKU-50701.jpg\",\"width\":1000,\"height\":1000,\"caption\":\"50701\"},{\"@type\":\"BreadcrumbList\",\"@id\":\"https:\\\/\\\/www.purejewels.com\\\/product\\\/engravable-baby-id-bracelet-in-22ct-gold-50701\\\/#breadcrumb\",\"itemListElement\":[{\"@type\":\"ListItem\",\"position\":1,\"name\":\"Home\",\"item\":\"https:\\\/\\\/www.purejewels.com\\\/\"},{\"@type\":\"ListItem\",\"position\":2,\"name\":\"Shop\",\"item\":\"https:\\\/\\\/www.purejewels.com\\\/shop\\\/\"},{\"@type\":\"ListItem\",\"position\":3,\"name\":\"Engravable Baby ID Bracelet in 22ct Gold\"}]},{\"@type\":\"WebSite\",\"@id\":\"https:\\\/\\\/www.purejewels.com\\\/#website\",\"url\":\"https:\\\/\\\/www.purejewels.com\\\/\",\"name\":\"PureJewels UK\",\"description\":\"Share the Love\",\"publisher\":{\"@id\":\"https:\\\/\\\/www.purejewels.com\\\/#organization\"},\"potentialAction\":[{\"@type\":\"SearchAction\",\"target\":{\"@type\":\"EntryPoint\",\"urlTemplate\":\"https:\\\/\\\/www.purejewels.com\\\/?s={search_term_string}\"},\"query-input\":{\"@type\":\"PropertyValueSpecification\",\"valueRequired\":true,\"valueName\":\"search_term_string\"}}],\"inLanguage\":\"tr\"},{\"@type\":\"Organization\",\"@id\":\"https:\\\/\\\/www.purejewels.com\\\/#organization\",\"name\":\"PureJewels UK\",\"url\":\"https:\\\/\\\/www.purejewels.com\\\/\",\"logo\":{\"@type\":\"ImageObject\",\"inLanguage\":\"tr\",\"@id\":\"https:\\\/\\\/www.purejewels.com\\\/#\\\/schema\\\/logo\\\/image\\\/\",\"url\":\"https:\\\/\\\/static.purejewels.com\\\/wp-content\\\/uploads\\\/2020\\\/11\\\/Logo-PJ-New-1.png\",\"contentUrl\":\"https:\\\/\\\/static.purejewels.com\\\/wp-content\\\/uploads\\\/2020\\\/11\\\/Logo-PJ-New-1.png\",\"width\":150,\"height\":80,\"caption\":\"PureJewels UK\"},\"image\":{\"@id\":\"https:\\\/\\\/www.purejewels.com\\\/#\\\/schema\\\/logo\\\/image\\\/\"}}]}<\/script>\n<!-- \/ Yoast SEO plugin. -->","yoast_head_json":{"title":"Kaz\u0131nabilir 22 Ayar Alt\u0131n Bebek Kimlik Bilezi\u011fi - 5,5 \u0130n\u00e7 | PureJewels","description":"Bu 22 ayar alt\u0131n bebek bilezi\u011fini kaz\u0131nabilir bir kimlik plakas\u0131yla ki\u015fiselle\u015ftirin. Kilometre ta\u015flar\u0131 ve kutlamalar i\u00e7in ideal olan yumu\u015fak \u00f6rg\u00fc zincirle tasarlanm\u0131\u015f 5,5 in\u00e7lik zamans\u0131z bir hediye.","robots":{"index":"index","follow":"follow","max-snippet":"max-snippet:-1","max-image-preview":"max-image-preview:large","max-video-preview":"max-video-preview:-1"},"canonical":"https:\/\/www.purejewels.com\/tr\/urun\/22-ayar-altindan-kazinabilir-bebek-kimlik-bilezigi-50701\/","og_locale":"tr_TR","og_type":"article","og_title":"Engravable Baby ID Bracelet in 22ct Gold \u2013 5.5 Inch | PureJewels","og_description":"Personalise this 22ct gold baby bracelet with an engravable ID plate. A timeless 5.5-inch gift designed with a soft mesh chain\u2014ideal for milestones and celebrations.","og_url":"https:\/\/www.purejewels.com\/tr\/urun\/22-ayar-altindan-kazinabilir-bebek-kimlik-bilezigi-50701\/","og_site_name":"PureJewels UK","article_modified_time":"2026-01-06T09:51:49+00:00","og_image":[{"width":1000,"height":1000,"url":"https:\/\/www.purejewels.com\/wp-content\/uploads\/2025\/07\/SKU-50701.jpg","type":"image\/jpeg"}],"twitter_card":"summary_large_image","twitter_misc":{"Tahmini okuma s\u00fcresi":"1 dakika"},"schema":{"@context":"https:\/\/schema.org","@graph":[{"@type":["WebPage","ItemPage"],"@id":"https:\/\/www.purejewels.com\/product\/engravable-baby-id-bracelet-in-22ct-gold-50701\/","url":"https:\/\/www.purejewels.com\/product\/engravable-baby-id-bracelet-in-22ct-gold-50701\/","name":"Kaz\u0131nabilir 22 Ayar Alt\u0131n Bebek Kimlik Bilezi\u011fi - 5,5 \u0130n\u00e7 | PureJewels","isPartOf":{"@id":"https:\/\/www.purejewels.com\/#website"},"primaryImageOfPage":{"@id":"https:\/\/www.purejewels.com\/product\/engravable-baby-id-bracelet-in-22ct-gold-50701\/#primaryimage"},"image":{"@id":"https:\/\/www.purejewels.com\/product\/engravable-baby-id-bracelet-in-22ct-gold-50701\/#primaryimage"},"thumbnailUrl":"https:\/\/static.purejewels.com\/wp-content\/uploads\/2025\/07\/SKU-50701.jpg","datePublished":"2025-07-03T11:33:21+00:00","dateModified":"2026-01-06T09:51:49+00:00","description":"Bu 22 ayar alt\u0131n bebek bilezi\u011fini kaz\u0131nabilir bir kimlik plakas\u0131yla ki\u015fiselle\u015ftirin. Kilometre ta\u015flar\u0131 ve kutlamalar i\u00e7in ideal olan yumu\u015fak \u00f6rg\u00fc zincirle tasarlanm\u0131\u015f 5,5 in\u00e7lik zamans\u0131z bir hediye.","breadcrumb":{"@id":"https:\/\/www.purejewels.com\/product\/engravable-baby-id-bracelet-in-22ct-gold-50701\/#breadcrumb"},"inLanguage":"tr","potentialAction":[{"@type":"ReadAction","target":["https:\/\/www.purejewels.com\/product\/engravable-baby-id-bracelet-in-22ct-gold-50701\/"]}]},{"@type":"ImageObject","inLanguage":"tr","@id":"https:\/\/www.purejewels.com\/product\/engravable-baby-id-bracelet-in-22ct-gold-50701\/#primaryimage","url":"https:\/\/static.purejewels.com\/wp-content\/uploads\/2025\/07\/SKU-50701.jpg","contentUrl":"https:\/\/static.purejewels.com\/wp-content\/uploads\/2025\/07\/SKU-50701.jpg","width":1000,"height":1000,"caption":"50701"},{"@type":"BreadcrumbList","@id":"https:\/\/www.purejewels.com\/product\/engravable-baby-id-bracelet-in-22ct-gold-50701\/#breadcrumb","itemListElement":[{"@type":"ListItem","position":1,"name":"Home","item":"https:\/\/www.purejewels.com\/"},{"@type":"ListItem","position":2,"name":"Shop","item":"https:\/\/www.purejewels.com\/shop\/"},{"@type":"ListItem","position":3,"name":"Engravable Baby ID Bracelet in 22ct Gold"}]},{"@type":"WebSite","@id":"https:\/\/www.purejewels.com\/#website","url":"https:\/\/www.purejewels.com\/","name":"PureJewels \u0130ngiltere","description":"Sevgiyi Payla\u015f\u0131n","publisher":{"@id":"https:\/\/www.purejewels.com\/#organization"},"potentialAction":[{"@type":"SearchAction","target":{"@type":"EntryPoint","urlTemplate":"https:\/\/www.purejewels.com\/?s={search_term_string}"},"query-input":{"@type":"PropertyValueSpecification","valueRequired":true,"valueName":"search_term_string"}}],"inLanguage":"tr"},{"@type":"Organization","@id":"https:\/\/www.purejewels.com\/#organization","name":"PureJewels \u0130ngiltere","url":"https:\/\/www.purejewels.com\/","logo":{"@type":"ImageObject","inLanguage":"tr","@id":"https:\/\/www.purejewels.com\/#\/schema\/logo\/image\/","url":"https:\/\/static.purejewels.com\/wp-content\/uploads\/2020\/11\/Logo-PJ-New-1.png","contentUrl":"https:\/\/static.purejewels.com\/wp-content\/uploads\/2020\/11\/Logo-PJ-New-1.png","width":150,"height":80,"caption":"PureJewels UK"},"image":{"@id":"https:\/\/www.purejewels.com\/#\/schema\/logo\/image\/"}}]}},"_links":{"self":[{"href":"https:\/\/www.purejewels.com\/tr\/wp-json\/wp\/v2\/product\/403870","targetHints":{"allow":["GET"]}}],"collection":[{"href":"https:\/\/www.purejewels.com\/tr\/wp-json\/wp\/v2\/product"}],"about":[{"href":"https:\/\/www.purejewels.com\/tr\/wp-json\/wp\/v2\/types\/product"}],"replies":[{"embeddable":true,"href":"https:\/\/www.purejewels.com\/tr\/wp-json\/wp\/v2\/comments?post=403870"}],"version-history":[{"count":2,"href":"https:\/\/www.purejewels.com\/tr\/wp-json\/wp\/v2\/product\/403870\/revisions"}],"predecessor-version":[{"id":404352,"href":"https:\/\/www.purejewels.com\/tr\/wp-json\/wp\/v2\/product\/403870\/revisions\/404352"}],"wp:featuredmedia":[{"embeddable":true,"href":"https:\/\/www.purejewels.com\/tr\/wp-json\/wp\/v2\/media\/403871"}],"wp:attachment":[{"href":"https:\/\/www.purejewels.com\/tr\/wp-json\/wp\/v2\/media?parent=403870"}],"wp:term":[{"taxonomy":"product_brand","embeddable":true,"href":"https:\/\/www.purejewels.com\/tr\/wp-json\/wp\/v2\/product_brand?post=403870"},{"taxonomy":"product_cat","embeddable":true,"href":"https:\/\/www.purejewels.com\/tr\/wp-json\/wp\/v2\/product_cat?post=403870"},{"taxonomy":"product_tag","embeddable":true,"href":"https:\/\/www.purejewels.com\/tr\/wp-json\/wp\/v2\/product_tag?post=403870"}],"curies":[{"name":"wp","href":"https:\/\/api.w.org\/{rel}","templated":true}]}}