{"id":404051,"date":"2025-06-10T05:13:19","date_gmt":"2025-06-10T04:13:19","guid":{"rendered":"https:\/\/www.purejewels.com\/?post_type=product&#038;p=404051"},"modified":"2026-02-27T04:23:52","modified_gmt":"2026-02-27T04:23:52","slug":"elchi-altin-damla-kolye-51810","status":"publish","type":"product","link":"https:\/\/www.purejewels.com\/tr\/product\/elchi-gold-drop-necklace-51810\/","title":{"rendered":"Elchi Alt\u0131n Damla Kolye"},"content":{"rendered":"<p data-start=\"935\" data-end=\"1236\">Tan\u0131t\u0131m\u0131 <strong data-start=\"951\" data-end=\"979\">Elchi Alt\u0131n Damla Kolye<\/strong> - miras\u0131n modern bir mercekle rafine bir yorumu. El yap\u0131m\u0131 <strong data-start=\"1053\" data-end=\"1077\">22 ayar g\u00fcndo\u011fumu alt\u0131n damgal\u0131<\/strong>Bu par\u00e7a, geleneksel motiflerin ak\u0131c\u0131 k\u0131vr\u0131mlar\u0131ndan yola \u00e7\u0131k\u0131larak temiz \u00e7izgiler ve heykelsi bir netlikle yeniden tasarlanan uzun sark\u0131t formuyla tan\u0131mlan\u0131yor.<\/p>\n<p data-start=\"1498\" data-end=\"1647\">Se\u00e7ici kullan\u0131c\u0131lar i\u00e7in tasarlanan Elchi Kolye, g\u00fcnd\u00fczden ak\u015fama g\u00fczel bir \u015fekilde ge\u00e7i\u015f yaparak her duruma sessiz bir incelik katar.<\/p>\n<ul data-start=\"1649\" data-end=\"1925\">\n<li data-start=\"1649\" data-end=\"1684\">\n<p data-start=\"1651\" data-end=\"1684\"><strong data-start=\"1651\" data-end=\"1661\">Metal:<\/strong> 22 Ayar Damgal\u0131 G\u00fcn Do\u011fumu Alt\u0131n<\/p>\n<\/li>\n<li data-start=\"1685\" data-end=\"1743\">\n<p data-start=\"1687\" data-end=\"1743\"><strong data-start=\"1687\" data-end=\"1698\">Tasar\u0131m:<\/strong> Merkezi alt\u0131n boncuklu \u00e7ift damla kolye ucu<\/p>\n<\/li>\n<li data-start=\"1860\" data-end=\"1925\">\n<p data-start=\"1862\" data-end=\"1925\"><strong data-start=\"1862\" data-end=\"1876\">\u015eunun i\u00e7in ideal:<\/strong> Hediyele\u015fme, kendini ifade etme, \u00e7a\u011fda\u015f yadig\u00e2rlar<\/p>\n<\/li>\n<\/ul>","protected":false},"excerpt":{"rendered":"<p>\u015e\u0131k, heykelsi ve \u0131\u015f\u0131lt\u0131l\u0131 22 ayar alt\u0131n <strong data-start=\"731\" data-end=\"759\">Elchi Alt\u0131n Damla Kolye<\/strong> PureJewels'in miras sanat\u00e7\u0131l\u0131\u011f\u0131 ve minimalist tasar\u0131m\u0131n uyumlu kar\u0131\u015f\u0131m\u0131n\u0131 yans\u0131t\u0131r. Sessizce ama varl\u0131\u011f\u0131yla konu\u015fan bir par\u00e7a.<\/p>\n<p><strong>Malzeme:<\/strong>\u00a022 Ayar G\u00fcndo\u011fumu Alt\u0131n<strong><br \/>\nHallmark:\u00a0<\/strong>\u0130ngiliz Damgas\u0131<strong><br \/>\n<\/strong><strong>Br\u00fct A\u011f\u0131rl\u0131k: <\/strong>6.00 Gms<br \/>\n<strong>Uzunluk:\u00a0<\/strong>18 in\u00e7<br \/>\n<strong>SKU:<\/strong> 51810<\/p>\n<p><strong>Fiyat ve Teslimat<\/strong>: KDV ve teslimat \u00fccreti dahil<br \/>\n<a href=\"https:\/\/www.purejewels.com\/tr\/i%cc%87ade-poli%cc%87ti%cc%87kasi\/\">\u0130ade Politikas\u0131<\/a><\/p>","protected":false},"featured_media":404055,"comment_status":"closed","ping_status":"closed","template":"","meta":{"_eb_attr":"","_crsspst_to_jayantr4sg-hostcom":false},"product_brand":[],"product_cat":[1791,1559,236,5848,6116,1475,1229,1253,1778,1574],"product_tag":[1430],"class_list":{"0":"post-404051","1":"product","2":"type-product","3":"status-publish","4":"has-post-thumbnail","6":"product_cat-anniversary-gifts","7":"product_cat-birthday-gifts","8":"product_cat-collections","9":"product_cat-elchi-collection","10":"product_cat-elchi-necklace","11":"product_cat-gold-chains","12":"product_cat-22ct-gold-jewellery","13":"product_cat-gold-necklaces","14":"product_cat-short-necklaces","15":"product_cat-womens-jewellery","16":"product_tag-diwali-gift","18":"first","19":"onbackorder","20":"taxable","21":"shipping-taxable","22":"product-type-simple","23":"add-to-wishlist-before_image"},"yoast_head":"<!-- This site is optimized with the Yoast SEO plugin v27.6 - https:\/\/yoast.com\/product\/yoast-seo-wordpress\/ -->\n<title>Elchi Gold Drop Necklace \u2013 22ct Gold Pendant | PureJewels UK<\/title>\n<meta name=\"description\" content=\"Discover the Elchi Gold Drop Necklace \u2013 a contemporary 22ct gold creation from PureJewels, blending modern silhouette with heritage detail.\" \/>\n<meta name=\"robots\" content=\"index, follow, max-snippet:-1, max-image-preview:large, max-video-preview:-1\" \/>\n<link rel=\"canonical\" href=\"https:\/\/www.purejewels.com\/tr\/urun\/elchi-altin-damla-kolye-51810\/\" \/>\n<meta property=\"og:locale\" content=\"tr_TR\" \/>\n<meta property=\"og:type\" content=\"article\" \/>\n<meta property=\"og:title\" content=\"Elchi Gold Drop Necklace \u2013 22ct Gold Pendant | PureJewels UK\" \/>\n<meta property=\"og:description\" content=\"Discover the Elchi Gold Drop Necklace \u2013 a contemporary 22ct gold creation from PureJewels, blending modern silhouette with heritage detail.\" \/>\n<meta property=\"og:url\" content=\"https:\/\/www.purejewels.com\/tr\/urun\/elchi-altin-damla-kolye-51810\/\" \/>\n<meta property=\"og:site_name\" content=\"PureJewels UK\" \/>\n<meta property=\"article:modified_time\" content=\"2026-02-27T04:23:52+00:00\" \/>\n<meta property=\"og:image\" content=\"https:\/\/static.purejewels.com\/wp-content\/uploads\/2025\/07\/SKU-51810.jpg\" \/>\n\t<meta property=\"og:image:width\" content=\"1000\" \/>\n\t<meta property=\"og:image:height\" content=\"1000\" \/>\n\t<meta property=\"og:image:type\" content=\"image\/jpeg\" \/>\n<meta name=\"twitter:card\" content=\"summary_large_image\" \/>\n<meta name=\"twitter:label1\" content=\"Tahmini okuma s\u00fcresi\" \/>\n\t<meta name=\"twitter:data1\" content=\"1 dakika\" \/>\n<script type=\"application\/ld+json\" class=\"yoast-schema-graph\">{\"@context\":\"https:\\\/\\\/schema.org\",\"@graph\":[{\"@type\":[\"WebPage\",\"ItemPage\"],\"@id\":\"https:\\\/\\\/www.purejewels.com\\\/product\\\/elchi-gold-drop-necklace-51810\\\/\",\"url\":\"https:\\\/\\\/www.purejewels.com\\\/product\\\/elchi-gold-drop-necklace-51810\\\/\",\"name\":\"Elchi Gold Drop Necklace \u2013 22ct Gold Pendant | PureJewels UK\",\"isPartOf\":{\"@id\":\"https:\\\/\\\/www.purejewels.com\\\/#website\"},\"primaryImageOfPage\":{\"@id\":\"https:\\\/\\\/www.purejewels.com\\\/product\\\/elchi-gold-drop-necklace-51810\\\/#primaryimage\"},\"image\":{\"@id\":\"https:\\\/\\\/www.purejewels.com\\\/product\\\/elchi-gold-drop-necklace-51810\\\/#primaryimage\"},\"thumbnailUrl\":\"https:\\\/\\\/static.purejewels.com\\\/wp-content\\\/uploads\\\/2025\\\/07\\\/SKU-51810.jpg\",\"datePublished\":\"2025-06-10T04:13:19+00:00\",\"dateModified\":\"2026-02-27T04:23:52+00:00\",\"description\":\"Discover the Elchi Gold Drop Necklace \u2013 a contemporary 22ct gold creation from PureJewels, blending modern silhouette with heritage detail.\",\"breadcrumb\":{\"@id\":\"https:\\\/\\\/www.purejewels.com\\\/product\\\/elchi-gold-drop-necklace-51810\\\/#breadcrumb\"},\"inLanguage\":\"tr\",\"potentialAction\":[{\"@type\":\"ReadAction\",\"target\":[\"https:\\\/\\\/www.purejewels.com\\\/product\\\/elchi-gold-drop-necklace-51810\\\/\"]}]},{\"@type\":\"ImageObject\",\"inLanguage\":\"tr\",\"@id\":\"https:\\\/\\\/www.purejewels.com\\\/product\\\/elchi-gold-drop-necklace-51810\\\/#primaryimage\",\"url\":\"https:\\\/\\\/static.purejewels.com\\\/wp-content\\\/uploads\\\/2025\\\/07\\\/SKU-51810.jpg\",\"contentUrl\":\"https:\\\/\\\/static.purejewels.com\\\/wp-content\\\/uploads\\\/2025\\\/07\\\/SKU-51810.jpg\",\"width\":1000,\"height\":1000,\"caption\":\"51810\"},{\"@type\":\"BreadcrumbList\",\"@id\":\"https:\\\/\\\/www.purejewels.com\\\/product\\\/elchi-gold-drop-necklace-51810\\\/#breadcrumb\",\"itemListElement\":[{\"@type\":\"ListItem\",\"position\":1,\"name\":\"Home\",\"item\":\"https:\\\/\\\/www.purejewels.com\\\/\"},{\"@type\":\"ListItem\",\"position\":2,\"name\":\"Shop\",\"item\":\"https:\\\/\\\/www.purejewels.com\\\/shop\\\/\"},{\"@type\":\"ListItem\",\"position\":3,\"name\":\"Elchi Gold Drop Necklace\"}]},{\"@type\":\"WebSite\",\"@id\":\"https:\\\/\\\/www.purejewels.com\\\/#website\",\"url\":\"https:\\\/\\\/www.purejewels.com\\\/\",\"name\":\"PureJewels UK\",\"description\":\"Share the Love\",\"publisher\":{\"@id\":\"https:\\\/\\\/www.purejewels.com\\\/#organization\"},\"potentialAction\":[{\"@type\":\"SearchAction\",\"target\":{\"@type\":\"EntryPoint\",\"urlTemplate\":\"https:\\\/\\\/www.purejewels.com\\\/?s={search_term_string}\"},\"query-input\":{\"@type\":\"PropertyValueSpecification\",\"valueRequired\":true,\"valueName\":\"search_term_string\"}}],\"inLanguage\":\"tr\"},{\"@type\":\"Organization\",\"@id\":\"https:\\\/\\\/www.purejewels.com\\\/#organization\",\"name\":\"PureJewels UK\",\"url\":\"https:\\\/\\\/www.purejewels.com\\\/\",\"logo\":{\"@type\":\"ImageObject\",\"inLanguage\":\"tr\",\"@id\":\"https:\\\/\\\/www.purejewels.com\\\/#\\\/schema\\\/logo\\\/image\\\/\",\"url\":\"https:\\\/\\\/static.purejewels.com\\\/wp-content\\\/uploads\\\/2020\\\/11\\\/Logo-PJ-New-1.png\",\"contentUrl\":\"https:\\\/\\\/static.purejewels.com\\\/wp-content\\\/uploads\\\/2020\\\/11\\\/Logo-PJ-New-1.png\",\"width\":150,\"height\":80,\"caption\":\"PureJewels UK\"},\"image\":{\"@id\":\"https:\\\/\\\/www.purejewels.com\\\/#\\\/schema\\\/logo\\\/image\\\/\"}}]}<\/script>\n<!-- \/ Yoast SEO plugin. -->","yoast_head_json":{"title":"Elchi Alt\u0131n Damla Kolye - 22 Ayar Alt\u0131n Kolye Ucu | PureJewels UK","description":"PureJewels'in modern silueti miras detaylarla harmanlayan \u00e7a\u011fda\u015f 22 ayar alt\u0131n kreasyonu Elchi Alt\u0131n Damla Kolye'yi ke\u015ffedin.","robots":{"index":"index","follow":"follow","max-snippet":"max-snippet:-1","max-image-preview":"max-image-preview:large","max-video-preview":"max-video-preview:-1"},"canonical":"https:\/\/www.purejewels.com\/tr\/urun\/elchi-altin-damla-kolye-51810\/","og_locale":"tr_TR","og_type":"article","og_title":"Elchi Gold Drop Necklace \u2013 22ct Gold Pendant | PureJewels UK","og_description":"Discover the Elchi Gold Drop Necklace \u2013 a contemporary 22ct gold creation from PureJewels, blending modern silhouette with heritage detail.","og_url":"https:\/\/www.purejewels.com\/tr\/urun\/elchi-altin-damla-kolye-51810\/","og_site_name":"PureJewels UK","article_modified_time":"2026-02-27T04:23:52+00:00","og_image":[{"width":1000,"height":1000,"url":"https:\/\/static.purejewels.com\/wp-content\/uploads\/2025\/07\/SKU-51810.jpg","type":"image\/jpeg"}],"twitter_card":"summary_large_image","twitter_misc":{"Tahmini okuma s\u00fcresi":"1 dakika"},"schema":{"@context":"https:\/\/schema.org","@graph":[{"@type":["WebPage","ItemPage"],"@id":"https:\/\/www.purejewels.com\/product\/elchi-gold-drop-necklace-51810\/","url":"https:\/\/www.purejewels.com\/product\/elchi-gold-drop-necklace-51810\/","name":"Elchi Alt\u0131n Damla Kolye - 22 Ayar Alt\u0131n Kolye Ucu | PureJewels UK","isPartOf":{"@id":"https:\/\/www.purejewels.com\/#website"},"primaryImageOfPage":{"@id":"https:\/\/www.purejewels.com\/product\/elchi-gold-drop-necklace-51810\/#primaryimage"},"image":{"@id":"https:\/\/www.purejewels.com\/product\/elchi-gold-drop-necklace-51810\/#primaryimage"},"thumbnailUrl":"https:\/\/static.purejewels.com\/wp-content\/uploads\/2025\/07\/SKU-51810.jpg","datePublished":"2025-06-10T04:13:19+00:00","dateModified":"2026-02-27T04:23:52+00:00","description":"PureJewels'in modern silueti miras detaylarla harmanlayan \u00e7a\u011fda\u015f 22 ayar alt\u0131n kreasyonu Elchi Alt\u0131n Damla Kolye'yi ke\u015ffedin.","breadcrumb":{"@id":"https:\/\/www.purejewels.com\/product\/elchi-gold-drop-necklace-51810\/#breadcrumb"},"inLanguage":"tr","potentialAction":[{"@type":"ReadAction","target":["https:\/\/www.purejewels.com\/product\/elchi-gold-drop-necklace-51810\/"]}]},{"@type":"ImageObject","inLanguage":"tr","@id":"https:\/\/www.purejewels.com\/product\/elchi-gold-drop-necklace-51810\/#primaryimage","url":"https:\/\/static.purejewels.com\/wp-content\/uploads\/2025\/07\/SKU-51810.jpg","contentUrl":"https:\/\/static.purejewels.com\/wp-content\/uploads\/2025\/07\/SKU-51810.jpg","width":1000,"height":1000,"caption":"51810"},{"@type":"BreadcrumbList","@id":"https:\/\/www.purejewels.com\/product\/elchi-gold-drop-necklace-51810\/#breadcrumb","itemListElement":[{"@type":"ListItem","position":1,"name":"Home","item":"https:\/\/www.purejewels.com\/"},{"@type":"ListItem","position":2,"name":"Shop","item":"https:\/\/www.purejewels.com\/shop\/"},{"@type":"ListItem","position":3,"name":"Elchi Gold Drop Necklace"}]},{"@type":"WebSite","@id":"https:\/\/www.purejewels.com\/#website","url":"https:\/\/www.purejewels.com\/","name":"PureJewels \u0130ngiltere","description":"Sevgiyi Payla\u015f\u0131n","publisher":{"@id":"https:\/\/www.purejewels.com\/#organization"},"potentialAction":[{"@type":"SearchAction","target":{"@type":"EntryPoint","urlTemplate":"https:\/\/www.purejewels.com\/?s={search_term_string}"},"query-input":{"@type":"PropertyValueSpecification","valueRequired":true,"valueName":"search_term_string"}}],"inLanguage":"tr"},{"@type":"Organization","@id":"https:\/\/www.purejewels.com\/#organization","name":"PureJewels \u0130ngiltere","url":"https:\/\/www.purejewels.com\/","logo":{"@type":"ImageObject","inLanguage":"tr","@id":"https:\/\/www.purejewels.com\/#\/schema\/logo\/image\/","url":"https:\/\/static.purejewels.com\/wp-content\/uploads\/2020\/11\/Logo-PJ-New-1.png","contentUrl":"https:\/\/static.purejewels.com\/wp-content\/uploads\/2020\/11\/Logo-PJ-New-1.png","width":150,"height":80,"caption":"PureJewels UK"},"image":{"@id":"https:\/\/www.purejewels.com\/#\/schema\/logo\/image\/"}}]}},"_links":{"self":[{"href":"https:\/\/www.purejewels.com\/tr\/wp-json\/wp\/v2\/product\/404051","targetHints":{"allow":["GET"]}}],"collection":[{"href":"https:\/\/www.purejewels.com\/tr\/wp-json\/wp\/v2\/product"}],"about":[{"href":"https:\/\/www.purejewels.com\/tr\/wp-json\/wp\/v2\/types\/product"}],"replies":[{"embeddable":true,"href":"https:\/\/www.purejewels.com\/tr\/wp-json\/wp\/v2\/comments?post=404051"}],"version-history":[{"count":2,"href":"https:\/\/www.purejewels.com\/tr\/wp-json\/wp\/v2\/product\/404051\/revisions"}],"predecessor-version":[{"id":404870,"href":"https:\/\/www.purejewels.com\/tr\/wp-json\/wp\/v2\/product\/404051\/revisions\/404870"}],"wp:featuredmedia":[{"embeddable":true,"href":"https:\/\/www.purejewels.com\/tr\/wp-json\/wp\/v2\/media\/404055"}],"wp:attachment":[{"href":"https:\/\/www.purejewels.com\/tr\/wp-json\/wp\/v2\/media?parent=404051"}],"wp:term":[{"taxonomy":"product_brand","embeddable":true,"href":"https:\/\/www.purejewels.com\/tr\/wp-json\/wp\/v2\/product_brand?post=404051"},{"taxonomy":"product_cat","embeddable":true,"href":"https:\/\/www.purejewels.com\/tr\/wp-json\/wp\/v2\/product_cat?post=404051"},{"taxonomy":"product_tag","embeddable":true,"href":"https:\/\/www.purejewels.com\/tr\/wp-json\/wp\/v2\/product_tag?post=404051"}],"curies":[{"name":"wp","href":"https:\/\/api.w.org\/{rel}","templated":true}]}}