{"id":404063,"date":"2025-06-10T06:36:51","date_gmt":"2025-06-10T05:36:51","guid":{"rendered":"https:\/\/www.purejewels.com\/?post_type=product&#038;p=404063"},"modified":"2026-03-13T11:32:18","modified_gmt":"2026-03-13T11:32:18","slug":"acik-form-piercing-cubugu","status":"publish","type":"product","link":"https:\/\/www.purejewels.com\/tr\/product\/open-form-piercing-bar\/","title":{"rendered":"22ct Sunrise Alt\u0131n \u00c7ift A\u00e7\u0131k Form Piercing \u00c7ubu\u011fu"},"content":{"rendered":"<p>22 ayar g\u00fcndo\u011fumu alt\u0131ndan a\u00e7\u0131k formlu piercing \u00e7ubu\u011fu \u00e7ifti, heykelsi kavisli tasar\u0131m\u0131yla \u00e7a\u011fda\u015f minimalizmi kutluyor. Her bir par\u00e7a, ince bir karakter ve denge katan cilal\u0131 alt\u0131n top u\u00e7larla tamamlanm\u0131\u015f p\u00fcr\u00fczs\u00fcz bir kavise sahiptir. I\u015f\u0131lt\u0131l\u0131 22 ayar alt\u0131ndan \u00fcretilen bu piercing \u00e7ubuklar\u0131, sade ve modern bir silueti korurken g\u00fcnl\u00fck zarafetin rafine bir ifadesini sunuyor.<\/p>\n<h3 data-section-id=\"1qj9e1g\" data-start=\"1172\" data-end=\"1192\">Tasar\u0131m Konsepti<\/h3>\n<p data-start=\"1193\" data-end=\"1353\">Ak\u0131c\u0131 \u00e7izgiler ve minimalist geometriden ilham alan a\u00e7\u0131k kavisli form, hareket ve denge hissi yarat\u0131rken alt\u0131n\u0131n do\u011fal parlakl\u0131\u011f\u0131n\u0131 vurguluyor.<\/p>\n<h3 data-section-id=\"n147pz\" data-start=\"1360\" data-end=\"1379\">Zanaatkarl\u0131k<\/h3>\n<p data-start=\"1380\" data-end=\"1592\">Y\u00fcksek safl\u0131kta 22 ayar g\u00fcndo\u011fumu alt\u0131ndan ustal\u0131kla \u00fcretilen her bir \u00e7ubuk, p\u00fcr\u00fczs\u00fcz hatlar ve zarif k\u00fcresel u\u00e7lar elde etmek i\u00e7in \u00f6zenle \u015fekillendirilmi\u015f ve parlat\u0131lm\u0131\u015ft\u0131r. Hassas perdahlama dayan\u0131kl\u0131l\u0131k konforu ve kal\u0131c\u0131 parlakl\u0131k sa\u011flar.<\/p>\n<h3 data-section-id=\"lvxqx6\" data-start=\"1599\" data-end=\"1617\">Stil \u0130pu\u00e7lar\u0131<\/h3>\n<p data-start=\"1618\" data-end=\"1810\" data-is-last-node=\"\" data-is-only-node=\"\">Hem geleneksel hem de modern tak\u0131larla g\u00fcnl\u00fck stil i\u00e7in m\u00fckemmeldir.<br data-start=\"1690\" data-end=\"1693\" \/>Katmanl\u0131 bir kulak g\u00f6r\u00fcn\u00fcm\u00fc i\u00e7in alt\u0131n k\u00fcpeler veya halkalarla e\u015fle\u015ftirin.<br data-start=\"1746\" data-end=\"1749\" \/>Sade ve \u00e7a\u011fda\u015f bir g\u00f6r\u00fcn\u00fcm i\u00e7in minimal tak\u0131larla stil olu\u015fturun.<\/p>","protected":false},"excerpt":{"rendered":"<p>Parlat\u0131lm\u0131\u015f alt\u0131n top u\u00e7lu, p\u00fcr\u00fczs\u00fcz kavisli \u015fekillere sahip, 22 ayar g\u00fcndo\u011fumu alt\u0131ndan zarif bir \u00e7ift a\u00e7\u0131k form piercing \u00e7ubu\u011fu.<\/p>\n<p><strong>Malzeme:<\/strong>\u00a022 Ayar G\u00fcndo\u011fumu Alt\u0131n<strong><br \/>\nHallmark:\u00a0<\/strong>\u0130ngiliz Damgas\u0131<strong><br \/>\n<\/strong><strong>Br\u00fct A\u011f\u0131rl\u0131k: <\/strong>1.61 Gms<br \/>\n<b>Geni\u015flik: <\/b>1,3 mm<br \/>\n<strong>SKU:<\/strong> 51781, 54808<\/p>\n<p><strong>Fiyat ve Teslimat<\/strong>: KDV ve teslimat \u00fccreti dahil<br \/>\n<a href=\"https:\/\/www.purejewels.com\/tr\/i%cc%87ade-poli%cc%87ti%cc%87kasi\/\">\u0130ade Politikas\u0131<\/a><\/p>","protected":false},"featured_media":427068,"comment_status":"closed","ping_status":"closed","template":"","meta":{"_eb_attr":"","_crsspst_to_jayantr4sg-hostcom":false},"product_brand":[],"product_cat":[1254,1712,1579,5343,5942,6081],"product_tag":[],"class_list":{"0":"post-404063","1":"product","2":"type-product","3":"status-publish","4":"has-post-thumbnail","6":"product_cat-gold-earrings","7":"product_cat-gold-nose-ring","8":"product_cat-hoop-earrings","9":"product_cat-jewellery-under-550","10":"product_cat-nose-jewellery","11":"product_cat-sunrise-gold","13":"first","14":"instock","15":"taxable","16":"shipping-taxable","17":"purchasable","18":"product-type-simple","19":"add-to-wishlist-before_image"},"yoast_head":"<!-- This site is optimized with the Yoast SEO plugin v27.5 - https:\/\/yoast.com\/product\/yoast-seo-wordpress\/ -->\n<title>Pair of Open Form Piercing Bar 22ct Sunrise Gold PureJewels UK<\/title>\n<meta name=\"description\" content=\"Discover a pair of open form piercing bars crafted in 22ct sunrise gold. A minimalist curved design finished with polished gold ball ends for modern elegance.\" \/>\n<meta name=\"robots\" content=\"index, follow, max-snippet:-1, max-image-preview:large, max-video-preview:-1\" \/>\n<link rel=\"canonical\" href=\"https:\/\/www.purejewels.com\/tr\/urun\/acik-form-piercing-cubugu\/\" \/>\n<meta property=\"og:locale\" content=\"tr_TR\" \/>\n<meta property=\"og:type\" content=\"article\" \/>\n<meta property=\"og:title\" content=\"Pair of Open Form Piercing Bar 22ct Sunrise Gold PureJewels UK\" \/>\n<meta property=\"og:description\" content=\"Discover a pair of open form piercing bars crafted in 22ct sunrise gold. A minimalist curved design finished with polished gold ball ends for modern elegance.\" \/>\n<meta property=\"og:url\" content=\"https:\/\/www.purejewels.com\/tr\/urun\/acik-form-piercing-cubugu\/\" \/>\n<meta property=\"og:site_name\" content=\"PureJewels UK\" \/>\n<meta property=\"article:modified_time\" content=\"2026-03-13T11:32:18+00:00\" \/>\n<meta property=\"og:image\" content=\"https:\/\/static.purejewels.com\/wp-content\/uploads\/2025\/06\/ChatGPT_Image_Mar_13_2026_04_50_11_PM1.jpg\" \/>\n\t<meta property=\"og:image:width\" content=\"1024\" \/>\n\t<meta property=\"og:image:height\" content=\"1024\" \/>\n\t<meta property=\"og:image:type\" content=\"image\/jpeg\" \/>\n<meta name=\"twitter:card\" content=\"summary_large_image\" \/>\n<meta name=\"twitter:label1\" content=\"Tahmini okuma s\u00fcresi\" \/>\n\t<meta name=\"twitter:data1\" content=\"1 dakika\" \/>\n<script type=\"application\/ld+json\" class=\"yoast-schema-graph\">{\"@context\":\"https:\\\/\\\/schema.org\",\"@graph\":[{\"@type\":[\"WebPage\",\"ItemPage\"],\"@id\":\"https:\\\/\\\/www.purejewels.com\\\/product\\\/open-form-piercing-bar\\\/\",\"url\":\"https:\\\/\\\/www.purejewels.com\\\/product\\\/open-form-piercing-bar\\\/\",\"name\":\"Pair of Open Form Piercing Bar 22ct Sunrise Gold PureJewels UK\",\"isPartOf\":{\"@id\":\"https:\\\/\\\/www.purejewels.com\\\/#website\"},\"primaryImageOfPage\":{\"@id\":\"https:\\\/\\\/www.purejewels.com\\\/product\\\/open-form-piercing-bar\\\/#primaryimage\"},\"image\":{\"@id\":\"https:\\\/\\\/www.purejewels.com\\\/product\\\/open-form-piercing-bar\\\/#primaryimage\"},\"thumbnailUrl\":\"https:\\\/\\\/static.purejewels.com\\\/wp-content\\\/uploads\\\/2025\\\/06\\\/ChatGPT_Image_Mar_13_2026_04_50_11_PM1.jpg\",\"datePublished\":\"2025-06-10T05:36:51+00:00\",\"dateModified\":\"2026-03-13T11:32:18+00:00\",\"description\":\"Discover a pair of open form piercing bars crafted in 22ct sunrise gold. A minimalist curved design finished with polished gold ball ends for modern elegance.\",\"breadcrumb\":{\"@id\":\"https:\\\/\\\/www.purejewels.com\\\/product\\\/open-form-piercing-bar\\\/#breadcrumb\"},\"inLanguage\":\"tr\",\"potentialAction\":[{\"@type\":\"ReadAction\",\"target\":[\"https:\\\/\\\/www.purejewels.com\\\/product\\\/open-form-piercing-bar\\\/\"]}]},{\"@type\":\"ImageObject\",\"inLanguage\":\"tr\",\"@id\":\"https:\\\/\\\/www.purejewels.com\\\/product\\\/open-form-piercing-bar\\\/#primaryimage\",\"url\":\"https:\\\/\\\/static.purejewels.com\\\/wp-content\\\/uploads\\\/2025\\\/06\\\/ChatGPT_Image_Mar_13_2026_04_50_11_PM1.jpg\",\"contentUrl\":\"https:\\\/\\\/static.purejewels.com\\\/wp-content\\\/uploads\\\/2025\\\/06\\\/ChatGPT_Image_Mar_13_2026_04_50_11_PM1.jpg\",\"width\":1024,\"height\":1024},{\"@type\":\"BreadcrumbList\",\"@id\":\"https:\\\/\\\/www.purejewels.com\\\/product\\\/open-form-piercing-bar\\\/#breadcrumb\",\"itemListElement\":[{\"@type\":\"ListItem\",\"position\":1,\"name\":\"Home\",\"item\":\"https:\\\/\\\/www.purejewels.com\\\/\"},{\"@type\":\"ListItem\",\"position\":2,\"name\":\"Shop\",\"item\":\"https:\\\/\\\/www.purejewels.com\\\/shop\\\/\"},{\"@type\":\"ListItem\",\"position\":3,\"name\":\"Pair of Open Form Piercing Bar in 22ct Sunrise Gold\"}]},{\"@type\":\"WebSite\",\"@id\":\"https:\\\/\\\/www.purejewels.com\\\/#website\",\"url\":\"https:\\\/\\\/www.purejewels.com\\\/\",\"name\":\"PureJewels UK\",\"description\":\"Share the Love\",\"publisher\":{\"@id\":\"https:\\\/\\\/www.purejewels.com\\\/#organization\"},\"potentialAction\":[{\"@type\":\"SearchAction\",\"target\":{\"@type\":\"EntryPoint\",\"urlTemplate\":\"https:\\\/\\\/www.purejewels.com\\\/?s={search_term_string}\"},\"query-input\":{\"@type\":\"PropertyValueSpecification\",\"valueRequired\":true,\"valueName\":\"search_term_string\"}}],\"inLanguage\":\"tr\"},{\"@type\":\"Organization\",\"@id\":\"https:\\\/\\\/www.purejewels.com\\\/#organization\",\"name\":\"PureJewels UK\",\"url\":\"https:\\\/\\\/www.purejewels.com\\\/\",\"logo\":{\"@type\":\"ImageObject\",\"inLanguage\":\"tr\",\"@id\":\"https:\\\/\\\/www.purejewels.com\\\/#\\\/schema\\\/logo\\\/image\\\/\",\"url\":\"https:\\\/\\\/static.purejewels.com\\\/wp-content\\\/uploads\\\/2020\\\/11\\\/Logo-PJ-New-1.png\",\"contentUrl\":\"https:\\\/\\\/static.purejewels.com\\\/wp-content\\\/uploads\\\/2020\\\/11\\\/Logo-PJ-New-1.png\",\"width\":150,\"height\":80,\"caption\":\"PureJewels UK\"},\"image\":{\"@id\":\"https:\\\/\\\/www.purejewels.com\\\/#\\\/schema\\\/logo\\\/image\\\/\"}}]}<\/script>\n<!-- \/ Yoast SEO plugin. -->","yoast_head_json":{"title":"\u00c7ift A\u00e7\u0131k Form Piercing \u00c7ubu\u011fu 22ct Sunrise Alt\u0131n PureJewels UK","description":"22 ayar g\u00fcndo\u011fumu alt\u0131ndan \u00fcretilmi\u015f bir \u00e7ift a\u00e7\u0131k form piercing \u00e7ubu\u011funu ke\u015ffedin. Minimalist kavisli tasar\u0131m, modern \u015f\u0131kl\u0131k i\u00e7in cilal\u0131 alt\u0131n top u\u00e7larla tamamlanm\u0131\u015ft\u0131r.","robots":{"index":"index","follow":"follow","max-snippet":"max-snippet:-1","max-image-preview":"max-image-preview:large","max-video-preview":"max-video-preview:-1"},"canonical":"https:\/\/www.purejewels.com\/tr\/urun\/acik-form-piercing-cubugu\/","og_locale":"tr_TR","og_type":"article","og_title":"Pair of Open Form Piercing Bar 22ct Sunrise Gold PureJewels UK","og_description":"Discover a pair of open form piercing bars crafted in 22ct sunrise gold. A minimalist curved design finished with polished gold ball ends for modern elegance.","og_url":"https:\/\/www.purejewels.com\/tr\/urun\/acik-form-piercing-cubugu\/","og_site_name":"PureJewels UK","article_modified_time":"2026-03-13T11:32:18+00:00","og_image":[{"width":1024,"height":1024,"url":"https:\/\/static.purejewels.com\/wp-content\/uploads\/2025\/06\/ChatGPT_Image_Mar_13_2026_04_50_11_PM1.jpg","type":"image\/jpeg"}],"twitter_card":"summary_large_image","twitter_misc":{"Tahmini okuma s\u00fcresi":"1 dakika"},"schema":{"@context":"https:\/\/schema.org","@graph":[{"@type":["WebPage","ItemPage"],"@id":"https:\/\/www.purejewels.com\/product\/open-form-piercing-bar\/","url":"https:\/\/www.purejewels.com\/product\/open-form-piercing-bar\/","name":"\u00c7ift A\u00e7\u0131k Form Piercing \u00c7ubu\u011fu 22ct Sunrise Alt\u0131n PureJewels UK","isPartOf":{"@id":"https:\/\/www.purejewels.com\/#website"},"primaryImageOfPage":{"@id":"https:\/\/www.purejewels.com\/product\/open-form-piercing-bar\/#primaryimage"},"image":{"@id":"https:\/\/www.purejewels.com\/product\/open-form-piercing-bar\/#primaryimage"},"thumbnailUrl":"https:\/\/static.purejewels.com\/wp-content\/uploads\/2025\/06\/ChatGPT_Image_Mar_13_2026_04_50_11_PM1.jpg","datePublished":"2025-06-10T05:36:51+00:00","dateModified":"2026-03-13T11:32:18+00:00","description":"22 ayar g\u00fcndo\u011fumu alt\u0131ndan \u00fcretilmi\u015f bir \u00e7ift a\u00e7\u0131k form piercing \u00e7ubu\u011funu ke\u015ffedin. Minimalist kavisli tasar\u0131m, modern \u015f\u0131kl\u0131k i\u00e7in cilal\u0131 alt\u0131n top u\u00e7larla tamamlanm\u0131\u015ft\u0131r.","breadcrumb":{"@id":"https:\/\/www.purejewels.com\/product\/open-form-piercing-bar\/#breadcrumb"},"inLanguage":"tr","potentialAction":[{"@type":"ReadAction","target":["https:\/\/www.purejewels.com\/product\/open-form-piercing-bar\/"]}]},{"@type":"ImageObject","inLanguage":"tr","@id":"https:\/\/www.purejewels.com\/product\/open-form-piercing-bar\/#primaryimage","url":"https:\/\/static.purejewels.com\/wp-content\/uploads\/2025\/06\/ChatGPT_Image_Mar_13_2026_04_50_11_PM1.jpg","contentUrl":"https:\/\/static.purejewels.com\/wp-content\/uploads\/2025\/06\/ChatGPT_Image_Mar_13_2026_04_50_11_PM1.jpg","width":1024,"height":1024},{"@type":"BreadcrumbList","@id":"https:\/\/www.purejewels.com\/product\/open-form-piercing-bar\/#breadcrumb","itemListElement":[{"@type":"ListItem","position":1,"name":"Home","item":"https:\/\/www.purejewels.com\/"},{"@type":"ListItem","position":2,"name":"Shop","item":"https:\/\/www.purejewels.com\/shop\/"},{"@type":"ListItem","position":3,"name":"Pair of Open Form Piercing Bar in 22ct Sunrise Gold"}]},{"@type":"WebSite","@id":"https:\/\/www.purejewels.com\/#website","url":"https:\/\/www.purejewels.com\/","name":"PureJewels \u0130ngiltere","description":"Sevgiyi Payla\u015f\u0131n","publisher":{"@id":"https:\/\/www.purejewels.com\/#organization"},"potentialAction":[{"@type":"SearchAction","target":{"@type":"EntryPoint","urlTemplate":"https:\/\/www.purejewels.com\/?s={search_term_string}"},"query-input":{"@type":"PropertyValueSpecification","valueRequired":true,"valueName":"search_term_string"}}],"inLanguage":"tr"},{"@type":"Organization","@id":"https:\/\/www.purejewels.com\/#organization","name":"PureJewels \u0130ngiltere","url":"https:\/\/www.purejewels.com\/","logo":{"@type":"ImageObject","inLanguage":"tr","@id":"https:\/\/www.purejewels.com\/#\/schema\/logo\/image\/","url":"https:\/\/static.purejewels.com\/wp-content\/uploads\/2020\/11\/Logo-PJ-New-1.png","contentUrl":"https:\/\/static.purejewels.com\/wp-content\/uploads\/2020\/11\/Logo-PJ-New-1.png","width":150,"height":80,"caption":"PureJewels UK"},"image":{"@id":"https:\/\/www.purejewels.com\/#\/schema\/logo\/image\/"}}]}},"_links":{"self":[{"href":"https:\/\/www.purejewels.com\/tr\/wp-json\/wp\/v2\/product\/404063","targetHints":{"allow":["GET"]}}],"collection":[{"href":"https:\/\/www.purejewels.com\/tr\/wp-json\/wp\/v2\/product"}],"about":[{"href":"https:\/\/www.purejewels.com\/tr\/wp-json\/wp\/v2\/types\/product"}],"replies":[{"embeddable":true,"href":"https:\/\/www.purejewels.com\/tr\/wp-json\/wp\/v2\/comments?post=404063"}],"version-history":[{"count":3,"href":"https:\/\/www.purejewels.com\/tr\/wp-json\/wp\/v2\/product\/404063\/revisions"}],"predecessor-version":[{"id":427072,"href":"https:\/\/www.purejewels.com\/tr\/wp-json\/wp\/v2\/product\/404063\/revisions\/427072"}],"wp:featuredmedia":[{"embeddable":true,"href":"https:\/\/www.purejewels.com\/tr\/wp-json\/wp\/v2\/media\/427068"}],"wp:attachment":[{"href":"https:\/\/www.purejewels.com\/tr\/wp-json\/wp\/v2\/media?parent=404063"}],"wp:term":[{"taxonomy":"product_brand","embeddable":true,"href":"https:\/\/www.purejewels.com\/tr\/wp-json\/wp\/v2\/product_brand?post=404063"},{"taxonomy":"product_cat","embeddable":true,"href":"https:\/\/www.purejewels.com\/tr\/wp-json\/wp\/v2\/product_cat?post=404063"},{"taxonomy":"product_tag","embeddable":true,"href":"https:\/\/www.purejewels.com\/tr\/wp-json\/wp\/v2\/product_tag?post=404063"}],"curies":[{"name":"wp","href":"https:\/\/api.w.org\/{rel}","templated":true}]}}