{"id":404119,"date":"2025-01-10T12:10:42","date_gmt":"2025-01-10T12:10:42","guid":{"rendered":"https:\/\/www.purejewels.com\/?post_type=product&#038;p=404119"},"modified":"2026-01-06T05:08:56","modified_gmt":"2026-01-06T05:08:56","slug":"klasik-22-ayar-altin-halka-kupe-41675","status":"publish","type":"product","link":"https:\/\/www.purejewels.com\/tr\/product\/classic-22ct-gold-hoop-earrings-41675\/","title":{"rendered":"Klasik 22 Ayar Alt\u0131n Halka K\u00fcpe"},"content":{"rendered":"<p>Zamans\u0131z bir vazge\u00e7ilmez olan bu Klasik Alt\u0131n Halka K\u00fcpeler, \u015f\u0131k ve cilal\u0131 bir g\u00f6r\u00fcn\u00fcm i\u00e7in 22 ayar alt\u0131ndan el i\u015f\u00e7ili\u011fiyle \u00fcretilmi\u015ftir. Geleneksel alt\u0131n k\u00fcpelerden esinlenilmi\u015ftir. <em data-start=\"887\" data-end=\"893\">Bali<\/em> Silueti, ince formu t\u00fcy kadar hafif ama \u00e7arp\u0131c\u0131d\u0131r - g\u00fcnl\u00fck kullan\u0131m veya ince katmanlar i\u00e7in m\u00fckemmeldir. Tasar\u0131m a\u00e7\u0131s\u0131ndan sade ama gelenek a\u00e7\u0131s\u0131ndan zengin olan bu \u00fcr\u00fcnler, her g\u00f6r\u00fcn\u00fcm\u00fc tamamlayan zahmetsiz bir \u0131\u015f\u0131lt\u0131 sunar. Hediye etmek i\u00e7in ideal ya da asla modas\u0131 ge\u00e7meyen ki\u015fisel z\u0131mbalar.<\/p>","protected":false},"excerpt":{"rendered":"<p>\u015e\u0131k, minimal ve zahmetsizce \u00e7ok y\u00f6nl\u00fc olan bu klasik 22 ayar alt\u0131n halkalar, geleneksel Bali sil\u00fcetinde \u00fcretilmi\u015ftir. Kal\u0131c\u0131 parlakl\u0131\u011f\u0131yla g\u00fcnl\u00fck kullan\u0131m i\u00e7in hafiftir.<\/p>\n<p><strong>Malzeme:<\/strong>\u00a022 Ayar Alt\u0131n<strong><br \/>\nHallmark:\u00a0<\/strong>\u0130ngiliz Damgas\u0131<strong><br \/>\n<\/strong><strong>Br\u00fct A\u011f\u0131rl\u0131k: <\/strong>2,5 Gms<br \/>\n<strong>SKU<\/strong>: 41675<\/p>\n<p><strong>Fiyat ve Teslimat<\/strong>: KDV ve teslimat \u00fccretleri dahil<\/p>\n<p><a href=\"https:\/\/www.purejewels.com\/tr\/i%cc%87ade-poli%cc%87ti%cc%87kasi\/\">\u0130ade Politikas\u0131<\/a><\/p>","protected":false},"featured_media":404124,"comment_status":"closed","ping_status":"closed","template":"","meta":{"_eb_attr":"","_crsspst_to_jayantr4sg-hostcom":true},"product_brand":[],"product_cat":[1559,1794,1793,1254,1229,1579,5343,1570,5608,1574,5349],"product_tag":[66],"class_list":{"0":"post-404119","1":"product","2":"type-product","3":"status-publish","4":"has-post-thumbnail","6":"product_cat-birthday-gifts","7":"product_cat-christmas-gifts","8":"product_cat-diwali-gifts","9":"product_cat-gold-earrings","10":"product_cat-22ct-gold-jewellery","11":"product_cat-hoop-earrings","12":"product_cat-jewellery-under-550","13":"product_cat-mothers-day-gifts","14":"product_cat-simple-hoops","15":"product_cat-womens-jewellery","16":"product_cat-yellow-gold-jewellery","17":"product_tag-earrings","19":"first","20":"outofstock","21":"taxable","22":"shipping-taxable","23":"product-type-simple","24":"add-to-wishlist-before_image"},"yoast_head":"<!-- This site is optimized with the Yoast SEO plugin v27.5 - https:\/\/yoast.com\/product\/yoast-seo-wordpress\/ -->\n<title>22ct Gold Hoop Earrings | Lightweight Classic Balis<\/title>\n<meta name=\"description\" content=\"Explore our 22ct Sunrise Gold Hoop Earrings\u2014lightweight, timeless, and perfect for everyday elegance. Crafted in a sleek classic Bali style.\" \/>\n<meta name=\"robots\" content=\"index, follow, max-snippet:-1, max-image-preview:large, max-video-preview:-1\" \/>\n<link rel=\"canonical\" href=\"https:\/\/www.purejewels.com\/tr\/urun\/klasik-22-ayar-altin-halka-kupe-41675\/\" \/>\n<meta property=\"og:locale\" content=\"tr_TR\" \/>\n<meta property=\"og:type\" content=\"article\" \/>\n<meta property=\"og:title\" content=\"22ct Gold Hoop Earrings | Lightweight Classic Balis\" \/>\n<meta property=\"og:description\" content=\"Explore our 22ct Sunrise Gold Hoop Earrings\u2014lightweight, timeless, and perfect for everyday elegance. Crafted in a sleek classic Bali style.\" \/>\n<meta property=\"og:url\" content=\"https:\/\/www.purejewels.com\/tr\/urun\/klasik-22-ayar-altin-halka-kupe-41675\/\" \/>\n<meta property=\"og:site_name\" content=\"PureJewels UK\" \/>\n<meta property=\"article:modified_time\" content=\"2026-01-06T05:08:56+00:00\" \/>\n<meta property=\"og:image\" content=\"https:\/\/www.purejewels.com\/wp-content\/uploads\/2025\/07\/SKU-41673.jpg\" \/>\n\t<meta property=\"og:image:width\" content=\"1000\" \/>\n\t<meta property=\"og:image:height\" content=\"1000\" \/>\n\t<meta property=\"og:image:type\" content=\"image\/jpeg\" \/>\n<meta name=\"twitter:card\" content=\"summary_large_image\" \/>\n<script type=\"application\/ld+json\" class=\"yoast-schema-graph\">{\"@context\":\"https:\\\/\\\/schema.org\",\"@graph\":[{\"@type\":[\"WebPage\",\"ItemPage\"],\"@id\":\"https:\\\/\\\/www.purejewels.com\\\/product\\\/classic-22ct-gold-hoop-earrings-41675\\\/\",\"url\":\"https:\\\/\\\/www.purejewels.com\\\/product\\\/classic-22ct-gold-hoop-earrings-41675\\\/\",\"name\":\"22ct Gold Hoop Earrings | Lightweight Classic Balis\",\"isPartOf\":{\"@id\":\"https:\\\/\\\/www.purejewels.com\\\/#website\"},\"primaryImageOfPage\":{\"@id\":\"https:\\\/\\\/www.purejewels.com\\\/product\\\/classic-22ct-gold-hoop-earrings-41675\\\/#primaryimage\"},\"image\":{\"@id\":\"https:\\\/\\\/www.purejewels.com\\\/product\\\/classic-22ct-gold-hoop-earrings-41675\\\/#primaryimage\"},\"thumbnailUrl\":\"https:\\\/\\\/static.purejewels.com\\\/wp-content\\\/uploads\\\/2025\\\/07\\\/SKU-41673.jpg\",\"datePublished\":\"2025-01-10T12:10:42+00:00\",\"dateModified\":\"2026-01-06T05:08:56+00:00\",\"description\":\"Explore our 22ct Sunrise Gold Hoop Earrings\u2014lightweight, timeless, and perfect for everyday elegance. Crafted in a sleek classic Bali style.\",\"breadcrumb\":{\"@id\":\"https:\\\/\\\/www.purejewels.com\\\/product\\\/classic-22ct-gold-hoop-earrings-41675\\\/#breadcrumb\"},\"inLanguage\":\"tr\",\"potentialAction\":[{\"@type\":\"ReadAction\",\"target\":[\"https:\\\/\\\/www.purejewels.com\\\/product\\\/classic-22ct-gold-hoop-earrings-41675\\\/\"]}]},{\"@type\":\"ImageObject\",\"inLanguage\":\"tr\",\"@id\":\"https:\\\/\\\/www.purejewels.com\\\/product\\\/classic-22ct-gold-hoop-earrings-41675\\\/#primaryimage\",\"url\":\"https:\\\/\\\/static.purejewels.com\\\/wp-content\\\/uploads\\\/2025\\\/07\\\/SKU-41673.jpg\",\"contentUrl\":\"https:\\\/\\\/static.purejewels.com\\\/wp-content\\\/uploads\\\/2025\\\/07\\\/SKU-41673.jpg\",\"width\":1000,\"height\":1000,\"caption\":\"Classic 22ct Gold Hoop Earrings\"},{\"@type\":\"BreadcrumbList\",\"@id\":\"https:\\\/\\\/www.purejewels.com\\\/product\\\/classic-22ct-gold-hoop-earrings-41675\\\/#breadcrumb\",\"itemListElement\":[{\"@type\":\"ListItem\",\"position\":1,\"name\":\"Home\",\"item\":\"https:\\\/\\\/www.purejewels.com\\\/\"},{\"@type\":\"ListItem\",\"position\":2,\"name\":\"Shop\",\"item\":\"https:\\\/\\\/www.purejewels.com\\\/shop\\\/\"},{\"@type\":\"ListItem\",\"position\":3,\"name\":\"Classic 22ct Gold Hoop Earrings\"}]},{\"@type\":\"WebSite\",\"@id\":\"https:\\\/\\\/www.purejewels.com\\\/#website\",\"url\":\"https:\\\/\\\/www.purejewels.com\\\/\",\"name\":\"PureJewels UK\",\"description\":\"Share the Love\",\"publisher\":{\"@id\":\"https:\\\/\\\/www.purejewels.com\\\/#organization\"},\"potentialAction\":[{\"@type\":\"SearchAction\",\"target\":{\"@type\":\"EntryPoint\",\"urlTemplate\":\"https:\\\/\\\/www.purejewels.com\\\/?s={search_term_string}\"},\"query-input\":{\"@type\":\"PropertyValueSpecification\",\"valueRequired\":true,\"valueName\":\"search_term_string\"}}],\"inLanguage\":\"tr\"},{\"@type\":\"Organization\",\"@id\":\"https:\\\/\\\/www.purejewels.com\\\/#organization\",\"name\":\"PureJewels UK\",\"url\":\"https:\\\/\\\/www.purejewels.com\\\/\",\"logo\":{\"@type\":\"ImageObject\",\"inLanguage\":\"tr\",\"@id\":\"https:\\\/\\\/www.purejewels.com\\\/#\\\/schema\\\/logo\\\/image\\\/\",\"url\":\"https:\\\/\\\/static.purejewels.com\\\/wp-content\\\/uploads\\\/2020\\\/11\\\/Logo-PJ-New-1.png\",\"contentUrl\":\"https:\\\/\\\/static.purejewels.com\\\/wp-content\\\/uploads\\\/2020\\\/11\\\/Logo-PJ-New-1.png\",\"width\":150,\"height\":80,\"caption\":\"PureJewels UK\"},\"image\":{\"@id\":\"https:\\\/\\\/www.purejewels.com\\\/#\\\/schema\\\/logo\\\/image\\\/\"}}]}<\/script>\n<!-- \/ Yoast SEO plugin. -->","yoast_head_json":{"title":"22 Ayar Alt\u0131n Halka K\u00fcpe | Hafif Klasik Balis","description":"Hafif, zamans\u0131z ve g\u00fcnl\u00fck \u015f\u0131kl\u0131k i\u00e7in m\u00fckemmel olan 22 ayar Sunrise Alt\u0131n Halka K\u00fcpelerimizi ke\u015ffedin. \u015e\u0131k bir klasik Bali tarz\u0131nda \u00fcretilmi\u015ftir.","robots":{"index":"index","follow":"follow","max-snippet":"max-snippet:-1","max-image-preview":"max-image-preview:large","max-video-preview":"max-video-preview:-1"},"canonical":"https:\/\/www.purejewels.com\/tr\/urun\/klasik-22-ayar-altin-halka-kupe-41675\/","og_locale":"tr_TR","og_type":"article","og_title":"22ct Gold Hoop Earrings | Lightweight Classic Balis","og_description":"Explore our 22ct Sunrise Gold Hoop Earrings\u2014lightweight, timeless, and perfect for everyday elegance. Crafted in a sleek classic Bali style.","og_url":"https:\/\/www.purejewels.com\/tr\/urun\/klasik-22-ayar-altin-halka-kupe-41675\/","og_site_name":"PureJewels UK","article_modified_time":"2026-01-06T05:08:56+00:00","og_image":[{"width":1000,"height":1000,"url":"https:\/\/www.purejewels.com\/wp-content\/uploads\/2025\/07\/SKU-41673.jpg","type":"image\/jpeg"}],"twitter_card":"summary_large_image","schema":{"@context":"https:\/\/schema.org","@graph":[{"@type":["WebPage","ItemPage"],"@id":"https:\/\/www.purejewels.com\/product\/classic-22ct-gold-hoop-earrings-41675\/","url":"https:\/\/www.purejewels.com\/product\/classic-22ct-gold-hoop-earrings-41675\/","name":"22 Ayar Alt\u0131n Halka K\u00fcpe | Hafif Klasik Balis","isPartOf":{"@id":"https:\/\/www.purejewels.com\/#website"},"primaryImageOfPage":{"@id":"https:\/\/www.purejewels.com\/product\/classic-22ct-gold-hoop-earrings-41675\/#primaryimage"},"image":{"@id":"https:\/\/www.purejewels.com\/product\/classic-22ct-gold-hoop-earrings-41675\/#primaryimage"},"thumbnailUrl":"https:\/\/static.purejewels.com\/wp-content\/uploads\/2025\/07\/SKU-41673.jpg","datePublished":"2025-01-10T12:10:42+00:00","dateModified":"2026-01-06T05:08:56+00:00","description":"Hafif, zamans\u0131z ve g\u00fcnl\u00fck \u015f\u0131kl\u0131k i\u00e7in m\u00fckemmel olan 22 ayar Sunrise Alt\u0131n Halka K\u00fcpelerimizi ke\u015ffedin. \u015e\u0131k bir klasik Bali tarz\u0131nda \u00fcretilmi\u015ftir.","breadcrumb":{"@id":"https:\/\/www.purejewels.com\/product\/classic-22ct-gold-hoop-earrings-41675\/#breadcrumb"},"inLanguage":"tr","potentialAction":[{"@type":"ReadAction","target":["https:\/\/www.purejewels.com\/product\/classic-22ct-gold-hoop-earrings-41675\/"]}]},{"@type":"ImageObject","inLanguage":"tr","@id":"https:\/\/www.purejewels.com\/product\/classic-22ct-gold-hoop-earrings-41675\/#primaryimage","url":"https:\/\/static.purejewels.com\/wp-content\/uploads\/2025\/07\/SKU-41673.jpg","contentUrl":"https:\/\/static.purejewels.com\/wp-content\/uploads\/2025\/07\/SKU-41673.jpg","width":1000,"height":1000,"caption":"Classic 22ct Gold Hoop Earrings"},{"@type":"BreadcrumbList","@id":"https:\/\/www.purejewels.com\/product\/classic-22ct-gold-hoop-earrings-41675\/#breadcrumb","itemListElement":[{"@type":"ListItem","position":1,"name":"Home","item":"https:\/\/www.purejewels.com\/"},{"@type":"ListItem","position":2,"name":"Shop","item":"https:\/\/www.purejewels.com\/shop\/"},{"@type":"ListItem","position":3,"name":"Classic 22ct Gold Hoop Earrings"}]},{"@type":"WebSite","@id":"https:\/\/www.purejewels.com\/#website","url":"https:\/\/www.purejewels.com\/","name":"PureJewels \u0130ngiltere","description":"Sevgiyi Payla\u015f\u0131n","publisher":{"@id":"https:\/\/www.purejewels.com\/#organization"},"potentialAction":[{"@type":"SearchAction","target":{"@type":"EntryPoint","urlTemplate":"https:\/\/www.purejewels.com\/?s={search_term_string}"},"query-input":{"@type":"PropertyValueSpecification","valueRequired":true,"valueName":"search_term_string"}}],"inLanguage":"tr"},{"@type":"Organization","@id":"https:\/\/www.purejewels.com\/#organization","name":"PureJewels \u0130ngiltere","url":"https:\/\/www.purejewels.com\/","logo":{"@type":"ImageObject","inLanguage":"tr","@id":"https:\/\/www.purejewels.com\/#\/schema\/logo\/image\/","url":"https:\/\/static.purejewels.com\/wp-content\/uploads\/2020\/11\/Logo-PJ-New-1.png","contentUrl":"https:\/\/static.purejewels.com\/wp-content\/uploads\/2020\/11\/Logo-PJ-New-1.png","width":150,"height":80,"caption":"PureJewels UK"},"image":{"@id":"https:\/\/www.purejewels.com\/#\/schema\/logo\/image\/"}}]}},"_links":{"self":[{"href":"https:\/\/www.purejewels.com\/tr\/wp-json\/wp\/v2\/product\/404119","targetHints":{"allow":["GET"]}}],"collection":[{"href":"https:\/\/www.purejewels.com\/tr\/wp-json\/wp\/v2\/product"}],"about":[{"href":"https:\/\/www.purejewels.com\/tr\/wp-json\/wp\/v2\/types\/product"}],"replies":[{"embeddable":true,"href":"https:\/\/www.purejewels.com\/tr\/wp-json\/wp\/v2\/comments?post=404119"}],"version-history":[{"count":3,"href":"https:\/\/www.purejewels.com\/tr\/wp-json\/wp\/v2\/product\/404119\/revisions"}],"predecessor-version":[{"id":404144,"href":"https:\/\/www.purejewels.com\/tr\/wp-json\/wp\/v2\/product\/404119\/revisions\/404144"}],"wp:featuredmedia":[{"embeddable":true,"href":"https:\/\/www.purejewels.com\/tr\/wp-json\/wp\/v2\/media\/404124"}],"wp:attachment":[{"href":"https:\/\/www.purejewels.com\/tr\/wp-json\/wp\/v2\/media?parent=404119"}],"wp:term":[{"taxonomy":"product_brand","embeddable":true,"href":"https:\/\/www.purejewels.com\/tr\/wp-json\/wp\/v2\/product_brand?post=404119"},{"taxonomy":"product_cat","embeddable":true,"href":"https:\/\/www.purejewels.com\/tr\/wp-json\/wp\/v2\/product_cat?post=404119"},{"taxonomy":"product_tag","embeddable":true,"href":"https:\/\/www.purejewels.com\/tr\/wp-json\/wp\/v2\/product_tag?post=404119"}],"curies":[{"name":"wp","href":"https:\/\/api.w.org\/{rel}","templated":true}]}}