{"id":404243,"date":"2025-05-11T06:19:18","date_gmt":"2025-05-11T05:19:18","guid":{"rendered":"https:\/\/www.purejewels.com\/?post_type=product&#038;p=404243"},"modified":"2026-01-06T10:16:00","modified_gmt":"2026-01-06T10:16:00","slug":"kadinlar-icin-22-ayar-altin-boncuklu-bileklik-50802","status":"publish","type":"product","link":"https:\/\/www.purejewels.com\/tr\/product\/22ct-gold-beaded-bracelet-for-women-50802\/","title":{"rendered":"Kad\u0131nlar i\u00e7in 22 Ayar Alt\u0131n Boncuklu Bileklik"},"content":{"rendered":"<p data-start=\"915\" data-end=\"1228\">Miras ve rafine sanatla yo\u011frulmu\u015f olan <strong data-start=\"963\" data-end=\"980\">Zamans\u0131z Ba\u011flar<\/strong> bilezik, ince sembolizm ve stilin bir kutlamas\u0131d\u0131r. 22 ayar sar\u0131 alt\u0131ndan \u00fcretilen bu par\u00e7a 3,22 gram a\u011f\u0131rl\u0131\u011f\u0131ndad\u0131r ve G\u00fcney Asya k\u00fclt\u00fcr\u00fcnde bulunan koruyucu motifleri \u00e7a\u011fr\u0131\u015ft\u0131ran alt\u0131n ve geleneksel siyah boncuklardan olu\u015fan alternatif boncuklu desenlere sahiptir.<\/p>\n<p data-start=\"1230\" data-end=\"1523\">Uzunlu\u011fu 7 in\u00e7 olacak \u015fekilde nazik\u00e7e tasarlanan bu bilezik, g\u00fcnl\u00fck kullan\u0131m i\u00e7in veya hayat\u0131n anlaml\u0131 anlar\u0131 i\u00e7in de\u011ferli bir simge olarak narin ama fark edilir bir \u0131\u015f\u0131lt\u0131 dokunu\u015fu sunar. Bileklik g\u00fcvenli bir toka ile donat\u0131lm\u0131\u015ft\u0131r ve Londra Assay Ofisi taraf\u0131ndan damgalanarak safl\u0131\u011f\u0131 ve \u00f6zg\u00fcnl\u00fc\u011f\u00fc garanti alt\u0131na al\u0131nm\u0131\u015ft\u0131r.<\/p>","protected":false},"excerpt":{"rendered":"<p>Gelenek ve modern cazibenin zarif bir birle\u015fimi olan bu 22 ayar alt\u0131n bileklik, 7 in\u00e7lik klasik bir tasar\u0131mda alternatif alt\u0131n ve siyah boncuklara sahiptir. 3,22 gram a\u011f\u0131rl\u0131\u011f\u0131yla g\u00fcnl\u00fck \u015f\u0131kl\u0131k veya t\u00f6rensel zarafet i\u00e7in m\u00fckemmeldir.<\/p>\n<p><strong>Malzeme:<\/strong>\u00a022 Ayar Alt\u0131n<strong><br \/>\nHallmark:\u00a0<\/strong>\u0130ngiliz Damgas\u0131<strong><br \/>\n<\/strong><strong>Br\u00fct A\u011f\u0131rl\u0131k: <\/strong>3.22 Gms<br \/>\n<strong>Uzunluk:<\/strong> 7 in\u00e7<br \/>\n<strong>SKU:<\/strong> 50802<\/p>\n<p><strong>Fiyat ve Teslimat<\/strong>: KDV ve teslimat \u00fccreti dahil<br \/>\n<a href=\"https:\/\/www.purejewels.com\/tr\/i%cc%87ade-poli%cc%87ti%cc%87kasi\/\">\u0130ade Politikas\u0131<\/a><\/p>","protected":false},"featured_media":404244,"comment_status":"closed","ping_status":"closed","template":"","meta":{"_eb_attr":"","_crsspst_to_jayantr4sg-hostcom":true},"product_brand":[],"product_cat":[1791,5441,6059,1324,1229,5343,1573,1574,5349],"product_tag":[1546],"class_list":{"0":"post-404243","1":"product","2":"type-product","3":"status-publish","4":"has-post-thumbnail","6":"product_cat-anniversary-gifts","7":"product_cat-gold-bead-bracelets","8":"product_cat-fancy-bracelet","9":"product_cat-gold-bracelet","10":"product_cat-22ct-gold-jewellery","11":"product_cat-jewellery-under-550","12":"product_cat-wedding-gifts","13":"product_cat-womens-jewellery","14":"product_cat-yellow-gold-jewellery","15":"product_tag-children","17":"first","18":"outofstock","19":"taxable","20":"shipping-taxable","21":"product-type-simple","22":"add-to-wishlist-before_image"},"yoast_head":"<!-- This site is optimized with the Yoast SEO plugin v27.5 - https:\/\/yoast.com\/product\/yoast-seo-wordpress\/ -->\n<title>22ct Gold Beaded Bracelet for Women | 7 Inch | PureJewels<\/title>\n<meta name=\"description\" content=\"Delicate 22ct Yellow Gold Beaded Bracelet with black accents. 3.22g lightweight elegance crafted for tradition and style. Shop PureJewels in London.\" \/>\n<meta name=\"robots\" content=\"index, follow, max-snippet:-1, max-image-preview:large, max-video-preview:-1\" \/>\n<link rel=\"canonical\" href=\"https:\/\/www.purejewels.com\/tr\/urun\/kadinlar-icin-22-ayar-altin-boncuklu-bileklik-50802\/\" \/>\n<meta property=\"og:locale\" content=\"tr_TR\" \/>\n<meta property=\"og:type\" content=\"article\" \/>\n<meta property=\"og:title\" content=\"22ct Gold Beaded Bracelet for Women | 7 Inch | PureJewels\" \/>\n<meta property=\"og:description\" content=\"Delicate 22ct Yellow Gold Beaded Bracelet with black accents. 3.22g lightweight elegance crafted for tradition and style. Shop PureJewels in London.\" \/>\n<meta property=\"og:url\" content=\"https:\/\/www.purejewels.com\/tr\/urun\/kadinlar-icin-22-ayar-altin-boncuklu-bileklik-50802\/\" \/>\n<meta property=\"og:site_name\" content=\"PureJewels UK\" \/>\n<meta property=\"article:modified_time\" content=\"2026-01-06T10:16:00+00:00\" \/>\n<meta property=\"og:image\" content=\"https:\/\/www.purejewels.com\/wp-content\/uploads\/2025\/07\/50802.jpg\" \/>\n\t<meta property=\"og:image:width\" content=\"1000\" \/>\n\t<meta property=\"og:image:height\" content=\"1000\" \/>\n\t<meta property=\"og:image:type\" content=\"image\/jpeg\" \/>\n<meta name=\"twitter:card\" content=\"summary_large_image\" \/>\n<script type=\"application\/ld+json\" class=\"yoast-schema-graph\">{\"@context\":\"https:\\\/\\\/schema.org\",\"@graph\":[{\"@type\":[\"WebPage\",\"ItemPage\"],\"@id\":\"https:\\\/\\\/www.purejewels.com\\\/product\\\/22ct-gold-beaded-bracelet-for-women-50802\\\/\",\"url\":\"https:\\\/\\\/www.purejewels.com\\\/product\\\/22ct-gold-beaded-bracelet-for-women-50802\\\/\",\"name\":\"22ct Gold Beaded Bracelet for Women | 7 Inch | PureJewels\",\"isPartOf\":{\"@id\":\"https:\\\/\\\/www.purejewels.com\\\/#website\"},\"primaryImageOfPage\":{\"@id\":\"https:\\\/\\\/www.purejewels.com\\\/product\\\/22ct-gold-beaded-bracelet-for-women-50802\\\/#primaryimage\"},\"image\":{\"@id\":\"https:\\\/\\\/www.purejewels.com\\\/product\\\/22ct-gold-beaded-bracelet-for-women-50802\\\/#primaryimage\"},\"thumbnailUrl\":\"https:\\\/\\\/static.purejewels.com\\\/wp-content\\\/uploads\\\/2025\\\/07\\\/50802.jpg\",\"datePublished\":\"2025-05-11T05:19:18+00:00\",\"dateModified\":\"2026-01-06T10:16:00+00:00\",\"description\":\"Delicate 22ct Yellow Gold Beaded Bracelet with black accents. 3.22g lightweight elegance crafted for tradition and style. Shop PureJewels in London.\",\"breadcrumb\":{\"@id\":\"https:\\\/\\\/www.purejewels.com\\\/product\\\/22ct-gold-beaded-bracelet-for-women-50802\\\/#breadcrumb\"},\"inLanguage\":\"tr\",\"potentialAction\":[{\"@type\":\"ReadAction\",\"target\":[\"https:\\\/\\\/www.purejewels.com\\\/product\\\/22ct-gold-beaded-bracelet-for-women-50802\\\/\"]}]},{\"@type\":\"ImageObject\",\"inLanguage\":\"tr\",\"@id\":\"https:\\\/\\\/www.purejewels.com\\\/product\\\/22ct-gold-beaded-bracelet-for-women-50802\\\/#primaryimage\",\"url\":\"https:\\\/\\\/static.purejewels.com\\\/wp-content\\\/uploads\\\/2025\\\/07\\\/50802.jpg\",\"contentUrl\":\"https:\\\/\\\/static.purejewels.com\\\/wp-content\\\/uploads\\\/2025\\\/07\\\/50802.jpg\",\"width\":1000,\"height\":1000,\"caption\":\"50802\"},{\"@type\":\"BreadcrumbList\",\"@id\":\"https:\\\/\\\/www.purejewels.com\\\/product\\\/22ct-gold-beaded-bracelet-for-women-50802\\\/#breadcrumb\",\"itemListElement\":[{\"@type\":\"ListItem\",\"position\":1,\"name\":\"Home\",\"item\":\"https:\\\/\\\/www.purejewels.com\\\/\"},{\"@type\":\"ListItem\",\"position\":2,\"name\":\"Shop\",\"item\":\"https:\\\/\\\/www.purejewels.com\\\/shop\\\/\"},{\"@type\":\"ListItem\",\"position\":3,\"name\":\"22ct Gold Beaded Bracelet for Women\"}]},{\"@type\":\"WebSite\",\"@id\":\"https:\\\/\\\/www.purejewels.com\\\/#website\",\"url\":\"https:\\\/\\\/www.purejewels.com\\\/\",\"name\":\"PureJewels UK\",\"description\":\"Share the Love\",\"publisher\":{\"@id\":\"https:\\\/\\\/www.purejewels.com\\\/#organization\"},\"potentialAction\":[{\"@type\":\"SearchAction\",\"target\":{\"@type\":\"EntryPoint\",\"urlTemplate\":\"https:\\\/\\\/www.purejewels.com\\\/?s={search_term_string}\"},\"query-input\":{\"@type\":\"PropertyValueSpecification\",\"valueRequired\":true,\"valueName\":\"search_term_string\"}}],\"inLanguage\":\"tr\"},{\"@type\":\"Organization\",\"@id\":\"https:\\\/\\\/www.purejewels.com\\\/#organization\",\"name\":\"PureJewels UK\",\"url\":\"https:\\\/\\\/www.purejewels.com\\\/\",\"logo\":{\"@type\":\"ImageObject\",\"inLanguage\":\"tr\",\"@id\":\"https:\\\/\\\/www.purejewels.com\\\/#\\\/schema\\\/logo\\\/image\\\/\",\"url\":\"https:\\\/\\\/static.purejewels.com\\\/wp-content\\\/uploads\\\/2020\\\/11\\\/Logo-PJ-New-1.png\",\"contentUrl\":\"https:\\\/\\\/static.purejewels.com\\\/wp-content\\\/uploads\\\/2020\\\/11\\\/Logo-PJ-New-1.png\",\"width\":150,\"height\":80,\"caption\":\"PureJewels UK\"},\"image\":{\"@id\":\"https:\\\/\\\/www.purejewels.com\\\/#\\\/schema\\\/logo\\\/image\\\/\"}}]}<\/script>\n<!-- \/ Yoast SEO plugin. -->","yoast_head_json":{"title":"Kad\u0131nlar i\u00e7in 22 Ayar Alt\u0131n Boncuklu Bileklik | 7 \u0130n\u00e7 | PureJewels","description":"Siyah desenli zarif 22 ayar Sar\u0131 Alt\u0131n Boncuklu Bilezik. 3,22 g hafif zarafet, gelenek ve stil i\u00e7in haz\u0131rlanm\u0131\u015ft\u0131r. Londra'da PureJewels ma\u011fazas\u0131nda.","robots":{"index":"index","follow":"follow","max-snippet":"max-snippet:-1","max-image-preview":"max-image-preview:large","max-video-preview":"max-video-preview:-1"},"canonical":"https:\/\/www.purejewels.com\/tr\/urun\/kadinlar-icin-22-ayar-altin-boncuklu-bileklik-50802\/","og_locale":"tr_TR","og_type":"article","og_title":"22ct Gold Beaded Bracelet for Women | 7 Inch | PureJewels","og_description":"Delicate 22ct Yellow Gold Beaded Bracelet with black accents. 3.22g lightweight elegance crafted for tradition and style. Shop PureJewels in London.","og_url":"https:\/\/www.purejewels.com\/tr\/urun\/kadinlar-icin-22-ayar-altin-boncuklu-bileklik-50802\/","og_site_name":"PureJewels UK","article_modified_time":"2026-01-06T10:16:00+00:00","og_image":[{"width":1000,"height":1000,"url":"https:\/\/www.purejewels.com\/wp-content\/uploads\/2025\/07\/50802.jpg","type":"image\/jpeg"}],"twitter_card":"summary_large_image","schema":{"@context":"https:\/\/schema.org","@graph":[{"@type":["WebPage","ItemPage"],"@id":"https:\/\/www.purejewels.com\/product\/22ct-gold-beaded-bracelet-for-women-50802\/","url":"https:\/\/www.purejewels.com\/product\/22ct-gold-beaded-bracelet-for-women-50802\/","name":"Kad\u0131nlar i\u00e7in 22 Ayar Alt\u0131n Boncuklu Bileklik | 7 \u0130n\u00e7 | PureJewels","isPartOf":{"@id":"https:\/\/www.purejewels.com\/#website"},"primaryImageOfPage":{"@id":"https:\/\/www.purejewels.com\/product\/22ct-gold-beaded-bracelet-for-women-50802\/#primaryimage"},"image":{"@id":"https:\/\/www.purejewels.com\/product\/22ct-gold-beaded-bracelet-for-women-50802\/#primaryimage"},"thumbnailUrl":"https:\/\/static.purejewels.com\/wp-content\/uploads\/2025\/07\/50802.jpg","datePublished":"2025-05-11T05:19:18+00:00","dateModified":"2026-01-06T10:16:00+00:00","description":"Siyah desenli zarif 22 ayar Sar\u0131 Alt\u0131n Boncuklu Bilezik. 3,22 g hafif zarafet, gelenek ve stil i\u00e7in haz\u0131rlanm\u0131\u015ft\u0131r. Londra'da PureJewels ma\u011fazas\u0131nda.","breadcrumb":{"@id":"https:\/\/www.purejewels.com\/product\/22ct-gold-beaded-bracelet-for-women-50802\/#breadcrumb"},"inLanguage":"tr","potentialAction":[{"@type":"ReadAction","target":["https:\/\/www.purejewels.com\/product\/22ct-gold-beaded-bracelet-for-women-50802\/"]}]},{"@type":"ImageObject","inLanguage":"tr","@id":"https:\/\/www.purejewels.com\/product\/22ct-gold-beaded-bracelet-for-women-50802\/#primaryimage","url":"https:\/\/static.purejewels.com\/wp-content\/uploads\/2025\/07\/50802.jpg","contentUrl":"https:\/\/static.purejewels.com\/wp-content\/uploads\/2025\/07\/50802.jpg","width":1000,"height":1000,"caption":"50802"},{"@type":"BreadcrumbList","@id":"https:\/\/www.purejewels.com\/product\/22ct-gold-beaded-bracelet-for-women-50802\/#breadcrumb","itemListElement":[{"@type":"ListItem","position":1,"name":"Home","item":"https:\/\/www.purejewels.com\/"},{"@type":"ListItem","position":2,"name":"Shop","item":"https:\/\/www.purejewels.com\/shop\/"},{"@type":"ListItem","position":3,"name":"22ct Gold Beaded Bracelet for Women"}]},{"@type":"WebSite","@id":"https:\/\/www.purejewels.com\/#website","url":"https:\/\/www.purejewels.com\/","name":"PureJewels \u0130ngiltere","description":"Sevgiyi Payla\u015f\u0131n","publisher":{"@id":"https:\/\/www.purejewels.com\/#organization"},"potentialAction":[{"@type":"SearchAction","target":{"@type":"EntryPoint","urlTemplate":"https:\/\/www.purejewels.com\/?s={search_term_string}"},"query-input":{"@type":"PropertyValueSpecification","valueRequired":true,"valueName":"search_term_string"}}],"inLanguage":"tr"},{"@type":"Organization","@id":"https:\/\/www.purejewels.com\/#organization","name":"PureJewels \u0130ngiltere","url":"https:\/\/www.purejewels.com\/","logo":{"@type":"ImageObject","inLanguage":"tr","@id":"https:\/\/www.purejewels.com\/#\/schema\/logo\/image\/","url":"https:\/\/static.purejewels.com\/wp-content\/uploads\/2020\/11\/Logo-PJ-New-1.png","contentUrl":"https:\/\/static.purejewels.com\/wp-content\/uploads\/2020\/11\/Logo-PJ-New-1.png","width":150,"height":80,"caption":"PureJewels UK"},"image":{"@id":"https:\/\/www.purejewels.com\/#\/schema\/logo\/image\/"}}]}},"_links":{"self":[{"href":"https:\/\/www.purejewels.com\/tr\/wp-json\/wp\/v2\/product\/404243","targetHints":{"allow":["GET"]}}],"collection":[{"href":"https:\/\/www.purejewels.com\/tr\/wp-json\/wp\/v2\/product"}],"about":[{"href":"https:\/\/www.purejewels.com\/tr\/wp-json\/wp\/v2\/types\/product"}],"replies":[{"embeddable":true,"href":"https:\/\/www.purejewels.com\/tr\/wp-json\/wp\/v2\/comments?post=404243"}],"version-history":[{"count":1,"href":"https:\/\/www.purejewels.com\/tr\/wp-json\/wp\/v2\/product\/404243\/revisions"}],"predecessor-version":[{"id":404245,"href":"https:\/\/www.purejewels.com\/tr\/wp-json\/wp\/v2\/product\/404243\/revisions\/404245"}],"wp:featuredmedia":[{"embeddable":true,"href":"https:\/\/www.purejewels.com\/tr\/wp-json\/wp\/v2\/media\/404244"}],"wp:attachment":[{"href":"https:\/\/www.purejewels.com\/tr\/wp-json\/wp\/v2\/media?parent=404243"}],"wp:term":[{"taxonomy":"product_brand","embeddable":true,"href":"https:\/\/www.purejewels.com\/tr\/wp-json\/wp\/v2\/product_brand?post=404243"},{"taxonomy":"product_cat","embeddable":true,"href":"https:\/\/www.purejewels.com\/tr\/wp-json\/wp\/v2\/product_cat?post=404243"},{"taxonomy":"product_tag","embeddable":true,"href":"https:\/\/www.purejewels.com\/tr\/wp-json\/wp\/v2\/product_tag?post=404243"}],"curies":[{"name":"wp","href":"https:\/\/api.w.org\/{rel}","templated":true}]}}