{"id":404246,"date":"2025-07-04T06:34:51","date_gmt":"2025-07-04T05:34:51","guid":{"rendered":"https:\/\/www.purejewels.com\/?post_type=product&#038;p=404246"},"modified":"2026-01-06T10:12:53","modified_gmt":"2026-01-06T10:12:53","slug":"22-ayar-altin-telkari-bileklik-46385","status":"publish","type":"product","link":"https:\/\/www.purejewels.com\/tr\/product\/22ct-gold-filigree-bracelet-46385\/","title":{"rendered":"22 Ayar Alt\u0131n Telkari Bileklik"},"content":{"rendered":"<p data-start=\"846\" data-end=\"1141\">As\u0131rl\u0131k kuyumculu\u011fa bir \u00f6vg\u00fc niteli\u011findeki bu <strong data-start=\"883\" data-end=\"914\">22 Ayar Alt\u0131n Telkari Bileklik<\/strong> kad\u0131ns\u0131l\u0131\u011f\u0131n ve gelene\u011fin zarif bir sembol\u00fcd\u00fcr. 9,4 gram a\u011f\u0131rl\u0131\u011f\u0131ndaki kolye, Hint ve Orta Do\u011fu m\u00fccevherlerinde g\u00f6r\u00fclen karma\u015f\u0131k el i\u015f\u00e7ili\u011fini yans\u0131tan, klasik telkari sanat\u0131ndan ilham alan dokulu, ge\u00e7meli bir desene sahiptir.<\/p>\n<p data-start=\"1143\" data-end=\"1378\">Rahat bir 7,5 in\u00e7 uzunlu\u011funda \u00fcretilen bileklik, her hareketiyle zarafet ve ince bir hareket katan, ghungroos'u an\u0131msatan narin alt\u0131n top damlalarla s\u00fcslenmi\u015ftir. G\u00fcvenli bir S-kanca toka, kullan\u0131m kolayl\u0131\u011f\u0131 ve g\u00f6n\u00fcl rahatl\u0131\u011f\u0131 sa\u011flar.<\/p>","protected":false},"excerpt":{"rendered":"<p>Bu zarif 22 ayar sar\u0131 alt\u0131n bilezik, klasik ghungroo vurgular\u0131yla zarif bir \u015fekilde tamamlanm\u0131\u015f 9,4 g formunda karma\u015f\u0131k telkari i\u015f\u00e7ili\u011fine sahiptir. Miras\u0131 ve modern cazibeyi harmanlayan 7,5 in\u00e7lik zamans\u0131z bir hazine.<\/p>\n<p><strong>Malzeme:<\/strong>\u00a022 Ayar Alt\u0131n<strong><br \/>\nHallmark:\u00a0<\/strong>\u0130ngiliz Damgas\u0131<strong><br \/>\n<\/strong><strong>Br\u00fct A\u011f\u0131rl\u0131k: <\/strong>9.40 Gms<br \/>\n<strong>Uzunluk:<\/strong> 7,5 in\u00e7<br \/>\n<strong>SKU:<\/strong> 46385<\/p>\n<p><strong>Fiyat ve Teslimat<\/strong>: KDV ve teslimat \u00fccreti dahil<br \/>\n<a href=\"https:\/\/www.purejewels.com\/tr\/i%cc%87ade-poli%cc%87ti%cc%87kasi\/\">\u0130ade Politikas\u0131<\/a><\/p>","protected":false},"featured_media":404249,"comment_status":"closed","ping_status":"closed","template":"","meta":{"_eb_attr":"","_crsspst_to_jayantr4sg-hostcom":true},"product_brand":[],"product_cat":[1791,1559,6057,5676,1793,1324,1627,1229,5371,5344,1570,1569,1574,5349],"product_tag":[5634],"class_list":{"0":"post-404246","1":"product","2":"type-product","3":"status-publish","4":"has-post-thumbnail","6":"product_cat-anniversary-gifts","7":"product_cat-birthday-gifts","8":"product_cat-chain-bracelet","9":"product_cat-chain-bracelets-for-ladies","10":"product_cat-diwali-gifts","11":"product_cat-gold-bracelet","12":"product_cat-ladies-bracelet","13":"product_cat-22ct-gold-jewellery","14":"product_cat-jewellery-for-hands","15":"product_cat-jewellery-under-750","16":"product_cat-mothers-day-gifts","17":"product_cat-valentine-day-gifts","18":"product_cat-womens-jewellery","19":"product_cat-yellow-gold-jewellery","20":"product_tag-22ct-gold-bracelet-for-ladies","22":"first","23":"outofstock","24":"taxable","25":"shipping-taxable","26":"product-type-simple","27":"add-to-wishlist-before_image"},"yoast_head":"<!-- This site is optimized with the Yoast SEO plugin v27.5 - https:\/\/yoast.com\/product\/yoast-seo-wordpress\/ -->\n<title>22ct Gold Filigree Bracelet | 7.5 Inch Ladies Gold Bracelet UK<\/title>\n<meta name=\"description\" content=\"Shop this handcrafted 22ct gold filigree bracelet\u20149.4g of elegant detail in a 7.5-inch design. Perfect for everyday wear or special occasions. PureJewels London.\" \/>\n<meta name=\"robots\" content=\"index, follow, max-snippet:-1, max-image-preview:large, max-video-preview:-1\" \/>\n<link rel=\"canonical\" href=\"https:\/\/www.purejewels.com\/tr\/urun\/22-ayar-altin-telkari-bileklik-46385\/\" \/>\n<meta property=\"og:locale\" content=\"tr_TR\" \/>\n<meta property=\"og:type\" content=\"article\" \/>\n<meta property=\"og:title\" content=\"22ct Gold Filigree Bracelet | 7.5 Inch Ladies Gold Bracelet UK\" \/>\n<meta property=\"og:description\" content=\"Shop this handcrafted 22ct gold filigree bracelet\u20149.4g of elegant detail in a 7.5-inch design. Perfect for everyday wear or special occasions. PureJewels London.\" \/>\n<meta property=\"og:url\" content=\"https:\/\/www.purejewels.com\/tr\/urun\/22-ayar-altin-telkari-bileklik-46385\/\" \/>\n<meta property=\"og:site_name\" content=\"PureJewels UK\" \/>\n<meta property=\"article:modified_time\" content=\"2026-01-06T10:12:53+00:00\" \/>\n<meta property=\"og:image\" content=\"https:\/\/www.purejewels.com\/wp-content\/uploads\/2025\/07\/46385.jpg\" \/>\n\t<meta property=\"og:image:width\" content=\"1000\" \/>\n\t<meta property=\"og:image:height\" content=\"1000\" \/>\n\t<meta property=\"og:image:type\" content=\"image\/jpeg\" \/>\n<meta name=\"twitter:card\" content=\"summary_large_image\" \/>\n<meta name=\"twitter:label1\" content=\"Tahmini okuma s\u00fcresi\" \/>\n\t<meta name=\"twitter:data1\" content=\"1 dakika\" \/>\n<script type=\"application\/ld+json\" class=\"yoast-schema-graph\">{\"@context\":\"https:\\\/\\\/schema.org\",\"@graph\":[{\"@type\":[\"WebPage\",\"ItemPage\"],\"@id\":\"https:\\\/\\\/www.purejewels.com\\\/product\\\/22ct-gold-filigree-bracelet-46385\\\/\",\"url\":\"https:\\\/\\\/www.purejewels.com\\\/product\\\/22ct-gold-filigree-bracelet-46385\\\/\",\"name\":\"22ct Gold Filigree Bracelet | 7.5 Inch Ladies Gold Bracelet UK\",\"isPartOf\":{\"@id\":\"https:\\\/\\\/www.purejewels.com\\\/#website\"},\"primaryImageOfPage\":{\"@id\":\"https:\\\/\\\/www.purejewels.com\\\/product\\\/22ct-gold-filigree-bracelet-46385\\\/#primaryimage\"},\"image\":{\"@id\":\"https:\\\/\\\/www.purejewels.com\\\/product\\\/22ct-gold-filigree-bracelet-46385\\\/#primaryimage\"},\"thumbnailUrl\":\"https:\\\/\\\/static.purejewels.com\\\/wp-content\\\/uploads\\\/2025\\\/07\\\/46385.jpg\",\"datePublished\":\"2025-07-04T05:34:51+00:00\",\"dateModified\":\"2026-01-06T10:12:53+00:00\",\"description\":\"Shop this handcrafted 22ct gold filigree bracelet\u20149.4g of elegant detail in a 7.5-inch design. Perfect for everyday wear or special occasions. PureJewels London.\",\"breadcrumb\":{\"@id\":\"https:\\\/\\\/www.purejewels.com\\\/product\\\/22ct-gold-filigree-bracelet-46385\\\/#breadcrumb\"},\"inLanguage\":\"tr\",\"potentialAction\":[{\"@type\":\"ReadAction\",\"target\":[\"https:\\\/\\\/www.purejewels.com\\\/product\\\/22ct-gold-filigree-bracelet-46385\\\/\"]}]},{\"@type\":\"ImageObject\",\"inLanguage\":\"tr\",\"@id\":\"https:\\\/\\\/www.purejewels.com\\\/product\\\/22ct-gold-filigree-bracelet-46385\\\/#primaryimage\",\"url\":\"https:\\\/\\\/static.purejewels.com\\\/wp-content\\\/uploads\\\/2025\\\/07\\\/46385.jpg\",\"contentUrl\":\"https:\\\/\\\/static.purejewels.com\\\/wp-content\\\/uploads\\\/2025\\\/07\\\/46385.jpg\",\"width\":1000,\"height\":1000,\"caption\":\"46385\"},{\"@type\":\"BreadcrumbList\",\"@id\":\"https:\\\/\\\/www.purejewels.com\\\/product\\\/22ct-gold-filigree-bracelet-46385\\\/#breadcrumb\",\"itemListElement\":[{\"@type\":\"ListItem\",\"position\":1,\"name\":\"Home\",\"item\":\"https:\\\/\\\/www.purejewels.com\\\/\"},{\"@type\":\"ListItem\",\"position\":2,\"name\":\"Shop\",\"item\":\"https:\\\/\\\/www.purejewels.com\\\/shop\\\/\"},{\"@type\":\"ListItem\",\"position\":3,\"name\":\"22ct Gold Filigree Bracelet\"}]},{\"@type\":\"WebSite\",\"@id\":\"https:\\\/\\\/www.purejewels.com\\\/#website\",\"url\":\"https:\\\/\\\/www.purejewels.com\\\/\",\"name\":\"PureJewels UK\",\"description\":\"Share the Love\",\"publisher\":{\"@id\":\"https:\\\/\\\/www.purejewels.com\\\/#organization\"},\"potentialAction\":[{\"@type\":\"SearchAction\",\"target\":{\"@type\":\"EntryPoint\",\"urlTemplate\":\"https:\\\/\\\/www.purejewels.com\\\/?s={search_term_string}\"},\"query-input\":{\"@type\":\"PropertyValueSpecification\",\"valueRequired\":true,\"valueName\":\"search_term_string\"}}],\"inLanguage\":\"tr\"},{\"@type\":\"Organization\",\"@id\":\"https:\\\/\\\/www.purejewels.com\\\/#organization\",\"name\":\"PureJewels UK\",\"url\":\"https:\\\/\\\/www.purejewels.com\\\/\",\"logo\":{\"@type\":\"ImageObject\",\"inLanguage\":\"tr\",\"@id\":\"https:\\\/\\\/www.purejewels.com\\\/#\\\/schema\\\/logo\\\/image\\\/\",\"url\":\"https:\\\/\\\/static.purejewels.com\\\/wp-content\\\/uploads\\\/2020\\\/11\\\/Logo-PJ-New-1.png\",\"contentUrl\":\"https:\\\/\\\/static.purejewels.com\\\/wp-content\\\/uploads\\\/2020\\\/11\\\/Logo-PJ-New-1.png\",\"width\":150,\"height\":80,\"caption\":\"PureJewels UK\"},\"image\":{\"@id\":\"https:\\\/\\\/www.purejewels.com\\\/#\\\/schema\\\/logo\\\/image\\\/\"}}]}<\/script>\n<!-- \/ Yoast SEO plugin. -->","yoast_head_json":{"title":"22 Ayar Alt\u0131n Telkari Bileklik | 7,5 \u0130n\u00e7 Bayan Alt\u0131n Bileklik \u0130ngiltere","description":"Bu el yap\u0131m\u0131 22 ayar alt\u0131n telkari bilezi\u011fi sat\u0131n al\u0131n. 7,5 in\u00e7lik tasar\u0131mda 9,4 g zarif ayr\u0131nt\u0131. G\u00fcnl\u00fck kullan\u0131m veya \u00f6zel g\u00fcnler i\u00e7in m\u00fckemmeldir. PureJewels Londra.","robots":{"index":"index","follow":"follow","max-snippet":"max-snippet:-1","max-image-preview":"max-image-preview:large","max-video-preview":"max-video-preview:-1"},"canonical":"https:\/\/www.purejewels.com\/tr\/urun\/22-ayar-altin-telkari-bileklik-46385\/","og_locale":"tr_TR","og_type":"article","og_title":"22ct Gold Filigree Bracelet | 7.5 Inch Ladies Gold Bracelet UK","og_description":"Shop this handcrafted 22ct gold filigree bracelet\u20149.4g of elegant detail in a 7.5-inch design. Perfect for everyday wear or special occasions. PureJewels London.","og_url":"https:\/\/www.purejewels.com\/tr\/urun\/22-ayar-altin-telkari-bileklik-46385\/","og_site_name":"PureJewels UK","article_modified_time":"2026-01-06T10:12:53+00:00","og_image":[{"width":1000,"height":1000,"url":"https:\/\/www.purejewels.com\/wp-content\/uploads\/2025\/07\/46385.jpg","type":"image\/jpeg"}],"twitter_card":"summary_large_image","twitter_misc":{"Tahmini okuma s\u00fcresi":"1 dakika"},"schema":{"@context":"https:\/\/schema.org","@graph":[{"@type":["WebPage","ItemPage"],"@id":"https:\/\/www.purejewels.com\/product\/22ct-gold-filigree-bracelet-46385\/","url":"https:\/\/www.purejewels.com\/product\/22ct-gold-filigree-bracelet-46385\/","name":"22 Ayar Alt\u0131n Telkari Bileklik | 7,5 \u0130n\u00e7 Bayan Alt\u0131n Bileklik \u0130ngiltere","isPartOf":{"@id":"https:\/\/www.purejewels.com\/#website"},"primaryImageOfPage":{"@id":"https:\/\/www.purejewels.com\/product\/22ct-gold-filigree-bracelet-46385\/#primaryimage"},"image":{"@id":"https:\/\/www.purejewels.com\/product\/22ct-gold-filigree-bracelet-46385\/#primaryimage"},"thumbnailUrl":"https:\/\/static.purejewels.com\/wp-content\/uploads\/2025\/07\/46385.jpg","datePublished":"2025-07-04T05:34:51+00:00","dateModified":"2026-01-06T10:12:53+00:00","description":"Bu el yap\u0131m\u0131 22 ayar alt\u0131n telkari bilezi\u011fi sat\u0131n al\u0131n. 7,5 in\u00e7lik tasar\u0131mda 9,4 g zarif ayr\u0131nt\u0131. G\u00fcnl\u00fck kullan\u0131m veya \u00f6zel g\u00fcnler i\u00e7in m\u00fckemmeldir. PureJewels Londra.","breadcrumb":{"@id":"https:\/\/www.purejewels.com\/product\/22ct-gold-filigree-bracelet-46385\/#breadcrumb"},"inLanguage":"tr","potentialAction":[{"@type":"ReadAction","target":["https:\/\/www.purejewels.com\/product\/22ct-gold-filigree-bracelet-46385\/"]}]},{"@type":"ImageObject","inLanguage":"tr","@id":"https:\/\/www.purejewels.com\/product\/22ct-gold-filigree-bracelet-46385\/#primaryimage","url":"https:\/\/static.purejewels.com\/wp-content\/uploads\/2025\/07\/46385.jpg","contentUrl":"https:\/\/static.purejewels.com\/wp-content\/uploads\/2025\/07\/46385.jpg","width":1000,"height":1000,"caption":"46385"},{"@type":"BreadcrumbList","@id":"https:\/\/www.purejewels.com\/product\/22ct-gold-filigree-bracelet-46385\/#breadcrumb","itemListElement":[{"@type":"ListItem","position":1,"name":"Home","item":"https:\/\/www.purejewels.com\/"},{"@type":"ListItem","position":2,"name":"Shop","item":"https:\/\/www.purejewels.com\/shop\/"},{"@type":"ListItem","position":3,"name":"22ct Gold Filigree Bracelet"}]},{"@type":"WebSite","@id":"https:\/\/www.purejewels.com\/#website","url":"https:\/\/www.purejewels.com\/","name":"PureJewels \u0130ngiltere","description":"Sevgiyi Payla\u015f\u0131n","publisher":{"@id":"https:\/\/www.purejewels.com\/#organization"},"potentialAction":[{"@type":"SearchAction","target":{"@type":"EntryPoint","urlTemplate":"https:\/\/www.purejewels.com\/?s={search_term_string}"},"query-input":{"@type":"PropertyValueSpecification","valueRequired":true,"valueName":"search_term_string"}}],"inLanguage":"tr"},{"@type":"Organization","@id":"https:\/\/www.purejewels.com\/#organization","name":"PureJewels \u0130ngiltere","url":"https:\/\/www.purejewels.com\/","logo":{"@type":"ImageObject","inLanguage":"tr","@id":"https:\/\/www.purejewels.com\/#\/schema\/logo\/image\/","url":"https:\/\/static.purejewels.com\/wp-content\/uploads\/2020\/11\/Logo-PJ-New-1.png","contentUrl":"https:\/\/static.purejewels.com\/wp-content\/uploads\/2020\/11\/Logo-PJ-New-1.png","width":150,"height":80,"caption":"PureJewels UK"},"image":{"@id":"https:\/\/www.purejewels.com\/#\/schema\/logo\/image\/"}}]}},"_links":{"self":[{"href":"https:\/\/www.purejewels.com\/tr\/wp-json\/wp\/v2\/product\/404246","targetHints":{"allow":["GET"]}}],"collection":[{"href":"https:\/\/www.purejewels.com\/tr\/wp-json\/wp\/v2\/product"}],"about":[{"href":"https:\/\/www.purejewels.com\/tr\/wp-json\/wp\/v2\/types\/product"}],"replies":[{"embeddable":true,"href":"https:\/\/www.purejewels.com\/tr\/wp-json\/wp\/v2\/comments?post=404246"}],"version-history":[{"count":2,"href":"https:\/\/www.purejewels.com\/tr\/wp-json\/wp\/v2\/product\/404246\/revisions"}],"predecessor-version":[{"id":404251,"href":"https:\/\/www.purejewels.com\/tr\/wp-json\/wp\/v2\/product\/404246\/revisions\/404251"}],"wp:featuredmedia":[{"embeddable":true,"href":"https:\/\/www.purejewels.com\/tr\/wp-json\/wp\/v2\/media\/404249"}],"wp:attachment":[{"href":"https:\/\/www.purejewels.com\/tr\/wp-json\/wp\/v2\/media?parent=404246"}],"wp:term":[{"taxonomy":"product_brand","embeddable":true,"href":"https:\/\/www.purejewels.com\/tr\/wp-json\/wp\/v2\/product_brand?post=404246"},{"taxonomy":"product_cat","embeddable":true,"href":"https:\/\/www.purejewels.com\/tr\/wp-json\/wp\/v2\/product_cat?post=404246"},{"taxonomy":"product_tag","embeddable":true,"href":"https:\/\/www.purejewels.com\/tr\/wp-json\/wp\/v2\/product_tag?post=404246"}],"curies":[{"name":"wp","href":"https:\/\/api.w.org\/{rel}","templated":true}]}}