{"id":404271,"date":"2025-06-11T09:04:51","date_gmt":"2025-06-11T08:04:51","guid":{"rendered":"https:\/\/www.purejewels.com\/?post_type=product&#038;p=404271"},"modified":"2026-01-06T05:33:52","modified_gmt":"2026-01-06T05:33:52","slug":"22-ayar-altin-cicekli-suslu-saplama-kupe-44725","status":"publish","type":"product","link":"https:\/\/www.purejewels.com\/tr\/product\/22ct-gold-floral-fancy-stud-earrings-44725\/","title":{"rendered":"22 Ayar Alt\u0131n \u00c7i\u00e7ekli Fantezi Saplama K\u00fcpe"},"content":{"rendered":"<p data-start=\"876\" data-end=\"1190\">Narin, \u0131\u015f\u0131lt\u0131l\u0131 ve cazibe dolu - bizim <strong data-start=\"917\" data-end=\"957\">22 Ayar Alt\u0131n \u00c7i\u00e7ekli Fantezi Saplama K\u00fcpe<\/strong> kad\u0131ns\u0131 zarafete bir \u00f6vg\u00fcd\u00fcr. \u0130nce 22 ayar sar\u0131 alt\u0131ndan \u00fcretilen ve 1,8 gram a\u011f\u0131rl\u0131\u011f\u0131nda olan bu hafif k\u00fcpeler, \u00e7i\u00e7eklerden ilham alan bir motifle s\u00fcslenmi\u015f ve \u0131\u015f\u0131\u011f\u0131 zahmetsizce yakalayan par\u0131ldayan cz ta\u015flarla kaplanm\u0131\u015ft\u0131r.<\/p>\n<p data-start=\"1192\" data-end=\"1399\">Bir miktar beyaz rodyum, kontrast ve boyut katarak ajurlu ta\u00e7 yapra\u011f\u0131 tasar\u0131m\u0131n\u0131 vurgular. Kompakt boyutlar\u0131 sayesinde g\u00fcnl\u00fck \u015f\u0131kl\u0131k, bayram kutlamalar\u0131 ya da sevdi\u011finiz biri i\u00e7in d\u00fc\u015f\u00fcnceli bir hediye i\u00e7in idealdir.<\/p>","protected":false},"excerpt":{"rendered":"<p>Zamans\u0131z bir klasik olan bu 22 Ayar Alt\u0131n Dokulu Saplama K\u00fcpeler, \u0131\u015f\u0131\u011f\u0131 g\u00fczel bir \u015fekilde yakalayan y\u00f6nl\u00fc bir y\u00fczeyle \u00fcretilmi\u015ftir. Sade ama zarif olan bu k\u00fcpeler, g\u00fcnl\u00fck kullan\u0131m veya \u00f6zel g\u00fcnler i\u00e7in abart\u0131s\u0131z bir sofistike g\u00f6r\u00fcn\u00fcm sunar.<\/p>\n<p><strong>Malzeme:<\/strong> 22 Ayar Alt\u0131n<br \/>\n<strong>Hallmark:<\/strong>\u00a0\u0130ngiliz Damgas\u0131<br \/>\n<strong>SKU:<\/strong> 44725<br \/>\n<strong>Br\u00fct A\u011f\u0131rl\u0131k:<\/strong> 1.80 Gms<br \/>\n<strong>Net a\u011f\u0131rl\u0131k:<\/strong> 1.70 Gms<\/p>\n<p><strong>Fiyat ve Teslimat:<\/strong>\u00a0KDV ve teslimat \u00fccretleri dahil<br \/>\n<a href=\"https:\/\/www.purejewels.com\/tr\/i%cc%87ade-poli%cc%87ti%cc%87kasi\/\"><strong>\u0130ade Politikas\u0131<\/strong><\/a><\/p>","protected":false},"featured_media":404273,"comment_status":"closed","ping_status":"closed","template":"","meta":{"_eb_attr":"","_crsspst_to_jayantr4sg-hostcom":true},"product_brand":[],"product_cat":[1559,1576,6150,1793,1254,1229,5343,5338,1577,5349],"product_tag":[66],"class_list":{"0":"post-404271","1":"product","2":"type-product","3":"status-publish","4":"has-post-thumbnail","6":"product_cat-birthday-gifts","7":"product_cat-childrens-jewellery","8":"product_cat-cubic-zirconia-ear-studs","9":"product_cat-diwali-gifts","10":"product_cat-gold-earrings","11":"product_cat-22ct-gold-jewellery","12":"product_cat-jewellery-under-550","13":"product_cat-shop-by-price","14":"product_cat-stud-earrings","15":"product_cat-yellow-gold-jewellery","16":"product_tag-earrings","18":"first","19":"outofstock","20":"taxable","21":"shipping-taxable","22":"product-type-simple","23":"add-to-wishlist-before_image"},"yoast_head":"<!-- This site is optimized with the Yoast SEO plugin v27.3 - https:\/\/yoast.com\/product\/yoast-seo-wordpress\/ -->\n<title>22ct Gold Fancy Stud Earrings | Lightweight Floral Studs<\/title>\n<meta name=\"description\" content=\"Shop 22ct gold fancy stud earrings with floral design. Lightweight at 1.8g, adorned with sparkling stones\u2014ideal for gifting or everyday elegance.\" \/>\n<meta name=\"robots\" content=\"index, follow, max-snippet:-1, max-image-preview:large, max-video-preview:-1\" \/>\n<link rel=\"canonical\" href=\"https:\/\/www.purejewels.com\/tr\/urun\/22-ayar-altin-cicekli-suslu-saplama-kupe-44725\/\" \/>\n<meta property=\"og:locale\" content=\"tr_TR\" \/>\n<meta property=\"og:type\" content=\"article\" \/>\n<meta property=\"og:title\" content=\"22ct Gold Fancy Stud Earrings | Lightweight Floral Studs\" \/>\n<meta property=\"og:description\" content=\"Shop 22ct gold fancy stud earrings with floral design. Lightweight at 1.8g, adorned with sparkling stones\u2014ideal for gifting or everyday elegance.\" \/>\n<meta property=\"og:url\" content=\"https:\/\/www.purejewels.com\/tr\/urun\/22-ayar-altin-cicekli-suslu-saplama-kupe-44725\/\" \/>\n<meta property=\"og:site_name\" content=\"PureJewels UK\" \/>\n<meta property=\"article:modified_time\" content=\"2026-01-06T05:33:52+00:00\" \/>\n<meta property=\"og:image\" content=\"https:\/\/www.purejewels.com\/wp-content\/uploads\/2025\/07\/sku-44725.jpg\" \/>\n\t<meta property=\"og:image:width\" content=\"1000\" \/>\n\t<meta property=\"og:image:height\" content=\"1000\" \/>\n\t<meta property=\"og:image:type\" content=\"image\/jpeg\" \/>\n<meta name=\"twitter:card\" content=\"summary_large_image\" \/>\n<script type=\"application\/ld+json\" class=\"yoast-schema-graph\">{\"@context\":\"https:\\\/\\\/schema.org\",\"@graph\":[{\"@type\":[\"WebPage\",\"ItemPage\"],\"@id\":\"https:\\\/\\\/www.purejewels.com\\\/product\\\/22ct-gold-floral-fancy-stud-earrings-44725\\\/\",\"url\":\"https:\\\/\\\/www.purejewels.com\\\/product\\\/22ct-gold-floral-fancy-stud-earrings-44725\\\/\",\"name\":\"22ct Gold Fancy Stud Earrings | Lightweight Floral Studs\",\"isPartOf\":{\"@id\":\"https:\\\/\\\/www.purejewels.com\\\/#website\"},\"primaryImageOfPage\":{\"@id\":\"https:\\\/\\\/www.purejewels.com\\\/product\\\/22ct-gold-floral-fancy-stud-earrings-44725\\\/#primaryimage\"},\"image\":{\"@id\":\"https:\\\/\\\/www.purejewels.com\\\/product\\\/22ct-gold-floral-fancy-stud-earrings-44725\\\/#primaryimage\"},\"thumbnailUrl\":\"https:\\\/\\\/static.purejewels.com\\\/wp-content\\\/uploads\\\/2025\\\/07\\\/sku-44725.jpg\",\"datePublished\":\"2025-06-11T08:04:51+00:00\",\"dateModified\":\"2026-01-06T05:33:52+00:00\",\"description\":\"Shop 22ct gold fancy stud earrings with floral design. Lightweight at 1.8g, adorned with sparkling stones\u2014ideal for gifting or everyday elegance.\",\"breadcrumb\":{\"@id\":\"https:\\\/\\\/www.purejewels.com\\\/product\\\/22ct-gold-floral-fancy-stud-earrings-44725\\\/#breadcrumb\"},\"inLanguage\":\"tr\",\"potentialAction\":[{\"@type\":\"ReadAction\",\"target\":[\"https:\\\/\\\/www.purejewels.com\\\/product\\\/22ct-gold-floral-fancy-stud-earrings-44725\\\/\"]}]},{\"@type\":\"ImageObject\",\"inLanguage\":\"tr\",\"@id\":\"https:\\\/\\\/www.purejewels.com\\\/product\\\/22ct-gold-floral-fancy-stud-earrings-44725\\\/#primaryimage\",\"url\":\"https:\\\/\\\/static.purejewels.com\\\/wp-content\\\/uploads\\\/2025\\\/07\\\/sku-44725.jpg\",\"contentUrl\":\"https:\\\/\\\/static.purejewels.com\\\/wp-content\\\/uploads\\\/2025\\\/07\\\/sku-44725.jpg\",\"width\":1000,\"height\":1000,\"caption\":\"22ct Gold Floral Fancy Stud Earrings\"},{\"@type\":\"BreadcrumbList\",\"@id\":\"https:\\\/\\\/www.purejewels.com\\\/product\\\/22ct-gold-floral-fancy-stud-earrings-44725\\\/#breadcrumb\",\"itemListElement\":[{\"@type\":\"ListItem\",\"position\":1,\"name\":\"Home\",\"item\":\"https:\\\/\\\/www.purejewels.com\\\/\"},{\"@type\":\"ListItem\",\"position\":2,\"name\":\"Shop\",\"item\":\"https:\\\/\\\/www.purejewels.com\\\/shop\\\/\"},{\"@type\":\"ListItem\",\"position\":3,\"name\":\"22ct Gold Floral Fancy Stud Earrings\"}]},{\"@type\":\"WebSite\",\"@id\":\"https:\\\/\\\/www.purejewels.com\\\/#website\",\"url\":\"https:\\\/\\\/www.purejewels.com\\\/\",\"name\":\"PureJewels UK\",\"description\":\"Share the Love\",\"publisher\":{\"@id\":\"https:\\\/\\\/www.purejewels.com\\\/#organization\"},\"potentialAction\":[{\"@type\":\"SearchAction\",\"target\":{\"@type\":\"EntryPoint\",\"urlTemplate\":\"https:\\\/\\\/www.purejewels.com\\\/?s={search_term_string}\"},\"query-input\":{\"@type\":\"PropertyValueSpecification\",\"valueRequired\":true,\"valueName\":\"search_term_string\"}}],\"inLanguage\":\"tr\"},{\"@type\":\"Organization\",\"@id\":\"https:\\\/\\\/www.purejewels.com\\\/#organization\",\"name\":\"PureJewels UK\",\"url\":\"https:\\\/\\\/www.purejewels.com\\\/\",\"logo\":{\"@type\":\"ImageObject\",\"inLanguage\":\"tr\",\"@id\":\"https:\\\/\\\/www.purejewels.com\\\/#\\\/schema\\\/logo\\\/image\\\/\",\"url\":\"https:\\\/\\\/static.purejewels.com\\\/wp-content\\\/uploads\\\/2020\\\/11\\\/Logo-PJ-New-1.png\",\"contentUrl\":\"https:\\\/\\\/static.purejewels.com\\\/wp-content\\\/uploads\\\/2020\\\/11\\\/Logo-PJ-New-1.png\",\"width\":150,\"height\":80,\"caption\":\"PureJewels UK\"},\"image\":{\"@id\":\"https:\\\/\\\/www.purejewels.com\\\/#\\\/schema\\\/logo\\\/image\\\/\"}}]}<\/script>\n<!-- \/ Yoast SEO plugin. -->","yoast_head_json":{"title":"22 Ayar Alt\u0131n Fantezi Saplama K\u00fcpe | Hafif \u00c7i\u00e7ekli Saplamalar","description":"\u00c7i\u00e7ek tasar\u0131ml\u0131 22 ayar alt\u0131n s\u00fcsl\u00fc k\u00fcpeler sat\u0131n al\u0131n. 1,8 gram a\u011f\u0131rl\u0131\u011f\u0131nda, \u0131\u015f\u0131lt\u0131l\u0131 ta\u015flarla bezenmi\u015f, hediye vermek veya g\u00fcnl\u00fck \u015f\u0131kl\u0131k i\u00e7in ideal.","robots":{"index":"index","follow":"follow","max-snippet":"max-snippet:-1","max-image-preview":"max-image-preview:large","max-video-preview":"max-video-preview:-1"},"canonical":"https:\/\/www.purejewels.com\/tr\/urun\/22-ayar-altin-cicekli-suslu-saplama-kupe-44725\/","og_locale":"tr_TR","og_type":"article","og_title":"22ct Gold Fancy Stud Earrings | Lightweight Floral Studs","og_description":"Shop 22ct gold fancy stud earrings with floral design. Lightweight at 1.8g, adorned with sparkling stones\u2014ideal for gifting or everyday elegance.","og_url":"https:\/\/www.purejewels.com\/tr\/urun\/22-ayar-altin-cicekli-suslu-saplama-kupe-44725\/","og_site_name":"PureJewels UK","article_modified_time":"2026-01-06T05:33:52+00:00","og_image":[{"width":1000,"height":1000,"url":"https:\/\/www.purejewels.com\/wp-content\/uploads\/2025\/07\/sku-44725.jpg","type":"image\/jpeg"}],"twitter_card":"summary_large_image","schema":{"@context":"https:\/\/schema.org","@graph":[{"@type":["WebPage","ItemPage"],"@id":"https:\/\/www.purejewels.com\/product\/22ct-gold-floral-fancy-stud-earrings-44725\/","url":"https:\/\/www.purejewels.com\/product\/22ct-gold-floral-fancy-stud-earrings-44725\/","name":"22 Ayar Alt\u0131n Fantezi Saplama K\u00fcpe | Hafif \u00c7i\u00e7ekli Saplamalar","isPartOf":{"@id":"https:\/\/www.purejewels.com\/#website"},"primaryImageOfPage":{"@id":"https:\/\/www.purejewels.com\/product\/22ct-gold-floral-fancy-stud-earrings-44725\/#primaryimage"},"image":{"@id":"https:\/\/www.purejewels.com\/product\/22ct-gold-floral-fancy-stud-earrings-44725\/#primaryimage"},"thumbnailUrl":"https:\/\/static.purejewels.com\/wp-content\/uploads\/2025\/07\/sku-44725.jpg","datePublished":"2025-06-11T08:04:51+00:00","dateModified":"2026-01-06T05:33:52+00:00","description":"\u00c7i\u00e7ek tasar\u0131ml\u0131 22 ayar alt\u0131n s\u00fcsl\u00fc k\u00fcpeler sat\u0131n al\u0131n. 1,8 gram a\u011f\u0131rl\u0131\u011f\u0131nda, \u0131\u015f\u0131lt\u0131l\u0131 ta\u015flarla bezenmi\u015f, hediye vermek veya g\u00fcnl\u00fck \u015f\u0131kl\u0131k i\u00e7in ideal.","breadcrumb":{"@id":"https:\/\/www.purejewels.com\/product\/22ct-gold-floral-fancy-stud-earrings-44725\/#breadcrumb"},"inLanguage":"tr","potentialAction":[{"@type":"ReadAction","target":["https:\/\/www.purejewels.com\/product\/22ct-gold-floral-fancy-stud-earrings-44725\/"]}]},{"@type":"ImageObject","inLanguage":"tr","@id":"https:\/\/www.purejewels.com\/product\/22ct-gold-floral-fancy-stud-earrings-44725\/#primaryimage","url":"https:\/\/static.purejewels.com\/wp-content\/uploads\/2025\/07\/sku-44725.jpg","contentUrl":"https:\/\/static.purejewels.com\/wp-content\/uploads\/2025\/07\/sku-44725.jpg","width":1000,"height":1000,"caption":"22ct Gold Floral Fancy Stud Earrings"},{"@type":"BreadcrumbList","@id":"https:\/\/www.purejewels.com\/product\/22ct-gold-floral-fancy-stud-earrings-44725\/#breadcrumb","itemListElement":[{"@type":"ListItem","position":1,"name":"Home","item":"https:\/\/www.purejewels.com\/"},{"@type":"ListItem","position":2,"name":"Shop","item":"https:\/\/www.purejewels.com\/shop\/"},{"@type":"ListItem","position":3,"name":"22ct Gold Floral Fancy Stud Earrings"}]},{"@type":"WebSite","@id":"https:\/\/www.purejewels.com\/#website","url":"https:\/\/www.purejewels.com\/","name":"PureJewels \u0130ngiltere","description":"Sevgiyi Payla\u015f\u0131n","publisher":{"@id":"https:\/\/www.purejewels.com\/#organization"},"potentialAction":[{"@type":"SearchAction","target":{"@type":"EntryPoint","urlTemplate":"https:\/\/www.purejewels.com\/?s={search_term_string}"},"query-input":{"@type":"PropertyValueSpecification","valueRequired":true,"valueName":"search_term_string"}}],"inLanguage":"tr"},{"@type":"Organization","@id":"https:\/\/www.purejewels.com\/#organization","name":"PureJewels \u0130ngiltere","url":"https:\/\/www.purejewels.com\/","logo":{"@type":"ImageObject","inLanguage":"tr","@id":"https:\/\/www.purejewels.com\/#\/schema\/logo\/image\/","url":"https:\/\/static.purejewels.com\/wp-content\/uploads\/2020\/11\/Logo-PJ-New-1.png","contentUrl":"https:\/\/static.purejewels.com\/wp-content\/uploads\/2020\/11\/Logo-PJ-New-1.png","width":150,"height":80,"caption":"PureJewels UK"},"image":{"@id":"https:\/\/www.purejewels.com\/#\/schema\/logo\/image\/"}}]}},"_links":{"self":[{"href":"https:\/\/www.purejewels.com\/tr\/wp-json\/wp\/v2\/product\/404271","targetHints":{"allow":["GET"]}}],"collection":[{"href":"https:\/\/www.purejewels.com\/tr\/wp-json\/wp\/v2\/product"}],"about":[{"href":"https:\/\/www.purejewels.com\/tr\/wp-json\/wp\/v2\/types\/product"}],"replies":[{"embeddable":true,"href":"https:\/\/www.purejewels.com\/tr\/wp-json\/wp\/v2\/comments?post=404271"}],"version-history":[{"count":2,"href":"https:\/\/www.purejewels.com\/tr\/wp-json\/wp\/v2\/product\/404271\/revisions"}],"predecessor-version":[{"id":404300,"href":"https:\/\/www.purejewels.com\/tr\/wp-json\/wp\/v2\/product\/404271\/revisions\/404300"}],"wp:featuredmedia":[{"embeddable":true,"href":"https:\/\/www.purejewels.com\/tr\/wp-json\/wp\/v2\/media\/404273"}],"wp:attachment":[{"href":"https:\/\/www.purejewels.com\/tr\/wp-json\/wp\/v2\/media?parent=404271"}],"wp:term":[{"taxonomy":"product_brand","embeddable":true,"href":"https:\/\/www.purejewels.com\/tr\/wp-json\/wp\/v2\/product_brand?post=404271"},{"taxonomy":"product_cat","embeddable":true,"href":"https:\/\/www.purejewels.com\/tr\/wp-json\/wp\/v2\/product_cat?post=404271"},{"taxonomy":"product_tag","embeddable":true,"href":"https:\/\/www.purejewels.com\/tr\/wp-json\/wp\/v2\/product_tag?post=404271"}],"curies":[{"name":"wp","href":"https:\/\/api.w.org\/{rel}","templated":true}]}}