{"id":404342,"date":"2025-06-11T13:38:00","date_gmt":"2025-06-11T12:38:00","guid":{"rendered":"https:\/\/www.purejewels.com\/?post_type=product&#038;p=404342"},"modified":"2026-03-27T06:27:32","modified_gmt":"2026-03-27T06:27:32","slug":"22-ayar-altin-sal-motifli-yuzuk-p-%c2%bd-beden-46903","status":"publish","type":"product","link":"https:\/\/www.purejewels.com\/tr\/product\/22ct-gold-paisley-motif-ring-size-p-%c2%bd-46903\/","title":{"rendered":"22 Ayar Alt\u0131n Paisley Motifli Y\u00fcz\u00fck | P \u00bd Beden"},"content":{"rendered":"<p>Do\u011furganl\u0131\u011f\u0131n, yenilenmenin ve hay\u0131rl\u0131 ba\u015flang\u0131\u00e7lar\u0131n sembol\u00fc olan \u015fal, y\u00fczy\u0131llard\u0131r G\u00fcney Asya sanat\u0131n\u0131 ve m\u00fccevherlerini s\u00fcsl\u00fcyor. Saf 22 ayar alt\u0131ndan d\u00f6k\u00fclen Amra Damla Y\u00fcz\u00fck, bu mirasa modern ve yontulmu\u015f bir formda sayg\u0131 duru\u015funda bulunuyor.<\/p>","protected":false},"excerpt":{"rendered":"<p>\u015eal deseninden ilham alan ak\u0131c\u0131 bir motif, ince 22 ayar alt\u0131n bir band\u0131n \u00fczerinde zarif\u00e7e oturuyor. Klasik bir Hint tasar\u0131m\u0131n\u0131n \u00e7a\u011fda\u015f bir yorumu; zamans\u0131z, sembolik ve zahmetsizce tak\u0131labilir.<\/p>\n<p><strong>Malzeme:<\/strong>\u00a022 Ayar Alt\u0131n<br \/>\n<strong>Hallmark:<\/strong>\u00a0\u0130ngiliz Damgas\u0131<strong><br \/>\n<\/strong><strong>Br\u00fct A\u011f\u0131rl\u0131k: <\/strong>2.6 Gms<br \/>\n<strong>Boyut:<\/strong> P 1\/2<br \/>\n<strong>SKU<\/strong>: 46903<\/p>\n<p><strong>Fiyat ve Teslimat<\/strong>: KDV ve teslimat \u00fccretleri dahil<br \/>\n<a href=\"https:\/\/www.purejewels.com\/tr\/i%cc%87ade-poli%cc%87ti%cc%87kasi\/\">\u0130ade Politikas\u0131<\/a><\/p>","protected":false},"featured_media":404344,"comment_status":"closed","ping_status":"closed","template":"","meta":{"_eb_attr":"","_crsspst_to_jayantr4sg-hostcom":true},"product_brand":[],"product_cat":[1791,1559,1785,6190,1235,5343,1783,5347,1570,5338,1569,1573,1574,5349],"product_tag":[64],"class_list":{"0":"post-404342","1":"product","2":"type-product","3":"status-publish","4":"has-post-thumbnail","6":"product_cat-anniversary-gifts","7":"product_cat-birthday-gifts","8":"product_cat-daily-wear-rings","9":"product_cat-easter-jewellery","10":"product_cat-gold-rings","11":"product_cat-jewellery-under-550","12":"product_cat-ladies-rings","13":"product_cat-shop-by-metal","14":"product_cat-mothers-day-gifts","15":"product_cat-shop-by-price","16":"product_cat-valentine-day-gifts","17":"product_cat-wedding-gifts","18":"product_cat-womens-jewellery","19":"product_cat-yellow-gold-jewellery","20":"product_tag-rings","22":"first","23":"outofstock","24":"taxable","25":"shipping-taxable","26":"product-type-simple","27":"add-to-wishlist-before_image"},"yoast_head":"<!-- This site is optimized with the Yoast SEO plugin v27.3 - https:\/\/yoast.com\/product\/yoast-seo-wordpress\/ -->\n<title>22ct Gold Paisley Ring online at PureJewels UK<\/title>\n<meta name=\"description\" content=\"22ct gold ring featuring a teardrop-shaped paisley motif inspired by the traditional symbol. Lightweight this design bridges heritage with minimal elegance.\" \/>\n<meta name=\"robots\" content=\"index, follow, max-snippet:-1, max-image-preview:large, max-video-preview:-1\" \/>\n<link rel=\"canonical\" href=\"https:\/\/www.purejewels.com\/tr\/urun\/22-ayar-altin-sal-motifli-yuzuk-p-\u00bd-beden-46903\/\" \/>\n<meta property=\"og:locale\" content=\"tr_TR\" \/>\n<meta property=\"og:type\" content=\"article\" \/>\n<meta property=\"og:title\" content=\"22ct Gold Paisley Ring online at PureJewels UK\" \/>\n<meta property=\"og:description\" content=\"22ct gold ring featuring a teardrop-shaped paisley motif inspired by the traditional symbol. Lightweight this design bridges heritage with minimal elegance.\" \/>\n<meta property=\"og:url\" content=\"https:\/\/www.purejewels.com\/tr\/urun\/22-ayar-altin-sal-motifli-yuzuk-p-\u00bd-beden-46903\/\" \/>\n<meta property=\"og:site_name\" content=\"PureJewels UK\" \/>\n<meta property=\"article:modified_time\" content=\"2026-03-27T06:27:32+00:00\" \/>\n<meta property=\"og:image\" content=\"https:\/\/static.purejewels.com\/wp-content\/uploads\/2025\/07\/SKU-46903.1.jpg\" \/>\n\t<meta property=\"og:image:width\" content=\"1000\" \/>\n\t<meta property=\"og:image:height\" content=\"1000\" \/>\n\t<meta property=\"og:image:type\" content=\"image\/jpeg\" \/>\n<meta name=\"twitter:card\" content=\"summary_large_image\" \/>\n<meta name=\"twitter:label1\" content=\"Tahmini okuma s\u00fcresi\" \/>\n\t<meta name=\"twitter:data1\" content=\"1 dakika\" \/>\n<script type=\"application\/ld+json\" class=\"yoast-schema-graph\">{\"@context\":\"https:\\\/\\\/schema.org\",\"@graph\":[{\"@type\":[\"WebPage\",\"ItemPage\"],\"@id\":\"https:\\\/\\\/www.purejewels.com\\\/product\\\/22ct-gold-paisley-motif-ring-size-p-%c2%bd-46903\\\/\",\"url\":\"https:\\\/\\\/www.purejewels.com\\\/product\\\/22ct-gold-paisley-motif-ring-size-p-%c2%bd-46903\\\/\",\"name\":\"22ct Gold Paisley Ring online at PureJewels UK\",\"isPartOf\":{\"@id\":\"https:\\\/\\\/www.purejewels.com\\\/#website\"},\"primaryImageOfPage\":{\"@id\":\"https:\\\/\\\/www.purejewels.com\\\/product\\\/22ct-gold-paisley-motif-ring-size-p-%c2%bd-46903\\\/#primaryimage\"},\"image\":{\"@id\":\"https:\\\/\\\/www.purejewels.com\\\/product\\\/22ct-gold-paisley-motif-ring-size-p-%c2%bd-46903\\\/#primaryimage\"},\"thumbnailUrl\":\"https:\\\/\\\/static.purejewels.com\\\/wp-content\\\/uploads\\\/2025\\\/07\\\/SKU-46903.1.jpg\",\"datePublished\":\"2025-06-11T12:38:00+00:00\",\"dateModified\":\"2026-03-27T06:27:32+00:00\",\"description\":\"22ct gold ring featuring a teardrop-shaped paisley motif inspired by the traditional symbol. Lightweight this design bridges heritage with minimal elegance.\",\"breadcrumb\":{\"@id\":\"https:\\\/\\\/www.purejewels.com\\\/product\\\/22ct-gold-paisley-motif-ring-size-p-%c2%bd-46903\\\/#breadcrumb\"},\"inLanguage\":\"tr\",\"potentialAction\":[{\"@type\":\"ReadAction\",\"target\":[\"https:\\\/\\\/www.purejewels.com\\\/product\\\/22ct-gold-paisley-motif-ring-size-p-%c2%bd-46903\\\/\"]}]},{\"@type\":\"ImageObject\",\"inLanguage\":\"tr\",\"@id\":\"https:\\\/\\\/www.purejewels.com\\\/product\\\/22ct-gold-paisley-motif-ring-size-p-%c2%bd-46903\\\/#primaryimage\",\"url\":\"https:\\\/\\\/static.purejewels.com\\\/wp-content\\\/uploads\\\/2025\\\/07\\\/SKU-46903.1.jpg\",\"contentUrl\":\"https:\\\/\\\/static.purejewels.com\\\/wp-content\\\/uploads\\\/2025\\\/07\\\/SKU-46903.1.jpg\",\"width\":1000,\"height\":1000,\"caption\":\"Stacked from 5 images. Method=B (R=8,S=4)\"},{\"@type\":\"BreadcrumbList\",\"@id\":\"https:\\\/\\\/www.purejewels.com\\\/product\\\/22ct-gold-paisley-motif-ring-size-p-%c2%bd-46903\\\/#breadcrumb\",\"itemListElement\":[{\"@type\":\"ListItem\",\"position\":1,\"name\":\"Home\",\"item\":\"https:\\\/\\\/www.purejewels.com\\\/\"},{\"@type\":\"ListItem\",\"position\":2,\"name\":\"Shop\",\"item\":\"https:\\\/\\\/www.purejewels.com\\\/shop\\\/\"},{\"@type\":\"ListItem\",\"position\":3,\"name\":\"22ct Gold Paisley Motif Ring | Size P \u00bd\"}]},{\"@type\":\"WebSite\",\"@id\":\"https:\\\/\\\/www.purejewels.com\\\/#website\",\"url\":\"https:\\\/\\\/www.purejewels.com\\\/\",\"name\":\"PureJewels UK\",\"description\":\"Share the Love\",\"publisher\":{\"@id\":\"https:\\\/\\\/www.purejewels.com\\\/#organization\"},\"potentialAction\":[{\"@type\":\"SearchAction\",\"target\":{\"@type\":\"EntryPoint\",\"urlTemplate\":\"https:\\\/\\\/www.purejewels.com\\\/?s={search_term_string}\"},\"query-input\":{\"@type\":\"PropertyValueSpecification\",\"valueRequired\":true,\"valueName\":\"search_term_string\"}}],\"inLanguage\":\"tr\"},{\"@type\":\"Organization\",\"@id\":\"https:\\\/\\\/www.purejewels.com\\\/#organization\",\"name\":\"PureJewels UK\",\"url\":\"https:\\\/\\\/www.purejewels.com\\\/\",\"logo\":{\"@type\":\"ImageObject\",\"inLanguage\":\"tr\",\"@id\":\"https:\\\/\\\/www.purejewels.com\\\/#\\\/schema\\\/logo\\\/image\\\/\",\"url\":\"https:\\\/\\\/static.purejewels.com\\\/wp-content\\\/uploads\\\/2020\\\/11\\\/Logo-PJ-New-1.png\",\"contentUrl\":\"https:\\\/\\\/static.purejewels.com\\\/wp-content\\\/uploads\\\/2020\\\/11\\\/Logo-PJ-New-1.png\",\"width\":150,\"height\":80,\"caption\":\"PureJewels UK\"},\"image\":{\"@id\":\"https:\\\/\\\/www.purejewels.com\\\/#\\\/schema\\\/logo\\\/image\\\/\"}}]}<\/script>\n<!-- \/ Yoast SEO plugin. -->","yoast_head_json":{"title":"22 Ayar Alt\u0131n Paisley Y\u00fcz\u00fck PureJewels UK'de online","description":"22 ayar alt\u0131n y\u00fcz\u00fck, geleneksel sembolden ilham alan g\u00f6zya\u015f\u0131 damlas\u0131 \u015feklindeki \u015fal motifine sahiptir. Bu hafif tasar\u0131m, miras\u0131 minimal zarafetle birle\u015ftiriyor.","robots":{"index":"index","follow":"follow","max-snippet":"max-snippet:-1","max-image-preview":"max-image-preview:large","max-video-preview":"max-video-preview:-1"},"canonical":"https:\/\/www.purejewels.com\/tr\/urun\/22-ayar-altin-sal-motifli-yuzuk-p-\u00bd-beden-46903\/","og_locale":"tr_TR","og_type":"article","og_title":"22ct Gold Paisley Ring online at PureJewels UK","og_description":"22ct gold ring featuring a teardrop-shaped paisley motif inspired by the traditional symbol. Lightweight this design bridges heritage with minimal elegance.","og_url":"https:\/\/www.purejewels.com\/tr\/urun\/22-ayar-altin-sal-motifli-yuzuk-p-\u00bd-beden-46903\/","og_site_name":"PureJewels UK","article_modified_time":"2026-03-27T06:27:32+00:00","og_image":[{"width":1000,"height":1000,"url":"https:\/\/static.purejewels.com\/wp-content\/uploads\/2025\/07\/SKU-46903.1.jpg","type":"image\/jpeg"}],"twitter_card":"summary_large_image","twitter_misc":{"Tahmini okuma s\u00fcresi":"1 dakika"},"schema":{"@context":"https:\/\/schema.org","@graph":[{"@type":["WebPage","ItemPage"],"@id":"https:\/\/www.purejewels.com\/product\/22ct-gold-paisley-motif-ring-size-p-%c2%bd-46903\/","url":"https:\/\/www.purejewels.com\/product\/22ct-gold-paisley-motif-ring-size-p-%c2%bd-46903\/","name":"22 Ayar Alt\u0131n Paisley Y\u00fcz\u00fck PureJewels UK'de online","isPartOf":{"@id":"https:\/\/www.purejewels.com\/#website"},"primaryImageOfPage":{"@id":"https:\/\/www.purejewels.com\/product\/22ct-gold-paisley-motif-ring-size-p-%c2%bd-46903\/#primaryimage"},"image":{"@id":"https:\/\/www.purejewels.com\/product\/22ct-gold-paisley-motif-ring-size-p-%c2%bd-46903\/#primaryimage"},"thumbnailUrl":"https:\/\/static.purejewels.com\/wp-content\/uploads\/2025\/07\/SKU-46903.1.jpg","datePublished":"2025-06-11T12:38:00+00:00","dateModified":"2026-03-27T06:27:32+00:00","description":"22 ayar alt\u0131n y\u00fcz\u00fck, geleneksel sembolden ilham alan g\u00f6zya\u015f\u0131 damlas\u0131 \u015feklindeki \u015fal motifine sahiptir. Bu hafif tasar\u0131m, miras\u0131 minimal zarafetle birle\u015ftiriyor.","breadcrumb":{"@id":"https:\/\/www.purejewels.com\/product\/22ct-gold-paisley-motif-ring-size-p-%c2%bd-46903\/#breadcrumb"},"inLanguage":"tr","potentialAction":[{"@type":"ReadAction","target":["https:\/\/www.purejewels.com\/product\/22ct-gold-paisley-motif-ring-size-p-%c2%bd-46903\/"]}]},{"@type":"ImageObject","inLanguage":"tr","@id":"https:\/\/www.purejewels.com\/product\/22ct-gold-paisley-motif-ring-size-p-%c2%bd-46903\/#primaryimage","url":"https:\/\/static.purejewels.com\/wp-content\/uploads\/2025\/07\/SKU-46903.1.jpg","contentUrl":"https:\/\/static.purejewels.com\/wp-content\/uploads\/2025\/07\/SKU-46903.1.jpg","width":1000,"height":1000,"caption":"Stacked from 5 images. Method=B (R=8,S=4)"},{"@type":"BreadcrumbList","@id":"https:\/\/www.purejewels.com\/product\/22ct-gold-paisley-motif-ring-size-p-%c2%bd-46903\/#breadcrumb","itemListElement":[{"@type":"ListItem","position":1,"name":"Home","item":"https:\/\/www.purejewels.com\/"},{"@type":"ListItem","position":2,"name":"Shop","item":"https:\/\/www.purejewels.com\/shop\/"},{"@type":"ListItem","position":3,"name":"22ct Gold Paisley Motif Ring | Size P \u00bd"}]},{"@type":"WebSite","@id":"https:\/\/www.purejewels.com\/#website","url":"https:\/\/www.purejewels.com\/","name":"PureJewels \u0130ngiltere","description":"Sevgiyi Payla\u015f\u0131n","publisher":{"@id":"https:\/\/www.purejewels.com\/#organization"},"potentialAction":[{"@type":"SearchAction","target":{"@type":"EntryPoint","urlTemplate":"https:\/\/www.purejewels.com\/?s={search_term_string}"},"query-input":{"@type":"PropertyValueSpecification","valueRequired":true,"valueName":"search_term_string"}}],"inLanguage":"tr"},{"@type":"Organization","@id":"https:\/\/www.purejewels.com\/#organization","name":"PureJewels \u0130ngiltere","url":"https:\/\/www.purejewels.com\/","logo":{"@type":"ImageObject","inLanguage":"tr","@id":"https:\/\/www.purejewels.com\/#\/schema\/logo\/image\/","url":"https:\/\/static.purejewels.com\/wp-content\/uploads\/2020\/11\/Logo-PJ-New-1.png","contentUrl":"https:\/\/static.purejewels.com\/wp-content\/uploads\/2020\/11\/Logo-PJ-New-1.png","width":150,"height":80,"caption":"PureJewels UK"},"image":{"@id":"https:\/\/www.purejewels.com\/#\/schema\/logo\/image\/"}}]}},"_links":{"self":[{"href":"https:\/\/www.purejewels.com\/tr\/wp-json\/wp\/v2\/product\/404342","targetHints":{"allow":["GET"]}}],"collection":[{"href":"https:\/\/www.purejewels.com\/tr\/wp-json\/wp\/v2\/product"}],"about":[{"href":"https:\/\/www.purejewels.com\/tr\/wp-json\/wp\/v2\/types\/product"}],"replies":[{"embeddable":true,"href":"https:\/\/www.purejewels.com\/tr\/wp-json\/wp\/v2\/comments?post=404342"}],"version-history":[{"count":1,"href":"https:\/\/www.purejewels.com\/tr\/wp-json\/wp\/v2\/product\/404342\/revisions"}],"predecessor-version":[{"id":404346,"href":"https:\/\/www.purejewels.com\/tr\/wp-json\/wp\/v2\/product\/404342\/revisions\/404346"}],"wp:featuredmedia":[{"embeddable":true,"href":"https:\/\/www.purejewels.com\/tr\/wp-json\/wp\/v2\/media\/404344"}],"wp:attachment":[{"href":"https:\/\/www.purejewels.com\/tr\/wp-json\/wp\/v2\/media?parent=404342"}],"wp:term":[{"taxonomy":"product_brand","embeddable":true,"href":"https:\/\/www.purejewels.com\/tr\/wp-json\/wp\/v2\/product_brand?post=404342"},{"taxonomy":"product_cat","embeddable":true,"href":"https:\/\/www.purejewels.com\/tr\/wp-json\/wp\/v2\/product_cat?post=404342"},{"taxonomy":"product_tag","embeddable":true,"href":"https:\/\/www.purejewels.com\/tr\/wp-json\/wp\/v2\/product_tag?post=404342"}],"curies":[{"name":"wp","href":"https:\/\/api.w.org\/{rel}","templated":true}]}}