{"id":404586,"date":"2025-09-20T06:15:18","date_gmt":"2025-09-20T05:15:18","guid":{"rendered":"https:\/\/www.purejewels.com\/?post_type=product&#038;p=404586"},"modified":"2026-03-27T05:27:22","modified_gmt":"2026-03-27T05:27:22","slug":"armari-22-ayar-altin-v-sekli%cc%87nde-top-damlali-halka-52311","status":"publish","type":"product","link":"https:\/\/www.purejewels.com\/tr\/product\/armari-22ct-gold-v-shape-hoops-with-ball-drops-52311\/","title":{"rendered":"22 Ayar Alt\u0131n V \u015eeklinde Damlal\u0131 Halka"},"content":{"rendered":"<p data-start=\"1352\" data-end=\"1619\">Zarif ve karma\u015f\u0131k bir \u015fekilde detayland\u0131r\u0131lm\u0131\u015f <strong data-start=\"1390\" data-end=\"1440\">Armari 22 Ayar Alt\u0131n V-\u015eekilli Top Damlal\u0131 Halka<\/strong> geleneksel bir siluete zarif bir yakla\u015f\u0131m sunuyor. Saf 22 ayar sar\u0131 alt\u0131ndan \u00fcretilen V \u015feklindeki halka, zarif k\u0131vr\u0131mlar yaparak s\u00fcsl\u00fc \u00e7i\u00e7ek motifleri ve geometrik dokularla bezenmi\u015ftir.<\/p>\n<p data-start=\"1621\" data-end=\"1882\">Her bir kasna\u011f\u0131n alt\u0131nda as\u0131l\u0131 duran yumu\u015fak f\u0131r\u00e7alanm\u0131\u015f alt\u0131n top damla, ta\u00e7 yapra\u011f\u0131 benzeri bir ba\u015fl\u0131kla ta\u00e7land\u0131r\u0131larak nazik bir hareket ve son bir s\u00fcsleme katar. \u00c7ok y\u00f6nl\u00fcl\u00fck i\u00e7in tasarlanan bu k\u00fcpeler g\u00fcnl\u00fck \u015f\u0131kl\u0131k i\u00e7in yeterince hafif, bayramlarda tak\u0131lacak kadar da detayl\u0131d\u0131r.<\/p>\n<p data-start=\"1884\" data-end=\"2011\">Bu \u00e7ift, Armari Koleksiyonu'nun kendine \u00f6zg\u00fc ruhunu yans\u0131t\u0131r: klasik yap\u0131, s\u00fcsl\u00fc i\u015f\u00e7ilik ve kal\u0131c\u0131 g\u00fczellik.<\/p>\n<p data-start=\"0\" data-end=\"164\">Bu zarif 22 Ayar Alt\u0131n V-\u015eekilli Damlal\u0131 Halka, geleneksel cazibeyi zarif ve modern bir \u015fekil ile birle\u015ftirerek anneye bayram hediyesi olarak g\u00fczel bir se\u00e7imdir.<\/p>\n<p data-start=\"166\" data-end=\"309\" data-is-last-node=\"\" data-is-only-node=\"\">Zarif detaylar ve yumu\u015fak bir damla vurgusuyla zengin 22 ayar alt\u0131ndan \u00fcretilen bu \u00fcr\u00fcnler, her bayram tak\u0131p de\u011fer verebilece\u011fi anlaml\u0131 bir par\u00e7a.<\/p>\n<p data-start=\"2013\" data-end=\"2025\"><strong data-start=\"2013\" data-end=\"2025\">Detaylar:<\/strong><\/p>\n<ul data-start=\"2026\" data-end=\"2322\">\n<li data-start=\"2026\" data-end=\"2052\">\n<p data-start=\"2028\" data-end=\"2052\"><strong data-start=\"2028\" data-end=\"2043\">Koleksiyon:<\/strong> Armari<\/p>\n<\/li>\n<li data-start=\"2053\" data-end=\"2084\">\n<p data-start=\"2055\" data-end=\"2084\"><strong data-start=\"2055\" data-end=\"2065\">Metal:<\/strong> 22 Ayar Sar\u0131 Alt\u0131n<\/p>\n<\/li>\n<li data-start=\"2143\" data-end=\"2190\">\n<p data-start=\"2145\" data-end=\"2190\"><strong data-start=\"2145\" data-end=\"2155\">Stil:<\/strong> Top Damlal\u0131kl\u0131 V-\u015eekilli \u00c7emberler<\/p>\n<\/li>\n<li data-start=\"2249\" data-end=\"2291\">\n<p data-start=\"2251\" data-end=\"2291\"><strong data-start=\"2251\" data-end=\"2264\">Hallmark:<\/strong>\u00a0 Londra Tahlil Ofisi<\/p>\n<\/li>\n<\/ul>","protected":false},"excerpt":{"rendered":"<p>Armari Koleksiyonumuzdan zarafet, denge ve zamans\u0131z bir \u00e7ekicilik i\u00e7in haz\u0131rlanm\u0131\u015f, s\u00fcsl\u00fc bir \u015fekilde oyulmu\u015f 22 ayar alt\u0131n V \u015feklinde bilyeli halkalar.<\/p>\n<p><strong>Malzeme:<\/strong>\u00a022 Ayar G\u00fcndo\u011fumu Alt\u0131n<br \/>\n<strong>Safl\u0131k:<\/strong>\u00a091.6% som alt\u0131n<br \/>\n<strong>Hallmark:<\/strong>\u00a0\u0130ngiliz Damgas\u0131<br \/>\n<strong>SKU:<\/strong> 52311, 52310<br \/>\n<strong>A\u011f\u0131rl\u0131k:<\/strong> 5.28 Gms<\/p>\n<p><strong>Fiyat ve Teslimat:<\/strong>\u00a0KDV ve teslimat \u00fccretleri dahil<br \/>\n<a href=\"https:\/\/www.purejewels.com\/tr\/i%cc%87ade-poli%cc%87ti%cc%87kasi\/\"><strong>\u0130ade Politikas\u0131<\/strong><\/a><\/p>\n<p>&nbsp;<\/p>","protected":false},"featured_media":404587,"comment_status":"closed","ping_status":"closed","template":"","meta":{"_eb_attr":"","_crsspst_to_jayantr4sg-hostcom":false},"product_brand":[],"product_cat":[1791,245,5639,6145,1254,1229,1579,1574],"product_tag":[66,5702],"class_list":{"0":"post-404586","1":"product","2":"type-product","3":"status-publish","4":"has-post-thumbnail","6":"product_cat-anniversary-gifts","7":"product_cat-armari-collections","8":"product_cat-armari-earring","9":"product_cat-armari-hoop-earring","10":"product_cat-gold-earrings","11":"product_cat-22ct-gold-jewellery","12":"product_cat-hoop-earrings","13":"product_cat-womens-jewellery","14":"product_tag-earrings","15":"product_tag-hoop-earring","17":"first","18":"instock","19":"taxable","20":"shipping-taxable","21":"purchasable","22":"product-type-simple","23":"add-to-wishlist-before_image"},"yoast_head":"<!-- This site is optimized with the Yoast SEO plugin v27.5 - https:\/\/yoast.com\/product\/yoast-seo-wordpress\/ -->\n<title>Armari 22ct V-Shape Gold Hoop Earrings with Ball Drops<\/title>\n<meta name=\"description\" content=\"Discover 22ct V-shape gold hoop earrings from the Armari collection, adorned with floral carving and ball droppers. Elegant and timeless Indian design.\" \/>\n<meta name=\"robots\" content=\"index, follow, max-snippet:-1, max-image-preview:large, max-video-preview:-1\" \/>\n<link rel=\"canonical\" href=\"https:\/\/www.purejewels.com\/tr\/urun\/armari-22-ayar-altin-v-sekli\u0307nde-top-damlali-halka-52311\/\" \/>\n<meta property=\"og:locale\" content=\"tr_TR\" \/>\n<meta property=\"og:type\" content=\"article\" \/>\n<meta property=\"og:title\" content=\"Armari 22ct V-Shape Gold Hoop Earrings with Ball Drops\" \/>\n<meta property=\"og:description\" content=\"Discover 22ct V-shape gold hoop earrings from the Armari collection, adorned with floral carving and ball droppers. Elegant and timeless Indian design.\" \/>\n<meta property=\"og:url\" content=\"https:\/\/www.purejewels.com\/tr\/urun\/armari-22-ayar-altin-v-sekli\u0307nde-top-damlali-halka-52311\/\" \/>\n<meta property=\"og:site_name\" content=\"PureJewels UK\" \/>\n<meta property=\"article:modified_time\" content=\"2026-03-27T05:27:22+00:00\" \/>\n<meta property=\"og:image\" content=\"https:\/\/static.purejewels.com\/wp-content\/uploads\/2025\/07\/SKU-52310.1.jpg\" \/>\n\t<meta property=\"og:image:width\" content=\"1000\" \/>\n\t<meta property=\"og:image:height\" content=\"1000\" \/>\n\t<meta property=\"og:image:type\" content=\"image\/jpeg\" \/>\n<meta name=\"twitter:card\" content=\"summary_large_image\" \/>\n<meta name=\"twitter:label1\" content=\"Tahmini okuma s\u00fcresi\" \/>\n\t<meta name=\"twitter:data1\" content=\"1 dakika\" \/>\n<script type=\"application\/ld+json\" class=\"yoast-schema-graph\">{\"@context\":\"https:\\\/\\\/schema.org\",\"@graph\":[{\"@type\":[\"WebPage\",\"ItemPage\"],\"@id\":\"https:\\\/\\\/www.purejewels.com\\\/product\\\/armari-22ct-gold-v-shape-hoops-with-ball-drops-52311\\\/\",\"url\":\"https:\\\/\\\/www.purejewels.com\\\/product\\\/armari-22ct-gold-v-shape-hoops-with-ball-drops-52311\\\/\",\"name\":\"Armari 22ct V-Shape Gold Hoop Earrings with Ball Drops\",\"isPartOf\":{\"@id\":\"https:\\\/\\\/www.purejewels.com\\\/#website\"},\"primaryImageOfPage\":{\"@id\":\"https:\\\/\\\/www.purejewels.com\\\/product\\\/armari-22ct-gold-v-shape-hoops-with-ball-drops-52311\\\/#primaryimage\"},\"image\":{\"@id\":\"https:\\\/\\\/www.purejewels.com\\\/product\\\/armari-22ct-gold-v-shape-hoops-with-ball-drops-52311\\\/#primaryimage\"},\"thumbnailUrl\":\"https:\\\/\\\/static.purejewels.com\\\/wp-content\\\/uploads\\\/2025\\\/07\\\/SKU-52310.1.jpg\",\"datePublished\":\"2025-09-20T05:15:18+00:00\",\"dateModified\":\"2026-03-27T05:27:22+00:00\",\"description\":\"Discover 22ct V-shape gold hoop earrings from the Armari collection, adorned with floral carving and ball droppers. Elegant and timeless Indian design.\",\"breadcrumb\":{\"@id\":\"https:\\\/\\\/www.purejewels.com\\\/product\\\/armari-22ct-gold-v-shape-hoops-with-ball-drops-52311\\\/#breadcrumb\"},\"inLanguage\":\"tr\",\"potentialAction\":[{\"@type\":\"ReadAction\",\"target\":[\"https:\\\/\\\/www.purejewels.com\\\/product\\\/armari-22ct-gold-v-shape-hoops-with-ball-drops-52311\\\/\"]}]},{\"@type\":\"ImageObject\",\"inLanguage\":\"tr\",\"@id\":\"https:\\\/\\\/www.purejewels.com\\\/product\\\/armari-22ct-gold-v-shape-hoops-with-ball-drops-52311\\\/#primaryimage\",\"url\":\"https:\\\/\\\/static.purejewels.com\\\/wp-content\\\/uploads\\\/2025\\\/07\\\/SKU-52310.1.jpg\",\"contentUrl\":\"https:\\\/\\\/static.purejewels.com\\\/wp-content\\\/uploads\\\/2025\\\/07\\\/SKU-52310.1.jpg\",\"width\":1000,\"height\":1000,\"caption\":\"52311\"},{\"@type\":\"BreadcrumbList\",\"@id\":\"https:\\\/\\\/www.purejewels.com\\\/product\\\/armari-22ct-gold-v-shape-hoops-with-ball-drops-52311\\\/#breadcrumb\",\"itemListElement\":[{\"@type\":\"ListItem\",\"position\":1,\"name\":\"Home\",\"item\":\"https:\\\/\\\/www.purejewels.com\\\/\"},{\"@type\":\"ListItem\",\"position\":2,\"name\":\"Shop\",\"item\":\"https:\\\/\\\/www.purejewels.com\\\/shop\\\/\"},{\"@type\":\"ListItem\",\"position\":3,\"name\":\"22ct Gold V-Shape Hoops with Drop\"}]},{\"@type\":\"WebSite\",\"@id\":\"https:\\\/\\\/www.purejewels.com\\\/#website\",\"url\":\"https:\\\/\\\/www.purejewels.com\\\/\",\"name\":\"PureJewels UK\",\"description\":\"Share the Love\",\"publisher\":{\"@id\":\"https:\\\/\\\/www.purejewels.com\\\/#organization\"},\"potentialAction\":[{\"@type\":\"SearchAction\",\"target\":{\"@type\":\"EntryPoint\",\"urlTemplate\":\"https:\\\/\\\/www.purejewels.com\\\/?s={search_term_string}\"},\"query-input\":{\"@type\":\"PropertyValueSpecification\",\"valueRequired\":true,\"valueName\":\"search_term_string\"}}],\"inLanguage\":\"tr\"},{\"@type\":\"Organization\",\"@id\":\"https:\\\/\\\/www.purejewels.com\\\/#organization\",\"name\":\"PureJewels UK\",\"url\":\"https:\\\/\\\/www.purejewels.com\\\/\",\"logo\":{\"@type\":\"ImageObject\",\"inLanguage\":\"tr\",\"@id\":\"https:\\\/\\\/www.purejewels.com\\\/#\\\/schema\\\/logo\\\/image\\\/\",\"url\":\"https:\\\/\\\/static.purejewels.com\\\/wp-content\\\/uploads\\\/2020\\\/11\\\/Logo-PJ-New-1.png\",\"contentUrl\":\"https:\\\/\\\/static.purejewels.com\\\/wp-content\\\/uploads\\\/2020\\\/11\\\/Logo-PJ-New-1.png\",\"width\":150,\"height\":80,\"caption\":\"PureJewels UK\"},\"image\":{\"@id\":\"https:\\\/\\\/www.purejewels.com\\\/#\\\/schema\\\/logo\\\/image\\\/\"}}]}<\/script>\n<!-- \/ Yoast SEO plugin. -->","yoast_head_json":{"title":"Armari 22 Ayar V \u015eeklinde Top Damlal\u0131 Alt\u0131n Halka K\u00fcpe","description":"Armari koleksiyonundan, \u00e7i\u00e7ek oymalar\u0131 ve top damlal\u0131klarla s\u00fcslenmi\u015f 22 ayar V \u015feklinde alt\u0131n halka k\u00fcpeleri ke\u015ffedin. Zarif ve zamans\u0131z Hint tasar\u0131m\u0131.","robots":{"index":"index","follow":"follow","max-snippet":"max-snippet:-1","max-image-preview":"max-image-preview:large","max-video-preview":"max-video-preview:-1"},"canonical":"https:\/\/www.purejewels.com\/tr\/urun\/armari-22-ayar-altin-v-sekli\u0307nde-top-damlali-halka-52311\/","og_locale":"tr_TR","og_type":"article","og_title":"Armari 22ct V-Shape Gold Hoop Earrings with Ball Drops","og_description":"Discover 22ct V-shape gold hoop earrings from the Armari collection, adorned with floral carving and ball droppers. Elegant and timeless Indian design.","og_url":"https:\/\/www.purejewels.com\/tr\/urun\/armari-22-ayar-altin-v-sekli\u0307nde-top-damlali-halka-52311\/","og_site_name":"PureJewels UK","article_modified_time":"2026-03-27T05:27:22+00:00","og_image":[{"width":1000,"height":1000,"url":"https:\/\/static.purejewels.com\/wp-content\/uploads\/2025\/07\/SKU-52310.1.jpg","type":"image\/jpeg"}],"twitter_card":"summary_large_image","twitter_misc":{"Tahmini okuma s\u00fcresi":"1 dakika"},"schema":{"@context":"https:\/\/schema.org","@graph":[{"@type":["WebPage","ItemPage"],"@id":"https:\/\/www.purejewels.com\/product\/armari-22ct-gold-v-shape-hoops-with-ball-drops-52311\/","url":"https:\/\/www.purejewels.com\/product\/armari-22ct-gold-v-shape-hoops-with-ball-drops-52311\/","name":"Armari 22 Ayar V \u015eeklinde Top Damlal\u0131 Alt\u0131n Halka K\u00fcpe","isPartOf":{"@id":"https:\/\/www.purejewels.com\/#website"},"primaryImageOfPage":{"@id":"https:\/\/www.purejewels.com\/product\/armari-22ct-gold-v-shape-hoops-with-ball-drops-52311\/#primaryimage"},"image":{"@id":"https:\/\/www.purejewels.com\/product\/armari-22ct-gold-v-shape-hoops-with-ball-drops-52311\/#primaryimage"},"thumbnailUrl":"https:\/\/static.purejewels.com\/wp-content\/uploads\/2025\/07\/SKU-52310.1.jpg","datePublished":"2025-09-20T05:15:18+00:00","dateModified":"2026-03-27T05:27:22+00:00","description":"Armari koleksiyonundan, \u00e7i\u00e7ek oymalar\u0131 ve top damlal\u0131klarla s\u00fcslenmi\u015f 22 ayar V \u015feklinde alt\u0131n halka k\u00fcpeleri ke\u015ffedin. Zarif ve zamans\u0131z Hint tasar\u0131m\u0131.","breadcrumb":{"@id":"https:\/\/www.purejewels.com\/product\/armari-22ct-gold-v-shape-hoops-with-ball-drops-52311\/#breadcrumb"},"inLanguage":"tr","potentialAction":[{"@type":"ReadAction","target":["https:\/\/www.purejewels.com\/product\/armari-22ct-gold-v-shape-hoops-with-ball-drops-52311\/"]}]},{"@type":"ImageObject","inLanguage":"tr","@id":"https:\/\/www.purejewels.com\/product\/armari-22ct-gold-v-shape-hoops-with-ball-drops-52311\/#primaryimage","url":"https:\/\/static.purejewels.com\/wp-content\/uploads\/2025\/07\/SKU-52310.1.jpg","contentUrl":"https:\/\/static.purejewels.com\/wp-content\/uploads\/2025\/07\/SKU-52310.1.jpg","width":1000,"height":1000,"caption":"52311"},{"@type":"BreadcrumbList","@id":"https:\/\/www.purejewels.com\/product\/armari-22ct-gold-v-shape-hoops-with-ball-drops-52311\/#breadcrumb","itemListElement":[{"@type":"ListItem","position":1,"name":"Home","item":"https:\/\/www.purejewels.com\/"},{"@type":"ListItem","position":2,"name":"Shop","item":"https:\/\/www.purejewels.com\/shop\/"},{"@type":"ListItem","position":3,"name":"22ct Gold V-Shape Hoops with Drop"}]},{"@type":"WebSite","@id":"https:\/\/www.purejewels.com\/#website","url":"https:\/\/www.purejewels.com\/","name":"PureJewels \u0130ngiltere","description":"Sevgiyi Payla\u015f\u0131n","publisher":{"@id":"https:\/\/www.purejewels.com\/#organization"},"potentialAction":[{"@type":"SearchAction","target":{"@type":"EntryPoint","urlTemplate":"https:\/\/www.purejewels.com\/?s={search_term_string}"},"query-input":{"@type":"PropertyValueSpecification","valueRequired":true,"valueName":"search_term_string"}}],"inLanguage":"tr"},{"@type":"Organization","@id":"https:\/\/www.purejewels.com\/#organization","name":"PureJewels \u0130ngiltere","url":"https:\/\/www.purejewels.com\/","logo":{"@type":"ImageObject","inLanguage":"tr","@id":"https:\/\/www.purejewels.com\/#\/schema\/logo\/image\/","url":"https:\/\/static.purejewels.com\/wp-content\/uploads\/2020\/11\/Logo-PJ-New-1.png","contentUrl":"https:\/\/static.purejewels.com\/wp-content\/uploads\/2020\/11\/Logo-PJ-New-1.png","width":150,"height":80,"caption":"PureJewels UK"},"image":{"@id":"https:\/\/www.purejewels.com\/#\/schema\/logo\/image\/"}}]}},"_links":{"self":[{"href":"https:\/\/www.purejewels.com\/tr\/wp-json\/wp\/v2\/product\/404586","targetHints":{"allow":["GET"]}}],"collection":[{"href":"https:\/\/www.purejewels.com\/tr\/wp-json\/wp\/v2\/product"}],"about":[{"href":"https:\/\/www.purejewels.com\/tr\/wp-json\/wp\/v2\/types\/product"}],"replies":[{"embeddable":true,"href":"https:\/\/www.purejewels.com\/tr\/wp-json\/wp\/v2\/comments?post=404586"}],"version-history":[{"count":3,"href":"https:\/\/www.purejewels.com\/tr\/wp-json\/wp\/v2\/product\/404586\/revisions"}],"predecessor-version":[{"id":426271,"href":"https:\/\/www.purejewels.com\/tr\/wp-json\/wp\/v2\/product\/404586\/revisions\/426271"}],"wp:featuredmedia":[{"embeddable":true,"href":"https:\/\/www.purejewels.com\/tr\/wp-json\/wp\/v2\/media\/404587"}],"wp:attachment":[{"href":"https:\/\/www.purejewels.com\/tr\/wp-json\/wp\/v2\/media?parent=404586"}],"wp:term":[{"taxonomy":"product_brand","embeddable":true,"href":"https:\/\/www.purejewels.com\/tr\/wp-json\/wp\/v2\/product_brand?post=404586"},{"taxonomy":"product_cat","embeddable":true,"href":"https:\/\/www.purejewels.com\/tr\/wp-json\/wp\/v2\/product_cat?post=404586"},{"taxonomy":"product_tag","embeddable":true,"href":"https:\/\/www.purejewels.com\/tr\/wp-json\/wp\/v2\/product_tag?post=404586"}],"curies":[{"name":"wp","href":"https:\/\/api.w.org\/{rel}","templated":true}]}}