{"id":404604,"date":"2025-08-02T08:17:25","date_gmt":"2025-08-02T07:17:25","guid":{"rendered":"https:\/\/www.purejewels.com\/?post_type=product&#038;p=404604"},"modified":"2026-01-22T08:20:32","modified_gmt":"2026-01-22T08:20:32","slug":"armari-22-ayar-altin-geleneksel-jhumkha-kupe-51435","status":"publish","type":"product","link":"https:\/\/www.purejewels.com\/tr\/product\/armari-22ct-gold-traditional-jhumkha-earrings-51435\/","title":{"rendered":"22 Ayar Alt\u0131n Geleneksel Jhumkha K\u00fcpe"},"content":{"rendered":"<p>Geometrik \u00e7i\u00e7ek motiflerine d\u00f6n\u00fc\u015fen karma\u015f\u0131k kafes i\u015f\u00e7ili\u011fine sahip Armari 22 Ayar Alt\u0131n Jhumkha K\u00fcpe ile cesareti kutlay\u0131n. S\u0131cak antika cilas\u0131yla tamamlanan ve \u00f6zg\u00fcnl\u00fck damgas\u0131 ta\u015f\u0131yan bu kubbe \u015feklindeki damlalar zamans\u0131z Hint cazibesiyle sal\u0131n\u0131yor - hayat\u0131n en unutulmaz g\u00fcnleri i\u00e7in m\u00fckemmel.<\/p>\n<p>Armari Koleksiyonu SSS - K\u00fcpelerinizin Arkas\u0131ndaki Hikayeyi Ke\u015ffedin<\/p>\n<details>\n<summary><strong>1. Armari Koleksiyonu'nun arkas\u0131ndaki ilham kayna\u011f\u0131 nedir?<\/strong><\/summary>\n<p>Armari Koleksiyonu cesareti ve korkusuz olman\u0131n g\u00fczelli\u011fini kutluyor. Her tasar\u0131m, g\u00fc\u00e7 ve kuvveti simgeleyen geometrik \u00e7i\u00e7ek motiflerine d\u00f6n\u00fc\u015fen karma\u015f\u0131k kafes yap\u0131lara sahiptir.<\/p>\n<\/details>\n<details>\n<summary><strong>2. Bu k\u00fcpeler i\u00e7in ne t\u00fcr alt\u0131n kullan\u0131l\u0131yor?<\/strong><\/summary>\n<p>91,6% safl\u0131kta 22 ayar alt\u0131ndan \u00fcretilmi\u015ftir ve orijinalli\u011fi Londra Assay Office taraf\u0131ndan damgalanm\u0131\u015ft\u0131r.<\/p>\n<\/details>\n<details>\n<summary><strong>3. Bu jhumkha k\u00fcpelerinin cilas\u0131 nedir?<\/strong><\/summary>\n<p>Bu k\u00fcpeler, kabartmal\u0131 detaylar\u0131 zenginle\u015ftiren ve onlara s\u0131cak, mirastan ilham alan bir karakter kazand\u0131ran geleneksel antika bir kaplamaya sahiptir.<\/p>\n<\/details>\n<details>\n<summary><strong>4. Bu k\u00fcpeler g\u00fcnl\u00fck kullan\u0131m i\u00e7in uygun mu?<\/strong><\/summary>\n<p>Zarafetlerinin ve i\u015f\u00e7iliklerinin ger\u00e7ekten takdir edilebilece\u011fi \u00f6zel g\u00fcnler, d\u00fc\u011f\u00fcnler ve k\u00fclt\u00fcrel kutlamalar i\u00e7in en uygun olanlard\u0131r.<\/p>\n<\/details>\n<details>\n<summary><strong>5. Bu k\u00fcpelerin a\u011f\u0131rl\u0131\u011f\u0131 ne kadar?<\/strong><\/summary>\n<p>Bu \u00e7iftin br\u00fct a\u011f\u0131rl\u0131\u011f\u0131 7,30 gramd\u0131r.<\/p>\n<\/details>\n<details>\n<summary><strong>6. Sat\u0131n alma i\u015flemimle birlikte bir damga sertifikas\u0131 alacak m\u0131y\u0131m?<\/strong><\/summary>\n<p>Evet, her par\u00e7a \u0130ngiltere'de damgalanm\u0131\u015ft\u0131r ve kalite g\u00fcvencesi i\u00e7in uygun damga damgas\u0131yla birlikte teslim edilecektir.<\/p>\n<\/details>\n<details>\n<summary><strong>7. Bu k\u00fcpeler nas\u0131l paketlenecek?<\/strong><\/summary>\n<p>K\u00fcpeleriniz, PureJewels imzal\u0131 sunum kutumuzda gelecek ve hediye etmek i\u00e7in ideal olacakt\u0131r. T\u00fcm ambalajlar markam\u0131z\u0131n zarafetini ve \u00f6zenini yans\u0131tacak \u015fekilde tasarlanm\u0131\u015ft\u0131r.<\/p>\n<\/details>\n<details>\n<summary><strong>8. Teslimat fiyata dahil mi?<\/strong><\/summary>\n<p>Evet, listelenen fiyata KDV ve g\u00fcvenli Birle\u015fik Krall\u0131k teslimat\u0131 dahildir. Uluslararas\u0131 g\u00f6nderim i\u00e7in ek \u00fccret uygulanabilir.<\/p>\n<\/details>\n<details>\n<summary><strong>9. Sat\u0131n almadan \u00f6nce \u00fcr\u00fcn\u00fcn videosunu g\u00f6rebilir miyim?<\/strong><\/summary>\n<p>Kesinlikle. Ekibimizle WhatsApp \u00fczerinden ileti\u015fime ge\u00e7ebilirsiniz; sat\u0131n alma i\u015fleminizi ger\u00e7ekle\u015ftirmeden \u00f6nce ince i\u015f\u00e7ili\u011fi takdir etmenize yard\u0131mc\u0131 olmak i\u00e7in yak\u0131n \u00e7ekim videolar ve g\u00f6r\u00fcnt\u00fcler payla\u015fmaktan memnuniyet duyar\u0131z.<\/p>\n<\/details>\n<details>\n<summary><strong>10. Antika kaplama alt\u0131n tak\u0131lar\u0131m\u0131n bak\u0131m\u0131n\u0131 nas\u0131l yapar\u0131m?<\/strong><\/summary>\n<p>Antika cilay\u0131 korumak i\u00e7in her kullan\u0131mdan sonra k\u00fcpelerinizi yumu\u015fak, kuru bir bezle nazik\u00e7e silin. Sert kimyasallardan veya ultrasonik temizlikten ka\u00e7\u0131n\u0131n. Profesyonel bir vale i\u00e7in showroomumuz uzman temizlik hizmetleri sunmaktad\u0131r.<\/p>\n<\/details>","protected":false},"excerpt":{"rendered":"<div class=\"woocommerce-product-details__short-description\">Armari Koleksiyonu jhumkha k\u00fcpelerimizle cesareti ve zamans\u0131z g\u00fczelli\u011fi kutlay\u0131n. \u0130ngiliz damgal\u0131 22 ayar alt\u0131ndan \u00fcretilen her bir par\u00e7a, geometrik \u00e7i\u00e7ek motiflerine akan karma\u015f\u0131k kafes i\u015f\u00e7ili\u011fine sahiptir ve mirastan ilham alan antika bir cila ile tamamlanm\u0131\u015ft\u0131r. Kubbe \u015feklindeki damlalar zarif\u00e7e sal\u0131narak klasik Hint tasar\u0131m\u0131n\u0131n cazibesini yakal\u0131yor.<\/div>\n<div>\n<p><strong>Malzeme:<\/strong> 22 Ayar Alt\u0131n (91,6% Safl\u0131kta)<br \/>\n<strong>Biti\u015f<\/strong>: Antik Kaplama<br \/>\n<strong>Hallmark:<\/strong>\u00a0\u0130ngiliz Damgas\u0131<br \/>\n<strong>SKU:<\/strong> 51435<br \/>\n<strong>Br\u00fct A\u011f\u0131rl\u0131k:<\/strong> 7.30 Gms<br data-start=\"779\" data-end=\"782\" \/><strong data-start=\"782\" data-end=\"799\">\u015eunlar i\u00e7in uygundur:<\/strong> \u00d6zel g\u00fcn giyimi<\/p>\n<p><strong>Fiyat ve Teslimat:<\/strong>\u00a0KDV ve teslimat \u00fccretleri dahil<br \/>\n<a href=\"https:\/\/www.purejewels.com\/tr\/i%cc%87ade-poli%cc%87ti%cc%87kasi\/\"><strong>\u0130ade Politikas\u0131<\/strong><\/a><\/p>\n<\/div>\n<div class=\"btn-atc atc-slide\"><\/div>\n<div class=\"product_meta\"><\/div>","protected":false},"featured_media":404607,"comment_status":"closed","ping_status":"closed","template":"","meta":{"_eb_attr":"","_crsspst_to_jayantr4sg-hostcom":false},"product_brand":[],"product_cat":[1791,245,5639,6139,236,5701,1792,1254,1229,1578,1573,1574,5349],"product_tag":[66],"class_list":{"0":"post-404604","1":"product","2":"type-product","3":"status-publish","4":"has-post-thumbnail","6":"product_cat-anniversary-gifts","7":"product_cat-armari-collections","8":"product_cat-armari-earring","9":"product_cat-armari-jhumka-earring","10":"product_cat-collections","11":"product_cat-eid-jewellery","12":"product_cat-festival-gifts","13":"product_cat-gold-earrings","14":"product_cat-22ct-gold-jewellery","15":"product_cat-jhumkha-earrings","16":"product_cat-wedding-gifts","17":"product_cat-womens-jewellery","18":"product_cat-yellow-gold-jewellery","19":"product_tag-earrings","21":"first","22":"outofstock","23":"taxable","24":"shipping-taxable","25":"product-type-simple","26":"add-to-wishlist-before_image"},"yoast_head":"<!-- This site is optimized with the Yoast SEO plugin v27.3 - https:\/\/yoast.com\/product\/yoast-seo-wordpress\/ -->\n<title>Armari 22ct Gold Jhumkha Earrings | PureJewels London<\/title>\n<meta name=\"description\" content=\"Explore Armari 22ct Gold Jhumkha Earrings in 7.3g. A classic Indian bell design with floral accents and graceful movement. Crafted with timeless elegance.\" \/>\n<meta name=\"robots\" content=\"index, follow, max-snippet:-1, max-image-preview:large, max-video-preview:-1\" \/>\n<link rel=\"canonical\" href=\"https:\/\/www.purejewels.com\/tr\/urun\/armari-22-ayar-altin-geleneksel-jhumkha-kupe-51435\/\" \/>\n<meta property=\"og:locale\" content=\"tr_TR\" \/>\n<meta property=\"og:type\" content=\"article\" \/>\n<meta property=\"og:title\" content=\"Armari 22ct Gold Jhumkha Earrings | PureJewels London\" \/>\n<meta property=\"og:description\" content=\"Explore Armari 22ct Gold Jhumkha Earrings in 7.3g. A classic Indian bell design with floral accents and graceful movement. Crafted with timeless elegance.\" \/>\n<meta property=\"og:url\" content=\"https:\/\/www.purejewels.com\/tr\/urun\/armari-22-ayar-altin-geleneksel-jhumkha-kupe-51435\/\" \/>\n<meta property=\"og:site_name\" content=\"PureJewels UK\" \/>\n<meta property=\"article:modified_time\" content=\"2026-01-22T08:20:32+00:00\" \/>\n<meta property=\"og:image\" content=\"https:\/\/static.purejewels.com\/wp-content\/uploads\/2025\/07\/SKU-51435.jpg\" \/>\n\t<meta property=\"og:image:width\" content=\"1000\" \/>\n\t<meta property=\"og:image:height\" content=\"1000\" \/>\n\t<meta property=\"og:image:type\" content=\"image\/jpeg\" \/>\n<meta name=\"twitter:card\" content=\"summary_large_image\" \/>\n<meta name=\"twitter:label1\" content=\"Tahmini okuma s\u00fcresi\" \/>\n\t<meta name=\"twitter:data1\" content=\"2 dakika\" \/>\n<script type=\"application\/ld+json\" class=\"yoast-schema-graph\">{\"@context\":\"https:\\\/\\\/schema.org\",\"@graph\":[{\"@type\":[\"WebPage\",\"ItemPage\"],\"@id\":\"https:\\\/\\\/www.purejewels.com\\\/product\\\/armari-22ct-gold-traditional-jhumkha-earrings-51435\\\/\",\"url\":\"https:\\\/\\\/www.purejewels.com\\\/product\\\/armari-22ct-gold-traditional-jhumkha-earrings-51435\\\/\",\"name\":\"Armari 22ct Gold Jhumkha Earrings | PureJewels London\",\"isPartOf\":{\"@id\":\"https:\\\/\\\/www.purejewels.com\\\/#website\"},\"primaryImageOfPage\":{\"@id\":\"https:\\\/\\\/www.purejewels.com\\\/product\\\/armari-22ct-gold-traditional-jhumkha-earrings-51435\\\/#primaryimage\"},\"image\":{\"@id\":\"https:\\\/\\\/www.purejewels.com\\\/product\\\/armari-22ct-gold-traditional-jhumkha-earrings-51435\\\/#primaryimage\"},\"thumbnailUrl\":\"https:\\\/\\\/static.purejewels.com\\\/wp-content\\\/uploads\\\/2025\\\/07\\\/SKU-51435.jpg\",\"datePublished\":\"2025-08-02T07:17:25+00:00\",\"dateModified\":\"2026-01-22T08:20:32+00:00\",\"description\":\"Explore Armari 22ct Gold Jhumkha Earrings in 7.3g. A classic Indian bell design with floral accents and graceful movement. Crafted with timeless elegance.\",\"breadcrumb\":{\"@id\":\"https:\\\/\\\/www.purejewels.com\\\/product\\\/armari-22ct-gold-traditional-jhumkha-earrings-51435\\\/#breadcrumb\"},\"inLanguage\":\"tr\",\"potentialAction\":[{\"@type\":\"ReadAction\",\"target\":[\"https:\\\/\\\/www.purejewels.com\\\/product\\\/armari-22ct-gold-traditional-jhumkha-earrings-51435\\\/\"]}]},{\"@type\":\"ImageObject\",\"inLanguage\":\"tr\",\"@id\":\"https:\\\/\\\/www.purejewels.com\\\/product\\\/armari-22ct-gold-traditional-jhumkha-earrings-51435\\\/#primaryimage\",\"url\":\"https:\\\/\\\/static.purejewels.com\\\/wp-content\\\/uploads\\\/2025\\\/07\\\/SKU-51435.jpg\",\"contentUrl\":\"https:\\\/\\\/static.purejewels.com\\\/wp-content\\\/uploads\\\/2025\\\/07\\\/SKU-51435.jpg\",\"width\":1000,\"height\":1000,\"caption\":\"51435\"},{\"@type\":\"BreadcrumbList\",\"@id\":\"https:\\\/\\\/www.purejewels.com\\\/product\\\/armari-22ct-gold-traditional-jhumkha-earrings-51435\\\/#breadcrumb\",\"itemListElement\":[{\"@type\":\"ListItem\",\"position\":1,\"name\":\"Home\",\"item\":\"https:\\\/\\\/www.purejewels.com\\\/\"},{\"@type\":\"ListItem\",\"position\":2,\"name\":\"Shop\",\"item\":\"https:\\\/\\\/www.purejewels.com\\\/shop\\\/\"},{\"@type\":\"ListItem\",\"position\":3,\"name\":\"22ct Gold Traditional Jhumkha Earrings\"}]},{\"@type\":\"WebSite\",\"@id\":\"https:\\\/\\\/www.purejewels.com\\\/#website\",\"url\":\"https:\\\/\\\/www.purejewels.com\\\/\",\"name\":\"PureJewels UK\",\"description\":\"Share the Love\",\"publisher\":{\"@id\":\"https:\\\/\\\/www.purejewels.com\\\/#organization\"},\"potentialAction\":[{\"@type\":\"SearchAction\",\"target\":{\"@type\":\"EntryPoint\",\"urlTemplate\":\"https:\\\/\\\/www.purejewels.com\\\/?s={search_term_string}\"},\"query-input\":{\"@type\":\"PropertyValueSpecification\",\"valueRequired\":true,\"valueName\":\"search_term_string\"}}],\"inLanguage\":\"tr\"},{\"@type\":\"Organization\",\"@id\":\"https:\\\/\\\/www.purejewels.com\\\/#organization\",\"name\":\"PureJewels UK\",\"url\":\"https:\\\/\\\/www.purejewels.com\\\/\",\"logo\":{\"@type\":\"ImageObject\",\"inLanguage\":\"tr\",\"@id\":\"https:\\\/\\\/www.purejewels.com\\\/#\\\/schema\\\/logo\\\/image\\\/\",\"url\":\"https:\\\/\\\/static.purejewels.com\\\/wp-content\\\/uploads\\\/2020\\\/11\\\/Logo-PJ-New-1.png\",\"contentUrl\":\"https:\\\/\\\/static.purejewels.com\\\/wp-content\\\/uploads\\\/2020\\\/11\\\/Logo-PJ-New-1.png\",\"width\":150,\"height\":80,\"caption\":\"PureJewels UK\"},\"image\":{\"@id\":\"https:\\\/\\\/www.purejewels.com\\\/#\\\/schema\\\/logo\\\/image\\\/\"}}]}<\/script>\n<!-- \/ Yoast SEO plugin. -->","yoast_head_json":{"title":"Armari 22 Ayar Alt\u0131n Jhumkha K\u00fcpe | PureJewels London","description":"7,3g Armari 22 Ayar Alt\u0131n Jhumkha K\u00fcpeleri ke\u015ffedin. \u00c7i\u00e7ek desenleri ve zarif hareketiyle klasik bir Hint \u00e7an tasar\u0131m\u0131. Zamans\u0131z bir zarafetle \u00fcretilmi\u015ftir.","robots":{"index":"index","follow":"follow","max-snippet":"max-snippet:-1","max-image-preview":"max-image-preview:large","max-video-preview":"max-video-preview:-1"},"canonical":"https:\/\/www.purejewels.com\/tr\/urun\/armari-22-ayar-altin-geleneksel-jhumkha-kupe-51435\/","og_locale":"tr_TR","og_type":"article","og_title":"Armari 22ct Gold Jhumkha Earrings | PureJewels London","og_description":"Explore Armari 22ct Gold Jhumkha Earrings in 7.3g. A classic Indian bell design with floral accents and graceful movement. Crafted with timeless elegance.","og_url":"https:\/\/www.purejewels.com\/tr\/urun\/armari-22-ayar-altin-geleneksel-jhumkha-kupe-51435\/","og_site_name":"PureJewels UK","article_modified_time":"2026-01-22T08:20:32+00:00","og_image":[{"width":1000,"height":1000,"url":"https:\/\/static.purejewels.com\/wp-content\/uploads\/2025\/07\/SKU-51435.jpg","type":"image\/jpeg"}],"twitter_card":"summary_large_image","twitter_misc":{"Tahmini okuma s\u00fcresi":"2 dakika"},"schema":{"@context":"https:\/\/schema.org","@graph":[{"@type":["WebPage","ItemPage"],"@id":"https:\/\/www.purejewels.com\/product\/armari-22ct-gold-traditional-jhumkha-earrings-51435\/","url":"https:\/\/www.purejewels.com\/product\/armari-22ct-gold-traditional-jhumkha-earrings-51435\/","name":"Armari 22 Ayar Alt\u0131n Jhumkha K\u00fcpe | PureJewels London","isPartOf":{"@id":"https:\/\/www.purejewels.com\/#website"},"primaryImageOfPage":{"@id":"https:\/\/www.purejewels.com\/product\/armari-22ct-gold-traditional-jhumkha-earrings-51435\/#primaryimage"},"image":{"@id":"https:\/\/www.purejewels.com\/product\/armari-22ct-gold-traditional-jhumkha-earrings-51435\/#primaryimage"},"thumbnailUrl":"https:\/\/static.purejewels.com\/wp-content\/uploads\/2025\/07\/SKU-51435.jpg","datePublished":"2025-08-02T07:17:25+00:00","dateModified":"2026-01-22T08:20:32+00:00","description":"7,3g Armari 22 Ayar Alt\u0131n Jhumkha K\u00fcpeleri ke\u015ffedin. \u00c7i\u00e7ek desenleri ve zarif hareketiyle klasik bir Hint \u00e7an tasar\u0131m\u0131. Zamans\u0131z bir zarafetle \u00fcretilmi\u015ftir.","breadcrumb":{"@id":"https:\/\/www.purejewels.com\/product\/armari-22ct-gold-traditional-jhumkha-earrings-51435\/#breadcrumb"},"inLanguage":"tr","potentialAction":[{"@type":"ReadAction","target":["https:\/\/www.purejewels.com\/product\/armari-22ct-gold-traditional-jhumkha-earrings-51435\/"]}]},{"@type":"ImageObject","inLanguage":"tr","@id":"https:\/\/www.purejewels.com\/product\/armari-22ct-gold-traditional-jhumkha-earrings-51435\/#primaryimage","url":"https:\/\/static.purejewels.com\/wp-content\/uploads\/2025\/07\/SKU-51435.jpg","contentUrl":"https:\/\/static.purejewels.com\/wp-content\/uploads\/2025\/07\/SKU-51435.jpg","width":1000,"height":1000,"caption":"51435"},{"@type":"BreadcrumbList","@id":"https:\/\/www.purejewels.com\/product\/armari-22ct-gold-traditional-jhumkha-earrings-51435\/#breadcrumb","itemListElement":[{"@type":"ListItem","position":1,"name":"Home","item":"https:\/\/www.purejewels.com\/"},{"@type":"ListItem","position":2,"name":"Shop","item":"https:\/\/www.purejewels.com\/shop\/"},{"@type":"ListItem","position":3,"name":"22ct Gold Traditional Jhumkha Earrings"}]},{"@type":"WebSite","@id":"https:\/\/www.purejewels.com\/#website","url":"https:\/\/www.purejewels.com\/","name":"PureJewels \u0130ngiltere","description":"Sevgiyi Payla\u015f\u0131n","publisher":{"@id":"https:\/\/www.purejewels.com\/#organization"},"potentialAction":[{"@type":"SearchAction","target":{"@type":"EntryPoint","urlTemplate":"https:\/\/www.purejewels.com\/?s={search_term_string}"},"query-input":{"@type":"PropertyValueSpecification","valueRequired":true,"valueName":"search_term_string"}}],"inLanguage":"tr"},{"@type":"Organization","@id":"https:\/\/www.purejewels.com\/#organization","name":"PureJewels \u0130ngiltere","url":"https:\/\/www.purejewels.com\/","logo":{"@type":"ImageObject","inLanguage":"tr","@id":"https:\/\/www.purejewels.com\/#\/schema\/logo\/image\/","url":"https:\/\/static.purejewels.com\/wp-content\/uploads\/2020\/11\/Logo-PJ-New-1.png","contentUrl":"https:\/\/static.purejewels.com\/wp-content\/uploads\/2020\/11\/Logo-PJ-New-1.png","width":150,"height":80,"caption":"PureJewels UK"},"image":{"@id":"https:\/\/www.purejewels.com\/#\/schema\/logo\/image\/"}}]}},"_links":{"self":[{"href":"https:\/\/www.purejewels.com\/tr\/wp-json\/wp\/v2\/product\/404604","targetHints":{"allow":["GET"]}}],"collection":[{"href":"https:\/\/www.purejewels.com\/tr\/wp-json\/wp\/v2\/product"}],"about":[{"href":"https:\/\/www.purejewels.com\/tr\/wp-json\/wp\/v2\/types\/product"}],"replies":[{"embeddable":true,"href":"https:\/\/www.purejewels.com\/tr\/wp-json\/wp\/v2\/comments?post=404604"}],"version-history":[{"count":3,"href":"https:\/\/www.purejewels.com\/tr\/wp-json\/wp\/v2\/product\/404604\/revisions"}],"predecessor-version":[{"id":410669,"href":"https:\/\/www.purejewels.com\/tr\/wp-json\/wp\/v2\/product\/404604\/revisions\/410669"}],"wp:featuredmedia":[{"embeddable":true,"href":"https:\/\/www.purejewels.com\/tr\/wp-json\/wp\/v2\/media\/404607"}],"wp:attachment":[{"href":"https:\/\/www.purejewels.com\/tr\/wp-json\/wp\/v2\/media?parent=404604"}],"wp:term":[{"taxonomy":"product_brand","embeddable":true,"href":"https:\/\/www.purejewels.com\/tr\/wp-json\/wp\/v2\/product_brand?post=404604"},{"taxonomy":"product_cat","embeddable":true,"href":"https:\/\/www.purejewels.com\/tr\/wp-json\/wp\/v2\/product_cat?post=404604"},{"taxonomy":"product_tag","embeddable":true,"href":"https:\/\/www.purejewels.com\/tr\/wp-json\/wp\/v2\/product_tag?post=404604"}],"curies":[{"name":"wp","href":"https:\/\/api.w.org\/{rel}","templated":true}]}}