{"id":404616,"date":"2025-06-14T08:58:15","date_gmt":"2025-06-14T07:58:15","guid":{"rendered":"https:\/\/www.purejewels.com\/?post_type=product&#038;p=404616"},"modified":"2026-05-07T07:10:19","modified_gmt":"2026-05-07T06:10:19","slug":"armari-22-ayar-altin-jhumkha-damlaliklar-kubbe-tasarimi-51424","status":"publish","type":"product","link":"https:\/\/www.purejewels.com\/tr\/product\/armari-22ct-gold-jhumkha-droppers-dome-design-51424\/","title":{"rendered":"Armari 22 Ayar Alt\u0131n Jhumkha Damlal\u0131klar - Kubbe Tasar\u0131m\u0131"},"content":{"rendered":"<p data-start=\"1438\" data-end=\"1766\">G\u00f6r\u00fcn\u00fcm\u00fcn\u00fcz\u00fc \u015fununla tamamlay\u0131n <strong data-start=\"1466\" data-end=\"1503\">Armari 22 Ayar Alt\u0131n Jhumkha Damlal\u0131klar<\/strong>\u00c7\u0131kar\u0131labilir k\u00fcpe \u00fcstleri veya \u00e7\u0131t\u00e7\u0131tlarla sorunsuz bir \u015fekilde e\u015fle\u015fecek \u015fekilde ustal\u0131kla \u00fcretilmi\u015ftir. Klasik bir kubbe \u015feklinde tasarlanan her bir damlal\u0131k, y\u00fczeyi boyunca narin bir ip deseniyle \u00e7evrelenmi\u015f ve boncuklu gran\u00fcl bir kenarla tamamlanm\u0131\u015f kabar\u0131k ta\u00e7 yapra\u011f\u0131 benzeri dokularla s\u00fcslenmi\u015ftir.<\/p>\n<p data-start=\"1768\" data-end=\"2017\">Bu damlal\u0131klar esnek bir stil sunarak size daha basit k\u00fcpeleri geleneksel etkinlikler veya kutlama g\u00fcnleri i\u00e7in m\u00fckemmel olan tam jhumkha k\u00fcpelere d\u00f6n\u00fc\u015ft\u00fcrme \u00f6zg\u00fcrl\u00fc\u011f\u00fc verir. Zengin 22 ayar sar\u0131 alt\u0131n bile\u015fimi \u0131\u015f\u0131lt\u0131 ve kal\u0131c\u0131 g\u00fczellik sa\u011flar.<\/p>","protected":false},"excerpt":{"rendered":"<div>Zarif ve \u00e7ok y\u00f6nl\u00fc olan bu kubbe \u015feklindeki alt\u0131n jhumkha damlal\u0131klar, k\u00fcpelerinize an\u0131nda geleneksel bir \u00e7ekicilik katar.<\/div>\n<div>\n<p><strong>Malzeme:<\/strong>\u00a022 Ayar Alt\u0131n<br \/>\n<strong>Hallmark:<\/strong>\u00a0\u0130ngiliz Damgas\u0131<br \/>\n<strong>SKU:<\/strong> 51426<br \/>\n<strong>Br\u00fct A\u011f\u0131rl\u0131k:<\/strong>\u00a0 12.10 Gms<\/p>\n<p><strong>Fiyat ve Teslimat:<\/strong>\u00a0KDV ve teslimat \u00fccretleri dahil<br \/>\n<a href=\"https:\/\/www.purejewels.com\/tr\/i%cc%87ade-poli%cc%87ti%cc%87kasi\/\"><strong>\u0130ade Politikas\u0131<\/strong><\/a><\/p>\n<\/div>","protected":false},"featured_media":427963,"comment_status":"closed","ping_status":"closed","template":"","meta":{"_eb_attr":"","_crsspst_to_jayantr4sg-hostcom":false},"product_brand":[],"product_cat":[1791,245,5639,6139,236,5701,1792,1254,1229,1578,1573,1574,5349],"product_tag":[66],"class_list":{"0":"post-404616","1":"product","2":"type-product","3":"status-publish","4":"has-post-thumbnail","6":"product_cat-anniversary-gifts","7":"product_cat-armari-collections","8":"product_cat-armari-earring","9":"product_cat-armari-jhumka-earring","10":"product_cat-collections","11":"product_cat-eid-jewellery","12":"product_cat-festival-gifts","13":"product_cat-gold-earrings","14":"product_cat-22ct-gold-jewellery","15":"product_cat-jhumkha-earrings","16":"product_cat-wedding-gifts","17":"product_cat-womens-jewellery","18":"product_cat-yellow-gold-jewellery","19":"product_tag-earrings","21":"first","22":"instock","23":"taxable","24":"shipping-taxable","25":"purchasable","26":"product-type-simple","27":"add-to-wishlist-before_image"},"yoast_head":"<!-- This site is optimized with the Yoast SEO plugin v27.6 - https:\/\/yoast.com\/product\/yoast-seo-wordpress\/ -->\n<title>22ct Gold Jhumkha Droppers | Armari Collection | PureJewels<\/title>\n<meta name=\"description\" content=\"Shop 22ct Gold Jhumkha Droppers from the Armari Collection. Crafted in a classic dome shape with intricate detail. Perfect for interchangeable stud tops.\" \/>\n<meta name=\"robots\" content=\"index, follow, max-snippet:-1, max-image-preview:large, max-video-preview:-1\" \/>\n<link rel=\"canonical\" href=\"https:\/\/www.purejewels.com\/tr\/urun\/armari-22-ayar-altin-jhumkha-damlaliklar-kubbe-tasarimi-51424\/\" \/>\n<meta property=\"og:locale\" content=\"tr_TR\" \/>\n<meta property=\"og:type\" content=\"article\" \/>\n<meta property=\"og:title\" content=\"22ct Gold Jhumkha Droppers | Armari Collection | PureJewels\" \/>\n<meta property=\"og:description\" content=\"Shop 22ct Gold Jhumkha Droppers from the Armari Collection. Crafted in a classic dome shape with intricate detail. Perfect for interchangeable stud tops.\" \/>\n<meta property=\"og:url\" content=\"https:\/\/www.purejewels.com\/tr\/urun\/armari-22-ayar-altin-jhumkha-damlaliklar-kubbe-tasarimi-51424\/\" \/>\n<meta property=\"og:site_name\" content=\"PureJewels UK\" \/>\n<meta property=\"article:modified_time\" content=\"2026-05-07T06:10:19+00:00\" \/>\n<meta property=\"og:image\" content=\"https:\/\/static.purejewels.com\/wp-content\/uploads\/2025\/06\/SKU-51426-FRONT.jpg\" \/>\n\t<meta property=\"og:image:width\" content=\"1000\" \/>\n\t<meta property=\"og:image:height\" content=\"1000\" \/>\n\t<meta property=\"og:image:type\" content=\"image\/jpeg\" \/>\n<meta name=\"twitter:card\" content=\"summary_large_image\" \/>\n<meta name=\"twitter:label1\" content=\"Tahmini okuma s\u00fcresi\" \/>\n\t<meta name=\"twitter:data1\" content=\"1 dakika\" \/>\n<script type=\"application\/ld+json\" class=\"yoast-schema-graph\">{\"@context\":\"https:\\\/\\\/schema.org\",\"@graph\":[{\"@type\":[\"WebPage\",\"ItemPage\"],\"@id\":\"https:\\\/\\\/www.purejewels.com\\\/product\\\/armari-22ct-gold-jhumkha-droppers-dome-design-51424\\\/\",\"url\":\"https:\\\/\\\/www.purejewels.com\\\/product\\\/armari-22ct-gold-jhumkha-droppers-dome-design-51424\\\/\",\"name\":\"22ct Gold Jhumkha Droppers | Armari Collection | PureJewels\",\"isPartOf\":{\"@id\":\"https:\\\/\\\/www.purejewels.com\\\/#website\"},\"primaryImageOfPage\":{\"@id\":\"https:\\\/\\\/www.purejewels.com\\\/product\\\/armari-22ct-gold-jhumkha-droppers-dome-design-51424\\\/#primaryimage\"},\"image\":{\"@id\":\"https:\\\/\\\/www.purejewels.com\\\/product\\\/armari-22ct-gold-jhumkha-droppers-dome-design-51424\\\/#primaryimage\"},\"thumbnailUrl\":\"https:\\\/\\\/static.purejewels.com\\\/wp-content\\\/uploads\\\/2025\\\/06\\\/SKU-51426-FRONT.jpg\",\"datePublished\":\"2025-06-14T07:58:15+00:00\",\"dateModified\":\"2026-05-07T06:10:19+00:00\",\"description\":\"Shop 22ct Gold Jhumkha Droppers from the Armari Collection. Crafted in a classic dome shape with intricate detail. Perfect for interchangeable stud tops.\",\"breadcrumb\":{\"@id\":\"https:\\\/\\\/www.purejewels.com\\\/product\\\/armari-22ct-gold-jhumkha-droppers-dome-design-51424\\\/#breadcrumb\"},\"inLanguage\":\"tr\",\"potentialAction\":[{\"@type\":\"ReadAction\",\"target\":[\"https:\\\/\\\/www.purejewels.com\\\/product\\\/armari-22ct-gold-jhumkha-droppers-dome-design-51424\\\/\"]}]},{\"@type\":\"ImageObject\",\"inLanguage\":\"tr\",\"@id\":\"https:\\\/\\\/www.purejewels.com\\\/product\\\/armari-22ct-gold-jhumkha-droppers-dome-design-51424\\\/#primaryimage\",\"url\":\"https:\\\/\\\/static.purejewels.com\\\/wp-content\\\/uploads\\\/2025\\\/06\\\/SKU-51426-FRONT.jpg\",\"contentUrl\":\"https:\\\/\\\/static.purejewels.com\\\/wp-content\\\/uploads\\\/2025\\\/06\\\/SKU-51426-FRONT.jpg\",\"width\":1000,\"height\":1000,\"caption\":\"Stacked from 5 images. Method=B (R=8,S=4)\"},{\"@type\":\"BreadcrumbList\",\"@id\":\"https:\\\/\\\/www.purejewels.com\\\/product\\\/armari-22ct-gold-jhumkha-droppers-dome-design-51424\\\/#breadcrumb\",\"itemListElement\":[{\"@type\":\"ListItem\",\"position\":1,\"name\":\"Home\",\"item\":\"https:\\\/\\\/www.purejewels.com\\\/\"},{\"@type\":\"ListItem\",\"position\":2,\"name\":\"Shop\",\"item\":\"https:\\\/\\\/www.purejewels.com\\\/shop\\\/\"},{\"@type\":\"ListItem\",\"position\":3,\"name\":\"Armari 22ct Gold Jhumkha Droppers \u2013 Dome Design\"}]},{\"@type\":\"WebSite\",\"@id\":\"https:\\\/\\\/www.purejewels.com\\\/#website\",\"url\":\"https:\\\/\\\/www.purejewels.com\\\/\",\"name\":\"PureJewels UK\",\"description\":\"Share the Love\",\"publisher\":{\"@id\":\"https:\\\/\\\/www.purejewels.com\\\/#organization\"},\"potentialAction\":[{\"@type\":\"SearchAction\",\"target\":{\"@type\":\"EntryPoint\",\"urlTemplate\":\"https:\\\/\\\/www.purejewels.com\\\/?s={search_term_string}\"},\"query-input\":{\"@type\":\"PropertyValueSpecification\",\"valueRequired\":true,\"valueName\":\"search_term_string\"}}],\"inLanguage\":\"tr\"},{\"@type\":\"Organization\",\"@id\":\"https:\\\/\\\/www.purejewels.com\\\/#organization\",\"name\":\"PureJewels UK\",\"url\":\"https:\\\/\\\/www.purejewels.com\\\/\",\"logo\":{\"@type\":\"ImageObject\",\"inLanguage\":\"tr\",\"@id\":\"https:\\\/\\\/www.purejewels.com\\\/#\\\/schema\\\/logo\\\/image\\\/\",\"url\":\"https:\\\/\\\/static.purejewels.com\\\/wp-content\\\/uploads\\\/2020\\\/11\\\/Logo-PJ-New-1.png\",\"contentUrl\":\"https:\\\/\\\/static.purejewels.com\\\/wp-content\\\/uploads\\\/2020\\\/11\\\/Logo-PJ-New-1.png\",\"width\":150,\"height\":80,\"caption\":\"PureJewels UK\"},\"image\":{\"@id\":\"https:\\\/\\\/www.purejewels.com\\\/#\\\/schema\\\/logo\\\/image\\\/\"}}]}<\/script>\n<!-- \/ Yoast SEO plugin. -->","yoast_head_json":{"title":"22 Ayar Alt\u0131n Jhumkha Damlal\u0131k | Armari Koleksiyonu | PureJewels","description":"Armari Koleksiyonu'ndan 22 Ayar Alt\u0131n Jhumkha Damlal\u0131klar\u0131 sat\u0131n al\u0131n. Karma\u015f\u0131k detaylara sahip klasik kubbe \u015feklinde \u00fcretilmi\u015ftir. De\u011fi\u015ftirilebilir k\u00fcpe \u00fcstleri i\u00e7in m\u00fckemmeldir.","robots":{"index":"index","follow":"follow","max-snippet":"max-snippet:-1","max-image-preview":"max-image-preview:large","max-video-preview":"max-video-preview:-1"},"canonical":"https:\/\/www.purejewels.com\/tr\/urun\/armari-22-ayar-altin-jhumkha-damlaliklar-kubbe-tasarimi-51424\/","og_locale":"tr_TR","og_type":"article","og_title":"22ct Gold Jhumkha Droppers | Armari Collection | PureJewels","og_description":"Shop 22ct Gold Jhumkha Droppers from the Armari Collection. Crafted in a classic dome shape with intricate detail. Perfect for interchangeable stud tops.","og_url":"https:\/\/www.purejewels.com\/tr\/urun\/armari-22-ayar-altin-jhumkha-damlaliklar-kubbe-tasarimi-51424\/","og_site_name":"PureJewels UK","article_modified_time":"2026-05-07T06:10:19+00:00","og_image":[{"width":1000,"height":1000,"url":"https:\/\/static.purejewels.com\/wp-content\/uploads\/2025\/06\/SKU-51426-FRONT.jpg","type":"image\/jpeg"}],"twitter_card":"summary_large_image","twitter_misc":{"Tahmini okuma s\u00fcresi":"1 dakika"},"schema":{"@context":"https:\/\/schema.org","@graph":[{"@type":["WebPage","ItemPage"],"@id":"https:\/\/www.purejewels.com\/product\/armari-22ct-gold-jhumkha-droppers-dome-design-51424\/","url":"https:\/\/www.purejewels.com\/product\/armari-22ct-gold-jhumkha-droppers-dome-design-51424\/","name":"22 Ayar Alt\u0131n Jhumkha Damlal\u0131k | Armari Koleksiyonu | PureJewels","isPartOf":{"@id":"https:\/\/www.purejewels.com\/#website"},"primaryImageOfPage":{"@id":"https:\/\/www.purejewels.com\/product\/armari-22ct-gold-jhumkha-droppers-dome-design-51424\/#primaryimage"},"image":{"@id":"https:\/\/www.purejewels.com\/product\/armari-22ct-gold-jhumkha-droppers-dome-design-51424\/#primaryimage"},"thumbnailUrl":"https:\/\/static.purejewels.com\/wp-content\/uploads\/2025\/06\/SKU-51426-FRONT.jpg","datePublished":"2025-06-14T07:58:15+00:00","dateModified":"2026-05-07T06:10:19+00:00","description":"Armari Koleksiyonu'ndan 22 Ayar Alt\u0131n Jhumkha Damlal\u0131klar\u0131 sat\u0131n al\u0131n. Karma\u015f\u0131k detaylara sahip klasik kubbe \u015feklinde \u00fcretilmi\u015ftir. De\u011fi\u015ftirilebilir k\u00fcpe \u00fcstleri i\u00e7in m\u00fckemmeldir.","breadcrumb":{"@id":"https:\/\/www.purejewels.com\/product\/armari-22ct-gold-jhumkha-droppers-dome-design-51424\/#breadcrumb"},"inLanguage":"tr","potentialAction":[{"@type":"ReadAction","target":["https:\/\/www.purejewels.com\/product\/armari-22ct-gold-jhumkha-droppers-dome-design-51424\/"]}]},{"@type":"ImageObject","inLanguage":"tr","@id":"https:\/\/www.purejewels.com\/product\/armari-22ct-gold-jhumkha-droppers-dome-design-51424\/#primaryimage","url":"https:\/\/static.purejewels.com\/wp-content\/uploads\/2025\/06\/SKU-51426-FRONT.jpg","contentUrl":"https:\/\/static.purejewels.com\/wp-content\/uploads\/2025\/06\/SKU-51426-FRONT.jpg","width":1000,"height":1000,"caption":"Stacked from 5 images. Method=B (R=8,S=4)"},{"@type":"BreadcrumbList","@id":"https:\/\/www.purejewels.com\/product\/armari-22ct-gold-jhumkha-droppers-dome-design-51424\/#breadcrumb","itemListElement":[{"@type":"ListItem","position":1,"name":"Home","item":"https:\/\/www.purejewels.com\/"},{"@type":"ListItem","position":2,"name":"Shop","item":"https:\/\/www.purejewels.com\/shop\/"},{"@type":"ListItem","position":3,"name":"Armari 22ct Gold Jhumkha Droppers \u2013 Dome Design"}]},{"@type":"WebSite","@id":"https:\/\/www.purejewels.com\/#website","url":"https:\/\/www.purejewels.com\/","name":"PureJewels \u0130ngiltere","description":"Sevgiyi Payla\u015f\u0131n","publisher":{"@id":"https:\/\/www.purejewels.com\/#organization"},"potentialAction":[{"@type":"SearchAction","target":{"@type":"EntryPoint","urlTemplate":"https:\/\/www.purejewels.com\/?s={search_term_string}"},"query-input":{"@type":"PropertyValueSpecification","valueRequired":true,"valueName":"search_term_string"}}],"inLanguage":"tr"},{"@type":"Organization","@id":"https:\/\/www.purejewels.com\/#organization","name":"PureJewels \u0130ngiltere","url":"https:\/\/www.purejewels.com\/","logo":{"@type":"ImageObject","inLanguage":"tr","@id":"https:\/\/www.purejewels.com\/#\/schema\/logo\/image\/","url":"https:\/\/static.purejewels.com\/wp-content\/uploads\/2020\/11\/Logo-PJ-New-1.png","contentUrl":"https:\/\/static.purejewels.com\/wp-content\/uploads\/2020\/11\/Logo-PJ-New-1.png","width":150,"height":80,"caption":"PureJewels UK"},"image":{"@id":"https:\/\/www.purejewels.com\/#\/schema\/logo\/image\/"}}]}},"_links":{"self":[{"href":"https:\/\/www.purejewels.com\/tr\/wp-json\/wp\/v2\/product\/404616","targetHints":{"allow":["GET"]}}],"collection":[{"href":"https:\/\/www.purejewels.com\/tr\/wp-json\/wp\/v2\/product"}],"about":[{"href":"https:\/\/www.purejewels.com\/tr\/wp-json\/wp\/v2\/types\/product"}],"replies":[{"embeddable":true,"href":"https:\/\/www.purejewels.com\/tr\/wp-json\/wp\/v2\/comments?post=404616"}],"version-history":[{"count":3,"href":"https:\/\/www.purejewels.com\/tr\/wp-json\/wp\/v2\/product\/404616\/revisions"}],"predecessor-version":[{"id":427197,"href":"https:\/\/www.purejewels.com\/tr\/wp-json\/wp\/v2\/product\/404616\/revisions\/427197"}],"wp:featuredmedia":[{"embeddable":true,"href":"https:\/\/www.purejewels.com\/tr\/wp-json\/wp\/v2\/media\/427963"}],"wp:attachment":[{"href":"https:\/\/www.purejewels.com\/tr\/wp-json\/wp\/v2\/media?parent=404616"}],"wp:term":[{"taxonomy":"product_brand","embeddable":true,"href":"https:\/\/www.purejewels.com\/tr\/wp-json\/wp\/v2\/product_brand?post=404616"},{"taxonomy":"product_cat","embeddable":true,"href":"https:\/\/www.purejewels.com\/tr\/wp-json\/wp\/v2\/product_cat?post=404616"},{"taxonomy":"product_tag","embeddable":true,"href":"https:\/\/www.purejewels.com\/tr\/wp-json\/wp\/v2\/product_tag?post=404616"}],"curies":[{"name":"wp","href":"https:\/\/api.w.org\/{rel}","templated":true}]}}