{"id":404623,"date":"2025-06-14T09:22:40","date_gmt":"2025-06-14T08:22:40","guid":{"rendered":"https:\/\/www.purejewels.com\/?post_type=product&#038;p=404623"},"modified":"2026-04-29T08:34:05","modified_gmt":"2026-04-29T07:34:05","slug":"22-ayar-altin-dikdortgen-serit-saplama-kupe-52179","status":"publish","type":"product","link":"https:\/\/www.purejewels.com\/tr\/product\/22ct-gold-rectangular-stripe-stud-earrings-52179\/","title":{"rendered":"22 Ayar Alt\u0131n Dikd\u00f6rtgen \u00c7izgili Saplama K\u00fcpe"},"content":{"rendered":"<p>\u015e\u0131k, yap\u0131land\u0131r\u0131lm\u0131\u015f ve zahmetsizce zarif olan bu 22 Ayar Alt\u0131n Dikd\u00f6rtgen \u00c7izgili Saplama K\u00fcpe, g\u00fcnl\u00fck sofistikeli\u011fin m\u00fckemmel bir ifadesidir. Y\u00fcksek safl\u0131kta sar\u0131 alt\u0131ndan \u00fcretilen tasar\u0131m, parlat\u0131lm\u0131\u015f alt\u0131n \u00e7izgilerle \u00e7evrelenmi\u015f dokulu dikey \u015feritlere sahip hafif\u00e7e kavisli bir dikd\u00f6rtgen profile sahiptir.<\/p>\n<p>Bu doku ve parlakl\u0131k dengesi, temiz, geometrik bir esteti\u011fi korurken ince bir derinlik katar. G\u00fcnl\u00fck rahat kullan\u0131m i\u00e7in tasarlanan bu ayakkab\u0131lar, hem geleneksel hem de modern k\u0131yafetlerle g\u00fczel bir uyum sa\u011flar.<\/p>","protected":false},"excerpt":{"rendered":"<p>Parlak 22 ayar alt\u0131ndan \u00fcretilen bu dikd\u00f6rtgen \u00e7\u0131t\u00e7\u0131tlar, zarif ve \u00e7a\u011fda\u015f bir g\u00f6r\u00fcn\u00fcm i\u00e7in dikey dokulu detaylara sahiptir.<\/p>\n<p><strong>Malzeme:<\/strong> 22 Ayar Alt\u0131n<br \/>\n<strong>Hallmark:<\/strong>\u00a0\u0130ngiliz Damgas\u0131<br \/>\n<strong>SKU:<\/strong> 55356, 55358, 55360, 55364<br \/>\n<strong>Br\u00fct A\u011f\u0131rl\u0131k:<\/strong> 2.79 Gms<\/p>\n<p><strong>Fiyat ve Teslimat:<\/strong>\u00a0KDV ve teslimat \u00fccretleri dahil<br \/>\n<a href=\"https:\/\/www.purejewels.com\/tr\/i%cc%87ade-poli%cc%87ti%cc%87kasi\/\"><strong>\u0130ade Politikas\u0131<\/strong><\/a><\/p>","protected":false},"featured_media":404632,"comment_status":"closed","ping_status":"closed","template":"","meta":{"_eb_attr":"","_crsspst_to_jayantr4sg-hostcom":true},"product_brand":[],"product_cat":[1559,1793,1254,1229,5344,1570,5338,1577,5349],"product_tag":[66],"class_list":{"0":"post-404623","1":"product","2":"type-product","3":"status-publish","4":"has-post-thumbnail","6":"product_cat-birthday-gifts","7":"product_cat-diwali-gifts","8":"product_cat-gold-earrings","9":"product_cat-22ct-gold-jewellery","10":"product_cat-jewellery-under-750","11":"product_cat-mothers-day-gifts","12":"product_cat-shop-by-price","13":"product_cat-stud-earrings","14":"product_cat-yellow-gold-jewellery","15":"product_tag-earrings","17":"first","18":"instock","19":"taxable","20":"shipping-taxable","21":"purchasable","22":"product-type-simple","23":"add-to-wishlist-before_image"},"yoast_head":"<!-- This site is optimized with the Yoast SEO plugin v27.6 - https:\/\/yoast.com\/product\/yoast-seo-wordpress\/ -->\n<title>22ct Gold Rectangular Stud Earrings | PureJewels UK<\/title>\n<meta name=\"description\" content=\"Shop 22ct Gold Rectangular Stud Earrings with textured vertical stripes. Elegant and timeless design\u2014perfect for daily wear or gifting.\" \/>\n<meta name=\"robots\" content=\"index, follow, max-snippet:-1, max-image-preview:large, max-video-preview:-1\" \/>\n<link rel=\"canonical\" href=\"https:\/\/www.purejewels.com\/tr\/urun\/22-ayar-altin-dikdortgen-serit-saplama-kupe-52179\/\" \/>\n<meta property=\"og:locale\" content=\"tr_TR\" \/>\n<meta property=\"og:type\" content=\"article\" \/>\n<meta property=\"og:title\" content=\"22ct Gold Rectangular Stud Earrings | PureJewels UK\" \/>\n<meta property=\"og:description\" content=\"Shop 22ct Gold Rectangular Stud Earrings with textured vertical stripes. Elegant and timeless design\u2014perfect for daily wear or gifting.\" \/>\n<meta property=\"og:url\" content=\"https:\/\/www.purejewels.com\/tr\/urun\/22-ayar-altin-dikdortgen-serit-saplama-kupe-52179\/\" \/>\n<meta property=\"og:site_name\" content=\"PureJewels UK\" \/>\n<meta property=\"article:modified_time\" content=\"2026-04-29T07:34:05+00:00\" \/>\n<meta property=\"og:image\" content=\"https:\/\/static.purejewels.com\/wp-content\/uploads\/2025\/07\/SKU-51858.jpg\" \/>\n\t<meta property=\"og:image:width\" content=\"1000\" \/>\n\t<meta property=\"og:image:height\" content=\"1000\" \/>\n\t<meta property=\"og:image:type\" content=\"image\/jpeg\" \/>\n<meta name=\"twitter:card\" content=\"summary_large_image\" \/>\n<meta name=\"twitter:label1\" content=\"Tahmini okuma s\u00fcresi\" \/>\n\t<meta name=\"twitter:data1\" content=\"1 dakika\" \/>\n<script type=\"application\/ld+json\" class=\"yoast-schema-graph\">{\"@context\":\"https:\\\/\\\/schema.org\",\"@graph\":[{\"@type\":[\"WebPage\",\"ItemPage\"],\"@id\":\"https:\\\/\\\/www.purejewels.com\\\/product\\\/22ct-gold-rectangular-stripe-stud-earrings-52179\\\/\",\"url\":\"https:\\\/\\\/www.purejewels.com\\\/product\\\/22ct-gold-rectangular-stripe-stud-earrings-52179\\\/\",\"name\":\"22ct Gold Rectangular Stud Earrings | PureJewels UK\",\"isPartOf\":{\"@id\":\"https:\\\/\\\/www.purejewels.com\\\/#website\"},\"primaryImageOfPage\":{\"@id\":\"https:\\\/\\\/www.purejewels.com\\\/product\\\/22ct-gold-rectangular-stripe-stud-earrings-52179\\\/#primaryimage\"},\"image\":{\"@id\":\"https:\\\/\\\/www.purejewels.com\\\/product\\\/22ct-gold-rectangular-stripe-stud-earrings-52179\\\/#primaryimage\"},\"thumbnailUrl\":\"https:\\\/\\\/static.purejewels.com\\\/wp-content\\\/uploads\\\/2025\\\/07\\\/SKU-51858.jpg\",\"datePublished\":\"2025-06-14T08:22:40+00:00\",\"dateModified\":\"2026-04-29T07:34:05+00:00\",\"description\":\"Shop 22ct Gold Rectangular Stud Earrings with textured vertical stripes. Elegant and timeless design\u2014perfect for daily wear or gifting.\",\"breadcrumb\":{\"@id\":\"https:\\\/\\\/www.purejewels.com\\\/product\\\/22ct-gold-rectangular-stripe-stud-earrings-52179\\\/#breadcrumb\"},\"inLanguage\":\"tr\",\"potentialAction\":[{\"@type\":\"ReadAction\",\"target\":[\"https:\\\/\\\/www.purejewels.com\\\/product\\\/22ct-gold-rectangular-stripe-stud-earrings-52179\\\/\"]}]},{\"@type\":\"ImageObject\",\"inLanguage\":\"tr\",\"@id\":\"https:\\\/\\\/www.purejewels.com\\\/product\\\/22ct-gold-rectangular-stripe-stud-earrings-52179\\\/#primaryimage\",\"url\":\"https:\\\/\\\/static.purejewels.com\\\/wp-content\\\/uploads\\\/2025\\\/07\\\/SKU-51858.jpg\",\"contentUrl\":\"https:\\\/\\\/static.purejewels.com\\\/wp-content\\\/uploads\\\/2025\\\/07\\\/SKU-51858.jpg\",\"width\":1000,\"height\":1000,\"caption\":\"52179\"},{\"@type\":\"BreadcrumbList\",\"@id\":\"https:\\\/\\\/www.purejewels.com\\\/product\\\/22ct-gold-rectangular-stripe-stud-earrings-52179\\\/#breadcrumb\",\"itemListElement\":[{\"@type\":\"ListItem\",\"position\":1,\"name\":\"Home\",\"item\":\"https:\\\/\\\/www.purejewels.com\\\/\"},{\"@type\":\"ListItem\",\"position\":2,\"name\":\"Shop\",\"item\":\"https:\\\/\\\/www.purejewels.com\\\/shop\\\/\"},{\"@type\":\"ListItem\",\"position\":3,\"name\":\"22ct Gold Rectangular Stripe Stud Earrings\"}]},{\"@type\":\"WebSite\",\"@id\":\"https:\\\/\\\/www.purejewels.com\\\/#website\",\"url\":\"https:\\\/\\\/www.purejewels.com\\\/\",\"name\":\"PureJewels UK\",\"description\":\"Share the Love\",\"publisher\":{\"@id\":\"https:\\\/\\\/www.purejewels.com\\\/#organization\"},\"potentialAction\":[{\"@type\":\"SearchAction\",\"target\":{\"@type\":\"EntryPoint\",\"urlTemplate\":\"https:\\\/\\\/www.purejewels.com\\\/?s={search_term_string}\"},\"query-input\":{\"@type\":\"PropertyValueSpecification\",\"valueRequired\":true,\"valueName\":\"search_term_string\"}}],\"inLanguage\":\"tr\"},{\"@type\":\"Organization\",\"@id\":\"https:\\\/\\\/www.purejewels.com\\\/#organization\",\"name\":\"PureJewels UK\",\"url\":\"https:\\\/\\\/www.purejewels.com\\\/\",\"logo\":{\"@type\":\"ImageObject\",\"inLanguage\":\"tr\",\"@id\":\"https:\\\/\\\/www.purejewels.com\\\/#\\\/schema\\\/logo\\\/image\\\/\",\"url\":\"https:\\\/\\\/static.purejewels.com\\\/wp-content\\\/uploads\\\/2020\\\/11\\\/Logo-PJ-New-1.png\",\"contentUrl\":\"https:\\\/\\\/static.purejewels.com\\\/wp-content\\\/uploads\\\/2020\\\/11\\\/Logo-PJ-New-1.png\",\"width\":150,\"height\":80,\"caption\":\"PureJewels UK\"},\"image\":{\"@id\":\"https:\\\/\\\/www.purejewels.com\\\/#\\\/schema\\\/logo\\\/image\\\/\"}}]}<\/script>\n<!-- \/ Yoast SEO plugin. -->","yoast_head_json":{"title":"22 Ayar Alt\u0131n Dikd\u00f6rtgen Saplama K\u00fcpe | PureJewels UK","description":"Dokulu dikey \u00e7izgili 22 Ayar Alt\u0131n Dikd\u00f6rtgen Saplama K\u00fcpe sat\u0131n al\u0131n. Zarif ve zamans\u0131z tasar\u0131m\u0131yla g\u00fcnl\u00fck kullan\u0131m veya hediye i\u00e7in m\u00fckemmeldir.","robots":{"index":"index","follow":"follow","max-snippet":"max-snippet:-1","max-image-preview":"max-image-preview:large","max-video-preview":"max-video-preview:-1"},"canonical":"https:\/\/www.purejewels.com\/tr\/urun\/22-ayar-altin-dikdortgen-serit-saplama-kupe-52179\/","og_locale":"tr_TR","og_type":"article","og_title":"22ct Gold Rectangular Stud Earrings | PureJewels UK","og_description":"Shop 22ct Gold Rectangular Stud Earrings with textured vertical stripes. Elegant and timeless design\u2014perfect for daily wear or gifting.","og_url":"https:\/\/www.purejewels.com\/tr\/urun\/22-ayar-altin-dikdortgen-serit-saplama-kupe-52179\/","og_site_name":"PureJewels UK","article_modified_time":"2026-04-29T07:34:05+00:00","og_image":[{"width":1000,"height":1000,"url":"https:\/\/static.purejewels.com\/wp-content\/uploads\/2025\/07\/SKU-51858.jpg","type":"image\/jpeg"}],"twitter_card":"summary_large_image","twitter_misc":{"Tahmini okuma s\u00fcresi":"1 dakika"},"schema":{"@context":"https:\/\/schema.org","@graph":[{"@type":["WebPage","ItemPage"],"@id":"https:\/\/www.purejewels.com\/product\/22ct-gold-rectangular-stripe-stud-earrings-52179\/","url":"https:\/\/www.purejewels.com\/product\/22ct-gold-rectangular-stripe-stud-earrings-52179\/","name":"22 Ayar Alt\u0131n Dikd\u00f6rtgen Saplama K\u00fcpe | PureJewels UK","isPartOf":{"@id":"https:\/\/www.purejewels.com\/#website"},"primaryImageOfPage":{"@id":"https:\/\/www.purejewels.com\/product\/22ct-gold-rectangular-stripe-stud-earrings-52179\/#primaryimage"},"image":{"@id":"https:\/\/www.purejewels.com\/product\/22ct-gold-rectangular-stripe-stud-earrings-52179\/#primaryimage"},"thumbnailUrl":"https:\/\/static.purejewels.com\/wp-content\/uploads\/2025\/07\/SKU-51858.jpg","datePublished":"2025-06-14T08:22:40+00:00","dateModified":"2026-04-29T07:34:05+00:00","description":"Dokulu dikey \u00e7izgili 22 Ayar Alt\u0131n Dikd\u00f6rtgen Saplama K\u00fcpe sat\u0131n al\u0131n. Zarif ve zamans\u0131z tasar\u0131m\u0131yla g\u00fcnl\u00fck kullan\u0131m veya hediye i\u00e7in m\u00fckemmeldir.","breadcrumb":{"@id":"https:\/\/www.purejewels.com\/product\/22ct-gold-rectangular-stripe-stud-earrings-52179\/#breadcrumb"},"inLanguage":"tr","potentialAction":[{"@type":"ReadAction","target":["https:\/\/www.purejewels.com\/product\/22ct-gold-rectangular-stripe-stud-earrings-52179\/"]}]},{"@type":"ImageObject","inLanguage":"tr","@id":"https:\/\/www.purejewels.com\/product\/22ct-gold-rectangular-stripe-stud-earrings-52179\/#primaryimage","url":"https:\/\/static.purejewels.com\/wp-content\/uploads\/2025\/07\/SKU-51858.jpg","contentUrl":"https:\/\/static.purejewels.com\/wp-content\/uploads\/2025\/07\/SKU-51858.jpg","width":1000,"height":1000,"caption":"52179"},{"@type":"BreadcrumbList","@id":"https:\/\/www.purejewels.com\/product\/22ct-gold-rectangular-stripe-stud-earrings-52179\/#breadcrumb","itemListElement":[{"@type":"ListItem","position":1,"name":"Home","item":"https:\/\/www.purejewels.com\/"},{"@type":"ListItem","position":2,"name":"Shop","item":"https:\/\/www.purejewels.com\/shop\/"},{"@type":"ListItem","position":3,"name":"22ct Gold Rectangular Stripe Stud Earrings"}]},{"@type":"WebSite","@id":"https:\/\/www.purejewels.com\/#website","url":"https:\/\/www.purejewels.com\/","name":"PureJewels \u0130ngiltere","description":"Sevgiyi Payla\u015f\u0131n","publisher":{"@id":"https:\/\/www.purejewels.com\/#organization"},"potentialAction":[{"@type":"SearchAction","target":{"@type":"EntryPoint","urlTemplate":"https:\/\/www.purejewels.com\/?s={search_term_string}"},"query-input":{"@type":"PropertyValueSpecification","valueRequired":true,"valueName":"search_term_string"}}],"inLanguage":"tr"},{"@type":"Organization","@id":"https:\/\/www.purejewels.com\/#organization","name":"PureJewels \u0130ngiltere","url":"https:\/\/www.purejewels.com\/","logo":{"@type":"ImageObject","inLanguage":"tr","@id":"https:\/\/www.purejewels.com\/#\/schema\/logo\/image\/","url":"https:\/\/static.purejewels.com\/wp-content\/uploads\/2020\/11\/Logo-PJ-New-1.png","contentUrl":"https:\/\/static.purejewels.com\/wp-content\/uploads\/2020\/11\/Logo-PJ-New-1.png","width":150,"height":80,"caption":"PureJewels UK"},"image":{"@id":"https:\/\/www.purejewels.com\/#\/schema\/logo\/image\/"}}]}},"_links":{"self":[{"href":"https:\/\/www.purejewels.com\/tr\/wp-json\/wp\/v2\/product\/404623","targetHints":{"allow":["GET"]}}],"collection":[{"href":"https:\/\/www.purejewels.com\/tr\/wp-json\/wp\/v2\/product"}],"about":[{"href":"https:\/\/www.purejewels.com\/tr\/wp-json\/wp\/v2\/types\/product"}],"replies":[{"embeddable":true,"href":"https:\/\/www.purejewels.com\/tr\/wp-json\/wp\/v2\/comments?post=404623"}],"version-history":[{"count":3,"href":"https:\/\/www.purejewels.com\/tr\/wp-json\/wp\/v2\/product\/404623\/revisions"}],"predecessor-version":[{"id":428041,"href":"https:\/\/www.purejewels.com\/tr\/wp-json\/wp\/v2\/product\/404623\/revisions\/428041"}],"wp:featuredmedia":[{"embeddable":true,"href":"https:\/\/www.purejewels.com\/tr\/wp-json\/wp\/v2\/media\/404632"}],"wp:attachment":[{"href":"https:\/\/www.purejewels.com\/tr\/wp-json\/wp\/v2\/media?parent=404623"}],"wp:term":[{"taxonomy":"product_brand","embeddable":true,"href":"https:\/\/www.purejewels.com\/tr\/wp-json\/wp\/v2\/product_brand?post=404623"},{"taxonomy":"product_cat","embeddable":true,"href":"https:\/\/www.purejewels.com\/tr\/wp-json\/wp\/v2\/product_cat?post=404623"},{"taxonomy":"product_tag","embeddable":true,"href":"https:\/\/www.purejewels.com\/tr\/wp-json\/wp\/v2\/product_tag?post=404623"}],"curies":[{"name":"wp","href":"https:\/\/api.w.org\/{rel}","templated":true}]}}