{"id":404638,"date":"2025-07-14T10:31:42","date_gmt":"2025-07-14T09:31:42","guid":{"rendered":"https:\/\/www.purejewels.com\/?post_type=product&#038;p=404638"},"modified":"2026-04-29T08:29:39","modified_gmt":"2026-04-29T07:29:39","slug":"22-ayar-altin-dikey-cizgi-saplama-kupe-52184","status":"publish","type":"product","link":"https:\/\/www.purejewels.com\/tr\/product\/22ct-gold-vertical-line-stud-earrings-52184\/","title":{"rendered":"22 Ayar Alt\u0131n Dikey \u00c7izgi Saplama K\u00fcpe"},"content":{"rendered":"<p>Zahmetsiz \u015f\u0131kl\u0131k, \u00f6zenli bir sadelikle ba\u015flar. Bunlar <strong data-start=\"1387\" data-end=\"1428\">22 Ayar Alt\u0131n Dikey \u00c7izgi Saplama K\u00fcpe<\/strong> \u015f\u0131k ve minimal formlar\u0131yla g\u00fcnl\u00fck m\u00fccevher koleksiyonunuzu y\u00fckseltmek i\u00e7in tasarlanm\u0131\u015ft\u0131r. \u0130nce sar\u0131 alt\u0131ndan \u00fcretilen her bir saplama, p\u00fcr\u00fczs\u00fcz uzun bir dikd\u00f6rtgen \u015feklinde \u015fekillendirilmi\u015f ve ince kontrast ve parlakl\u0131k yaratmak i\u00e7in hassas dikey kabartma ile detayland\u0131r\u0131lm\u0131\u015ft\u0131r.<\/p>","protected":false},"excerpt":{"rendered":"<p>G\u00fcnl\u00fck kullan\u0131m i\u00e7in tasarlanan bu 22 ayar alt\u0131n k\u00fcpeler, dikey \u00e7izgi detaylar\u0131na sahip uzun dikd\u00f6rtgen bir \u015fekle sahiptir.<\/p>\n<p><strong>Malzeme:<\/strong> 22 ayar alt\u0131n (91,61 TP5T saf alt\u0131n)<br \/>\n<strong>Hallmark:<\/strong>\u00a0\u0130ngiliz Damgas\u0131<br \/>\n<strong>SKU: <\/strong>52184, 52181, 53771, 53770, 53769<br \/>\n<strong>Br\u00fct A\u011f\u0131rl\u0131k:<\/strong> 2.70 Gms<\/p>\n<p><strong>Fiyat ve Teslimat:<\/strong>\u00a0KDV ve teslimat \u00fccretleri dahil<br \/>\n<a href=\"https:\/\/www.purejewels.com\/tr\/i%cc%87ade-poli%cc%87ti%cc%87kasi\/\"><strong>\u0130ade Politikas\u0131<\/strong><\/a><\/p>","protected":false},"featured_media":404639,"comment_status":"closed","ping_status":"closed","template":"","meta":{"_eb_attr":"","_crsspst_to_jayantr4sg-hostcom":true},"product_brand":[],"product_cat":[1559,1793,1254,1229,5344,1570,5338,1577,1574,5349],"product_tag":[66],"class_list":{"0":"post-404638","1":"product","2":"type-product","3":"status-publish","4":"has-post-thumbnail","6":"product_cat-birthday-gifts","7":"product_cat-diwali-gifts","8":"product_cat-gold-earrings","9":"product_cat-22ct-gold-jewellery","10":"product_cat-jewellery-under-750","11":"product_cat-mothers-day-gifts","12":"product_cat-shop-by-price","13":"product_cat-stud-earrings","14":"product_cat-womens-jewellery","15":"product_cat-yellow-gold-jewellery","16":"product_tag-earrings","18":"first","19":"instock","20":"taxable","21":"shipping-taxable","22":"purchasable","23":"product-type-simple","24":"add-to-wishlist-before_image"},"yoast_head":"<!-- This site is optimized with the Yoast SEO plugin v27.5 - https:\/\/yoast.com\/product\/yoast-seo-wordpress\/ -->\n<title>22ct Gold Dailywear Stud Earrings | Vertical Line Design<\/title>\n<meta name=\"description\" content=\"Shop 22ct Yellow Gold Dailywear Stud Earrings with vertical detailing. Lightweight, stylish, and perfect for daily elegance or gifting.\" \/>\n<meta name=\"robots\" content=\"index, follow, max-snippet:-1, max-image-preview:large, max-video-preview:-1\" \/>\n<link rel=\"canonical\" href=\"https:\/\/www.purejewels.com\/tr\/urun\/22-ayar-altin-dikey-cizgi-saplama-kupe-52184\/\" \/>\n<meta property=\"og:locale\" content=\"tr_TR\" \/>\n<meta property=\"og:type\" content=\"article\" \/>\n<meta property=\"og:title\" content=\"22ct Gold Dailywear Stud Earrings | Vertical Line Design\" \/>\n<meta property=\"og:description\" content=\"Shop 22ct Yellow Gold Dailywear Stud Earrings with vertical detailing. Lightweight, stylish, and perfect for daily elegance or gifting.\" \/>\n<meta property=\"og:url\" content=\"https:\/\/www.purejewels.com\/tr\/urun\/22-ayar-altin-dikey-cizgi-saplama-kupe-52184\/\" \/>\n<meta property=\"og:site_name\" content=\"PureJewels UK\" \/>\n<meta property=\"article:modified_time\" content=\"2026-04-29T07:29:39+00:00\" \/>\n<meta property=\"og:image\" content=\"https:\/\/static.purejewels.com\/wp-content\/uploads\/2025\/07\/SKU-51864.jpg\" \/>\n\t<meta property=\"og:image:width\" content=\"1000\" \/>\n\t<meta property=\"og:image:height\" content=\"1000\" \/>\n\t<meta property=\"og:image:type\" content=\"image\/jpeg\" \/>\n<meta name=\"twitter:card\" content=\"summary_large_image\" \/>\n<meta name=\"twitter:label1\" content=\"Tahmini okuma s\u00fcresi\" \/>\n\t<meta name=\"twitter:data1\" content=\"1 dakika\" \/>\n<script type=\"application\/ld+json\" class=\"yoast-schema-graph\">{\"@context\":\"https:\\\/\\\/schema.org\",\"@graph\":[{\"@type\":[\"WebPage\",\"ItemPage\"],\"@id\":\"https:\\\/\\\/www.purejewels.com\\\/product\\\/22ct-gold-vertical-line-stud-earrings-52184\\\/\",\"url\":\"https:\\\/\\\/www.purejewels.com\\\/product\\\/22ct-gold-vertical-line-stud-earrings-52184\\\/\",\"name\":\"22ct Gold Dailywear Stud Earrings | Vertical Line Design\",\"isPartOf\":{\"@id\":\"https:\\\/\\\/www.purejewels.com\\\/#website\"},\"primaryImageOfPage\":{\"@id\":\"https:\\\/\\\/www.purejewels.com\\\/product\\\/22ct-gold-vertical-line-stud-earrings-52184\\\/#primaryimage\"},\"image\":{\"@id\":\"https:\\\/\\\/www.purejewels.com\\\/product\\\/22ct-gold-vertical-line-stud-earrings-52184\\\/#primaryimage\"},\"thumbnailUrl\":\"https:\\\/\\\/static.purejewels.com\\\/wp-content\\\/uploads\\\/2025\\\/07\\\/SKU-51864.jpg\",\"datePublished\":\"2025-07-14T09:31:42+00:00\",\"dateModified\":\"2026-04-29T07:29:39+00:00\",\"description\":\"Shop 22ct Yellow Gold Dailywear Stud Earrings with vertical detailing. Lightweight, stylish, and perfect for daily elegance or gifting.\",\"breadcrumb\":{\"@id\":\"https:\\\/\\\/www.purejewels.com\\\/product\\\/22ct-gold-vertical-line-stud-earrings-52184\\\/#breadcrumb\"},\"inLanguage\":\"tr\",\"potentialAction\":[{\"@type\":\"ReadAction\",\"target\":[\"https:\\\/\\\/www.purejewels.com\\\/product\\\/22ct-gold-vertical-line-stud-earrings-52184\\\/\"]}]},{\"@type\":\"ImageObject\",\"inLanguage\":\"tr\",\"@id\":\"https:\\\/\\\/www.purejewels.com\\\/product\\\/22ct-gold-vertical-line-stud-earrings-52184\\\/#primaryimage\",\"url\":\"https:\\\/\\\/static.purejewels.com\\\/wp-content\\\/uploads\\\/2025\\\/07\\\/SKU-51864.jpg\",\"contentUrl\":\"https:\\\/\\\/static.purejewels.com\\\/wp-content\\\/uploads\\\/2025\\\/07\\\/SKU-51864.jpg\",\"width\":1000,\"height\":1000,\"caption\":\"52184\"},{\"@type\":\"BreadcrumbList\",\"@id\":\"https:\\\/\\\/www.purejewels.com\\\/product\\\/22ct-gold-vertical-line-stud-earrings-52184\\\/#breadcrumb\",\"itemListElement\":[{\"@type\":\"ListItem\",\"position\":1,\"name\":\"Home\",\"item\":\"https:\\\/\\\/www.purejewels.com\\\/\"},{\"@type\":\"ListItem\",\"position\":2,\"name\":\"Shop\",\"item\":\"https:\\\/\\\/www.purejewels.com\\\/shop\\\/\"},{\"@type\":\"ListItem\",\"position\":3,\"name\":\"22ct Gold Vertical Line Stud Earrings\"}]},{\"@type\":\"WebSite\",\"@id\":\"https:\\\/\\\/www.purejewels.com\\\/#website\",\"url\":\"https:\\\/\\\/www.purejewels.com\\\/\",\"name\":\"PureJewels UK\",\"description\":\"Share the Love\",\"publisher\":{\"@id\":\"https:\\\/\\\/www.purejewels.com\\\/#organization\"},\"potentialAction\":[{\"@type\":\"SearchAction\",\"target\":{\"@type\":\"EntryPoint\",\"urlTemplate\":\"https:\\\/\\\/www.purejewels.com\\\/?s={search_term_string}\"},\"query-input\":{\"@type\":\"PropertyValueSpecification\",\"valueRequired\":true,\"valueName\":\"search_term_string\"}}],\"inLanguage\":\"tr\"},{\"@type\":\"Organization\",\"@id\":\"https:\\\/\\\/www.purejewels.com\\\/#organization\",\"name\":\"PureJewels UK\",\"url\":\"https:\\\/\\\/www.purejewels.com\\\/\",\"logo\":{\"@type\":\"ImageObject\",\"inLanguage\":\"tr\",\"@id\":\"https:\\\/\\\/www.purejewels.com\\\/#\\\/schema\\\/logo\\\/image\\\/\",\"url\":\"https:\\\/\\\/static.purejewels.com\\\/wp-content\\\/uploads\\\/2020\\\/11\\\/Logo-PJ-New-1.png\",\"contentUrl\":\"https:\\\/\\\/static.purejewels.com\\\/wp-content\\\/uploads\\\/2020\\\/11\\\/Logo-PJ-New-1.png\",\"width\":150,\"height\":80,\"caption\":\"PureJewels UK\"},\"image\":{\"@id\":\"https:\\\/\\\/www.purejewels.com\\\/#\\\/schema\\\/logo\\\/image\\\/\"}}]}<\/script>\n<!-- \/ Yoast SEO plugin. -->","yoast_head_json":{"title":"22 Ayar Alt\u0131n G\u00fcnl\u00fck Giyim Saplama K\u00fcpe | Dikey \u00c7izgi Tasar\u0131m","description":"Dikey detayl\u0131 22 Ayar Sar\u0131 Alt\u0131n G\u00fcnl\u00fck Giyim Saplama K\u00fcpe sat\u0131n al\u0131n. Hafif, \u015f\u0131k ve g\u00fcnl\u00fck \u015f\u0131kl\u0131k veya hediye i\u00e7in m\u00fckemmel.","robots":{"index":"index","follow":"follow","max-snippet":"max-snippet:-1","max-image-preview":"max-image-preview:large","max-video-preview":"max-video-preview:-1"},"canonical":"https:\/\/www.purejewels.com\/tr\/urun\/22-ayar-altin-dikey-cizgi-saplama-kupe-52184\/","og_locale":"tr_TR","og_type":"article","og_title":"22ct Gold Dailywear Stud Earrings | Vertical Line Design","og_description":"Shop 22ct Yellow Gold Dailywear Stud Earrings with vertical detailing. Lightweight, stylish, and perfect for daily elegance or gifting.","og_url":"https:\/\/www.purejewels.com\/tr\/urun\/22-ayar-altin-dikey-cizgi-saplama-kupe-52184\/","og_site_name":"PureJewels UK","article_modified_time":"2026-04-29T07:29:39+00:00","og_image":[{"width":1000,"height":1000,"url":"https:\/\/static.purejewels.com\/wp-content\/uploads\/2025\/07\/SKU-51864.jpg","type":"image\/jpeg"}],"twitter_card":"summary_large_image","twitter_misc":{"Tahmini okuma s\u00fcresi":"1 dakika"},"schema":{"@context":"https:\/\/schema.org","@graph":[{"@type":["WebPage","ItemPage"],"@id":"https:\/\/www.purejewels.com\/product\/22ct-gold-vertical-line-stud-earrings-52184\/","url":"https:\/\/www.purejewels.com\/product\/22ct-gold-vertical-line-stud-earrings-52184\/","name":"22 Ayar Alt\u0131n G\u00fcnl\u00fck Giyim Saplama K\u00fcpe | Dikey \u00c7izgi Tasar\u0131m","isPartOf":{"@id":"https:\/\/www.purejewels.com\/#website"},"primaryImageOfPage":{"@id":"https:\/\/www.purejewels.com\/product\/22ct-gold-vertical-line-stud-earrings-52184\/#primaryimage"},"image":{"@id":"https:\/\/www.purejewels.com\/product\/22ct-gold-vertical-line-stud-earrings-52184\/#primaryimage"},"thumbnailUrl":"https:\/\/static.purejewels.com\/wp-content\/uploads\/2025\/07\/SKU-51864.jpg","datePublished":"2025-07-14T09:31:42+00:00","dateModified":"2026-04-29T07:29:39+00:00","description":"Dikey detayl\u0131 22 Ayar Sar\u0131 Alt\u0131n G\u00fcnl\u00fck Giyim Saplama K\u00fcpe sat\u0131n al\u0131n. Hafif, \u015f\u0131k ve g\u00fcnl\u00fck \u015f\u0131kl\u0131k veya hediye i\u00e7in m\u00fckemmel.","breadcrumb":{"@id":"https:\/\/www.purejewels.com\/product\/22ct-gold-vertical-line-stud-earrings-52184\/#breadcrumb"},"inLanguage":"tr","potentialAction":[{"@type":"ReadAction","target":["https:\/\/www.purejewels.com\/product\/22ct-gold-vertical-line-stud-earrings-52184\/"]}]},{"@type":"ImageObject","inLanguage":"tr","@id":"https:\/\/www.purejewels.com\/product\/22ct-gold-vertical-line-stud-earrings-52184\/#primaryimage","url":"https:\/\/static.purejewels.com\/wp-content\/uploads\/2025\/07\/SKU-51864.jpg","contentUrl":"https:\/\/static.purejewels.com\/wp-content\/uploads\/2025\/07\/SKU-51864.jpg","width":1000,"height":1000,"caption":"52184"},{"@type":"BreadcrumbList","@id":"https:\/\/www.purejewels.com\/product\/22ct-gold-vertical-line-stud-earrings-52184\/#breadcrumb","itemListElement":[{"@type":"ListItem","position":1,"name":"Home","item":"https:\/\/www.purejewels.com\/"},{"@type":"ListItem","position":2,"name":"Shop","item":"https:\/\/www.purejewels.com\/shop\/"},{"@type":"ListItem","position":3,"name":"22ct Gold Vertical Line Stud Earrings"}]},{"@type":"WebSite","@id":"https:\/\/www.purejewels.com\/#website","url":"https:\/\/www.purejewels.com\/","name":"PureJewels \u0130ngiltere","description":"Sevgiyi Payla\u015f\u0131n","publisher":{"@id":"https:\/\/www.purejewels.com\/#organization"},"potentialAction":[{"@type":"SearchAction","target":{"@type":"EntryPoint","urlTemplate":"https:\/\/www.purejewels.com\/?s={search_term_string}"},"query-input":{"@type":"PropertyValueSpecification","valueRequired":true,"valueName":"search_term_string"}}],"inLanguage":"tr"},{"@type":"Organization","@id":"https:\/\/www.purejewels.com\/#organization","name":"PureJewels \u0130ngiltere","url":"https:\/\/www.purejewels.com\/","logo":{"@type":"ImageObject","inLanguage":"tr","@id":"https:\/\/www.purejewels.com\/#\/schema\/logo\/image\/","url":"https:\/\/static.purejewels.com\/wp-content\/uploads\/2020\/11\/Logo-PJ-New-1.png","contentUrl":"https:\/\/static.purejewels.com\/wp-content\/uploads\/2020\/11\/Logo-PJ-New-1.png","width":150,"height":80,"caption":"PureJewels UK"},"image":{"@id":"https:\/\/www.purejewels.com\/#\/schema\/logo\/image\/"}}]}},"_links":{"self":[{"href":"https:\/\/www.purejewels.com\/tr\/wp-json\/wp\/v2\/product\/404638","targetHints":{"allow":["GET"]}}],"collection":[{"href":"https:\/\/www.purejewels.com\/tr\/wp-json\/wp\/v2\/product"}],"about":[{"href":"https:\/\/www.purejewels.com\/tr\/wp-json\/wp\/v2\/types\/product"}],"replies":[{"embeddable":true,"href":"https:\/\/www.purejewels.com\/tr\/wp-json\/wp\/v2\/comments?post=404638"}],"version-history":[{"count":3,"href":"https:\/\/www.purejewels.com\/tr\/wp-json\/wp\/v2\/product\/404638\/revisions"}],"predecessor-version":[{"id":422991,"href":"https:\/\/www.purejewels.com\/tr\/wp-json\/wp\/v2\/product\/404638\/revisions\/422991"}],"wp:featuredmedia":[{"embeddable":true,"href":"https:\/\/www.purejewels.com\/tr\/wp-json\/wp\/v2\/media\/404639"}],"wp:attachment":[{"href":"https:\/\/www.purejewels.com\/tr\/wp-json\/wp\/v2\/media?parent=404638"}],"wp:term":[{"taxonomy":"product_brand","embeddable":true,"href":"https:\/\/www.purejewels.com\/tr\/wp-json\/wp\/v2\/product_brand?post=404638"},{"taxonomy":"product_cat","embeddable":true,"href":"https:\/\/www.purejewels.com\/tr\/wp-json\/wp\/v2\/product_cat?post=404638"},{"taxonomy":"product_tag","embeddable":true,"href":"https:\/\/www.purejewels.com\/tr\/wp-json\/wp\/v2\/product_tag?post=404638"}],"curies":[{"name":"wp","href":"https:\/\/api.w.org\/{rel}","templated":true}]}}