{"id":404648,"date":"2025-07-14T11:55:23","date_gmt":"2025-07-14T10:55:23","guid":{"rendered":"https:\/\/www.purejewels.com\/?post_type=product&#038;p=404648"},"modified":"2026-01-06T06:53:49","modified_gmt":"2026-01-06T06:53:49","slug":"geleneksel-altin-jhumkas-50769","status":"publish","type":"product","link":"https:\/\/www.purejewels.com\/tr\/product\/traditional-gold-jhumkas-50769\/","title":{"rendered":"Geleneksel Alt\u0131n Jhumkalar"},"content":{"rendered":"<p data-start=\"1305\" data-end=\"1579\">Gelene\u011fi bu zamans\u0131z cazibeyle kutlay\u0131n <strong data-start=\"1358\" data-end=\"1396\">22 Ayar Alt\u0131n Telkari Jhumka K\u00fcpe<\/strong>. G\u00f6zya\u015f\u0131 damlas\u0131 \u015feklinde detayl\u0131 bir saplama ve zengin i\u015f\u00e7ilikli bir kubbe taban ile tasarlanan her bir k\u00fcpe, karma\u015f\u0131k telkari desenlerle s\u00fcslenmi\u015f ve narin alt\u0131n boncuk sark\u0131tlarla tamamlanm\u0131\u015ft\u0131r.<\/p>\n<p data-start=\"1581\" data-end=\"1866\">Klasik Hint sanat\u0131na sayg\u0131 duru\u015fu niteli\u011findeki tasar\u0131m\u0131 d\u00fc\u011f\u00fcnler, bayramlar veya k\u00fclt\u00fcrel toplant\u0131lar i\u00e7in ideal bir se\u00e7imdir. Hafif ancak g\u00f6rsel olarak \u00e7arp\u0131c\u0131 olan bu k\u00fcpeler, geleneksel m\u00fccevherlerin \u00f6zg\u00fcnl\u00fc\u011f\u00fcn\u00fc korurken g\u00f6r\u00fcn\u00fcm\u00fcn\u00fcze \u015f\u0131kl\u0131k ve hareket katar.<\/p>","protected":false},"excerpt":{"rendered":"<p>Saf alt\u0131ndan yap\u0131lm\u0131\u015f bu geleneksel telkari jhumkalar zarif dokusu, g\u00f6zya\u015f\u0131 damlas\u0131 saplamas\u0131 ve zarif hareketiyle bayramlar i\u00e7in m\u00fckemmeldir.<\/p>\n<p><strong>Malzeme:<\/strong>\u00a022 Ayar Alt\u0131n<br \/>\n<strong>Hallmark:<\/strong>\u00a0\u0130ngiliz Damgas\u0131<br \/>\n<strong>SKU:<\/strong> 50769<br \/>\n<strong>Br\u00fct A\u011f\u0131rl\u0131k:<\/strong> 17.10 Gms<\/p>\n<p><strong>Fiyat ve Teslimat:<\/strong>\u00a0KDV ve teslimat \u00fccretleri dahil<br \/>\n<a href=\"https:\/\/www.purejewels.com\/tr\/i%cc%87ade-poli%cc%87ti%cc%87kasi\/\"><strong>\u0130ade Politikas\u0131<\/strong><\/a><\/p>","protected":false},"featured_media":404650,"comment_status":"closed","ping_status":"closed","template":"","meta":{"_eb_attr":"","_crsspst_to_jayantr4sg-hostcom":true},"product_brand":[],"product_cat":[1791,5315,236,1254,1229,252,5611,1578,1570,1573,1574,5349],"product_tag":[66],"class_list":{"0":"post-404648","1":"product","2":"type-product","3":"status-publish","4":"has-post-thumbnail","6":"product_cat-anniversary-gifts","7":"product_cat-bridal-and-wedding-earrings","8":"product_cat-collections","9":"product_cat-gold-earrings","10":"product_cat-22ct-gold-jewellery","11":"product_cat-jali-collections","12":"product_cat-jali-earrings","13":"product_cat-jhumkha-earrings","14":"product_cat-mothers-day-gifts","15":"product_cat-wedding-gifts","16":"product_cat-womens-jewellery","17":"product_cat-yellow-gold-jewellery","18":"product_tag-earrings","20":"first","21":"outofstock","22":"taxable","23":"shipping-taxable","24":"product-type-simple","25":"add-to-wishlist-before_image"},"yoast_head":"<!-- This site is optimized with the Yoast SEO plugin v27.4 - https:\/\/yoast.com\/product\/yoast-seo-wordpress\/ -->\n<title>22ct Gold Filigree Jhumka Earrings | Traditional Gold Jhumkas<\/title>\n<meta name=\"description\" content=\"Discover 22ct Gold Filigree Jhumka Earrings with ornate teardrop tops and domed danglers. A perfect blend of tradition and elegance for festive wear.\" \/>\n<meta name=\"robots\" content=\"index, follow, max-snippet:-1, max-image-preview:large, max-video-preview:-1\" \/>\n<link rel=\"canonical\" href=\"https:\/\/www.purejewels.com\/tr\/urun\/geleneksel-altin-jhumkas-50769\/\" \/>\n<meta property=\"og:locale\" content=\"tr_TR\" \/>\n<meta property=\"og:type\" content=\"article\" \/>\n<meta property=\"og:title\" content=\"22ct Gold Filigree Jhumka Earrings | Traditional Gold Jhumkas\" \/>\n<meta property=\"og:description\" content=\"Discover 22ct Gold Filigree Jhumka Earrings with ornate teardrop tops and domed danglers. A perfect blend of tradition and elegance for festive wear.\" \/>\n<meta property=\"og:url\" content=\"https:\/\/www.purejewels.com\/tr\/urun\/geleneksel-altin-jhumkas-50769\/\" \/>\n<meta property=\"og:site_name\" content=\"PureJewels UK\" \/>\n<meta property=\"article:modified_time\" content=\"2026-01-06T06:53:49+00:00\" \/>\n<meta property=\"og:image\" content=\"https:\/\/www.purejewels.com\/wp-content\/uploads\/2025\/07\/SKU-50769.jpg\" \/>\n\t<meta property=\"og:image:width\" content=\"1000\" \/>\n\t<meta property=\"og:image:height\" content=\"1000\" \/>\n\t<meta property=\"og:image:type\" content=\"image\/jpeg\" \/>\n<meta name=\"twitter:card\" content=\"summary_large_image\" \/>\n<script type=\"application\/ld+json\" class=\"yoast-schema-graph\">{\"@context\":\"https:\\\/\\\/schema.org\",\"@graph\":[{\"@type\":[\"WebPage\",\"ItemPage\"],\"@id\":\"https:\\\/\\\/www.purejewels.com\\\/product\\\/traditional-gold-jhumkas-50769\\\/\",\"url\":\"https:\\\/\\\/www.purejewels.com\\\/product\\\/traditional-gold-jhumkas-50769\\\/\",\"name\":\"22ct Gold Filigree Jhumka Earrings | Traditional Gold Jhumkas\",\"isPartOf\":{\"@id\":\"https:\\\/\\\/www.purejewels.com\\\/#website\"},\"primaryImageOfPage\":{\"@id\":\"https:\\\/\\\/www.purejewels.com\\\/product\\\/traditional-gold-jhumkas-50769\\\/#primaryimage\"},\"image\":{\"@id\":\"https:\\\/\\\/www.purejewels.com\\\/product\\\/traditional-gold-jhumkas-50769\\\/#primaryimage\"},\"thumbnailUrl\":\"https:\\\/\\\/static.purejewels.com\\\/wp-content\\\/uploads\\\/2025\\\/07\\\/SKU-50769.jpg\",\"datePublished\":\"2025-07-14T10:55:23+00:00\",\"dateModified\":\"2026-01-06T06:53:49+00:00\",\"description\":\"Discover 22ct Gold Filigree Jhumka Earrings with ornate teardrop tops and domed danglers. A perfect blend of tradition and elegance for festive wear.\",\"breadcrumb\":{\"@id\":\"https:\\\/\\\/www.purejewels.com\\\/product\\\/traditional-gold-jhumkas-50769\\\/#breadcrumb\"},\"inLanguage\":\"tr\",\"potentialAction\":[{\"@type\":\"ReadAction\",\"target\":[\"https:\\\/\\\/www.purejewels.com\\\/product\\\/traditional-gold-jhumkas-50769\\\/\"]}]},{\"@type\":\"ImageObject\",\"inLanguage\":\"tr\",\"@id\":\"https:\\\/\\\/www.purejewels.com\\\/product\\\/traditional-gold-jhumkas-50769\\\/#primaryimage\",\"url\":\"https:\\\/\\\/static.purejewels.com\\\/wp-content\\\/uploads\\\/2025\\\/07\\\/SKU-50769.jpg\",\"contentUrl\":\"https:\\\/\\\/static.purejewels.com\\\/wp-content\\\/uploads\\\/2025\\\/07\\\/SKU-50769.jpg\",\"width\":1000,\"height\":1000,\"caption\":\"Traditional Gold Jhumkas\"},{\"@type\":\"BreadcrumbList\",\"@id\":\"https:\\\/\\\/www.purejewels.com\\\/product\\\/traditional-gold-jhumkas-50769\\\/#breadcrumb\",\"itemListElement\":[{\"@type\":\"ListItem\",\"position\":1,\"name\":\"Home\",\"item\":\"https:\\\/\\\/www.purejewels.com\\\/\"},{\"@type\":\"ListItem\",\"position\":2,\"name\":\"Shop\",\"item\":\"https:\\\/\\\/www.purejewels.com\\\/shop\\\/\"},{\"@type\":\"ListItem\",\"position\":3,\"name\":\"Traditional Gold Jhumkas\"}]},{\"@type\":\"WebSite\",\"@id\":\"https:\\\/\\\/www.purejewels.com\\\/#website\",\"url\":\"https:\\\/\\\/www.purejewels.com\\\/\",\"name\":\"PureJewels UK\",\"description\":\"Share the Love\",\"publisher\":{\"@id\":\"https:\\\/\\\/www.purejewels.com\\\/#organization\"},\"potentialAction\":[{\"@type\":\"SearchAction\",\"target\":{\"@type\":\"EntryPoint\",\"urlTemplate\":\"https:\\\/\\\/www.purejewels.com\\\/?s={search_term_string}\"},\"query-input\":{\"@type\":\"PropertyValueSpecification\",\"valueRequired\":true,\"valueName\":\"search_term_string\"}}],\"inLanguage\":\"tr\"},{\"@type\":\"Organization\",\"@id\":\"https:\\\/\\\/www.purejewels.com\\\/#organization\",\"name\":\"PureJewels UK\",\"url\":\"https:\\\/\\\/www.purejewels.com\\\/\",\"logo\":{\"@type\":\"ImageObject\",\"inLanguage\":\"tr\",\"@id\":\"https:\\\/\\\/www.purejewels.com\\\/#\\\/schema\\\/logo\\\/image\\\/\",\"url\":\"https:\\\/\\\/static.purejewels.com\\\/wp-content\\\/uploads\\\/2020\\\/11\\\/Logo-PJ-New-1.png\",\"contentUrl\":\"https:\\\/\\\/static.purejewels.com\\\/wp-content\\\/uploads\\\/2020\\\/11\\\/Logo-PJ-New-1.png\",\"width\":150,\"height\":80,\"caption\":\"PureJewels UK\"},\"image\":{\"@id\":\"https:\\\/\\\/www.purejewels.com\\\/#\\\/schema\\\/logo\\\/image\\\/\"}}]}<\/script>\n<!-- \/ Yoast SEO plugin. -->","yoast_head_json":{"title":"22 Ayar Alt\u0131n Telkari Jhumka K\u00fcpe | Geleneksel Alt\u0131n Jhumkalar","description":"S\u00fcsl\u00fc g\u00f6zya\u015f\u0131 damlas\u0131 tepeleri ve kubbeli sark\u0131tlar\u0131 ile 22 Ayar Alt\u0131n Telkari Jhumka K\u00fcpeleri ke\u015ffedin. Bayram giysileri i\u00e7in gelenek ve zarafetin m\u00fckemmel bir kar\u0131\u015f\u0131m\u0131.","robots":{"index":"index","follow":"follow","max-snippet":"max-snippet:-1","max-image-preview":"max-image-preview:large","max-video-preview":"max-video-preview:-1"},"canonical":"https:\/\/www.purejewels.com\/tr\/urun\/geleneksel-altin-jhumkas-50769\/","og_locale":"tr_TR","og_type":"article","og_title":"22ct Gold Filigree Jhumka Earrings | Traditional Gold Jhumkas","og_description":"Discover 22ct Gold Filigree Jhumka Earrings with ornate teardrop tops and domed danglers. A perfect blend of tradition and elegance for festive wear.","og_url":"https:\/\/www.purejewels.com\/tr\/urun\/geleneksel-altin-jhumkas-50769\/","og_site_name":"PureJewels UK","article_modified_time":"2026-01-06T06:53:49+00:00","og_image":[{"width":1000,"height":1000,"url":"https:\/\/www.purejewels.com\/wp-content\/uploads\/2025\/07\/SKU-50769.jpg","type":"image\/jpeg"}],"twitter_card":"summary_large_image","schema":{"@context":"https:\/\/schema.org","@graph":[{"@type":["WebPage","ItemPage"],"@id":"https:\/\/www.purejewels.com\/product\/traditional-gold-jhumkas-50769\/","url":"https:\/\/www.purejewels.com\/product\/traditional-gold-jhumkas-50769\/","name":"22 Ayar Alt\u0131n Telkari Jhumka K\u00fcpe | Geleneksel Alt\u0131n Jhumkalar","isPartOf":{"@id":"https:\/\/www.purejewels.com\/#website"},"primaryImageOfPage":{"@id":"https:\/\/www.purejewels.com\/product\/traditional-gold-jhumkas-50769\/#primaryimage"},"image":{"@id":"https:\/\/www.purejewels.com\/product\/traditional-gold-jhumkas-50769\/#primaryimage"},"thumbnailUrl":"https:\/\/static.purejewels.com\/wp-content\/uploads\/2025\/07\/SKU-50769.jpg","datePublished":"2025-07-14T10:55:23+00:00","dateModified":"2026-01-06T06:53:49+00:00","description":"S\u00fcsl\u00fc g\u00f6zya\u015f\u0131 damlas\u0131 tepeleri ve kubbeli sark\u0131tlar\u0131 ile 22 Ayar Alt\u0131n Telkari Jhumka K\u00fcpeleri ke\u015ffedin. Bayram giysileri i\u00e7in gelenek ve zarafetin m\u00fckemmel bir kar\u0131\u015f\u0131m\u0131.","breadcrumb":{"@id":"https:\/\/www.purejewels.com\/product\/traditional-gold-jhumkas-50769\/#breadcrumb"},"inLanguage":"tr","potentialAction":[{"@type":"ReadAction","target":["https:\/\/www.purejewels.com\/product\/traditional-gold-jhumkas-50769\/"]}]},{"@type":"ImageObject","inLanguage":"tr","@id":"https:\/\/www.purejewels.com\/product\/traditional-gold-jhumkas-50769\/#primaryimage","url":"https:\/\/static.purejewels.com\/wp-content\/uploads\/2025\/07\/SKU-50769.jpg","contentUrl":"https:\/\/static.purejewels.com\/wp-content\/uploads\/2025\/07\/SKU-50769.jpg","width":1000,"height":1000,"caption":"Traditional Gold Jhumkas"},{"@type":"BreadcrumbList","@id":"https:\/\/www.purejewels.com\/product\/traditional-gold-jhumkas-50769\/#breadcrumb","itemListElement":[{"@type":"ListItem","position":1,"name":"Home","item":"https:\/\/www.purejewels.com\/"},{"@type":"ListItem","position":2,"name":"Shop","item":"https:\/\/www.purejewels.com\/shop\/"},{"@type":"ListItem","position":3,"name":"Traditional Gold Jhumkas"}]},{"@type":"WebSite","@id":"https:\/\/www.purejewels.com\/#website","url":"https:\/\/www.purejewels.com\/","name":"PureJewels \u0130ngiltere","description":"Sevgiyi Payla\u015f\u0131n","publisher":{"@id":"https:\/\/www.purejewels.com\/#organization"},"potentialAction":[{"@type":"SearchAction","target":{"@type":"EntryPoint","urlTemplate":"https:\/\/www.purejewels.com\/?s={search_term_string}"},"query-input":{"@type":"PropertyValueSpecification","valueRequired":true,"valueName":"search_term_string"}}],"inLanguage":"tr"},{"@type":"Organization","@id":"https:\/\/www.purejewels.com\/#organization","name":"PureJewels \u0130ngiltere","url":"https:\/\/www.purejewels.com\/","logo":{"@type":"ImageObject","inLanguage":"tr","@id":"https:\/\/www.purejewels.com\/#\/schema\/logo\/image\/","url":"https:\/\/static.purejewels.com\/wp-content\/uploads\/2020\/11\/Logo-PJ-New-1.png","contentUrl":"https:\/\/static.purejewels.com\/wp-content\/uploads\/2020\/11\/Logo-PJ-New-1.png","width":150,"height":80,"caption":"PureJewels UK"},"image":{"@id":"https:\/\/www.purejewels.com\/#\/schema\/logo\/image\/"}}]}},"_links":{"self":[{"href":"https:\/\/www.purejewels.com\/tr\/wp-json\/wp\/v2\/product\/404648","targetHints":{"allow":["GET"]}}],"collection":[{"href":"https:\/\/www.purejewels.com\/tr\/wp-json\/wp\/v2\/product"}],"about":[{"href":"https:\/\/www.purejewels.com\/tr\/wp-json\/wp\/v2\/types\/product"}],"replies":[{"embeddable":true,"href":"https:\/\/www.purejewels.com\/tr\/wp-json\/wp\/v2\/comments?post=404648"}],"version-history":[{"count":1,"href":"https:\/\/www.purejewels.com\/tr\/wp-json\/wp\/v2\/product\/404648\/revisions"}],"predecessor-version":[{"id":404652,"href":"https:\/\/www.purejewels.com\/tr\/wp-json\/wp\/v2\/product\/404648\/revisions\/404652"}],"wp:featuredmedia":[{"embeddable":true,"href":"https:\/\/www.purejewels.com\/tr\/wp-json\/wp\/v2\/media\/404650"}],"wp:attachment":[{"href":"https:\/\/www.purejewels.com\/tr\/wp-json\/wp\/v2\/media?parent=404648"}],"wp:term":[{"taxonomy":"product_brand","embeddable":true,"href":"https:\/\/www.purejewels.com\/tr\/wp-json\/wp\/v2\/product_brand?post=404648"},{"taxonomy":"product_cat","embeddable":true,"href":"https:\/\/www.purejewels.com\/tr\/wp-json\/wp\/v2\/product_cat?post=404648"},{"taxonomy":"product_tag","embeddable":true,"href":"https:\/\/www.purejewels.com\/tr\/wp-json\/wp\/v2\/product_tag?post=404648"}],"curies":[{"name":"wp","href":"https:\/\/api.w.org\/{rel}","templated":true}]}}