{"id":404685,"date":"2025-06-14T13:26:26","date_gmt":"2025-06-14T12:26:26","guid":{"rendered":"https:\/\/www.purejewels.com\/?post_type=product&#038;p=404685"},"modified":"2026-02-06T12:54:28","modified_gmt":"2026-02-06T12:54:28","slug":"sphere-22ct-sunrise-altin-damla-kupe-50863","status":"publish","type":"product","link":"https:\/\/www.purejewels.com\/tr\/product\/sphere-22ct-sunrise-gold-drop-earrings-50863\/","title":{"rendered":"Sphere 22ct Sunrise Alt\u0131n Damla K\u00fcpe"},"content":{"rendered":"<p>Bizim ile \u0131\u015f\u0131lt\u0131ya ad\u0131m at\u0131n <strong data-start=\"751\" data-end=\"793\">G\u00fcndo\u011fumu K\u00fcresi 22 Ayar Alt\u0131n Damla K\u00fcpe<\/strong>gelenek ve sofistikeli\u011fin zarif bir kar\u0131\u015f\u0131m\u0131. Zengin 22 ayar sar\u0131 alt\u0131ndan \u00fcretilen bu k\u00fcpeler, cilal\u0131 bir bal\u0131k kancas\u0131 teline as\u0131l\u0131 ince dokulu k\u00fcresel bir damla sergiliyor. Taban\u0131nda k\u00fc\u00e7\u00fck alt\u0131n gungrooslarla vurgulanan bu k\u00fcpeler, klasik Hint esteti\u011finin cazibesini \u00e7a\u011fr\u0131\u015ft\u0131r\u0131yor.<\/p>","protected":false},"excerpt":{"rendered":"<div>\n<p>Zamans\u0131z Hint tasar\u0131m\u0131na bir \u00f6vg\u00fc niteli\u011findeki bu 22 ayar Sunrise Alt\u0131n Damla K\u00fcpeler, g\u00fczel dokulu bir k\u00fcreye ve geleneksel gungroo kaplamaya sahiptir. G\u00fcnl\u00fck ya da bayram g\u00fcnleri i\u00e7in hafif ve zariftir.<\/p>\n<ul>\n<li><strong>Malzeme:<\/strong>\u00a022 Ayar Alt\u0131n<\/li>\n<li><strong>Hallmark:\u00a0<\/strong>\u0130ngiliz Damgas\u0131<\/li>\n<li><strong>Br\u00fct A\u011f\u0131rl\u0131k:\u00a0<\/strong>7.60 Gms<\/li>\n<li><strong>SKU:\u00a0<\/strong>50863<\/li>\n<\/ul>\n<p><strong><br \/>\nFiyat ve Teslimat:\u00a0<\/strong>KDV ve teslimat \u00fccretleri dahil<br \/>\n<strong><a href=\"https:\/\/www.purejewels.com\/tr\/i%cc%87ade-poli%cc%87ti%cc%87kasi\/\">\u0130ade Politikas\u0131<\/a><\/strong><\/p>\n<\/div>\n<div><\/div>\n<div>\n<p>&nbsp;<\/p>\n<p>&nbsp;<\/p>\n<p>&nbsp;<\/p>\n<\/div>\n<div class=\"btn-atc atc-slide\"><\/div>\n<div class=\"product_meta\"><\/div>","protected":false},"featured_media":404688,"comment_status":"closed","ping_status":"closed","template":"","meta":{"_eb_attr":"","_crsspst_to_jayantr4sg-hostcom":false},"product_brand":[],"product_cat":[1791,1793,1685,1254,1229,1570,6081,1574],"product_tag":[],"class_list":{"0":"post-404685","1":"product","2":"type-product","3":"status-publish","4":"has-post-thumbnail","6":"product_cat-anniversary-gifts","7":"product_cat-diwali-gifts","8":"product_cat-drop-earrings","9":"product_cat-gold-earrings","10":"product_cat-22ct-gold-jewellery","11":"product_cat-mothers-day-gifts","12":"product_cat-sunrise-gold","13":"product_cat-womens-jewellery","15":"first","16":"instock","17":"taxable","18":"shipping-taxable","19":"purchasable","20":"product-type-simple","21":"add-to-wishlist-before_image"},"yoast_head":"<!-- This site is optimized with the Yoast SEO plugin v27.3 - https:\/\/yoast.com\/product\/yoast-seo-wordpress\/ -->\n<title>Sunrise Sphere 22ct Gold Drop Earrings | PureJewels UK<\/title>\n<meta name=\"description\" content=\"Shop 22ct Sunrise Gold Drop Earrings featuring textured sphere design and gungroo accents. Perfect for traditional charm and everyday elegance.\" \/>\n<meta name=\"robots\" content=\"index, follow, max-snippet:-1, max-image-preview:large, max-video-preview:-1\" \/>\n<link rel=\"canonical\" href=\"https:\/\/www.purejewels.com\/tr\/urun\/sphere-22ct-sunrise-altin-damla-kupe-50863\/\" \/>\n<meta property=\"og:locale\" content=\"tr_TR\" \/>\n<meta property=\"og:type\" content=\"article\" \/>\n<meta property=\"og:title\" content=\"Sunrise Sphere 22ct Gold Drop Earrings | PureJewels UK\" \/>\n<meta property=\"og:description\" content=\"Shop 22ct Sunrise Gold Drop Earrings featuring textured sphere design and gungroo accents. Perfect for traditional charm and everyday elegance.\" \/>\n<meta property=\"og:url\" content=\"https:\/\/www.purejewels.com\/tr\/urun\/sphere-22ct-sunrise-altin-damla-kupe-50863\/\" \/>\n<meta property=\"og:site_name\" content=\"PureJewels UK\" \/>\n<meta property=\"article:modified_time\" content=\"2026-02-06T12:54:28+00:00\" \/>\n<meta property=\"og:image\" content=\"https:\/\/static.purejewels.com\/wp-content\/uploads\/2025\/07\/SKU-50863.1.jpg\" \/>\n\t<meta property=\"og:image:width\" content=\"1000\" \/>\n\t<meta property=\"og:image:height\" content=\"1000\" \/>\n\t<meta property=\"og:image:type\" content=\"image\/jpeg\" \/>\n<meta name=\"twitter:card\" content=\"summary_large_image\" \/>\n<meta name=\"twitter:label1\" content=\"Tahmini okuma s\u00fcresi\" \/>\n\t<meta name=\"twitter:data1\" content=\"1 dakika\" \/>\n<script type=\"application\/ld+json\" class=\"yoast-schema-graph\">{\"@context\":\"https:\\\/\\\/schema.org\",\"@graph\":[{\"@type\":[\"WebPage\",\"ItemPage\"],\"@id\":\"https:\\\/\\\/www.purejewels.com\\\/product\\\/sphere-22ct-sunrise-gold-drop-earrings-50863\\\/\",\"url\":\"https:\\\/\\\/www.purejewels.com\\\/product\\\/sphere-22ct-sunrise-gold-drop-earrings-50863\\\/\",\"name\":\"Sunrise Sphere 22ct Gold Drop Earrings | PureJewels UK\",\"isPartOf\":{\"@id\":\"https:\\\/\\\/www.purejewels.com\\\/#website\"},\"primaryImageOfPage\":{\"@id\":\"https:\\\/\\\/www.purejewels.com\\\/product\\\/sphere-22ct-sunrise-gold-drop-earrings-50863\\\/#primaryimage\"},\"image\":{\"@id\":\"https:\\\/\\\/www.purejewels.com\\\/product\\\/sphere-22ct-sunrise-gold-drop-earrings-50863\\\/#primaryimage\"},\"thumbnailUrl\":\"https:\\\/\\\/static.purejewels.com\\\/wp-content\\\/uploads\\\/2025\\\/07\\\/SKU-50863.1.jpg\",\"datePublished\":\"2025-06-14T12:26:26+00:00\",\"dateModified\":\"2026-02-06T12:54:28+00:00\",\"description\":\"Shop 22ct Sunrise Gold Drop Earrings featuring textured sphere design and gungroo accents. Perfect for traditional charm and everyday elegance.\",\"breadcrumb\":{\"@id\":\"https:\\\/\\\/www.purejewels.com\\\/product\\\/sphere-22ct-sunrise-gold-drop-earrings-50863\\\/#breadcrumb\"},\"inLanguage\":\"tr\",\"potentialAction\":[{\"@type\":\"ReadAction\",\"target\":[\"https:\\\/\\\/www.purejewels.com\\\/product\\\/sphere-22ct-sunrise-gold-drop-earrings-50863\\\/\"]}]},{\"@type\":\"ImageObject\",\"inLanguage\":\"tr\",\"@id\":\"https:\\\/\\\/www.purejewels.com\\\/product\\\/sphere-22ct-sunrise-gold-drop-earrings-50863\\\/#primaryimage\",\"url\":\"https:\\\/\\\/static.purejewels.com\\\/wp-content\\\/uploads\\\/2025\\\/07\\\/SKU-50863.1.jpg\",\"contentUrl\":\"https:\\\/\\\/static.purejewels.com\\\/wp-content\\\/uploads\\\/2025\\\/07\\\/SKU-50863.1.jpg\",\"width\":1000,\"height\":1000,\"caption\":\"50863\"},{\"@type\":\"BreadcrumbList\",\"@id\":\"https:\\\/\\\/www.purejewels.com\\\/product\\\/sphere-22ct-sunrise-gold-drop-earrings-50863\\\/#breadcrumb\",\"itemListElement\":[{\"@type\":\"ListItem\",\"position\":1,\"name\":\"Home\",\"item\":\"https:\\\/\\\/www.purejewels.com\\\/\"},{\"@type\":\"ListItem\",\"position\":2,\"name\":\"Shop\",\"item\":\"https:\\\/\\\/www.purejewels.com\\\/shop\\\/\"},{\"@type\":\"ListItem\",\"position\":3,\"name\":\"Sphere 22ct Sunrise Gold Drop Earrings\"}]},{\"@type\":\"WebSite\",\"@id\":\"https:\\\/\\\/www.purejewels.com\\\/#website\",\"url\":\"https:\\\/\\\/www.purejewels.com\\\/\",\"name\":\"PureJewels UK\",\"description\":\"Share the Love\",\"publisher\":{\"@id\":\"https:\\\/\\\/www.purejewels.com\\\/#organization\"},\"potentialAction\":[{\"@type\":\"SearchAction\",\"target\":{\"@type\":\"EntryPoint\",\"urlTemplate\":\"https:\\\/\\\/www.purejewels.com\\\/?s={search_term_string}\"},\"query-input\":{\"@type\":\"PropertyValueSpecification\",\"valueRequired\":true,\"valueName\":\"search_term_string\"}}],\"inLanguage\":\"tr\"},{\"@type\":\"Organization\",\"@id\":\"https:\\\/\\\/www.purejewels.com\\\/#organization\",\"name\":\"PureJewels UK\",\"url\":\"https:\\\/\\\/www.purejewels.com\\\/\",\"logo\":{\"@type\":\"ImageObject\",\"inLanguage\":\"tr\",\"@id\":\"https:\\\/\\\/www.purejewels.com\\\/#\\\/schema\\\/logo\\\/image\\\/\",\"url\":\"https:\\\/\\\/static.purejewels.com\\\/wp-content\\\/uploads\\\/2020\\\/11\\\/Logo-PJ-New-1.png\",\"contentUrl\":\"https:\\\/\\\/static.purejewels.com\\\/wp-content\\\/uploads\\\/2020\\\/11\\\/Logo-PJ-New-1.png\",\"width\":150,\"height\":80,\"caption\":\"PureJewels UK\"},\"image\":{\"@id\":\"https:\\\/\\\/www.purejewels.com\\\/#\\\/schema\\\/logo\\\/image\\\/\"}}]}<\/script>\n<!-- \/ Yoast SEO plugin. -->","yoast_head_json":{"title":"Sunrise Sphere 22 Ayar Alt\u0131n Damla K\u00fcpe | PureJewels UK","description":"Dokulu k\u00fcre tasar\u0131m\u0131 ve gungroo vurgulara sahip 22 ayar Sunrise Alt\u0131n Damla K\u00fcpe sat\u0131n al\u0131n. Geleneksel cazibe ve g\u00fcnl\u00fck \u015f\u0131kl\u0131k i\u00e7in m\u00fckemmel.","robots":{"index":"index","follow":"follow","max-snippet":"max-snippet:-1","max-image-preview":"max-image-preview:large","max-video-preview":"max-video-preview:-1"},"canonical":"https:\/\/www.purejewels.com\/tr\/urun\/sphere-22ct-sunrise-altin-damla-kupe-50863\/","og_locale":"tr_TR","og_type":"article","og_title":"Sunrise Sphere 22ct Gold Drop Earrings | PureJewels UK","og_description":"Shop 22ct Sunrise Gold Drop Earrings featuring textured sphere design and gungroo accents. Perfect for traditional charm and everyday elegance.","og_url":"https:\/\/www.purejewels.com\/tr\/urun\/sphere-22ct-sunrise-altin-damla-kupe-50863\/","og_site_name":"PureJewels UK","article_modified_time":"2026-02-06T12:54:28+00:00","og_image":[{"width":1000,"height":1000,"url":"https:\/\/static.purejewels.com\/wp-content\/uploads\/2025\/07\/SKU-50863.1.jpg","type":"image\/jpeg"}],"twitter_card":"summary_large_image","twitter_misc":{"Tahmini okuma s\u00fcresi":"1 dakika"},"schema":{"@context":"https:\/\/schema.org","@graph":[{"@type":["WebPage","ItemPage"],"@id":"https:\/\/www.purejewels.com\/product\/sphere-22ct-sunrise-gold-drop-earrings-50863\/","url":"https:\/\/www.purejewels.com\/product\/sphere-22ct-sunrise-gold-drop-earrings-50863\/","name":"Sunrise Sphere 22 Ayar Alt\u0131n Damla K\u00fcpe | PureJewels UK","isPartOf":{"@id":"https:\/\/www.purejewels.com\/#website"},"primaryImageOfPage":{"@id":"https:\/\/www.purejewels.com\/product\/sphere-22ct-sunrise-gold-drop-earrings-50863\/#primaryimage"},"image":{"@id":"https:\/\/www.purejewels.com\/product\/sphere-22ct-sunrise-gold-drop-earrings-50863\/#primaryimage"},"thumbnailUrl":"https:\/\/static.purejewels.com\/wp-content\/uploads\/2025\/07\/SKU-50863.1.jpg","datePublished":"2025-06-14T12:26:26+00:00","dateModified":"2026-02-06T12:54:28+00:00","description":"Dokulu k\u00fcre tasar\u0131m\u0131 ve gungroo vurgulara sahip 22 ayar Sunrise Alt\u0131n Damla K\u00fcpe sat\u0131n al\u0131n. Geleneksel cazibe ve g\u00fcnl\u00fck \u015f\u0131kl\u0131k i\u00e7in m\u00fckemmel.","breadcrumb":{"@id":"https:\/\/www.purejewels.com\/product\/sphere-22ct-sunrise-gold-drop-earrings-50863\/#breadcrumb"},"inLanguage":"tr","potentialAction":[{"@type":"ReadAction","target":["https:\/\/www.purejewels.com\/product\/sphere-22ct-sunrise-gold-drop-earrings-50863\/"]}]},{"@type":"ImageObject","inLanguage":"tr","@id":"https:\/\/www.purejewels.com\/product\/sphere-22ct-sunrise-gold-drop-earrings-50863\/#primaryimage","url":"https:\/\/static.purejewels.com\/wp-content\/uploads\/2025\/07\/SKU-50863.1.jpg","contentUrl":"https:\/\/static.purejewels.com\/wp-content\/uploads\/2025\/07\/SKU-50863.1.jpg","width":1000,"height":1000,"caption":"50863"},{"@type":"BreadcrumbList","@id":"https:\/\/www.purejewels.com\/product\/sphere-22ct-sunrise-gold-drop-earrings-50863\/#breadcrumb","itemListElement":[{"@type":"ListItem","position":1,"name":"Home","item":"https:\/\/www.purejewels.com\/"},{"@type":"ListItem","position":2,"name":"Shop","item":"https:\/\/www.purejewels.com\/shop\/"},{"@type":"ListItem","position":3,"name":"Sphere 22ct Sunrise Gold Drop Earrings"}]},{"@type":"WebSite","@id":"https:\/\/www.purejewels.com\/#website","url":"https:\/\/www.purejewels.com\/","name":"PureJewels \u0130ngiltere","description":"Sevgiyi Payla\u015f\u0131n","publisher":{"@id":"https:\/\/www.purejewels.com\/#organization"},"potentialAction":[{"@type":"SearchAction","target":{"@type":"EntryPoint","urlTemplate":"https:\/\/www.purejewels.com\/?s={search_term_string}"},"query-input":{"@type":"PropertyValueSpecification","valueRequired":true,"valueName":"search_term_string"}}],"inLanguage":"tr"},{"@type":"Organization","@id":"https:\/\/www.purejewels.com\/#organization","name":"PureJewels \u0130ngiltere","url":"https:\/\/www.purejewels.com\/","logo":{"@type":"ImageObject","inLanguage":"tr","@id":"https:\/\/www.purejewels.com\/#\/schema\/logo\/image\/","url":"https:\/\/static.purejewels.com\/wp-content\/uploads\/2020\/11\/Logo-PJ-New-1.png","contentUrl":"https:\/\/static.purejewels.com\/wp-content\/uploads\/2020\/11\/Logo-PJ-New-1.png","width":150,"height":80,"caption":"PureJewels UK"},"image":{"@id":"https:\/\/www.purejewels.com\/#\/schema\/logo\/image\/"}}]}},"_links":{"self":[{"href":"https:\/\/www.purejewels.com\/tr\/wp-json\/wp\/v2\/product\/404685","targetHints":{"allow":["GET"]}}],"collection":[{"href":"https:\/\/www.purejewels.com\/tr\/wp-json\/wp\/v2\/product"}],"about":[{"href":"https:\/\/www.purejewels.com\/tr\/wp-json\/wp\/v2\/types\/product"}],"replies":[{"embeddable":true,"href":"https:\/\/www.purejewels.com\/tr\/wp-json\/wp\/v2\/comments?post=404685"}],"version-history":[{"count":4,"href":"https:\/\/www.purejewels.com\/tr\/wp-json\/wp\/v2\/product\/404685\/revisions"}],"predecessor-version":[{"id":426021,"href":"https:\/\/www.purejewels.com\/tr\/wp-json\/wp\/v2\/product\/404685\/revisions\/426021"}],"wp:featuredmedia":[{"embeddable":true,"href":"https:\/\/www.purejewels.com\/tr\/wp-json\/wp\/v2\/media\/404688"}],"wp:attachment":[{"href":"https:\/\/www.purejewels.com\/tr\/wp-json\/wp\/v2\/media?parent=404685"}],"wp:term":[{"taxonomy":"product_brand","embeddable":true,"href":"https:\/\/www.purejewels.com\/tr\/wp-json\/wp\/v2\/product_brand?post=404685"},{"taxonomy":"product_cat","embeddable":true,"href":"https:\/\/www.purejewels.com\/tr\/wp-json\/wp\/v2\/product_cat?post=404685"},{"taxonomy":"product_tag","embeddable":true,"href":"https:\/\/www.purejewels.com\/tr\/wp-json\/wp\/v2\/product_tag?post=404685"}],"curies":[{"name":"wp","href":"https:\/\/api.w.org\/{rel}","templated":true}]}}