{"id":4048,"date":"2017-07-19T13:23:52","date_gmt":"2017-07-19T12:23:52","guid":{"rendered":"http:\/\/new.purejewels.com\/product\/christian-bauer-dual-shade-wedding-ring-0243477\/"},"modified":"2025-10-31T09:34:29","modified_gmt":"2025-10-31T09:34:29","slug":"christian-bauer-ci%cc%87ft-tonlu-alyans-0243477","status":"publish","type":"product","link":"https:\/\/www.purejewels.com\/tr\/product\/christian-bauer-dual-shade-wedding-ring-0243477\/","title":{"rendered":"Christian Bauer \u00c7ift G\u00f6lgeli Alyans Y\u00fcz\u00fck"},"content":{"rendered":"<h2>Christian Bauer \u00c7ift G\u00f6lgeli Alyans<\/h2>\n<p>Alyans\u0131n\u0131z ki\u015fili\u011finizi yans\u0131tmal\u0131d\u0131r.  Bunun gibi zarif ve farkl\u0131 bir alyans se\u00e7in <a href=\"https:\/\/www.purejewels.com\/tr\/product-category\/wedding-rings-bands\/wedding-bands\/christian-bauer-brands\/\">Christian Bauer<\/a>Platin ve beyaz alt\u0131n\u0131n tonlar\u0131yla kontrast olu\u015fturan bu y\u00fcz\u00fck, i\u00e7inden ge\u00e7en bir p\u0131rlanta nehrine sahiptir.  Alyans\u0131n\u0131z anlaml\u0131d\u0131r ve \u00f6m\u00fcr boyu size e\u015flik eder: bu y\u00fcz\u00fck ba\u015ftan sona \u0131\u015f\u0131lt\u0131 ta\u015f\u0131yor.  D\u00fc\u015f\u00fcnceli bir se\u00e7im ve ayn\u0131 zamanda ak\u0131ll\u0131ca bir se\u00e7im.  Christian Bauer'in usta kuyumcular\u0131 taraf\u0131ndan b\u00fcy\u00fck bir \u00f6zenle \u00fcretilen bu \u00fcr\u00fcnler, kap\u0131n\u0131za gelmeden \u00f6nce dikkatle test edilir, tamamlan\u0131r ve denetlenir. *Christian Bauer d\u00fc\u011f\u00fcn <a href=\"https:\/\/www.purejewels.com\/tr\/product-category\/22ct-gold-jewellery\/gold-rings\/\">halkalar<\/a> bedeninizde sipari\u015f edilir (stoklar\u0131m\u0131zda yoksa) - alyans\u0131n\u0131z\u0131 sipari\u015f etmek i\u00e7in l\u00fctfen Canl\u0131 Sohbet'i kullan\u0131n veya ma\u011fazaya telefon edin.*<\/p>\n<ul>\n<li>Londra'da Yetkili Christian Bauer \u0130ngiltere Stok\u00e7usu<\/li>\n<li>Christian Bauer Alyans - 0243477<\/li>\n<li>Metal: <a href=\"https:\/\/www.purejewels.com\/tr\/product\/18ct-white-gold-diamond-ring-for-ladies-8775\/\">18 Ayar Beyaz Alt\u0131n<\/a><\/li>\n<li>P\u0131rlanta kesimi: Prenses<\/li>\n<li>Ayar stili: Kanal<\/li>\n<li>P\u0131rlanta a\u011f\u0131rl\u0131\u011f\u0131: 0,13 ct beyaz p\u0131rlanta<\/li>\n<li>P\u0131rlanta kalitesi: Beyaz p\u0131rlantalar G-H Renk ve VS Berrakl\u0131k<\/li>\n<li>Resimdeki parmak \u00f6l\u00e7\u00fcs\u00fc: T<\/li>\n<li>Geni\u015flik: 6,5 mm<\/li>\n<\/ul>\n<h2><strong>Christian Bauer'de de\u011ferler ve standartlar<\/strong><\/h2>\n<p>Christian Bauer'in kuyumcular\u0131 hala pek \u00e7ok geleneksel beceriyi i\u015flerine dahil ediyor.  Ancak \u00fcretim tesisi, kendi su ar\u0131tma tesislerine ve en son teknoloji \u00fcr\u00fcn\u00fc makinelere sahip, son derece modern bir eko-binad\u0131r.  Kuyumcular, Christian Bauer alyans\u0131n\u0131z\u0131 hayata ge\u00e7irmek i\u00e7in el i\u015f\u00e7ili\u011fi ve teknolojiyi harmanl\u0131yor.<\/p>\n<p>P\u0131rlantalar kalite skalas\u0131n\u0131n en \u00fcst noktas\u0131ndan se\u00e7ilir ve kusursuz bir sonu\u00e7 i\u00e7in \u00f6zenle elle ayarlan\u0131r.  Christian Bauer alyanslar\u0131 \u00e7o\u011funlukla en g\u00fc\u00e7l\u00fc de\u011ferli metal olan platinden yap\u0131lmakta, beyaz alt\u0131n, sar\u0131 alt\u0131n ve pembe alt\u0131n da kullan\u0131lmaktad\u0131r.  \u0130lgin\u00e7 bir \u015fekilde, \u015firket alyans\u0131n\u0131z\u0131 olu\u015fturmak i\u00e7in hi\u00e7bir topra\u011f\u0131 rahats\u0131z etmeme s\u00f6z\u00fc vererek yaln\u0131zca \u00f6nceden \u00e7\u0131kar\u0131lm\u0131\u015f metal kullanacakt\u0131r.<\/p>","protected":false},"excerpt":{"rendered":"<ul>\n<li>Londra'da Yetkili Christian Bauer \u0130ngiltere Stok\u00e7usu<\/li>\n<li>Christian Bauer Alyans - 0243477<\/li>\n<li>Metal: 18 Ayar Beyaz Alt\u0131n<\/li>\n<li>P\u0131rlanta kesimi: Prenses<\/li>\n<li>Ayar stili: Kanal<\/li>\n<li>P\u0131rlanta a\u011f\u0131rl\u0131\u011f\u0131: 0,13 ct beyaz p\u0131rlanta<\/li>\n<li>P\u0131rlanta kalitesi: Beyaz p\u0131rlantalar G-H Renk ve VS Berrakl\u0131k<\/li>\n<li>Resimdeki parmak \u00f6l\u00e7\u00fcs\u00fc: T<\/li>\n<li>Geni\u015flik: 6,5 mm<\/li>\n<\/ul>","protected":false},"featured_media":315598,"comment_status":"closed","ping_status":"closed","template":"","meta":{"_eb_attr":"","_crsspst_to_jayantr4sg-hostcom":false},"product_brand":[],"product_cat":[1799,5679,238,1572,226,1537],"product_tag":[],"class_list":{"0":"post-4048","1":"product","2":"type-product","3":"status-publish","4":"has-post-thumbnail","6":"product_cat-18ct-gold-bands","7":"product_cat-18ct-gold-jewellery","8":"product_cat-christian-bauer-brands","9":"product_cat-mens-jewellery","10":"product_cat-wedding-rings-bands","11":"product_cat-white-gold-jewellery-set","13":"first","14":"instock","15":"taxable","16":"shipping-taxable","17":"purchasable","18":"product-type-simple","19":"add-to-wishlist-before_image"},"yoast_head":"<!-- This site is optimized with the Yoast SEO plugin v27.6 - https:\/\/yoast.com\/product\/yoast-seo-wordpress\/ -->\n<title>Christian Bauer Dual Shade Wedding Ring - PureJewels<\/title>\n<meta name=\"robots\" content=\"index, follow, max-snippet:-1, max-image-preview:large, max-video-preview:-1\" \/>\n<link rel=\"canonical\" href=\"https:\/\/www.purejewels.com\/tr\/urun\/christian-bauer-ci\u0307ft-tonlu-alyans-0243477\/\" \/>\n<meta property=\"og:locale\" content=\"tr_TR\" \/>\n<meta property=\"og:type\" content=\"article\" \/>\n<meta property=\"og:title\" content=\"Christian Bauer Dual Shade Wedding Ring - PureJewels\" \/>\n<meta property=\"og:description\" content=\"Authorised Christian Bauer UK Stockist in London  Christian Bauer Wedding Ring \u2013 0243477  Metal: 18ct White Gold  Diamond cut: Princess  Setting style: Channel  Diamond weight: 0.13ct white diamonds  Diamond quality: White diamonds G-H Colour and VS Clarity  Finger size pictured: T  Width: 6.5mm\" \/>\n<meta property=\"og:url\" content=\"https:\/\/www.purejewels.com\/tr\/urun\/christian-bauer-ci\u0307ft-tonlu-alyans-0243477\/\" \/>\n<meta property=\"og:site_name\" content=\"PureJewels UK\" \/>\n<meta property=\"article:modified_time\" content=\"2025-10-31T09:34:29+00:00\" \/>\n<meta property=\"og:image\" content=\"https:\/\/www.purejewels.com\/wp-content\/uploads\/2020\/07\/137217282.jpg\" \/>\n\t<meta property=\"og:image:width\" content=\"960\" \/>\n\t<meta property=\"og:image:height\" content=\"960\" \/>\n\t<meta property=\"og:image:type\" content=\"image\/jpeg\" \/>\n<meta name=\"twitter:card\" content=\"summary_large_image\" \/>\n<meta name=\"twitter:label1\" content=\"Tahmini okuma s\u00fcresi\" \/>\n\t<meta name=\"twitter:data1\" content=\"1 dakika\" \/>\n<script type=\"application\/ld+json\" class=\"yoast-schema-graph\">{\"@context\":\"https:\\\/\\\/schema.org\",\"@graph\":[{\"@type\":[\"WebPage\",\"ItemPage\"],\"@id\":\"https:\\\/\\\/www.purejewels.com\\\/product\\\/christian-bauer-dual-shade-wedding-ring-0243477\\\/\",\"url\":\"https:\\\/\\\/www.purejewels.com\\\/product\\\/christian-bauer-dual-shade-wedding-ring-0243477\\\/\",\"name\":\"Christian Bauer Dual Shade Wedding Ring - PureJewels\",\"isPartOf\":{\"@id\":\"https:\\\/\\\/www.purejewels.com\\\/#website\"},\"primaryImageOfPage\":{\"@id\":\"https:\\\/\\\/www.purejewels.com\\\/product\\\/christian-bauer-dual-shade-wedding-ring-0243477\\\/#primaryimage\"},\"image\":{\"@id\":\"https:\\\/\\\/www.purejewels.com\\\/product\\\/christian-bauer-dual-shade-wedding-ring-0243477\\\/#primaryimage\"},\"thumbnailUrl\":\"https:\\\/\\\/static.purejewels.com\\\/wp-content\\\/uploads\\\/2020\\\/07\\\/137217282.jpg\",\"datePublished\":\"2017-07-19T12:23:52+00:00\",\"dateModified\":\"2025-10-31T09:34:29+00:00\",\"breadcrumb\":{\"@id\":\"https:\\\/\\\/www.purejewels.com\\\/product\\\/christian-bauer-dual-shade-wedding-ring-0243477\\\/#breadcrumb\"},\"inLanguage\":\"tr\",\"potentialAction\":[{\"@type\":\"ReadAction\",\"target\":[\"https:\\\/\\\/www.purejewels.com\\\/product\\\/christian-bauer-dual-shade-wedding-ring-0243477\\\/\"]}]},{\"@type\":\"ImageObject\",\"inLanguage\":\"tr\",\"@id\":\"https:\\\/\\\/www.purejewels.com\\\/product\\\/christian-bauer-dual-shade-wedding-ring-0243477\\\/#primaryimage\",\"url\":\"https:\\\/\\\/static.purejewels.com\\\/wp-content\\\/uploads\\\/2020\\\/07\\\/137217282.jpg\",\"contentUrl\":\"https:\\\/\\\/static.purejewels.com\\\/wp-content\\\/uploads\\\/2020\\\/07\\\/137217282.jpg\",\"width\":960,\"height\":960,\"caption\":\"Christian Bauer Dual Shade Wedding RingYour wedding ring should reflect your individuality.\u00a0 Choose an elegantly distinct wedding ring like this one by Christian Bauer: contrasting the tones of platinum and white gold, it has a river of diamonds running right through.\u00a0 Your wedding ring is meaningful, and will accompany you for life: this one carries sparkle from start to end.\u00a0 It\u2019s a thoughtful choice, and also a wise one.\u00a0 Crafted with great care by the master jewellers at Christian Bauer, it is carefully tested, finished, and inspected before arriving at your door. *Christian Bauer wedding rings are ordered in your size (unless we have one in stock) \u2013 please use Live Chat or telephone the store to order your wedding ring.*Authorised Christian Bauer UK Stockist in LondonChristian Bauer Wedding Ring \u2013 0243477Metal: Platinum and 18ct White GoldDiamond cut: PrincessSetting style: ChannelDiamond weight: 0.13ct white diamondsDiamond quality: White diamonds G-H Colour and VS ClarityFinger size pictured: TWidth: 6.5mmValues and standards at Christian BauerThe jewellers at Christian Bauer still incorporate many traditional skills into their work.\u00a0 But the production facility is a thoroughly modern eco-building, with its own water treatment works, and the latest state-of-the-art machinery.\u00a0 The jewellers blend handiwork and technology to bring your Christian Bauer wedding ring to life.Diamonds are selected from the top end of the quality scale and painstakingly hand-set for a flawless finish.\u00a0 Christian Bauer wedding rings are mostly made from platinum, the strongest precious metal, with highlights of white gold, yellow gold, and rose gold.\u00a0 Interestingly, the company will only use previously-mined metal \u2013 pledging to disturb no earth to create your wedding ring.\"},{\"@type\":\"BreadcrumbList\",\"@id\":\"https:\\\/\\\/www.purejewels.com\\\/product\\\/christian-bauer-dual-shade-wedding-ring-0243477\\\/#breadcrumb\",\"itemListElement\":[{\"@type\":\"ListItem\",\"position\":1,\"name\":\"Home\",\"item\":\"https:\\\/\\\/www.purejewels.com\\\/\"},{\"@type\":\"ListItem\",\"position\":2,\"name\":\"Shop\",\"item\":\"https:\\\/\\\/www.purejewels.com\\\/shop\\\/\"},{\"@type\":\"ListItem\",\"position\":3,\"name\":\"Christian Bauer Dual Shade Wedding Band Ring\"}]},{\"@type\":\"WebSite\",\"@id\":\"https:\\\/\\\/www.purejewels.com\\\/#website\",\"url\":\"https:\\\/\\\/www.purejewels.com\\\/\",\"name\":\"PureJewels UK\",\"description\":\"Share the Love\",\"publisher\":{\"@id\":\"https:\\\/\\\/www.purejewels.com\\\/#organization\"},\"potentialAction\":[{\"@type\":\"SearchAction\",\"target\":{\"@type\":\"EntryPoint\",\"urlTemplate\":\"https:\\\/\\\/www.purejewels.com\\\/?s={search_term_string}\"},\"query-input\":{\"@type\":\"PropertyValueSpecification\",\"valueRequired\":true,\"valueName\":\"search_term_string\"}}],\"inLanguage\":\"tr\"},{\"@type\":\"Organization\",\"@id\":\"https:\\\/\\\/www.purejewels.com\\\/#organization\",\"name\":\"PureJewels UK\",\"url\":\"https:\\\/\\\/www.purejewels.com\\\/\",\"logo\":{\"@type\":\"ImageObject\",\"inLanguage\":\"tr\",\"@id\":\"https:\\\/\\\/www.purejewels.com\\\/#\\\/schema\\\/logo\\\/image\\\/\",\"url\":\"https:\\\/\\\/static.purejewels.com\\\/wp-content\\\/uploads\\\/2020\\\/11\\\/Logo-PJ-New-1.png\",\"contentUrl\":\"https:\\\/\\\/static.purejewels.com\\\/wp-content\\\/uploads\\\/2020\\\/11\\\/Logo-PJ-New-1.png\",\"width\":150,\"height\":80,\"caption\":\"PureJewels UK\"},\"image\":{\"@id\":\"https:\\\/\\\/www.purejewels.com\\\/#\\\/schema\\\/logo\\\/image\\\/\"}}]}<\/script>\n<!-- \/ Yoast SEO plugin. -->","yoast_head_json":{"title":"Christian Bauer \u00c7ift G\u00f6lgeli Alyans - PureJewels","robots":{"index":"index","follow":"follow","max-snippet":"max-snippet:-1","max-image-preview":"max-image-preview:large","max-video-preview":"max-video-preview:-1"},"canonical":"https:\/\/www.purejewels.com\/tr\/urun\/christian-bauer-ci\u0307ft-tonlu-alyans-0243477\/","og_locale":"tr_TR","og_type":"article","og_title":"Christian Bauer Dual Shade Wedding Ring - PureJewels","og_description":"Authorised Christian Bauer UK Stockist in London  Christian Bauer Wedding Ring \u2013 0243477  Metal: 18ct White Gold  Diamond cut: Princess  Setting style: Channel  Diamond weight: 0.13ct white diamonds  Diamond quality: White diamonds G-H Colour and VS Clarity  Finger size pictured: T  Width: 6.5mm","og_url":"https:\/\/www.purejewels.com\/tr\/urun\/christian-bauer-ci\u0307ft-tonlu-alyans-0243477\/","og_site_name":"PureJewels UK","article_modified_time":"2025-10-31T09:34:29+00:00","og_image":[{"width":960,"height":960,"url":"https:\/\/www.purejewels.com\/wp-content\/uploads\/2020\/07\/137217282.jpg","type":"image\/jpeg"}],"twitter_card":"summary_large_image","twitter_misc":{"Tahmini okuma s\u00fcresi":"1 dakika"},"schema":{"@context":"https:\/\/schema.org","@graph":[{"@type":["WebPage","ItemPage"],"@id":"https:\/\/www.purejewels.com\/product\/christian-bauer-dual-shade-wedding-ring-0243477\/","url":"https:\/\/www.purejewels.com\/product\/christian-bauer-dual-shade-wedding-ring-0243477\/","name":"Christian Bauer \u00c7ift G\u00f6lgeli Alyans - PureJewels","isPartOf":{"@id":"https:\/\/www.purejewels.com\/#website"},"primaryImageOfPage":{"@id":"https:\/\/www.purejewels.com\/product\/christian-bauer-dual-shade-wedding-ring-0243477\/#primaryimage"},"image":{"@id":"https:\/\/www.purejewels.com\/product\/christian-bauer-dual-shade-wedding-ring-0243477\/#primaryimage"},"thumbnailUrl":"https:\/\/static.purejewels.com\/wp-content\/uploads\/2020\/07\/137217282.jpg","datePublished":"2017-07-19T12:23:52+00:00","dateModified":"2025-10-31T09:34:29+00:00","breadcrumb":{"@id":"https:\/\/www.purejewels.com\/product\/christian-bauer-dual-shade-wedding-ring-0243477\/#breadcrumb"},"inLanguage":"tr","potentialAction":[{"@type":"ReadAction","target":["https:\/\/www.purejewels.com\/product\/christian-bauer-dual-shade-wedding-ring-0243477\/"]}]},{"@type":"ImageObject","inLanguage":"tr","@id":"https:\/\/www.purejewels.com\/product\/christian-bauer-dual-shade-wedding-ring-0243477\/#primaryimage","url":"https:\/\/static.purejewels.com\/wp-content\/uploads\/2020\/07\/137217282.jpg","contentUrl":"https:\/\/static.purejewels.com\/wp-content\/uploads\/2020\/07\/137217282.jpg","width":960,"height":960,"caption":"Christian Bauer Dual Shade Wedding RingYour wedding ring should reflect your individuality.\u00a0 Choose an elegantly distinct wedding ring like this one by Christian Bauer: contrasting the tones of platinum and white gold, it has a river of diamonds running right through.\u00a0 Your wedding ring is meaningful, and will accompany you for life: this one carries sparkle from start to end.\u00a0 It\u2019s a thoughtful choice, and also a wise one.\u00a0 Crafted with great care by the master jewellers at Christian Bauer, it is carefully tested, finished, and inspected before arriving at your door. *Christian Bauer wedding rings are ordered in your size (unless we have one in stock) \u2013 please use Live Chat or telephone the store to order your wedding ring.*Authorised Christian Bauer UK Stockist in LondonChristian Bauer Wedding Ring \u2013 0243477Metal: Platinum and 18ct White GoldDiamond cut: PrincessSetting style: ChannelDiamond weight: 0.13ct white diamondsDiamond quality: White diamonds G-H Colour and VS ClarityFinger size pictured: TWidth: 6.5mmValues and standards at Christian BauerThe jewellers at Christian Bauer still incorporate many traditional skills into their work.\u00a0 But the production facility is a thoroughly modern eco-building, with its own water treatment works, and the latest state-of-the-art machinery.\u00a0 The jewellers blend handiwork and technology to bring your Christian Bauer wedding ring to life.Diamonds are selected from the top end of the quality scale and painstakingly hand-set for a flawless finish.\u00a0 Christian Bauer wedding rings are mostly made from platinum, the strongest precious metal, with highlights of white gold, yellow gold, and rose gold.\u00a0 Interestingly, the company will only use previously-mined metal \u2013 pledging to disturb no earth to create your wedding ring."},{"@type":"BreadcrumbList","@id":"https:\/\/www.purejewels.com\/product\/christian-bauer-dual-shade-wedding-ring-0243477\/#breadcrumb","itemListElement":[{"@type":"ListItem","position":1,"name":"Home","item":"https:\/\/www.purejewels.com\/"},{"@type":"ListItem","position":2,"name":"Shop","item":"https:\/\/www.purejewels.com\/shop\/"},{"@type":"ListItem","position":3,"name":"Christian Bauer Dual Shade Wedding Band Ring"}]},{"@type":"WebSite","@id":"https:\/\/www.purejewels.com\/#website","url":"https:\/\/www.purejewels.com\/","name":"PureJewels \u0130ngiltere","description":"Sevgiyi Payla\u015f\u0131n","publisher":{"@id":"https:\/\/www.purejewels.com\/#organization"},"potentialAction":[{"@type":"SearchAction","target":{"@type":"EntryPoint","urlTemplate":"https:\/\/www.purejewels.com\/?s={search_term_string}"},"query-input":{"@type":"PropertyValueSpecification","valueRequired":true,"valueName":"search_term_string"}}],"inLanguage":"tr"},{"@type":"Organization","@id":"https:\/\/www.purejewels.com\/#organization","name":"PureJewels \u0130ngiltere","url":"https:\/\/www.purejewels.com\/","logo":{"@type":"ImageObject","inLanguage":"tr","@id":"https:\/\/www.purejewels.com\/#\/schema\/logo\/image\/","url":"https:\/\/static.purejewels.com\/wp-content\/uploads\/2020\/11\/Logo-PJ-New-1.png","contentUrl":"https:\/\/static.purejewels.com\/wp-content\/uploads\/2020\/11\/Logo-PJ-New-1.png","width":150,"height":80,"caption":"PureJewels UK"},"image":{"@id":"https:\/\/www.purejewels.com\/#\/schema\/logo\/image\/"}}]}},"_links":{"self":[{"href":"https:\/\/www.purejewels.com\/tr\/wp-json\/wp\/v2\/product\/4048","targetHints":{"allow":["GET"]}}],"collection":[{"href":"https:\/\/www.purejewels.com\/tr\/wp-json\/wp\/v2\/product"}],"about":[{"href":"https:\/\/www.purejewels.com\/tr\/wp-json\/wp\/v2\/types\/product"}],"replies":[{"embeddable":true,"href":"https:\/\/www.purejewels.com\/tr\/wp-json\/wp\/v2\/comments?post=4048"}],"version-history":[{"count":1,"href":"https:\/\/www.purejewels.com\/tr\/wp-json\/wp\/v2\/product\/4048\/revisions"}],"predecessor-version":[{"id":371805,"href":"https:\/\/www.purejewels.com\/tr\/wp-json\/wp\/v2\/product\/4048\/revisions\/371805"}],"wp:featuredmedia":[{"embeddable":true,"href":"https:\/\/www.purejewels.com\/tr\/wp-json\/wp\/v2\/media\/315598"}],"wp:attachment":[{"href":"https:\/\/www.purejewels.com\/tr\/wp-json\/wp\/v2\/media?parent=4048"}],"wp:term":[{"taxonomy":"product_brand","embeddable":true,"href":"https:\/\/www.purejewels.com\/tr\/wp-json\/wp\/v2\/product_brand?post=4048"},{"taxonomy":"product_cat","embeddable":true,"href":"https:\/\/www.purejewels.com\/tr\/wp-json\/wp\/v2\/product_cat?post=4048"},{"taxonomy":"product_tag","embeddable":true,"href":"https:\/\/www.purejewels.com\/tr\/wp-json\/wp\/v2\/product_tag?post=4048"}],"curies":[{"name":"wp","href":"https:\/\/api.w.org\/{rel}","templated":true}]}}