{"id":404855,"date":"2025-07-30T07:59:34","date_gmt":"2025-07-30T06:59:34","guid":{"rendered":"https:\/\/www.purejewels.com\/?post_type=product&#038;p=404855"},"modified":"2026-03-19T07:24:16","modified_gmt":"2026-03-19T07:24:16","slug":"elaichi-motifli-cift-damla-kupe-51420","status":"publish","type":"product","link":"https:\/\/www.purejewels.com\/tr\/product\/elaichi-motif-double-drop-earrings-51420\/","title":{"rendered":"Elchi Motifli \u0130kili Damla K\u00fcpe"},"content":{"rendered":"<p>Kakule kabu\u011funun nazik formunu yans\u0131tan Elchi Motifli \u0130kili Damla K\u00fcpe, g\u00fcnl\u00fck g\u00fczelli\u011fe zarif bir \u00f6vg\u00fcd\u00fcr. 22 ayar Sunrise Alt\u0131ndan el i\u015f\u00e7ili\u011fiyle \u00fcretilen her bir k\u00fcpede, s\u0131cakl\u0131k, gelenek ve ince sofistikeli\u011fi simgeleyen, uyum i\u00e7inde as\u0131l\u0131 duran iki zarif kaps\u00fcl yer al\u0131yor. Her bir kaps\u00fcl\u00fcn i\u00e7indeki alt\u0131n boncuk hafif\u00e7e hareket ederek hayat\u0131n en basit ayr\u0131nt\u0131lar\u0131nda bulunan zenginli\u011fi dokunsal bir \u015fekilde hat\u0131rlat\u0131r. \u00c7ok y\u00f6nl\u00fc ve hafif olan bu k\u00fcpeler, g\u00fcnl\u00fck kullan\u0131m veya \u00f6zenli bir hediye i\u00e7in m\u00fckemmeldir ve anlaml\u0131 tasar\u0131m\u0131 minimal bir modern kenarla harmanlar.<\/p>","protected":false},"excerpt":{"rendered":"<p data-start=\"581\" data-end=\"807\">22 ayar Sunrise Alt\u0131ndan \u00fcretilen Elchi Motif \u00c7ift Damla K\u00fcpe, m\u00fctevaz\u0131 kakuleden esinlenen narin bir ikiz taneli tasar\u0131ma sahiptir. Hafif ve zamans\u0131z olan bu k\u00fcpeler, k\u00fclt\u00fcrel k\u00f6klere ve minimalist stile bir \u00f6vg\u00fc niteli\u011findedir.<\/p>\n<p><strong>Malzeme:<\/strong>\u00a022 Ayar G\u00fcndo\u011fumu Alt\u0131n<strong><br \/>\nHallmark:\u00a0<\/strong>\u0130ngiliz Damgas\u0131<strong><br \/>\n<\/strong><strong>Br\u00fct A\u011f\u0131rl\u0131k: <\/strong>3.79 Gms<br \/>\n<strong>SKU:<\/strong> 51420, 54661, 54660<\/p>\n<p><strong>Fiyat ve Teslimat<\/strong>: KDV ve teslimat \u00fccreti dahil<br \/>\n<a href=\"https:\/\/www.purejewels.com\/tr\/i%cc%87ade-poli%cc%87ti%cc%87kasi\/\">\u0130ade Politikas\u0131<\/a><\/p>","protected":false},"featured_media":404857,"comment_status":"closed","ping_status":"closed","template":"","meta":{"_eb_attr":"","_crsspst_to_jayantr4sg-hostcom":false},"product_brand":[],"product_cat":[1791,1559,236,1793,1685,5701,5848,6117,1792,1254,1229,6081,1575,1569,1573,1574],"product_tag":[66],"class_list":{"0":"post-404855","1":"product","2":"type-product","3":"status-publish","4":"has-post-thumbnail","6":"product_cat-anniversary-gifts","7":"product_cat-birthday-gifts","8":"product_cat-collections","9":"product_cat-diwali-gifts","10":"product_cat-drop-earrings","11":"product_cat-eid-jewellery","12":"product_cat-elchi-collection","13":"product_cat-elchi-earring","14":"product_cat-festival-gifts","15":"product_cat-gold-earrings","16":"product_cat-22ct-gold-jewellery","17":"product_cat-sunrise-gold","18":"product_cat-teenage-jewellery","19":"product_cat-valentine-day-gifts","20":"product_cat-wedding-gifts","21":"product_cat-womens-jewellery","22":"product_tag-earrings","24":"first","25":"instock","26":"taxable","27":"shipping-taxable","28":"purchasable","29":"product-type-simple","30":"add-to-wishlist-before_image"},"yoast_head":"<!-- This site is optimized with the Yoast SEO plugin v27.5 - https:\/\/yoast.com\/product\/yoast-seo-wordpress\/ -->\n<title>Shop Elchi Motif Double Drop Earrings in 22ct Sunrise Gold<\/title>\n<meta name=\"description\" content=\"Inspired by the cardamom pod, these 22ct gold Elchi Drop Earrings blend heritage design with a modern silhouette\u2014perfect for everyday elegance.\" \/>\n<meta name=\"robots\" content=\"index, follow, max-snippet:-1, max-image-preview:large, max-video-preview:-1\" \/>\n<link rel=\"canonical\" href=\"https:\/\/www.purejewels.com\/tr\/urun\/elaichi-motifli-cift-damla-kupe-51420\/\" \/>\n<meta property=\"og:locale\" content=\"tr_TR\" \/>\n<meta property=\"og:type\" content=\"article\" \/>\n<meta property=\"og:title\" content=\"Shop Elchi Motif Double Drop Earrings in 22ct Sunrise Gold\" \/>\n<meta property=\"og:description\" content=\"Inspired by the cardamom pod, these 22ct gold Elchi Drop Earrings blend heritage design with a modern silhouette\u2014perfect for everyday elegance.\" \/>\n<meta property=\"og:url\" content=\"https:\/\/www.purejewels.com\/tr\/urun\/elaichi-motifli-cift-damla-kupe-51420\/\" \/>\n<meta property=\"og:site_name\" content=\"PureJewels UK\" \/>\n<meta property=\"article:modified_time\" content=\"2026-03-19T07:24:16+00:00\" \/>\n<meta property=\"og:image\" content=\"https:\/\/static.purejewels.com\/wp-content\/uploads\/2025\/07\/SKU-51420.1.jpg\" \/>\n\t<meta property=\"og:image:width\" content=\"1000\" \/>\n\t<meta property=\"og:image:height\" content=\"1000\" \/>\n\t<meta property=\"og:image:type\" content=\"image\/jpeg\" \/>\n<meta name=\"twitter:card\" content=\"summary_large_image\" \/>\n<meta name=\"twitter:label1\" content=\"Tahmini okuma s\u00fcresi\" \/>\n\t<meta name=\"twitter:data1\" content=\"1 dakika\" \/>\n<script type=\"application\/ld+json\" class=\"yoast-schema-graph\">{\"@context\":\"https:\\\/\\\/schema.org\",\"@graph\":[{\"@type\":[\"WebPage\",\"ItemPage\"],\"@id\":\"https:\\\/\\\/www.purejewels.com\\\/product\\\/elaichi-motif-double-drop-earrings-51420\\\/\",\"url\":\"https:\\\/\\\/www.purejewels.com\\\/product\\\/elaichi-motif-double-drop-earrings-51420\\\/\",\"name\":\"Shop Elchi Motif Double Drop Earrings in 22ct Sunrise Gold\",\"isPartOf\":{\"@id\":\"https:\\\/\\\/www.purejewels.com\\\/#website\"},\"primaryImageOfPage\":{\"@id\":\"https:\\\/\\\/www.purejewels.com\\\/product\\\/elaichi-motif-double-drop-earrings-51420\\\/#primaryimage\"},\"image\":{\"@id\":\"https:\\\/\\\/www.purejewels.com\\\/product\\\/elaichi-motif-double-drop-earrings-51420\\\/#primaryimage\"},\"thumbnailUrl\":\"https:\\\/\\\/static.purejewels.com\\\/wp-content\\\/uploads\\\/2025\\\/07\\\/SKU-51420.1.jpg\",\"datePublished\":\"2025-07-30T06:59:34+00:00\",\"dateModified\":\"2026-03-19T07:24:16+00:00\",\"description\":\"Inspired by the cardamom pod, these 22ct gold Elchi Drop Earrings blend heritage design with a modern silhouette\u2014perfect for everyday elegance.\",\"breadcrumb\":{\"@id\":\"https:\\\/\\\/www.purejewels.com\\\/product\\\/elaichi-motif-double-drop-earrings-51420\\\/#breadcrumb\"},\"inLanguage\":\"tr\",\"potentialAction\":[{\"@type\":\"ReadAction\",\"target\":[\"https:\\\/\\\/www.purejewels.com\\\/product\\\/elaichi-motif-double-drop-earrings-51420\\\/\"]}]},{\"@type\":\"ImageObject\",\"inLanguage\":\"tr\",\"@id\":\"https:\\\/\\\/www.purejewels.com\\\/product\\\/elaichi-motif-double-drop-earrings-51420\\\/#primaryimage\",\"url\":\"https:\\\/\\\/static.purejewels.com\\\/wp-content\\\/uploads\\\/2025\\\/07\\\/SKU-51420.1.jpg\",\"contentUrl\":\"https:\\\/\\\/static.purejewels.com\\\/wp-content\\\/uploads\\\/2025\\\/07\\\/SKU-51420.1.jpg\",\"width\":1000,\"height\":1000,\"caption\":\"Elaichi Motif Double Drop Earrings\"},{\"@type\":\"BreadcrumbList\",\"@id\":\"https:\\\/\\\/www.purejewels.com\\\/product\\\/elaichi-motif-double-drop-earrings-51420\\\/#breadcrumb\",\"itemListElement\":[{\"@type\":\"ListItem\",\"position\":1,\"name\":\"Home\",\"item\":\"https:\\\/\\\/www.purejewels.com\\\/\"},{\"@type\":\"ListItem\",\"position\":2,\"name\":\"Shop\",\"item\":\"https:\\\/\\\/www.purejewels.com\\\/shop\\\/\"},{\"@type\":\"ListItem\",\"position\":3,\"name\":\"Elchi Motif Double Drop Earrings\"}]},{\"@type\":\"WebSite\",\"@id\":\"https:\\\/\\\/www.purejewels.com\\\/#website\",\"url\":\"https:\\\/\\\/www.purejewels.com\\\/\",\"name\":\"PureJewels UK\",\"description\":\"Share the Love\",\"publisher\":{\"@id\":\"https:\\\/\\\/www.purejewels.com\\\/#organization\"},\"potentialAction\":[{\"@type\":\"SearchAction\",\"target\":{\"@type\":\"EntryPoint\",\"urlTemplate\":\"https:\\\/\\\/www.purejewels.com\\\/?s={search_term_string}\"},\"query-input\":{\"@type\":\"PropertyValueSpecification\",\"valueRequired\":true,\"valueName\":\"search_term_string\"}}],\"inLanguage\":\"tr\"},{\"@type\":\"Organization\",\"@id\":\"https:\\\/\\\/www.purejewels.com\\\/#organization\",\"name\":\"PureJewels UK\",\"url\":\"https:\\\/\\\/www.purejewels.com\\\/\",\"logo\":{\"@type\":\"ImageObject\",\"inLanguage\":\"tr\",\"@id\":\"https:\\\/\\\/www.purejewels.com\\\/#\\\/schema\\\/logo\\\/image\\\/\",\"url\":\"https:\\\/\\\/static.purejewels.com\\\/wp-content\\\/uploads\\\/2020\\\/11\\\/Logo-PJ-New-1.png\",\"contentUrl\":\"https:\\\/\\\/static.purejewels.com\\\/wp-content\\\/uploads\\\/2020\\\/11\\\/Logo-PJ-New-1.png\",\"width\":150,\"height\":80,\"caption\":\"PureJewels UK\"},\"image\":{\"@id\":\"https:\\\/\\\/www.purejewels.com\\\/#\\\/schema\\\/logo\\\/image\\\/\"}}]}<\/script>\n<!-- \/ Yoast SEO plugin. -->","yoast_head_json":{"title":"Elchi Motifli \u0130kili Damla K\u00fcpe 22 Ayar G\u00fcn Do\u011fumu Alt\u0131n ile Al\u0131\u015fveri\u015f Yap\u0131n","description":"Kakule kabu\u011fundan esinlenerek tasarlanan bu 22 ayar alt\u0131n Elchi Damla K\u00fcpeler, miras tasar\u0131m\u0131n\u0131 modern bir sil\u00fcetle harmanl\u0131yor; g\u00fcnl\u00fck \u015f\u0131kl\u0131k i\u00e7in m\u00fckemmel.","robots":{"index":"index","follow":"follow","max-snippet":"max-snippet:-1","max-image-preview":"max-image-preview:large","max-video-preview":"max-video-preview:-1"},"canonical":"https:\/\/www.purejewels.com\/tr\/urun\/elaichi-motifli-cift-damla-kupe-51420\/","og_locale":"tr_TR","og_type":"article","og_title":"Shop Elchi Motif Double Drop Earrings in 22ct Sunrise Gold","og_description":"Inspired by the cardamom pod, these 22ct gold Elchi Drop Earrings blend heritage design with a modern silhouette\u2014perfect for everyday elegance.","og_url":"https:\/\/www.purejewels.com\/tr\/urun\/elaichi-motifli-cift-damla-kupe-51420\/","og_site_name":"PureJewels UK","article_modified_time":"2026-03-19T07:24:16+00:00","og_image":[{"width":1000,"height":1000,"url":"https:\/\/static.purejewels.com\/wp-content\/uploads\/2025\/07\/SKU-51420.1.jpg","type":"image\/jpeg"}],"twitter_card":"summary_large_image","twitter_misc":{"Tahmini okuma s\u00fcresi":"1 dakika"},"schema":{"@context":"https:\/\/schema.org","@graph":[{"@type":["WebPage","ItemPage"],"@id":"https:\/\/www.purejewels.com\/product\/elaichi-motif-double-drop-earrings-51420\/","url":"https:\/\/www.purejewels.com\/product\/elaichi-motif-double-drop-earrings-51420\/","name":"Elchi Motifli \u0130kili Damla K\u00fcpe 22 Ayar G\u00fcn Do\u011fumu Alt\u0131n ile Al\u0131\u015fveri\u015f Yap\u0131n","isPartOf":{"@id":"https:\/\/www.purejewels.com\/#website"},"primaryImageOfPage":{"@id":"https:\/\/www.purejewels.com\/product\/elaichi-motif-double-drop-earrings-51420\/#primaryimage"},"image":{"@id":"https:\/\/www.purejewels.com\/product\/elaichi-motif-double-drop-earrings-51420\/#primaryimage"},"thumbnailUrl":"https:\/\/static.purejewels.com\/wp-content\/uploads\/2025\/07\/SKU-51420.1.jpg","datePublished":"2025-07-30T06:59:34+00:00","dateModified":"2026-03-19T07:24:16+00:00","description":"Kakule kabu\u011fundan esinlenerek tasarlanan bu 22 ayar alt\u0131n Elchi Damla K\u00fcpeler, miras tasar\u0131m\u0131n\u0131 modern bir sil\u00fcetle harmanl\u0131yor; g\u00fcnl\u00fck \u015f\u0131kl\u0131k i\u00e7in m\u00fckemmel.","breadcrumb":{"@id":"https:\/\/www.purejewels.com\/product\/elaichi-motif-double-drop-earrings-51420\/#breadcrumb"},"inLanguage":"tr","potentialAction":[{"@type":"ReadAction","target":["https:\/\/www.purejewels.com\/product\/elaichi-motif-double-drop-earrings-51420\/"]}]},{"@type":"ImageObject","inLanguage":"tr","@id":"https:\/\/www.purejewels.com\/product\/elaichi-motif-double-drop-earrings-51420\/#primaryimage","url":"https:\/\/static.purejewels.com\/wp-content\/uploads\/2025\/07\/SKU-51420.1.jpg","contentUrl":"https:\/\/static.purejewels.com\/wp-content\/uploads\/2025\/07\/SKU-51420.1.jpg","width":1000,"height":1000,"caption":"Elaichi Motif Double Drop Earrings"},{"@type":"BreadcrumbList","@id":"https:\/\/www.purejewels.com\/product\/elaichi-motif-double-drop-earrings-51420\/#breadcrumb","itemListElement":[{"@type":"ListItem","position":1,"name":"Home","item":"https:\/\/www.purejewels.com\/"},{"@type":"ListItem","position":2,"name":"Shop","item":"https:\/\/www.purejewels.com\/shop\/"},{"@type":"ListItem","position":3,"name":"Elchi Motif Double Drop Earrings"}]},{"@type":"WebSite","@id":"https:\/\/www.purejewels.com\/#website","url":"https:\/\/www.purejewels.com\/","name":"PureJewels \u0130ngiltere","description":"Sevgiyi Payla\u015f\u0131n","publisher":{"@id":"https:\/\/www.purejewels.com\/#organization"},"potentialAction":[{"@type":"SearchAction","target":{"@type":"EntryPoint","urlTemplate":"https:\/\/www.purejewels.com\/?s={search_term_string}"},"query-input":{"@type":"PropertyValueSpecification","valueRequired":true,"valueName":"search_term_string"}}],"inLanguage":"tr"},{"@type":"Organization","@id":"https:\/\/www.purejewels.com\/#organization","name":"PureJewels \u0130ngiltere","url":"https:\/\/www.purejewels.com\/","logo":{"@type":"ImageObject","inLanguage":"tr","@id":"https:\/\/www.purejewels.com\/#\/schema\/logo\/image\/","url":"https:\/\/static.purejewels.com\/wp-content\/uploads\/2020\/11\/Logo-PJ-New-1.png","contentUrl":"https:\/\/static.purejewels.com\/wp-content\/uploads\/2020\/11\/Logo-PJ-New-1.png","width":150,"height":80,"caption":"PureJewels UK"},"image":{"@id":"https:\/\/www.purejewels.com\/#\/schema\/logo\/image\/"}}]}},"_links":{"self":[{"href":"https:\/\/www.purejewels.com\/tr\/wp-json\/wp\/v2\/product\/404855","targetHints":{"allow":["GET"]}}],"collection":[{"href":"https:\/\/www.purejewels.com\/tr\/wp-json\/wp\/v2\/product"}],"about":[{"href":"https:\/\/www.purejewels.com\/tr\/wp-json\/wp\/v2\/types\/product"}],"replies":[{"embeddable":true,"href":"https:\/\/www.purejewels.com\/tr\/wp-json\/wp\/v2\/comments?post=404855"}],"version-history":[{"count":3,"href":"https:\/\/www.purejewels.com\/tr\/wp-json\/wp\/v2\/product\/404855\/revisions"}],"predecessor-version":[{"id":426990,"href":"https:\/\/www.purejewels.com\/tr\/wp-json\/wp\/v2\/product\/404855\/revisions\/426990"}],"wp:featuredmedia":[{"embeddable":true,"href":"https:\/\/www.purejewels.com\/tr\/wp-json\/wp\/v2\/media\/404857"}],"wp:attachment":[{"href":"https:\/\/www.purejewels.com\/tr\/wp-json\/wp\/v2\/media?parent=404855"}],"wp:term":[{"taxonomy":"product_brand","embeddable":true,"href":"https:\/\/www.purejewels.com\/tr\/wp-json\/wp\/v2\/product_brand?post=404855"},{"taxonomy":"product_cat","embeddable":true,"href":"https:\/\/www.purejewels.com\/tr\/wp-json\/wp\/v2\/product_cat?post=404855"},{"taxonomy":"product_tag","embeddable":true,"href":"https:\/\/www.purejewels.com\/tr\/wp-json\/wp\/v2\/product_tag?post=404855"}],"curies":[{"name":"wp","href":"https:\/\/api.w.org\/{rel}","templated":true}]}}