{"id":404929,"date":"2025-06-15T10:38:53","date_gmt":"2025-06-15T09:38:53","guid":{"rendered":"https:\/\/www.purejewels.com\/?post_type=product&#038;p=404929"},"modified":"2026-02-06T12:53:22","modified_gmt":"2026-02-06T12:53:22","slug":"floral-radiance-cz-damla-kupe-51713","status":"publish","type":"product","link":"https:\/\/www.purejewels.com\/tr\/product\/floral-radiance-cz-drop-earrings-51713\/","title":{"rendered":"Floral Radiance CZ Damla K\u00fcpe"},"content":{"rendered":"<p data-start=\"640\" data-end=\"1190\">Floral Radiance CZ Damla K\u00fcpe, kutlama ve i\u015f\u00e7ili\u011fin zarif bir ifadesidir. 22 ayar Sunrise Alt\u0131ndan el i\u015f\u00e7ili\u011fiyle \u00fcretilen tasar\u0131m, merkezi bir hilalden \u0131\u015f\u0131lt\u0131l\u0131 bir \u00e7i\u00e7ek halesine d\u00f6n\u00fc\u015f\u00fcr ve y\u00fcksek parlakl\u0131kta k\u00fcbik zirkon ta\u015flarla kaplan\u0131r. Dokulu alt\u0131n i\u015f\u00e7ili\u011finden narin \u00e7i\u00e7ek tepesine ve geleneksel damla t\u0131ls\u0131m\u0131na kadar her ayr\u0131nt\u0131, zamans\u0131z Hint sanat\u0131n\u0131 \u00e7a\u011fr\u0131\u015ft\u0131r\u0131yor. Hafif ama cesur olan bu k\u00fcpeler d\u00fc\u011f\u00fcnler, bayramlar veya modern gard\u0131roplara \u0131\u015f\u0131lt\u0131l\u0131 bir zarafet katmak i\u00e7in m\u00fckemmeldir.<\/p>","protected":false},"excerpt":{"rendered":"<div>\n<p data-start=\"407\" data-end=\"633\">22 ayar Sunrise Alt\u0131ndan \u00fcretilen Floral Radiance Damla K\u00fcpeler, \u0131\u015f\u0131lt\u0131l\u0131 bir dokunu\u015f i\u00e7in CZ ta\u015flarla s\u00fcsl\u00fc \u00e7i\u00e7ek esintili desenlere sahiptir. D\u00fc\u011f\u00fcnler, \u015fenlikler veya g\u00f6steri\u015fli bir stil i\u00e7in tasarlanm\u0131\u015ft\u0131r.<\/p>\n<ul>\n<li><strong>Malzeme:<\/strong>\u00a022 Ayar Alt\u0131n<\/li>\n<li><strong>Hallmark:\u00a0<\/strong>\u0130ngiliz Damgas\u0131<\/li>\n<li><strong>Br\u00fct A\u011f\u0131rl\u0131k: <\/strong>24.80 Gms<\/li>\n<li><strong>Yeni a\u011f\u0131rl\u0131k: <\/strong>22.56 Gms<\/li>\n<li><strong>SKU: <\/strong>51713<\/li>\n<\/ul>\n<p><strong><br \/>\nFiyat ve Teslimat:\u00a0<\/strong>KDV ve teslimat \u00fccretleri dahil<br \/>\n<strong><a href=\"https:\/\/www.purejewels.com\/tr\/i%cc%87ade-poli%cc%87ti%cc%87kasi\/\">\u0130ade Politikas\u0131<\/a><\/strong><\/p>\n<\/div>","protected":false},"featured_media":404931,"comment_status":"closed","ping_status":"closed","template":"","meta":{"_eb_attr":"","_crsspst_to_jayantr4sg-hostcom":false},"product_brand":[],"product_cat":[1791,1685,5701,1254,1229,6081,1574],"product_tag":[],"class_list":{"0":"post-404929","1":"product","2":"type-product","3":"status-publish","4":"has-post-thumbnail","6":"product_cat-anniversary-gifts","7":"product_cat-drop-earrings","8":"product_cat-eid-jewellery","9":"product_cat-gold-earrings","10":"product_cat-22ct-gold-jewellery","11":"product_cat-sunrise-gold","12":"product_cat-womens-jewellery","14":"first","15":"instock","16":"taxable","17":"shipping-taxable","18":"purchasable","19":"product-type-simple","20":"add-to-wishlist-before_image"},"yoast_head":"<!-- This site is optimized with the Yoast SEO plugin v27.5 - https:\/\/yoast.com\/product\/yoast-seo-wordpress\/ -->\n<title>22ct Sunrise Gold Floral Radiance CZ Drop Earrings | PureJewels<\/title>\n<meta name=\"description\" content=\"Elegant 22ct Sunrise Gold CZ drop earrings with floral motifs and intricate detailing. A perfect blend of tradition, sparkle, and festive charm.\" \/>\n<meta name=\"robots\" content=\"index, follow, max-snippet:-1, max-image-preview:large, max-video-preview:-1\" \/>\n<link rel=\"canonical\" href=\"https:\/\/www.purejewels.com\/tr\/urun\/floral-radiance-cz-damla-kupe-51713\/\" \/>\n<meta property=\"og:locale\" content=\"tr_TR\" \/>\n<meta property=\"og:type\" content=\"article\" \/>\n<meta property=\"og:title\" content=\"22ct Sunrise Gold Floral Radiance CZ Drop Earrings | PureJewels\" \/>\n<meta property=\"og:description\" content=\"Elegant 22ct Sunrise Gold CZ drop earrings with floral motifs and intricate detailing. A perfect blend of tradition, sparkle, and festive charm.\" \/>\n<meta property=\"og:url\" content=\"https:\/\/www.purejewels.com\/tr\/urun\/floral-radiance-cz-damla-kupe-51713\/\" \/>\n<meta property=\"og:site_name\" content=\"PureJewels UK\" \/>\n<meta property=\"article:modified_time\" content=\"2026-02-06T12:53:22+00:00\" \/>\n<meta property=\"og:image\" content=\"https:\/\/static.purejewels.com\/wp-content\/uploads\/2025\/07\/SKU-51713-1.jpg\" \/>\n\t<meta property=\"og:image:width\" content=\"1000\" \/>\n\t<meta property=\"og:image:height\" content=\"1000\" \/>\n\t<meta property=\"og:image:type\" content=\"image\/jpeg\" \/>\n<meta name=\"twitter:card\" content=\"summary_large_image\" \/>\n<meta name=\"twitter:label1\" content=\"Tahmini okuma s\u00fcresi\" \/>\n\t<meta name=\"twitter:data1\" content=\"1 dakika\" \/>\n<script type=\"application\/ld+json\" class=\"yoast-schema-graph\">{\"@context\":\"https:\\\/\\\/schema.org\",\"@graph\":[{\"@type\":[\"WebPage\",\"ItemPage\"],\"@id\":\"https:\\\/\\\/www.purejewels.com\\\/product\\\/floral-radiance-cz-drop-earrings-51713\\\/\",\"url\":\"https:\\\/\\\/www.purejewels.com\\\/product\\\/floral-radiance-cz-drop-earrings-51713\\\/\",\"name\":\"22ct Sunrise Gold Floral Radiance CZ Drop Earrings | PureJewels\",\"isPartOf\":{\"@id\":\"https:\\\/\\\/www.purejewels.com\\\/#website\"},\"primaryImageOfPage\":{\"@id\":\"https:\\\/\\\/www.purejewels.com\\\/product\\\/floral-radiance-cz-drop-earrings-51713\\\/#primaryimage\"},\"image\":{\"@id\":\"https:\\\/\\\/www.purejewels.com\\\/product\\\/floral-radiance-cz-drop-earrings-51713\\\/#primaryimage\"},\"thumbnailUrl\":\"https:\\\/\\\/static.purejewels.com\\\/wp-content\\\/uploads\\\/2025\\\/07\\\/SKU-51713-1.jpg\",\"datePublished\":\"2025-06-15T09:38:53+00:00\",\"dateModified\":\"2026-02-06T12:53:22+00:00\",\"description\":\"Elegant 22ct Sunrise Gold CZ drop earrings with floral motifs and intricate detailing. A perfect blend of tradition, sparkle, and festive charm.\",\"breadcrumb\":{\"@id\":\"https:\\\/\\\/www.purejewels.com\\\/product\\\/floral-radiance-cz-drop-earrings-51713\\\/#breadcrumb\"},\"inLanguage\":\"tr\",\"potentialAction\":[{\"@type\":\"ReadAction\",\"target\":[\"https:\\\/\\\/www.purejewels.com\\\/product\\\/floral-radiance-cz-drop-earrings-51713\\\/\"]}]},{\"@type\":\"ImageObject\",\"inLanguage\":\"tr\",\"@id\":\"https:\\\/\\\/www.purejewels.com\\\/product\\\/floral-radiance-cz-drop-earrings-51713\\\/#primaryimage\",\"url\":\"https:\\\/\\\/static.purejewels.com\\\/wp-content\\\/uploads\\\/2025\\\/07\\\/SKU-51713-1.jpg\",\"contentUrl\":\"https:\\\/\\\/static.purejewels.com\\\/wp-content\\\/uploads\\\/2025\\\/07\\\/SKU-51713-1.jpg\",\"width\":1000,\"height\":1000,\"caption\":\"Floral Radiance CZ Drop Earrings\"},{\"@type\":\"BreadcrumbList\",\"@id\":\"https:\\\/\\\/www.purejewels.com\\\/product\\\/floral-radiance-cz-drop-earrings-51713\\\/#breadcrumb\",\"itemListElement\":[{\"@type\":\"ListItem\",\"position\":1,\"name\":\"Home\",\"item\":\"https:\\\/\\\/www.purejewels.com\\\/\"},{\"@type\":\"ListItem\",\"position\":2,\"name\":\"Shop\",\"item\":\"https:\\\/\\\/www.purejewels.com\\\/shop\\\/\"},{\"@type\":\"ListItem\",\"position\":3,\"name\":\"Floral Radiance CZ Drop Earrings\"}]},{\"@type\":\"WebSite\",\"@id\":\"https:\\\/\\\/www.purejewels.com\\\/#website\",\"url\":\"https:\\\/\\\/www.purejewels.com\\\/\",\"name\":\"PureJewels UK\",\"description\":\"Share the Love\",\"publisher\":{\"@id\":\"https:\\\/\\\/www.purejewels.com\\\/#organization\"},\"potentialAction\":[{\"@type\":\"SearchAction\",\"target\":{\"@type\":\"EntryPoint\",\"urlTemplate\":\"https:\\\/\\\/www.purejewels.com\\\/?s={search_term_string}\"},\"query-input\":{\"@type\":\"PropertyValueSpecification\",\"valueRequired\":true,\"valueName\":\"search_term_string\"}}],\"inLanguage\":\"tr\"},{\"@type\":\"Organization\",\"@id\":\"https:\\\/\\\/www.purejewels.com\\\/#organization\",\"name\":\"PureJewels UK\",\"url\":\"https:\\\/\\\/www.purejewels.com\\\/\",\"logo\":{\"@type\":\"ImageObject\",\"inLanguage\":\"tr\",\"@id\":\"https:\\\/\\\/www.purejewels.com\\\/#\\\/schema\\\/logo\\\/image\\\/\",\"url\":\"https:\\\/\\\/static.purejewels.com\\\/wp-content\\\/uploads\\\/2020\\\/11\\\/Logo-PJ-New-1.png\",\"contentUrl\":\"https:\\\/\\\/static.purejewels.com\\\/wp-content\\\/uploads\\\/2020\\\/11\\\/Logo-PJ-New-1.png\",\"width\":150,\"height\":80,\"caption\":\"PureJewels UK\"},\"image\":{\"@id\":\"https:\\\/\\\/www.purejewels.com\\\/#\\\/schema\\\/logo\\\/image\\\/\"}}]}<\/script>\n<!-- \/ Yoast SEO plugin. -->","yoast_head_json":{"title":"22 Ayar G\u00fcndo\u011fumu Alt\u0131n Floral I\u015f\u0131lt\u0131 CZ Damla K\u00fcpe | PureJewels","description":"\u00c7i\u00e7ek motifleri ve karma\u015f\u0131k detaylara sahip zarif 22 ayar Sunrise Alt\u0131n CZ damla k\u00fcpe. Gelenek, \u0131\u015f\u0131lt\u0131 ve festival cazibesinin m\u00fckemmel bir kar\u0131\u015f\u0131m\u0131.","robots":{"index":"index","follow":"follow","max-snippet":"max-snippet:-1","max-image-preview":"max-image-preview:large","max-video-preview":"max-video-preview:-1"},"canonical":"https:\/\/www.purejewels.com\/tr\/urun\/floral-radiance-cz-damla-kupe-51713\/","og_locale":"tr_TR","og_type":"article","og_title":"22ct Sunrise Gold Floral Radiance CZ Drop Earrings | PureJewels","og_description":"Elegant 22ct Sunrise Gold CZ drop earrings with floral motifs and intricate detailing. A perfect blend of tradition, sparkle, and festive charm.","og_url":"https:\/\/www.purejewels.com\/tr\/urun\/floral-radiance-cz-damla-kupe-51713\/","og_site_name":"PureJewels UK","article_modified_time":"2026-02-06T12:53:22+00:00","og_image":[{"width":1000,"height":1000,"url":"https:\/\/static.purejewels.com\/wp-content\/uploads\/2025\/07\/SKU-51713-1.jpg","type":"image\/jpeg"}],"twitter_card":"summary_large_image","twitter_misc":{"Tahmini okuma s\u00fcresi":"1 dakika"},"schema":{"@context":"https:\/\/schema.org","@graph":[{"@type":["WebPage","ItemPage"],"@id":"https:\/\/www.purejewels.com\/product\/floral-radiance-cz-drop-earrings-51713\/","url":"https:\/\/www.purejewels.com\/product\/floral-radiance-cz-drop-earrings-51713\/","name":"22 Ayar G\u00fcndo\u011fumu Alt\u0131n Floral I\u015f\u0131lt\u0131 CZ Damla K\u00fcpe | PureJewels","isPartOf":{"@id":"https:\/\/www.purejewels.com\/#website"},"primaryImageOfPage":{"@id":"https:\/\/www.purejewels.com\/product\/floral-radiance-cz-drop-earrings-51713\/#primaryimage"},"image":{"@id":"https:\/\/www.purejewels.com\/product\/floral-radiance-cz-drop-earrings-51713\/#primaryimage"},"thumbnailUrl":"https:\/\/static.purejewels.com\/wp-content\/uploads\/2025\/07\/SKU-51713-1.jpg","datePublished":"2025-06-15T09:38:53+00:00","dateModified":"2026-02-06T12:53:22+00:00","description":"\u00c7i\u00e7ek motifleri ve karma\u015f\u0131k detaylara sahip zarif 22 ayar Sunrise Alt\u0131n CZ damla k\u00fcpe. Gelenek, \u0131\u015f\u0131lt\u0131 ve festival cazibesinin m\u00fckemmel bir kar\u0131\u015f\u0131m\u0131.","breadcrumb":{"@id":"https:\/\/www.purejewels.com\/product\/floral-radiance-cz-drop-earrings-51713\/#breadcrumb"},"inLanguage":"tr","potentialAction":[{"@type":"ReadAction","target":["https:\/\/www.purejewels.com\/product\/floral-radiance-cz-drop-earrings-51713\/"]}]},{"@type":"ImageObject","inLanguage":"tr","@id":"https:\/\/www.purejewels.com\/product\/floral-radiance-cz-drop-earrings-51713\/#primaryimage","url":"https:\/\/static.purejewels.com\/wp-content\/uploads\/2025\/07\/SKU-51713-1.jpg","contentUrl":"https:\/\/static.purejewels.com\/wp-content\/uploads\/2025\/07\/SKU-51713-1.jpg","width":1000,"height":1000,"caption":"Floral Radiance CZ Drop Earrings"},{"@type":"BreadcrumbList","@id":"https:\/\/www.purejewels.com\/product\/floral-radiance-cz-drop-earrings-51713\/#breadcrumb","itemListElement":[{"@type":"ListItem","position":1,"name":"Home","item":"https:\/\/www.purejewels.com\/"},{"@type":"ListItem","position":2,"name":"Shop","item":"https:\/\/www.purejewels.com\/shop\/"},{"@type":"ListItem","position":3,"name":"Floral Radiance CZ Drop Earrings"}]},{"@type":"WebSite","@id":"https:\/\/www.purejewels.com\/#website","url":"https:\/\/www.purejewels.com\/","name":"PureJewels \u0130ngiltere","description":"Sevgiyi Payla\u015f\u0131n","publisher":{"@id":"https:\/\/www.purejewels.com\/#organization"},"potentialAction":[{"@type":"SearchAction","target":{"@type":"EntryPoint","urlTemplate":"https:\/\/www.purejewels.com\/?s={search_term_string}"},"query-input":{"@type":"PropertyValueSpecification","valueRequired":true,"valueName":"search_term_string"}}],"inLanguage":"tr"},{"@type":"Organization","@id":"https:\/\/www.purejewels.com\/#organization","name":"PureJewels \u0130ngiltere","url":"https:\/\/www.purejewels.com\/","logo":{"@type":"ImageObject","inLanguage":"tr","@id":"https:\/\/www.purejewels.com\/#\/schema\/logo\/image\/","url":"https:\/\/static.purejewels.com\/wp-content\/uploads\/2020\/11\/Logo-PJ-New-1.png","contentUrl":"https:\/\/static.purejewels.com\/wp-content\/uploads\/2020\/11\/Logo-PJ-New-1.png","width":150,"height":80,"caption":"PureJewels UK"},"image":{"@id":"https:\/\/www.purejewels.com\/#\/schema\/logo\/image\/"}}]}},"_links":{"self":[{"href":"https:\/\/www.purejewels.com\/tr\/wp-json\/wp\/v2\/product\/404929","targetHints":{"allow":["GET"]}}],"collection":[{"href":"https:\/\/www.purejewels.com\/tr\/wp-json\/wp\/v2\/product"}],"about":[{"href":"https:\/\/www.purejewels.com\/tr\/wp-json\/wp\/v2\/types\/product"}],"replies":[{"embeddable":true,"href":"https:\/\/www.purejewels.com\/tr\/wp-json\/wp\/v2\/comments?post=404929"}],"version-history":[{"count":2,"href":"https:\/\/www.purejewels.com\/tr\/wp-json\/wp\/v2\/product\/404929\/revisions"}],"predecessor-version":[{"id":425317,"href":"https:\/\/www.purejewels.com\/tr\/wp-json\/wp\/v2\/product\/404929\/revisions\/425317"}],"wp:featuredmedia":[{"embeddable":true,"href":"https:\/\/www.purejewels.com\/tr\/wp-json\/wp\/v2\/media\/404931"}],"wp:attachment":[{"href":"https:\/\/www.purejewels.com\/tr\/wp-json\/wp\/v2\/media?parent=404929"}],"wp:term":[{"taxonomy":"product_brand","embeddable":true,"href":"https:\/\/www.purejewels.com\/tr\/wp-json\/wp\/v2\/product_brand?post=404929"},{"taxonomy":"product_cat","embeddable":true,"href":"https:\/\/www.purejewels.com\/tr\/wp-json\/wp\/v2\/product_cat?post=404929"},{"taxonomy":"product_tag","embeddable":true,"href":"https:\/\/www.purejewels.com\/tr\/wp-json\/wp\/v2\/product_tag?post=404929"}],"curies":[{"name":"wp","href":"https:\/\/api.w.org\/{rel}","templated":true}]}}