{"id":404941,"date":"2025-06-15T10:52:09","date_gmt":"2025-06-15T09:52:09","guid":{"rendered":"https:\/\/www.purejewels.com\/?post_type=product&#038;p=404941"},"modified":"2026-02-06T12:52:46","modified_gmt":"2026-02-06T12:52:46","slug":"cicek-damla-cz-kupe-50467","status":"publish","type":"product","link":"https:\/\/www.purejewels.com\/tr\/product\/blossom-drop-cz-earrings-50467\/","title":{"rendered":"\u00c7i\u00e7ek Damla CZ K\u00fcpe"},"content":{"rendered":"<p>L\u00fcks 22 ayar Pembe Alt\u0131n ile el i\u015f\u00e7ili\u011fiyle \u00fcretilen Blossom Drop CZ K\u00fcpe ile canl\u0131 tasar\u0131m\u0131 kutlay\u0131n. Tasar\u0131m, her biri parlak beyaz ve all\u0131k pembe k\u00fcbik zirkonya ile ayarlanm\u0131\u015f, her iki ucunda \u0131\u015f\u0131lt\u0131l\u0131 \u00e7i\u00e7ek k\u00fcmeleriyle s\u00fcslenmi\u015f dikey bir damla yap\u0131s\u0131na sahiptir. \u0130nce dokulu damla, boyut ve derinlik katarak i\u015f\u00e7ilik ve modern zarafet aras\u0131nda g\u00fczel bir etkile\u015fim yarat\u0131yor. D\u00fc\u011f\u00fcnler, partiler veya g\u00f6ze \u00e7arpan hediyeler i\u00e7in ideal olan bu k\u00fcpeler, e\u011flenceli detaylar\u0131 ve zamans\u0131z sofistikeli\u011fi bir araya getiriyor.<\/p>","protected":false},"excerpt":{"rendered":"<div>\n<p>22 ayar Pembe Alt\u0131n'dan \u00fcretilen Blossom Damla K\u00fcpe, karma\u015f\u0131k \u00e7i\u00e7ek motifleri ve \u0131\u015f\u0131lt\u0131l\u0131 pembe ve beyaz CZ ta\u015flara sahiptir. Bayram g\u00fcnleri ve \u00f6zel anlar i\u00e7in dikkat \u00e7ekici bir par\u00e7a.<\/p>\n<ul>\n<li><strong>Malzeme:<\/strong>\u00a022 Ayar Alt\u0131n<\/li>\n<li><strong>Hallmark:\u00a0<\/strong>\u0130ngiliz Damgas\u0131<\/li>\n<li><strong>Br\u00fct A\u011f\u0131rl\u0131k: <\/strong>7.80 Gms<\/li>\n<li><strong>Net A\u011f\u0131rl\u0131k: <\/strong>7.40 Gms<\/li>\n<li><strong>SKU: <\/strong>50467<\/li>\n<\/ul>\n<p><strong><br \/>\nFiyat ve Teslimat:\u00a0<\/strong>KDV ve teslimat \u00fccretleri dahil<br \/>\n<strong><a href=\"https:\/\/www.purejewels.com\/tr\/i%cc%87ade-poli%cc%87ti%cc%87kasi\/\">\u0130ade Politikas\u0131<\/a><\/strong><\/p>\n<\/div>\n<div><\/div>\n<div>\n<p>&nbsp;<\/p>\n<p>&nbsp;<\/p>\n<p>&nbsp;<\/p>\n<\/div>\n<div class=\"btn-atc atc-slide\"><\/div>\n<div class=\"product_meta\"><\/div>","protected":false},"featured_media":404943,"comment_status":"closed","ping_status":"closed","template":"","meta":{"_eb_attr":"","_crsspst_to_jayantr4sg-hostcom":true},"product_brand":[],"product_cat":[1791,1793,1685,5701,1792,1254,1229,1570,1573,1574],"product_tag":[],"class_list":{"0":"post-404941","1":"product","2":"type-product","3":"status-publish","4":"has-post-thumbnail","6":"product_cat-anniversary-gifts","7":"product_cat-diwali-gifts","8":"product_cat-drop-earrings","9":"product_cat-eid-jewellery","10":"product_cat-festival-gifts","11":"product_cat-gold-earrings","12":"product_cat-22ct-gold-jewellery","13":"product_cat-mothers-day-gifts","14":"product_cat-wedding-gifts","15":"product_cat-womens-jewellery","17":"first","18":"instock","19":"taxable","20":"shipping-taxable","21":"purchasable","22":"product-type-simple","23":"add-to-wishlist-before_image"},"yoast_head":"<!-- This site is optimized with the Yoast SEO plugin v27.5 - https:\/\/yoast.com\/product\/yoast-seo-wordpress\/ -->\n<title>22ct Rose Gold Blossom Drop CZ Earrings | PureJewels<\/title>\n<meta name=\"description\" content=\"Elegant 22ct rose gold CZ drop earrings with floral clusters and textured detailing. A modern take on traditional charm with pink and white sparkle.\" \/>\n<meta name=\"robots\" content=\"index, follow, max-snippet:-1, max-image-preview:large, max-video-preview:-1\" \/>\n<link rel=\"canonical\" href=\"https:\/\/www.purejewels.com\/tr\/urun\/cicek-damla-cz-kupe-50467\/\" \/>\n<meta property=\"og:locale\" content=\"tr_TR\" \/>\n<meta property=\"og:type\" content=\"article\" \/>\n<meta property=\"og:title\" content=\"22ct Rose Gold Blossom Drop CZ Earrings | PureJewels\" \/>\n<meta property=\"og:description\" content=\"Elegant 22ct rose gold CZ drop earrings with floral clusters and textured detailing. A modern take on traditional charm with pink and white sparkle.\" \/>\n<meta property=\"og:url\" content=\"https:\/\/www.purejewels.com\/tr\/urun\/cicek-damla-cz-kupe-50467\/\" \/>\n<meta property=\"og:site_name\" content=\"PureJewels UK\" \/>\n<meta property=\"article:modified_time\" content=\"2026-02-06T12:52:46+00:00\" \/>\n<meta property=\"og:image\" content=\"https:\/\/static.purejewels.com\/wp-content\/uploads\/2025\/07\/SKU-50467.jpg\" \/>\n\t<meta property=\"og:image:width\" content=\"1000\" \/>\n\t<meta property=\"og:image:height\" content=\"1000\" \/>\n\t<meta property=\"og:image:type\" content=\"image\/jpeg\" \/>\n<meta name=\"twitter:card\" content=\"summary_large_image\" \/>\n<meta name=\"twitter:label1\" content=\"Tahmini okuma s\u00fcresi\" \/>\n\t<meta name=\"twitter:data1\" content=\"1 dakika\" \/>\n<script type=\"application\/ld+json\" class=\"yoast-schema-graph\">{\"@context\":\"https:\\\/\\\/schema.org\",\"@graph\":[{\"@type\":[\"WebPage\",\"ItemPage\"],\"@id\":\"https:\\\/\\\/www.purejewels.com\\\/product\\\/blossom-drop-cz-earrings-50467\\\/\",\"url\":\"https:\\\/\\\/www.purejewels.com\\\/product\\\/blossom-drop-cz-earrings-50467\\\/\",\"name\":\"22ct Rose Gold Blossom Drop CZ Earrings | PureJewels\",\"isPartOf\":{\"@id\":\"https:\\\/\\\/www.purejewels.com\\\/#website\"},\"primaryImageOfPage\":{\"@id\":\"https:\\\/\\\/www.purejewels.com\\\/product\\\/blossom-drop-cz-earrings-50467\\\/#primaryimage\"},\"image\":{\"@id\":\"https:\\\/\\\/www.purejewels.com\\\/product\\\/blossom-drop-cz-earrings-50467\\\/#primaryimage\"},\"thumbnailUrl\":\"https:\\\/\\\/static.purejewels.com\\\/wp-content\\\/uploads\\\/2025\\\/07\\\/SKU-50467.jpg\",\"datePublished\":\"2025-06-15T09:52:09+00:00\",\"dateModified\":\"2026-02-06T12:52:46+00:00\",\"description\":\"Elegant 22ct rose gold CZ drop earrings with floral clusters and textured detailing. A modern take on traditional charm with pink and white sparkle.\",\"breadcrumb\":{\"@id\":\"https:\\\/\\\/www.purejewels.com\\\/product\\\/blossom-drop-cz-earrings-50467\\\/#breadcrumb\"},\"inLanguage\":\"tr\",\"potentialAction\":[{\"@type\":\"ReadAction\",\"target\":[\"https:\\\/\\\/www.purejewels.com\\\/product\\\/blossom-drop-cz-earrings-50467\\\/\"]}]},{\"@type\":\"ImageObject\",\"inLanguage\":\"tr\",\"@id\":\"https:\\\/\\\/www.purejewels.com\\\/product\\\/blossom-drop-cz-earrings-50467\\\/#primaryimage\",\"url\":\"https:\\\/\\\/static.purejewels.com\\\/wp-content\\\/uploads\\\/2025\\\/07\\\/SKU-50467.jpg\",\"contentUrl\":\"https:\\\/\\\/static.purejewels.com\\\/wp-content\\\/uploads\\\/2025\\\/07\\\/SKU-50467.jpg\",\"width\":1000,\"height\":1000,\"caption\":\"Blossom Drop CZ Earrings\"},{\"@type\":\"BreadcrumbList\",\"@id\":\"https:\\\/\\\/www.purejewels.com\\\/product\\\/blossom-drop-cz-earrings-50467\\\/#breadcrumb\",\"itemListElement\":[{\"@type\":\"ListItem\",\"position\":1,\"name\":\"Home\",\"item\":\"https:\\\/\\\/www.purejewels.com\\\/\"},{\"@type\":\"ListItem\",\"position\":2,\"name\":\"Shop\",\"item\":\"https:\\\/\\\/www.purejewels.com\\\/shop\\\/\"},{\"@type\":\"ListItem\",\"position\":3,\"name\":\"Blossom Drop CZ Earrings\"}]},{\"@type\":\"WebSite\",\"@id\":\"https:\\\/\\\/www.purejewels.com\\\/#website\",\"url\":\"https:\\\/\\\/www.purejewels.com\\\/\",\"name\":\"PureJewels UK\",\"description\":\"Share the Love\",\"publisher\":{\"@id\":\"https:\\\/\\\/www.purejewels.com\\\/#organization\"},\"potentialAction\":[{\"@type\":\"SearchAction\",\"target\":{\"@type\":\"EntryPoint\",\"urlTemplate\":\"https:\\\/\\\/www.purejewels.com\\\/?s={search_term_string}\"},\"query-input\":{\"@type\":\"PropertyValueSpecification\",\"valueRequired\":true,\"valueName\":\"search_term_string\"}}],\"inLanguage\":\"tr\"},{\"@type\":\"Organization\",\"@id\":\"https:\\\/\\\/www.purejewels.com\\\/#organization\",\"name\":\"PureJewels UK\",\"url\":\"https:\\\/\\\/www.purejewels.com\\\/\",\"logo\":{\"@type\":\"ImageObject\",\"inLanguage\":\"tr\",\"@id\":\"https:\\\/\\\/www.purejewels.com\\\/#\\\/schema\\\/logo\\\/image\\\/\",\"url\":\"https:\\\/\\\/static.purejewels.com\\\/wp-content\\\/uploads\\\/2020\\\/11\\\/Logo-PJ-New-1.png\",\"contentUrl\":\"https:\\\/\\\/static.purejewels.com\\\/wp-content\\\/uploads\\\/2020\\\/11\\\/Logo-PJ-New-1.png\",\"width\":150,\"height\":80,\"caption\":\"PureJewels UK\"},\"image\":{\"@id\":\"https:\\\/\\\/www.purejewels.com\\\/#\\\/schema\\\/logo\\\/image\\\/\"}}]}<\/script>\n<!-- \/ Yoast SEO plugin. -->","yoast_head_json":{"title":"22 Ayar G\u00fcl Alt\u0131n \u00c7i\u00e7e\u011fi Damla CZ K\u00fcpe | PureJewels","description":"\u00c7i\u00e7ek k\u00fcmeleri ve dokulu detaylara sahip zarif 22 ayar pembe alt\u0131n CZ damla k\u00fcpeler. Pembe ve beyaz \u0131\u015f\u0131lt\u0131s\u0131yla geleneksel cazibeye modern bir yakla\u015f\u0131m.","robots":{"index":"index","follow":"follow","max-snippet":"max-snippet:-1","max-image-preview":"max-image-preview:large","max-video-preview":"max-video-preview:-1"},"canonical":"https:\/\/www.purejewels.com\/tr\/urun\/cicek-damla-cz-kupe-50467\/","og_locale":"tr_TR","og_type":"article","og_title":"22ct Rose Gold Blossom Drop CZ Earrings | PureJewels","og_description":"Elegant 22ct rose gold CZ drop earrings with floral clusters and textured detailing. A modern take on traditional charm with pink and white sparkle.","og_url":"https:\/\/www.purejewels.com\/tr\/urun\/cicek-damla-cz-kupe-50467\/","og_site_name":"PureJewels UK","article_modified_time":"2026-02-06T12:52:46+00:00","og_image":[{"width":1000,"height":1000,"url":"https:\/\/static.purejewels.com\/wp-content\/uploads\/2025\/07\/SKU-50467.jpg","type":"image\/jpeg"}],"twitter_card":"summary_large_image","twitter_misc":{"Tahmini okuma s\u00fcresi":"1 dakika"},"schema":{"@context":"https:\/\/schema.org","@graph":[{"@type":["WebPage","ItemPage"],"@id":"https:\/\/www.purejewels.com\/product\/blossom-drop-cz-earrings-50467\/","url":"https:\/\/www.purejewels.com\/product\/blossom-drop-cz-earrings-50467\/","name":"22 Ayar G\u00fcl Alt\u0131n \u00c7i\u00e7e\u011fi Damla CZ K\u00fcpe | PureJewels","isPartOf":{"@id":"https:\/\/www.purejewels.com\/#website"},"primaryImageOfPage":{"@id":"https:\/\/www.purejewels.com\/product\/blossom-drop-cz-earrings-50467\/#primaryimage"},"image":{"@id":"https:\/\/www.purejewels.com\/product\/blossom-drop-cz-earrings-50467\/#primaryimage"},"thumbnailUrl":"https:\/\/static.purejewels.com\/wp-content\/uploads\/2025\/07\/SKU-50467.jpg","datePublished":"2025-06-15T09:52:09+00:00","dateModified":"2026-02-06T12:52:46+00:00","description":"\u00c7i\u00e7ek k\u00fcmeleri ve dokulu detaylara sahip zarif 22 ayar pembe alt\u0131n CZ damla k\u00fcpeler. Pembe ve beyaz \u0131\u015f\u0131lt\u0131s\u0131yla geleneksel cazibeye modern bir yakla\u015f\u0131m.","breadcrumb":{"@id":"https:\/\/www.purejewels.com\/product\/blossom-drop-cz-earrings-50467\/#breadcrumb"},"inLanguage":"tr","potentialAction":[{"@type":"ReadAction","target":["https:\/\/www.purejewels.com\/product\/blossom-drop-cz-earrings-50467\/"]}]},{"@type":"ImageObject","inLanguage":"tr","@id":"https:\/\/www.purejewels.com\/product\/blossom-drop-cz-earrings-50467\/#primaryimage","url":"https:\/\/static.purejewels.com\/wp-content\/uploads\/2025\/07\/SKU-50467.jpg","contentUrl":"https:\/\/static.purejewels.com\/wp-content\/uploads\/2025\/07\/SKU-50467.jpg","width":1000,"height":1000,"caption":"Blossom Drop CZ Earrings"},{"@type":"BreadcrumbList","@id":"https:\/\/www.purejewels.com\/product\/blossom-drop-cz-earrings-50467\/#breadcrumb","itemListElement":[{"@type":"ListItem","position":1,"name":"Home","item":"https:\/\/www.purejewels.com\/"},{"@type":"ListItem","position":2,"name":"Shop","item":"https:\/\/www.purejewels.com\/shop\/"},{"@type":"ListItem","position":3,"name":"Blossom Drop CZ Earrings"}]},{"@type":"WebSite","@id":"https:\/\/www.purejewels.com\/#website","url":"https:\/\/www.purejewels.com\/","name":"PureJewels \u0130ngiltere","description":"Sevgiyi Payla\u015f\u0131n","publisher":{"@id":"https:\/\/www.purejewels.com\/#organization"},"potentialAction":[{"@type":"SearchAction","target":{"@type":"EntryPoint","urlTemplate":"https:\/\/www.purejewels.com\/?s={search_term_string}"},"query-input":{"@type":"PropertyValueSpecification","valueRequired":true,"valueName":"search_term_string"}}],"inLanguage":"tr"},{"@type":"Organization","@id":"https:\/\/www.purejewels.com\/#organization","name":"PureJewels \u0130ngiltere","url":"https:\/\/www.purejewels.com\/","logo":{"@type":"ImageObject","inLanguage":"tr","@id":"https:\/\/www.purejewels.com\/#\/schema\/logo\/image\/","url":"https:\/\/static.purejewels.com\/wp-content\/uploads\/2020\/11\/Logo-PJ-New-1.png","contentUrl":"https:\/\/static.purejewels.com\/wp-content\/uploads\/2020\/11\/Logo-PJ-New-1.png","width":150,"height":80,"caption":"PureJewels UK"},"image":{"@id":"https:\/\/www.purejewels.com\/#\/schema\/logo\/image\/"}}]}},"_links":{"self":[{"href":"https:\/\/www.purejewels.com\/tr\/wp-json\/wp\/v2\/product\/404941","targetHints":{"allow":["GET"]}}],"collection":[{"href":"https:\/\/www.purejewels.com\/tr\/wp-json\/wp\/v2\/product"}],"about":[{"href":"https:\/\/www.purejewels.com\/tr\/wp-json\/wp\/v2\/types\/product"}],"replies":[{"embeddable":true,"href":"https:\/\/www.purejewels.com\/tr\/wp-json\/wp\/v2\/comments?post=404941"}],"version-history":[{"count":1,"href":"https:\/\/www.purejewels.com\/tr\/wp-json\/wp\/v2\/product\/404941\/revisions"}],"predecessor-version":[{"id":404944,"href":"https:\/\/www.purejewels.com\/tr\/wp-json\/wp\/v2\/product\/404941\/revisions\/404944"}],"wp:featuredmedia":[{"embeddable":true,"href":"https:\/\/www.purejewels.com\/tr\/wp-json\/wp\/v2\/media\/404943"}],"wp:attachment":[{"href":"https:\/\/www.purejewels.com\/tr\/wp-json\/wp\/v2\/media?parent=404941"}],"wp:term":[{"taxonomy":"product_brand","embeddable":true,"href":"https:\/\/www.purejewels.com\/tr\/wp-json\/wp\/v2\/product_brand?post=404941"},{"taxonomy":"product_cat","embeddable":true,"href":"https:\/\/www.purejewels.com\/tr\/wp-json\/wp\/v2\/product_cat?post=404941"},{"taxonomy":"product_tag","embeddable":true,"href":"https:\/\/www.purejewels.com\/tr\/wp-json\/wp\/v2\/product_tag?post=404941"}],"curies":[{"name":"wp","href":"https:\/\/api.w.org\/{rel}","templated":true}]}}