{"id":404964,"date":"2025-07-10T11:48:18","date_gmt":"2025-07-10T10:48:18","guid":{"rendered":"https:\/\/www.purejewels.com\/?post_type=product&#038;p=404964"},"modified":"2026-02-27T04:20:41","modified_gmt":"2026-02-27T04:20:41","slug":"pembe-altin-polki-cizgi-kupe-51259","status":"publish","type":"product","link":"https:\/\/www.purejewels.com\/tr\/product\/rose-gold-polki-line-earrings-51259\/","title":{"rendered":"Pembe Alt\u0131n Sentetik Polki K\u00fcpe"},"content":{"rendered":"<p>\u0130nce bir \u0131\u015f\u0131lt\u0131 ve zamans\u0131z bir zarafet i\u00e7in tasarlanan Rose Gold Polki Line K\u00fcpeler, 22 ayar pembe alt\u0131ndan \u00fcretilmi\u015ftir ve sadece 3,7 gram a\u011f\u0131rl\u0131\u011f\u0131ndad\u0131r. Her bir k\u00fcpe, zahmetsiz kullan\u0131m i\u00e7in klasik bal\u0131k kancas\u0131 ba\u011flant\u0131 par\u00e7alar\u0131ndan sarkan ince dikey bir s\u0131ra sentetik polki ta\u015f\u0131 sergiliyor. Minimalist siluet, ister bayram kombinleriyle birlikte ister g\u00fcnl\u00fck imza par\u00e7as\u0131 olarak tak\u0131ls\u0131n, zarif bir \u00e7ekicilik katar. Hafif ve \u00e7ok y\u00f6nl\u00fc olan bu \u00fcr\u00fcnler, geleneksel detaylar ile \u00e7a\u011fda\u015f \u00e7ekicili\u011fin m\u00fckemmel dengesini sunuyor.<\/p>","protected":false},"excerpt":{"rendered":"<p>Rose Gold Polki Line K\u00fcpeler, 22 ayar alt\u0131ndan \u00fcretilmi\u015f ve \u0131\u015f\u0131lt\u0131l\u0131 sentetik polki ta\u015flarla s\u00fcslenmi\u015f narin bir tek hat tasar\u0131m\u0131na sahiptir. G\u00fcnl\u00fck veya \u00f6zel g\u00fcnler i\u00e7in zarif bir se\u00e7im.<\/p>\n<ul>\n<li><strong>Malzeme:<\/strong>\u00a022 Ayar Alt\u0131n<\/li>\n<li><strong>Hallmark:\u00a0<\/strong>\u0130ngiliz Damgas\u0131<\/li>\n<li><strong>Br\u00fct A\u011f\u0131rl\u0131k: <\/strong>3.70 Gms<\/li>\n<li><strong>SKU: <\/strong>51259<\/li>\n<\/ul>\n<p><strong><br \/>\nFiyat ve Teslimat:\u00a0<\/strong>KDV ve teslimat \u00fccretleri dahil<br \/>\n<strong><a href=\"https:\/\/www.purejewels.com\/tr\/i%cc%87ade-poli%cc%87ti%cc%87kasi\/\">\u0130ade Politikas\u0131<\/a><\/strong><\/p>","protected":false},"featured_media":404969,"comment_status":"closed","ping_status":"closed","template":"","meta":{"_eb_attr":"","_crsspst_to_jayantr4sg-hostcom":false},"product_brand":[],"product_cat":[1791,1685,1254,1229,1573,1574],"product_tag":[],"class_list":{"0":"post-404964","1":"product","2":"type-product","3":"status-publish","4":"has-post-thumbnail","6":"product_cat-anniversary-gifts","7":"product_cat-drop-earrings","8":"product_cat-gold-earrings","9":"product_cat-22ct-gold-jewellery","10":"product_cat-wedding-gifts","11":"product_cat-womens-jewellery","13":"first","14":"onbackorder","15":"taxable","16":"shipping-taxable","17":"product-type-simple","18":"add-to-wishlist-before_image"},"yoast_head":"<!-- This site is optimized with the Yoast SEO plugin v27.3 - https:\/\/yoast.com\/product\/yoast-seo-wordpress\/ -->\n<title>Rose Gold Line Earrings in 22ct with Synthetic Polki<\/title>\n<meta name=\"description\" content=\"Elegant 22ct rose gold line earrings with synthetic polki stones. Lightweight and minimal\u2014perfect for daily wear or festive styling.\" \/>\n<meta name=\"robots\" content=\"index, follow, max-snippet:-1, max-image-preview:large, max-video-preview:-1\" \/>\n<link rel=\"canonical\" href=\"https:\/\/www.purejewels.com\/tr\/urun\/pembe-altin-polki-cizgi-kupe-51259\/\" \/>\n<meta property=\"og:locale\" content=\"tr_TR\" \/>\n<meta property=\"og:type\" content=\"article\" \/>\n<meta property=\"og:title\" content=\"Rose Gold Line Earrings in 22ct with Synthetic Polki\" \/>\n<meta property=\"og:description\" content=\"Elegant 22ct rose gold line earrings with synthetic polki stones. Lightweight and minimal\u2014perfect for daily wear or festive styling.\" \/>\n<meta property=\"og:url\" content=\"https:\/\/www.purejewels.com\/tr\/urun\/pembe-altin-polki-cizgi-kupe-51259\/\" \/>\n<meta property=\"og:site_name\" content=\"PureJewels UK\" \/>\n<meta property=\"article:modified_time\" content=\"2026-02-27T04:20:41+00:00\" \/>\n<meta property=\"og:image\" content=\"https:\/\/static.purejewels.com\/wp-content\/uploads\/2025\/07\/SKU-51259.1.jpg\" \/>\n\t<meta property=\"og:image:width\" content=\"1000\" \/>\n\t<meta property=\"og:image:height\" content=\"1000\" \/>\n\t<meta property=\"og:image:type\" content=\"image\/jpeg\" \/>\n<meta name=\"twitter:card\" content=\"summary_large_image\" \/>\n<meta name=\"twitter:label1\" content=\"Tahmini okuma s\u00fcresi\" \/>\n\t<meta name=\"twitter:data1\" content=\"1 dakika\" \/>\n<script type=\"application\/ld+json\" class=\"yoast-schema-graph\">{\"@context\":\"https:\\\/\\\/schema.org\",\"@graph\":[{\"@type\":[\"WebPage\",\"ItemPage\"],\"@id\":\"https:\\\/\\\/www.purejewels.com\\\/product\\\/rose-gold-polki-line-earrings-51259\\\/\",\"url\":\"https:\\\/\\\/www.purejewels.com\\\/product\\\/rose-gold-polki-line-earrings-51259\\\/\",\"name\":\"Rose Gold Line Earrings in 22ct with Synthetic Polki\",\"isPartOf\":{\"@id\":\"https:\\\/\\\/www.purejewels.com\\\/#website\"},\"primaryImageOfPage\":{\"@id\":\"https:\\\/\\\/www.purejewels.com\\\/product\\\/rose-gold-polki-line-earrings-51259\\\/#primaryimage\"},\"image\":{\"@id\":\"https:\\\/\\\/www.purejewels.com\\\/product\\\/rose-gold-polki-line-earrings-51259\\\/#primaryimage\"},\"thumbnailUrl\":\"https:\\\/\\\/static.purejewels.com\\\/wp-content\\\/uploads\\\/2025\\\/07\\\/SKU-51259.1.jpg\",\"datePublished\":\"2025-07-10T10:48:18+00:00\",\"dateModified\":\"2026-02-27T04:20:41+00:00\",\"description\":\"Elegant 22ct rose gold line earrings with synthetic polki stones. Lightweight and minimal\u2014perfect for daily wear or festive styling.\",\"breadcrumb\":{\"@id\":\"https:\\\/\\\/www.purejewels.com\\\/product\\\/rose-gold-polki-line-earrings-51259\\\/#breadcrumb\"},\"inLanguage\":\"tr\",\"potentialAction\":[{\"@type\":\"ReadAction\",\"target\":[\"https:\\\/\\\/www.purejewels.com\\\/product\\\/rose-gold-polki-line-earrings-51259\\\/\"]}]},{\"@type\":\"ImageObject\",\"inLanguage\":\"tr\",\"@id\":\"https:\\\/\\\/www.purejewels.com\\\/product\\\/rose-gold-polki-line-earrings-51259\\\/#primaryimage\",\"url\":\"https:\\\/\\\/static.purejewels.com\\\/wp-content\\\/uploads\\\/2025\\\/07\\\/SKU-51259.1.jpg\",\"contentUrl\":\"https:\\\/\\\/static.purejewels.com\\\/wp-content\\\/uploads\\\/2025\\\/07\\\/SKU-51259.1.jpg\",\"width\":1000,\"height\":1000,\"caption\":\"Rose Gold Polki Line Earrings\"},{\"@type\":\"BreadcrumbList\",\"@id\":\"https:\\\/\\\/www.purejewels.com\\\/product\\\/rose-gold-polki-line-earrings-51259\\\/#breadcrumb\",\"itemListElement\":[{\"@type\":\"ListItem\",\"position\":1,\"name\":\"Home\",\"item\":\"https:\\\/\\\/www.purejewels.com\\\/\"},{\"@type\":\"ListItem\",\"position\":2,\"name\":\"Shop\",\"item\":\"https:\\\/\\\/www.purejewels.com\\\/shop\\\/\"},{\"@type\":\"ListItem\",\"position\":3,\"name\":\"Rose Gold Synthetic Polki Earrings\"}]},{\"@type\":\"WebSite\",\"@id\":\"https:\\\/\\\/www.purejewels.com\\\/#website\",\"url\":\"https:\\\/\\\/www.purejewels.com\\\/\",\"name\":\"PureJewels UK\",\"description\":\"Share the Love\",\"publisher\":{\"@id\":\"https:\\\/\\\/www.purejewels.com\\\/#organization\"},\"potentialAction\":[{\"@type\":\"SearchAction\",\"target\":{\"@type\":\"EntryPoint\",\"urlTemplate\":\"https:\\\/\\\/www.purejewels.com\\\/?s={search_term_string}\"},\"query-input\":{\"@type\":\"PropertyValueSpecification\",\"valueRequired\":true,\"valueName\":\"search_term_string\"}}],\"inLanguage\":\"tr\"},{\"@type\":\"Organization\",\"@id\":\"https:\\\/\\\/www.purejewels.com\\\/#organization\",\"name\":\"PureJewels UK\",\"url\":\"https:\\\/\\\/www.purejewels.com\\\/\",\"logo\":{\"@type\":\"ImageObject\",\"inLanguage\":\"tr\",\"@id\":\"https:\\\/\\\/www.purejewels.com\\\/#\\\/schema\\\/logo\\\/image\\\/\",\"url\":\"https:\\\/\\\/static.purejewels.com\\\/wp-content\\\/uploads\\\/2020\\\/11\\\/Logo-PJ-New-1.png\",\"contentUrl\":\"https:\\\/\\\/static.purejewels.com\\\/wp-content\\\/uploads\\\/2020\\\/11\\\/Logo-PJ-New-1.png\",\"width\":150,\"height\":80,\"caption\":\"PureJewels UK\"},\"image\":{\"@id\":\"https:\\\/\\\/www.purejewels.com\\\/#\\\/schema\\\/logo\\\/image\\\/\"}}]}<\/script>\n<!-- \/ Yoast SEO plugin. -->","yoast_head_json":{"title":"Sentetik Polki ile 22 Ayar Pembe Alt\u0131n \u00c7izgi K\u00fcpe","description":"Sentetik polki ta\u015fl\u0131 zarif 22 ayar pembe alt\u0131n k\u00fcpe. Hafif ve minimal; g\u00fcnl\u00fck kullan\u0131m veya bayram stilleri i\u00e7in m\u00fckemmel.","robots":{"index":"index","follow":"follow","max-snippet":"max-snippet:-1","max-image-preview":"max-image-preview:large","max-video-preview":"max-video-preview:-1"},"canonical":"https:\/\/www.purejewels.com\/tr\/urun\/pembe-altin-polki-cizgi-kupe-51259\/","og_locale":"tr_TR","og_type":"article","og_title":"Rose Gold Line Earrings in 22ct with Synthetic Polki","og_description":"Elegant 22ct rose gold line earrings with synthetic polki stones. Lightweight and minimal\u2014perfect for daily wear or festive styling.","og_url":"https:\/\/www.purejewels.com\/tr\/urun\/pembe-altin-polki-cizgi-kupe-51259\/","og_site_name":"PureJewels UK","article_modified_time":"2026-02-27T04:20:41+00:00","og_image":[{"width":1000,"height":1000,"url":"https:\/\/static.purejewels.com\/wp-content\/uploads\/2025\/07\/SKU-51259.1.jpg","type":"image\/jpeg"}],"twitter_card":"summary_large_image","twitter_misc":{"Tahmini okuma s\u00fcresi":"1 dakika"},"schema":{"@context":"https:\/\/schema.org","@graph":[{"@type":["WebPage","ItemPage"],"@id":"https:\/\/www.purejewels.com\/product\/rose-gold-polki-line-earrings-51259\/","url":"https:\/\/www.purejewels.com\/product\/rose-gold-polki-line-earrings-51259\/","name":"Sentetik Polki ile 22 Ayar Pembe Alt\u0131n \u00c7izgi K\u00fcpe","isPartOf":{"@id":"https:\/\/www.purejewels.com\/#website"},"primaryImageOfPage":{"@id":"https:\/\/www.purejewels.com\/product\/rose-gold-polki-line-earrings-51259\/#primaryimage"},"image":{"@id":"https:\/\/www.purejewels.com\/product\/rose-gold-polki-line-earrings-51259\/#primaryimage"},"thumbnailUrl":"https:\/\/static.purejewels.com\/wp-content\/uploads\/2025\/07\/SKU-51259.1.jpg","datePublished":"2025-07-10T10:48:18+00:00","dateModified":"2026-02-27T04:20:41+00:00","description":"Sentetik polki ta\u015fl\u0131 zarif 22 ayar pembe alt\u0131n k\u00fcpe. Hafif ve minimal; g\u00fcnl\u00fck kullan\u0131m veya bayram stilleri i\u00e7in m\u00fckemmel.","breadcrumb":{"@id":"https:\/\/www.purejewels.com\/product\/rose-gold-polki-line-earrings-51259\/#breadcrumb"},"inLanguage":"tr","potentialAction":[{"@type":"ReadAction","target":["https:\/\/www.purejewels.com\/product\/rose-gold-polki-line-earrings-51259\/"]}]},{"@type":"ImageObject","inLanguage":"tr","@id":"https:\/\/www.purejewels.com\/product\/rose-gold-polki-line-earrings-51259\/#primaryimage","url":"https:\/\/static.purejewels.com\/wp-content\/uploads\/2025\/07\/SKU-51259.1.jpg","contentUrl":"https:\/\/static.purejewels.com\/wp-content\/uploads\/2025\/07\/SKU-51259.1.jpg","width":1000,"height":1000,"caption":"Rose Gold Polki Line Earrings"},{"@type":"BreadcrumbList","@id":"https:\/\/www.purejewels.com\/product\/rose-gold-polki-line-earrings-51259\/#breadcrumb","itemListElement":[{"@type":"ListItem","position":1,"name":"Home","item":"https:\/\/www.purejewels.com\/"},{"@type":"ListItem","position":2,"name":"Shop","item":"https:\/\/www.purejewels.com\/shop\/"},{"@type":"ListItem","position":3,"name":"Rose Gold Synthetic Polki Earrings"}]},{"@type":"WebSite","@id":"https:\/\/www.purejewels.com\/#website","url":"https:\/\/www.purejewels.com\/","name":"PureJewels \u0130ngiltere","description":"Sevgiyi Payla\u015f\u0131n","publisher":{"@id":"https:\/\/www.purejewels.com\/#organization"},"potentialAction":[{"@type":"SearchAction","target":{"@type":"EntryPoint","urlTemplate":"https:\/\/www.purejewels.com\/?s={search_term_string}"},"query-input":{"@type":"PropertyValueSpecification","valueRequired":true,"valueName":"search_term_string"}}],"inLanguage":"tr"},{"@type":"Organization","@id":"https:\/\/www.purejewels.com\/#organization","name":"PureJewels \u0130ngiltere","url":"https:\/\/www.purejewels.com\/","logo":{"@type":"ImageObject","inLanguage":"tr","@id":"https:\/\/www.purejewels.com\/#\/schema\/logo\/image\/","url":"https:\/\/static.purejewels.com\/wp-content\/uploads\/2020\/11\/Logo-PJ-New-1.png","contentUrl":"https:\/\/static.purejewels.com\/wp-content\/uploads\/2020\/11\/Logo-PJ-New-1.png","width":150,"height":80,"caption":"PureJewels UK"},"image":{"@id":"https:\/\/www.purejewels.com\/#\/schema\/logo\/image\/"}}]}},"_links":{"self":[{"href":"https:\/\/www.purejewels.com\/tr\/wp-json\/wp\/v2\/product\/404964","targetHints":{"allow":["GET"]}}],"collection":[{"href":"https:\/\/www.purejewels.com\/tr\/wp-json\/wp\/v2\/product"}],"about":[{"href":"https:\/\/www.purejewels.com\/tr\/wp-json\/wp\/v2\/types\/product"}],"replies":[{"embeddable":true,"href":"https:\/\/www.purejewels.com\/tr\/wp-json\/wp\/v2\/comments?post=404964"}],"version-history":[{"count":3,"href":"https:\/\/www.purejewels.com\/tr\/wp-json\/wp\/v2\/product\/404964\/revisions"}],"predecessor-version":[{"id":425907,"href":"https:\/\/www.purejewels.com\/tr\/wp-json\/wp\/v2\/product\/404964\/revisions\/425907"}],"wp:featuredmedia":[{"embeddable":true,"href":"https:\/\/www.purejewels.com\/tr\/wp-json\/wp\/v2\/media\/404969"}],"wp:attachment":[{"href":"https:\/\/www.purejewels.com\/tr\/wp-json\/wp\/v2\/media?parent=404964"}],"wp:term":[{"taxonomy":"product_brand","embeddable":true,"href":"https:\/\/www.purejewels.com\/tr\/wp-json\/wp\/v2\/product_brand?post=404964"},{"taxonomy":"product_cat","embeddable":true,"href":"https:\/\/www.purejewels.com\/tr\/wp-json\/wp\/v2\/product_cat?post=404964"},{"taxonomy":"product_tag","embeddable":true,"href":"https:\/\/www.purejewels.com\/tr\/wp-json\/wp\/v2\/product_tag?post=404964"}],"curies":[{"name":"wp","href":"https:\/\/api.w.org\/{rel}","templated":true}]}}