{"id":404975,"date":"2025-06-15T12:08:20","date_gmt":"2025-06-15T11:08:20","guid":{"rendered":"https:\/\/www.purejewels.com\/?post_type=product&#038;p=404975"},"modified":"2026-03-05T04:55:29","modified_gmt":"2026-03-05T04:55:29","slug":"radiant-bloom-elmas-kupe-51509","status":"publish","type":"product","link":"https:\/\/www.purejewels.com\/tr\/product\/radiant-bloom-diamond-earrings-51509\/","title":{"rendered":"Radiant Bloom P\u0131rlanta K\u00fcpe"},"content":{"rendered":"<p>Radiant Bloom P\u0131rlanta K\u00fcpe, zamans\u0131z tasar\u0131m\u0131 ve \u00e7a\u011fda\u015f detaylar\u0131 bir araya getiriyor. Rodyum kaplamal\u0131 18 ayar sar\u0131 alt\u0131ndan el i\u015f\u00e7ili\u011fiyle \u00fcretilen bu k\u00fcpeler, narin bir \u00e7i\u00e7ek motifine yerle\u015ftirilmi\u015f 0,24 ct yuvarlak kesim p\u0131rlantaya sahiptir. Sar\u0131 alt\u0131n ve rodyum kontrast\u0131 \u0131\u015f\u0131lt\u0131y\u0131 vurgularken, hafif tasar\u0131m\u0131 g\u00fcnl\u00fck \u015f\u0131kl\u0131k veya anlaml\u0131 hediyeler i\u00e7in idealdir. Bu k\u00fcpeler modern zarafet ve geleneksel cazibe aras\u0131nda m\u00fckemmel bir denge kurarak her durumda parlamak \u00fczere tasarlanm\u0131\u015ft\u0131r.<\/p>","protected":false},"excerpt":{"rendered":"<p data-start=\"446\" data-end=\"674\">Rodyum kaplama 18 ayar sar\u0131 alt\u0131ndan \u00fcretilen bu Radiant Bloom P\u0131rlanta K\u00fcpeler, zarif bir \u00e7i\u00e7ek formunda 0,24 ct p\u0131rlanta i\u00e7erir. G\u00fcnd\u00fczden ak\u015fama \u015f\u0131kl\u0131k i\u00e7in zarif bir aksesuar.<\/p>\n<p><strong>Malzeme:<\/strong> 18 Ayar Alt\u0131n<br \/>\n<strong>Hallmark:\u00a0<\/strong>\u0130ngiliz Damgas\u0131<strong><br \/>\n<\/strong><strong>Ta\u015f:\u00a0<\/strong>Do\u011fal Elmaslar<strong><br \/>\nElmas A\u011f\u0131rl\u0131\u011f\u0131: <\/strong>0,24 ct (toplam)<strong><br \/>\n<\/strong><strong>Br\u00fct A\u011f\u0131rl\u0131k:\u00a0 <\/strong>2,5 Gms<strong><br \/>\nSKU: <\/strong>51509<\/p>\n<p><strong>Fiyat ve Teslimat:\u00a0<\/strong>KDV ve teslimat \u00fccretleri dahil<strong><br \/>\n<a href=\"https:\/\/www.purejewels.com\/tr\/i%cc%87ade-poli%cc%87ti%cc%87kasi\/\">\u0130ade Politikas\u0131<\/a><\/strong><\/p>","protected":false},"featured_media":404976,"comment_status":"closed","ping_status":"closed","template":"","meta":{"_eb_attr":"","_crsspst_to_jayantr4sg-hostcom":false},"product_brand":[],"product_cat":[6086,5679,1559,1794,5458,5457,1793,1685,6190,1792,1790,1254,1229,1570,1569,1573,1574],"product_tag":[],"class_list":{"0":"post-404975","1":"product","2":"type-product","3":"status-publish","4":"has-post-thumbnail","6":"product_cat-18ct-gold-earring","7":"product_cat-18ct-gold-jewellery","8":"product_cat-birthday-gifts","9":"product_cat-christmas-gifts","10":"product_cat-diamond-earring","11":"product_cat-diamond-jewellery","12":"product_cat-diwali-gifts","13":"product_cat-drop-earrings","14":"product_cat-easter-jewellery","15":"product_cat-festival-gifts","16":"product_cat-for-whom-when","17":"product_cat-gold-earrings","18":"product_cat-22ct-gold-jewellery","19":"product_cat-mothers-day-gifts","20":"product_cat-valentine-day-gifts","21":"product_cat-wedding-gifts","22":"product_cat-womens-jewellery","24":"first","25":"instock","26":"taxable","27":"shipping-taxable","28":"purchasable","29":"product-type-simple","30":"add-to-wishlist-before_image"},"yoast_head":"<!-- This site is optimized with the Yoast SEO plugin v27.5 - https:\/\/yoast.com\/product\/yoast-seo-wordpress\/ -->\n<title>18ct Yellow Gold Radiant Bloom Diamond Earrings<\/title>\n<meta name=\"description\" content=\"Elegant 18ct yellow gold diamond earrings with 0.24ct of sparkle and a rhodium finish. A floral-inspired design for timeless everyday elegance.\" \/>\n<meta name=\"robots\" content=\"index, follow, max-snippet:-1, max-image-preview:large, max-video-preview:-1\" \/>\n<link rel=\"canonical\" href=\"https:\/\/www.purejewels.com\/tr\/urun\/radiant-bloom-elmas-kupe-51509\/\" \/>\n<meta property=\"og:locale\" content=\"tr_TR\" \/>\n<meta property=\"og:type\" content=\"article\" \/>\n<meta property=\"og:title\" content=\"18ct Yellow Gold Radiant Bloom Diamond Earrings\" \/>\n<meta property=\"og:description\" content=\"Elegant 18ct yellow gold diamond earrings with 0.24ct of sparkle and a rhodium finish. A floral-inspired design for timeless everyday elegance.\" \/>\n<meta property=\"og:url\" content=\"https:\/\/www.purejewels.com\/tr\/urun\/radiant-bloom-elmas-kupe-51509\/\" \/>\n<meta property=\"og:site_name\" content=\"PureJewels UK\" \/>\n<meta property=\"article:modified_time\" content=\"2026-03-05T04:55:29+00:00\" \/>\n<meta property=\"og:image\" content=\"https:\/\/static.purejewels.com\/wp-content\/uploads\/2025\/07\/51509.jpg\" \/>\n\t<meta property=\"og:image:width\" content=\"1000\" \/>\n\t<meta property=\"og:image:height\" content=\"1000\" \/>\n\t<meta property=\"og:image:type\" content=\"image\/jpeg\" \/>\n<meta name=\"twitter:card\" content=\"summary_large_image\" \/>\n<meta name=\"twitter:label1\" content=\"Tahmini okuma s\u00fcresi\" \/>\n\t<meta name=\"twitter:data1\" content=\"1 dakika\" \/>\n<script type=\"application\/ld+json\" class=\"yoast-schema-graph\">{\"@context\":\"https:\\\/\\\/schema.org\",\"@graph\":[{\"@type\":[\"WebPage\",\"ItemPage\"],\"@id\":\"https:\\\/\\\/www.purejewels.com\\\/product\\\/radiant-bloom-diamond-earrings-51509\\\/\",\"url\":\"https:\\\/\\\/www.purejewels.com\\\/product\\\/radiant-bloom-diamond-earrings-51509\\\/\",\"name\":\"18ct Yellow Gold Radiant Bloom Diamond Earrings\",\"isPartOf\":{\"@id\":\"https:\\\/\\\/www.purejewels.com\\\/#website\"},\"primaryImageOfPage\":{\"@id\":\"https:\\\/\\\/www.purejewels.com\\\/product\\\/radiant-bloom-diamond-earrings-51509\\\/#primaryimage\"},\"image\":{\"@id\":\"https:\\\/\\\/www.purejewels.com\\\/product\\\/radiant-bloom-diamond-earrings-51509\\\/#primaryimage\"},\"thumbnailUrl\":\"https:\\\/\\\/static.purejewels.com\\\/wp-content\\\/uploads\\\/2025\\\/07\\\/51509.jpg\",\"datePublished\":\"2025-06-15T11:08:20+00:00\",\"dateModified\":\"2026-03-05T04:55:29+00:00\",\"description\":\"Elegant 18ct yellow gold diamond earrings with 0.24ct of sparkle and a rhodium finish. A floral-inspired design for timeless everyday elegance.\",\"breadcrumb\":{\"@id\":\"https:\\\/\\\/www.purejewels.com\\\/product\\\/radiant-bloom-diamond-earrings-51509\\\/#breadcrumb\"},\"inLanguage\":\"tr\",\"potentialAction\":[{\"@type\":\"ReadAction\",\"target\":[\"https:\\\/\\\/www.purejewels.com\\\/product\\\/radiant-bloom-diamond-earrings-51509\\\/\"]}]},{\"@type\":\"ImageObject\",\"inLanguage\":\"tr\",\"@id\":\"https:\\\/\\\/www.purejewels.com\\\/product\\\/radiant-bloom-diamond-earrings-51509\\\/#primaryimage\",\"url\":\"https:\\\/\\\/static.purejewels.com\\\/wp-content\\\/uploads\\\/2025\\\/07\\\/51509.jpg\",\"contentUrl\":\"https:\\\/\\\/static.purejewels.com\\\/wp-content\\\/uploads\\\/2025\\\/07\\\/51509.jpg\",\"width\":1000,\"height\":1000,\"caption\":\"Radiant Bloom Diamond Earrings\"},{\"@type\":\"BreadcrumbList\",\"@id\":\"https:\\\/\\\/www.purejewels.com\\\/product\\\/radiant-bloom-diamond-earrings-51509\\\/#breadcrumb\",\"itemListElement\":[{\"@type\":\"ListItem\",\"position\":1,\"name\":\"Home\",\"item\":\"https:\\\/\\\/www.purejewels.com\\\/\"},{\"@type\":\"ListItem\",\"position\":2,\"name\":\"Shop\",\"item\":\"https:\\\/\\\/www.purejewels.com\\\/shop\\\/\"},{\"@type\":\"ListItem\",\"position\":3,\"name\":\"Radiant Bloom Diamond Earrings\"}]},{\"@type\":\"WebSite\",\"@id\":\"https:\\\/\\\/www.purejewels.com\\\/#website\",\"url\":\"https:\\\/\\\/www.purejewels.com\\\/\",\"name\":\"PureJewels UK\",\"description\":\"Share the Love\",\"publisher\":{\"@id\":\"https:\\\/\\\/www.purejewels.com\\\/#organization\"},\"potentialAction\":[{\"@type\":\"SearchAction\",\"target\":{\"@type\":\"EntryPoint\",\"urlTemplate\":\"https:\\\/\\\/www.purejewels.com\\\/?s={search_term_string}\"},\"query-input\":{\"@type\":\"PropertyValueSpecification\",\"valueRequired\":true,\"valueName\":\"search_term_string\"}}],\"inLanguage\":\"tr\"},{\"@type\":\"Organization\",\"@id\":\"https:\\\/\\\/www.purejewels.com\\\/#organization\",\"name\":\"PureJewels UK\",\"url\":\"https:\\\/\\\/www.purejewels.com\\\/\",\"logo\":{\"@type\":\"ImageObject\",\"inLanguage\":\"tr\",\"@id\":\"https:\\\/\\\/www.purejewels.com\\\/#\\\/schema\\\/logo\\\/image\\\/\",\"url\":\"https:\\\/\\\/static.purejewels.com\\\/wp-content\\\/uploads\\\/2020\\\/11\\\/Logo-PJ-New-1.png\",\"contentUrl\":\"https:\\\/\\\/static.purejewels.com\\\/wp-content\\\/uploads\\\/2020\\\/11\\\/Logo-PJ-New-1.png\",\"width\":150,\"height\":80,\"caption\":\"PureJewels UK\"},\"image\":{\"@id\":\"https:\\\/\\\/www.purejewels.com\\\/#\\\/schema\\\/logo\\\/image\\\/\"}}]}<\/script>\n<!-- \/ Yoast SEO plugin. -->","yoast_head_json":{"title":"18 Ayar Sar\u0131 Alt\u0131n Radiant Bloom P\u0131rlanta K\u00fcpe","description":"0,24 ct \u0131\u015f\u0131lt\u0131l\u0131 ve rodyum kaplamal\u0131 zarif 18 ayar sar\u0131 alt\u0131n p\u0131rlanta k\u00fcpe. Zamans\u0131z g\u00fcnl\u00fck \u015f\u0131kl\u0131k i\u00e7in \u00e7i\u00e7eklerden ilham alan bir tasar\u0131m.","robots":{"index":"index","follow":"follow","max-snippet":"max-snippet:-1","max-image-preview":"max-image-preview:large","max-video-preview":"max-video-preview:-1"},"canonical":"https:\/\/www.purejewels.com\/tr\/urun\/radiant-bloom-elmas-kupe-51509\/","og_locale":"tr_TR","og_type":"article","og_title":"18ct Yellow Gold Radiant Bloom Diamond Earrings","og_description":"Elegant 18ct yellow gold diamond earrings with 0.24ct of sparkle and a rhodium finish. A floral-inspired design for timeless everyday elegance.","og_url":"https:\/\/www.purejewels.com\/tr\/urun\/radiant-bloom-elmas-kupe-51509\/","og_site_name":"PureJewels UK","article_modified_time":"2026-03-05T04:55:29+00:00","og_image":[{"width":1000,"height":1000,"url":"https:\/\/static.purejewels.com\/wp-content\/uploads\/2025\/07\/51509.jpg","type":"image\/jpeg"}],"twitter_card":"summary_large_image","twitter_misc":{"Tahmini okuma s\u00fcresi":"1 dakika"},"schema":{"@context":"https:\/\/schema.org","@graph":[{"@type":["WebPage","ItemPage"],"@id":"https:\/\/www.purejewels.com\/product\/radiant-bloom-diamond-earrings-51509\/","url":"https:\/\/www.purejewels.com\/product\/radiant-bloom-diamond-earrings-51509\/","name":"18 Ayar Sar\u0131 Alt\u0131n Radiant Bloom P\u0131rlanta K\u00fcpe","isPartOf":{"@id":"https:\/\/www.purejewels.com\/#website"},"primaryImageOfPage":{"@id":"https:\/\/www.purejewels.com\/product\/radiant-bloom-diamond-earrings-51509\/#primaryimage"},"image":{"@id":"https:\/\/www.purejewels.com\/product\/radiant-bloom-diamond-earrings-51509\/#primaryimage"},"thumbnailUrl":"https:\/\/static.purejewels.com\/wp-content\/uploads\/2025\/07\/51509.jpg","datePublished":"2025-06-15T11:08:20+00:00","dateModified":"2026-03-05T04:55:29+00:00","description":"0,24 ct \u0131\u015f\u0131lt\u0131l\u0131 ve rodyum kaplamal\u0131 zarif 18 ayar sar\u0131 alt\u0131n p\u0131rlanta k\u00fcpe. Zamans\u0131z g\u00fcnl\u00fck \u015f\u0131kl\u0131k i\u00e7in \u00e7i\u00e7eklerden ilham alan bir tasar\u0131m.","breadcrumb":{"@id":"https:\/\/www.purejewels.com\/product\/radiant-bloom-diamond-earrings-51509\/#breadcrumb"},"inLanguage":"tr","potentialAction":[{"@type":"ReadAction","target":["https:\/\/www.purejewels.com\/product\/radiant-bloom-diamond-earrings-51509\/"]}]},{"@type":"ImageObject","inLanguage":"tr","@id":"https:\/\/www.purejewels.com\/product\/radiant-bloom-diamond-earrings-51509\/#primaryimage","url":"https:\/\/static.purejewels.com\/wp-content\/uploads\/2025\/07\/51509.jpg","contentUrl":"https:\/\/static.purejewels.com\/wp-content\/uploads\/2025\/07\/51509.jpg","width":1000,"height":1000,"caption":"Radiant Bloom Diamond Earrings"},{"@type":"BreadcrumbList","@id":"https:\/\/www.purejewels.com\/product\/radiant-bloom-diamond-earrings-51509\/#breadcrumb","itemListElement":[{"@type":"ListItem","position":1,"name":"Home","item":"https:\/\/www.purejewels.com\/"},{"@type":"ListItem","position":2,"name":"Shop","item":"https:\/\/www.purejewels.com\/shop\/"},{"@type":"ListItem","position":3,"name":"Radiant Bloom Diamond Earrings"}]},{"@type":"WebSite","@id":"https:\/\/www.purejewels.com\/#website","url":"https:\/\/www.purejewels.com\/","name":"PureJewels \u0130ngiltere","description":"Sevgiyi Payla\u015f\u0131n","publisher":{"@id":"https:\/\/www.purejewels.com\/#organization"},"potentialAction":[{"@type":"SearchAction","target":{"@type":"EntryPoint","urlTemplate":"https:\/\/www.purejewels.com\/?s={search_term_string}"},"query-input":{"@type":"PropertyValueSpecification","valueRequired":true,"valueName":"search_term_string"}}],"inLanguage":"tr"},{"@type":"Organization","@id":"https:\/\/www.purejewels.com\/#organization","name":"PureJewels \u0130ngiltere","url":"https:\/\/www.purejewels.com\/","logo":{"@type":"ImageObject","inLanguage":"tr","@id":"https:\/\/www.purejewels.com\/#\/schema\/logo\/image\/","url":"https:\/\/static.purejewels.com\/wp-content\/uploads\/2020\/11\/Logo-PJ-New-1.png","contentUrl":"https:\/\/static.purejewels.com\/wp-content\/uploads\/2020\/11\/Logo-PJ-New-1.png","width":150,"height":80,"caption":"PureJewels UK"},"image":{"@id":"https:\/\/www.purejewels.com\/#\/schema\/logo\/image\/"}}]}},"_links":{"self":[{"href":"https:\/\/www.purejewels.com\/tr\/wp-json\/wp\/v2\/product\/404975","targetHints":{"allow":["GET"]}}],"collection":[{"href":"https:\/\/www.purejewels.com\/tr\/wp-json\/wp\/v2\/product"}],"about":[{"href":"https:\/\/www.purejewels.com\/tr\/wp-json\/wp\/v2\/types\/product"}],"replies":[{"embeddable":true,"href":"https:\/\/www.purejewels.com\/tr\/wp-json\/wp\/v2\/comments?post=404975"}],"version-history":[{"count":2,"href":"https:\/\/www.purejewels.com\/tr\/wp-json\/wp\/v2\/product\/404975\/revisions"}],"predecessor-version":[{"id":404996,"href":"https:\/\/www.purejewels.com\/tr\/wp-json\/wp\/v2\/product\/404975\/revisions\/404996"}],"wp:featuredmedia":[{"embeddable":true,"href":"https:\/\/www.purejewels.com\/tr\/wp-json\/wp\/v2\/media\/404976"}],"wp:attachment":[{"href":"https:\/\/www.purejewels.com\/tr\/wp-json\/wp\/v2\/media?parent=404975"}],"wp:term":[{"taxonomy":"product_brand","embeddable":true,"href":"https:\/\/www.purejewels.com\/tr\/wp-json\/wp\/v2\/product_brand?post=404975"},{"taxonomy":"product_cat","embeddable":true,"href":"https:\/\/www.purejewels.com\/tr\/wp-json\/wp\/v2\/product_cat?post=404975"},{"taxonomy":"product_tag","embeddable":true,"href":"https:\/\/www.purejewels.com\/tr\/wp-json\/wp\/v2\/product_tag?post=404975"}],"curies":[{"name":"wp","href":"https:\/\/api.w.org\/{rel}","templated":true}]}}